{"id":7417,"date":"2022-08-26T23:18:15","date_gmt":"2022-08-26T21:18:15","guid":{"rendered":"https:\/\/weather-radar-live.com\/?page_id=7417"},"modified":"2022-08-26T23:19:55","modified_gmt":"2022-08-26T21:19:55","slug":"webbkamera-madonna-di-campiglio","status":"publish","type":"page","link":"https:\/\/weather-radar-live.com\/sv\/webbkamera\/italien\/webbkamera-madonna-di-campiglio\/","title":{"rendered":"Webbkamera Madonna di Campiglio"},"content":{"rendered":"<div id=\"weath-40045804\" class=\"weath-vor-dem-inhalt weath-entity-placement\" style=\"margin-top: 15px;margin-right: 25px;margin-bottom: 40px;margin-left: 25px;\"><script async src=\"\/\/pagead2.googlesyndication.com\/pagead\/js\/adsbygoogle.js?client=ca-pub-8960936133935804\" crossorigin=\"anonymous\"><\/script><ins class=\"adsbygoogle\" style=\"display:block;\" data-ad-client=\"ca-pub-8960936133935804\" \ndata-ad-slot=\"6172817020\" \ndata-ad-format=\"auto\"><\/ins>\n<script> \n(adsbygoogle = window.adsbygoogle || []).push({}); \n<\/script>\n<\/div>\n<div class=\"wp-block-cover alignfull is-light\"><span aria-hidden=\"true\" class=\"wp-block-cover__gradient-background has-background-dim\"><\/span><img decoding=\"async\" class=\"wp-block-cover__image-background wp-image-342\" alt=\"Webbkamera Madonna di Campiglio\" src=\"https:\/\/weather-radar-live.com\/wp-content\/uploads\/2021\/06\/sam-schooler-E9aetBe2w40-unsplash-e1622554814366.jpg\" data-object-fit=\"cover\"\/><div class=\"wp-block-cover__inner-container is-layout-flow wp-block-cover-is-layout-flow\">\n<h2 class=\"has-text-align-center heading wp-block-heading\" id=\"webcam-fort-mahon\" style=\"font-size:40px;text-transform:uppercase\"><strong><mark style=\"background-color:rgba(0, 0, 0, 0)\" class=\"has-inline-color has-base-3-color\">WEBBKAMERA <\/mark><\/strong><br><strong><mark style=\"background-color:rgba(0, 0, 0, 0)\" class=\"has-inline-color has-base-3-color\">MADONNA DI CAMPIGLIO<\/mark><\/strong><\/h2>\n<\/div><\/div>\n\n\n<div class=\"yoast-breadcrumbs\"><span><span><a href=\"https:\/\/weather-radar-live.com\/sv\/\">Weather Radar Live<\/a><\/span> \u00bb <span><a href=\"https:\/\/weather-radar-live.com\/sv\/webbkamera\/\">Webbkamera<\/a><\/span> \u00bb <span><a href=\"https:\/\/weather-radar-live.com\/sv\/webbkamera\/italien\/\">Italien<\/a><\/span> \u00bb <span class=\"breadcrumb_last\" aria-current=\"page\"><strong>Webbkamera Madonna di Campiglio<\/strong><\/span><\/span><\/div>\n\n\n<h2 class=\"has-text-align-center wp-block-heading\" id=\"webcam-fort-mahon\"><strong>Webbkamera Madonna di Campiglio<\/strong><\/h2>\n\n\n\n<p>Staden Madonna di Campiglio ligger 60 km norrut fr\u00e5n Gardasj\u00f6n och 30 km nordv\u00e4st fr\u00e5n Trento. Mellan Brentagruppen och den glaci\u00e4rt\u00e4ckta Adamello-Presanellagruppen ligger den italienska staden i den pittoreska dalbass\u00e4ngen som skyddas fr\u00e5n nordvinden p\u00e5 1 550 meters h\u00f6jd. F\u00f6rdjupa dig i stadens hisnande bergslandskap med v\u00e5r webbkamera Madonna di Campiglio och \u00f6vertyga dig sj\u00e4lv om det dr\u00f6mlika panoramat.<\/p>\n\n\n\n<p>Tack vare sitt unika l\u00e4ge mitt i Brenta Dolomiterna, som har f\u00f6rklarats som ett av Unescos v\u00e4rldsarv, kallas Madonna di Campiglio ocks\u00e5 ofta f\u00f6r Dolomiternas p\u00e4rla. G\u00f6r en resa till UNESCO:s Brenta Dolomiterna och l\u00e5t dig f\u00f6rtrollas av den unika floran och faunan mitt i ett vackert bergslandskap.<\/p><div id=\"weath-897416909\" class=\"weath-inhalt_2 weath-entity-placement\" style=\"margin-top: 15px;margin-right: 25px;margin-bottom: 35px;margin-left: 25px;\"><script async src=\"\/\/pagead2.googlesyndication.com\/pagead\/js\/adsbygoogle.js?client=ca-pub-8960936133935804\" crossorigin=\"anonymous\"><\/script><ins class=\"adsbygoogle\" style=\"display:block;\" data-ad-client=\"ca-pub-8960936133935804\" \ndata-ad-slot=\"1963584050\" \ndata-ad-format=\"auto\"><\/ins>\n<script> \n(adsbygoogle = window.adsbygoogle || []).push({}); \n<\/script>\n<\/div>\n\n\n\n<div class=\"wp-block-columns is-layout-flex wp-container-core-columns-is-layout-9d6595d7 wp-block-columns-is-layout-flex\">\n<div class=\"wp-block-column webcam-column is-layout-flow wp-block-column-is-layout-flow\">\n<h3 class=\"has-text-align-center wp-block-heading\"> \ud83d\udd34 <strong>Webbkamera<\/strong> <strong><strong><strong>Madonna di Campiglio<\/strong><\/strong><\/strong> &#8211; Passo Grost\u00e8<\/h3>\n\n\n\n<a name=\"windy-webcam-timelapse-player\" data-id=\"1450743056\" data-play=\"day\" href=\"https:\/\/windy.com\/webcams\/1450743056\" target=\"_blank\" rel=\"noopener\">Madonna di Campiglio: Grost\u00e8 stollift &#8211; dalstation, Dolomiti di Brenta<\/a><script async=\"\" type=\"text\/javascript\" src=\"https:\/\/webcams.windy.com\/webcams\/public\/embed\/script\/player.js\"><\/script>\n<\/div>\n\n\n\n<div class=\"wp-block-column webcam-column is-layout-flow wp-block-column-is-layout-flow\">\n<h3 class=\"has-text-align-center wp-block-heading\"> \ud83d\udd34 <strong>Webbkamera Madonna di Campiglio<\/strong> &#8211; dalstation<\/h3>\n\n\n\n<a name=\"windy-webcam-timelapse-player\" data-id=\"1452643909\" data-play=\"day\" href=\"https:\/\/windy.com\/webcams\/1452643909\" target=\"_blank\" rel=\"noopener\">Madonna di Campiglio: Grost\u00e8 stollift &#8211; dalstation<\/a><script async=\"\" type=\"text\/javascript\" src=\"https:\/\/webcams.windy.com\/webcams\/public\/embed\/script\/player.js\"><\/script>\n<\/div>\n<\/div>\n\n\n\n<div class=\"wp-block-columns is-layout-flex wp-container-core-columns-is-layout-9d6595d7 wp-block-columns-is-layout-flex\">\n<div class=\"wp-block-column webcam-column is-layout-flow wp-block-column-is-layout-flow\">\n<h3 class=\"has-text-align-center wp-block-heading\"> \ud83d\udd34 <strong>Webbkamera<\/strong> <strong><strong><strong>Madonna di Campiglio<\/strong><\/strong><\/strong> &#8211; Rifugio Graffer<\/h3>\n\n\n\n<a name=\"windy-webcam-timelapse-player\" data-id=\"1447891873\" data-play=\"day\" href=\"https:\/\/windy.com\/webcams\/1447891873\" target=\"_blank\" rel=\"noopener\">Madonna di Campiglio: Grost\u00e8 stollift &#8211; dalstation, Rifugio Graffer<\/a><script async=\"\" type=\"text\/javascript\" src=\"https:\/\/webcams.windy.com\/webcams\/public\/embed\/script\/player.js\"><\/script>\n<\/div>\n\n\n\n<div class=\"wp-block-column webcam-column is-layout-flow wp-block-column-is-layout-flow\">\n<h3 class=\"has-text-align-center wp-block-heading\"> \ud83d\udd34 <strong>Webbkamera Madonna di Campiglio<\/strong> &#8211; Groste<\/h3>\n\n\n\n<a name=\"windy-webcam-timelapse-player\" data-id=\"1592498103\" data-play=\"day\" href=\"https:\/\/windy.com\/webcams\/1592498103\" target=\"_blank\" rel=\"noopener\">Tre Ville: Madonna di Campiglio &#8211; Groste<\/a><script async=\"\" type=\"text\/javascript\" src=\"https:\/\/webcams.windy.com\/webcams\/public\/embed\/script\/player.js\"><\/script>\n<\/div>\n<\/div>\n\n\n\n<div class=\"wp-block-columns is-layout-flex wp-container-core-columns-is-layout-9d6595d7 wp-block-columns-is-layout-flex\">\n<div class=\"wp-block-column is-layout-flow wp-block-column-is-layout-flow\" style=\"flex-basis:25%\"><\/div>\n\n\n\n<div class=\"wp-block-column webcam-column is-layout-flow wp-block-column-is-layout-flow\">\n<h3 class=\"has-text-align-center wp-block-heading\"> \ud83d\udd34 <strong>Webbkamera <strong><strong><strong>Madonna di Campiglio<\/strong><\/strong><\/strong><\/strong> &#8211; Snowpark<\/h3>\n\n\n\n<a name=\"windy-webcam-timelapse-player\" data-id=\"1320675976\" data-play=\"day\" href=\"https:\/\/windy.com\/webcams\/1320675976\" target=\"_blank\" rel=\"noopener\">Pinzolo: Snowpark Madonna di Campiglio<\/a><script async=\"\" type=\"text\/javascript\" src=\"https:\/\/webcams.windy.com\/webcams\/public\/embed\/script\/player.js\"><\/script>\n<\/div>\n\n\n\n<div class=\"wp-block-column is-layout-flow wp-block-column-is-layout-flow\" style=\"flex-basis:25%\"><\/div>\n<\/div>\n\n\n\n<h2 class=\"wp-block-heading\" id=\"fort-mahon-today\"><strong>V\u00e4derradar Madonna di Campiglio &#8211; V\u00e4dret i Madonna di Campiglio<\/strong><\/h2>\n\n\n\n<p>Med v\u00e5r webbkamera Madonna di Campiglio f\u00e5r du information i realtid om det aktuella v\u00e4dret p\u00e5 plats. Livebilderna fr\u00e5n v\u00e5ra webbkameror kompletteras av v\u00e5r v\u00e4derradar, som ger dig ytterligare information om den aktuella v\u00e4derprognosen och nederb\u00f6rdsomr\u00e5den. Alla nederb\u00f6rdsomr\u00e5den \u00e4r markerade i olika f\u00e4rger beroende p\u00e5 deras intensitet. Bl\u00e5 och gr\u00f6na omr\u00e5den indikerar l\u00e5g nederb\u00f6rd, medan lila och r\u00f6da omr\u00e5den st\u00e5r f\u00f6r kraftig nederb\u00f6rd med eventuell stormpotential. Dessutom visar v\u00e4derradaren dig alla \u00e5skv\u00e4der med sm\u00e5 blixtsymboler. S\u00e5 med v\u00e5r v\u00e4derradar och v\u00e5ra webbkameror vet du alltid det b\u00e4sta om det aktuella v\u00e4dret i Madonna di Campiglio.<\/p>\n\n\n\n<div class=\"wp-block-columns is-layout-flex wp-container-core-columns-is-layout-9d6595d7 wp-block-columns-is-layout-flex\">\n<div class=\"wp-block-column is-layout-flow wp-block-column-is-layout-flow\" style=\"flex-basis:75%\">\n<iframe loading=\"lazy\" width=\"1300\" height=\"502\" src=\"https:\/\/embed.windy.com\/embed2.html?lat=46.219&amp;lon=10.785&amp;detailLat=46.219&amp;detailLon=10.785&amp;width=1300&amp;height=502&amp;zoom=11&amp;level=surface&amp;overlay=rain&amp;product=ecmwf&amp;menu=&amp;message=&amp;marker=&amp;calendar=now&amp;pressure=&amp;type=map&amp;location=coordinates&amp;detail=&amp;metricWind=default&amp;metricTemp=default&amp;radarRange=-1\" frameborder=\"0\"><\/iframe>\n<\/div>\n\n\n\n<div class=\"wp-block-column is-layout-flow wp-block-column-is-layout-flow\" style=\"flex-basis:25%\">\n<a class=\"weatherwidget-io\" href=\"https:\/\/forecast7.com\/sv\/46d2310d83\/madonna-di-campiglio\/\" data-label_1=\"MADONNA DI CAMPIGLIO\" data-theme=\"original\" >MADONNA DI CAMPIGLIO<\/a>\n<script>\n!function(d,s,id){var js,fjs=d.getElementsByTagName(s)[0];if(!d.getElementById(id)){js=d.createElement(s);js.id=id;js.src='https:\/\/weatherwidget.io\/js\/widget.min.js';fjs.parentNode.insertBefore(js,fjs);}}(document,'script','weatherwidget-io-js');\n<\/script>\n<\/div>\n<\/div>\n\n\n\n<h2 class=\"wp-block-heading\" id=\"fort-mahon-weather\"><strong>Klimatet i Madonna di Campiglio<\/strong><\/h2>\n\n\n\n<p>Madonna di Campiglio k\u00e4nnetecknas av ett kontinentalt klimat med en genomsnittlig \u00e5rstemperatur p\u00e5 9 \u00b0C. Under sommarm\u00e5naderna blir det behagligt varmt, med en genomsnittlig h\u00f6gsta temperatur p\u00e5 20 \u00b0C i juli. Vinterm\u00e5naderna \u00e4r d\u00e4remot kalla, med temperaturer h\u00e4r som sjunker till i genomsnitt -1 \u00b0C i januari. Nederb\u00f6rden \u00e4r cirka 731 mm per \u00e5r, med m\u00e5naderna juni-september med den l\u00e4gsta nederb\u00f6rden. Eftersom det dessutom \u00e4r mycket milt och behagligt under denna period \u00e4r detta den b\u00e4sta tiden att resa.<\/p>\n\n\n\n<h2 class=\"wp-block-heading\"><strong>Sev\u00e4rdheter i Madonna di Campiglio<\/strong><\/h2>\n\n\n\n<p>Tack vare sina m\u00e5nga vintersportanl\u00e4ggningar \u00e4r Madonna di Campiglio en popul\u00e4r semesterort f\u00f6r alla vintersportentusiaster. Trentino-regionens st\u00f6rsta skidomr\u00e5de v\u00e4ntar p\u00e5 dig mitt i de magnifika Brenta Dolomiterna. Du f\u00e5r en of\u00f6rgl\u00f6mlig utsikt med panoramablibanan Pinzolo-Camiglio-Expressen, som f\u00f6rbinder skidomr\u00e5dena i Madonna di Campiglio med de n\u00e4rliggande skidbackarna i Pinzolo och Folgarida-Marilleva. Se fram emot 100 v\u00e4lpreparerade backar med en l\u00e4ngd p\u00e5 \u00f6ver 150 km, samt fem sn\u00f6parker som lovar dig en of\u00f6rgl\u00f6mlig vintersemester i sn\u00f6n. Men \u00e4ven p\u00e5 sommaren har Madonna di Campiglio allt att erbjuda som idrottsut\u00f6varens hj\u00e4rta \u00f6nskar. Njut av det fantastiska bergspanoramat p\u00e5 de m\u00e5nga vandringslederna och mountainbikelinjerna eller utmana sp\u00e4nningen med sk\u00e4rmflygning och forsr\u00e4nning.<\/p>\n","protected":false},"excerpt":{"rendered":"<p>Webbkamera Madonna di Campiglio Staden Madonna di Campiglio ligger 60 km norrut fr\u00e5n Gardasj\u00f6n och 30 km nordv\u00e4st fr\u00e5n Trento. Mellan Brentagruppen och den glaci\u00e4rt\u00e4ckta Adamello-Presanellagruppen ligger den italienska staden i den pittoreska dalbass\u00e4ngen som skyddas fr\u00e5n nordvinden p\u00e5 1 550 meters h\u00f6jd. F\u00f6rdjupa dig i stadens hisnande bergslandskap med v\u00e5r webbkamera Madonna di Campiglio &#8230; <a title=\"Webbkamera Madonna di Campiglio\" class=\"read-more\" href=\"https:\/\/weather-radar-live.com\/sv\/webbkamera\/italien\/webbkamera-madonna-di-campiglio\/\" aria-label=\"L\u00e4s mer om Webbkamera Madonna di Campiglio\">L\u00e4s mer<\/a><\/p>\n","protected":false},"author":1,"featured_media":7407,"parent":4314,"menu_order":0,"comment_status":"closed","ping_status":"closed","template":"","meta":{"footnotes":""},"class_list":["post-7417","page","type-page","status-publish","has-post-thumbnail"],"yoast_head":"<!-- This site is optimized with the Yoast SEO plugin v27.5 - https:\/\/yoast.com\/product\/yoast-seo-wordpress\/ -->\n<title>Webbkamera Madonna di Campiglio \u2192 Se det live!<\/title>\n<meta name=\"description\" content=\"Webbkamera Madonna di Campiglio | Livekamera fr\u00e5n Madonna di Campiglio! \u2705 Uppdaterad f\u00f6r dig i realtid! \u2705 Aktuell v\u00e4derprognos!\" \/>\n<meta name=\"robots\" content=\"index, follow, max-snippet:-1, max-image-preview:large, max-video-preview:-1\" \/>\n<link rel=\"canonical\" href=\"https:\/\/weather-radar-live.com\/sv\/webbkamera\/italien\/webbkamera-madonna-di-campiglio\/\" \/>\n<meta property=\"og:locale\" content=\"sv_SE\" \/>\n<meta property=\"og:type\" content=\"article\" \/>\n<meta property=\"og:title\" content=\"Webbkamera Madonna di Campiglio \u2192 Se det live!\" \/>\n<meta property=\"og:description\" content=\"Webbkamera Madonna di Campiglio | Livekamera fr\u00e5n Madonna di Campiglio! \u2705 Uppdaterad f\u00f6r dig i realtid! \u2705 Aktuell v\u00e4derprognos!\" \/>\n<meta property=\"og:url\" content=\"https:\/\/weather-radar-live.com\/sv\/webbkamera\/italien\/webbkamera-madonna-di-campiglio\/\" \/>\n<meta property=\"og:site_name\" content=\"weather-radar-live.com\" \/>\n<meta property=\"article:modified_time\" content=\"2022-08-26T21:19:55+00:00\" \/>\n<meta property=\"og:image\" content=\"https:\/\/weather-radar-live.com\/wp-content\/uploads\/2022\/08\/Webcam-Madonna-di-Campiglio-e1661500782182.jpg\" \/>\n\t<meta property=\"og:image:width\" content=\"1908\" \/>\n\t<meta property=\"og:image:height\" content=\"722\" \/>\n\t<meta property=\"og:image:type\" content=\"image\/jpeg\" \/>\n<meta name=\"twitter:card\" content=\"summary_large_image\" \/>\n<meta name=\"twitter:label1\" content=\"Ber\u00e4knad l\u00e4stid\" \/>\n\t<meta name=\"twitter:data1\" content=\"3 minuter\" \/>\n<script type=\"application\/ld+json\" class=\"yoast-schema-graph\">{\"@context\":\"https:\\\/\\\/schema.org\",\"@graph\":[{\"@type\":\"WebPage\",\"@id\":\"https:\\\/\\\/weather-radar-live.com\\\/sv\\\/webbkamera\\\/italien\\\/webbkamera-madonna-di-campiglio\\\/\",\"url\":\"https:\\\/\\\/weather-radar-live.com\\\/sv\\\/webbkamera\\\/italien\\\/webbkamera-madonna-di-campiglio\\\/\",\"name\":\"Webbkamera Madonna di Campiglio \u2192 Se det live!\",\"isPartOf\":{\"@id\":\"https:\\\/\\\/weather-radar-live.com\\\/#website\"},\"primaryImageOfPage\":{\"@id\":\"https:\\\/\\\/weather-radar-live.com\\\/sv\\\/webbkamera\\\/italien\\\/webbkamera-madonna-di-campiglio\\\/#primaryimage\"},\"image\":{\"@id\":\"https:\\\/\\\/weather-radar-live.com\\\/sv\\\/webbkamera\\\/italien\\\/webbkamera-madonna-di-campiglio\\\/#primaryimage\"},\"thumbnailUrl\":\"https:\\\/\\\/weather-radar-live.com\\\/wp-content\\\/uploads\\\/2022\\\/08\\\/Webcam-Madonna-di-Campiglio-e1661500782182.jpg\",\"datePublished\":\"2022-08-26T21:18:15+00:00\",\"dateModified\":\"2022-08-26T21:19:55+00:00\",\"description\":\"Webbkamera Madonna di Campiglio | Livekamera fr\u00e5n Madonna di Campiglio! \u2705 Uppdaterad f\u00f6r dig i realtid! \u2705 Aktuell v\u00e4derprognos!\",\"breadcrumb\":{\"@id\":\"https:\\\/\\\/weather-radar-live.com\\\/sv\\\/webbkamera\\\/italien\\\/webbkamera-madonna-di-campiglio\\\/#breadcrumb\"},\"inLanguage\":\"sv-SE\",\"potentialAction\":[{\"@type\":\"ReadAction\",\"target\":[\"https:\\\/\\\/weather-radar-live.com\\\/sv\\\/webbkamera\\\/italien\\\/webbkamera-madonna-di-campiglio\\\/\"]}]},{\"@type\":\"ImageObject\",\"inLanguage\":\"sv-SE\",\"@id\":\"https:\\\/\\\/weather-radar-live.com\\\/sv\\\/webbkamera\\\/italien\\\/webbkamera-madonna-di-campiglio\\\/#primaryimage\",\"url\":\"https:\\\/\\\/weather-radar-live.com\\\/wp-content\\\/uploads\\\/2022\\\/08\\\/Webcam-Madonna-di-Campiglio-e1661500782182.jpg\",\"contentUrl\":\"https:\\\/\\\/weather-radar-live.com\\\/wp-content\\\/uploads\\\/2022\\\/08\\\/Webcam-Madonna-di-Campiglio-e1661500782182.jpg\",\"width\":1908,\"height\":722,\"caption\":\"Webcam Madonna di Campiglio\"},{\"@type\":\"BreadcrumbList\",\"@id\":\"https:\\\/\\\/weather-radar-live.com\\\/sv\\\/webbkamera\\\/italien\\\/webbkamera-madonna-di-campiglio\\\/#breadcrumb\",\"itemListElement\":[{\"@type\":\"ListItem\",\"position\":1,\"name\":\"Weather Radar Live\",\"item\":\"https:\\\/\\\/weather-radar-live.com\\\/sv\\\/\"},{\"@type\":\"ListItem\",\"position\":2,\"name\":\"Webbkamera\",\"item\":\"https:\\\/\\\/weather-radar-live.com\\\/sv\\\/webbkamera\\\/\"},{\"@type\":\"ListItem\",\"position\":3,\"name\":\"Italien\",\"item\":\"https:\\\/\\\/weather-radar-live.com\\\/sv\\\/webbkamera\\\/italien\\\/\"},{\"@type\":\"ListItem\",\"position\":4,\"name\":\"Webbkamera Madonna di Campiglio\"}]},{\"@type\":\"WebSite\",\"@id\":\"https:\\\/\\\/weather-radar-live.com\\\/#website\",\"url\":\"https:\\\/\\\/weather-radar-live.com\\\/\",\"name\":\"weather-radar-live.com\",\"description\":\"Your weather and sky radar.\",\"publisher\":{\"@id\":\"https:\\\/\\\/weather-radar-live.com\\\/#organization\"},\"potentialAction\":[{\"@type\":\"SearchAction\",\"target\":{\"@type\":\"EntryPoint\",\"urlTemplate\":\"https:\\\/\\\/weather-radar-live.com\\\/?s={search_term_string}\"},\"query-input\":{\"@type\":\"PropertyValueSpecification\",\"valueRequired\":true,\"valueName\":\"search_term_string\"}}],\"inLanguage\":\"sv-SE\"},{\"@type\":\"Organization\",\"@id\":\"https:\\\/\\\/weather-radar-live.com\\\/#organization\",\"name\":\"weather-radar-live.com\",\"url\":\"https:\\\/\\\/weather-radar-live.com\\\/\",\"logo\":{\"@type\":\"ImageObject\",\"inLanguage\":\"sv-SE\",\"@id\":\"https:\\\/\\\/weather-radar-live.com\\\/#\\\/schema\\\/logo\\\/image\\\/\",\"url\":\"https:\\\/\\\/weather-radar-live.com\\\/wp-content\\\/uploads\\\/2022\\\/03\\\/cropped-WRL2503.png\",\"contentUrl\":\"https:\\\/\\\/weather-radar-live.com\\\/wp-content\\\/uploads\\\/2022\\\/03\\\/cropped-WRL2503.png\",\"width\":1920,\"height\":555,\"caption\":\"weather-radar-live.com\"},\"image\":{\"@id\":\"https:\\\/\\\/weather-radar-live.com\\\/#\\\/schema\\\/logo\\\/image\\\/\"}}]}<\/script>\n<!-- \/ Yoast SEO plugin. -->","yoast_head_json":{"title":"Webbkamera Madonna di Campiglio \u2192 Se det live!","description":"Webbkamera Madonna di Campiglio | Livekamera fr\u00e5n Madonna di Campiglio! \u2705 Uppdaterad f\u00f6r dig i realtid! \u2705 Aktuell v\u00e4derprognos!","robots":{"index":"index","follow":"follow","max-snippet":"max-snippet:-1","max-image-preview":"max-image-preview:large","max-video-preview":"max-video-preview:-1"},"canonical":"https:\/\/weather-radar-live.com\/sv\/webbkamera\/italien\/webbkamera-madonna-di-campiglio\/","og_locale":"sv_SE","og_type":"article","og_title":"Webbkamera Madonna di Campiglio \u2192 Se det live!","og_description":"Webbkamera Madonna di Campiglio | Livekamera fr\u00e5n Madonna di Campiglio! \u2705 Uppdaterad f\u00f6r dig i realtid! \u2705 Aktuell v\u00e4derprognos!","og_url":"https:\/\/weather-radar-live.com\/sv\/webbkamera\/italien\/webbkamera-madonna-di-campiglio\/","og_site_name":"weather-radar-live.com","article_modified_time":"2022-08-26T21:19:55+00:00","og_image":[{"width":1908,"height":722,"url":"https:\/\/weather-radar-live.com\/wp-content\/uploads\/2022\/08\/Webcam-Madonna-di-Campiglio-e1661500782182.jpg","type":"image\/jpeg"}],"twitter_card":"summary_large_image","twitter_misc":{"Ber\u00e4knad l\u00e4stid":"3 minuter"},"schema":{"@context":"https:\/\/schema.org","@graph":[{"@type":"WebPage","@id":"https:\/\/weather-radar-live.com\/sv\/webbkamera\/italien\/webbkamera-madonna-di-campiglio\/","url":"https:\/\/weather-radar-live.com\/sv\/webbkamera\/italien\/webbkamera-madonna-di-campiglio\/","name":"Webbkamera Madonna di Campiglio \u2192 Se det live!","isPartOf":{"@id":"https:\/\/weather-radar-live.com\/#website"},"primaryImageOfPage":{"@id":"https:\/\/weather-radar-live.com\/sv\/webbkamera\/italien\/webbkamera-madonna-di-campiglio\/#primaryimage"},"image":{"@id":"https:\/\/weather-radar-live.com\/sv\/webbkamera\/italien\/webbkamera-madonna-di-campiglio\/#primaryimage"},"thumbnailUrl":"https:\/\/weather-radar-live.com\/wp-content\/uploads\/2022\/08\/Webcam-Madonna-di-Campiglio-e1661500782182.jpg","datePublished":"2022-08-26T21:18:15+00:00","dateModified":"2022-08-26T21:19:55+00:00","description":"Webbkamera Madonna di Campiglio | Livekamera fr\u00e5n Madonna di Campiglio! \u2705 Uppdaterad f\u00f6r dig i realtid! \u2705 Aktuell v\u00e4derprognos!","breadcrumb":{"@id":"https:\/\/weather-radar-live.com\/sv\/webbkamera\/italien\/webbkamera-madonna-di-campiglio\/#breadcrumb"},"inLanguage":"sv-SE","potentialAction":[{"@type":"ReadAction","target":["https:\/\/weather-radar-live.com\/sv\/webbkamera\/italien\/webbkamera-madonna-di-campiglio\/"]}]},{"@type":"ImageObject","inLanguage":"sv-SE","@id":"https:\/\/weather-radar-live.com\/sv\/webbkamera\/italien\/webbkamera-madonna-di-campiglio\/#primaryimage","url":"https:\/\/weather-radar-live.com\/wp-content\/uploads\/2022\/08\/Webcam-Madonna-di-Campiglio-e1661500782182.jpg","contentUrl":"https:\/\/weather-radar-live.com\/wp-content\/uploads\/2022\/08\/Webcam-Madonna-di-Campiglio-e1661500782182.jpg","width":1908,"height":722,"caption":"Webcam Madonna di Campiglio"},{"@type":"BreadcrumbList","@id":"https:\/\/weather-radar-live.com\/sv\/webbkamera\/italien\/webbkamera-madonna-di-campiglio\/#breadcrumb","itemListElement":[{"@type":"ListItem","position":1,"name":"Weather Radar Live","item":"https:\/\/weather-radar-live.com\/sv\/"},{"@type":"ListItem","position":2,"name":"Webbkamera","item":"https:\/\/weather-radar-live.com\/sv\/webbkamera\/"},{"@type":"ListItem","position":3,"name":"Italien","item":"https:\/\/weather-radar-live.com\/sv\/webbkamera\/italien\/"},{"@type":"ListItem","position":4,"name":"Webbkamera Madonna di Campiglio"}]},{"@type":"WebSite","@id":"https:\/\/weather-radar-live.com\/#website","url":"https:\/\/weather-radar-live.com\/","name":"weather-radar-live.com","description":"Your weather and sky radar.","publisher":{"@id":"https:\/\/weather-radar-live.com\/#organization"},"potentialAction":[{"@type":"SearchAction","target":{"@type":"EntryPoint","urlTemplate":"https:\/\/weather-radar-live.com\/?s={search_term_string}"},"query-input":{"@type":"PropertyValueSpecification","valueRequired":true,"valueName":"search_term_string"}}],"inLanguage":"sv-SE"},{"@type":"Organization","@id":"https:\/\/weather-radar-live.com\/#organization","name":"weather-radar-live.com","url":"https:\/\/weather-radar-live.com\/","logo":{"@type":"ImageObject","inLanguage":"sv-SE","@id":"https:\/\/weather-radar-live.com\/#\/schema\/logo\/image\/","url":"https:\/\/weather-radar-live.com\/wp-content\/uploads\/2022\/03\/cropped-WRL2503.png","contentUrl":"https:\/\/weather-radar-live.com\/wp-content\/uploads\/2022\/03\/cropped-WRL2503.png","width":1920,"height":555,"caption":"weather-radar-live.com"},"image":{"@id":"https:\/\/weather-radar-live.com\/#\/schema\/logo\/image\/"}}]}},"_links":{"self":[{"href":"https:\/\/weather-radar-live.com\/sv\/wp-json\/wp\/v2\/pages\/7417","targetHints":{"allow":["GET"]}}],"collection":[{"href":"https:\/\/weather-radar-live.com\/sv\/wp-json\/wp\/v2\/pages"}],"about":[{"href":"https:\/\/weather-radar-live.com\/sv\/wp-json\/wp\/v2\/types\/page"}],"author":[{"embeddable":true,"href":"https:\/\/weather-radar-live.com\/sv\/wp-json\/wp\/v2\/users\/1"}],"replies":[{"embeddable":true,"href":"https:\/\/weather-radar-live.com\/sv\/wp-json\/wp\/v2\/comments?post=7417"}],"version-history":[{"count":2,"href":"https:\/\/weather-radar-live.com\/sv\/wp-json\/wp\/v2\/pages\/7417\/revisions"}],"predecessor-version":[{"id":7441,"href":"https:\/\/weather-radar-live.com\/sv\/wp-json\/wp\/v2\/pages\/7417\/revisions\/7441"}],"up":[{"embeddable":true,"href":"https:\/\/weather-radar-live.com\/sv\/wp-json\/wp\/v2\/pages\/4314"}],"wp:featuredmedia":[{"embeddable":true,"href":"https:\/\/weather-radar-live.com\/sv\/wp-json\/wp\/v2\/media\/7407"}],"wp:attachment":[{"href":"https:\/\/weather-radar-live.com\/sv\/wp-json\/wp\/v2\/media?parent=7417"}],"curies":[{"name":"wp","href":"https:\/\/api.w.org\/{rel}","templated":true}]}}