{"id":7323,"date":"2022-08-25T22:41:38","date_gmt":"2022-08-25T20:41:38","guid":{"rendered":"https:\/\/weather-radar-live.com\/?page_id=7323"},"modified":"2022-08-25T22:45:47","modified_gmt":"2022-08-25T20:45:47","slug":"webbkamera-arabba","status":"publish","type":"page","link":"https:\/\/weather-radar-live.com\/sv\/webbkamera\/italien\/webbkamera-arabba\/","title":{"rendered":"Webbkamera Arabba"},"content":{"rendered":"<div id=\"weath-2626808502\" class=\"weath-vor-dem-inhalt weath-entity-placement\" style=\"margin-top: 15px;margin-right: 25px;margin-bottom: 40px;margin-left: 25px;\"><script async src=\"\/\/pagead2.googlesyndication.com\/pagead\/js\/adsbygoogle.js?client=ca-pub-8960936133935804\" crossorigin=\"anonymous\"><\/script><ins class=\"adsbygoogle\" style=\"display:block;\" data-ad-client=\"ca-pub-8960936133935804\" \ndata-ad-slot=\"6172817020\" \ndata-ad-format=\"auto\"><\/ins>\n<script> \n(adsbygoogle = window.adsbygoogle || []).push({}); \n<\/script>\n<\/div>\n<div class=\"wp-block-cover alignfull is-light\"><span aria-hidden=\"true\" class=\"wp-block-cover__gradient-background has-background-dim\"><\/span><img decoding=\"async\" class=\"wp-block-cover__image-background wp-image-342\" alt=\"Webbkamera Arabba\" src=\"https:\/\/weather-radar-live.com\/wp-content\/uploads\/2021\/06\/sam-schooler-E9aetBe2w40-unsplash-e1622554814366.jpg\" data-object-fit=\"cover\"\/><div class=\"wp-block-cover__inner-container is-layout-flow wp-block-cover-is-layout-flow\">\n<h2 class=\"has-text-align-center heading wp-block-heading\" id=\"webcam-fort-mahon\" style=\"font-size:40px;text-transform:uppercase\"><strong><mark style=\"background-color:rgba(0, 0, 0, 0)\" class=\"has-inline-color has-base-3-color\">Webbkamera <\/mark><\/strong><br><strong><mark style=\"background-color:rgba(0, 0, 0, 0)\" class=\"has-inline-color has-base-3-color\">ARABBA<\/mark><\/strong><\/h2>\n<\/div><\/div>\n\n\n<div class=\"yoast-breadcrumbs\"><span><span><a href=\"https:\/\/weather-radar-live.com\/sv\/\">Weather Radar Live<\/a><\/span> \u00bb <span><a href=\"https:\/\/weather-radar-live.com\/sv\/webbkamera\/\">Webbkamera<\/a><\/span> \u00bb <span><a href=\"https:\/\/weather-radar-live.com\/sv\/webbkamera\/italien\/\">Italien<\/a><\/span> \u00bb <span class=\"breadcrumb_last\" aria-current=\"page\"><strong>Webbkamera Arabba<\/strong><\/span><\/span><\/div>\n\n\n<h2 class=\"has-text-align-center wp-block-heading\" id=\"webcam-fort-mahon\"><strong>Webbkamera Arabba<\/strong><\/h2>\n\n\n\n<p>Arabba, en bergsby i Fodomdalen mitt i Dolomiterna, \u00e4r omgiven av bergstoppar i det bergslandskap som Unesco har utsett till v\u00e4rldsarv, och erbjuder ett hisnande landskap. Branta klippformationer, blommande \u00e4ngar, skuggiga skogar och sn\u00f6t\u00e4ckta toppar k\u00e4nnetecknar det alpina landskapet. Vid foten av Sella-massivet och det n\u00e4stan 2500 meter h\u00f6ga berget Col di Lana trotsar Arabba vind och v\u00e4der. H\u00e4rifr\u00e5n kan du i lugn och ro beundra alpregionens specifika flora och fauna. Du kan f\u00f6lja v\u00e4dret via webbkameran Arabba.<\/p>\n\n\n\n<p>Olika stigar leder genom skogar, l\u00e4ngs \u00e4ngar och b\u00e4ckar eller \u00f6ver bergspass till topparna. Du kan ocks\u00e5 st\u00f6ta p\u00e5 murmeldjur och hjortar, som kan ses h\u00e4r i sin naturliga milj\u00f6. Den lilla staden i Veneto och dess omgivningar anses vara ett paradis f\u00f6r sportentusiaster. Vare sig man g\u00e5r till fots eller cyklar erbjuder Arabba m\u00e5nga m\u00f6jligheter att andas italiensk bergsluft. Dolomiterna \u00e4r inte bara vackra, de \u00e4r ett stycke unik natur.<\/p><div id=\"weath-3907374234\" class=\"weath-inhalt_2 weath-entity-placement\" style=\"margin-top: 15px;margin-right: 25px;margin-bottom: 35px;margin-left: 25px;\"><script async src=\"\/\/pagead2.googlesyndication.com\/pagead\/js\/adsbygoogle.js?client=ca-pub-8960936133935804\" crossorigin=\"anonymous\"><\/script><ins class=\"adsbygoogle\" style=\"display:block;\" data-ad-client=\"ca-pub-8960936133935804\" \ndata-ad-slot=\"1963584050\" \ndata-ad-format=\"auto\"><\/ins>\n<script> \n(adsbygoogle = window.adsbygoogle || []).push({}); \n<\/script>\n<\/div>\n\n\n\n<div class=\"wp-block-columns is-layout-flex wp-container-core-columns-is-layout-9d6595d7 wp-block-columns-is-layout-flex\">\n<div class=\"wp-block-column webcam-column is-layout-flow wp-block-column-is-layout-flow\">\n<h3 class=\"has-text-align-center wp-block-heading\"> \ud83d\udd34 <strong>Webbkamera<\/strong> <strong><strong><strong>Arabba<\/strong><\/strong><\/strong> &#8211; Marmolada<\/h3>\n\n\n\n<a name=\"windy-webcam-timelapse-player\" data-id=\"1642636249\" data-play=\"day\" href=\"https:\/\/windy.com\/webcams\/1642636249\" target=\"_blank\" rel=\"noopener\">Arabba: Marmolada &#8211; Rifugio Burz<\/a><script async=\"\" type=\"text\/javascript\" src=\"https:\/\/webcams.windy.com\/webcams\/public\/embed\/script\/player.js\"><\/script>\n<\/div>\n\n\n\n<div class=\"wp-block-column webcam-column is-layout-flow wp-block-column-is-layout-flow\">\n<h3 class=\"has-text-align-center wp-block-heading\"> \ud83d\udd34 <strong>Webbkamera <strong><strong>Arabba<\/strong><\/strong><\/strong> &#8211; Marmolada II<\/h3>\n\n\n\n<a name=\"windy-webcam-timelapse-player\" data-id=\"1642636262\" data-play=\"day\" href=\"https:\/\/windy.com\/webcams\/1642636262\" target=\"_blank\" rel=\"noopener\">Arabba: Marmolada &#8211; Rifugio Burz<\/a><script async=\"\" type=\"text\/javascript\" src=\"https:\/\/webcams.windy.com\/webcams\/public\/embed\/script\/player.js\"><\/script>\n<\/div>\n<\/div>\n\n\n\n<div class=\"wp-block-columns is-layout-flex wp-container-core-columns-is-layout-9d6595d7 wp-block-columns-is-layout-flex\">\n<div class=\"wp-block-column webcam-column is-layout-flow wp-block-column-is-layout-flow\">\n<h3 class=\"has-text-align-center wp-block-heading\"> \ud83d\udd34 <strong>Webbkamera<\/strong> <strong>Arabba<\/strong> &#8211; Marmolada III<\/h3>\n\n\n\n<a name=\"windy-webcam-timelapse-player\" data-id=\"1642636309\" data-play=\"day\" href=\"https:\/\/windy.com\/webcams\/1642636309\" target=\"_blank\" rel=\"noopener\">Arabba: Marmolada &#8211; Rifugio Burz<\/a><script async=\"\" type=\"text\/javascript\" src=\"https:\/\/webcams.windy.com\/webcams\/public\/embed\/script\/player.js\"><\/script>\n<\/div>\n\n\n\n<div class=\"wp-block-column webcam-column is-layout-flow wp-block-column-is-layout-flow\">\n<h3 class=\"has-text-align-center wp-block-heading\"> \ud83d\udd34 <strong>Webbkamera<\/strong> <strong>Arabba<\/strong> &#8211; Marmolada IV<\/h3>\n\n\n\n<a name=\"windy-webcam-timelapse-player\" data-id=\"1642636256\" data-play=\"day\" href=\"https:\/\/windy.com\/webcams\/1642636256\" target=\"_blank\" rel=\"noopener\">Arabba: Marmolada &#8211; Rifugio Burz<\/a><script async=\"\" type=\"text\/javascript\" src=\"https:\/\/webcams.windy.com\/webcams\/public\/embed\/script\/player.js\"><\/script>\n<\/div>\n<\/div>\n\n\n\n<div class=\"wp-block-columns is-layout-flex wp-container-core-columns-is-layout-9d6595d7 wp-block-columns-is-layout-flex\">\n<div class=\"wp-block-column webcam-column is-layout-flow wp-block-column-is-layout-flow\">\n<h3 class=\"has-text-align-center wp-block-heading\"> \ud83d\udd34 <strong>Webbkamera<\/strong> <strong>Arabba<\/strong> &#8211; Livinallongo del Col di Lana<\/h3>\n\n\n\n<a name=\"windy-webcam-timelapse-player\" data-id=\"1649951262\" data-play=\"day\" href=\"https:\/\/windy.com\/webcams\/1649951262\" target=\"_blank\" rel=\"noopener\">Livinallongo del Col di Lana<\/a><script async=\"\" type=\"text\/javascript\" src=\"https:\/\/webcams.windy.com\/webcams\/public\/embed\/script\/player.js\"><\/script>\n<\/div>\n\n\n\n<div class=\"wp-block-column webcam-column is-layout-flow wp-block-column-is-layout-flow\">\n<h3 class=\"has-text-align-center wp-block-heading\"> \ud83d\udd34 <strong>Webbkamera <strong><strong>Arabba<\/strong><\/strong><\/strong> &#8211; Porta Vescovo<\/h3>\n\n\n\n<a name=\"windy-webcam-timelapse-player\" data-id=\"1592498036\" data-play=\"day\" href=\"https:\/\/windy.com\/webcams\/1592498036\" target=\"_blank\" rel=\"noopener\">Snowboard: Arabba &#8211; Porta Vescovo<\/a><script async=\"\" type=\"text\/javascript\" src=\"https:\/\/webcams.windy.com\/webcams\/public\/embed\/script\/player.js\"><\/script>\n<\/div>\n<\/div>\n\n\n\n<h2 class=\"wp-block-heading\" id=\"fort-mahon-today\"><strong>V\u00e4derradar Arabba &#8211; V\u00e4dret i Arabba<\/strong><\/h2>\n\n\n\n<p>Ett bes\u00f6k i Dolomiterna kan g\u00e4rna \u00e5tf\u00f6ljas av ostadigt v\u00e4der. F\u00f6r att du ska kunna resa s\u00e4kert under din vistelse kan du n\u00e4r som helst kontrollera webbkameran i Arabba och motsvarande v\u00e4derradar f\u00f6r att se de aktuella v\u00e4derf\u00f6rh\u00e5llandena i bergsbyn. Du kan fr\u00e5n f\u00e4rgen se var solen skiner just nu eller var nederb\u00f6rd kan f\u00f6rv\u00e4ntas inom den n\u00e4rmaste timmen eller tv\u00e5. R\u00f6tt och lila indikerar kraftig nederb\u00f6rd, medan bl\u00e5 och gula nyanser representerar sm\u00e5 m\u00e4ngder regn.<\/p>\n\n\n\n<div class=\"wp-block-columns is-layout-flex wp-container-core-columns-is-layout-9d6595d7 wp-block-columns-is-layout-flex\">\n<div class=\"wp-block-column is-layout-flow wp-block-column-is-layout-flow\" style=\"flex-basis:75%\">\n<iframe loading=\"lazy\" width=\"1300\" height=\"502\" src=\"https:\/\/embed.windy.com\/embed2.html?lat=46.497&amp;lon=11.824&amp;detailLat=46.497&amp;detailLon=11.824&amp;width=1300&amp;height=502&amp;zoom=11&amp;level=surface&amp;overlay=rain&amp;product=ecmwf&amp;menu=&amp;message=&amp;marker=&amp;calendar=now&amp;pressure=&amp;type=map&amp;location=coordinates&amp;detail=&amp;metricWind=default&amp;metricTemp=default&amp;radarRange=-1\" frameborder=\"0\"><\/iframe>\n<\/div>\n\n\n\n<div class=\"wp-block-column is-layout-flow wp-block-column-is-layout-flow\" style=\"flex-basis:25%\">\n<a class=\"weatherwidget-io\" href=\"https:\/\/forecast7.com\/sv\/46d5011d87\/arabba\/\" data-label_1=\"ARABBA\" data-theme=\"original\" >ARABBA<\/a>\n<script>\n!function(d,s,id){var js,fjs=d.getElementsByTagName(s)[0];if(!d.getElementById(id)){js=d.createElement(s);js.id=id;js.src='https:\/\/weatherwidget.io\/js\/widget.min.js';fjs.parentNode.insertBefore(js,fjs);}}(document,'script','weatherwidget-io-js');\n<\/script>\n<\/div>\n<\/div>\n\n\n\n<h2 class=\"wp-block-heading\" id=\"fort-mahon-weather\"><strong>Klimatet i Arabba<\/strong><\/h2>\n\n\n\n<p>Arabba ligger i norra Italien och tillh\u00f6r klimatzonen Middle Latitudes. Den varmaste m\u00e5naden \u00e4r juli, d\u00e5 dagstemperaturen n\u00e5r 29 \u00b0Celsius. Den kallaste m\u00e5naden \u00e4r januari, med dagstemperaturer p\u00e5 omkring 6 \u00b0Celsius. Den genomsnittliga \u00e5rstemperaturen \u00e4r 18 \u00b0Celsius. Vegetationen i denna klimatzon \u00e4r halv\u00e5rlig, med l\u00f6v- och blandskogar. P\u00e5 v\u00e5ren spirar v\u00e4xterna friskt. P\u00e5 h\u00f6sten upptr\u00e4der en typisk missf\u00e4rgning av l\u00f6vverket och l\u00f6vfall.<\/p>\n\n\n\n<h2 class=\"wp-block-heading\"><strong>Sev\u00e4rdheter i Arabba<\/strong><\/h2>\n\n\n\n<p>Arabba \u00e4r v\u00e4rt ett bes\u00f6k n\u00e4r som helst p\u00e5 \u00e5ret. P\u00e5 sommaren lockar aktiviteter som vandring, kl\u00e4ttring, bergsl\u00f6pning eller mountainbike-turer i Dolomiterna. Guidade turer erbjuds s\u00e4rskilt i utmanande omr\u00e5den. P\u00e5 vintern kan du \u00e5ka skidor och snowboard, g\u00e5 sn\u00f6skovandring eller iskl\u00e4ttra. Evenemang \u00e4ger ocks\u00e5 rum \u00e5ret runt. Planera din tur med utsikt \u00f6ver v\u00e4dret via webbkameran i Arabba. Andraz-slottet, Ladin-museet, minnesm\u00e4rken, kyrkor och kapell, den gamla kvarnen, museet och minnesm\u00e4rket p\u00e5 Pordoi-passet \u00e4r mycket speciella sev\u00e4rdheter i regionen.<\/p>\n","protected":false},"excerpt":{"rendered":"<p>Webbkamera Arabba Arabba, en bergsby i Fodomdalen mitt i Dolomiterna, \u00e4r omgiven av bergstoppar i det bergslandskap som Unesco har utsett till v\u00e4rldsarv, och erbjuder ett hisnande landskap. Branta klippformationer, blommande \u00e4ngar, skuggiga skogar och sn\u00f6t\u00e4ckta toppar k\u00e4nnetecknar det alpina landskapet. Vid foten av Sella-massivet och det n\u00e4stan 2500 meter h\u00f6ga berget Col di Lana &#8230; <a title=\"Webbkamera Arabba\" class=\"read-more\" href=\"https:\/\/weather-radar-live.com\/sv\/webbkamera\/italien\/webbkamera-arabba\/\" aria-label=\"L\u00e4s mer om Webbkamera Arabba\">L\u00e4s mer<\/a><\/p>\n","protected":false},"author":1,"featured_media":7272,"parent":4314,"menu_order":0,"comment_status":"closed","ping_status":"closed","template":"","meta":{"footnotes":""},"class_list":["post-7323","page","type-page","status-publish","has-post-thumbnail"],"yoast_head":"<!-- This site is optimized with the Yoast SEO plugin v27.3 - https:\/\/yoast.com\/product\/yoast-seo-wordpress\/ -->\n<title>Webbkamera Arabba \u2192 Se det live!<\/title>\n<meta name=\"description\" content=\"Webbkamera Arabba | Livekamera fr\u00e5n Arabba! \u2705 Uppdaterad f\u00f6r dig i realtid! \u2705 Aktuell v\u00e4derprognos!\" \/>\n<meta name=\"robots\" content=\"index, follow, max-snippet:-1, max-image-preview:large, max-video-preview:-1\" \/>\n<link rel=\"canonical\" href=\"https:\/\/weather-radar-live.com\/sv\/webbkamera\/italien\/webbkamera-arabba\/\" \/>\n<meta property=\"og:locale\" content=\"sv_SE\" \/>\n<meta property=\"og:type\" content=\"article\" \/>\n<meta property=\"og:title\" content=\"Webbkamera Arabba \u2192 Se det live!\" \/>\n<meta property=\"og:description\" content=\"Webbkamera Arabba | Livekamera fr\u00e5n Arabba! \u2705 Uppdaterad f\u00f6r dig i realtid! \u2705 Aktuell v\u00e4derprognos!\" \/>\n<meta property=\"og:url\" content=\"https:\/\/weather-radar-live.com\/sv\/webbkamera\/italien\/webbkamera-arabba\/\" \/>\n<meta property=\"og:site_name\" content=\"weather-radar-live.com\" \/>\n<meta property=\"article:modified_time\" content=\"2022-08-25T20:45:47+00:00\" \/>\n<meta property=\"og:image\" content=\"https:\/\/weather-radar-live.com\/wp-content\/uploads\/2022\/08\/Webcam-Arabba-e1661450448547.jpg\" \/>\n\t<meta property=\"og:image:width\" content=\"1910\" \/>\n\t<meta property=\"og:image:height\" content=\"844\" \/>\n\t<meta property=\"og:image:type\" content=\"image\/jpeg\" \/>\n<meta name=\"twitter:card\" content=\"summary_large_image\" \/>\n<meta name=\"twitter:label1\" content=\"Ber\u00e4knad l\u00e4stid\" \/>\n\t<meta name=\"twitter:data1\" content=\"3 minuter\" \/>\n<script type=\"application\/ld+json\" class=\"yoast-schema-graph\">{\"@context\":\"https:\\\/\\\/schema.org\",\"@graph\":[{\"@type\":\"WebPage\",\"@id\":\"https:\\\/\\\/weather-radar-live.com\\\/sv\\\/webbkamera\\\/italien\\\/webbkamera-arabba\\\/\",\"url\":\"https:\\\/\\\/weather-radar-live.com\\\/sv\\\/webbkamera\\\/italien\\\/webbkamera-arabba\\\/\",\"name\":\"Webbkamera Arabba \u2192 Se det live!\",\"isPartOf\":{\"@id\":\"https:\\\/\\\/weather-radar-live.com\\\/#website\"},\"primaryImageOfPage\":{\"@id\":\"https:\\\/\\\/weather-radar-live.com\\\/sv\\\/webbkamera\\\/italien\\\/webbkamera-arabba\\\/#primaryimage\"},\"image\":{\"@id\":\"https:\\\/\\\/weather-radar-live.com\\\/sv\\\/webbkamera\\\/italien\\\/webbkamera-arabba\\\/#primaryimage\"},\"thumbnailUrl\":\"https:\\\/\\\/weather-radar-live.com\\\/wp-content\\\/uploads\\\/2022\\\/08\\\/Webcam-Arabba-e1661450448547.jpg\",\"datePublished\":\"2022-08-25T20:41:38+00:00\",\"dateModified\":\"2022-08-25T20:45:47+00:00\",\"description\":\"Webbkamera Arabba | Livekamera fr\u00e5n Arabba! \u2705 Uppdaterad f\u00f6r dig i realtid! \u2705 Aktuell v\u00e4derprognos!\",\"breadcrumb\":{\"@id\":\"https:\\\/\\\/weather-radar-live.com\\\/sv\\\/webbkamera\\\/italien\\\/webbkamera-arabba\\\/#breadcrumb\"},\"inLanguage\":\"sv-SE\",\"potentialAction\":[{\"@type\":\"ReadAction\",\"target\":[\"https:\\\/\\\/weather-radar-live.com\\\/sv\\\/webbkamera\\\/italien\\\/webbkamera-arabba\\\/\"]}]},{\"@type\":\"ImageObject\",\"inLanguage\":\"sv-SE\",\"@id\":\"https:\\\/\\\/weather-radar-live.com\\\/sv\\\/webbkamera\\\/italien\\\/webbkamera-arabba\\\/#primaryimage\",\"url\":\"https:\\\/\\\/weather-radar-live.com\\\/wp-content\\\/uploads\\\/2022\\\/08\\\/Webcam-Arabba-e1661450448547.jpg\",\"contentUrl\":\"https:\\\/\\\/weather-radar-live.com\\\/wp-content\\\/uploads\\\/2022\\\/08\\\/Webcam-Arabba-e1661450448547.jpg\",\"width\":1910,\"height\":844,\"caption\":\"Webcam Arabba\"},{\"@type\":\"BreadcrumbList\",\"@id\":\"https:\\\/\\\/weather-radar-live.com\\\/sv\\\/webbkamera\\\/italien\\\/webbkamera-arabba\\\/#breadcrumb\",\"itemListElement\":[{\"@type\":\"ListItem\",\"position\":1,\"name\":\"Weather Radar Live\",\"item\":\"https:\\\/\\\/weather-radar-live.com\\\/sv\\\/\"},{\"@type\":\"ListItem\",\"position\":2,\"name\":\"Webbkamera\",\"item\":\"https:\\\/\\\/weather-radar-live.com\\\/sv\\\/webbkamera\\\/\"},{\"@type\":\"ListItem\",\"position\":3,\"name\":\"Italien\",\"item\":\"https:\\\/\\\/weather-radar-live.com\\\/sv\\\/webbkamera\\\/italien\\\/\"},{\"@type\":\"ListItem\",\"position\":4,\"name\":\"Webbkamera Arabba\"}]},{\"@type\":\"WebSite\",\"@id\":\"https:\\\/\\\/weather-radar-live.com\\\/#website\",\"url\":\"https:\\\/\\\/weather-radar-live.com\\\/\",\"name\":\"weather-radar-live.com\",\"description\":\"Your weather and sky radar.\",\"publisher\":{\"@id\":\"https:\\\/\\\/weather-radar-live.com\\\/#organization\"},\"potentialAction\":[{\"@type\":\"SearchAction\",\"target\":{\"@type\":\"EntryPoint\",\"urlTemplate\":\"https:\\\/\\\/weather-radar-live.com\\\/?s={search_term_string}\"},\"query-input\":{\"@type\":\"PropertyValueSpecification\",\"valueRequired\":true,\"valueName\":\"search_term_string\"}}],\"inLanguage\":\"sv-SE\"},{\"@type\":\"Organization\",\"@id\":\"https:\\\/\\\/weather-radar-live.com\\\/#organization\",\"name\":\"weather-radar-live.com\",\"url\":\"https:\\\/\\\/weather-radar-live.com\\\/\",\"logo\":{\"@type\":\"ImageObject\",\"inLanguage\":\"sv-SE\",\"@id\":\"https:\\\/\\\/weather-radar-live.com\\\/#\\\/schema\\\/logo\\\/image\\\/\",\"url\":\"https:\\\/\\\/weather-radar-live.com\\\/wp-content\\\/uploads\\\/2022\\\/03\\\/cropped-WRL2503.png\",\"contentUrl\":\"https:\\\/\\\/weather-radar-live.com\\\/wp-content\\\/uploads\\\/2022\\\/03\\\/cropped-WRL2503.png\",\"width\":1920,\"height\":555,\"caption\":\"weather-radar-live.com\"},\"image\":{\"@id\":\"https:\\\/\\\/weather-radar-live.com\\\/#\\\/schema\\\/logo\\\/image\\\/\"}}]}<\/script>\n<!-- \/ Yoast SEO plugin. -->","yoast_head_json":{"title":"Webbkamera Arabba \u2192 Se det live!","description":"Webbkamera Arabba | Livekamera fr\u00e5n Arabba! \u2705 Uppdaterad f\u00f6r dig i realtid! \u2705 Aktuell v\u00e4derprognos!","robots":{"index":"index","follow":"follow","max-snippet":"max-snippet:-1","max-image-preview":"max-image-preview:large","max-video-preview":"max-video-preview:-1"},"canonical":"https:\/\/weather-radar-live.com\/sv\/webbkamera\/italien\/webbkamera-arabba\/","og_locale":"sv_SE","og_type":"article","og_title":"Webbkamera Arabba \u2192 Se det live!","og_description":"Webbkamera Arabba | Livekamera fr\u00e5n Arabba! \u2705 Uppdaterad f\u00f6r dig i realtid! \u2705 Aktuell v\u00e4derprognos!","og_url":"https:\/\/weather-radar-live.com\/sv\/webbkamera\/italien\/webbkamera-arabba\/","og_site_name":"weather-radar-live.com","article_modified_time":"2022-08-25T20:45:47+00:00","og_image":[{"width":1910,"height":844,"url":"https:\/\/weather-radar-live.com\/wp-content\/uploads\/2022\/08\/Webcam-Arabba-e1661450448547.jpg","type":"image\/jpeg"}],"twitter_card":"summary_large_image","twitter_misc":{"Ber\u00e4knad l\u00e4stid":"3 minuter"},"schema":{"@context":"https:\/\/schema.org","@graph":[{"@type":"WebPage","@id":"https:\/\/weather-radar-live.com\/sv\/webbkamera\/italien\/webbkamera-arabba\/","url":"https:\/\/weather-radar-live.com\/sv\/webbkamera\/italien\/webbkamera-arabba\/","name":"Webbkamera Arabba \u2192 Se det live!","isPartOf":{"@id":"https:\/\/weather-radar-live.com\/#website"},"primaryImageOfPage":{"@id":"https:\/\/weather-radar-live.com\/sv\/webbkamera\/italien\/webbkamera-arabba\/#primaryimage"},"image":{"@id":"https:\/\/weather-radar-live.com\/sv\/webbkamera\/italien\/webbkamera-arabba\/#primaryimage"},"thumbnailUrl":"https:\/\/weather-radar-live.com\/wp-content\/uploads\/2022\/08\/Webcam-Arabba-e1661450448547.jpg","datePublished":"2022-08-25T20:41:38+00:00","dateModified":"2022-08-25T20:45:47+00:00","description":"Webbkamera Arabba | Livekamera fr\u00e5n Arabba! \u2705 Uppdaterad f\u00f6r dig i realtid! \u2705 Aktuell v\u00e4derprognos!","breadcrumb":{"@id":"https:\/\/weather-radar-live.com\/sv\/webbkamera\/italien\/webbkamera-arabba\/#breadcrumb"},"inLanguage":"sv-SE","potentialAction":[{"@type":"ReadAction","target":["https:\/\/weather-radar-live.com\/sv\/webbkamera\/italien\/webbkamera-arabba\/"]}]},{"@type":"ImageObject","inLanguage":"sv-SE","@id":"https:\/\/weather-radar-live.com\/sv\/webbkamera\/italien\/webbkamera-arabba\/#primaryimage","url":"https:\/\/weather-radar-live.com\/wp-content\/uploads\/2022\/08\/Webcam-Arabba-e1661450448547.jpg","contentUrl":"https:\/\/weather-radar-live.com\/wp-content\/uploads\/2022\/08\/Webcam-Arabba-e1661450448547.jpg","width":1910,"height":844,"caption":"Webcam Arabba"},{"@type":"BreadcrumbList","@id":"https:\/\/weather-radar-live.com\/sv\/webbkamera\/italien\/webbkamera-arabba\/#breadcrumb","itemListElement":[{"@type":"ListItem","position":1,"name":"Weather Radar Live","item":"https:\/\/weather-radar-live.com\/sv\/"},{"@type":"ListItem","position":2,"name":"Webbkamera","item":"https:\/\/weather-radar-live.com\/sv\/webbkamera\/"},{"@type":"ListItem","position":3,"name":"Italien","item":"https:\/\/weather-radar-live.com\/sv\/webbkamera\/italien\/"},{"@type":"ListItem","position":4,"name":"Webbkamera Arabba"}]},{"@type":"WebSite","@id":"https:\/\/weather-radar-live.com\/#website","url":"https:\/\/weather-radar-live.com\/","name":"weather-radar-live.com","description":"Your weather and sky radar.","publisher":{"@id":"https:\/\/weather-radar-live.com\/#organization"},"potentialAction":[{"@type":"SearchAction","target":{"@type":"EntryPoint","urlTemplate":"https:\/\/weather-radar-live.com\/?s={search_term_string}"},"query-input":{"@type":"PropertyValueSpecification","valueRequired":true,"valueName":"search_term_string"}}],"inLanguage":"sv-SE"},{"@type":"Organization","@id":"https:\/\/weather-radar-live.com\/#organization","name":"weather-radar-live.com","url":"https:\/\/weather-radar-live.com\/","logo":{"@type":"ImageObject","inLanguage":"sv-SE","@id":"https:\/\/weather-radar-live.com\/#\/schema\/logo\/image\/","url":"https:\/\/weather-radar-live.com\/wp-content\/uploads\/2022\/03\/cropped-WRL2503.png","contentUrl":"https:\/\/weather-radar-live.com\/wp-content\/uploads\/2022\/03\/cropped-WRL2503.png","width":1920,"height":555,"caption":"weather-radar-live.com"},"image":{"@id":"https:\/\/weather-radar-live.com\/#\/schema\/logo\/image\/"}}]}},"_links":{"self":[{"href":"https:\/\/weather-radar-live.com\/sv\/wp-json\/wp\/v2\/pages\/7323","targetHints":{"allow":["GET"]}}],"collection":[{"href":"https:\/\/weather-radar-live.com\/sv\/wp-json\/wp\/v2\/pages"}],"about":[{"href":"https:\/\/weather-radar-live.com\/sv\/wp-json\/wp\/v2\/types\/page"}],"author":[{"embeddable":true,"href":"https:\/\/weather-radar-live.com\/sv\/wp-json\/wp\/v2\/users\/1"}],"replies":[{"embeddable":true,"href":"https:\/\/weather-radar-live.com\/sv\/wp-json\/wp\/v2\/comments?post=7323"}],"version-history":[{"count":2,"href":"https:\/\/weather-radar-live.com\/sv\/wp-json\/wp\/v2\/pages\/7323\/revisions"}],"predecessor-version":[{"id":7353,"href":"https:\/\/weather-radar-live.com\/sv\/wp-json\/wp\/v2\/pages\/7323\/revisions\/7353"}],"up":[{"embeddable":true,"href":"https:\/\/weather-radar-live.com\/sv\/wp-json\/wp\/v2\/pages\/4314"}],"wp:featuredmedia":[{"embeddable":true,"href":"https:\/\/weather-radar-live.com\/sv\/wp-json\/wp\/v2\/media\/7272"}],"wp:attachment":[{"href":"https:\/\/weather-radar-live.com\/sv\/wp-json\/wp\/v2\/media?parent=7323"}],"curies":[{"name":"wp","href":"https:\/\/api.w.org\/{rel}","templated":true}]}}