{"id":7083,"date":"2022-08-24T21:30:39","date_gmt":"2022-08-24T19:30:39","guid":{"rendered":"https:\/\/weather-radar-live.com\/?page_id=7083"},"modified":"2022-08-24T21:33:04","modified_gmt":"2022-08-24T19:33:04","slug":"webbkamera-tonale","status":"publish","type":"page","link":"https:\/\/weather-radar-live.com\/sv\/webbkamera\/italien\/webbkamera-tonale\/","title":{"rendered":"Webbkamera Tonale"},"content":{"rendered":"<div id=\"weath-3216840490\" class=\"weath-vor-dem-inhalt weath-entity-placement\" style=\"margin-top: 15px;margin-right: 25px;margin-bottom: 40px;margin-left: 25px;\"><script async src=\"\/\/pagead2.googlesyndication.com\/pagead\/js\/adsbygoogle.js?client=ca-pub-8960936133935804\" crossorigin=\"anonymous\"><\/script><ins class=\"adsbygoogle\" style=\"display:block;\" data-ad-client=\"ca-pub-8960936133935804\" \ndata-ad-slot=\"6172817020\" \ndata-ad-format=\"auto\"><\/ins>\n<script> \n(adsbygoogle = window.adsbygoogle || []).push({}); \n<\/script>\n<\/div>\n<div class=\"wp-block-cover alignfull is-light\"><span aria-hidden=\"true\" class=\"wp-block-cover__gradient-background has-background-dim\"><\/span><img decoding=\"async\" class=\"wp-block-cover__image-background wp-image-342\" alt=\"Webbkamera Tonale\" src=\"https:\/\/weather-radar-live.com\/wp-content\/uploads\/2021\/06\/sam-schooler-E9aetBe2w40-unsplash-e1622554814366.jpg\" data-object-fit=\"cover\"\/><div class=\"wp-block-cover__inner-container is-layout-flow wp-block-cover-is-layout-flow\">\n<h2 class=\"has-text-align-center heading wp-block-heading\" id=\"webcam-fort-mahon\" style=\"font-size:40px;text-transform:uppercase\"><strong><mark style=\"background-color:rgba(0, 0, 0, 0)\" class=\"has-inline-color has-base-3-color\">Webbkamera<\/mark><\/strong><br><strong><mark style=\"background-color:rgba(0, 0, 0, 0)\" class=\"has-inline-color has-base-3-color\">TONALE<\/mark><\/strong><\/h2>\n<\/div><\/div>\n\n\n<div class=\"yoast-breadcrumbs\"><span><span><a href=\"https:\/\/weather-radar-live.com\/sv\/\">Weather Radar Live<\/a><\/span> \u00bb <span><a href=\"https:\/\/weather-radar-live.com\/sv\/webbkamera\/\">Webbkamera<\/a><\/span> \u00bb <span><a href=\"https:\/\/weather-radar-live.com\/sv\/webbkamera\/italien\/\">Italien<\/a><\/span> \u00bb <span class=\"breadcrumb_last\" aria-current=\"page\"><strong>Webbkamera Tonale<\/strong><\/span><\/span><\/div>\n\n\n<h2 class=\"has-text-align-center wp-block-heading\" id=\"webcam-fort-mahon\"><strong>Webbkamera Tonale<\/strong><\/h2>\n\n\n\n<p>Tonale, \u00e4ven k\u00e4nd som Tonalepasset, \u00e4r ett alpint pass i Italien. P\u00e5 en h\u00f6jd av 1 882 meter f\u00f6rbinder Tonale Lombardiet med Trentino-Sydtyrolen. I kr\u00e5kf\u00e5gelv\u00e4gen ligger passet bara 100 kilometer fr\u00e5n St Moritz i Schweiz. Sedan medeltiden har Tonalepasset varit en av de viktigaste v\u00e4garna f\u00f6r handelsresen\u00e4rer till Italien. F\u00f6rbindelsen \u00e4r ocks\u00e5 av stor betydelse f\u00f6r den lokala turismen. Runt Tonale har du m\u00f6jlighet att njuta av det fantastiska landskapet b\u00e5de sommar och vinter. S\u00e4rskilt p\u00e5 vintern \u00e5tnjuter regionen stor popularitet. Tack vare v\u00e5r webbkamera Tonale kan du sj\u00e4lv ta en titt p\u00e5 passet.<\/p>\n\n\n\n<p>Bland annat v\u00e4ntar ett italienskt krigsmonument fr\u00e5n 1936, en kyrka och ett v\u00e4rdshus p\u00e5 dig l\u00e4ngs den 21 kilometer l\u00e5nga v\u00e4gen. Detta g\u00f6r ett stopp v\u00e4rt att g\u00f6ra f\u00f6r bes\u00f6kare av alla slag. Tonalepasset korsas av Strada Statale 42, en statlig v\u00e4g som \u00e4r trevlig att k\u00f6ra p\u00e5 \u00e4ven med husvagn. Vill du se bilder i realtid av Alppasset? Vi g\u00f6r det m\u00f6jligt med v\u00e5r webbkamera Tonale.<\/p><div id=\"weath-184654501\" class=\"weath-inhalt_2 weath-entity-placement\" style=\"margin-top: 15px;margin-right: 25px;margin-bottom: 35px;margin-left: 25px;\"><script async src=\"\/\/pagead2.googlesyndication.com\/pagead\/js\/adsbygoogle.js?client=ca-pub-8960936133935804\" crossorigin=\"anonymous\"><\/script><ins class=\"adsbygoogle\" style=\"display:block;\" data-ad-client=\"ca-pub-8960936133935804\" \ndata-ad-slot=\"1963584050\" \ndata-ad-format=\"auto\"><\/ins>\n<script> \n(adsbygoogle = window.adsbygoogle || []).push({}); \n<\/script>\n<\/div>\n\n\n\n<div class=\"wp-block-columns is-layout-flex wp-container-core-columns-is-layout-9d6595d7 wp-block-columns-is-layout-flex\">\n<div class=\"wp-block-column webcam-column is-layout-flow wp-block-column-is-layout-flow\">\n<h3 class=\"has-text-align-center wp-block-heading\"> \ud83d\udd34 <strong>Webbkamera<\/strong> <strong>Tonale<\/strong> &#8211; Alto Adige<\/h3>\n\n\n\n<a name=\"windy-webcam-timelapse-player\" data-id=\"1478903862\" data-play=\"day\" href=\"https:\/\/windy.com\/webcams\/1478903862\" target=\"_blank\" rel=\"noopener\">Ponte di Legno &#8217; norr: Passo del Tonale &#8211; Trentino &#8211; Alto Adige<\/a><script async=\"\" type=\"text\/javascript\" src=\"https:\/\/webcams.windy.com\/webcams\/public\/embed\/script\/player.js\"><\/script>\n<\/div>\n\n\n\n<div class=\"wp-block-column webcam-column is-layout-flow wp-block-column-is-layout-flow\">\n<h3 class=\"has-text-align-center wp-block-heading\"> \ud83d\udd34 <strong>Webbkamera Tonale<\/strong> &#8211; Alto Adige South<\/h3>\n\n\n\n<a name=\"windy-webcam-timelapse-player\" data-id=\"1474135241\" data-play=\"day\" href=\"https:\/\/windy.com\/webcams\/1474135241\" target=\"_blank\" rel=\"noopener\">Ponte di Legno &#8217; South: Passo del Tonale &#8211; Trentino-Alto Adige<\/a><script async=\"\" type=\"text\/javascript\" src=\"https:\/\/webcams.windy.com\/webcams\/public\/embed\/script\/player.js\"><\/script>\n<\/div>\n<\/div>\n\n\n\n<h2 class=\"wp-block-heading\" id=\"fort-mahon-today\"><strong>V\u00e4derradar Tonale &#8211; V\u00e4dret i Tonale<\/strong><\/h2>\n\n\n\n<p>Avsp\u00e4nt tar vi den aktuella v\u00e4dersituationen vid Tonalepasset hem till dig. Men f\u00f6r all viktig information om v\u00e4dret i realtid st\u00e5r inte bara webbkameran till ditt f\u00f6rfogande. V\u00e4derradaren ger dig ocks\u00e5 information om hur f\u00f6rh\u00e5llandena \u00e4r p\u00e5 plats. Radarn visar dig bland annat nederb\u00f6rden i f\u00e4rg. Bl\u00e5 och gr\u00f6na markeringar indikerar en liten m\u00e4ngd regn eller sn\u00f6. Om omr\u00e5dena f\u00e4rgas r\u00f6tt eller lila \u00e4r det kraftig nederb\u00f6rd. Ett \u00e5skv\u00e4der indikeras med en liten blixt.<\/p>\n\n\n\n<div class=\"wp-block-columns is-layout-flex wp-container-core-columns-is-layout-9d6595d7 wp-block-columns-is-layout-flex\">\n<div class=\"wp-block-column is-layout-flow wp-block-column-is-layout-flow\" style=\"flex-basis:75%\">\n<iframe loading=\"lazy\" width=\"1300\" height=\"502\" src=\"https:\/\/embed.windy.com\/embed2.html?lat=46.258&amp;lon=10.479&amp;detailLat=46.258&amp;detailLon=10.479&amp;width=1300&amp;height=502&amp;zoom=11&amp;level=surface&amp;overlay=rain&amp;product=ecmwf&amp;menu=&amp;message=&amp;marker=&amp;calendar=now&amp;pressure=&amp;type=map&amp;location=coordinates&amp;detail=&amp;metricWind=default&amp;metricTemp=default&amp;radarRange=-1\" frameborder=\"0\"><\/iframe>\n<\/div>\n\n\n\n<div class=\"wp-block-column is-layout-flow wp-block-column-is-layout-flow\" style=\"flex-basis:25%\">\n<a class=\"weatherwidget-io\" href=\"https:\/\/forecast7.com\/sv\/46d2610d51\/ponte-di-legno\/\" data-label_1=\"PONTE DI LEGNO\" data-theme=\"original\" >PONTE DI LEGNO<\/a>\n<script>\n!function(d,s,id){var js,fjs=d.getElementsByTagName(s)[0];if(!d.getElementById(id)){js=d.createElement(s);js.id=id;js.src='https:\/\/weatherwidget.io\/js\/widget.min.js';fjs.parentNode.insertBefore(js,fjs);}}(document,'script','weatherwidget-io-js');\n<\/script>\n<\/div>\n<\/div>\n\n\n\n<h2 class=\"wp-block-heading\" id=\"fort-mahon-weather\"><strong>Klimatet i Tonale<\/strong><\/h2>\n\n\n\n<p>Tonalepasset tillh\u00f6r klimatzonen med medelbreddiga breddgrader. D\u00e4rf\u00f6r \u00e4r klimatet l\u00e4ngs den alpina str\u00e4ckan kontinentalt. Med ett genomsnitt p\u00e5 29\u00b0 Celsius \u00e4r juli den varmaste m\u00e5naden. \u00c4ven i juni, augusti och september ligger temperaturen vanligtvis \u00f6ver 25\u00b0 Celsius. Den kallaste m\u00e5naden \u00e4r januari. H\u00e4r kan termometern sjunka under 0\u00b0 Celsius. I mitten av \u00e5ret, fr\u00e5n maj till augusti, \u00e4r det flest regniga dagar. Det kan regna upp till 10 dagar i m\u00e5naden.<\/p>\n\n\n\n<h2 class=\"wp-block-heading\"><strong>Sev\u00e4rdheter i Tonale<\/strong><\/h2>\n\n\n\n<p>Tonale \u00e4r en vacker f\u00f6rbindelsestr\u00e4cka fr\u00e5n Bolzano \u00f6ver Mendola-passet till Gavia-passet. Runt det alpina passet v\u00e4ntar ett stort skidomr\u00e5de med 46 kilometer backar. D\u00e4rf\u00f6r \u00e4r regionen runt Tonalepasset ett popul\u00e4rt resm\u00e5l f\u00f6r vintersportentusiaster. H\u00e4r kan du \u00e5ka skidor n\u00e4stan \u00e5ret runt. Men Tonale \u00e4r ocks\u00e5 en utm\u00e4rkt utg\u00e5ngspunkt f\u00f6r bergsturer och vandringar. Att korsa alppasset p\u00e5 cykel \u00e4r ocks\u00e5 en h\u00f6jdpunkt f\u00f6r passionerade cyklister.<\/p>\n","protected":false},"excerpt":{"rendered":"<p>Webbkamera Tonale Tonale, \u00e4ven k\u00e4nd som Tonalepasset, \u00e4r ett alpint pass i Italien. P\u00e5 en h\u00f6jd av 1 882 meter f\u00f6rbinder Tonale Lombardiet med Trentino-Sydtyrolen. I kr\u00e5kf\u00e5gelv\u00e4gen ligger passet bara 100 kilometer fr\u00e5n St Moritz i Schweiz. Sedan medeltiden har Tonalepasset varit en av de viktigaste v\u00e4garna f\u00f6r handelsresen\u00e4rer till Italien. F\u00f6rbindelsen \u00e4r ocks\u00e5 av &#8230; <a title=\"Webbkamera Tonale\" class=\"read-more\" href=\"https:\/\/weather-radar-live.com\/sv\/webbkamera\/italien\/webbkamera-tonale\/\" aria-label=\"L\u00e4s mer om Webbkamera Tonale\">L\u00e4s mer<\/a><\/p>\n","protected":false},"author":1,"featured_media":7036,"parent":4314,"menu_order":0,"comment_status":"closed","ping_status":"closed","template":"","meta":{"footnotes":""},"class_list":["post-7083","page","type-page","status-publish","has-post-thumbnail"],"yoast_head":"<!-- This site is optimized with the Yoast SEO plugin v27.5 - https:\/\/yoast.com\/product\/yoast-seo-wordpress\/ -->\n<title>Webbkamera Tonale \u2192 Se det live!<\/title>\n<meta name=\"description\" content=\"Webbkamera Tonale | Livecam av Tonale! \u2705 Uppdaterad f\u00f6r dig i realtid! \u2705 Aktuell v\u00e4derprognos!\" \/>\n<meta name=\"robots\" content=\"index, follow, max-snippet:-1, max-image-preview:large, max-video-preview:-1\" \/>\n<link rel=\"canonical\" href=\"https:\/\/weather-radar-live.com\/sv\/webbkamera\/italien\/webbkamera-tonale\/\" \/>\n<meta property=\"og:locale\" content=\"sv_SE\" \/>\n<meta property=\"og:type\" content=\"article\" \/>\n<meta property=\"og:title\" content=\"Webbkamera Tonale \u2192 Se det live!\" \/>\n<meta property=\"og:description\" content=\"Webbkamera Tonale | Livecam av Tonale! \u2705 Uppdaterad f\u00f6r dig i realtid! \u2705 Aktuell v\u00e4derprognos!\" \/>\n<meta property=\"og:url\" content=\"https:\/\/weather-radar-live.com\/sv\/webbkamera\/italien\/webbkamera-tonale\/\" \/>\n<meta property=\"og:site_name\" content=\"weather-radar-live.com\" \/>\n<meta property=\"article:modified_time\" content=\"2022-08-24T19:33:04+00:00\" \/>\n<meta property=\"og:image\" content=\"https:\/\/weather-radar-live.com\/wp-content\/uploads\/2022\/08\/Webcam-Tonale-e1661344116470.jpg\" \/>\n\t<meta property=\"og:image:width\" content=\"1886\" \/>\n\t<meta property=\"og:image:height\" content=\"914\" \/>\n\t<meta property=\"og:image:type\" content=\"image\/jpeg\" \/>\n<meta name=\"twitter:card\" content=\"summary_large_image\" \/>\n<meta name=\"twitter:label1\" content=\"Ber\u00e4knad l\u00e4stid\" \/>\n\t<meta name=\"twitter:data1\" content=\"3 minuter\" \/>\n<script type=\"application\/ld+json\" class=\"yoast-schema-graph\">{\"@context\":\"https:\\\/\\\/schema.org\",\"@graph\":[{\"@type\":\"WebPage\",\"@id\":\"https:\\\/\\\/weather-radar-live.com\\\/sv\\\/webbkamera\\\/italien\\\/webbkamera-tonale\\\/\",\"url\":\"https:\\\/\\\/weather-radar-live.com\\\/sv\\\/webbkamera\\\/italien\\\/webbkamera-tonale\\\/\",\"name\":\"Webbkamera Tonale \u2192 Se det live!\",\"isPartOf\":{\"@id\":\"https:\\\/\\\/weather-radar-live.com\\\/#website\"},\"primaryImageOfPage\":{\"@id\":\"https:\\\/\\\/weather-radar-live.com\\\/sv\\\/webbkamera\\\/italien\\\/webbkamera-tonale\\\/#primaryimage\"},\"image\":{\"@id\":\"https:\\\/\\\/weather-radar-live.com\\\/sv\\\/webbkamera\\\/italien\\\/webbkamera-tonale\\\/#primaryimage\"},\"thumbnailUrl\":\"https:\\\/\\\/weather-radar-live.com\\\/wp-content\\\/uploads\\\/2022\\\/08\\\/Webcam-Tonale-e1661344116470.jpg\",\"datePublished\":\"2022-08-24T19:30:39+00:00\",\"dateModified\":\"2022-08-24T19:33:04+00:00\",\"description\":\"Webbkamera Tonale | Livecam av Tonale! \u2705 Uppdaterad f\u00f6r dig i realtid! \u2705 Aktuell v\u00e4derprognos!\",\"breadcrumb\":{\"@id\":\"https:\\\/\\\/weather-radar-live.com\\\/sv\\\/webbkamera\\\/italien\\\/webbkamera-tonale\\\/#breadcrumb\"},\"inLanguage\":\"sv-SE\",\"potentialAction\":[{\"@type\":\"ReadAction\",\"target\":[\"https:\\\/\\\/weather-radar-live.com\\\/sv\\\/webbkamera\\\/italien\\\/webbkamera-tonale\\\/\"]}]},{\"@type\":\"ImageObject\",\"inLanguage\":\"sv-SE\",\"@id\":\"https:\\\/\\\/weather-radar-live.com\\\/sv\\\/webbkamera\\\/italien\\\/webbkamera-tonale\\\/#primaryimage\",\"url\":\"https:\\\/\\\/weather-radar-live.com\\\/wp-content\\\/uploads\\\/2022\\\/08\\\/Webcam-Tonale-e1661344116470.jpg\",\"contentUrl\":\"https:\\\/\\\/weather-radar-live.com\\\/wp-content\\\/uploads\\\/2022\\\/08\\\/Webcam-Tonale-e1661344116470.jpg\",\"width\":1886,\"height\":914,\"caption\":\"Webcam Tonale\"},{\"@type\":\"BreadcrumbList\",\"@id\":\"https:\\\/\\\/weather-radar-live.com\\\/sv\\\/webbkamera\\\/italien\\\/webbkamera-tonale\\\/#breadcrumb\",\"itemListElement\":[{\"@type\":\"ListItem\",\"position\":1,\"name\":\"Weather Radar Live\",\"item\":\"https:\\\/\\\/weather-radar-live.com\\\/sv\\\/\"},{\"@type\":\"ListItem\",\"position\":2,\"name\":\"Webbkamera\",\"item\":\"https:\\\/\\\/weather-radar-live.com\\\/sv\\\/webbkamera\\\/\"},{\"@type\":\"ListItem\",\"position\":3,\"name\":\"Italien\",\"item\":\"https:\\\/\\\/weather-radar-live.com\\\/sv\\\/webbkamera\\\/italien\\\/\"},{\"@type\":\"ListItem\",\"position\":4,\"name\":\"Webbkamera Tonale\"}]},{\"@type\":\"WebSite\",\"@id\":\"https:\\\/\\\/weather-radar-live.com\\\/#website\",\"url\":\"https:\\\/\\\/weather-radar-live.com\\\/\",\"name\":\"weather-radar-live.com\",\"description\":\"Your weather and sky radar.\",\"publisher\":{\"@id\":\"https:\\\/\\\/weather-radar-live.com\\\/#organization\"},\"potentialAction\":[{\"@type\":\"SearchAction\",\"target\":{\"@type\":\"EntryPoint\",\"urlTemplate\":\"https:\\\/\\\/weather-radar-live.com\\\/?s={search_term_string}\"},\"query-input\":{\"@type\":\"PropertyValueSpecification\",\"valueRequired\":true,\"valueName\":\"search_term_string\"}}],\"inLanguage\":\"sv-SE\"},{\"@type\":\"Organization\",\"@id\":\"https:\\\/\\\/weather-radar-live.com\\\/#organization\",\"name\":\"weather-radar-live.com\",\"url\":\"https:\\\/\\\/weather-radar-live.com\\\/\",\"logo\":{\"@type\":\"ImageObject\",\"inLanguage\":\"sv-SE\",\"@id\":\"https:\\\/\\\/weather-radar-live.com\\\/#\\\/schema\\\/logo\\\/image\\\/\",\"url\":\"https:\\\/\\\/weather-radar-live.com\\\/wp-content\\\/uploads\\\/2022\\\/03\\\/cropped-WRL2503.png\",\"contentUrl\":\"https:\\\/\\\/weather-radar-live.com\\\/wp-content\\\/uploads\\\/2022\\\/03\\\/cropped-WRL2503.png\",\"width\":1920,\"height\":555,\"caption\":\"weather-radar-live.com\"},\"image\":{\"@id\":\"https:\\\/\\\/weather-radar-live.com\\\/#\\\/schema\\\/logo\\\/image\\\/\"}}]}<\/script>\n<!-- \/ Yoast SEO plugin. -->","yoast_head_json":{"title":"Webbkamera Tonale \u2192 Se det live!","description":"Webbkamera Tonale | Livecam av Tonale! \u2705 Uppdaterad f\u00f6r dig i realtid! \u2705 Aktuell v\u00e4derprognos!","robots":{"index":"index","follow":"follow","max-snippet":"max-snippet:-1","max-image-preview":"max-image-preview:large","max-video-preview":"max-video-preview:-1"},"canonical":"https:\/\/weather-radar-live.com\/sv\/webbkamera\/italien\/webbkamera-tonale\/","og_locale":"sv_SE","og_type":"article","og_title":"Webbkamera Tonale \u2192 Se det live!","og_description":"Webbkamera Tonale | Livecam av Tonale! \u2705 Uppdaterad f\u00f6r dig i realtid! \u2705 Aktuell v\u00e4derprognos!","og_url":"https:\/\/weather-radar-live.com\/sv\/webbkamera\/italien\/webbkamera-tonale\/","og_site_name":"weather-radar-live.com","article_modified_time":"2022-08-24T19:33:04+00:00","og_image":[{"width":1886,"height":914,"url":"https:\/\/weather-radar-live.com\/wp-content\/uploads\/2022\/08\/Webcam-Tonale-e1661344116470.jpg","type":"image\/jpeg"}],"twitter_card":"summary_large_image","twitter_misc":{"Ber\u00e4knad l\u00e4stid":"3 minuter"},"schema":{"@context":"https:\/\/schema.org","@graph":[{"@type":"WebPage","@id":"https:\/\/weather-radar-live.com\/sv\/webbkamera\/italien\/webbkamera-tonale\/","url":"https:\/\/weather-radar-live.com\/sv\/webbkamera\/italien\/webbkamera-tonale\/","name":"Webbkamera Tonale \u2192 Se det live!","isPartOf":{"@id":"https:\/\/weather-radar-live.com\/#website"},"primaryImageOfPage":{"@id":"https:\/\/weather-radar-live.com\/sv\/webbkamera\/italien\/webbkamera-tonale\/#primaryimage"},"image":{"@id":"https:\/\/weather-radar-live.com\/sv\/webbkamera\/italien\/webbkamera-tonale\/#primaryimage"},"thumbnailUrl":"https:\/\/weather-radar-live.com\/wp-content\/uploads\/2022\/08\/Webcam-Tonale-e1661344116470.jpg","datePublished":"2022-08-24T19:30:39+00:00","dateModified":"2022-08-24T19:33:04+00:00","description":"Webbkamera Tonale | Livecam av Tonale! \u2705 Uppdaterad f\u00f6r dig i realtid! \u2705 Aktuell v\u00e4derprognos!","breadcrumb":{"@id":"https:\/\/weather-radar-live.com\/sv\/webbkamera\/italien\/webbkamera-tonale\/#breadcrumb"},"inLanguage":"sv-SE","potentialAction":[{"@type":"ReadAction","target":["https:\/\/weather-radar-live.com\/sv\/webbkamera\/italien\/webbkamera-tonale\/"]}]},{"@type":"ImageObject","inLanguage":"sv-SE","@id":"https:\/\/weather-radar-live.com\/sv\/webbkamera\/italien\/webbkamera-tonale\/#primaryimage","url":"https:\/\/weather-radar-live.com\/wp-content\/uploads\/2022\/08\/Webcam-Tonale-e1661344116470.jpg","contentUrl":"https:\/\/weather-radar-live.com\/wp-content\/uploads\/2022\/08\/Webcam-Tonale-e1661344116470.jpg","width":1886,"height":914,"caption":"Webcam Tonale"},{"@type":"BreadcrumbList","@id":"https:\/\/weather-radar-live.com\/sv\/webbkamera\/italien\/webbkamera-tonale\/#breadcrumb","itemListElement":[{"@type":"ListItem","position":1,"name":"Weather Radar Live","item":"https:\/\/weather-radar-live.com\/sv\/"},{"@type":"ListItem","position":2,"name":"Webbkamera","item":"https:\/\/weather-radar-live.com\/sv\/webbkamera\/"},{"@type":"ListItem","position":3,"name":"Italien","item":"https:\/\/weather-radar-live.com\/sv\/webbkamera\/italien\/"},{"@type":"ListItem","position":4,"name":"Webbkamera Tonale"}]},{"@type":"WebSite","@id":"https:\/\/weather-radar-live.com\/#website","url":"https:\/\/weather-radar-live.com\/","name":"weather-radar-live.com","description":"Your weather and sky radar.","publisher":{"@id":"https:\/\/weather-radar-live.com\/#organization"},"potentialAction":[{"@type":"SearchAction","target":{"@type":"EntryPoint","urlTemplate":"https:\/\/weather-radar-live.com\/?s={search_term_string}"},"query-input":{"@type":"PropertyValueSpecification","valueRequired":true,"valueName":"search_term_string"}}],"inLanguage":"sv-SE"},{"@type":"Organization","@id":"https:\/\/weather-radar-live.com\/#organization","name":"weather-radar-live.com","url":"https:\/\/weather-radar-live.com\/","logo":{"@type":"ImageObject","inLanguage":"sv-SE","@id":"https:\/\/weather-radar-live.com\/#\/schema\/logo\/image\/","url":"https:\/\/weather-radar-live.com\/wp-content\/uploads\/2022\/03\/cropped-WRL2503.png","contentUrl":"https:\/\/weather-radar-live.com\/wp-content\/uploads\/2022\/03\/cropped-WRL2503.png","width":1920,"height":555,"caption":"weather-radar-live.com"},"image":{"@id":"https:\/\/weather-radar-live.com\/#\/schema\/logo\/image\/"}}]}},"_links":{"self":[{"href":"https:\/\/weather-radar-live.com\/sv\/wp-json\/wp\/v2\/pages\/7083","targetHints":{"allow":["GET"]}}],"collection":[{"href":"https:\/\/weather-radar-live.com\/sv\/wp-json\/wp\/v2\/pages"}],"about":[{"href":"https:\/\/weather-radar-live.com\/sv\/wp-json\/wp\/v2\/types\/page"}],"author":[{"embeddable":true,"href":"https:\/\/weather-radar-live.com\/sv\/wp-json\/wp\/v2\/users\/1"}],"replies":[{"embeddable":true,"href":"https:\/\/weather-radar-live.com\/sv\/wp-json\/wp\/v2\/comments?post=7083"}],"version-history":[{"count":2,"href":"https:\/\/weather-radar-live.com\/sv\/wp-json\/wp\/v2\/pages\/7083\/revisions"}],"predecessor-version":[{"id":7111,"href":"https:\/\/weather-radar-live.com\/sv\/wp-json\/wp\/v2\/pages\/7083\/revisions\/7111"}],"up":[{"embeddable":true,"href":"https:\/\/weather-radar-live.com\/sv\/wp-json\/wp\/v2\/pages\/4314"}],"wp:featuredmedia":[{"embeddable":true,"href":"https:\/\/weather-radar-live.com\/sv\/wp-json\/wp\/v2\/media\/7036"}],"wp:attachment":[{"href":"https:\/\/weather-radar-live.com\/sv\/wp-json\/wp\/v2\/media?parent=7083"}],"curies":[{"name":"wp","href":"https:\/\/api.w.org\/{rel}","templated":true}]}}