{"id":7047,"date":"2022-08-24T20:54:08","date_gmt":"2022-08-24T18:54:08","guid":{"rendered":"https:\/\/weather-radar-live.com\/?page_id=7047"},"modified":"2022-08-24T20:57:54","modified_gmt":"2022-08-24T18:57:54","slug":"webbkamera-cerreto-laghi","status":"publish","type":"page","link":"https:\/\/weather-radar-live.com\/sv\/webbkamera\/italien\/webbkamera-cerreto-laghi\/","title":{"rendered":"Webbkamera Cerreto Laghi"},"content":{"rendered":"<div id=\"weath-2750202533\" class=\"weath-vor-dem-inhalt weath-entity-placement\" style=\"margin-top: 15px;margin-right: 25px;margin-bottom: 40px;margin-left: 25px;\"><script async src=\"\/\/pagead2.googlesyndication.com\/pagead\/js\/adsbygoogle.js?client=ca-pub-8960936133935804\" crossorigin=\"anonymous\"><\/script><ins class=\"adsbygoogle\" style=\"display:block;\" data-ad-client=\"ca-pub-8960936133935804\" \ndata-ad-slot=\"6172817020\" \ndata-ad-format=\"auto\"><\/ins>\n<script> \n(adsbygoogle = window.adsbygoogle || []).push({}); \n<\/script>\n<\/div>\n<div class=\"wp-block-cover alignfull is-light\"><span aria-hidden=\"true\" class=\"wp-block-cover__gradient-background has-background-dim\"><\/span><img decoding=\"async\" class=\"wp-block-cover__image-background wp-image-342\" alt=\"Webbkamera Cerreto Laghi\" src=\"https:\/\/weather-radar-live.com\/wp-content\/uploads\/2021\/06\/sam-schooler-E9aetBe2w40-unsplash-e1622554814366.jpg\" data-object-fit=\"cover\"\/><div class=\"wp-block-cover__inner-container is-layout-flow wp-block-cover-is-layout-flow\">\n<h2 class=\"has-text-align-center heading wp-block-heading\" id=\"webcam-fort-mahon\" style=\"font-size:40px;text-transform:uppercase\"><strong><mark style=\"background-color:rgba(0, 0, 0, 0)\" class=\"has-inline-color has-base-3-color\">WEBBKAMERA <\/mark><\/strong><br><strong><mark style=\"background-color:rgba(0, 0, 0, 0)\" class=\"has-inline-color has-base-3-color\">CERRETO LAGHI<\/mark><\/strong><\/h2>\n<\/div><\/div>\n\n\n<div class=\"yoast-breadcrumbs\"><span><span><a href=\"https:\/\/weather-radar-live.com\/sv\/\">Weather Radar Live<\/a><\/span> \u00bb <span><a href=\"https:\/\/weather-radar-live.com\/sv\/webbkamera\/\">Webbkamera<\/a><\/span> \u00bb <span><a href=\"https:\/\/weather-radar-live.com\/sv\/webbkamera\/italien\/\">Italien<\/a><\/span> \u00bb <span class=\"breadcrumb_last\" aria-current=\"page\"><strong>Webbkamera Cerreto Laghi<\/strong><\/span><\/span><\/div>\n\n\n<h2 class=\"has-text-align-center wp-block-heading\" id=\"webcam-fort-mahon\"><strong>Webbkamera Cerreto Laghi<\/strong><\/h2>\n\n\n\n<p>Webbkameran Cerreto Laghi ger dig m\u00f6jlighet att n\u00e4r som helst observera den hisnande skidorten i den italienska provinsen Reggio Emilia. Vintersportomr\u00e5det, som ligger p\u00e5 en h\u00f6jd av 1350 till 1831 meter \u00f6ver havet, \u00e4r utrustat med totalt fem skidliftar, stolliftar och ytliftar. Totalt 9,2 kilometer backar \u00e4r tillg\u00e4ngliga f\u00f6r skid\u00e5kning och snowboarding. Via webbkameran Cerreto Laghi kan du se vintersportare i sn\u00f6bruset och f\u00e5 inspiration till din egen skidsemester.<\/p>\n\n\n\n<p>Provinsen Reggio Emilia, vars huvudstad \u00e4r Reggio nell&#8217;Emilia, ligger i norra Italien och omsluts av floden Po i norr och av en bergskedja, Apenninerna, i s\u00f6der. Reggio Emilia gr\u00e4nsar till Parma i \u00f6ster och Modena i v\u00e4ster. I Reggio Emilia finns olika skidorter samt Cerreto Laghi, som \u00e4r sv\u00e5r att sl\u00e5 i fr\u00e5ga om sk\u00f6nhet. De m\u00e5nader d\u00e5 det alltid finns sn\u00f6 i Cerreto Laghi \u00e4r november till mars. Under de \u00f6vriga m\u00e5naderna v\u00e4ntar soliga alp\u00e4ngar och hisnande klippmassiv. Cerreto Laghi har totalt 10 skidbackar. Av dessa \u00e4r 10 procent vardera gr\u00f6na och bl\u00e5 pister, 50 procent r\u00f6da och 30 procent svarta. Den l\u00e4ngsta nedfarten \u00e4r sju kilometer och den totala skidbara ytan \u00e4r 15 kilometer. Dessutom finns \u00f6ver fyra kilometer skidkanoner installerade.<\/p><div id=\"weath-2835450085\" class=\"weath-inhalt_2 weath-entity-placement\" style=\"margin-top: 15px;margin-right: 25px;margin-bottom: 35px;margin-left: 25px;\"><script async src=\"\/\/pagead2.googlesyndication.com\/pagead\/js\/adsbygoogle.js?client=ca-pub-8960936133935804\" crossorigin=\"anonymous\"><\/script><ins class=\"adsbygoogle\" style=\"display:block;\" data-ad-client=\"ca-pub-8960936133935804\" \ndata-ad-slot=\"1963584050\" \ndata-ad-format=\"auto\"><\/ins>\n<script> \n(adsbygoogle = window.adsbygoogle || []).push({}); \n<\/script>\n<\/div>\n\n\n\n<div class=\"wp-block-columns is-layout-flex wp-container-core-columns-is-layout-9d6595d7 wp-block-columns-is-layout-flex\">\n<div class=\"wp-block-column webcam-column is-layout-flow wp-block-column-is-layout-flow\">\n<h3 class=\"has-text-align-center wp-block-heading\"> \ud83d\udd34 <strong>Webbkamera<\/strong> <strong><strong><strong>Cerreto Laghi<\/strong><\/strong><\/strong> &#8211; Cerretano-sj\u00f6n<\/h3>\n\n\n\n<a name=\"windy-webcam-timelapse-player\" data-id=\"1330696185\" data-play=\"day\" href=\"https:\/\/windy.com\/webcams\/1330696185\" target=\"_blank\" rel=\"noopener\">Ventasso: Cerreto Laghi<\/a><script async=\"\" type=\"text\/javascript\" src=\"https:\/\/webcams.windy.com\/webcams\/public\/embed\/script\/player.js\"><\/script>\n<\/div>\n\n\n\n<div class=\"wp-block-column webcam-column is-layout-flow wp-block-column-is-layout-flow\">\n<h3 class=\"has-text-align-center wp-block-heading\"> \ud83d\udd34 <strong>Webbkamera <strong><strong>Cerreto Laghi<\/strong><\/strong><\/strong> &#8211; Monte La Nuda<\/h3>\n\n\n\n<a name=\"windy-webcam-timelapse-player\" data-id=\"1327598511\" data-play=\"day\" href=\"https:\/\/windy.com\/webcams\/1327598511\" target=\"_blank\" rel=\"noopener\">Ventasso: Passo del Cerreto &#8211; monte La Nuda<\/a><script async=\"\" type=\"text\/javascript\" src=\"https:\/\/webcams.windy.com\/webcams\/public\/embed\/script\/player.js\"><\/script>\n<\/div>\n<\/div>\n\n\n\n<div class=\"wp-block-columns is-layout-flex wp-container-core-columns-is-layout-9d6595d7 wp-block-columns-is-layout-flex\">\n<div class=\"wp-block-column is-layout-flow wp-block-column-is-layout-flow\" style=\"flex-basis:25%\"><\/div>\n\n\n\n<div class=\"wp-block-column webcam-column is-layout-flow wp-block-column-is-layout-flow\">\n<h3 class=\"has-text-align-center wp-block-heading\"> \ud83d\udd34 <strong>Webbkamera Cerreto Laghi<\/strong> &#8211; centrum<\/h3>\n\n\n\n<a name=\"windy-webcam-timelapse-player\" data-id=\"1330517451\" data-play=\"day\" href=\"https:\/\/windy.com\/webcams\/1330517451\" target=\"_blank\" rel=\"noopener\">Ventasso: Cerreto Laghi Centro &#8211; 1.350 mslm<\/a><script async=\"\" type=\"text\/javascript\" src=\"https:\/\/webcams.windy.com\/webcams\/public\/embed\/script\/player.js\"><\/script>\n<\/div>\n\n\n\n<div class=\"wp-block-column is-layout-flow wp-block-column-is-layout-flow\" style=\"flex-basis:25%\"><\/div>\n<\/div>\n\n\n\n<h2 class=\"wp-block-heading\" id=\"fort-mahon-today\"><strong>V\u00e4derradar Cerreto Laghi &#8211; V\u00e4dret i Cerreto Laghi<\/strong><\/h2>\n\n\n\n<p>V\u00e5r webbkamera Cerreto Laghi ger dig en bild av v\u00e4derf\u00f6rh\u00e5llandena i skidorten. Du kan se i realtid om det regnar, sn\u00f6ar eller om solen skiner. Men vi erbjuder dig \u00e4nnu mer med v\u00e5r v\u00e4derradar. V\u00e4derradaren ger dig en \u00f6verblick \u00f6ver nederb\u00f6rden samt v\u00e4derprognos och vindf\u00f6rh\u00e5llanden runt Cerreto Laghi. Beroende p\u00e5 f\u00e4rgen kan du se intensiteten av nederb\u00f6rden. Gr\u00f6nt och bl\u00e5tt \u00e4r en indikation p\u00e5 lite nederb\u00f6rd &#8211; r\u00f6tt och lila indikerar en stor m\u00e4ngd nederb\u00f6rd.<\/p>\n\n\n\n<div class=\"wp-block-columns is-layout-flex wp-container-core-columns-is-layout-9d6595d7 wp-block-columns-is-layout-flex\">\n<div class=\"wp-block-column is-layout-flow wp-block-column-is-layout-flow\" style=\"flex-basis:75%\">\n<iframe loading=\"lazy\" width=\"1300\" height=\"502\" src=\"https:\/\/embed.windy.com\/embed2.html?lat=44.298&amp;lon=10.238&amp;detailLat=44.298&amp;detailLon=10.238&amp;width=1300&amp;height=502&amp;zoom=11&amp;level=surface&amp;overlay=rain&amp;product=ecmwf&amp;menu=&amp;message=&amp;marker=&amp;calendar=now&amp;pressure=&amp;type=map&amp;location=coordinates&amp;detail=&amp;metricWind=default&amp;metricTemp=default&amp;radarRange=-1\" frameborder=\"0\"><\/iframe>\n<\/div>\n\n\n\n<div class=\"wp-block-column is-layout-flow wp-block-column-is-layout-flow\" style=\"flex-basis:25%\">\n<a class=\"weatherwidget-io\" href=\"https:\/\/forecast7.com\/sv\/44d3010d24\/cerreto-laghi\/\" data-label_1=\"CERRETO LAGHI\" data-theme=\"original\" >CERRETO LAGHI<\/a>\n<script>\n!function(d,s,id){var js,fjs=d.getElementsByTagName(s)[0];if(!d.getElementById(id)){js=d.createElement(s);js.id=id;js.src='https:\/\/weatherwidget.io\/js\/widget.min.js';fjs.parentNode.insertBefore(js,fjs);}}(document,'script','weatherwidget-io-js');\n<\/script>\n<\/div>\n<\/div>\n\n\n\n<h2 class=\"wp-block-heading\" id=\"fort-mahon-weather\"><strong>Klimatet i Cerreto Laghi<\/strong><\/h2>\n\n\n\n<p>Temperaturerna i skidorten Cerreto Laghi varierar fr\u00e5n -4 till 2 \u00b0C i januari och fr\u00e5n 12 till 21 \u00b0C i juli\/augusti. De f\u00f6rh\u00e4rskande vindhastigheterna i Cerreto Laghi \u00e4r, trots h\u00f6jden, minimala och \u00f6verstiger normalt inte 19 km\/h. P\u00e5 grund av det utsatta l\u00e4get bl\u00e5ser vinden uteslutande fr\u00e5n nord\u00f6stliga och sydv\u00e4stliga riktningar. Soliga dagar och nederb\u00f6rdsdagar (sn\u00f6) balanserar varandra under skids\u00e4songen.<\/p>\n\n\n\n<h2 class=\"wp-block-heading\"><strong>Sev\u00e4rdheter i Cerreto Laghi<\/strong><\/h2>\n\n\n\n<p>Cerreto Laghi \u00e4r naturligtvis predestinerat f\u00f6r skidsemester och \u00e4r i f\u00f6rsta hand inriktat p\u00e5 dem. Om du bes\u00f6ker regionen under sommarm\u00e5naderna b\u00f6r du g\u00f6ra ett bes\u00f6k p\u00e5 Percorso arancio. Leden \u00e4r perfekt f\u00f6r mountainbike\u00e5kning och har b\u00e5de l\u00e4tta och sv\u00e5ra str\u00e4ckor att erbjuda. Du kan ocks\u00e5 njuta av den romantiska Lago Calamone, en sj\u00f6 som du inte kommer att gl\u00f6mma. Eller kanske vill du sl\u00e4ppa loss \u00e5nga i en kl\u00e4tterpark? \u00c4ven f\u00f6r detta hittar du den perfekta platsen n\u00e4ra Cerreto Laghi. Parco Avventura Cerwood \u00e4r en fantastisk h\u00f6gh\u00f6jdsbana som gl\u00e4der b\u00e5de unga och gamla.<\/p>\n","protected":false},"excerpt":{"rendered":"<p>Webbkamera Cerreto Laghi Webbkameran Cerreto Laghi ger dig m\u00f6jlighet att n\u00e4r som helst observera den hisnande skidorten i den italienska provinsen Reggio Emilia. Vintersportomr\u00e5det, som ligger p\u00e5 en h\u00f6jd av 1350 till 1831 meter \u00f6ver havet, \u00e4r utrustat med totalt fem skidliftar, stolliftar och ytliftar. Totalt 9,2 kilometer backar \u00e4r tillg\u00e4ngliga f\u00f6r skid\u00e5kning och snowboarding. &#8230; <a title=\"Webbkamera Cerreto Laghi\" class=\"read-more\" href=\"https:\/\/weather-radar-live.com\/sv\/webbkamera\/italien\/webbkamera-cerreto-laghi\/\" aria-label=\"L\u00e4s mer om Webbkamera Cerreto Laghi\">L\u00e4s mer<\/a><\/p>\n","protected":false},"author":1,"featured_media":6965,"parent":4314,"menu_order":0,"comment_status":"closed","ping_status":"closed","template":"","meta":{"footnotes":""},"class_list":["post-7047","page","type-page","status-publish","has-post-thumbnail"],"yoast_head":"<!-- This site is optimized with the Yoast SEO plugin v27.5 - https:\/\/yoast.com\/product\/yoast-seo-wordpress\/ -->\n<title>Webbkamera Cerreto Laghi\u2192 Se det live!<\/title>\n<meta name=\"description\" content=\"Webbkamera Cerreto Laghi | Livekamera fr\u00e5n Cerreto Laghi! \u2705 Uppdaterad f\u00f6r dig i realtid! \u2705 Aktuell v\u00e4derprognos!\" \/>\n<meta name=\"robots\" content=\"index, follow, max-snippet:-1, max-image-preview:large, max-video-preview:-1\" \/>\n<link rel=\"canonical\" href=\"https:\/\/weather-radar-live.com\/sv\/webbkamera\/italien\/webbkamera-cerreto-laghi\/\" \/>\n<meta property=\"og:locale\" content=\"sv_SE\" \/>\n<meta property=\"og:type\" content=\"article\" \/>\n<meta property=\"og:title\" content=\"Webbkamera Cerreto Laghi\u2192 Se det live!\" \/>\n<meta property=\"og:description\" content=\"Webbkamera Cerreto Laghi | Livekamera fr\u00e5n Cerreto Laghi! \u2705 Uppdaterad f\u00f6r dig i realtid! \u2705 Aktuell v\u00e4derprognos!\" \/>\n<meta property=\"og:url\" content=\"https:\/\/weather-radar-live.com\/sv\/webbkamera\/italien\/webbkamera-cerreto-laghi\/\" \/>\n<meta property=\"og:site_name\" content=\"weather-radar-live.com\" \/>\n<meta property=\"article:modified_time\" content=\"2022-08-24T18:57:54+00:00\" \/>\n<meta property=\"og:image\" content=\"https:\/\/weather-radar-live.com\/wp-content\/uploads\/2022\/08\/Webcam-Cerreto-Laghi-e1661336154284.jpg\" \/>\n\t<meta property=\"og:image:width\" content=\"1896\" \/>\n\t<meta property=\"og:image:height\" content=\"847\" \/>\n\t<meta property=\"og:image:type\" content=\"image\/jpeg\" \/>\n<meta name=\"twitter:card\" content=\"summary_large_image\" \/>\n<meta name=\"twitter:label1\" content=\"Ber\u00e4knad l\u00e4stid\" \/>\n\t<meta name=\"twitter:data1\" content=\"3 minuter\" \/>\n<script type=\"application\/ld+json\" class=\"yoast-schema-graph\">{\"@context\":\"https:\\\/\\\/schema.org\",\"@graph\":[{\"@type\":\"WebPage\",\"@id\":\"https:\\\/\\\/weather-radar-live.com\\\/sv\\\/webbkamera\\\/italien\\\/webbkamera-cerreto-laghi\\\/\",\"url\":\"https:\\\/\\\/weather-radar-live.com\\\/sv\\\/webbkamera\\\/italien\\\/webbkamera-cerreto-laghi\\\/\",\"name\":\"Webbkamera Cerreto Laghi\u2192 Se det live!\",\"isPartOf\":{\"@id\":\"https:\\\/\\\/weather-radar-live.com\\\/#website\"},\"primaryImageOfPage\":{\"@id\":\"https:\\\/\\\/weather-radar-live.com\\\/sv\\\/webbkamera\\\/italien\\\/webbkamera-cerreto-laghi\\\/#primaryimage\"},\"image\":{\"@id\":\"https:\\\/\\\/weather-radar-live.com\\\/sv\\\/webbkamera\\\/italien\\\/webbkamera-cerreto-laghi\\\/#primaryimage\"},\"thumbnailUrl\":\"https:\\\/\\\/weather-radar-live.com\\\/wp-content\\\/uploads\\\/2022\\\/08\\\/Webcam-Cerreto-Laghi-e1661336154284.jpg\",\"datePublished\":\"2022-08-24T18:54:08+00:00\",\"dateModified\":\"2022-08-24T18:57:54+00:00\",\"description\":\"Webbkamera Cerreto Laghi | Livekamera fr\u00e5n Cerreto Laghi! \u2705 Uppdaterad f\u00f6r dig i realtid! \u2705 Aktuell v\u00e4derprognos!\",\"breadcrumb\":{\"@id\":\"https:\\\/\\\/weather-radar-live.com\\\/sv\\\/webbkamera\\\/italien\\\/webbkamera-cerreto-laghi\\\/#breadcrumb\"},\"inLanguage\":\"sv-SE\",\"potentialAction\":[{\"@type\":\"ReadAction\",\"target\":[\"https:\\\/\\\/weather-radar-live.com\\\/sv\\\/webbkamera\\\/italien\\\/webbkamera-cerreto-laghi\\\/\"]}]},{\"@type\":\"ImageObject\",\"inLanguage\":\"sv-SE\",\"@id\":\"https:\\\/\\\/weather-radar-live.com\\\/sv\\\/webbkamera\\\/italien\\\/webbkamera-cerreto-laghi\\\/#primaryimage\",\"url\":\"https:\\\/\\\/weather-radar-live.com\\\/wp-content\\\/uploads\\\/2022\\\/08\\\/Webcam-Cerreto-Laghi-e1661336154284.jpg\",\"contentUrl\":\"https:\\\/\\\/weather-radar-live.com\\\/wp-content\\\/uploads\\\/2022\\\/08\\\/Webcam-Cerreto-Laghi-e1661336154284.jpg\",\"width\":1896,\"height\":847,\"caption\":\"Webcam Cerreto Laghi\"},{\"@type\":\"BreadcrumbList\",\"@id\":\"https:\\\/\\\/weather-radar-live.com\\\/sv\\\/webbkamera\\\/italien\\\/webbkamera-cerreto-laghi\\\/#breadcrumb\",\"itemListElement\":[{\"@type\":\"ListItem\",\"position\":1,\"name\":\"Weather Radar Live\",\"item\":\"https:\\\/\\\/weather-radar-live.com\\\/sv\\\/\"},{\"@type\":\"ListItem\",\"position\":2,\"name\":\"Webbkamera\",\"item\":\"https:\\\/\\\/weather-radar-live.com\\\/sv\\\/webbkamera\\\/\"},{\"@type\":\"ListItem\",\"position\":3,\"name\":\"Italien\",\"item\":\"https:\\\/\\\/weather-radar-live.com\\\/sv\\\/webbkamera\\\/italien\\\/\"},{\"@type\":\"ListItem\",\"position\":4,\"name\":\"Webbkamera Cerreto Laghi\"}]},{\"@type\":\"WebSite\",\"@id\":\"https:\\\/\\\/weather-radar-live.com\\\/#website\",\"url\":\"https:\\\/\\\/weather-radar-live.com\\\/\",\"name\":\"weather-radar-live.com\",\"description\":\"Your weather and sky radar.\",\"publisher\":{\"@id\":\"https:\\\/\\\/weather-radar-live.com\\\/#organization\"},\"potentialAction\":[{\"@type\":\"SearchAction\",\"target\":{\"@type\":\"EntryPoint\",\"urlTemplate\":\"https:\\\/\\\/weather-radar-live.com\\\/?s={search_term_string}\"},\"query-input\":{\"@type\":\"PropertyValueSpecification\",\"valueRequired\":true,\"valueName\":\"search_term_string\"}}],\"inLanguage\":\"sv-SE\"},{\"@type\":\"Organization\",\"@id\":\"https:\\\/\\\/weather-radar-live.com\\\/#organization\",\"name\":\"weather-radar-live.com\",\"url\":\"https:\\\/\\\/weather-radar-live.com\\\/\",\"logo\":{\"@type\":\"ImageObject\",\"inLanguage\":\"sv-SE\",\"@id\":\"https:\\\/\\\/weather-radar-live.com\\\/#\\\/schema\\\/logo\\\/image\\\/\",\"url\":\"https:\\\/\\\/weather-radar-live.com\\\/wp-content\\\/uploads\\\/2022\\\/03\\\/cropped-WRL2503.png\",\"contentUrl\":\"https:\\\/\\\/weather-radar-live.com\\\/wp-content\\\/uploads\\\/2022\\\/03\\\/cropped-WRL2503.png\",\"width\":1920,\"height\":555,\"caption\":\"weather-radar-live.com\"},\"image\":{\"@id\":\"https:\\\/\\\/weather-radar-live.com\\\/#\\\/schema\\\/logo\\\/image\\\/\"}}]}<\/script>\n<!-- \/ Yoast SEO plugin. -->","yoast_head_json":{"title":"Webbkamera Cerreto Laghi\u2192 Se det live!","description":"Webbkamera Cerreto Laghi | Livekamera fr\u00e5n Cerreto Laghi! \u2705 Uppdaterad f\u00f6r dig i realtid! \u2705 Aktuell v\u00e4derprognos!","robots":{"index":"index","follow":"follow","max-snippet":"max-snippet:-1","max-image-preview":"max-image-preview:large","max-video-preview":"max-video-preview:-1"},"canonical":"https:\/\/weather-radar-live.com\/sv\/webbkamera\/italien\/webbkamera-cerreto-laghi\/","og_locale":"sv_SE","og_type":"article","og_title":"Webbkamera Cerreto Laghi\u2192 Se det live!","og_description":"Webbkamera Cerreto Laghi | Livekamera fr\u00e5n Cerreto Laghi! \u2705 Uppdaterad f\u00f6r dig i realtid! \u2705 Aktuell v\u00e4derprognos!","og_url":"https:\/\/weather-radar-live.com\/sv\/webbkamera\/italien\/webbkamera-cerreto-laghi\/","og_site_name":"weather-radar-live.com","article_modified_time":"2022-08-24T18:57:54+00:00","og_image":[{"width":1896,"height":847,"url":"https:\/\/weather-radar-live.com\/wp-content\/uploads\/2022\/08\/Webcam-Cerreto-Laghi-e1661336154284.jpg","type":"image\/jpeg"}],"twitter_card":"summary_large_image","twitter_misc":{"Ber\u00e4knad l\u00e4stid":"3 minuter"},"schema":{"@context":"https:\/\/schema.org","@graph":[{"@type":"WebPage","@id":"https:\/\/weather-radar-live.com\/sv\/webbkamera\/italien\/webbkamera-cerreto-laghi\/","url":"https:\/\/weather-radar-live.com\/sv\/webbkamera\/italien\/webbkamera-cerreto-laghi\/","name":"Webbkamera Cerreto Laghi\u2192 Se det live!","isPartOf":{"@id":"https:\/\/weather-radar-live.com\/#website"},"primaryImageOfPage":{"@id":"https:\/\/weather-radar-live.com\/sv\/webbkamera\/italien\/webbkamera-cerreto-laghi\/#primaryimage"},"image":{"@id":"https:\/\/weather-radar-live.com\/sv\/webbkamera\/italien\/webbkamera-cerreto-laghi\/#primaryimage"},"thumbnailUrl":"https:\/\/weather-radar-live.com\/wp-content\/uploads\/2022\/08\/Webcam-Cerreto-Laghi-e1661336154284.jpg","datePublished":"2022-08-24T18:54:08+00:00","dateModified":"2022-08-24T18:57:54+00:00","description":"Webbkamera Cerreto Laghi | Livekamera fr\u00e5n Cerreto Laghi! \u2705 Uppdaterad f\u00f6r dig i realtid! \u2705 Aktuell v\u00e4derprognos!","breadcrumb":{"@id":"https:\/\/weather-radar-live.com\/sv\/webbkamera\/italien\/webbkamera-cerreto-laghi\/#breadcrumb"},"inLanguage":"sv-SE","potentialAction":[{"@type":"ReadAction","target":["https:\/\/weather-radar-live.com\/sv\/webbkamera\/italien\/webbkamera-cerreto-laghi\/"]}]},{"@type":"ImageObject","inLanguage":"sv-SE","@id":"https:\/\/weather-radar-live.com\/sv\/webbkamera\/italien\/webbkamera-cerreto-laghi\/#primaryimage","url":"https:\/\/weather-radar-live.com\/wp-content\/uploads\/2022\/08\/Webcam-Cerreto-Laghi-e1661336154284.jpg","contentUrl":"https:\/\/weather-radar-live.com\/wp-content\/uploads\/2022\/08\/Webcam-Cerreto-Laghi-e1661336154284.jpg","width":1896,"height":847,"caption":"Webcam Cerreto Laghi"},{"@type":"BreadcrumbList","@id":"https:\/\/weather-radar-live.com\/sv\/webbkamera\/italien\/webbkamera-cerreto-laghi\/#breadcrumb","itemListElement":[{"@type":"ListItem","position":1,"name":"Weather Radar Live","item":"https:\/\/weather-radar-live.com\/sv\/"},{"@type":"ListItem","position":2,"name":"Webbkamera","item":"https:\/\/weather-radar-live.com\/sv\/webbkamera\/"},{"@type":"ListItem","position":3,"name":"Italien","item":"https:\/\/weather-radar-live.com\/sv\/webbkamera\/italien\/"},{"@type":"ListItem","position":4,"name":"Webbkamera Cerreto Laghi"}]},{"@type":"WebSite","@id":"https:\/\/weather-radar-live.com\/#website","url":"https:\/\/weather-radar-live.com\/","name":"weather-radar-live.com","description":"Your weather and sky radar.","publisher":{"@id":"https:\/\/weather-radar-live.com\/#organization"},"potentialAction":[{"@type":"SearchAction","target":{"@type":"EntryPoint","urlTemplate":"https:\/\/weather-radar-live.com\/?s={search_term_string}"},"query-input":{"@type":"PropertyValueSpecification","valueRequired":true,"valueName":"search_term_string"}}],"inLanguage":"sv-SE"},{"@type":"Organization","@id":"https:\/\/weather-radar-live.com\/#organization","name":"weather-radar-live.com","url":"https:\/\/weather-radar-live.com\/","logo":{"@type":"ImageObject","inLanguage":"sv-SE","@id":"https:\/\/weather-radar-live.com\/#\/schema\/logo\/image\/","url":"https:\/\/weather-radar-live.com\/wp-content\/uploads\/2022\/03\/cropped-WRL2503.png","contentUrl":"https:\/\/weather-radar-live.com\/wp-content\/uploads\/2022\/03\/cropped-WRL2503.png","width":1920,"height":555,"caption":"weather-radar-live.com"},"image":{"@id":"https:\/\/weather-radar-live.com\/#\/schema\/logo\/image\/"}}]}},"_links":{"self":[{"href":"https:\/\/weather-radar-live.com\/sv\/wp-json\/wp\/v2\/pages\/7047","targetHints":{"allow":["GET"]}}],"collection":[{"href":"https:\/\/weather-radar-live.com\/sv\/wp-json\/wp\/v2\/pages"}],"about":[{"href":"https:\/\/weather-radar-live.com\/sv\/wp-json\/wp\/v2\/types\/page"}],"author":[{"embeddable":true,"href":"https:\/\/weather-radar-live.com\/sv\/wp-json\/wp\/v2\/users\/1"}],"replies":[{"embeddable":true,"href":"https:\/\/weather-radar-live.com\/sv\/wp-json\/wp\/v2\/comments?post=7047"}],"version-history":[{"count":2,"href":"https:\/\/weather-radar-live.com\/sv\/wp-json\/wp\/v2\/pages\/7047\/revisions"}],"predecessor-version":[{"id":7074,"href":"https:\/\/weather-radar-live.com\/sv\/wp-json\/wp\/v2\/pages\/7047\/revisions\/7074"}],"up":[{"embeddable":true,"href":"https:\/\/weather-radar-live.com\/sv\/wp-json\/wp\/v2\/pages\/4314"}],"wp:featuredmedia":[{"embeddable":true,"href":"https:\/\/weather-radar-live.com\/sv\/wp-json\/wp\/v2\/media\/6965"}],"wp:attachment":[{"href":"https:\/\/weather-radar-live.com\/sv\/wp-json\/wp\/v2\/media?parent=7047"}],"curies":[{"name":"wp","href":"https:\/\/api.w.org\/{rel}","templated":true}]}}