{"id":6767,"date":"2022-08-15T16:17:59","date_gmt":"2022-08-15T14:17:59","guid":{"rendered":"https:\/\/weather-radar-live.com\/?page_id=6767"},"modified":"2022-08-15T16:20:11","modified_gmt":"2022-08-15T14:20:11","slug":"webbkamera-venezia","status":"publish","type":"page","link":"https:\/\/weather-radar-live.com\/sv\/webbkamera\/italien\/webbkamera-venezia\/","title":{"rendered":"Webbkamera Venezia"},"content":{"rendered":"<div id=\"weath-1472079600\" class=\"weath-vor-dem-inhalt weath-entity-placement\" style=\"margin-top: 15px;margin-right: 25px;margin-bottom: 40px;margin-left: 25px;\"><script async src=\"\/\/pagead2.googlesyndication.com\/pagead\/js\/adsbygoogle.js?client=ca-pub-8960936133935804\" crossorigin=\"anonymous\"><\/script><ins class=\"adsbygoogle\" style=\"display:block;\" data-ad-client=\"ca-pub-8960936133935804\" \ndata-ad-slot=\"6172817020\" \ndata-ad-format=\"auto\"><\/ins>\n<script> \n(adsbygoogle = window.adsbygoogle || []).push({}); \n<\/script>\n<\/div>\n<div class=\"wp-block-cover alignfull is-light\"><span aria-hidden=\"true\" class=\"wp-block-cover__gradient-background has-background-dim\"><\/span><img decoding=\"async\" class=\"wp-block-cover__image-background wp-image-342\" alt=\"Webbkamera Venezia\" src=\"https:\/\/weather-radar-live.com\/wp-content\/uploads\/2021\/06\/sam-schooler-E9aetBe2w40-unsplash-e1622554814366.jpg\" data-object-fit=\"cover\"\/><div class=\"wp-block-cover__inner-container is-layout-flow wp-block-cover-is-layout-flow\">\n<h2 class=\"has-text-align-center heading wp-block-heading\" id=\"webcam-fort-mahon\" style=\"font-size:40px\"><strong><mark style=\"background-color:rgba(0, 0, 0, 0)\" class=\"has-inline-color has-base-3-color\">WEBBKAMERA<\/mark><\/strong><br><strong><mark style=\"background-color:rgba(0, 0, 0, 0)\" class=\"has-inline-color has-base-3-color\">VENEZIA<\/mark><\/strong><\/h2>\n<\/div><\/div>\n\n\n<div class=\"yoast-breadcrumbs\"><span><span><a href=\"https:\/\/weather-radar-live.com\/sv\/\">Weather Radar Live<\/a><\/span> \u00bb <span><a href=\"https:\/\/weather-radar-live.com\/sv\/webbkamera\/\">Webbkamera<\/a><\/span> \u00bb <span><a href=\"https:\/\/weather-radar-live.com\/sv\/webbkamera\/italien\/\">Italien<\/a><\/span> \u00bb <span class=\"breadcrumb_last\" aria-current=\"page\"><strong>Webbkamera Venezia<\/strong><\/span><\/span><\/div>\n\n\n<h2 class=\"has-text-align-center wp-block-heading\" id=\"webcam-fort-mahon\"><strong>Webbkamera Venezia<\/strong><\/h2>\n\n\n\n<p>Med v\u00e5r webbkamera Venezia v\u00e4lkomnar vi dig under din vistelse i den v\u00e4rldsber\u00f6mda lagunstaden. F\u00f6rmodligen har allt redan sagts om Venedig, men den unika sk\u00f6nheten med sina palazzi, broar och kanaler lockar fortfarande \u00e5r efter \u00e5r otaliga bes\u00f6kare som kommer f\u00f6r att se Markusplatsen med Markuskyrkan, Campanilen och Dogepalatset, Rialtobron och Suckarnas bro eller \u00f6arna Burano och Murano. I dag bor det endast cirka 55 000 inv\u00e5nare i Venedigs gamla stad, med en minskande trend. M\u00e5nga inv\u00e5nare flyttar till Mestre p\u00e5 fastlandet.<\/p>\n\n\n\n<p>Med sin kilometerl\u00e5nga Lido bjuder dock Venedig ocks\u00e5 in bes\u00f6kare att njuta av badets n\u00f6jen. Och f\u00f6r dem som tycker att lagunstaden \u00e4r f\u00f6r turbulent kan de helt enkelt ta en tur till den anrika universitetsstaden Padova, till Chioggia eller till Po-deltat. I Venedig beh\u00f6ver man dock ofta bara promenera n\u00e5gra gr\u00e4nder bort f\u00f6r att l\u00e4mna folkmassorna bakom sig och sedan dyka djupt ner i Serenissimas mage.<\/p><div id=\"weath-126833750\" class=\"weath-inhalt_2 weath-entity-placement\" style=\"margin-top: 15px;margin-right: 25px;margin-bottom: 35px;margin-left: 25px;\"><script async src=\"\/\/pagead2.googlesyndication.com\/pagead\/js\/adsbygoogle.js?client=ca-pub-8960936133935804\" crossorigin=\"anonymous\"><\/script><ins class=\"adsbygoogle\" style=\"display:block;\" data-ad-client=\"ca-pub-8960936133935804\" \ndata-ad-slot=\"1963584050\" \ndata-ad-format=\"auto\"><\/ins>\n<script> \n(adsbygoogle = window.adsbygoogle || []).push({}); \n<\/script>\n<\/div>\n\n\n\n<div class=\"wp-block-columns is-layout-flex wp-container-core-columns-is-layout-9d6595d7 wp-block-columns-is-layout-flex\">\n<div class=\"wp-block-column webcam-column is-layout-flow wp-block-column-is-layout-flow\">\n<h3 class=\"has-text-align-center wp-block-heading\"> \ud83d\udd34 <strong>Webbkamera<\/strong> <strong><strong>Venedig<\/strong><\/strong> &#8211; Ponte di Rialto<\/h3>\n\n\n\n<a name=\"windy-webcam-timelapse-player\" data-id=\"1334943849\" data-play=\"day\" href=\"https:\/\/windy.com\/webcams\/1334943849\" target=\"_blank\" rel=\"noopener\">Venedig: VeneziaPonte di Rialto<\/a><script async=\"\" type=\"text\/javascript\" src=\"https:\/\/webcams.windy.com\/webcams\/public\/embed\/script\/player.js\"><\/script>\n<\/div>\n\n\n\n<div class=\"wp-block-column webcam-column is-layout-flow wp-block-column-is-layout-flow\">\n<h3 class=\"has-text-align-center wp-block-heading\"> \ud83d\udd34 <strong>Webbkamera <strong>Venezia<\/strong><\/strong> &#8211; Campo Santa Maria Formosa<\/h3>\n\n\n\n<a name=\"windy-webcam-timelapse-player\" data-id=\"1548355902\" data-play=\"day\" href=\"https:\/\/windy.com\/webcams\/1548355902\" target=\"_blank\" rel=\"noopener\">Venedig: Campo Santa Maria Formosa<\/a><script async=\"\" type=\"text\/javascript\" src=\"https:\/\/webcams.windy.com\/webcams\/public\/embed\/script\/player.js\"><\/script>\n<\/div>\n<\/div>\n\n\n\n<div class=\"wp-block-columns is-layout-flex wp-container-core-columns-is-layout-9d6595d7 wp-block-columns-is-layout-flex\">\n<div class=\"wp-block-column webcam-column is-layout-flow wp-block-column-is-layout-flow\">\n<h3 class=\"has-text-align-center wp-block-heading\"> \ud83d\udd34 <strong>Webbkamera<\/strong> <strong><strong>Venedig<\/strong><\/strong> &#8211; Chiesa di Santa Maria del Giglio<\/h3>\n\n\n\n<a name=\"windy-webcam-timelapse-player\" data-id=\"1549643360\" data-play=\"day\" href=\"https:\/\/windy.com\/webcams\/1549643360\" target=\"_blank\" rel=\"noopener\">Venedig: Hotel Bel Sito e Berlino &#8211; Chiesa di Santa Maria del Giglio &#8211; Gondolstationen &#8211; Santa Maria del Giglio<\/a><script async=\"\" type=\"text\/javascript\" src=\"https:\/\/webcams.windy.com\/webcams\/public\/embed\/script\/player.js\"><\/script>\n<\/div>\n\n\n\n<div class=\"wp-block-column webcam-column is-layout-flow wp-block-column-is-layout-flow\">\n<h3 class=\"has-text-align-center wp-block-heading\"> \ud83d\udd34 <strong>Webbkamera <strong><strong><strong><strong>Venezia<\/strong><\/strong><\/strong><\/strong><\/strong> &#8211; s\u00f6derut<\/h3>\n\n\n\n<a name=\"windy-webcam-timelapse-player\" data-id=\"1472539600\" data-play=\"day\" href=\"https:\/\/windy.com\/webcams\/1472539600\" target=\"_blank\" rel=\"noopener\">Venedig &#8217; Syd<\/a><script async=\"\" type=\"text\/javascript\" src=\"https:\/\/webcams.windy.com\/webcams\/public\/embed\/script\/player.js\"><\/script>\n<\/div>\n<\/div>\n\n\n\n<div class=\"wp-block-columns is-layout-flex wp-container-core-columns-is-layout-9d6595d7 wp-block-columns-is-layout-flex\">\n<div class=\"wp-block-column webcam-column is-layout-flow wp-block-column-is-layout-flow\">\n<h3 class=\"has-text-align-center wp-block-heading\"> \ud83d\udd34 <strong>Webbkamera<strong> <strong><strong>Venezia<\/strong><\/strong><\/strong><\/strong> &#8211; \u00f6sterut <\/h3>\n\n\n\n<a name=\"windy-webcam-timelapse-player\" data-id=\"1472539550\" data-play=\"day\" href=\"https:\/\/windy.com\/webcams\/1472539550\" target=\"_blank\" rel=\"noopener\">Venedig &#8217; \u00d6st: Venedig<\/a><script async=\"\" type=\"text\/javascript\" src=\"https:\/\/webcams.windy.com\/webcams\/public\/embed\/script\/player.js\"><\/script>\n<\/div>\n\n\n\n<div class=\"wp-block-column webcam-column is-layout-flow wp-block-column-is-layout-flow\">\n<h3 class=\"has-text-align-center wp-block-heading\"> \ud83d\udd34 <strong>Webbkamera Venezia<\/strong> &#8211; Hotel American Dinesen<\/h3>\n\n\n\n<a name=\"windy-webcam-timelapse-player\" data-id=\"1241725572\" data-play=\"day\" href=\"https:\/\/windy.com\/webcams\/1241725572\" target=\"_blank\" rel=\"noopener\">Venedig: Hotel American Dinesen<\/a><script async=\"\" type=\"text\/javascript\" src=\"https:\/\/webcams.windy.com\/webcams\/public\/embed\/script\/player.js\"><\/script>\n<\/div>\n<\/div>\n\n\n\n<div class=\"wp-block-columns is-layout-flex wp-container-core-columns-is-layout-9d6595d7 wp-block-columns-is-layout-flex\">\n<div class=\"wp-block-column webcam-column is-layout-flow wp-block-column-is-layout-flow\">\n<h3 class=\"has-text-align-center wp-block-heading\"> \ud83d\udd34 <strong>Webbkamera <strong><strong><strong><strong>Venedig<\/strong><\/strong><\/strong><\/strong><\/strong> &#8211; sydost<\/h3>\n\n\n\n<a name=\"windy-webcam-timelapse-player\" data-id=\"1638831308\" data-play=\"day\" href=\"https:\/\/windy.com\/webcams\/1638831308\" target=\"_blank\" rel=\"noopener\">Venedig<\/a><script async=\"\" type=\"text\/javascript\" src=\"https:\/\/webcams.windy.com\/webcams\/public\/embed\/script\/player.js\"><\/script>\n<\/div>\n\n\n\n<div class=\"wp-block-column webcam-column is-layout-flow wp-block-column-is-layout-flow\">\n<h3 class=\"has-text-align-center wp-block-heading\"> \ud83d\udd34 <strong>Webbkamera Venezia<\/strong> &#8211; v\u00e4stra Venedig<\/h3>\n\n\n\n<a name=\"windy-webcam-timelapse-player\" data-id=\"1472539648\" data-play=\"day\" href=\"https:\/\/windy.com\/webcams\/1472539648\" target=\"_blank\" rel=\"noopener\">Venedig &#8217; V\u00e4stra<\/a><script async=\"\" type=\"text\/javascript\" src=\"https:\/\/webcams.windy.com\/webcams\/public\/embed\/script\/player.js\"><\/script>\n<\/div>\n<\/div>\n\n\n\n<h2 class=\"wp-block-heading\" id=\"fort-mahon-today\"><strong>V\u00e4derradar <strong>Venezia<\/strong> &#8211; V\u00e4dret i <strong>Venezia<\/strong><\/strong><\/h2>\n\n\n\n<p>V\u00e5r webbkamera Venezia med tillh\u00f6rande v\u00e4derradar \u00e4r det perfekta komplementet till din semester i lagunstaden. Du f\u00e5r n\u00e4r som helst och i realtid information om de aktuella v\u00e4derf\u00f6rh\u00e5llandena i Venedig och ser exakt om och var det regnar, stormar eller \u00f6versv\u00e4mningar. Du kan enkelt k\u00e4nna igen \u00e5skv\u00e4der genom blixtsymbolen. Ju m\u00f6rkare f\u00e4rgerna \u00e4r, desto h\u00f6gre \u00e4r den f\u00f6rv\u00e4ntade nederb\u00f6rdsintensiteten.<\/p>\n\n\n\n<div class=\"wp-block-columns is-layout-flex wp-container-core-columns-is-layout-9d6595d7 wp-block-columns-is-layout-flex\">\n<div class=\"wp-block-column is-layout-flow wp-block-column-is-layout-flow\" style=\"flex-basis:75%\">\n<iframe loading=\"lazy\" width=\"1300\" height=\"502\" src=\"https:\/\/embed.windy.com\/embed2.html?lat=45.437&amp;lon=12.322&amp;detailLat=45.437&amp;detailLon=12.322&amp;width=1300&amp;height=502&amp;zoom=11&amp;level=surface&amp;overlay=rain&amp;product=ecmwf&amp;menu=&amp;message=&amp;marker=&amp;calendar=now&amp;pressure=&amp;type=map&amp;location=coordinates&amp;detail=&amp;metricWind=default&amp;metricTemp=default&amp;radarRange=-1\" frameborder=\"0\"><\/iframe>\n<\/div>\n\n\n\n<div class=\"wp-block-column is-layout-flow wp-block-column-is-layout-flow\" style=\"flex-basis:25%\">\n<a class=\"weatherwidget-io\" href=\"https:\/\/forecast7.com\/sv\/45d4412d32\/venice\/\" data-label_1=\"VENEZIA\" data-theme=\"original\" >VENEZIA<\/a>\n<script>\n!function(d,s,id){var js,fjs=d.getElementsByTagName(s)[0];if(!d.getElementById(id)){js=d.createElement(s);js.id=id;js.src='https:\/\/weatherwidget.io\/js\/widget.min.js';fjs.parentNode.insertBefore(js,fjs);}}(document,'script','weatherwidget-io-js');\n<\/script>\n<\/div>\n<\/div>\n\n\n\n<h2 class=\"wp-block-heading\" id=\"fort-mahon-weather\"><strong>Klimatet i <strong><strong>Venezia<\/strong><\/strong><\/strong><\/h2>\n\n\n\n<p>Venezia ligger i den tempererade klimatzonen och k\u00e4nnetecknas av Adriatiska havets modererande inflytande. Den genomsnittliga \u00e5rstemperaturen \u00e4r 17 \u00b0C. I juli, den varmaste m\u00e5naden i Venedig, \u00e4r det upp till 28,1 \u00b0C under dagen. L\u00e4gsta temperaturer \u00e4r d\u00e5 19,9 \u00b0C. Temperaturen under vinterm\u00e5naderna varierar mellan 3,1 \u00b0C p\u00e5 natten och sju till \u00e5tta grader under dagen. \u00d6verlag \u00e4r de dock ganska milda. P\u00e5 v\u00e5ren och h\u00f6sten \u00f6kar nederb\u00f6rden, vilket ibland leder till \u00f6versv\u00e4mningar. Den \u00e5rliga nederb\u00f6rden \u00e4r 1081 millimeter, vilket \u00e4r j\u00e4mf\u00f6relsevis h\u00f6gt. Den dagliga solskenstiden varierar fr\u00e5n 4,8 timmar i januari till 12,8 timmar i juni. Augusti \u00e4r idealisk f\u00f6r en strandsemester med vattentemperaturer p\u00e5 upp till 27 \u00b0C.<\/p>\n\n\n\n<h2 class=\"wp-block-heading\"><strong>Sev\u00e4rdheter i Venezia<\/strong><\/h2>\n\n\n\n<p>Venezia erbjuder otaliga sev\u00e4rdheter och attraktioner. Det b\u00e4sta s\u00e4ttet att l\u00e4ra k\u00e4nna staden \u00e4r dock att ta en b\u00e5ttur, \u00e4ven om det inte alltid beh\u00f6ver vara den ber\u00f6mda, men ocks\u00e5 dyra gondolen. Annars \u00e4r det l\u00e4mpligt att helt enkelt strosa planl\u00f6st genom labyrinten av gr\u00e4nder och bara sikta in sig p\u00e5 n\u00e5gra f\u00e5 sev\u00e4rdheter. En idyll av frid kan man hitta p\u00e5 kyrkog\u00e5rds\u00f6n San Michele. Om kulturen ligger dig varmt om hj\u00e4rtat kan du g\u00e5 p\u00e5 en f\u00f6rest\u00e4llning p\u00e5 Venedigs opera La Fenice. P\u00e5 \u00f6n Murano kan du se glasbl\u00e5sare i arbete och k\u00f6pa en vas eller tv\u00e5. F\u00e4rsk fisk kan du hitta p\u00e5 marknaderna runt Rialtobron.<\/p>\n","protected":false},"excerpt":{"rendered":"<p>Webbkamera Venezia Med v\u00e5r webbkamera Venezia v\u00e4lkomnar vi dig under din vistelse i den v\u00e4rldsber\u00f6mda lagunstaden. F\u00f6rmodligen har allt redan sagts om Venedig, men den unika sk\u00f6nheten med sina palazzi, broar och kanaler lockar fortfarande \u00e5r efter \u00e5r otaliga bes\u00f6kare som kommer f\u00f6r att se Markusplatsen med Markuskyrkan, Campanilen och Dogepalatset, Rialtobron och Suckarnas bro &#8230; <a title=\"Webbkamera Venezia\" class=\"read-more\" href=\"https:\/\/weather-radar-live.com\/sv\/webbkamera\/italien\/webbkamera-venezia\/\" aria-label=\"L\u00e4s mer om Webbkamera Venezia\">L\u00e4s mer<\/a><\/p>\n","protected":false},"author":1,"featured_media":6723,"parent":4314,"menu_order":0,"comment_status":"closed","ping_status":"closed","template":"","meta":{"footnotes":""},"class_list":["post-6767","page","type-page","status-publish","has-post-thumbnail"],"yoast_head":"<!-- This site is optimized with the Yoast SEO plugin v27.5 - https:\/\/yoast.com\/product\/yoast-seo-wordpress\/ -->\n<title>Webbkamera Venezia \u2192 Se det live!<\/title>\n<meta name=\"description\" content=\"Webbkamera Venezia | Livecam i Venedig! \u2705 Uppdaterad f\u00f6r dig i realtid! \u2705 Aktuell v\u00e4derprognos!\" \/>\n<meta name=\"robots\" content=\"index, follow, max-snippet:-1, max-image-preview:large, max-video-preview:-1\" \/>\n<link rel=\"canonical\" href=\"https:\/\/weather-radar-live.com\/sv\/webbkamera\/italien\/webbkamera-venezia\/\" \/>\n<meta property=\"og:locale\" content=\"sv_SE\" \/>\n<meta property=\"og:type\" content=\"article\" \/>\n<meta property=\"og:title\" content=\"Webbkamera Venezia \u2192 Se det live!\" \/>\n<meta property=\"og:description\" content=\"Webbkamera Venezia | Livecam i Venedig! \u2705 Uppdaterad f\u00f6r dig i realtid! \u2705 Aktuell v\u00e4derprognos!\" \/>\n<meta property=\"og:url\" content=\"https:\/\/weather-radar-live.com\/sv\/webbkamera\/italien\/webbkamera-venezia\/\" \/>\n<meta property=\"og:site_name\" content=\"weather-radar-live.com\" \/>\n<meta property=\"article:modified_time\" content=\"2022-08-15T14:20:11+00:00\" \/>\n<meta property=\"og:image\" content=\"https:\/\/weather-radar-live.com\/wp-content\/uploads\/2022\/08\/Webcam-Venezia-e1660569550834.jpg\" \/>\n\t<meta property=\"og:image:width\" content=\"1913\" \/>\n\t<meta property=\"og:image:height\" content=\"857\" \/>\n\t<meta property=\"og:image:type\" content=\"image\/jpeg\" \/>\n<meta name=\"twitter:card\" content=\"summary_large_image\" \/>\n<meta name=\"twitter:label1\" content=\"Ber\u00e4knad l\u00e4stid\" \/>\n\t<meta name=\"twitter:data1\" content=\"3 minuter\" \/>\n<script type=\"application\/ld+json\" class=\"yoast-schema-graph\">{\"@context\":\"https:\\\/\\\/schema.org\",\"@graph\":[{\"@type\":\"WebPage\",\"@id\":\"https:\\\/\\\/weather-radar-live.com\\\/sv\\\/webbkamera\\\/italien\\\/webbkamera-venezia\\\/\",\"url\":\"https:\\\/\\\/weather-radar-live.com\\\/sv\\\/webbkamera\\\/italien\\\/webbkamera-venezia\\\/\",\"name\":\"Webbkamera Venezia \u2192 Se det live!\",\"isPartOf\":{\"@id\":\"https:\\\/\\\/weather-radar-live.com\\\/#website\"},\"primaryImageOfPage\":{\"@id\":\"https:\\\/\\\/weather-radar-live.com\\\/sv\\\/webbkamera\\\/italien\\\/webbkamera-venezia\\\/#primaryimage\"},\"image\":{\"@id\":\"https:\\\/\\\/weather-radar-live.com\\\/sv\\\/webbkamera\\\/italien\\\/webbkamera-venezia\\\/#primaryimage\"},\"thumbnailUrl\":\"https:\\\/\\\/weather-radar-live.com\\\/wp-content\\\/uploads\\\/2022\\\/08\\\/Webcam-Venezia-e1660569550834.jpg\",\"datePublished\":\"2022-08-15T14:17:59+00:00\",\"dateModified\":\"2022-08-15T14:20:11+00:00\",\"description\":\"Webbkamera Venezia | Livecam i Venedig! \u2705 Uppdaterad f\u00f6r dig i realtid! \u2705 Aktuell v\u00e4derprognos!\",\"breadcrumb\":{\"@id\":\"https:\\\/\\\/weather-radar-live.com\\\/sv\\\/webbkamera\\\/italien\\\/webbkamera-venezia\\\/#breadcrumb\"},\"inLanguage\":\"sv-SE\",\"potentialAction\":[{\"@type\":\"ReadAction\",\"target\":[\"https:\\\/\\\/weather-radar-live.com\\\/sv\\\/webbkamera\\\/italien\\\/webbkamera-venezia\\\/\"]}]},{\"@type\":\"ImageObject\",\"inLanguage\":\"sv-SE\",\"@id\":\"https:\\\/\\\/weather-radar-live.com\\\/sv\\\/webbkamera\\\/italien\\\/webbkamera-venezia\\\/#primaryimage\",\"url\":\"https:\\\/\\\/weather-radar-live.com\\\/wp-content\\\/uploads\\\/2022\\\/08\\\/Webcam-Venezia-e1660569550834.jpg\",\"contentUrl\":\"https:\\\/\\\/weather-radar-live.com\\\/wp-content\\\/uploads\\\/2022\\\/08\\\/Webcam-Venezia-e1660569550834.jpg\",\"width\":1913,\"height\":857,\"caption\":\"Webcam Venezia\"},{\"@type\":\"BreadcrumbList\",\"@id\":\"https:\\\/\\\/weather-radar-live.com\\\/sv\\\/webbkamera\\\/italien\\\/webbkamera-venezia\\\/#breadcrumb\",\"itemListElement\":[{\"@type\":\"ListItem\",\"position\":1,\"name\":\"Weather Radar Live\",\"item\":\"https:\\\/\\\/weather-radar-live.com\\\/sv\\\/\"},{\"@type\":\"ListItem\",\"position\":2,\"name\":\"Webbkamera\",\"item\":\"https:\\\/\\\/weather-radar-live.com\\\/sv\\\/webbkamera\\\/\"},{\"@type\":\"ListItem\",\"position\":3,\"name\":\"Italien\",\"item\":\"https:\\\/\\\/weather-radar-live.com\\\/sv\\\/webbkamera\\\/italien\\\/\"},{\"@type\":\"ListItem\",\"position\":4,\"name\":\"Webbkamera Venezia\"}]},{\"@type\":\"WebSite\",\"@id\":\"https:\\\/\\\/weather-radar-live.com\\\/#website\",\"url\":\"https:\\\/\\\/weather-radar-live.com\\\/\",\"name\":\"weather-radar-live.com\",\"description\":\"Your weather and sky radar.\",\"publisher\":{\"@id\":\"https:\\\/\\\/weather-radar-live.com\\\/#organization\"},\"potentialAction\":[{\"@type\":\"SearchAction\",\"target\":{\"@type\":\"EntryPoint\",\"urlTemplate\":\"https:\\\/\\\/weather-radar-live.com\\\/?s={search_term_string}\"},\"query-input\":{\"@type\":\"PropertyValueSpecification\",\"valueRequired\":true,\"valueName\":\"search_term_string\"}}],\"inLanguage\":\"sv-SE\"},{\"@type\":\"Organization\",\"@id\":\"https:\\\/\\\/weather-radar-live.com\\\/#organization\",\"name\":\"weather-radar-live.com\",\"url\":\"https:\\\/\\\/weather-radar-live.com\\\/\",\"logo\":{\"@type\":\"ImageObject\",\"inLanguage\":\"sv-SE\",\"@id\":\"https:\\\/\\\/weather-radar-live.com\\\/#\\\/schema\\\/logo\\\/image\\\/\",\"url\":\"https:\\\/\\\/weather-radar-live.com\\\/wp-content\\\/uploads\\\/2022\\\/03\\\/cropped-WRL2503.png\",\"contentUrl\":\"https:\\\/\\\/weather-radar-live.com\\\/wp-content\\\/uploads\\\/2022\\\/03\\\/cropped-WRL2503.png\",\"width\":1920,\"height\":555,\"caption\":\"weather-radar-live.com\"},\"image\":{\"@id\":\"https:\\\/\\\/weather-radar-live.com\\\/#\\\/schema\\\/logo\\\/image\\\/\"}}]}<\/script>\n<!-- \/ Yoast SEO plugin. -->","yoast_head_json":{"title":"Webbkamera Venezia \u2192 Se det live!","description":"Webbkamera Venezia | Livecam i Venedig! \u2705 Uppdaterad f\u00f6r dig i realtid! \u2705 Aktuell v\u00e4derprognos!","robots":{"index":"index","follow":"follow","max-snippet":"max-snippet:-1","max-image-preview":"max-image-preview:large","max-video-preview":"max-video-preview:-1"},"canonical":"https:\/\/weather-radar-live.com\/sv\/webbkamera\/italien\/webbkamera-venezia\/","og_locale":"sv_SE","og_type":"article","og_title":"Webbkamera Venezia \u2192 Se det live!","og_description":"Webbkamera Venezia | Livecam i Venedig! \u2705 Uppdaterad f\u00f6r dig i realtid! \u2705 Aktuell v\u00e4derprognos!","og_url":"https:\/\/weather-radar-live.com\/sv\/webbkamera\/italien\/webbkamera-venezia\/","og_site_name":"weather-radar-live.com","article_modified_time":"2022-08-15T14:20:11+00:00","og_image":[{"width":1913,"height":857,"url":"https:\/\/weather-radar-live.com\/wp-content\/uploads\/2022\/08\/Webcam-Venezia-e1660569550834.jpg","type":"image\/jpeg"}],"twitter_card":"summary_large_image","twitter_misc":{"Ber\u00e4knad l\u00e4stid":"3 minuter"},"schema":{"@context":"https:\/\/schema.org","@graph":[{"@type":"WebPage","@id":"https:\/\/weather-radar-live.com\/sv\/webbkamera\/italien\/webbkamera-venezia\/","url":"https:\/\/weather-radar-live.com\/sv\/webbkamera\/italien\/webbkamera-venezia\/","name":"Webbkamera Venezia \u2192 Se det live!","isPartOf":{"@id":"https:\/\/weather-radar-live.com\/#website"},"primaryImageOfPage":{"@id":"https:\/\/weather-radar-live.com\/sv\/webbkamera\/italien\/webbkamera-venezia\/#primaryimage"},"image":{"@id":"https:\/\/weather-radar-live.com\/sv\/webbkamera\/italien\/webbkamera-venezia\/#primaryimage"},"thumbnailUrl":"https:\/\/weather-radar-live.com\/wp-content\/uploads\/2022\/08\/Webcam-Venezia-e1660569550834.jpg","datePublished":"2022-08-15T14:17:59+00:00","dateModified":"2022-08-15T14:20:11+00:00","description":"Webbkamera Venezia | Livecam i Venedig! \u2705 Uppdaterad f\u00f6r dig i realtid! \u2705 Aktuell v\u00e4derprognos!","breadcrumb":{"@id":"https:\/\/weather-radar-live.com\/sv\/webbkamera\/italien\/webbkamera-venezia\/#breadcrumb"},"inLanguage":"sv-SE","potentialAction":[{"@type":"ReadAction","target":["https:\/\/weather-radar-live.com\/sv\/webbkamera\/italien\/webbkamera-venezia\/"]}]},{"@type":"ImageObject","inLanguage":"sv-SE","@id":"https:\/\/weather-radar-live.com\/sv\/webbkamera\/italien\/webbkamera-venezia\/#primaryimage","url":"https:\/\/weather-radar-live.com\/wp-content\/uploads\/2022\/08\/Webcam-Venezia-e1660569550834.jpg","contentUrl":"https:\/\/weather-radar-live.com\/wp-content\/uploads\/2022\/08\/Webcam-Venezia-e1660569550834.jpg","width":1913,"height":857,"caption":"Webcam Venezia"},{"@type":"BreadcrumbList","@id":"https:\/\/weather-radar-live.com\/sv\/webbkamera\/italien\/webbkamera-venezia\/#breadcrumb","itemListElement":[{"@type":"ListItem","position":1,"name":"Weather Radar Live","item":"https:\/\/weather-radar-live.com\/sv\/"},{"@type":"ListItem","position":2,"name":"Webbkamera","item":"https:\/\/weather-radar-live.com\/sv\/webbkamera\/"},{"@type":"ListItem","position":3,"name":"Italien","item":"https:\/\/weather-radar-live.com\/sv\/webbkamera\/italien\/"},{"@type":"ListItem","position":4,"name":"Webbkamera Venezia"}]},{"@type":"WebSite","@id":"https:\/\/weather-radar-live.com\/#website","url":"https:\/\/weather-radar-live.com\/","name":"weather-radar-live.com","description":"Your weather and sky radar.","publisher":{"@id":"https:\/\/weather-radar-live.com\/#organization"},"potentialAction":[{"@type":"SearchAction","target":{"@type":"EntryPoint","urlTemplate":"https:\/\/weather-radar-live.com\/?s={search_term_string}"},"query-input":{"@type":"PropertyValueSpecification","valueRequired":true,"valueName":"search_term_string"}}],"inLanguage":"sv-SE"},{"@type":"Organization","@id":"https:\/\/weather-radar-live.com\/#organization","name":"weather-radar-live.com","url":"https:\/\/weather-radar-live.com\/","logo":{"@type":"ImageObject","inLanguage":"sv-SE","@id":"https:\/\/weather-radar-live.com\/#\/schema\/logo\/image\/","url":"https:\/\/weather-radar-live.com\/wp-content\/uploads\/2022\/03\/cropped-WRL2503.png","contentUrl":"https:\/\/weather-radar-live.com\/wp-content\/uploads\/2022\/03\/cropped-WRL2503.png","width":1920,"height":555,"caption":"weather-radar-live.com"},"image":{"@id":"https:\/\/weather-radar-live.com\/#\/schema\/logo\/image\/"}}]}},"_links":{"self":[{"href":"https:\/\/weather-radar-live.com\/sv\/wp-json\/wp\/v2\/pages\/6767","targetHints":{"allow":["GET"]}}],"collection":[{"href":"https:\/\/weather-radar-live.com\/sv\/wp-json\/wp\/v2\/pages"}],"about":[{"href":"https:\/\/weather-radar-live.com\/sv\/wp-json\/wp\/v2\/types\/page"}],"author":[{"embeddable":true,"href":"https:\/\/weather-radar-live.com\/sv\/wp-json\/wp\/v2\/users\/1"}],"replies":[{"embeddable":true,"href":"https:\/\/weather-radar-live.com\/sv\/wp-json\/wp\/v2\/comments?post=6767"}],"version-history":[{"count":2,"href":"https:\/\/weather-radar-live.com\/sv\/wp-json\/wp\/v2\/pages\/6767\/revisions"}],"predecessor-version":[{"id":6796,"href":"https:\/\/weather-radar-live.com\/sv\/wp-json\/wp\/v2\/pages\/6767\/revisions\/6796"}],"up":[{"embeddable":true,"href":"https:\/\/weather-radar-live.com\/sv\/wp-json\/wp\/v2\/pages\/4314"}],"wp:featuredmedia":[{"embeddable":true,"href":"https:\/\/weather-radar-live.com\/sv\/wp-json\/wp\/v2\/media\/6723"}],"wp:attachment":[{"href":"https:\/\/weather-radar-live.com\/sv\/wp-json\/wp\/v2\/media?parent=6767"}],"curies":[{"name":"wp","href":"https:\/\/api.w.org\/{rel}","templated":true}]}}