{"id":6702,"date":"2022-08-15T15:34:56","date_gmt":"2022-08-15T13:34:56","guid":{"rendered":"https:\/\/weather-radar-live.com\/?page_id=6702"},"modified":"2022-08-15T15:39:52","modified_gmt":"2022-08-15T13:39:52","slug":"webbkamera-sottomarina","status":"publish","type":"page","link":"https:\/\/weather-radar-live.com\/sv\/webbkamera\/italien\/webbkamera-sottomarina\/","title":{"rendered":"Webbkamera Sottomarina"},"content":{"rendered":"<div id=\"weath-2304107726\" class=\"weath-vor-dem-inhalt weath-entity-placement\" style=\"margin-top: 15px;margin-right: 25px;margin-bottom: 40px;margin-left: 25px;\"><script async src=\"\/\/pagead2.googlesyndication.com\/pagead\/js\/adsbygoogle.js?client=ca-pub-8960936133935804\" crossorigin=\"anonymous\"><\/script><ins class=\"adsbygoogle\" style=\"display:block;\" data-ad-client=\"ca-pub-8960936133935804\" \ndata-ad-slot=\"6172817020\" \ndata-ad-format=\"auto\"><\/ins>\n<script> \n(adsbygoogle = window.adsbygoogle || []).push({}); \n<\/script>\n<\/div>\n<div class=\"wp-block-cover alignfull is-light\"><span aria-hidden=\"true\" class=\"wp-block-cover__gradient-background has-background-dim\"><\/span><img decoding=\"async\" class=\"wp-block-cover__image-background wp-image-342\" alt=\"Webbkamera Sottomarina\" src=\"https:\/\/weather-radar-live.com\/wp-content\/uploads\/2021\/06\/sam-schooler-E9aetBe2w40-unsplash-e1622554814366.jpg\" data-object-fit=\"cover\"\/><div class=\"wp-block-cover__inner-container is-layout-flow wp-block-cover-is-layout-flow\">\n<h2 class=\"has-text-align-center heading wp-block-heading\" id=\"webcam-fort-mahon\" style=\"font-size:40px;text-transform:uppercase\"><strong><mark style=\"background-color:rgba(0, 0, 0, 0)\" class=\"has-inline-color has-base-3-color\">WEBBKAMERA <\/mark><\/strong><br><strong><mark style=\"background-color:rgba(0, 0, 0, 0)\" class=\"has-inline-color has-base-3-color\">Sottomarina<\/mark><\/strong><\/h2>\n<\/div><\/div>\n\n\n<div class=\"yoast-breadcrumbs\"><span><span><a href=\"https:\/\/weather-radar-live.com\/sv\/\">Weather Radar Live<\/a><\/span> \u00bb <span><a href=\"https:\/\/weather-radar-live.com\/sv\/webbkamera\/\">Webbkamera<\/a><\/span> \u00bb <span><a href=\"https:\/\/weather-radar-live.com\/sv\/webbkamera\/italien\/\">Italien<\/a><\/span> \u00bb <span class=\"breadcrumb_last\" aria-current=\"page\"><strong>Webbkamera Sottomarina<\/strong><\/span><\/span><\/div>\n\n\n<h2 class=\"has-text-align-center wp-block-heading\" id=\"webcam-fort-mahon\"><strong>Webbkamera Sottomarina<\/strong><\/h2>\n\n\n\n<p>Sottomarina gr\u00e4nsar till en sandstrand med solb\u00e4ddsuthyrning och barer med avkopplande atmosf\u00e4r. Det finns rutschkanor och pooler i vattenparken Bagni Europa Acquaparco Idrofollie. Restauranger vid vattnet serverar lokalt f\u00e5ngad fisk och klubbarna spelar latinamerikansk musik efter solnedg\u00e5ngen. Inte l\u00e5ngt fr\u00e5n San Felices sm\u00e5b\u00e5tshamn ligger den stj\u00e4rnformade medeltida f\u00e4stningen med samma namn. Det finns ocks\u00e5 n\u00e5gra campingplatser i omr\u00e5det. Med v\u00e5r webbkamera Sottomarina kan du f\u00f6lja livet i den popul\u00e4ra italienska badorten hemifr\u00e5n.<\/p>\n\n\n\n<p>Sottomarina, en stadsdel i Chioggia, \u00e4r en av de mest popul\u00e4ra badorterna p\u00e5 norra Adriatiska kusten. Stranden i Sottomarina str\u00e4cker sig i norr fr\u00e5n Diga of San Felice i s\u00f6der till Diga p\u00e5 Brenta. Denna exklusiva badort erbjuder avkoppling och komfort. I Sottomarina kan du tillbringa en wellness-semester och \u00e4ven ut\u00f6va olika sportaktiviteter. Om du har en hund kan du ta med den till badorten, eftersom s\u00e4rskilda zoner \u00e4r avsedda f\u00f6r fyrbenta v\u00e4nner. P\u00e5 Atlantkusten finns olika n\u00f6jesparker och vattenparker som erbjuder dig ett rikt fritidsprogram fr\u00e5n morgon till kv\u00e4ll. L\u00e4ngs strandpromenaden hittar du dessutom ett antal restauranger som frestar dig med alla sorters mat.<\/p><div id=\"weath-4044990303\" class=\"weath-inhalt_2 weath-entity-placement\" style=\"margin-top: 15px;margin-right: 25px;margin-bottom: 35px;margin-left: 25px;\"><script async src=\"\/\/pagead2.googlesyndication.com\/pagead\/js\/adsbygoogle.js?client=ca-pub-8960936133935804\" crossorigin=\"anonymous\"><\/script><ins class=\"adsbygoogle\" style=\"display:block;\" data-ad-client=\"ca-pub-8960936133935804\" \ndata-ad-slot=\"1963584050\" \ndata-ad-format=\"auto\"><\/ins>\n<script> \n(adsbygoogle = window.adsbygoogle || []).push({}); \n<\/script>\n<\/div>\n\n\n\n<div class=\"wp-block-columns is-layout-flex wp-container-core-columns-is-layout-9d6595d7 wp-block-columns-is-layout-flex\">\n<div class=\"wp-block-column webcam-column is-layout-flow wp-block-column-is-layout-flow\">\n<h3 class=\"has-text-align-center wp-block-heading\"> \ud83d\udd34 <strong>Webbkamera<\/strong> <strong><strong><strong>Sottomarina<\/strong><\/strong><\/strong> &#8211; Hotel Park Chioggia<\/h3>\n\n\n\n<figure class=\"wp-block-embed is-type-video is-provider-youtube wp-block-embed-youtube wp-embed-aspect-16-9 wp-has-aspect-ratio\"><div class=\"wp-block-embed__wrapper\">\n<iframe loading=\"lazy\" title=\"\ud83d\udd34 Chioggia Sottomarina Live Webcam - Live Streaming from Hotel Park Chioggia (Venice) - Live HD\" width=\"1200\" height=\"675\" src=\"https:\/\/www.youtube.com\/embed\/1pf1qjYpHlY?feature=oembed\" frameborder=\"0\" allow=\"accelerometer; autoplay; clipboard-write; encrypted-media; gyroscope; picture-in-picture\" allowfullscreen><\/iframe>\n<\/div><\/figure>\n<\/div>\n\n\n\n<div class=\"wp-block-column webcam-column is-layout-flow wp-block-column-is-layout-flow\">\n<h3 class=\"has-text-align-center wp-block-heading\"> \ud83d\udd34 <strong>Webbkamera <strong><strong>Sottomarina<\/strong><\/strong><\/strong> &#8211; Bagni Miki<\/h3>\n\n\n\n<figure class=\"wp-block-embed is-type-video is-provider-youtube wp-block-embed-youtube wp-embed-aspect-16-9 wp-has-aspect-ratio\"><div class=\"wp-block-embed__wrapper\">\n<iframe loading=\"lazy\" title=\"\ud83d\udd34 Bagni Miki - Chioggia Sottomarina (Venezia) - Live Full HD\" width=\"1200\" height=\"675\" src=\"https:\/\/www.youtube.com\/embed\/hMqdGiuzlP0?feature=oembed\" frameborder=\"0\" allow=\"accelerometer; autoplay; clipboard-write; encrypted-media; gyroscope; picture-in-picture\" allowfullscreen><\/iframe>\n<\/div><\/figure>\n<\/div>\n<\/div>\n\n\n\n<div class=\"wp-block-columns is-layout-flex wp-container-core-columns-is-layout-9d6595d7 wp-block-columns-is-layout-flex\">\n<div class=\"wp-block-column webcam-column is-layout-flow wp-block-column-is-layout-flow\">\n<h3 class=\"has-text-align-center wp-block-heading\"> \ud83d\udd34 <strong>Webbkamera<\/strong> <strong><strong><strong>Sottomarina<\/strong><\/strong><\/strong> &#8211; Chioggia<\/h3>\n\n\n\n<figure class=\"wp-block-embed is-type-video is-provider-youtube wp-block-embed-youtube wp-embed-aspect-16-9 wp-has-aspect-ratio\"><div class=\"wp-block-embed__wrapper\">\n<iframe loading=\"lazy\" title=\"\ud83d\udd34 Webcam - Live Streaming from Chioggia Sottomarina (Venezia) - Live HD\" width=\"1200\" height=\"675\" src=\"https:\/\/www.youtube.com\/embed\/rcm6kmLUggg?feature=oembed\" frameborder=\"0\" allow=\"accelerometer; autoplay; clipboard-write; encrypted-media; gyroscope; picture-in-picture\" allowfullscreen><\/iframe>\n<\/div><\/figure>\n<\/div>\n\n\n\n<div class=\"wp-block-column webcam-column is-layout-flow wp-block-column-is-layout-flow\">\n<h3 class=\"has-text-align-center wp-block-heading\"> \ud83d\udd34 <strong>Webbkamera <strong><strong><strong><strong><strong>Sottomarina<\/strong><\/strong><\/strong><\/strong><\/strong><\/strong> &#8211; Spiaggia di Sottomarina<\/h3>\n\n\n\n<a name=\"windy-webcam-timelapse-player\" data-id=\"1462747477\" data-play=\"day\" href=\"https:\/\/windy.com\/webcams\/1462747477\" target=\"_blank\" rel=\"noopener\">Chioggia: Sottomarina &#8211; Spiaggia di Sottomarina<\/a><script async=\"\" type=\"text\/javascript\" src=\"https:\/\/webcams.windy.com\/webcams\/public\/embed\/script\/player.js\"><\/script>\n<\/div>\n<\/div>\n\n\n\n<h2 class=\"wp-block-heading\" id=\"fort-mahon-today\"><strong>V\u00e4derradar Sottomarina &#8211; V\u00e4dret i Sottomarina<\/strong><\/h2>\n\n\n\n<p>Webbkameran Sottomarina ger dig inte bara en utm\u00e4rkt bild av v\u00e4dret genom livebilder, utan \u00e4ven en speciell v\u00e4derradar. Med v\u00e4derradaren \u00e4r du alltid uppdaterad om hur v\u00e4dret i Sottomarina kommer att f\u00f6r\u00e4ndras inom en snar framtid. Radarn fr\u00e5n webbkameran visar de omr\u00e5den d\u00e4r det faller nederb\u00f6rd i olika f\u00e4rger. De gr\u00f6na och bl\u00e5 nyanserna indikerar att endast l\u00e4tt nederb\u00f6rd f\u00f6rv\u00e4ntas. Lila och r\u00f6tt \u00e5 andra sidan representerar mycket stora m\u00e4ngder nederb\u00f6rd. Om ett \u00e5skv\u00e4der f\u00f6rv\u00e4ntas visas en liten blixtsymbol p\u00e5 v\u00e4derradaren.<\/p>\n\n\n\n<div class=\"wp-block-columns is-layout-flex wp-container-core-columns-is-layout-9d6595d7 wp-block-columns-is-layout-flex\">\n<div class=\"wp-block-column is-layout-flow wp-block-column-is-layout-flow\" style=\"flex-basis:75%\">\n<iframe loading=\"lazy\" width=\"1300\" height=\"502\" src=\"https:\/\/embed.windy.com\/embed2.html?lat=45.216&amp;lon=12.337&amp;detailLat=49.456&amp;detailLon=11.106&amp;width=1300&amp;height=502&amp;zoom=10&amp;level=surface&amp;overlay=radar&amp;product=radar&amp;menu=&amp;message=&amp;marker=&amp;calendar=now&amp;pressure=&amp;type=map&amp;location=coordinates&amp;detail=&amp;metricWind=default&amp;metricTemp=default&amp;radarRange=-1\" frameborder=\"0\"><\/iframe>\n<\/div>\n\n\n\n<div class=\"wp-block-column is-layout-flow wp-block-column-is-layout-flow\" style=\"flex-basis:25%\">\n<a class=\"weatherwidget-io\" href=\"https:\/\/forecast7.com\/sv\/45d2112d29\/sottomarina\/\" data-label_1=\"SOTTOMARINA\" data-theme=\"original\" >SOTTOMARINA<\/a>\n<script>\n!function(d,s,id){var js,fjs=d.getElementsByTagName(s)[0];if(!d.getElementById(id)){js=d.createElement(s);js.id=id;js.src='https:\/\/weatherwidget.io\/js\/widget.min.js';fjs.parentNode.insertBefore(js,fjs);}}(document,'script','weatherwidget-io-js');\n<\/script>\n<\/div>\n<\/div>\n\n\n\n<h2 class=\"wp-block-heading\" id=\"fort-mahon-weather\"><strong>Klimatet i Sottomarina<\/strong><\/h2>\n\n\n\n<p>Klimatf\u00f6rh\u00e5llandena i Sottomarina kan beskrivas som medelhavsklimat med varma sommartid. Eftersom badorten ligger p\u00e5 norra halvklotet har den sin sommar fr\u00e5n juni till augusti. Vattentemperaturen n\u00e5r upp till 26 \u00b0C p\u00e5 sommaren. Soltimmarna i Sottomarina, Italien, \u00e4r cirka 3 008 per \u00e5r. Luftfuktigheten \u00e4r h\u00f6gst i januari, med 81 procent. I juni\/juli \u00e4r den relativa luftfuktigheten dock vanligtvis inte h\u00f6gre \u00e4n 50 procent. Den kallaste m\u00e5naden \u00e4r januari med ett genomsnitt p\u00e5 2 \u00b0C. I juli uppm\u00e4ts temperaturer kring 29 \u00b0C.<\/p>\n\n\n\n<h2 class=\"wp-block-heading\"><strong>Sev\u00e4rdheter i Sottomarina<\/strong><\/h2>\n\n\n\n<p>I Sottomarina kan du f\u00f6rv\u00e4nta dig \u00f6ver tio kilometer str\u00e4nder och flera strandpromenader. Om du vill \u00e4gna dig \u00e5t sport \u00e4r kitesurfing och vindsurfing perfekta f\u00f6r dig. Eller vad s\u00e4gs om att hyra en yacht i hamnen och segla ut p\u00e5 det vackra Adriatiska havet? Om du f\u00f6redrar att stanna p\u00e5 land rekommenderar vi ett bes\u00f6k p\u00e5 Mercato del Pesce, en traditionell fiskmarknad som h\u00e5lls regelbundet i stadens centrum. Du b\u00f6r ocks\u00e5 \u00f6verv\u00e4ga bes\u00f6k p\u00e5 Museo dell&#8217;Orologio (klockmuseet) eller Museo di Zoologia Adriatica, en utst\u00e4llning d\u00e4r du kan f\u00f6rdjupa dig i havets v\u00e4rld.<\/p>\n","protected":false},"excerpt":{"rendered":"<p>Webbkamera Sottomarina Sottomarina gr\u00e4nsar till en sandstrand med solb\u00e4ddsuthyrning och barer med avkopplande atmosf\u00e4r. Det finns rutschkanor och pooler i vattenparken Bagni Europa Acquaparco Idrofollie. Restauranger vid vattnet serverar lokalt f\u00e5ngad fisk och klubbarna spelar latinamerikansk musik efter solnedg\u00e5ngen. Inte l\u00e5ngt fr\u00e5n San Felices sm\u00e5b\u00e5tshamn ligger den stj\u00e4rnformade medeltida f\u00e4stningen med samma namn. Det finns &#8230; <a title=\"Webbkamera Sottomarina\" class=\"read-more\" href=\"https:\/\/weather-radar-live.com\/sv\/webbkamera\/italien\/webbkamera-sottomarina\/\" aria-label=\"L\u00e4s mer om Webbkamera Sottomarina\">L\u00e4s mer<\/a><\/p>\n","protected":false},"author":1,"featured_media":6688,"parent":4314,"menu_order":0,"comment_status":"closed","ping_status":"closed","template":"","meta":{"footnotes":""},"class_list":["post-6702","page","type-page","status-publish","has-post-thumbnail"],"yoast_head":"<!-- This site is optimized with the Yoast SEO plugin v27.4 - https:\/\/yoast.com\/product\/yoast-seo-wordpress\/ -->\n<title>Webbkamera Sottomarina \u2192 Se det live!<\/title>\n<meta name=\"description\" content=\"Webbkamera Sottomarina | Livekamera fr\u00e5n Sottomarina! \u2705 Uppdaterad f\u00f6r dig i realtid! \u2705 Aktuell v\u00e4derprognos!\" \/>\n<meta name=\"robots\" content=\"index, follow, max-snippet:-1, max-image-preview:large, max-video-preview:-1\" \/>\n<link rel=\"canonical\" href=\"https:\/\/weather-radar-live.com\/sv\/webbkamera\/italien\/webbkamera-sottomarina\/\" \/>\n<meta property=\"og:locale\" content=\"sv_SE\" \/>\n<meta property=\"og:type\" content=\"article\" \/>\n<meta property=\"og:title\" content=\"Webbkamera Sottomarina \u2192 Se det live!\" \/>\n<meta property=\"og:description\" content=\"Webbkamera Sottomarina | Livekamera fr\u00e5n Sottomarina! \u2705 Uppdaterad f\u00f6r dig i realtid! \u2705 Aktuell v\u00e4derprognos!\" \/>\n<meta property=\"og:url\" content=\"https:\/\/weather-radar-live.com\/sv\/webbkamera\/italien\/webbkamera-sottomarina\/\" \/>\n<meta property=\"og:site_name\" content=\"weather-radar-live.com\" \/>\n<meta property=\"article:modified_time\" content=\"2022-08-15T13:39:52+00:00\" \/>\n<meta property=\"og:image\" content=\"https:\/\/weather-radar-live.com\/wp-content\/uploads\/2022\/08\/Webcam-Sottomarina-e1660568507794.jpg\" \/>\n\t<meta property=\"og:image:width\" content=\"375\" \/>\n\t<meta property=\"og:image:height\" content=\"246\" \/>\n\t<meta property=\"og:image:type\" content=\"image\/jpeg\" \/>\n<meta name=\"twitter:card\" content=\"summary_large_image\" \/>\n<meta name=\"twitter:label1\" content=\"Ber\u00e4knad l\u00e4stid\" \/>\n\t<meta name=\"twitter:data1\" content=\"3 minuter\" \/>\n<script type=\"application\/ld+json\" class=\"yoast-schema-graph\">{\"@context\":\"https:\\\/\\\/schema.org\",\"@graph\":[{\"@type\":\"WebPage\",\"@id\":\"https:\\\/\\\/weather-radar-live.com\\\/sv\\\/webbkamera\\\/italien\\\/webbkamera-sottomarina\\\/\",\"url\":\"https:\\\/\\\/weather-radar-live.com\\\/sv\\\/webbkamera\\\/italien\\\/webbkamera-sottomarina\\\/\",\"name\":\"Webbkamera Sottomarina \u2192 Se det live!\",\"isPartOf\":{\"@id\":\"https:\\\/\\\/weather-radar-live.com\\\/#website\"},\"primaryImageOfPage\":{\"@id\":\"https:\\\/\\\/weather-radar-live.com\\\/sv\\\/webbkamera\\\/italien\\\/webbkamera-sottomarina\\\/#primaryimage\"},\"image\":{\"@id\":\"https:\\\/\\\/weather-radar-live.com\\\/sv\\\/webbkamera\\\/italien\\\/webbkamera-sottomarina\\\/#primaryimage\"},\"thumbnailUrl\":\"https:\\\/\\\/weather-radar-live.com\\\/wp-content\\\/uploads\\\/2022\\\/08\\\/Webcam-Sottomarina-e1660568507794.jpg\",\"datePublished\":\"2022-08-15T13:34:56+00:00\",\"dateModified\":\"2022-08-15T13:39:52+00:00\",\"description\":\"Webbkamera Sottomarina | Livekamera fr\u00e5n Sottomarina! \u2705 Uppdaterad f\u00f6r dig i realtid! \u2705 Aktuell v\u00e4derprognos!\",\"breadcrumb\":{\"@id\":\"https:\\\/\\\/weather-radar-live.com\\\/sv\\\/webbkamera\\\/italien\\\/webbkamera-sottomarina\\\/#breadcrumb\"},\"inLanguage\":\"sv-SE\",\"potentialAction\":[{\"@type\":\"ReadAction\",\"target\":[\"https:\\\/\\\/weather-radar-live.com\\\/sv\\\/webbkamera\\\/italien\\\/webbkamera-sottomarina\\\/\"]}]},{\"@type\":\"ImageObject\",\"inLanguage\":\"sv-SE\",\"@id\":\"https:\\\/\\\/weather-radar-live.com\\\/sv\\\/webbkamera\\\/italien\\\/webbkamera-sottomarina\\\/#primaryimage\",\"url\":\"https:\\\/\\\/weather-radar-live.com\\\/wp-content\\\/uploads\\\/2022\\\/08\\\/Webcam-Sottomarina-e1660568507794.jpg\",\"contentUrl\":\"https:\\\/\\\/weather-radar-live.com\\\/wp-content\\\/uploads\\\/2022\\\/08\\\/Webcam-Sottomarina-e1660568507794.jpg\",\"width\":375,\"height\":246,\"caption\":\"Webcam-Sottomarina\"},{\"@type\":\"BreadcrumbList\",\"@id\":\"https:\\\/\\\/weather-radar-live.com\\\/sv\\\/webbkamera\\\/italien\\\/webbkamera-sottomarina\\\/#breadcrumb\",\"itemListElement\":[{\"@type\":\"ListItem\",\"position\":1,\"name\":\"Weather Radar Live\",\"item\":\"https:\\\/\\\/weather-radar-live.com\\\/sv\\\/\"},{\"@type\":\"ListItem\",\"position\":2,\"name\":\"Webbkamera\",\"item\":\"https:\\\/\\\/weather-radar-live.com\\\/sv\\\/webbkamera\\\/\"},{\"@type\":\"ListItem\",\"position\":3,\"name\":\"Italien\",\"item\":\"https:\\\/\\\/weather-radar-live.com\\\/sv\\\/webbkamera\\\/italien\\\/\"},{\"@type\":\"ListItem\",\"position\":4,\"name\":\"Webbkamera Sottomarina\"}]},{\"@type\":\"WebSite\",\"@id\":\"https:\\\/\\\/weather-radar-live.com\\\/#website\",\"url\":\"https:\\\/\\\/weather-radar-live.com\\\/\",\"name\":\"weather-radar-live.com\",\"description\":\"Your weather and sky radar.\",\"publisher\":{\"@id\":\"https:\\\/\\\/weather-radar-live.com\\\/#organization\"},\"potentialAction\":[{\"@type\":\"SearchAction\",\"target\":{\"@type\":\"EntryPoint\",\"urlTemplate\":\"https:\\\/\\\/weather-radar-live.com\\\/?s={search_term_string}\"},\"query-input\":{\"@type\":\"PropertyValueSpecification\",\"valueRequired\":true,\"valueName\":\"search_term_string\"}}],\"inLanguage\":\"sv-SE\"},{\"@type\":\"Organization\",\"@id\":\"https:\\\/\\\/weather-radar-live.com\\\/#organization\",\"name\":\"weather-radar-live.com\",\"url\":\"https:\\\/\\\/weather-radar-live.com\\\/\",\"logo\":{\"@type\":\"ImageObject\",\"inLanguage\":\"sv-SE\",\"@id\":\"https:\\\/\\\/weather-radar-live.com\\\/#\\\/schema\\\/logo\\\/image\\\/\",\"url\":\"https:\\\/\\\/weather-radar-live.com\\\/wp-content\\\/uploads\\\/2022\\\/03\\\/cropped-WRL2503.png\",\"contentUrl\":\"https:\\\/\\\/weather-radar-live.com\\\/wp-content\\\/uploads\\\/2022\\\/03\\\/cropped-WRL2503.png\",\"width\":1920,\"height\":555,\"caption\":\"weather-radar-live.com\"},\"image\":{\"@id\":\"https:\\\/\\\/weather-radar-live.com\\\/#\\\/schema\\\/logo\\\/image\\\/\"}}]}<\/script>\n<!-- \/ Yoast SEO plugin. -->","yoast_head_json":{"title":"Webbkamera Sottomarina \u2192 Se det live!","description":"Webbkamera Sottomarina | Livekamera fr\u00e5n Sottomarina! \u2705 Uppdaterad f\u00f6r dig i realtid! \u2705 Aktuell v\u00e4derprognos!","robots":{"index":"index","follow":"follow","max-snippet":"max-snippet:-1","max-image-preview":"max-image-preview:large","max-video-preview":"max-video-preview:-1"},"canonical":"https:\/\/weather-radar-live.com\/sv\/webbkamera\/italien\/webbkamera-sottomarina\/","og_locale":"sv_SE","og_type":"article","og_title":"Webbkamera Sottomarina \u2192 Se det live!","og_description":"Webbkamera Sottomarina | Livekamera fr\u00e5n Sottomarina! \u2705 Uppdaterad f\u00f6r dig i realtid! \u2705 Aktuell v\u00e4derprognos!","og_url":"https:\/\/weather-radar-live.com\/sv\/webbkamera\/italien\/webbkamera-sottomarina\/","og_site_name":"weather-radar-live.com","article_modified_time":"2022-08-15T13:39:52+00:00","og_image":[{"width":375,"height":246,"url":"https:\/\/weather-radar-live.com\/wp-content\/uploads\/2022\/08\/Webcam-Sottomarina-e1660568507794.jpg","type":"image\/jpeg"}],"twitter_card":"summary_large_image","twitter_misc":{"Ber\u00e4knad l\u00e4stid":"3 minuter"},"schema":{"@context":"https:\/\/schema.org","@graph":[{"@type":"WebPage","@id":"https:\/\/weather-radar-live.com\/sv\/webbkamera\/italien\/webbkamera-sottomarina\/","url":"https:\/\/weather-radar-live.com\/sv\/webbkamera\/italien\/webbkamera-sottomarina\/","name":"Webbkamera Sottomarina \u2192 Se det live!","isPartOf":{"@id":"https:\/\/weather-radar-live.com\/#website"},"primaryImageOfPage":{"@id":"https:\/\/weather-radar-live.com\/sv\/webbkamera\/italien\/webbkamera-sottomarina\/#primaryimage"},"image":{"@id":"https:\/\/weather-radar-live.com\/sv\/webbkamera\/italien\/webbkamera-sottomarina\/#primaryimage"},"thumbnailUrl":"https:\/\/weather-radar-live.com\/wp-content\/uploads\/2022\/08\/Webcam-Sottomarina-e1660568507794.jpg","datePublished":"2022-08-15T13:34:56+00:00","dateModified":"2022-08-15T13:39:52+00:00","description":"Webbkamera Sottomarina | Livekamera fr\u00e5n Sottomarina! \u2705 Uppdaterad f\u00f6r dig i realtid! \u2705 Aktuell v\u00e4derprognos!","breadcrumb":{"@id":"https:\/\/weather-radar-live.com\/sv\/webbkamera\/italien\/webbkamera-sottomarina\/#breadcrumb"},"inLanguage":"sv-SE","potentialAction":[{"@type":"ReadAction","target":["https:\/\/weather-radar-live.com\/sv\/webbkamera\/italien\/webbkamera-sottomarina\/"]}]},{"@type":"ImageObject","inLanguage":"sv-SE","@id":"https:\/\/weather-radar-live.com\/sv\/webbkamera\/italien\/webbkamera-sottomarina\/#primaryimage","url":"https:\/\/weather-radar-live.com\/wp-content\/uploads\/2022\/08\/Webcam-Sottomarina-e1660568507794.jpg","contentUrl":"https:\/\/weather-radar-live.com\/wp-content\/uploads\/2022\/08\/Webcam-Sottomarina-e1660568507794.jpg","width":375,"height":246,"caption":"Webcam-Sottomarina"},{"@type":"BreadcrumbList","@id":"https:\/\/weather-radar-live.com\/sv\/webbkamera\/italien\/webbkamera-sottomarina\/#breadcrumb","itemListElement":[{"@type":"ListItem","position":1,"name":"Weather Radar Live","item":"https:\/\/weather-radar-live.com\/sv\/"},{"@type":"ListItem","position":2,"name":"Webbkamera","item":"https:\/\/weather-radar-live.com\/sv\/webbkamera\/"},{"@type":"ListItem","position":3,"name":"Italien","item":"https:\/\/weather-radar-live.com\/sv\/webbkamera\/italien\/"},{"@type":"ListItem","position":4,"name":"Webbkamera Sottomarina"}]},{"@type":"WebSite","@id":"https:\/\/weather-radar-live.com\/#website","url":"https:\/\/weather-radar-live.com\/","name":"weather-radar-live.com","description":"Your weather and sky radar.","publisher":{"@id":"https:\/\/weather-radar-live.com\/#organization"},"potentialAction":[{"@type":"SearchAction","target":{"@type":"EntryPoint","urlTemplate":"https:\/\/weather-radar-live.com\/?s={search_term_string}"},"query-input":{"@type":"PropertyValueSpecification","valueRequired":true,"valueName":"search_term_string"}}],"inLanguage":"sv-SE"},{"@type":"Organization","@id":"https:\/\/weather-radar-live.com\/#organization","name":"weather-radar-live.com","url":"https:\/\/weather-radar-live.com\/","logo":{"@type":"ImageObject","inLanguage":"sv-SE","@id":"https:\/\/weather-radar-live.com\/#\/schema\/logo\/image\/","url":"https:\/\/weather-radar-live.com\/wp-content\/uploads\/2022\/03\/cropped-WRL2503.png","contentUrl":"https:\/\/weather-radar-live.com\/wp-content\/uploads\/2022\/03\/cropped-WRL2503.png","width":1920,"height":555,"caption":"weather-radar-live.com"},"image":{"@id":"https:\/\/weather-radar-live.com\/#\/schema\/logo\/image\/"}}]}},"_links":{"self":[{"href":"https:\/\/weather-radar-live.com\/sv\/wp-json\/wp\/v2\/pages\/6702","targetHints":{"allow":["GET"]}}],"collection":[{"href":"https:\/\/weather-radar-live.com\/sv\/wp-json\/wp\/v2\/pages"}],"about":[{"href":"https:\/\/weather-radar-live.com\/sv\/wp-json\/wp\/v2\/types\/page"}],"author":[{"embeddable":true,"href":"https:\/\/weather-radar-live.com\/sv\/wp-json\/wp\/v2\/users\/1"}],"replies":[{"embeddable":true,"href":"https:\/\/weather-radar-live.com\/sv\/wp-json\/wp\/v2\/comments?post=6702"}],"version-history":[{"count":2,"href":"https:\/\/weather-radar-live.com\/sv\/wp-json\/wp\/v2\/pages\/6702\/revisions"}],"predecessor-version":[{"id":6757,"href":"https:\/\/weather-radar-live.com\/sv\/wp-json\/wp\/v2\/pages\/6702\/revisions\/6757"}],"up":[{"embeddable":true,"href":"https:\/\/weather-radar-live.com\/sv\/wp-json\/wp\/v2\/pages\/4314"}],"wp:featuredmedia":[{"embeddable":true,"href":"https:\/\/weather-radar-live.com\/sv\/wp-json\/wp\/v2\/media\/6688"}],"wp:attachment":[{"href":"https:\/\/weather-radar-live.com\/sv\/wp-json\/wp\/v2\/media?parent=6702"}],"curies":[{"name":"wp","href":"https:\/\/api.w.org\/{rel}","templated":true}]}}