{"id":6579,"date":"2022-08-11T15:27:39","date_gmt":"2022-08-11T13:27:39","guid":{"rendered":"https:\/\/weather-radar-live.com\/?page_id=6579"},"modified":"2022-08-11T15:30:19","modified_gmt":"2022-08-11T13:30:19","slug":"webbkamera-stelvio","status":"publish","type":"page","link":"https:\/\/weather-radar-live.com\/sv\/webbkamera\/italien\/webbkamera-stelvio\/","title":{"rendered":"Webbkamera Stelvio"},"content":{"rendered":"<div id=\"weath-2549139819\" class=\"weath-vor-dem-inhalt weath-entity-placement\" style=\"margin-top: 15px;margin-right: 25px;margin-bottom: 40px;margin-left: 25px;\"><script async src=\"\/\/pagead2.googlesyndication.com\/pagead\/js\/adsbygoogle.js?client=ca-pub-8960936133935804\" crossorigin=\"anonymous\"><\/script><ins class=\"adsbygoogle\" style=\"display:block;\" data-ad-client=\"ca-pub-8960936133935804\" \ndata-ad-slot=\"6172817020\" \ndata-ad-format=\"auto\"><\/ins>\n<script> \n(adsbygoogle = window.adsbygoogle || []).push({}); \n<\/script>\n<\/div>\n<div class=\"wp-block-cover alignfull is-light\"><span aria-hidden=\"true\" class=\"wp-block-cover__gradient-background has-background-dim\"><\/span><img decoding=\"async\" class=\"wp-block-cover__image-background wp-image-342\" alt=\"Webbkamera Stelvio\n\" src=\"https:\/\/weather-radar-live.com\/wp-content\/uploads\/2021\/06\/sam-schooler-E9aetBe2w40-unsplash-e1622554814366.jpg\" data-object-fit=\"cover\"\/><div class=\"wp-block-cover__inner-container is-layout-flow wp-block-cover-is-layout-flow\">\n<h2 class=\"has-text-align-center heading wp-block-heading\" id=\"webcam-fort-mahon\" style=\"font-size:40px\"><strong><mark style=\"background-color:rgba(0, 0, 0, 0)\" class=\"has-inline-color has-base-3-color\">WEBBKAMERA <\/mark><\/strong><br><strong><mark style=\"background-color:rgba(0, 0, 0, 0)\" class=\"has-inline-color has-base-3-color\">STELVIO<\/mark><\/strong><\/h2>\n<\/div><\/div>\n\n\n<div class=\"yoast-breadcrumbs\"><span><span><a href=\"https:\/\/weather-radar-live.com\/sv\/\">Weather Radar Live<\/a><\/span> \u00bb <span><a href=\"https:\/\/weather-radar-live.com\/sv\/webbkamera\/\">Webbkamera<\/a><\/span> \u00bb <span><a href=\"https:\/\/weather-radar-live.com\/sv\/webbkamera\/italien\/\">Italien<\/a><\/span> \u00bb <span class=\"breadcrumb_last\" aria-current=\"page\"><strong>Webbkamera Stelvio<\/strong><\/span><\/span><\/div>\n\n\n<h2 class=\"has-text-align-center wp-block-heading\" id=\"webcam-fort-mahon\"><strong>Webbkamera Stelvio<\/strong><\/h2>\n\n\n\n<p>Bergspasset Passo dello Stelvio, \u00e4ven k\u00e4nt som Stelvio-passet, ligger i Ortleralperna och f\u00f6rbinder staden Bormio i Lombardiet med staden Prad i Sydtyrolen. Samtidigt \u00e4r Passo dello Stelvio, med sina 2 757 h\u00f6jdmeter, inte bara den h\u00f6gsta passv\u00e4gen i Italien utan ocks\u00e5 den n\u00e4st h\u00f6gsta passv\u00e4gen i Alperna efter Col de I&#8217;Iseran. Uppt\u00e4ck det unika bergspasset med v\u00e5r webbkamera Stelvio och l\u00e5t dig imponeras av de hisnande bilderna i realtid.<\/p>\n\n\n\n<p>Passo dello Stelvio kallas ocks\u00e5 ofta f\u00f6r bergspassens drottning eller Europas h\u00f6gsta tivoli. I vilken utstr\u00e4ckning dessa ben\u00e4mningar faktiskt g\u00e4ller f\u00f6r passet \u00e4r helt upp till din bed\u00f6mning.<\/p><div id=\"weath-3388883706\" class=\"weath-inhalt_2 weath-entity-placement\" style=\"margin-top: 15px;margin-right: 25px;margin-bottom: 35px;margin-left: 25px;\"><script async src=\"\/\/pagead2.googlesyndication.com\/pagead\/js\/adsbygoogle.js?client=ca-pub-8960936133935804\" crossorigin=\"anonymous\"><\/script><ins class=\"adsbygoogle\" style=\"display:block;\" data-ad-client=\"ca-pub-8960936133935804\" \ndata-ad-slot=\"1963584050\" \ndata-ad-format=\"auto\"><\/ins>\n<script> \n(adsbygoogle = window.adsbygoogle || []).push({}); \n<\/script>\n<\/div>\n\n\n\n<div class=\"wp-block-columns is-layout-flex wp-container-core-columns-is-layout-9d6595d7 wp-block-columns-is-layout-flex\">\n<div class=\"wp-block-column webcam-column is-layout-flow wp-block-column-is-layout-flow\">\n<h3 class=\"has-text-align-center wp-block-heading\"> \ud83d\udd34 <strong>Webbkamera<\/strong> <strong>Stelvio-<\/strong> Passo dello Stelvio<\/h3>\n\n\n\n<a name=\"windy-webcam-timelapse-player\" data-id=\"1462286437\" data-play=\"day\" href=\"https:\/\/windy.com\/webcams\/1462286437\" target=\"_blank\" rel=\"noopener\">Worms i Valtellina: Stelvio &#8211; Passo dello Stelvio<\/a><script async=\"\" type=\"text\/javascript\" src=\"https:\/\/webcams.windy.com\/webcams\/public\/embed\/script\/player.js\"><\/script>\n<\/div>\n\n\n\n<div class=\"wp-block-column webcam-column is-layout-flow wp-block-column-is-layout-flow\">\n<h3 class=\"has-text-align-center wp-block-heading\"> \ud83d\udd34 <strong>Webbkamera Stelvio<\/strong> &#8211; s\u00f6derut<\/h3>\n\n\n\n<a name=\"windy-webcam-timelapse-player\" data-id=\"1462286446\" data-play=\"day\" href=\"https:\/\/windy.com\/webcams\/1462286446\" target=\"_blank\" rel=\"noopener\">Worms i Valtellina: Stelvio &#8211; Passo dello Stelvio<\/a><script async=\"\" type=\"text\/javascript\" src=\"https:\/\/webcams.windy.com\/webcams\/public\/embed\/script\/player.js\"><\/script>\n<\/div>\n<\/div>\n\n\n\n<div class=\"wp-block-columns is-layout-flex wp-container-core-columns-is-layout-9d6595d7 wp-block-columns-is-layout-flex\">\n<div class=\"wp-block-column webcam-column is-layout-flow wp-block-column-is-layout-flow\">\n<h3 class=\"has-text-align-center wp-block-heading\"> \ud83d\udd34 <strong>Webbkamera<\/strong> <strong>Stelvio<\/strong> &#8211; Worms i Valtellina<\/h3>\n\n\n\n<a name=\"windy-webcam-timelapse-player\" data-id=\"1462286441\" data-play=\"day\" href=\"https:\/\/windy.com\/webcams\/1462286441\" target=\"_blank\" rel=\"noopener\">Worms i Valtellina: Stelvio &#8211; Passo dello Stelvio<\/a><script async=\"\" type=\"text\/javascript\" src=\"https:\/\/webcams.windy.com\/webcams\/public\/embed\/script\/player.js\"><\/script>\n<\/div>\n\n\n\n<div class=\"wp-block-column webcam-column is-layout-flow wp-block-column-is-layout-flow\">\n<h3 class=\"has-text-align-center wp-block-heading\"> \ud83d\udd34 <strong>Webbkamera Stelvio<\/strong> &#8211; Stelvio<\/h3>\n\n\n\n<a name=\"windy-webcam-timelapse-player\" data-id=\"1203067603\" data-play=\"day\" href=\"https:\/\/windy.com\/webcams\/1203067603\" target=\"_blank\" rel=\"noopener\">Stilfs<\/a><script async=\"\" type=\"text\/javascript\" src=\"https:\/\/webcams.windy.com\/webcams\/public\/embed\/script\/player.js\"><\/script>\n<\/div>\n<\/div>\n\n\n\n<div class=\"wp-block-columns is-layout-flex wp-container-core-columns-is-layout-9d6595d7 wp-block-columns-is-layout-flex\">\n<div class=\"wp-block-column webcam-column is-layout-flow wp-block-column-is-layout-flow\">\n<h3 class=\"has-text-align-center wp-block-heading\"> \ud83d\udd34 <strong>Webbkamera<strong> Stelvio<\/strong><\/strong> &#8211; sluttning<\/h3>\n\n\n\n<a name=\"windy-webcam-timelapse-player\" data-id=\"1203067577\" data-play=\"day\" href=\"https:\/\/windy.com\/webcams\/1203067577\" target=\"_blank\" rel=\"noopener\">Stilfs: LIVRIO &#8211; Passo &#8211; PISTE sci estivo<\/a><script async=\"\" type=\"text\/javascript\" src=\"https:\/\/webcams.windy.com\/webcams\/public\/embed\/script\/player.js\"><\/script>\n<\/div>\n\n\n\n<div class=\"wp-block-column webcam-column is-layout-flow wp-block-column-is-layout-flow\">\n<h3 class=\"has-text-align-center wp-block-heading\"> \ud83d\udd34 <strong>Webbkamera Stelvio<\/strong> &#8211; centrum<\/h3>\n\n\n\n<a name=\"windy-webcam-timelapse-player\" data-id=\"1347450910\" data-play=\"day\" href=\"https:\/\/windy.com\/webcams\/1347450910\" target=\"_blank\" rel=\"noopener\">Stilfs: Passo dello<\/a><script async=\"\" type=\"text\/javascript\" src=\"https:\/\/webcams.windy.com\/webcams\/public\/embed\/script\/player.js\"><\/script>\n<\/div>\n<\/div>\n\n\n\n<div class=\"wp-block-columns is-layout-flex wp-container-core-columns-is-layout-9d6595d7 wp-block-columns-is-layout-flex\">\n<div class=\"wp-block-column webcam-column is-layout-flow wp-block-column-is-layout-flow\">\n<h3 class=\"has-text-align-center wp-block-heading\"> \ud83d\udd34 <strong>Webbkamera Stelvio<\/strong> &#8211; Terrazza Pirovano<\/h3>\n\n\n\n<a name=\"windy-webcam-timelapse-player\" data-id=\"1399533446\" data-play=\"day\" href=\"https:\/\/windy.com\/webcams\/1399533446\" target=\"_blank\" rel=\"noopener\">Stilfs: Terrazza Pirovano<\/a><script async=\"\" type=\"text\/javascript\" src=\"https:\/\/webcams.windy.com\/webcams\/public\/embed\/script\/player.js\"><\/script>\n<\/div>\n\n\n\n<div class=\"wp-block-column webcam-column is-layout-flow wp-block-column-is-layout-flow\">\n<h3 class=\"has-text-align-center wp-block-heading\"> \ud83d\udd34 <strong>Webbkamera Stelvio<\/strong> &#8211; norr<\/h3>\n\n\n\n<a name=\"windy-webcam-timelapse-player\" data-id=\"1203094581\" data-play=\"day\" href=\"https:\/\/windy.com\/webcams\/1203094581\" target=\"_blank\" rel=\"noopener\">Stilfs: PASSO &#8211; WEBCAM<\/a><script async=\"\" type=\"text\/javascript\" src=\"https:\/\/webcams.windy.com\/webcams\/public\/embed\/script\/player.js\"><\/script>\n<\/div>\n<\/div>\n\n\n\n<h2 class=\"wp-block-heading\" id=\"fort-mahon-today\"><strong>V\u00e4derradar Stelvio &#8211; V\u00e4der i Stelvio<\/strong><\/h2>\n\n\n\n<p>V\u00e5r webbkamera Stelvio ger dig i realtid v\u00e4rdefull information om de aktuella v\u00e4derf\u00f6rh\u00e5llandena p\u00e5 platsen. Denna omfattande v\u00e4derinformation kompletteras av v\u00e5r v\u00e4derradar, som inte bara visar dig en aktuell v\u00e4derprognos utan \u00e4ven de aktuella nederb\u00f6rdsomr\u00e5dena. Alla nederb\u00f6rdsomr\u00e5den \u00e4r markerade i olika f\u00e4rger beroende p\u00e5 deras intensitet. Bl\u00e5 och gr\u00f6na omr\u00e5den indikerar l\u00e5g nederb\u00f6rd, medan lila och r\u00f6da omr\u00e5den st\u00e5r f\u00f6r kraftigare nederb\u00f6rd med eventuell risk f\u00f6r h\u00e5rt v\u00e4der. Dessutom visar v\u00e5r v\u00e4derradar dig ocks\u00e5 alla aktuella \u00e5skv\u00e4der med en liten blixtsymbol. S\u00e5 med v\u00e5r webbkamera och v\u00e4derradar \u00e4r du alltid v\u00e4linformerad om det aktuella v\u00e4dret i Stelvio.<\/p>\n\n\n\n<div class=\"wp-block-columns is-layout-flex wp-container-core-columns-is-layout-9d6595d7 wp-block-columns-is-layout-flex\">\n<div class=\"wp-block-column is-layout-flow wp-block-column-is-layout-flow\" style=\"flex-basis:75%\">\n<iframe loading=\"lazy\" width=\"1300\" height=\"502\" src=\"https:\/\/embed.windy.com\/embed2.html?lat=46.529&amp;lon=10.439&amp;detailLat=46.529&amp;detailLon=10.439&amp;width=1300&amp;height=502&amp;zoom=11&amp;level=surface&amp;overlay=rain&amp;product=ecmwf&amp;menu=&amp;message=&amp;marker=&amp;calendar=now&amp;pressure=&amp;type=map&amp;location=coordinates&amp;detail=&amp;metricWind=default&amp;metricTemp=default&amp;radarRange=-1\" frameborder=\"0\"><\/iframe>\n<\/div>\n\n\n\n<div class=\"wp-block-column is-layout-flow wp-block-column-is-layout-flow\" style=\"flex-basis:25%\">\n<a class=\"weatherwidget-io\" href=\"https:\/\/forecast7.com\/sv\/46d6010d54\/stilfs\/\" data-label_1=\"STELVIO\" data-theme=\"original\" >STELVIO<\/a>\n<script>\n!function(d,s,id){var js,fjs=d.getElementsByTagName(s)[0];if(!d.getElementById(id)){js=d.createElement(s);js.id=id;js.src='https:\/\/weatherwidget.io\/js\/widget.min.js';fjs.parentNode.insertBefore(js,fjs);}}(document,'script','weatherwidget-io-js');\n<\/script>\n<\/div>\n<\/div>\n\n\n\n<h2 class=\"wp-block-heading\" id=\"fort-mahon-weather\"><strong>Klimatet i Stelvio<\/strong><\/h2>\n\n\n\n<p>Stelvio tillh\u00f6r klimatzonen f\u00f6r de mellersta breddgraderna och k\u00e4nnetecknas av sitt kontinentala klimat. Den genomsnittliga \u00e5rstemperaturen h\u00e4r \u00e4r 18 \u00b0C med en genomsnittlig soltid p\u00e5 5 timmar per dag. Under sommarm\u00e5naderna stiger temperaturen, s\u00e5 att de h\u00f6gsta v\u00e4rdena h\u00e4r \u00e4r i genomsnitt 29 \u00b0C i juli. P\u00e5 vintern d\u00e4remot sjunker temperaturen \u00e5terigen betydligt, och januari \u00e4r den kallaste m\u00e5naden med ett genomsnitt p\u00e5 -10 \u00b0C.<\/p>\n\n\n\n<h2 class=\"wp-block-heading\"><strong>Sev\u00e4rdheter i Stelvio<\/strong><\/h2>\n\n\n\n<p>V\u00e4gen Passo dello Stelvio \u00e4r asfalterad \u00f6verallt och \u00e4r \u00f6ppen f\u00f6r trafik mellan maj och november. Under dessa m\u00e5nader \u00e4r den mycket trafikerad, eftersom passets 48 h\u00e5rn\u00e5lskurvor lockar s\u00e4rskilt motorcyklister. Varje \u00e5r under f\u00f6rsta veckan i juli \u00e4ger d\u00e4rf\u00f6r det internationella m\u00f6tet rum h\u00e4r, d\u00e4r hundratals motorcyklister samlas. Men \u00e4ven f\u00f6r bilister \u00e4r passv\u00e4gen med sina magnifika omgivningar och det storslagna bergspanoramat mitt i Alperna v\u00e4rd en biltur. Detta beror p\u00e5 att Passo dello Stelvio ligger i den pittoreska nationalparken Stilfser Joch, inramad av topparna i Ortlermassivet. En riktig utmaning v\u00e4ntar alla cykelentusiaster vid Passo dello Stelvio. S\u00e4rskilt p\u00e5 den bilfria cykeldagen blir Stelviopasset ett popul\u00e4rt m\u00e5l f\u00f6r landsv\u00e4gscyklister.<\/p>\n","protected":false},"excerpt":{"rendered":"<p>Webbkamera Stelvio Bergspasset Passo dello Stelvio, \u00e4ven k\u00e4nt som Stelvio-passet, ligger i Ortleralperna och f\u00f6rbinder staden Bormio i Lombardiet med staden Prad i Sydtyrolen. Samtidigt \u00e4r Passo dello Stelvio, med sina 2 757 h\u00f6jdmeter, inte bara den h\u00f6gsta passv\u00e4gen i Italien utan ocks\u00e5 den n\u00e4st h\u00f6gsta passv\u00e4gen i Alperna efter Col de I&#8217;Iseran. Uppt\u00e4ck det &#8230; <a title=\"Webbkamera Stelvio\" class=\"read-more\" href=\"https:\/\/weather-radar-live.com\/sv\/webbkamera\/italien\/webbkamera-stelvio\/\" aria-label=\"L\u00e4s mer om Webbkamera Stelvio\">L\u00e4s mer<\/a><\/p>\n","protected":false},"author":1,"featured_media":6516,"parent":4314,"menu_order":0,"comment_status":"closed","ping_status":"closed","template":"","meta":{"footnotes":""},"class_list":["post-6579","page","type-page","status-publish","has-post-thumbnail"],"yoast_head":"<!-- This site is optimized with the Yoast SEO plugin v27.3 - https:\/\/yoast.com\/product\/yoast-seo-wordpress\/ -->\n<title>Webbkamera Stelvio \u2192 Se det live!<\/title>\n<meta name=\"description\" content=\"Webbkamera Stelvio | Livekamera av Stelvio! \u2705 Uppdaterad f\u00f6r dig i realtid! \u2705 Aktuell v\u00e4derprognos!\" \/>\n<meta name=\"robots\" content=\"index, follow, max-snippet:-1, max-image-preview:large, max-video-preview:-1\" \/>\n<link rel=\"canonical\" href=\"https:\/\/weather-radar-live.com\/sv\/webbkamera\/italien\/webbkamera-stelvio\/\" \/>\n<meta property=\"og:locale\" content=\"sv_SE\" \/>\n<meta property=\"og:type\" content=\"article\" \/>\n<meta property=\"og:title\" content=\"Webbkamera Stelvio \u2192 Se det live!\" \/>\n<meta property=\"og:description\" content=\"Webbkamera Stelvio | Livekamera av Stelvio! \u2705 Uppdaterad f\u00f6r dig i realtid! \u2705 Aktuell v\u00e4derprognos!\" \/>\n<meta property=\"og:url\" content=\"https:\/\/weather-radar-live.com\/sv\/webbkamera\/italien\/webbkamera-stelvio\/\" \/>\n<meta property=\"og:site_name\" content=\"weather-radar-live.com\" \/>\n<meta property=\"article:modified_time\" content=\"2022-08-11T13:30:19+00:00\" \/>\n<meta property=\"og:image\" content=\"https:\/\/weather-radar-live.com\/wp-content\/uploads\/2022\/08\/Webcam-Stelvio-e1660149388700.jpg\" \/>\n\t<meta property=\"og:image:width\" content=\"1895\" \/>\n\t<meta property=\"og:image:height\" content=\"735\" \/>\n\t<meta property=\"og:image:type\" content=\"image\/jpeg\" \/>\n<meta name=\"twitter:card\" content=\"summary_large_image\" \/>\n<meta name=\"twitter:label1\" content=\"Ber\u00e4knad l\u00e4stid\" \/>\n\t<meta name=\"twitter:data1\" content=\"3 minuter\" \/>\n<script type=\"application\/ld+json\" class=\"yoast-schema-graph\">{\"@context\":\"https:\\\/\\\/schema.org\",\"@graph\":[{\"@type\":\"WebPage\",\"@id\":\"https:\\\/\\\/weather-radar-live.com\\\/sv\\\/webbkamera\\\/italien\\\/webbkamera-stelvio\\\/\",\"url\":\"https:\\\/\\\/weather-radar-live.com\\\/sv\\\/webbkamera\\\/italien\\\/webbkamera-stelvio\\\/\",\"name\":\"Webbkamera Stelvio \u2192 Se det live!\",\"isPartOf\":{\"@id\":\"https:\\\/\\\/weather-radar-live.com\\\/#website\"},\"primaryImageOfPage\":{\"@id\":\"https:\\\/\\\/weather-radar-live.com\\\/sv\\\/webbkamera\\\/italien\\\/webbkamera-stelvio\\\/#primaryimage\"},\"image\":{\"@id\":\"https:\\\/\\\/weather-radar-live.com\\\/sv\\\/webbkamera\\\/italien\\\/webbkamera-stelvio\\\/#primaryimage\"},\"thumbnailUrl\":\"https:\\\/\\\/weather-radar-live.com\\\/wp-content\\\/uploads\\\/2022\\\/08\\\/Webcam-Stelvio-e1660149388700.jpg\",\"datePublished\":\"2022-08-11T13:27:39+00:00\",\"dateModified\":\"2022-08-11T13:30:19+00:00\",\"description\":\"Webbkamera Stelvio | Livekamera av Stelvio! \u2705 Uppdaterad f\u00f6r dig i realtid! \u2705 Aktuell v\u00e4derprognos!\",\"breadcrumb\":{\"@id\":\"https:\\\/\\\/weather-radar-live.com\\\/sv\\\/webbkamera\\\/italien\\\/webbkamera-stelvio\\\/#breadcrumb\"},\"inLanguage\":\"sv-SE\",\"potentialAction\":[{\"@type\":\"ReadAction\",\"target\":[\"https:\\\/\\\/weather-radar-live.com\\\/sv\\\/webbkamera\\\/italien\\\/webbkamera-stelvio\\\/\"]}]},{\"@type\":\"ImageObject\",\"inLanguage\":\"sv-SE\",\"@id\":\"https:\\\/\\\/weather-radar-live.com\\\/sv\\\/webbkamera\\\/italien\\\/webbkamera-stelvio\\\/#primaryimage\",\"url\":\"https:\\\/\\\/weather-radar-live.com\\\/wp-content\\\/uploads\\\/2022\\\/08\\\/Webcam-Stelvio-e1660149388700.jpg\",\"contentUrl\":\"https:\\\/\\\/weather-radar-live.com\\\/wp-content\\\/uploads\\\/2022\\\/08\\\/Webcam-Stelvio-e1660149388700.jpg\",\"width\":1895,\"height\":735,\"caption\":\"Webcam Stelvio\"},{\"@type\":\"BreadcrumbList\",\"@id\":\"https:\\\/\\\/weather-radar-live.com\\\/sv\\\/webbkamera\\\/italien\\\/webbkamera-stelvio\\\/#breadcrumb\",\"itemListElement\":[{\"@type\":\"ListItem\",\"position\":1,\"name\":\"Weather Radar Live\",\"item\":\"https:\\\/\\\/weather-radar-live.com\\\/sv\\\/\"},{\"@type\":\"ListItem\",\"position\":2,\"name\":\"Webbkamera\",\"item\":\"https:\\\/\\\/weather-radar-live.com\\\/sv\\\/webbkamera\\\/\"},{\"@type\":\"ListItem\",\"position\":3,\"name\":\"Italien\",\"item\":\"https:\\\/\\\/weather-radar-live.com\\\/sv\\\/webbkamera\\\/italien\\\/\"},{\"@type\":\"ListItem\",\"position\":4,\"name\":\"Webbkamera Stelvio\"}]},{\"@type\":\"WebSite\",\"@id\":\"https:\\\/\\\/weather-radar-live.com\\\/#website\",\"url\":\"https:\\\/\\\/weather-radar-live.com\\\/\",\"name\":\"weather-radar-live.com\",\"description\":\"Your weather and sky radar.\",\"publisher\":{\"@id\":\"https:\\\/\\\/weather-radar-live.com\\\/#organization\"},\"potentialAction\":[{\"@type\":\"SearchAction\",\"target\":{\"@type\":\"EntryPoint\",\"urlTemplate\":\"https:\\\/\\\/weather-radar-live.com\\\/?s={search_term_string}\"},\"query-input\":{\"@type\":\"PropertyValueSpecification\",\"valueRequired\":true,\"valueName\":\"search_term_string\"}}],\"inLanguage\":\"sv-SE\"},{\"@type\":\"Organization\",\"@id\":\"https:\\\/\\\/weather-radar-live.com\\\/#organization\",\"name\":\"weather-radar-live.com\",\"url\":\"https:\\\/\\\/weather-radar-live.com\\\/\",\"logo\":{\"@type\":\"ImageObject\",\"inLanguage\":\"sv-SE\",\"@id\":\"https:\\\/\\\/weather-radar-live.com\\\/#\\\/schema\\\/logo\\\/image\\\/\",\"url\":\"https:\\\/\\\/weather-radar-live.com\\\/wp-content\\\/uploads\\\/2022\\\/03\\\/cropped-WRL2503.png\",\"contentUrl\":\"https:\\\/\\\/weather-radar-live.com\\\/wp-content\\\/uploads\\\/2022\\\/03\\\/cropped-WRL2503.png\",\"width\":1920,\"height\":555,\"caption\":\"weather-radar-live.com\"},\"image\":{\"@id\":\"https:\\\/\\\/weather-radar-live.com\\\/#\\\/schema\\\/logo\\\/image\\\/\"}}]}<\/script>\n<!-- \/ Yoast SEO plugin. -->","yoast_head_json":{"title":"Webbkamera Stelvio \u2192 Se det live!","description":"Webbkamera Stelvio | Livekamera av Stelvio! \u2705 Uppdaterad f\u00f6r dig i realtid! \u2705 Aktuell v\u00e4derprognos!","robots":{"index":"index","follow":"follow","max-snippet":"max-snippet:-1","max-image-preview":"max-image-preview:large","max-video-preview":"max-video-preview:-1"},"canonical":"https:\/\/weather-radar-live.com\/sv\/webbkamera\/italien\/webbkamera-stelvio\/","og_locale":"sv_SE","og_type":"article","og_title":"Webbkamera Stelvio \u2192 Se det live!","og_description":"Webbkamera Stelvio | Livekamera av Stelvio! \u2705 Uppdaterad f\u00f6r dig i realtid! \u2705 Aktuell v\u00e4derprognos!","og_url":"https:\/\/weather-radar-live.com\/sv\/webbkamera\/italien\/webbkamera-stelvio\/","og_site_name":"weather-radar-live.com","article_modified_time":"2022-08-11T13:30:19+00:00","og_image":[{"width":1895,"height":735,"url":"https:\/\/weather-radar-live.com\/wp-content\/uploads\/2022\/08\/Webcam-Stelvio-e1660149388700.jpg","type":"image\/jpeg"}],"twitter_card":"summary_large_image","twitter_misc":{"Ber\u00e4knad l\u00e4stid":"3 minuter"},"schema":{"@context":"https:\/\/schema.org","@graph":[{"@type":"WebPage","@id":"https:\/\/weather-radar-live.com\/sv\/webbkamera\/italien\/webbkamera-stelvio\/","url":"https:\/\/weather-radar-live.com\/sv\/webbkamera\/italien\/webbkamera-stelvio\/","name":"Webbkamera Stelvio \u2192 Se det live!","isPartOf":{"@id":"https:\/\/weather-radar-live.com\/#website"},"primaryImageOfPage":{"@id":"https:\/\/weather-radar-live.com\/sv\/webbkamera\/italien\/webbkamera-stelvio\/#primaryimage"},"image":{"@id":"https:\/\/weather-radar-live.com\/sv\/webbkamera\/italien\/webbkamera-stelvio\/#primaryimage"},"thumbnailUrl":"https:\/\/weather-radar-live.com\/wp-content\/uploads\/2022\/08\/Webcam-Stelvio-e1660149388700.jpg","datePublished":"2022-08-11T13:27:39+00:00","dateModified":"2022-08-11T13:30:19+00:00","description":"Webbkamera Stelvio | Livekamera av Stelvio! \u2705 Uppdaterad f\u00f6r dig i realtid! \u2705 Aktuell v\u00e4derprognos!","breadcrumb":{"@id":"https:\/\/weather-radar-live.com\/sv\/webbkamera\/italien\/webbkamera-stelvio\/#breadcrumb"},"inLanguage":"sv-SE","potentialAction":[{"@type":"ReadAction","target":["https:\/\/weather-radar-live.com\/sv\/webbkamera\/italien\/webbkamera-stelvio\/"]}]},{"@type":"ImageObject","inLanguage":"sv-SE","@id":"https:\/\/weather-radar-live.com\/sv\/webbkamera\/italien\/webbkamera-stelvio\/#primaryimage","url":"https:\/\/weather-radar-live.com\/wp-content\/uploads\/2022\/08\/Webcam-Stelvio-e1660149388700.jpg","contentUrl":"https:\/\/weather-radar-live.com\/wp-content\/uploads\/2022\/08\/Webcam-Stelvio-e1660149388700.jpg","width":1895,"height":735,"caption":"Webcam Stelvio"},{"@type":"BreadcrumbList","@id":"https:\/\/weather-radar-live.com\/sv\/webbkamera\/italien\/webbkamera-stelvio\/#breadcrumb","itemListElement":[{"@type":"ListItem","position":1,"name":"Weather Radar Live","item":"https:\/\/weather-radar-live.com\/sv\/"},{"@type":"ListItem","position":2,"name":"Webbkamera","item":"https:\/\/weather-radar-live.com\/sv\/webbkamera\/"},{"@type":"ListItem","position":3,"name":"Italien","item":"https:\/\/weather-radar-live.com\/sv\/webbkamera\/italien\/"},{"@type":"ListItem","position":4,"name":"Webbkamera Stelvio"}]},{"@type":"WebSite","@id":"https:\/\/weather-radar-live.com\/#website","url":"https:\/\/weather-radar-live.com\/","name":"weather-radar-live.com","description":"Your weather and sky radar.","publisher":{"@id":"https:\/\/weather-radar-live.com\/#organization"},"potentialAction":[{"@type":"SearchAction","target":{"@type":"EntryPoint","urlTemplate":"https:\/\/weather-radar-live.com\/?s={search_term_string}"},"query-input":{"@type":"PropertyValueSpecification","valueRequired":true,"valueName":"search_term_string"}}],"inLanguage":"sv-SE"},{"@type":"Organization","@id":"https:\/\/weather-radar-live.com\/#organization","name":"weather-radar-live.com","url":"https:\/\/weather-radar-live.com\/","logo":{"@type":"ImageObject","inLanguage":"sv-SE","@id":"https:\/\/weather-radar-live.com\/#\/schema\/logo\/image\/","url":"https:\/\/weather-radar-live.com\/wp-content\/uploads\/2022\/03\/cropped-WRL2503.png","contentUrl":"https:\/\/weather-radar-live.com\/wp-content\/uploads\/2022\/03\/cropped-WRL2503.png","width":1920,"height":555,"caption":"weather-radar-live.com"},"image":{"@id":"https:\/\/weather-radar-live.com\/#\/schema\/logo\/image\/"}}]}},"_links":{"self":[{"href":"https:\/\/weather-radar-live.com\/sv\/wp-json\/wp\/v2\/pages\/6579","targetHints":{"allow":["GET"]}}],"collection":[{"href":"https:\/\/weather-radar-live.com\/sv\/wp-json\/wp\/v2\/pages"}],"about":[{"href":"https:\/\/weather-radar-live.com\/sv\/wp-json\/wp\/v2\/types\/page"}],"author":[{"embeddable":true,"href":"https:\/\/weather-radar-live.com\/sv\/wp-json\/wp\/v2\/users\/1"}],"replies":[{"embeddable":true,"href":"https:\/\/weather-radar-live.com\/sv\/wp-json\/wp\/v2\/comments?post=6579"}],"version-history":[{"count":2,"href":"https:\/\/weather-radar-live.com\/sv\/wp-json\/wp\/v2\/pages\/6579\/revisions"}],"predecessor-version":[{"id":6607,"href":"https:\/\/weather-radar-live.com\/sv\/wp-json\/wp\/v2\/pages\/6579\/revisions\/6607"}],"up":[{"embeddable":true,"href":"https:\/\/weather-radar-live.com\/sv\/wp-json\/wp\/v2\/pages\/4314"}],"wp:featuredmedia":[{"embeddable":true,"href":"https:\/\/weather-radar-live.com\/sv\/wp-json\/wp\/v2\/media\/6516"}],"wp:attachment":[{"href":"https:\/\/weather-radar-live.com\/sv\/wp-json\/wp\/v2\/media?parent=6579"}],"curies":[{"name":"wp","href":"https:\/\/api.w.org\/{rel}","templated":true}]}}