{"id":6192,"date":"2022-08-02T21:33:39","date_gmt":"2022-08-02T19:33:39","guid":{"rendered":"https:\/\/weather-radar-live.com\/webbkamera\/italien\/webcam-livigno\/"},"modified":"2022-08-03T14:11:34","modified_gmt":"2022-08-03T12:11:34","slug":"webbkamera-livigno","status":"publish","type":"page","link":"https:\/\/weather-radar-live.com\/sv\/webbkamera\/italien\/webbkamera-livigno\/","title":{"rendered":"Webbkamera Livigno"},"content":{"rendered":"<div id=\"weath-1378619596\" class=\"weath-vor-dem-inhalt weath-entity-placement\" style=\"margin-top: 15px;margin-right: 25px;margin-bottom: 40px;margin-left: 25px;\"><script async src=\"\/\/pagead2.googlesyndication.com\/pagead\/js\/adsbygoogle.js?client=ca-pub-8960936133935804\" crossorigin=\"anonymous\"><\/script><ins class=\"adsbygoogle\" style=\"display:block;\" data-ad-client=\"ca-pub-8960936133935804\" \ndata-ad-slot=\"6172817020\" \ndata-ad-format=\"auto\"><\/ins>\n<script> \n(adsbygoogle = window.adsbygoogle || []).push({}); \n<\/script>\n<\/div>\n<div class=\"wp-block-cover alignfull is-light\"><span aria-hidden=\"true\" class=\"wp-block-cover__gradient-background has-background-dim\"><\/span><img decoding=\"async\" class=\"wp-block-cover__image-background wp-image-342\" alt=\"Webcam Livigno\n\" src=\"https:\/\/weather-radar-live.com\/wp-content\/uploads\/2021\/06\/sam-schooler-E9aetBe2w40-unsplash-e1622554814366.jpg\" data-object-fit=\"cover\"\/><div class=\"wp-block-cover__inner-container is-layout-flow wp-block-cover-is-layout-flow\">\n<h2 class=\"has-text-align-center heading wp-block-heading\" id=\"webcam-fort-mahon\" style=\"font-size:40px;text-transform:uppercase\"><strong><mark style=\"background-color:rgba(0, 0, 0, 0)\" class=\"has-inline-color has-base-3-color\"><strong>Webbkamera <\/strong><\/mark><\/strong><br><strong><mark style=\"background-color:rgba(0, 0, 0, 0)\" class=\"has-inline-color has-base-3-color\">LIVIGNO<\/mark><\/strong><\/h2>\n<\/div><\/div>\n\n\n<div class=\"yoast-breadcrumbs\"><span><span><a href=\"https:\/\/weather-radar-live.com\/sv\/\">Weather Radar Live<\/a><\/span> \u00bb <span><a href=\"https:\/\/weather-radar-live.com\/sv\/webbkamera\/\">Webbkamera<\/a><\/span> \u00bb <span><a href=\"https:\/\/weather-radar-live.com\/sv\/webbkamera\/italien\/\">Italien<\/a><\/span> \u00bb <span class=\"breadcrumb_last\" aria-current=\"page\"><strong>Webbkamera Livigno<\/strong><\/span><\/span><\/div>\n\n\n<h2 class=\"has-text-align-center wp-block-heading\" id=\"webcam-fort-mahon\"><strong>Webbkamera Livigno<\/strong><\/h2>\n\n\n\n<p>Den italienska staden Livigno med sina cirka 6700 inv\u00e5nare ligger i provinsen Sondrio i mitten av Lombardiet. Staden ligger p\u00e5 1816 meters h\u00f6jd och \u00e4r omgiven av ett hisnande bergspanorama av Livignoalperna. Uppt\u00e4ck staden med v\u00e5r webbkamera Livigno och f\u00e5 den alpina atmosf\u00e4ren i realtid hem till dig.<\/p>\n\n\n\n<p>Livigno med sitt fantastiska bergslandskap har dock inte bara n\u00e5got att erbjuda sportentusiaster \u00e5ret runt. Shoppingentusiaster kan ocks\u00e5 k\u00f6pa parfym, tobaksvaror, alkohol och br\u00e4nslen h\u00e4r efter behag &#8211; och tullfritt.<\/p><div id=\"weath-48763269\" class=\"weath-inhalt_2 weath-entity-placement\" style=\"margin-top: 15px;margin-right: 25px;margin-bottom: 35px;margin-left: 25px;\"><script async src=\"\/\/pagead2.googlesyndication.com\/pagead\/js\/adsbygoogle.js?client=ca-pub-8960936133935804\" crossorigin=\"anonymous\"><\/script><ins class=\"adsbygoogle\" style=\"display:block;\" data-ad-client=\"ca-pub-8960936133935804\" \ndata-ad-slot=\"1963584050\" \ndata-ad-format=\"auto\"><\/ins>\n<script> \n(adsbygoogle = window.adsbygoogle || []).push({}); \n<\/script>\n<\/div>\n\n\n\n<div class=\"wp-block-columns is-layout-flex wp-container-core-columns-is-layout-9d6595d7 wp-block-columns-is-layout-flex\">\n<div class=\"wp-block-column webcam-column is-layout-flow wp-block-column-is-layout-flow\">\n<h3 class=\"has-text-align-center wp-block-heading\"> \ud83d\udd34 <strong>Webbkamera<\/strong> <strong>Livigno<\/strong> &#8211; Mottolino<\/h3>\n\n\n\n<a name=\"windy-webcam-timelapse-player\" data-id=\"1574634890\" data-play=\"day\" href=\"https:\/\/windy.com\/webcams\/1574634890\" target=\"_blank\" rel=\"noopener\">Luwin: Mottolino<\/a><script async=\"\" type=\"text\/javascript\" src=\"https:\/\/webcams.windy.com\/webcams\/public\/embed\/script\/player.js\"><\/script>\n<\/div>\n\n\n\n<div class=\"wp-block-column webcam-column is-layout-flow wp-block-column-is-layout-flow\">\n<h3 class=\"has-text-align-center wp-block-heading\"> \ud83d\udd34 <strong>Webbkamera Livigno<\/strong> &#8211; Slope<\/h3>\n\n\n\n<a name=\"windy-webcam-timelapse-player\" data-id=\"1199737029\" data-play=\"day\" href=\"https:\/\/windy.com\/webcams\/1199737029\" target=\"_blank\" rel=\"noopener\">Luwin: Piste<\/a><script async=\"\" type=\"text\/javascript\" src=\"https:\/\/webcams.windy.com\/webcams\/public\/embed\/script\/player.js\"><\/script>\n<\/div>\n<\/div>\n\n\n\n<div class=\"wp-block-columns is-layout-flex wp-container-core-columns-is-layout-9d6595d7 wp-block-columns-is-layout-flex\">\n<div class=\"wp-block-column webcam-column is-layout-flow wp-block-column-is-layout-flow\">\n<h3 class=\"has-text-align-center wp-block-heading\"> \ud83d\udd34 <strong>Webbkamera<\/strong> <strong>Livigno<\/strong> &#8211; Centrum<\/h3>\n\n\n\n<a name=\"windy-webcam-timelapse-player\" data-id=\"1636048457\" data-play=\"day\" href=\"https:\/\/windy.com\/webcams\/1636048457\" target=\"_blank\" rel=\"noopener\">Luwin<\/a><script async=\"\" type=\"text\/javascript\" src=\"https:\/\/webcams.windy.com\/webcams\/public\/embed\/script\/player.js\"><\/script>\n<\/div>\n\n\n\n<div class=\"wp-block-column webcam-column is-layout-flow wp-block-column-is-layout-flow\">\n<h3 class=\"has-text-align-center wp-block-heading\"> \ud83d\udd34 <strong>Webbkamera Livigno<\/strong> &#8211; stad <\/h3>\n\n\n\n<a name=\"windy-webcam-timelapse-player\" data-id=\"1633360282\" data-play=\"day\" href=\"https:\/\/windy.com\/webcams\/1633360282\" target=\"_blank\" rel=\"noopener\">Luwin<\/a><script async=\"\" type=\"text\/javascript\" src=\"https:\/\/webcams.windy.com\/webcams\/public\/embed\/script\/player.js\"><\/script>\n<\/div>\n<\/div>\n\n\n\n<div class=\"wp-block-columns is-layout-flex wp-container-core-columns-is-layout-9d6595d7 wp-block-columns-is-layout-flex\">\n<div class=\"wp-block-column webcam-column is-layout-flow wp-block-column-is-layout-flow\">\n<h3 class=\"has-text-align-center wp-block-heading\"> \ud83d\udd34 <strong>Webbkamera Livigno<\/strong> <strong><strong> &#8211;<\/strong><\/strong> Norra<\/h3>\n\n\n\n<a name=\"windy-webcam-timelapse-player\" data-id=\"1199736353\" data-play=\"day\" href=\"https:\/\/windy.com\/webcams\/1199736353\" target=\"_blank\" rel=\"noopener\">Luwin: WEBCAM &#8211; norr<\/a><script async=\"\" type=\"text\/javascript\" src=\"https:\/\/webcams.windy.com\/webcams\/public\/embed\/script\/player.js\"><\/script>\n<\/div>\n\n\n\n<div class=\"wp-block-column webcam-column is-layout-flow wp-block-column-is-layout-flow\">\n<h3 class=\"has-text-align-center wp-block-heading\"> \ud83d\udd34 <strong>Webbkamera Livigno<\/strong> &#8211; v\u00e4st<\/h3>\n\n\n\n<a name=\"windy-webcam-timelapse-player\" data-id=\"1462285961\" data-play=\"day\" href=\"https:\/\/windy.com\/webcams\/1462285961\" target=\"_blank\" rel=\"noopener\">Luwin<\/a><script async=\"\" type=\"text\/javascript\" src=\"https:\/\/webcams.windy.com\/webcams\/public\/embed\/script\/player.js\"><\/script>\n<\/div>\n<\/div>\n\n\n\n<div class=\"wp-block-columns is-layout-flex wp-container-core-columns-is-layout-9d6595d7 wp-block-columns-is-layout-flex\">\n<div class=\"wp-block-column webcam-column is-layout-flow wp-block-column-is-layout-flow\">\n<h3 class=\"has-text-align-center wp-block-heading\"> \ud83d\udd34 <strong>Webbkamera Livigno<\/strong> &#8211; Carosello 3000<\/h3>\n\n\n\n<a name=\"windy-webcam-timelapse-player\" data-id=\"1332090499\" data-play=\"day\" href=\"https:\/\/windy.com\/webcams\/1332090499\" target=\"_blank\" rel=\"noopener\">Luwin: Carosello 3000 &#8211; Polvere &#8211; Park<\/a><script async=\"\" type=\"text\/javascript\" src=\"https:\/\/webcams.windy.com\/webcams\/public\/embed\/script\/player.js\"><\/script>\n<\/div>\n\n\n\n<div class=\"wp-block-column webcam-column is-layout-flow wp-block-column-is-layout-flow\">\n<h3 class=\"has-text-align-center wp-block-heading\"> \ud83d\udd34 <strong>Webbkamera i Livigno<\/strong> &#8211; s\u00f6derut<\/h3>\n\n\n\n<a name=\"windy-webcam-timelapse-player\" data-id=\"1632490921\" data-play=\"day\" href=\"https:\/\/windy.com\/webcams\/1632490921\" target=\"_blank\" rel=\"noopener\">Luwin &#8217; Syd: Livigno Italien<\/a><script async=\"\" type=\"text\/javascript\" src=\"https:\/\/webcams.windy.com\/webcams\/public\/embed\/script\/player.js\"><\/script>\n<\/div>\n<\/div>\n\n\n\n<h2 class=\"wp-block-heading\" id=\"fort-mahon-today\"><strong>V\u00e4derradar Livigno &#8211; V\u00e4der i Livigno<\/strong><\/h2>\n\n\n\n<p>Ta reda p\u00e5 de aktuella v\u00e4derf\u00f6rh\u00e5llandena i Livigno med v\u00e5r webbkamera Livigno i realtid. F\u00f6r att ge dig mer anv\u00e4ndbar information om v\u00e4dret i Livigno, erbjuder vi \u00e4ven en v\u00e4derradar. Denna inneh\u00e5ller inte bara den aktuella v\u00e4derprognosen f\u00f6r staden, utan visar \u00e4ven alla nederb\u00f6rdsomr\u00e5den med deras intensitet. Omr\u00e5den som \u00e4r markerade i bl\u00e5tt och gr\u00f6nt indikerar nederb\u00f6rdsomr\u00e5den med l\u00e5ga nederb\u00f6rdsm\u00e4ngder. Omr\u00e5den som \u00e4r markerade i lila och r\u00f6tt st\u00e5r d\u00e4remot f\u00f6r kraftig nederb\u00f6rd med eventuell risk f\u00f6r h\u00e5rt v\u00e4der. \u00c5skv\u00e4der visas ocks\u00e5 med sm\u00e5 blixtsymboler i v\u00e4derradaren. Med v\u00e5r v\u00e4derradar och v\u00e5ra webbkameror f\u00e5r du allts\u00e5 all viktig information om det aktuella v\u00e4dret i Livigno.<\/p>\n\n\n\n<div class=\"wp-block-columns is-layout-flex wp-container-core-columns-is-layout-9d6595d7 wp-block-columns-is-layout-flex\">\n<div class=\"wp-block-column is-layout-flow wp-block-column-is-layout-flow\" style=\"flex-basis:75%\">\n<iframe loading=\"lazy\" width=\"1300\" height=\"502\" src=\"https:\/\/embed.windy.com\/embed2.html?lat=46.530&amp;lon=10.136&amp;detailLat=46.540&amp;detailLon=10.111&amp;width=1300&amp;height=502&amp;zoom=11&amp;level=surface&amp;overlay=radar&amp;product=radar&amp;menu=&amp;message=&amp;marker=&amp;calendar=now&amp;pressure=&amp;type=map&amp;location=coordinates&amp;detail=&amp;metricWind=default&amp;metricTemp=default&amp;radarRange=-1\" frameborder=\"0\"><\/iframe>\n<\/div>\n\n\n\n<div class=\"wp-block-column is-layout-flow wp-block-column-is-layout-flow\" style=\"flex-basis:25%\">\n<a class=\"weatherwidget-io\" href=\"https:\/\/forecast7.com\/sv\/46d5410d14\/livigno\/\" data-label_1=\"LIVIGNO\" data-font=\"Roboto\" data-theme=\"original\">LIVIGNO<\/a>\n<script>\n!function(d,s,id){var js,fjs=d.getElementsByTagName(s)[0];if(!d.getElementById(id)){js=d.createElement(s);js.id=id;js.src='https:\/\/weatherwidget.io\/js\/widget.min.js';fjs.parentNode.insertBefore(js,fjs);}}(document,'script','weatherwidget-io-js');\n<\/script>\n<\/div>\n<\/div>\n\n\n\n<h2 class=\"wp-block-heading\" id=\"fort-mahon-weather\"><strong>Klimatet i Livigno<\/strong><\/h2>\n\n\n\n<p>Abetone k\u00e4nnetecknas av ett varmt och tempererat klimat. Den genomsnittliga \u00e5rstemperaturen \u00e4r 9,6 \u00b0C, med juli som den varmaste m\u00e5naden med en Livigno k\u00e4nnetecknas av tundraklimat, s\u00e5 det \u00e4r ganska kallt men j\u00e4mf\u00f6relsevis torrt under hela \u00e5ret. Den genomsnittliga \u00e5rstemperaturen h\u00e4r \u00e4r 3 \u00b0C. Juli \u00e4r den varmaste m\u00e5naden med sina i genomsnitt 14 \u00b0C, medan januari \u00e4r den kallaste m\u00e5naden med cirka -6 \u00b0. Nederb\u00f6rden \u00e4r ganska l\u00e5g i Livigno, s\u00e5 det \u00e4r torrt 117 dagar om \u00e5ret och den \u00e5rliga nederb\u00f6rden \u00e4r 807 mm.<\/p>\n\n\n\n<h2 class=\"wp-block-heading\"><strong>Sev\u00e4rdheter i Livigno<\/strong><\/h2>\n\n\n\n<p>Livigno v\u00e4lkomnar sportentusiaster \u00e5ret runt. P\u00e5 vintern v\u00e4ntar ett f\u00f6rtrollande vinterlandskap med sn\u00f6t\u00e4ckta dalar och or\u00f6rd natur, som du kan uppt\u00e4cka under en sprudlande sn\u00f6skovandring eller under en l\u00e4ngdskidtur. Om du f\u00f6redrar det lite snabbare kan du \u00e5ka skidor eller snowboard nedf\u00f6r Alperna. H\u00e4r v\u00e4ntar 33 toppmoderna liftar som f\u00f6rbinder de varierade backarna med en total l\u00e4ngd p\u00e5 115 km. P\u00e5 sommaren v\u00e4ntar Alperna p\u00e5 dig med m\u00e5nga vandringsleder som \u00f6ppnar upp ett otroligt bergspanorama inte bara f\u00f6r vandrare utan \u00e4ven f\u00f6r mountainbikecyklister. H\u00f6gt upp kan du \u00e5ka sk\u00e4rmflygning eller sportkl\u00e4ttring, som regionen ocks\u00e5 \u00e4r k\u00e4nd f\u00f6r. En annan upplevelse \u00e4r shopping i staden. Eftersom Livigno \u00e4r ett tullfritt omr\u00e5de inom Europeiska unionen kan du shoppa momsfritt i Livigno. F\u00f6r den r\u00e4tta f\u00f6rfriskningen efter eller under shoppingturen erbjuder stadens m\u00e5nga restauranger dig v\u00e4lsmakande specialiteter fr\u00e5n det typiska k\u00f6ket i landet.<\/p>\n","protected":false},"excerpt":{"rendered":"<p>Webbkamera Livigno Den italienska staden Livigno med sina cirka 6700 inv\u00e5nare ligger i provinsen Sondrio i mitten av Lombardiet. Staden ligger p\u00e5 1816 meters h\u00f6jd och \u00e4r omgiven av ett hisnande bergspanorama av Livignoalperna. Uppt\u00e4ck staden med v\u00e5r webbkamera Livigno och f\u00e5 den alpina atmosf\u00e4ren i realtid hem till dig. Livigno med sitt fantastiska bergslandskap &#8230; <a title=\"Webbkamera Livigno\" class=\"read-more\" href=\"https:\/\/weather-radar-live.com\/sv\/webbkamera\/italien\/webbkamera-livigno\/\" aria-label=\"L\u00e4s mer om Webbkamera Livigno\">L\u00e4s mer<\/a><\/p>\n","protected":false},"author":1,"featured_media":6088,"parent":4314,"menu_order":0,"comment_status":"closed","ping_status":"closed","template":"","meta":{"footnotes":""},"class_list":["post-6192","page","type-page","status-publish","has-post-thumbnail"],"yoast_head":"<!-- This site is optimized with the Yoast SEO plugin v27.3 - https:\/\/yoast.com\/product\/yoast-seo-wordpress\/ -->\n<title>Webbkamera Livigno \u2192 Titta live!<\/title>\n<meta name=\"description\" content=\"Webbkamera Livigno | Livewebbkamera fr\u00e5n Livigno! \u2705 Uppdaterad f\u00f6r dig i realtid! \u2705 Aktuell v\u00e4derprognos!\" \/>\n<meta name=\"robots\" content=\"index, follow, max-snippet:-1, max-image-preview:large, max-video-preview:-1\" \/>\n<link rel=\"canonical\" href=\"https:\/\/weather-radar-live.com\/sv\/webbkamera\/italien\/webbkamera-livigno\/\" \/>\n<meta property=\"og:locale\" content=\"sv_SE\" \/>\n<meta property=\"og:type\" content=\"article\" \/>\n<meta property=\"og:title\" content=\"Webbkamera Livigno \u2192 Titta live!\" \/>\n<meta property=\"og:description\" content=\"Webbkamera Livigno | Livewebbkamera fr\u00e5n Livigno! \u2705 Uppdaterad f\u00f6r dig i realtid! \u2705 Aktuell v\u00e4derprognos!\" \/>\n<meta property=\"og:url\" content=\"https:\/\/weather-radar-live.com\/sv\/webbkamera\/italien\/webbkamera-livigno\/\" \/>\n<meta property=\"og:site_name\" content=\"weather-radar-live.com\" \/>\n<meta property=\"article:modified_time\" content=\"2022-08-03T12:11:34+00:00\" \/>\n<meta property=\"og:image\" content=\"https:\/\/weather-radar-live.com\/wp-content\/uploads\/2022\/08\/Webcam-Luwin.jpg\" \/>\n\t<meta property=\"og:image:width\" content=\"1756\" \/>\n\t<meta property=\"og:image:height\" content=\"954\" \/>\n\t<meta property=\"og:image:type\" content=\"image\/jpeg\" \/>\n<meta name=\"twitter:card\" content=\"summary_large_image\" \/>\n<meta name=\"twitter:label1\" content=\"Ber\u00e4knad l\u00e4stid\" \/>\n\t<meta name=\"twitter:data1\" content=\"3 minuter\" \/>\n<script type=\"application\/ld+json\" class=\"yoast-schema-graph\">{\"@context\":\"https:\\\/\\\/schema.org\",\"@graph\":[{\"@type\":\"WebPage\",\"@id\":\"https:\\\/\\\/weather-radar-live.com\\\/sv\\\/webbkamera\\\/italien\\\/webbkamera-livigno\\\/\",\"url\":\"https:\\\/\\\/weather-radar-live.com\\\/sv\\\/webbkamera\\\/italien\\\/webbkamera-livigno\\\/\",\"name\":\"Webbkamera Livigno \u2192 Titta live!\",\"isPartOf\":{\"@id\":\"https:\\\/\\\/weather-radar-live.com\\\/#website\"},\"primaryImageOfPage\":{\"@id\":\"https:\\\/\\\/weather-radar-live.com\\\/sv\\\/webbkamera\\\/italien\\\/webbkamera-livigno\\\/#primaryimage\"},\"image\":{\"@id\":\"https:\\\/\\\/weather-radar-live.com\\\/sv\\\/webbkamera\\\/italien\\\/webbkamera-livigno\\\/#primaryimage\"},\"thumbnailUrl\":\"https:\\\/\\\/weather-radar-live.com\\\/wp-content\\\/uploads\\\/2022\\\/08\\\/Webcam-Luwin.jpg\",\"datePublished\":\"2022-08-02T19:33:39+00:00\",\"dateModified\":\"2022-08-03T12:11:34+00:00\",\"description\":\"Webbkamera Livigno | Livewebbkamera fr\u00e5n Livigno! \u2705 Uppdaterad f\u00f6r dig i realtid! \u2705 Aktuell v\u00e4derprognos!\",\"breadcrumb\":{\"@id\":\"https:\\\/\\\/weather-radar-live.com\\\/sv\\\/webbkamera\\\/italien\\\/webbkamera-livigno\\\/#breadcrumb\"},\"inLanguage\":\"sv-SE\",\"potentialAction\":[{\"@type\":\"ReadAction\",\"target\":[\"https:\\\/\\\/weather-radar-live.com\\\/sv\\\/webbkamera\\\/italien\\\/webbkamera-livigno\\\/\"]}]},{\"@type\":\"ImageObject\",\"inLanguage\":\"sv-SE\",\"@id\":\"https:\\\/\\\/weather-radar-live.com\\\/sv\\\/webbkamera\\\/italien\\\/webbkamera-livigno\\\/#primaryimage\",\"url\":\"https:\\\/\\\/weather-radar-live.com\\\/wp-content\\\/uploads\\\/2022\\\/08\\\/Webcam-Luwin.jpg\",\"contentUrl\":\"https:\\\/\\\/weather-radar-live.com\\\/wp-content\\\/uploads\\\/2022\\\/08\\\/Webcam-Luwin.jpg\",\"width\":1756,\"height\":954,\"caption\":\"Webcam - Livigno\"},{\"@type\":\"BreadcrumbList\",\"@id\":\"https:\\\/\\\/weather-radar-live.com\\\/sv\\\/webbkamera\\\/italien\\\/webbkamera-livigno\\\/#breadcrumb\",\"itemListElement\":[{\"@type\":\"ListItem\",\"position\":1,\"name\":\"Weather Radar Live\",\"item\":\"https:\\\/\\\/weather-radar-live.com\\\/sv\\\/\"},{\"@type\":\"ListItem\",\"position\":2,\"name\":\"Webbkamera\",\"item\":\"https:\\\/\\\/weather-radar-live.com\\\/sv\\\/webbkamera\\\/\"},{\"@type\":\"ListItem\",\"position\":3,\"name\":\"Italien\",\"item\":\"https:\\\/\\\/weather-radar-live.com\\\/sv\\\/webbkamera\\\/italien\\\/\"},{\"@type\":\"ListItem\",\"position\":4,\"name\":\"Webbkamera Livigno\"}]},{\"@type\":\"WebSite\",\"@id\":\"https:\\\/\\\/weather-radar-live.com\\\/#website\",\"url\":\"https:\\\/\\\/weather-radar-live.com\\\/\",\"name\":\"weather-radar-live.com\",\"description\":\"Your weather and sky radar.\",\"publisher\":{\"@id\":\"https:\\\/\\\/weather-radar-live.com\\\/#organization\"},\"potentialAction\":[{\"@type\":\"SearchAction\",\"target\":{\"@type\":\"EntryPoint\",\"urlTemplate\":\"https:\\\/\\\/weather-radar-live.com\\\/?s={search_term_string}\"},\"query-input\":{\"@type\":\"PropertyValueSpecification\",\"valueRequired\":true,\"valueName\":\"search_term_string\"}}],\"inLanguage\":\"sv-SE\"},{\"@type\":\"Organization\",\"@id\":\"https:\\\/\\\/weather-radar-live.com\\\/#organization\",\"name\":\"weather-radar-live.com\",\"url\":\"https:\\\/\\\/weather-radar-live.com\\\/\",\"logo\":{\"@type\":\"ImageObject\",\"inLanguage\":\"sv-SE\",\"@id\":\"https:\\\/\\\/weather-radar-live.com\\\/#\\\/schema\\\/logo\\\/image\\\/\",\"url\":\"https:\\\/\\\/weather-radar-live.com\\\/wp-content\\\/uploads\\\/2022\\\/03\\\/cropped-WRL2503.png\",\"contentUrl\":\"https:\\\/\\\/weather-radar-live.com\\\/wp-content\\\/uploads\\\/2022\\\/03\\\/cropped-WRL2503.png\",\"width\":1920,\"height\":555,\"caption\":\"weather-radar-live.com\"},\"image\":{\"@id\":\"https:\\\/\\\/weather-radar-live.com\\\/#\\\/schema\\\/logo\\\/image\\\/\"}}]}<\/script>\n<!-- \/ Yoast SEO plugin. -->","yoast_head_json":{"title":"Webbkamera Livigno \u2192 Titta live!","description":"Webbkamera Livigno | Livewebbkamera fr\u00e5n Livigno! \u2705 Uppdaterad f\u00f6r dig i realtid! \u2705 Aktuell v\u00e4derprognos!","robots":{"index":"index","follow":"follow","max-snippet":"max-snippet:-1","max-image-preview":"max-image-preview:large","max-video-preview":"max-video-preview:-1"},"canonical":"https:\/\/weather-radar-live.com\/sv\/webbkamera\/italien\/webbkamera-livigno\/","og_locale":"sv_SE","og_type":"article","og_title":"Webbkamera Livigno \u2192 Titta live!","og_description":"Webbkamera Livigno | Livewebbkamera fr\u00e5n Livigno! \u2705 Uppdaterad f\u00f6r dig i realtid! \u2705 Aktuell v\u00e4derprognos!","og_url":"https:\/\/weather-radar-live.com\/sv\/webbkamera\/italien\/webbkamera-livigno\/","og_site_name":"weather-radar-live.com","article_modified_time":"2022-08-03T12:11:34+00:00","og_image":[{"width":1756,"height":954,"url":"https:\/\/weather-radar-live.com\/wp-content\/uploads\/2022\/08\/Webcam-Luwin.jpg","type":"image\/jpeg"}],"twitter_card":"summary_large_image","twitter_misc":{"Ber\u00e4knad l\u00e4stid":"3 minuter"},"schema":{"@context":"https:\/\/schema.org","@graph":[{"@type":"WebPage","@id":"https:\/\/weather-radar-live.com\/sv\/webbkamera\/italien\/webbkamera-livigno\/","url":"https:\/\/weather-radar-live.com\/sv\/webbkamera\/italien\/webbkamera-livigno\/","name":"Webbkamera Livigno \u2192 Titta live!","isPartOf":{"@id":"https:\/\/weather-radar-live.com\/#website"},"primaryImageOfPage":{"@id":"https:\/\/weather-radar-live.com\/sv\/webbkamera\/italien\/webbkamera-livigno\/#primaryimage"},"image":{"@id":"https:\/\/weather-radar-live.com\/sv\/webbkamera\/italien\/webbkamera-livigno\/#primaryimage"},"thumbnailUrl":"https:\/\/weather-radar-live.com\/wp-content\/uploads\/2022\/08\/Webcam-Luwin.jpg","datePublished":"2022-08-02T19:33:39+00:00","dateModified":"2022-08-03T12:11:34+00:00","description":"Webbkamera Livigno | Livewebbkamera fr\u00e5n Livigno! \u2705 Uppdaterad f\u00f6r dig i realtid! \u2705 Aktuell v\u00e4derprognos!","breadcrumb":{"@id":"https:\/\/weather-radar-live.com\/sv\/webbkamera\/italien\/webbkamera-livigno\/#breadcrumb"},"inLanguage":"sv-SE","potentialAction":[{"@type":"ReadAction","target":["https:\/\/weather-radar-live.com\/sv\/webbkamera\/italien\/webbkamera-livigno\/"]}]},{"@type":"ImageObject","inLanguage":"sv-SE","@id":"https:\/\/weather-radar-live.com\/sv\/webbkamera\/italien\/webbkamera-livigno\/#primaryimage","url":"https:\/\/weather-radar-live.com\/wp-content\/uploads\/2022\/08\/Webcam-Luwin.jpg","contentUrl":"https:\/\/weather-radar-live.com\/wp-content\/uploads\/2022\/08\/Webcam-Luwin.jpg","width":1756,"height":954,"caption":"Webcam - Livigno"},{"@type":"BreadcrumbList","@id":"https:\/\/weather-radar-live.com\/sv\/webbkamera\/italien\/webbkamera-livigno\/#breadcrumb","itemListElement":[{"@type":"ListItem","position":1,"name":"Weather Radar Live","item":"https:\/\/weather-radar-live.com\/sv\/"},{"@type":"ListItem","position":2,"name":"Webbkamera","item":"https:\/\/weather-radar-live.com\/sv\/webbkamera\/"},{"@type":"ListItem","position":3,"name":"Italien","item":"https:\/\/weather-radar-live.com\/sv\/webbkamera\/italien\/"},{"@type":"ListItem","position":4,"name":"Webbkamera Livigno"}]},{"@type":"WebSite","@id":"https:\/\/weather-radar-live.com\/#website","url":"https:\/\/weather-radar-live.com\/","name":"weather-radar-live.com","description":"Your weather and sky radar.","publisher":{"@id":"https:\/\/weather-radar-live.com\/#organization"},"potentialAction":[{"@type":"SearchAction","target":{"@type":"EntryPoint","urlTemplate":"https:\/\/weather-radar-live.com\/?s={search_term_string}"},"query-input":{"@type":"PropertyValueSpecification","valueRequired":true,"valueName":"search_term_string"}}],"inLanguage":"sv-SE"},{"@type":"Organization","@id":"https:\/\/weather-radar-live.com\/#organization","name":"weather-radar-live.com","url":"https:\/\/weather-radar-live.com\/","logo":{"@type":"ImageObject","inLanguage":"sv-SE","@id":"https:\/\/weather-radar-live.com\/#\/schema\/logo\/image\/","url":"https:\/\/weather-radar-live.com\/wp-content\/uploads\/2022\/03\/cropped-WRL2503.png","contentUrl":"https:\/\/weather-radar-live.com\/wp-content\/uploads\/2022\/03\/cropped-WRL2503.png","width":1920,"height":555,"caption":"weather-radar-live.com"},"image":{"@id":"https:\/\/weather-radar-live.com\/#\/schema\/logo\/image\/"}}]}},"_links":{"self":[{"href":"https:\/\/weather-radar-live.com\/sv\/wp-json\/wp\/v2\/pages\/6192","targetHints":{"allow":["GET"]}}],"collection":[{"href":"https:\/\/weather-radar-live.com\/sv\/wp-json\/wp\/v2\/pages"}],"about":[{"href":"https:\/\/weather-radar-live.com\/sv\/wp-json\/wp\/v2\/types\/page"}],"author":[{"embeddable":true,"href":"https:\/\/weather-radar-live.com\/sv\/wp-json\/wp\/v2\/users\/1"}],"replies":[{"embeddable":true,"href":"https:\/\/weather-radar-live.com\/sv\/wp-json\/wp\/v2\/comments?post=6192"}],"version-history":[{"count":4,"href":"https:\/\/weather-radar-live.com\/sv\/wp-json\/wp\/v2\/pages\/6192\/revisions"}],"predecessor-version":[{"id":6239,"href":"https:\/\/weather-radar-live.com\/sv\/wp-json\/wp\/v2\/pages\/6192\/revisions\/6239"}],"up":[{"embeddable":true,"href":"https:\/\/weather-radar-live.com\/sv\/wp-json\/wp\/v2\/pages\/4314"}],"wp:featuredmedia":[{"embeddable":true,"href":"https:\/\/weather-radar-live.com\/sv\/wp-json\/wp\/v2\/media\/6088"}],"wp:attachment":[{"href":"https:\/\/weather-radar-live.com\/sv\/wp-json\/wp\/v2\/media?parent=6192"}],"curies":[{"name":"wp","href":"https:\/\/api.w.org\/{rel}","templated":true}]}}