{"id":6012,"date":"2022-07-25T17:22:47","date_gmt":"2022-07-25T15:22:47","guid":{"rendered":"https:\/\/weather-radar-live.com\/?page_id=6012"},"modified":"2022-07-25T17:24:56","modified_gmt":"2022-07-25T15:24:56","slug":"webcam-llanes","status":"publish","type":"page","link":"https:\/\/weather-radar-live.com\/sv\/webbkamera\/spanien\/webcam-llanes\/","title":{"rendered":"Webbkamera Llanes"},"content":{"rendered":"<div id=\"weath-1924490237\" class=\"weath-vor-dem-inhalt weath-entity-placement\" style=\"margin-top: 15px;margin-right: 25px;margin-bottom: 40px;margin-left: 25px;\"><script async src=\"\/\/pagead2.googlesyndication.com\/pagead\/js\/adsbygoogle.js?client=ca-pub-8960936133935804\" crossorigin=\"anonymous\"><\/script><ins class=\"adsbygoogle\" style=\"display:block;\" data-ad-client=\"ca-pub-8960936133935804\" \ndata-ad-slot=\"6172817020\" \ndata-ad-format=\"auto\"><\/ins>\n<script> \n(adsbygoogle = window.adsbygoogle || []).push({}); \n<\/script>\n<\/div>\n<div class=\"wp-block-cover alignfull is-light\"><span aria-hidden=\"true\" class=\"wp-block-cover__gradient-background has-background-dim\"><\/span><img decoding=\"async\" class=\"wp-block-cover__image-background wp-image-342\" alt=\"Webcam Llanes\" src=\"https:\/\/weather-radar-live.com\/wp-content\/uploads\/2021\/06\/sam-schooler-E9aetBe2w40-unsplash-e1622554814366.jpg\" data-object-fit=\"cover\"\/><div class=\"wp-block-cover__inner-container is-layout-flow wp-block-cover-is-layout-flow\">\n<h2 class=\"has-text-align-center heading wp-block-heading\" id=\"webcam-fort-mahon\" style=\"font-size:40px\"><strong><mark style=\"background-color:rgba(0, 0, 0, 0)\" class=\"has-inline-color has-base-3-color\">WEBBKAMERA <\/mark><\/strong><br><strong><mark style=\"background-color:rgba(0, 0, 0, 0)\" class=\"has-inline-color has-base-3-color\">LLANES<\/mark><\/strong><\/h2>\n<\/div><\/div>\n\n\n<div class=\"yoast-breadcrumbs\"><span><span><a href=\"https:\/\/weather-radar-live.com\/sv\/\">Weather Radar Live<\/a><\/span> \u00bb <span><a href=\"https:\/\/weather-radar-live.com\/sv\/webbkamera\/\">Webbkamera<\/a><\/span> \u00bb <span><a href=\"https:\/\/weather-radar-live.com\/sv\/webbkamera\/spanien\/\">Spanien<\/a><\/span> \u00bb <span class=\"breadcrumb_last\" aria-current=\"page\"><strong>Webbkamera Llanes<\/strong><\/span><\/span><\/div>\n\n\n<h2 class=\"has-text-align-center wp-block-heading\" id=\"webcam-fort-mahon\"><strong>Webbkamera Llanes<\/strong><\/h2>\n\n\n\n<p>Den charmiga fiskestaden Llanes ligger i den spanska regionen Asturien p\u00e5 \u00f6stra Costa Verde. Staden \u00e4r bland annat k\u00e4nd f\u00f6r sin historiska, kulturminnesm\u00e4rkta gamla stadsdel, i vars centrum ligger en dr\u00f6mmig hamn. L\u00e4r k\u00e4nna den spanska staden, som har lyckats bevara sin ursprungliga karakt\u00e4r och charm \u00e4n i dag, med v\u00e5r webbkamera Llanes.<\/p>\n\n\n\n<p>En vy in\u00e5t landet fr\u00e5n Llanes \u00f6ppnar upp ett fascinerande bergspanorama. F\u00f6r mitt i det pittoreska gr\u00f6na kustlandskapet ligger staden med 13 000 inv\u00e5nare vid foten av karstbergen Picos de Europas, vars klippformationer \u00e4r upp till 2 700 meter h\u00f6ga.<\/p><div id=\"weath-865140327\" class=\"weath-inhalt_2 weath-entity-placement\" style=\"margin-top: 15px;margin-right: 25px;margin-bottom: 35px;margin-left: 25px;\"><script async src=\"\/\/pagead2.googlesyndication.com\/pagead\/js\/adsbygoogle.js?client=ca-pub-8960936133935804\" crossorigin=\"anonymous\"><\/script><ins class=\"adsbygoogle\" style=\"display:block;\" data-ad-client=\"ca-pub-8960936133935804\" \ndata-ad-slot=\"1963584050\" \ndata-ad-format=\"auto\"><\/ins>\n<script> \n(adsbygoogle = window.adsbygoogle || []).push({}); \n<\/script>\n<\/div>\n\n\n\n<div class=\"wp-block-columns is-layout-flex wp-container-core-columns-is-layout-9d6595d7 wp-block-columns-is-layout-flex\">\n<div class=\"wp-block-column webcam-column is-layout-flow wp-block-column-is-layout-flow\">\n<h3 class=\"has-text-align-center wp-block-heading\"> \ud83d\udd34 <strong>Webbkamera<strong><strong><strong> <\/strong><\/strong><\/strong>Llanes<\/strong> &#8211; Playa De Barro<\/h3>\n\n\n\n<a name=\"windy-webcam-timelapse-player\" data-id=\"1482312562\" data-play=\"day\" href=\"https:\/\/windy.com\/webcams\/1482312562\" target=\"_blank\" rel=\"noopener\">Barro &#8217; norrut: Playa De Barro<\/a><script async=\"\" type=\"text\/javascript\" src=\"https:\/\/webcams.windy.com\/webcams\/public\/embed\/script\/player.js\"><\/script>\n<\/div>\n\n\n\n<div class=\"wp-block-column webcam-column is-layout-flow wp-block-column-is-layout-flow\">\n<h3 class=\"has-text-align-center wp-block-heading\"> \ud83d\udd34 <strong>Webbkamera i Llanes<\/strong><\/h3>\n\n\n\n<a name=\"windy-webcam-timelapse-player\" data-id=\"1655287968\" data-play=\"day\" href=\"https:\/\/windy.com\/webcams\/1655287968\" target=\"_blank\" rel=\"noopener\">Llanes<\/a><script async=\"\" type=\"text\/javascript\" src=\"https:\/\/webcams.windy.com\/webcams\/public\/embed\/script\/player.js\"><\/script>\n<\/div>\n<\/div>\n\n\n\n<h2 class=\"wp-block-heading\" id=\"fort-mahon-today\"><strong>V\u00e4derradar Llanes &#8211; V\u00e4dret i Llanes<\/strong><\/h2>\n\n\n\n<p>Med v\u00e5r webbkamera Llanes f\u00e5r du information i realtid om det aktuella v\u00e4dret i staden. Dessutom ger vi dig en v\u00e4derradar som sammanfattar annan viktig information om v\u00e4dret i Llanes. F\u00f6rutom v\u00e4derprognosen inneh\u00e5ller v\u00e4derradaren \u00e4ven de aktuella nederb\u00f6rdsomr\u00e5dena, som markeras med olika f\u00e4rger beroende p\u00e5 intensitet. Bl\u00e5 och gr\u00f6na nederb\u00f6rdsomr\u00e5den indikerar l\u00e5ga nederb\u00f6rdsm\u00e4ngder, medan r\u00f6da och lila omr\u00e5den representerar kraftig nederb\u00f6rd med risk f\u00f6r h\u00e5rt v\u00e4der. \u00c5skv\u00e4der visas ocks\u00e5 f\u00f6r dig p\u00e5 v\u00e4derradaren med sm\u00e5 blixtsymboler.<\/p>\n\n\n\n<div class=\"wp-block-columns is-layout-flex wp-container-core-columns-is-layout-9d6595d7 wp-block-columns-is-layout-flex\">\n<div class=\"wp-block-column is-layout-flow wp-block-column-is-layout-flow\" style=\"flex-basis:75%\">\n<iframe loading=\"lazy\" width=\"1300\" height=\"502\" src=\"https:\/\/embed.windy.com\/embed2.html?lat=43.405&amp;lon=-4.714&amp;detailLat=43.397&amp;detailLon=-5.125&amp;width=1300&amp;height=502&amp;zoom=11&amp;level=surface&amp;overlay=rain&amp;product=ecmwf&amp;menu=&amp;message=&amp;marker=&amp;calendar=now&amp;pressure=&amp;type=map&amp;location=coordinates&amp;detail=&amp;metricWind=default&amp;metricTemp=default&amp;radarRange=-1\" frameborder=\"0\"><\/iframe>\n<\/div>\n\n\n\n<div class=\"wp-block-column is-layout-flow wp-block-column-is-layout-flow\" style=\"flex-basis:25%\">\n<a class=\"weatherwidget-io\" href=\"https:\/\/forecast7.com\/sv\/43d42n4d76\/llanes\/\" data-label_1=\"LLANES\" data-theme=\"original\" >LLANES<\/a>\n<script>\n!function(d,s,id){var js,fjs=d.getElementsByTagName(s)[0];if(!d.getElementById(id)){js=d.createElement(s);js.id=id;js.src='https:\/\/weatherwidget.io\/js\/widget.min.js';fjs.parentNode.insertBefore(js,fjs);}}(document,'script','weatherwidget-io-js');\n<\/script>\n<\/div>\n<\/div>\n\n\n\n<h2 class=\"wp-block-heading\" id=\"fort-mahon-weather\"><strong>Klimatet i Llanes<\/strong><\/h2>\n\n\n\n<p>Llanes k\u00e4nnetecknas av sitt havsklimat. Temperaturen \u00e4r i genomsnitt 16 \u00b0C, med augusti som den varmaste m\u00e5naden med ett genomsnitt p\u00e5 22 \u00b0C. Under vinterm\u00e5naderna sjunker temperaturen n\u00e5got och sjunker till i genomsnitt 10 \u00b0C i januari, som \u00e4r den kallaste m\u00e5naden. Under \u00e5ret regnar det i genomsnitt 442 mm, med sommarm\u00e5naderna som de torraste. Vattentemperaturen i Atlanten i Llanes varierar mellan 13 \u00b0C och 23 \u00b0C.<\/p>\n\n\n\n<h2 class=\"wp-block-heading\"><strong>Sev\u00e4rdheter i Llanes<\/strong><\/h2>\n\n\n\n<p>Teneriffa erbjuder ett underh\u00e5llande program f\u00f6r alla turister &#8211; varje dag. P\u00e5 m\u00e5nga platser p\u00e5 \u00f6n kan du k\u00e4nna andan fr\u00e5n svunna tider genom historiska Uppt\u00e4ck de olika byggnaderna i den kulturminnesm\u00e4rkta gamla staden och l\u00e5t dig f\u00f6rtrollas av det dr\u00f6mlika landskapet i hamnen med sina f\u00e4rgglada fiskeb\u00e5tar och de t\u00e4tt packade husen p\u00e5 vattnet. V\u00e4rt att se \u00e4r ocks\u00e5 Santa Maria-kyrkan, de m\u00e5nga stadspalatsen och den gamla stadsmuren, som fortfarande \u00e4r delvis bevarad. En lyckad uppfriskning i Atlanten v\u00e4ntar p\u00e5 dig vid de fantastiska str\u00e4nderna, som ligger i Llanes omedelbara n\u00e4rhet. En speciell utsikt \u00f6ver kuststaden, det bl\u00e5 havet, de pittoreska klippiga vikarna och de gr\u00f6na bergen f\u00e5r du under en promenad l\u00e4ngs kuststigen Paseo de San Pedro eller Senda de la Costa. Kuststigarna kan utforskas inte bara till fots, utan \u00e4ven med mountainbike. V\u00e4rt att g\u00f6ra \u00e4r ocks\u00e5 en tur till bergen i Picos de Europa. \u00c4ven den impulsiva Cares-klyftan mitt i bergskedjan inbjuder med sin vandringsled l\u00e4ngs en vattenkanal genom m\u00e5nga tunnlar och \u00f6ver broar till en of\u00f6rgl\u00f6mlig vandring mitt i det bergiga landskapet.<\/p>\n","protected":false},"excerpt":{"rendered":"<p>Webbkamera Llanes Den charmiga fiskestaden Llanes ligger i den spanska regionen Asturien p\u00e5 \u00f6stra Costa Verde. Staden \u00e4r bland annat k\u00e4nd f\u00f6r sin historiska, kulturminnesm\u00e4rkta gamla stadsdel, i vars centrum ligger en dr\u00f6mmig hamn. L\u00e4r k\u00e4nna den spanska staden, som har lyckats bevara sin ursprungliga karakt\u00e4r och charm \u00e4n i dag, med v\u00e5r webbkamera Llanes. &#8230; <a title=\"Webbkamera Llanes\" class=\"read-more\" href=\"https:\/\/weather-radar-live.com\/sv\/webbkamera\/spanien\/webcam-llanes\/\" aria-label=\"L\u00e4s mer om Webbkamera Llanes\">L\u00e4s mer<\/a><\/p>\n","protected":false},"author":1,"featured_media":7565,"parent":4353,"menu_order":0,"comment_status":"closed","ping_status":"closed","template":"","meta":{"footnotes":""},"class_list":["post-6012","page","type-page","status-publish","has-post-thumbnail"],"yoast_head":"<!-- This site is optimized with the Yoast SEO plugin v27.4 - https:\/\/yoast.com\/product\/yoast-seo-wordpress\/ -->\n<title>Webbkamera Llanes \u2192 Titta p\u00e5 den live!<\/title>\n<meta name=\"description\" content=\"Webbkamera Llanes | Livekamera fr\u00e5n Llanes! \u2705 Uppdaterad f\u00f6r dig i realtid! \u2705 Aktuell v\u00e4derprognos!\" \/>\n<meta name=\"robots\" content=\"index, follow, max-snippet:-1, max-image-preview:large, max-video-preview:-1\" \/>\n<link rel=\"canonical\" href=\"https:\/\/weather-radar-live.com\/sv\/webbkamera\/spanien\/webcam-llanes\/\" \/>\n<meta property=\"og:locale\" content=\"sv_SE\" \/>\n<meta property=\"og:type\" content=\"article\" \/>\n<meta property=\"og:title\" content=\"Webbkamera Llanes \u2192 Titta p\u00e5 den live!\" \/>\n<meta property=\"og:description\" content=\"Webbkamera Llanes | Livekamera fr\u00e5n Llanes! \u2705 Uppdaterad f\u00f6r dig i realtid! \u2705 Aktuell v\u00e4derprognos!\" \/>\n<meta property=\"og:url\" content=\"https:\/\/weather-radar-live.com\/sv\/webbkamera\/spanien\/webcam-llanes\/\" \/>\n<meta property=\"og:site_name\" content=\"weather-radar-live.com\" \/>\n<meta property=\"article:modified_time\" content=\"2022-07-25T15:24:56+00:00\" \/>\n<meta property=\"og:image\" content=\"https:\/\/weather-radar-live.com\/wp-content\/uploads\/2022\/07\/Webcam-Sierra-Nevada-e1658218397839.png\" \/>\n\t<meta property=\"og:image:width\" content=\"397\" \/>\n\t<meta property=\"og:image:height\" content=\"206\" \/>\n\t<meta property=\"og:image:type\" content=\"image\/png\" \/>\n<meta name=\"twitter:card\" content=\"summary_large_image\" \/>\n<meta name=\"twitter:label1\" content=\"Ber\u00e4knad l\u00e4stid\" \/>\n\t<meta name=\"twitter:data1\" content=\"3 minuter\" \/>\n<script type=\"application\/ld+json\" class=\"yoast-schema-graph\">{\"@context\":\"https:\\\/\\\/schema.org\",\"@graph\":[{\"@type\":\"WebPage\",\"@id\":\"https:\\\/\\\/weather-radar-live.com\\\/sv\\\/webbkamera\\\/spanien\\\/webcam-llanes\\\/\",\"url\":\"https:\\\/\\\/weather-radar-live.com\\\/sv\\\/webbkamera\\\/spanien\\\/webcam-llanes\\\/\",\"name\":\"Webbkamera Llanes \u2192 Titta p\u00e5 den live!\",\"isPartOf\":{\"@id\":\"https:\\\/\\\/weather-radar-live.com\\\/#website\"},\"primaryImageOfPage\":{\"@id\":\"https:\\\/\\\/weather-radar-live.com\\\/sv\\\/webbkamera\\\/spanien\\\/webcam-llanes\\\/#primaryimage\"},\"image\":{\"@id\":\"https:\\\/\\\/weather-radar-live.com\\\/sv\\\/webbkamera\\\/spanien\\\/webcam-llanes\\\/#primaryimage\"},\"thumbnailUrl\":\"https:\\\/\\\/weather-radar-live.com\\\/wp-content\\\/uploads\\\/2022\\\/08\\\/Webcam-Llanes-e1661625727564.jpg\",\"datePublished\":\"2022-07-25T15:22:47+00:00\",\"dateModified\":\"2022-07-25T15:24:56+00:00\",\"description\":\"Webbkamera Llanes | Livekamera fr\u00e5n Llanes! \u2705 Uppdaterad f\u00f6r dig i realtid! \u2705 Aktuell v\u00e4derprognos!\",\"breadcrumb\":{\"@id\":\"https:\\\/\\\/weather-radar-live.com\\\/sv\\\/webbkamera\\\/spanien\\\/webcam-llanes\\\/#breadcrumb\"},\"inLanguage\":\"sv-SE\",\"potentialAction\":[{\"@type\":\"ReadAction\",\"target\":[\"https:\\\/\\\/weather-radar-live.com\\\/sv\\\/webbkamera\\\/spanien\\\/webcam-llanes\\\/\"]}]},{\"@type\":\"ImageObject\",\"inLanguage\":\"sv-SE\",\"@id\":\"https:\\\/\\\/weather-radar-live.com\\\/sv\\\/webbkamera\\\/spanien\\\/webcam-llanes\\\/#primaryimage\",\"url\":\"https:\\\/\\\/weather-radar-live.com\\\/wp-content\\\/uploads\\\/2022\\\/08\\\/Webcam-Llanes-e1661625727564.jpg\",\"contentUrl\":\"https:\\\/\\\/weather-radar-live.com\\\/wp-content\\\/uploads\\\/2022\\\/08\\\/Webcam-Llanes-e1661625727564.jpg\",\"width\":1920,\"height\":932,\"caption\":\"Webcam Llanes\"},{\"@type\":\"BreadcrumbList\",\"@id\":\"https:\\\/\\\/weather-radar-live.com\\\/sv\\\/webbkamera\\\/spanien\\\/webcam-llanes\\\/#breadcrumb\",\"itemListElement\":[{\"@type\":\"ListItem\",\"position\":1,\"name\":\"Weather Radar Live\",\"item\":\"https:\\\/\\\/weather-radar-live.com\\\/sv\\\/\"},{\"@type\":\"ListItem\",\"position\":2,\"name\":\"Webbkamera\",\"item\":\"https:\\\/\\\/weather-radar-live.com\\\/sv\\\/webbkamera\\\/\"},{\"@type\":\"ListItem\",\"position\":3,\"name\":\"Spanien\",\"item\":\"https:\\\/\\\/weather-radar-live.com\\\/sv\\\/webbkamera\\\/spanien\\\/\"},{\"@type\":\"ListItem\",\"position\":4,\"name\":\"Webbkamera Llanes\"}]},{\"@type\":\"WebSite\",\"@id\":\"https:\\\/\\\/weather-radar-live.com\\\/#website\",\"url\":\"https:\\\/\\\/weather-radar-live.com\\\/\",\"name\":\"weather-radar-live.com\",\"description\":\"Your weather and sky radar.\",\"publisher\":{\"@id\":\"https:\\\/\\\/weather-radar-live.com\\\/#organization\"},\"potentialAction\":[{\"@type\":\"SearchAction\",\"target\":{\"@type\":\"EntryPoint\",\"urlTemplate\":\"https:\\\/\\\/weather-radar-live.com\\\/?s={search_term_string}\"},\"query-input\":{\"@type\":\"PropertyValueSpecification\",\"valueRequired\":true,\"valueName\":\"search_term_string\"}}],\"inLanguage\":\"sv-SE\"},{\"@type\":\"Organization\",\"@id\":\"https:\\\/\\\/weather-radar-live.com\\\/#organization\",\"name\":\"weather-radar-live.com\",\"url\":\"https:\\\/\\\/weather-radar-live.com\\\/\",\"logo\":{\"@type\":\"ImageObject\",\"inLanguage\":\"sv-SE\",\"@id\":\"https:\\\/\\\/weather-radar-live.com\\\/#\\\/schema\\\/logo\\\/image\\\/\",\"url\":\"https:\\\/\\\/weather-radar-live.com\\\/wp-content\\\/uploads\\\/2022\\\/03\\\/cropped-WRL2503.png\",\"contentUrl\":\"https:\\\/\\\/weather-radar-live.com\\\/wp-content\\\/uploads\\\/2022\\\/03\\\/cropped-WRL2503.png\",\"width\":1920,\"height\":555,\"caption\":\"weather-radar-live.com\"},\"image\":{\"@id\":\"https:\\\/\\\/weather-radar-live.com\\\/#\\\/schema\\\/logo\\\/image\\\/\"}}]}<\/script>\n<!-- \/ Yoast SEO plugin. -->","yoast_head_json":{"title":"Webbkamera Llanes \u2192 Titta p\u00e5 den live!","description":"Webbkamera Llanes | Livekamera fr\u00e5n Llanes! \u2705 Uppdaterad f\u00f6r dig i realtid! \u2705 Aktuell v\u00e4derprognos!","robots":{"index":"index","follow":"follow","max-snippet":"max-snippet:-1","max-image-preview":"max-image-preview:large","max-video-preview":"max-video-preview:-1"},"canonical":"https:\/\/weather-radar-live.com\/sv\/webbkamera\/spanien\/webcam-llanes\/","og_locale":"sv_SE","og_type":"article","og_title":"Webbkamera Llanes \u2192 Titta p\u00e5 den live!","og_description":"Webbkamera Llanes | Livekamera fr\u00e5n Llanes! \u2705 Uppdaterad f\u00f6r dig i realtid! \u2705 Aktuell v\u00e4derprognos!","og_url":"https:\/\/weather-radar-live.com\/sv\/webbkamera\/spanien\/webcam-llanes\/","og_site_name":"weather-radar-live.com","article_modified_time":"2022-07-25T15:24:56+00:00","og_image":[{"width":397,"height":206,"url":"https:\/\/weather-radar-live.com\/wp-content\/uploads\/2022\/07\/Webcam-Sierra-Nevada-e1658218397839.png","type":"image\/png"}],"twitter_card":"summary_large_image","twitter_misc":{"Ber\u00e4knad l\u00e4stid":"3 minuter"},"schema":{"@context":"https:\/\/schema.org","@graph":[{"@type":"WebPage","@id":"https:\/\/weather-radar-live.com\/sv\/webbkamera\/spanien\/webcam-llanes\/","url":"https:\/\/weather-radar-live.com\/sv\/webbkamera\/spanien\/webcam-llanes\/","name":"Webbkamera Llanes \u2192 Titta p\u00e5 den live!","isPartOf":{"@id":"https:\/\/weather-radar-live.com\/#website"},"primaryImageOfPage":{"@id":"https:\/\/weather-radar-live.com\/sv\/webbkamera\/spanien\/webcam-llanes\/#primaryimage"},"image":{"@id":"https:\/\/weather-radar-live.com\/sv\/webbkamera\/spanien\/webcam-llanes\/#primaryimage"},"thumbnailUrl":"https:\/\/weather-radar-live.com\/wp-content\/uploads\/2022\/08\/Webcam-Llanes-e1661625727564.jpg","datePublished":"2022-07-25T15:22:47+00:00","dateModified":"2022-07-25T15:24:56+00:00","description":"Webbkamera Llanes | Livekamera fr\u00e5n Llanes! \u2705 Uppdaterad f\u00f6r dig i realtid! \u2705 Aktuell v\u00e4derprognos!","breadcrumb":{"@id":"https:\/\/weather-radar-live.com\/sv\/webbkamera\/spanien\/webcam-llanes\/#breadcrumb"},"inLanguage":"sv-SE","potentialAction":[{"@type":"ReadAction","target":["https:\/\/weather-radar-live.com\/sv\/webbkamera\/spanien\/webcam-llanes\/"]}]},{"@type":"ImageObject","inLanguage":"sv-SE","@id":"https:\/\/weather-radar-live.com\/sv\/webbkamera\/spanien\/webcam-llanes\/#primaryimage","url":"https:\/\/weather-radar-live.com\/wp-content\/uploads\/2022\/08\/Webcam-Llanes-e1661625727564.jpg","contentUrl":"https:\/\/weather-radar-live.com\/wp-content\/uploads\/2022\/08\/Webcam-Llanes-e1661625727564.jpg","width":1920,"height":932,"caption":"Webcam Llanes"},{"@type":"BreadcrumbList","@id":"https:\/\/weather-radar-live.com\/sv\/webbkamera\/spanien\/webcam-llanes\/#breadcrumb","itemListElement":[{"@type":"ListItem","position":1,"name":"Weather Radar Live","item":"https:\/\/weather-radar-live.com\/sv\/"},{"@type":"ListItem","position":2,"name":"Webbkamera","item":"https:\/\/weather-radar-live.com\/sv\/webbkamera\/"},{"@type":"ListItem","position":3,"name":"Spanien","item":"https:\/\/weather-radar-live.com\/sv\/webbkamera\/spanien\/"},{"@type":"ListItem","position":4,"name":"Webbkamera Llanes"}]},{"@type":"WebSite","@id":"https:\/\/weather-radar-live.com\/#website","url":"https:\/\/weather-radar-live.com\/","name":"weather-radar-live.com","description":"Your weather and sky radar.","publisher":{"@id":"https:\/\/weather-radar-live.com\/#organization"},"potentialAction":[{"@type":"SearchAction","target":{"@type":"EntryPoint","urlTemplate":"https:\/\/weather-radar-live.com\/?s={search_term_string}"},"query-input":{"@type":"PropertyValueSpecification","valueRequired":true,"valueName":"search_term_string"}}],"inLanguage":"sv-SE"},{"@type":"Organization","@id":"https:\/\/weather-radar-live.com\/#organization","name":"weather-radar-live.com","url":"https:\/\/weather-radar-live.com\/","logo":{"@type":"ImageObject","inLanguage":"sv-SE","@id":"https:\/\/weather-radar-live.com\/#\/schema\/logo\/image\/","url":"https:\/\/weather-radar-live.com\/wp-content\/uploads\/2022\/03\/cropped-WRL2503.png","contentUrl":"https:\/\/weather-radar-live.com\/wp-content\/uploads\/2022\/03\/cropped-WRL2503.png","width":1920,"height":555,"caption":"weather-radar-live.com"},"image":{"@id":"https:\/\/weather-radar-live.com\/#\/schema\/logo\/image\/"}}]}},"_links":{"self":[{"href":"https:\/\/weather-radar-live.com\/sv\/wp-json\/wp\/v2\/pages\/6012","targetHints":{"allow":["GET"]}}],"collection":[{"href":"https:\/\/weather-radar-live.com\/sv\/wp-json\/wp\/v2\/pages"}],"about":[{"href":"https:\/\/weather-radar-live.com\/sv\/wp-json\/wp\/v2\/types\/page"}],"author":[{"embeddable":true,"href":"https:\/\/weather-radar-live.com\/sv\/wp-json\/wp\/v2\/users\/1"}],"replies":[{"embeddable":true,"href":"https:\/\/weather-radar-live.com\/sv\/wp-json\/wp\/v2\/comments?post=6012"}],"version-history":[{"count":2,"href":"https:\/\/weather-radar-live.com\/sv\/wp-json\/wp\/v2\/pages\/6012\/revisions"}],"predecessor-version":[{"id":6015,"href":"https:\/\/weather-radar-live.com\/sv\/wp-json\/wp\/v2\/pages\/6012\/revisions\/6015"}],"up":[{"embeddable":true,"href":"https:\/\/weather-radar-live.com\/sv\/wp-json\/wp\/v2\/pages\/4353"}],"wp:featuredmedia":[{"embeddable":true,"href":"https:\/\/weather-radar-live.com\/sv\/wp-json\/wp\/v2\/media\/7565"}],"wp:attachment":[{"href":"https:\/\/weather-radar-live.com\/sv\/wp-json\/wp\/v2\/media?parent=6012"}],"curies":[{"name":"wp","href":"https:\/\/api.w.org\/{rel}","templated":true}]}}