{"id":5407,"date":"2022-07-20T14:44:13","date_gmt":"2022-07-20T12:44:13","guid":{"rendered":"https:\/\/weather-radar-live.com\/?page_id=5407"},"modified":"2022-07-20T14:46:39","modified_gmt":"2022-07-20T12:46:39","slug":"webbkamera-maspalomas","status":"publish","type":"page","link":"https:\/\/weather-radar-live.com\/sv\/webbkamera\/spanien\/webbkamera-maspalomas\/","title":{"rendered":"Webbkamera Maspalomas"},"content":{"rendered":"<div id=\"weath-3626204694\" class=\"weath-vor-dem-inhalt weath-entity-placement\" style=\"margin-top: 15px;margin-right: 25px;margin-bottom: 40px;margin-left: 25px;\"><script async src=\"\/\/pagead2.googlesyndication.com\/pagead\/js\/adsbygoogle.js?client=ca-pub-8960936133935804\" crossorigin=\"anonymous\"><\/script><ins class=\"adsbygoogle\" style=\"display:block;\" data-ad-client=\"ca-pub-8960936133935804\" \ndata-ad-slot=\"6172817020\" \ndata-ad-format=\"auto\"><\/ins>\n<script> \n(adsbygoogle = window.adsbygoogle || []).push({}); \n<\/script>\n<\/div>\n<div class=\"wp-block-cover alignfull is-light\"><span aria-hidden=\"true\" class=\"wp-block-cover__gradient-background has-background-dim\"><\/span><img decoding=\"async\" class=\"wp-block-cover__image-background wp-image-342\" alt=\"Webbkamera Maspalomas\n\" src=\"https:\/\/weather-radar-live.com\/wp-content\/uploads\/2021\/06\/sam-schooler-E9aetBe2w40-unsplash-e1622554814366.jpg\" data-object-fit=\"cover\"\/><div class=\"wp-block-cover__inner-container is-layout-flow wp-block-cover-is-layout-flow\">\n<h2 class=\"has-text-align-center heading wp-block-heading\" id=\"webcam-fort-mahon\" style=\"font-size:40px\"><strong><mark style=\"background-color:rgba(0, 0, 0, 0)\" class=\"has-inline-color has-base-3-color\">WEBBKAMERA <\/mark><\/strong><br><strong><mark style=\"background-color:rgba(0, 0, 0, 0)\" class=\"has-inline-color has-base-3-color\">MASPALOMAS<\/mark><\/strong><\/h2>\n<\/div><\/div>\n\n\n<div class=\"yoast-breadcrumbs\"><span><span><a href=\"https:\/\/weather-radar-live.com\/sv\/\">Weather Radar Live<\/a><\/span> \u00bb <span><a href=\"https:\/\/weather-radar-live.com\/sv\/webbkamera\/\">Webbkamera<\/a><\/span> \u00bb <span><a href=\"https:\/\/weather-radar-live.com\/sv\/webbkamera\/spanien\/\">Spanien<\/a><\/span> \u00bb <span class=\"breadcrumb_last\" aria-current=\"page\"><strong>Webbkamera Maspalomas<\/strong><\/span><\/span><\/div>\n\n\n<h2 class=\"has-text-align-center wp-block-heading\" id=\"webcam-fort-mahon\"><strong>Webbkamera Maspalomas<\/strong><\/h2>\n\n\n\n<p>P\u00e5 s\u00f6dra Gran Canaria, en av Kanarie\u00f6arna som tillh\u00f6r Spanien i Atlanten, ligger semesterorten Maspalomas. Ta en titt runt med webbkameran Maspalomas. Karakt\u00e4ristiskt \u00e4r dynlandskapet som best\u00e5r av krossad korall och skalkalk och upptar cirka tolv kvadratkilometer av \u00f6n. Detta tillh\u00f6r ett naturreservat som anses vara s\u00e4rskilt v\u00e4rdefullt.<\/p>\n\n\n\n<p>De g\u00e4stfria \u00f6borna \u00e4r helt inst\u00e4llda p\u00e5 dig och dina semesterbehov. Du kommer att ha en trevlig vistelse i de m\u00e5nga moderna semesterorterna eller l\u00e4genheterna och njuta av din semester med hj\u00e4lp av platsens infrastruktur som \u00e4r inriktad p\u00e5 din rekreation. Du kan tillbringa din dag p\u00e5 stranden. \u00c4ven fans av nudism kan njuta av sol och vatten ost\u00f6rt i nudistzonen. Du kan ocks\u00e5 g\u00e5 p\u00e5 uppt\u00e4cktsf\u00e4rd i semesterbostadens inre eller utforska dess omgivningar. En upplevelse som du kommer att h\u00e5lla i s\u00e4rskilt minne \u00e4r en tur p\u00e5 kamel genom det \u00f6kenliknande omr\u00e5det med sanddyner.<\/p><div id=\"weath-1392792733\" class=\"weath-inhalt_2 weath-entity-placement\" style=\"margin-top: 15px;margin-right: 25px;margin-bottom: 35px;margin-left: 25px;\"><script async src=\"\/\/pagead2.googlesyndication.com\/pagead\/js\/adsbygoogle.js?client=ca-pub-8960936133935804\" crossorigin=\"anonymous\"><\/script><ins class=\"adsbygoogle\" style=\"display:block;\" data-ad-client=\"ca-pub-8960936133935804\" \ndata-ad-slot=\"1963584050\" \ndata-ad-format=\"auto\"><\/ins>\n<script> \n(adsbygoogle = window.adsbygoogle || []).push({}); \n<\/script>\n<\/div>\n\n\n\n<div class=\"wp-block-columns is-layout-flex wp-container-core-columns-is-layout-9d6595d7 wp-block-columns-is-layout-flex\">\n<div class=\"wp-block-column webcam-column is-layout-flow wp-block-column-is-layout-flow\">\n<h3 class=\"has-text-align-center wp-block-heading\"> \ud83d\udd34 <strong>Webbkamera<strong><strong><strong> <\/strong><\/strong><\/strong>Maspalomas<\/strong> &#8211; naturreservatet Dunes Nature Reserve<\/h3>\n\n\n\n<a name=\"windy-webcam-timelapse-player\" data-id=\"1587975578\" data-play=\"day\" href=\"https:\/\/windy.com\/webcams\/1587975578\" target=\"_blank\" rel=\"noopener\">San Bartolome de Tirajana: Naturreservat av sanddyner i Maspalomas &#8211; Playa Del Ingl\u00e9s<\/a><script async=\"\" type=\"text\/javascript\" src=\"https:\/\/webcams.windy.com\/webcams\/public\/embed\/script\/player.js\"><\/script>\n<\/div>\n\n\n\n<div class=\"wp-block-column webcam-column is-layout-flow wp-block-column-is-layout-flow\">\n<h3 class=\"has-text-align-center wp-block-heading\"> \ud83d\udd34 <strong>Webbkamera <strong><strong><strong><strong>Maspalomas<\/strong><\/strong><\/strong><\/strong><\/strong> &#8211; Fyren<\/h3>\n\n\n\n<a name=\"windy-webcam-timelapse-player\" data-id=\"1635699375\" data-play=\"day\" href=\"https:\/\/windy.com\/webcams\/1635699375\" target=\"_blank\" rel=\"noopener\">San Bartolome de Tirajana<\/a><script async=\"\" type=\"text\/javascript\" src=\"https:\/\/webcams.windy.com\/webcams\/public\/embed\/script\/player.js\"><\/script>\n<\/div>\n<\/div>\n\n\n\n<div class=\"wp-block-columns is-layout-flex wp-container-core-columns-is-layout-9d6595d7 wp-block-columns-is-layout-flex\">\n<div class=\"wp-block-column webcam-column is-layout-flow wp-block-column-is-layout-flow\">\n<h3 class=\"has-text-align-center wp-block-heading\"> \ud83d\udd34 <strong>Webbkamera<strong><strong><strong> <strong>Maspalomas<\/strong><\/strong><\/strong><\/strong><\/strong> &#8211; Shoppingcenter<\/h3>\n\n\n\n<a name=\"windy-webcam-timelapse-player\" data-id=\"1573216797\" data-play=\"day\" href=\"https:\/\/windy.com\/webcams\/1573216797\" target=\"_blank\" rel=\"noopener\">San Bartolome de Tirajana: Yumbo Shopping Center<\/a><script async=\"\" type=\"text\/javascript\" src=\"https:\/\/webcams.windy.com\/webcams\/public\/embed\/script\/player.js\"><\/script>\n<\/div>\n\n\n\n<div class=\"wp-block-column webcam-column is-layout-flow wp-block-column-is-layout-flow\">\n<h3 class=\"has-text-align-center wp-block-heading\"> \ud83d\udd34 <strong>Webbkamera <strong><strong><strong><strong>Maspalomas<\/strong><\/strong><\/strong><\/strong><\/strong> &#8211; strand<\/h3>\n\n\n\n<a name=\"windy-webcam-timelapse-player\" data-id=\"1645098191\" data-play=\"day\" href=\"https:\/\/windy.com\/webcams\/1645098191\" target=\"_blank\" rel=\"noopener\">San Bartolome de Tirajana<\/a><script async=\"\" type=\"text\/javascript\" src=\"https:\/\/webcams.windy.com\/webcams\/public\/embed\/script\/player.js\"><\/script>\n<\/div>\n<\/div>\n\n\n\n<h2 class=\"wp-block-heading\" id=\"fort-mahon-today\"><strong>V\u00e4derradar Maspalomas<\/strong> <strong>&#8211; V\u00e4der i Maspalomas<\/strong><\/h2>\n\n\n\n<p>Med webbkameran Maspalomas kan du se hur underbart v\u00e4dret \u00e4r p\u00e5 denna dr\u00f6msemesterplats. Om det skulle regna kan du uppskatta dess intensitet, som representeras av olika f\u00e4rger. Gr\u00f6n och bl\u00e5 st\u00e5r f\u00f6r en l\u00e5g nederb\u00f6rdsm\u00e4ngd, r\u00f6d och lila f\u00f6r en h\u00f6g nederb\u00f6rdsm\u00e4ngd. Du f\u00e5r ocks\u00e5 se vindstyrka och vindriktning och f\u00e5r en p\u00e5litlig v\u00e4derprognos.<\/p>\n\n\n\n<div class=\"wp-block-columns is-layout-flex wp-container-core-columns-is-layout-9d6595d7 wp-block-columns-is-layout-flex\">\n<div class=\"wp-block-column is-layout-flow wp-block-column-is-layout-flow\" style=\"flex-basis:75%\">\n<iframe loading=\"lazy\" width=\"1300\" height=\"502\" src=\"https:\/\/embed.windy.com\/embed2.html?lat=27.753&amp;lon=-15.623&amp;detailLat=27.753&amp;detailLon=-15.623&amp;width=1300&amp;height=502&amp;zoom=11&amp;level=surface&amp;overlay=rain&amp;product=ecmwf&amp;menu=&amp;message=&amp;marker=&amp;calendar=now&amp;pressure=&amp;type=map&amp;location=coordinates&amp;detail=&amp;metricWind=default&amp;metricTemp=default&amp;radarRange=-1\" frameborder=\"0\"><\/iframe>\n<\/div>\n\n\n\n<div class=\"wp-block-column is-layout-flow wp-block-column-is-layout-flow\" style=\"flex-basis:25%\">\n<a class=\"weatherwidget-io\" href=\"https:\/\/forecast7.com\/sv\/27d76n15d59\/maspalomas\/\" data-label_1=\"MASPALOMAS\" data-theme=\"original\" >MASPALOMAS<\/a>\n<script>\n!function(d,s,id){var js,fjs=d.getElementsByTagName(s)[0];if(!d.getElementById(id)){js=d.createElement(s);js.id=id;js.src='https:\/\/weatherwidget.io\/js\/widget.min.js';fjs.parentNode.insertBefore(js,fjs);}}(document,'script','weatherwidget-io-js');\n<\/script>\n<\/div>\n<\/div>\n\n\n\n<h2 class=\"wp-block-heading\" id=\"fort-mahon-weather\"><strong>Klimatet i Maspalomas<\/strong><\/h2>\n\n\n\n<p>Maspalomas har en genomsnittlig \u00e5rstemperatur p\u00e5 mellan 19,5 och 21,7 grader Celsius och erbjuder ett tempererat maritimt klimat \u00e5ret runt. Den h\u00f6gsta temperaturen i augusti \u00e4r bara 26 grader Celsius, och \u00e4ven i januari \u00e4r det fortfarande minst 14 grader Celsius. Vattentemperaturen i Atlanten vid Maspalomas ligger mellan 19 och 22 grader Celsius. Solen skiner cirka nio timmar om dagen p\u00e5 sommaren och fortfarande cirka fem timmar om dagen under vinterm\u00e5naderna. I genomsnitt regnar det \u00e5tta dagar i m\u00e5naden, minst i juni p\u00e5 cirka fyra dagar och mest i oktober och november p\u00e5 cirka elva dagar vardera. Nederb\u00f6rdsm\u00e4ngden \u00e4r ganska l\u00e5g och uppg\u00e5r till endast 76 millimeter under hela \u00e5ret. Som j\u00e4mf\u00f6relse kan n\u00e4mnas att den \u00e4r ungef\u00e4r tio g\u00e5nger h\u00f6gre i Tyskland.<\/p>\n\n\n\n<h2 class=\"wp-block-heading\"><strong>Sev\u00e4rdheter i Maspalomas<\/strong><\/h2>\n\n\n\n<p>Ett popul\u00e4rt landm\u00e4rke \u00e4r den 56 meter h\u00f6ga fyren Faro de Maspalomas i stadsdelen El Oasis, som byggdes i slutet av 1800-talet. Innan du bes\u00f6ker den historiska byggnaden kan du svalka dig i vattnet i font\u00e4nen med bronsstatyn som f\u00f6rest\u00e4ller en man p\u00e5 ett monster, eller i skuggan under ett av tr\u00e4den i palmlunden. P\u00e5 restaurangerna runt omkring kan du njuta av l\u00e4ckert tillagad mat och leta efter souvenirer till dig sj\u00e4lv och presenter till dina v\u00e4nner i de k\u00e4rleksfullt drivna butikerna. Om du g\u00e5r n\u00e5gra steg vidare kommer du till lagunen som h\u00e4r kallas &#8221;Charca&#8221;. Detta \u00e4r viloplatsen f\u00f6r flyttf\u00e5glar som forts\u00e4tter sin resa fr\u00e5n Europa till Afrika.<\/p>\n","protected":false},"excerpt":{"rendered":"<p>Webbkamera Maspalomas P\u00e5 s\u00f6dra Gran Canaria, en av Kanarie\u00f6arna som tillh\u00f6r Spanien i Atlanten, ligger semesterorten Maspalomas. Ta en titt runt med webbkameran Maspalomas. Karakt\u00e4ristiskt \u00e4r dynlandskapet som best\u00e5r av krossad korall och skalkalk och upptar cirka tolv kvadratkilometer av \u00f6n. Detta tillh\u00f6r ett naturreservat som anses vara s\u00e4rskilt v\u00e4rdefullt. De g\u00e4stfria \u00f6borna \u00e4r helt &#8230; <a title=\"Webbkamera Maspalomas\" class=\"read-more\" href=\"https:\/\/weather-radar-live.com\/sv\/webbkamera\/spanien\/webbkamera-maspalomas\/\" aria-label=\"L\u00e4s mer om Webbkamera Maspalomas\">L\u00e4s mer<\/a><\/p>\n","protected":false},"author":1,"featured_media":5224,"parent":4353,"menu_order":0,"comment_status":"closed","ping_status":"closed","template":"","meta":{"footnotes":""},"class_list":["post-5407","page","type-page","status-publish","has-post-thumbnail"],"yoast_head":"<!-- This site is optimized with the Yoast SEO plugin v27.3 - https:\/\/yoast.com\/product\/yoast-seo-wordpress\/ -->\n<title>Webbkamera Maspalomas \u2192 Se det live!<\/title>\n<meta name=\"description\" content=\"Webbkamera Maspalomas | Livecam fr\u00e5n Maspalomas! \u2705 Uppdaterad f\u00f6r dig i realtid! \u2705 Aktuell v\u00e4derprognos!\" \/>\n<meta name=\"robots\" content=\"index, follow, max-snippet:-1, max-image-preview:large, max-video-preview:-1\" \/>\n<link rel=\"canonical\" href=\"https:\/\/weather-radar-live.com\/sv\/webbkamera\/spanien\/webbkamera-maspalomas\/\" \/>\n<meta property=\"og:locale\" content=\"sv_SE\" \/>\n<meta property=\"og:type\" content=\"article\" \/>\n<meta property=\"og:title\" content=\"Webbkamera Maspalomas \u2192 Se det live!\" \/>\n<meta property=\"og:description\" content=\"Webbkamera Maspalomas | Livecam fr\u00e5n Maspalomas! \u2705 Uppdaterad f\u00f6r dig i realtid! \u2705 Aktuell v\u00e4derprognos!\" \/>\n<meta property=\"og:url\" content=\"https:\/\/weather-radar-live.com\/sv\/webbkamera\/spanien\/webbkamera-maspalomas\/\" \/>\n<meta property=\"og:site_name\" content=\"weather-radar-live.com\" \/>\n<meta property=\"article:modified_time\" content=\"2022-07-20T12:46:39+00:00\" \/>\n<meta property=\"og:image\" content=\"https:\/\/weather-radar-live.com\/wp-content\/uploads\/2022\/07\/Webcam-Sierra-Nevada-e1658218397839.png\" \/>\n\t<meta property=\"og:image:width\" content=\"397\" \/>\n\t<meta property=\"og:image:height\" content=\"206\" \/>\n\t<meta property=\"og:image:type\" content=\"image\/png\" \/>\n<meta name=\"twitter:card\" content=\"summary_large_image\" \/>\n<meta name=\"twitter:label1\" content=\"Ber\u00e4knad l\u00e4stid\" \/>\n\t<meta name=\"twitter:data1\" content=\"3 minuter\" \/>\n<script type=\"application\/ld+json\" class=\"yoast-schema-graph\">{\"@context\":\"https:\\\/\\\/schema.org\",\"@graph\":[{\"@type\":\"WebPage\",\"@id\":\"https:\\\/\\\/weather-radar-live.com\\\/sv\\\/webbkamera\\\/spanien\\\/webbkamera-maspalomas\\\/\",\"url\":\"https:\\\/\\\/weather-radar-live.com\\\/sv\\\/webbkamera\\\/spanien\\\/webbkamera-maspalomas\\\/\",\"name\":\"Webbkamera Maspalomas \u2192 Se det live!\",\"isPartOf\":{\"@id\":\"https:\\\/\\\/weather-radar-live.com\\\/#website\"},\"primaryImageOfPage\":{\"@id\":\"https:\\\/\\\/weather-radar-live.com\\\/sv\\\/webbkamera\\\/spanien\\\/webbkamera-maspalomas\\\/#primaryimage\"},\"image\":{\"@id\":\"https:\\\/\\\/weather-radar-live.com\\\/sv\\\/webbkamera\\\/spanien\\\/webbkamera-maspalomas\\\/#primaryimage\"},\"thumbnailUrl\":\"https:\\\/\\\/weather-radar-live.com\\\/wp-content\\\/uploads\\\/2022\\\/07\\\/Webcam-Maspalomas--e1658242894564.jpg\",\"datePublished\":\"2022-07-20T12:44:13+00:00\",\"dateModified\":\"2022-07-20T12:46:39+00:00\",\"description\":\"Webbkamera Maspalomas | Livecam fr\u00e5n Maspalomas! \u2705 Uppdaterad f\u00f6r dig i realtid! \u2705 Aktuell v\u00e4derprognos!\",\"breadcrumb\":{\"@id\":\"https:\\\/\\\/weather-radar-live.com\\\/sv\\\/webbkamera\\\/spanien\\\/webbkamera-maspalomas\\\/#breadcrumb\"},\"inLanguage\":\"sv-SE\",\"potentialAction\":[{\"@type\":\"ReadAction\",\"target\":[\"https:\\\/\\\/weather-radar-live.com\\\/sv\\\/webbkamera\\\/spanien\\\/webbkamera-maspalomas\\\/\"]}]},{\"@type\":\"ImageObject\",\"inLanguage\":\"sv-SE\",\"@id\":\"https:\\\/\\\/weather-radar-live.com\\\/sv\\\/webbkamera\\\/spanien\\\/webbkamera-maspalomas\\\/#primaryimage\",\"url\":\"https:\\\/\\\/weather-radar-live.com\\\/wp-content\\\/uploads\\\/2022\\\/07\\\/Webcam-Maspalomas--e1658242894564.jpg\",\"contentUrl\":\"https:\\\/\\\/weather-radar-live.com\\\/wp-content\\\/uploads\\\/2022\\\/07\\\/Webcam-Maspalomas--e1658242894564.jpg\",\"width\":1916,\"height\":933,\"caption\":\"Webcam Maspalomas\"},{\"@type\":\"BreadcrumbList\",\"@id\":\"https:\\\/\\\/weather-radar-live.com\\\/sv\\\/webbkamera\\\/spanien\\\/webbkamera-maspalomas\\\/#breadcrumb\",\"itemListElement\":[{\"@type\":\"ListItem\",\"position\":1,\"name\":\"Weather Radar Live\",\"item\":\"https:\\\/\\\/weather-radar-live.com\\\/sv\\\/\"},{\"@type\":\"ListItem\",\"position\":2,\"name\":\"Webbkamera\",\"item\":\"https:\\\/\\\/weather-radar-live.com\\\/sv\\\/webbkamera\\\/\"},{\"@type\":\"ListItem\",\"position\":3,\"name\":\"Spanien\",\"item\":\"https:\\\/\\\/weather-radar-live.com\\\/sv\\\/webbkamera\\\/spanien\\\/\"},{\"@type\":\"ListItem\",\"position\":4,\"name\":\"Webbkamera Maspalomas\"}]},{\"@type\":\"WebSite\",\"@id\":\"https:\\\/\\\/weather-radar-live.com\\\/#website\",\"url\":\"https:\\\/\\\/weather-radar-live.com\\\/\",\"name\":\"weather-radar-live.com\",\"description\":\"Your weather and sky radar.\",\"publisher\":{\"@id\":\"https:\\\/\\\/weather-radar-live.com\\\/#organization\"},\"potentialAction\":[{\"@type\":\"SearchAction\",\"target\":{\"@type\":\"EntryPoint\",\"urlTemplate\":\"https:\\\/\\\/weather-radar-live.com\\\/?s={search_term_string}\"},\"query-input\":{\"@type\":\"PropertyValueSpecification\",\"valueRequired\":true,\"valueName\":\"search_term_string\"}}],\"inLanguage\":\"sv-SE\"},{\"@type\":\"Organization\",\"@id\":\"https:\\\/\\\/weather-radar-live.com\\\/#organization\",\"name\":\"weather-radar-live.com\",\"url\":\"https:\\\/\\\/weather-radar-live.com\\\/\",\"logo\":{\"@type\":\"ImageObject\",\"inLanguage\":\"sv-SE\",\"@id\":\"https:\\\/\\\/weather-radar-live.com\\\/#\\\/schema\\\/logo\\\/image\\\/\",\"url\":\"https:\\\/\\\/weather-radar-live.com\\\/wp-content\\\/uploads\\\/2022\\\/03\\\/cropped-WRL2503.png\",\"contentUrl\":\"https:\\\/\\\/weather-radar-live.com\\\/wp-content\\\/uploads\\\/2022\\\/03\\\/cropped-WRL2503.png\",\"width\":1920,\"height\":555,\"caption\":\"weather-radar-live.com\"},\"image\":{\"@id\":\"https:\\\/\\\/weather-radar-live.com\\\/#\\\/schema\\\/logo\\\/image\\\/\"}}]}<\/script>\n<!-- \/ Yoast SEO plugin. -->","yoast_head_json":{"title":"Webbkamera Maspalomas \u2192 Se det live!","description":"Webbkamera Maspalomas | Livecam fr\u00e5n Maspalomas! \u2705 Uppdaterad f\u00f6r dig i realtid! \u2705 Aktuell v\u00e4derprognos!","robots":{"index":"index","follow":"follow","max-snippet":"max-snippet:-1","max-image-preview":"max-image-preview:large","max-video-preview":"max-video-preview:-1"},"canonical":"https:\/\/weather-radar-live.com\/sv\/webbkamera\/spanien\/webbkamera-maspalomas\/","og_locale":"sv_SE","og_type":"article","og_title":"Webbkamera Maspalomas \u2192 Se det live!","og_description":"Webbkamera Maspalomas | Livecam fr\u00e5n Maspalomas! \u2705 Uppdaterad f\u00f6r dig i realtid! \u2705 Aktuell v\u00e4derprognos!","og_url":"https:\/\/weather-radar-live.com\/sv\/webbkamera\/spanien\/webbkamera-maspalomas\/","og_site_name":"weather-radar-live.com","article_modified_time":"2022-07-20T12:46:39+00:00","og_image":[{"width":397,"height":206,"url":"https:\/\/weather-radar-live.com\/wp-content\/uploads\/2022\/07\/Webcam-Sierra-Nevada-e1658218397839.png","type":"image\/png"}],"twitter_card":"summary_large_image","twitter_misc":{"Ber\u00e4knad l\u00e4stid":"3 minuter"},"schema":{"@context":"https:\/\/schema.org","@graph":[{"@type":"WebPage","@id":"https:\/\/weather-radar-live.com\/sv\/webbkamera\/spanien\/webbkamera-maspalomas\/","url":"https:\/\/weather-radar-live.com\/sv\/webbkamera\/spanien\/webbkamera-maspalomas\/","name":"Webbkamera Maspalomas \u2192 Se det live!","isPartOf":{"@id":"https:\/\/weather-radar-live.com\/#website"},"primaryImageOfPage":{"@id":"https:\/\/weather-radar-live.com\/sv\/webbkamera\/spanien\/webbkamera-maspalomas\/#primaryimage"},"image":{"@id":"https:\/\/weather-radar-live.com\/sv\/webbkamera\/spanien\/webbkamera-maspalomas\/#primaryimage"},"thumbnailUrl":"https:\/\/weather-radar-live.com\/wp-content\/uploads\/2022\/07\/Webcam-Maspalomas--e1658242894564.jpg","datePublished":"2022-07-20T12:44:13+00:00","dateModified":"2022-07-20T12:46:39+00:00","description":"Webbkamera Maspalomas | Livecam fr\u00e5n Maspalomas! \u2705 Uppdaterad f\u00f6r dig i realtid! \u2705 Aktuell v\u00e4derprognos!","breadcrumb":{"@id":"https:\/\/weather-radar-live.com\/sv\/webbkamera\/spanien\/webbkamera-maspalomas\/#breadcrumb"},"inLanguage":"sv-SE","potentialAction":[{"@type":"ReadAction","target":["https:\/\/weather-radar-live.com\/sv\/webbkamera\/spanien\/webbkamera-maspalomas\/"]}]},{"@type":"ImageObject","inLanguage":"sv-SE","@id":"https:\/\/weather-radar-live.com\/sv\/webbkamera\/spanien\/webbkamera-maspalomas\/#primaryimage","url":"https:\/\/weather-radar-live.com\/wp-content\/uploads\/2022\/07\/Webcam-Maspalomas--e1658242894564.jpg","contentUrl":"https:\/\/weather-radar-live.com\/wp-content\/uploads\/2022\/07\/Webcam-Maspalomas--e1658242894564.jpg","width":1916,"height":933,"caption":"Webcam Maspalomas"},{"@type":"BreadcrumbList","@id":"https:\/\/weather-radar-live.com\/sv\/webbkamera\/spanien\/webbkamera-maspalomas\/#breadcrumb","itemListElement":[{"@type":"ListItem","position":1,"name":"Weather Radar Live","item":"https:\/\/weather-radar-live.com\/sv\/"},{"@type":"ListItem","position":2,"name":"Webbkamera","item":"https:\/\/weather-radar-live.com\/sv\/webbkamera\/"},{"@type":"ListItem","position":3,"name":"Spanien","item":"https:\/\/weather-radar-live.com\/sv\/webbkamera\/spanien\/"},{"@type":"ListItem","position":4,"name":"Webbkamera Maspalomas"}]},{"@type":"WebSite","@id":"https:\/\/weather-radar-live.com\/#website","url":"https:\/\/weather-radar-live.com\/","name":"weather-radar-live.com","description":"Your weather and sky radar.","publisher":{"@id":"https:\/\/weather-radar-live.com\/#organization"},"potentialAction":[{"@type":"SearchAction","target":{"@type":"EntryPoint","urlTemplate":"https:\/\/weather-radar-live.com\/?s={search_term_string}"},"query-input":{"@type":"PropertyValueSpecification","valueRequired":true,"valueName":"search_term_string"}}],"inLanguage":"sv-SE"},{"@type":"Organization","@id":"https:\/\/weather-radar-live.com\/#organization","name":"weather-radar-live.com","url":"https:\/\/weather-radar-live.com\/","logo":{"@type":"ImageObject","inLanguage":"sv-SE","@id":"https:\/\/weather-radar-live.com\/#\/schema\/logo\/image\/","url":"https:\/\/weather-radar-live.com\/wp-content\/uploads\/2022\/03\/cropped-WRL2503.png","contentUrl":"https:\/\/weather-radar-live.com\/wp-content\/uploads\/2022\/03\/cropped-WRL2503.png","width":1920,"height":555,"caption":"weather-radar-live.com"},"image":{"@id":"https:\/\/weather-radar-live.com\/#\/schema\/logo\/image\/"}}]}},"_links":{"self":[{"href":"https:\/\/weather-radar-live.com\/sv\/wp-json\/wp\/v2\/pages\/5407","targetHints":{"allow":["GET"]}}],"collection":[{"href":"https:\/\/weather-radar-live.com\/sv\/wp-json\/wp\/v2\/pages"}],"about":[{"href":"https:\/\/weather-radar-live.com\/sv\/wp-json\/wp\/v2\/types\/page"}],"author":[{"embeddable":true,"href":"https:\/\/weather-radar-live.com\/sv\/wp-json\/wp\/v2\/users\/1"}],"replies":[{"embeddable":true,"href":"https:\/\/weather-radar-live.com\/sv\/wp-json\/wp\/v2\/comments?post=5407"}],"version-history":[{"count":2,"href":"https:\/\/weather-radar-live.com\/sv\/wp-json\/wp\/v2\/pages\/5407\/revisions"}],"predecessor-version":[{"id":5458,"href":"https:\/\/weather-radar-live.com\/sv\/wp-json\/wp\/v2\/pages\/5407\/revisions\/5458"}],"up":[{"embeddable":true,"href":"https:\/\/weather-radar-live.com\/sv\/wp-json\/wp\/v2\/pages\/4353"}],"wp:featuredmedia":[{"embeddable":true,"href":"https:\/\/weather-radar-live.com\/sv\/wp-json\/wp\/v2\/media\/5224"}],"wp:attachment":[{"href":"https:\/\/weather-radar-live.com\/sv\/wp-json\/wp\/v2\/media?parent=5407"}],"curies":[{"name":"wp","href":"https:\/\/api.w.org\/{rel}","templated":true}]}}