{"id":5391,"date":"2022-04-20T14:43:08","date_gmt":"2022-04-20T12:43:08","guid":{"rendered":"https:\/\/weather-radar-live.com\/webbkamera\/frankrike\/webcam-saint-malo\/"},"modified":"2022-07-20T14:25:46","modified_gmt":"2022-07-20T12:25:46","slug":"webbkamera-saint-malo","status":"publish","type":"page","link":"https:\/\/weather-radar-live.com\/sv\/webbkamera\/frankrike\/webbkamera-saint-malo\/","title":{"rendered":"Webbkamera Saint-Malo"},"content":{"rendered":"<div id=\"weath-3182494833\" class=\"weath-vor-dem-inhalt weath-entity-placement\" style=\"margin-top: 15px;margin-right: 25px;margin-bottom: 40px;margin-left: 25px;\"><script async src=\"\/\/pagead2.googlesyndication.com\/pagead\/js\/adsbygoogle.js?client=ca-pub-8960936133935804\" crossorigin=\"anonymous\"><\/script><ins class=\"adsbygoogle\" style=\"display:block;\" data-ad-client=\"ca-pub-8960936133935804\" \ndata-ad-slot=\"6172817020\" \ndata-ad-format=\"auto\"><\/ins>\n<script> \n(adsbygoogle = window.adsbygoogle || []).push({}); \n<\/script>\n<\/div>\n<div class=\"wp-block-cover alignfull is-light\"><span aria-hidden=\"true\" class=\"wp-block-cover__gradient-background has-background-dim\"><\/span><img decoding=\"async\" class=\"wp-block-cover__image-background wp-image-342\" alt=\"Webcam Saint-Malo\" src=\"https:\/\/weather-radar-live.com\/wp-content\/uploads\/2021\/06\/sam-schooler-E9aetBe2w40-unsplash-e1622554814366.jpg\" data-object-fit=\"cover\"\/><div class=\"wp-block-cover__inner-container is-layout-flow wp-block-cover-is-layout-flow\">\n<h2 class=\"has-text-align-center heading wp-block-heading\" id=\"webcam-fort-mahon\" style=\"font-size:40px;text-transform:uppercase\"><strong><mark style=\"background-color:rgba(0, 0, 0, 0)\" class=\"has-inline-color has-base-3-color\">Webbkamera<\/mark><\/strong><br><strong><mark style=\"background-color:rgba(0, 0, 0, 0)\" class=\"has-inline-color has-base-3-color\"><strong>SAINT-MALO<\/strong><\/mark><\/strong><\/h2>\n<\/div><\/div>\n\n\n<div class=\"yoast-breadcrumbs\"><span><span><a href=\"https:\/\/weather-radar-live.com\/sv\/\">Weather Radar Live<\/a><\/span> \u00bb <span><a href=\"https:\/\/weather-radar-live.com\/sv\/webbkamera\/\">Webbkamera<\/a><\/span> \u00bb <span><a href=\"https:\/\/weather-radar-live.com\/sv\/webbkamera\/frankrike\/\">Frankrike<\/a><\/span> \u00bb <span class=\"breadcrumb_last\" aria-current=\"page\"><strong>Webbkamera Saint-Malo<\/strong><\/span><\/span><\/div>\n\n\n<h2 class=\"has-text-align-center wp-block-heading\" id=\"webcam-fort-mahon\"><strong>Webbkamera <strong>Saint-Malo<\/strong><\/strong><\/h2>\n\n\n\n<p>Saint-Malo \u00e4r en historisk hamnstad i nordv\u00e4stra Frankrike, i Ille-et-Vilaine-departementet i Bretagne. Den ligger p\u00e5 den h\u00f6gra stranden av floden Rance-flodens flodmynning vid Engelska kanalens kust. En gammal kajbana och en all\u00e9 f\u00f6rbinder den gamla muromg\u00e4rdade staden med fastlandet som sp\u00e4nner \u00f6ver den inre hamnen. Staden har traditionellt varit ett centrum f\u00f6r sj\u00f6farande \u00e4ventyrare och har fortfarande en romantisk atmosf\u00e4r, med en m\u00e4ngd segelb\u00e5tar och charmig arkitektur. Med massor av platser som man m\u00e5ste bes\u00f6ka och fantastiska vyer \u00e4r Saint-Malo Bretagnes mest bes\u00f6kta plats. Saint-Malos b\u00e4sta s\u00e4song \u00e4r mellan mitten av maj och mitten av september, eftersom det \u00e4r den mildaste och soligaste tiden p\u00e5 \u00e5ret. Under dessa m\u00e5nader kan det fortfarande vara kyligt p\u00e5 natten, s\u00e5 det \u00e4r en bra id\u00e9 att packa en tr\u00f6ja eller sweatshirt och en l\u00e4tt jacka.<\/p>\n\n\n\n<div class=\"wp-block-columns is-layout-flex wp-container-core-columns-is-layout-9d6595d7 wp-block-columns-is-layout-flex\">\n<div class=\"wp-block-column webcam-column is-layout-flow wp-block-column-is-layout-flow\">\n<h3 class=\"has-text-align-center live-emoji wp-block-heading\"> \ud83d\udd34 <strong>Webbkamera Saint-Malo <\/strong>Port<\/h3>\n\n\n\n<a name=\"windy-webcam-timelapse-player\" data-id=\"1595978700\" data-play=\"day\" href=\"https:\/\/windy.com\/webcams\/1595978700\" target=\"_blank\" rel=\"noopener\">Saint-Malo: Le Port<\/a><script async=\"\" type=\"text\/javascript\" src=\"https:\/\/webcams.windy.com\/webcams\/public\/embed\/script\/player.js\"><\/script>\n\n\n\n<p><\/p>\n\n\n\n<div class=\"wp-block-columns is-layout-flex wp-container-core-columns-is-layout-9d6595d7 wp-block-columns-is-layout-flex\">\n<div class=\"wp-block-column webcam-column is-layout-flow wp-block-column-is-layout-flow\">\n<h3 class=\"has-text-align-center live-emoji wp-block-heading\"><strong> \ud83d\udd34 Webbkamera Saint-Malo<\/strong> \u00d6versikt<\/h3>\n\n\n\n<figure class=\"wp-block-embed is-type-video is-provider-youtube wp-block-embed-youtube wp-embed-aspect-16-9 wp-has-aspect-ratio\"><div class=\"wp-block-embed__wrapper\">\n<iframe loading=\"lazy\" title=\"Webcam Saint-Malo\" width=\"1200\" height=\"675\" src=\"https:\/\/www.youtube.com\/embed\/J3xg6-S2bFU?feature=oembed\" frameborder=\"0\" allow=\"accelerometer; autoplay; clipboard-write; encrypted-media; gyroscope; picture-in-picture\" allowfullscreen><\/iframe>\n<\/div><\/figure>\n<\/div>\n\n\n\n<div class=\"wp-block-column is-layout-flow wp-block-column-is-layout-flow\">\n<h3 class=\"has-text-align-center wp-block-heading\"><strong> \ud83d\udd34 Webbkamera Saint Malo<\/strong><\/h3>\n\n\n\n<a name=\"windy-webcam-timelapse-player\" data-id=\"1558958067\" data-play=\"day\" href=\"https:\/\/windy.com\/webcams\/1558958067\" target=\"_blank\" rel=\"noopener\">Saint-Malo: Les _ Forts<\/a><script async=\"\" type=\"text\/javascript\" src=\"https:\/\/webcams.windy.com\/webcams\/public\/embed\/script\/player.js\"><\/script>\n<\/div>\n<\/div>\n\n\n\n<div class=\"wp-block-columns webcam-spalte is-layout-flex wp-container-core-columns-is-layout-9d6595d7 wp-block-columns-is-layout-flex\">\n<div class=\"wp-block-column is-layout-flow wp-block-column-is-layout-flow\">\n<h3 class=\"has-text-align-center wp-block-heading\"><strong> \ud83d\udd34 Webbkamera Saint-Malo<\/strong> Village<\/h3>\n\n\n\n<figure class=\"wp-block-embed is-type-video is-provider-youtube wp-block-embed-youtube wp-embed-aspect-16-9 wp-has-aspect-ratio\"><div class=\"wp-block-embed__wrapper\">\n<iframe loading=\"lazy\" title=\"Webcam Saint-Malo\" width=\"1200\" height=\"675\" src=\"https:\/\/www.youtube.com\/embed\/J3xg6-S2bFU?feature=oembed\" frameborder=\"0\" allow=\"accelerometer; autoplay; clipboard-write; encrypted-media; gyroscope; picture-in-picture\" allowfullscreen><\/iframe>\n<\/div><\/figure>\n<\/div>\n\n\n\n<div class=\"wp-block-column is-layout-flow wp-block-column-is-layout-flow\">\n<h3 class=\"has-text-align-center wp-block-heading\"><strong> \ud83d\udd34 Webbkamera Saint-Malo<\/strong> Port <\/h3>\n\n\n\n<figure class=\"wp-block-embed is-type-video is-provider-youtube wp-block-embed-youtube wp-embed-aspect-16-9 wp-has-aspect-ratio\"><div class=\"wp-block-embed__wrapper\">\n<iframe loading=\"lazy\" title=\"Webcam Saint-Malo - Le Port\" width=\"1200\" height=\"675\" src=\"https:\/\/www.youtube.com\/embed\/p6nAlz4_bdI?feature=oembed\" frameborder=\"0\" allow=\"accelerometer; autoplay; clipboard-write; encrypted-media; gyroscope; picture-in-picture\" allowfullscreen><\/iframe>\n<\/div><\/figure>\n<\/div>\n<\/div>\n<\/div>\n<\/div>\n\n\n\n<h2 class=\"wp-block-heading\" id=\"fort-mahon-today\"><strong>V\u00e4derradar Saint-Malo &#8211; V\u00e4dret i Saint-Malo<\/strong><\/h2>\n\n\n\n<p>Med hj\u00e4lp av <a href=\"https:\/\/weather-radar-live.com\/sv\/\">v\u00e4derradaren Live<\/a> kan du se <a href=\"https:\/\/weather-radar-live.com\/sv\/molnradar\/\">moln<\/a>, <a href=\"https:\/\/weather-radar-live.com\/sv\/regnradar\/\">nederb\u00f6rd<\/a>, <a href=\"https:\/\/weather-radar-live.com\/sv\/tornado\/\">tornados<\/a>, <a href=\"https:\/\/weather-radar-live.com\/sv\/blixtradar\/\">\u00e5skv\u00e4der<\/a> och mycket mer i realtid. Att f\u00e5 den h\u00e4r informationen hj\u00e4lper dig att planera resan vid r\u00e4tt tidpunkt och att h\u00e5lla dig uppdaterad om det aktuella v\u00e4dret och v\u00e4derprognosen. Dessutom kan du se bilder av de allm\u00e4nna v\u00e4derf\u00f6rh\u00e5llandena. Och med hj\u00e4lp av + eller &#8211; uppe till h\u00f6ger kan du flytta det \u00f6nskade omr\u00e5det.<\/p><div id=\"weath-2234296858\" class=\"weath-inhalt_2 weath-entity-placement\" style=\"margin-top: 15px;margin-right: 25px;margin-bottom: 35px;margin-left: 25px;\"><script async src=\"\/\/pagead2.googlesyndication.com\/pagead\/js\/adsbygoogle.js?client=ca-pub-8960936133935804\" crossorigin=\"anonymous\"><\/script><ins class=\"adsbygoogle\" style=\"display:block;\" data-ad-client=\"ca-pub-8960936133935804\" \ndata-ad-slot=\"1963584050\" \ndata-ad-format=\"auto\"><\/ins>\n<script> \n(adsbygoogle = window.adsbygoogle || []).push({}); \n<\/script>\n<\/div>\n\n\n\n<div class=\"wp-block-columns is-layout-flex wp-container-core-columns-is-layout-9d6595d7 wp-block-columns-is-layout-flex\">\n<div class=\"wp-block-column is-layout-flow wp-block-column-is-layout-flow\" style=\"flex-basis:75%\">\n<iframe loading=\"lazy\" width=\"1300\" height=\"502\" src=\"https:\/\/embed.windy.com\/embed2.html?lat=48.651&amp;lon=-3.671&amp;detailLat=48.651&amp;detailLon=-3.671&amp;width=1300&amp;height=502&amp;zoom=8&amp;level=surface&amp;overlay=wind&amp;product=ecmwf&amp;menu=&amp;message=&amp;marker=&amp;calendar=now&amp;pressure=&amp;type=map&amp;location=coordinates&amp;detail=&amp;metricWind=default&amp;metricTemp=default&amp;radarRange=-1\" frameborder=\"0\"><\/iframe>\n<\/div>\n\n\n\n<div class=\"wp-block-column is-layout-flow wp-block-column-is-layout-flow\" style=\"flex-basis:25%\">\n<a class=\"weatherwidget-io\" href=\"https:\/\/forecast7.com\/sv\/48d65n2d03\/st-malo\/\" data-label_1=\"SAINT-MALO\" data-font=\"Roboto\" data-theme=\"original\">SAINT-MALO<\/a>\n<script>\n!function(d,s,id){var js,fjs=d.getElementsByTagName(s)[0];if(!d.getElementById(id)){js=d.createElement(s);js.id=id;js.src='https:\/\/weatherwidget.io\/js\/widget.min.js';fjs.parentNode.insertBefore(js,fjs);}}(document,'script','weatherwidget-io-js');\n<\/script>\n<\/div>\n<\/div>\n\n\n\n<h2 class=\"wp-block-heading\" id=\"fort-mahon-weather\"><strong><strong>Klimatet i Saint-Malo<\/strong><\/strong><\/h2>\n\n\n\n<p>Saint-Malo har ett oceaniskt klimat \u00e5ret runt &#8211; svalt och fuktigt, men s\u00e4rskilt bl\u00e5sigt och regnigt under h\u00f6sten och vintern. Under sommaren finns det gott om solsken.<\/p>\n\n\n\n<p>Staden ligger l\u00e4ngs den norra kusten av Bretagne, i nordv\u00e4stra Frankrike. I Saint-Malobukten ligger Storbritanniens Kanal\u00f6ar.<\/p>\n\n\n\n<p>H\u00e4r \u00e4r vinterv\u00e4dret mildare \u00e4n i resten av norra Frankrike p\u00e5 grund av havsstr\u00f6mmar och r\u00e5dande vindar fr\u00e5n s\u00f6der. Tv\u00e4rtom \u00e4r himlen ofta mulen, luftfuktigheten \u00e4r h\u00f6g och vinden \u00e4r m\u00e5ttlig till stark ibland, liksom kraftiga regnm\u00e4ngder.<\/p>\n\n\n\n<p><strong>Temperatur <\/strong><\/p>\n\n\n\n<p>I januari \u00e4r medeltemperaturen 6,5 \u00b0C eller 43,7 \u00b0F och i juli och augusti \u00e4r den 18 \u00b0C eller 64,5 \u00b0F.<\/p>\n\n\n\n<p><strong>Nederb\u00f6rd <\/strong><\/p>\n\n\n\n<p>det faller 780 millimeter nederb\u00f6rd per \u00e5r. Under den torraste m\u00e5naden, dvs. juli, \u00e4r det 40 mm eller 1,6 tum, och under den regnigaste november \u00e4r det 95 mm eller 3,7 tum. Regnperioden varar fr\u00e5n oktober till mars.<\/p>\n\n\n\n<p><strong>Luftfuktighet <\/strong><\/p>\n\n\n\n<p>Januari uppvisar den h\u00f6gsta relativa luftfuktigheten (82,13 %). I september \u00e4r den relativa luftfuktigheten l\u00e4gst (75,53 %).<\/p>\n\n\n\n<h2 class=\"wp-block-heading\"><strong><strong>La Cour La Hussaye<\/strong> <\/strong><\/h2>\n\n\n\n<p>I hj\u00e4rtat av Saint-Malo ligger ett sagolikt torn som heter La Cour La Hussaye. M\u00e5nga gamla vykort fr\u00e5n staden h\u00e4nvisar till den som &#8221;Hertiginnan Annes hus&#8221; Detta \u00e4r f\u00f6rmodligen den \u00e4ldsta byggnaden i staden, Maison Hussaye. Trots att tornet byggdes p\u00e5 1400-talet revs det och byggdes upp igen \u00e5rhundraden senare. Huset och tornet klarade sig p\u00e5 n\u00e5got s\u00e4tt undan f\u00f6rst\u00f6relse under slaget om staden 1944, \u00e4ven om stora delar av staden f\u00f6rst\u00f6rdes. Den har en unik siluett tack vare fasaderna och tornen som reser sig upp fr\u00e5n dess bef\u00e4stningar. Du kan njuta av underbara vyer fr\u00e5n dess parapetg\u00e5ng!<\/p>\n","protected":false},"excerpt":{"rendered":"<p>Webbkamera Saint-Malo Saint-Malo \u00e4r en historisk hamnstad i nordv\u00e4stra Frankrike, i Ille-et-Vilaine-departementet i Bretagne. Den ligger p\u00e5 den h\u00f6gra stranden av floden Rance-flodens flodmynning vid Engelska kanalens kust. En gammal kajbana och en all\u00e9 f\u00f6rbinder den gamla muromg\u00e4rdade staden med fastlandet som sp\u00e4nner \u00f6ver den inre hamnen. Staden har traditionellt varit ett centrum f\u00f6r sj\u00f6farande &#8230; <a title=\"Webbkamera Saint-Malo\" class=\"read-more\" href=\"https:\/\/weather-radar-live.com\/sv\/webbkamera\/frankrike\/webbkamera-saint-malo\/\" aria-label=\"L\u00e4s mer om Webbkamera Saint-Malo\">L\u00e4s mer<\/a><\/p>\n","protected":false},"author":1,"featured_media":3792,"parent":4182,"menu_order":0,"comment_status":"closed","ping_status":"closed","template":"","meta":{"footnotes":""},"class_list":["post-5391","page","type-page","status-publish","has-post-thumbnail"],"yoast_head":"<!-- This site is optimized with the Yoast SEO plugin v27.3 - https:\/\/yoast.com\/product\/yoast-seo-wordpress\/ -->\n<title>Webbkamera Saint-Malo \u2192 Titta p\u00e5 det live!<\/title>\n<meta name=\"description\" content=\"Webbkamera Saint-Malo | Webbkamera i Saint-Malo! \u2705 Uppdaterad f\u00f6r dig i realtid! \u2705 Aktuell v\u00e4derprognos!\" \/>\n<meta name=\"robots\" content=\"index, follow, max-snippet:-1, max-image-preview:large, max-video-preview:-1\" \/>\n<link rel=\"canonical\" href=\"https:\/\/weather-radar-live.com\/sv\/webbkamera\/frankrike\/webbkamera-saint-malo\/\" \/>\n<meta property=\"og:locale\" content=\"sv_SE\" \/>\n<meta property=\"og:type\" content=\"article\" \/>\n<meta property=\"og:title\" content=\"Webbkamera Saint-Malo \u2192 Titta p\u00e5 det live!\" \/>\n<meta property=\"og:description\" content=\"Webbkamera Saint-Malo | Webbkamera i Saint-Malo! \u2705 Uppdaterad f\u00f6r dig i realtid! \u2705 Aktuell v\u00e4derprognos!\" \/>\n<meta property=\"og:url\" content=\"https:\/\/weather-radar-live.com\/sv\/webbkamera\/frankrike\/webbkamera-saint-malo\/\" \/>\n<meta property=\"og:site_name\" content=\"weather-radar-live.com\" \/>\n<meta property=\"article:modified_time\" content=\"2022-07-20T12:25:46+00:00\" \/>\n<meta property=\"og:image\" content=\"https:\/\/weather-radar-live.com\/wp-content\/uploads\/2022\/04\/Webcams-Saint-Malo.jpg\" \/>\n\t<meta property=\"og:image:width\" content=\"1762\" \/>\n\t<meta property=\"og:image:height\" content=\"953\" \/>\n\t<meta property=\"og:image:type\" content=\"image\/jpeg\" \/>\n<meta name=\"twitter:card\" content=\"summary_large_image\" \/>\n<meta name=\"twitter:label1\" content=\"Ber\u00e4knad l\u00e4stid\" \/>\n\t<meta name=\"twitter:data1\" content=\"3 minuter\" \/>\n<script type=\"application\/ld+json\" class=\"yoast-schema-graph\">{\"@context\":\"https:\\\/\\\/schema.org\",\"@graph\":[{\"@type\":\"WebPage\",\"@id\":\"https:\\\/\\\/weather-radar-live.com\\\/sv\\\/webbkamera\\\/frankrike\\\/webbkamera-saint-malo\\\/\",\"url\":\"https:\\\/\\\/weather-radar-live.com\\\/sv\\\/webbkamera\\\/frankrike\\\/webbkamera-saint-malo\\\/\",\"name\":\"Webbkamera Saint-Malo \u2192 Titta p\u00e5 det live!\",\"isPartOf\":{\"@id\":\"https:\\\/\\\/weather-radar-live.com\\\/#website\"},\"primaryImageOfPage\":{\"@id\":\"https:\\\/\\\/weather-radar-live.com\\\/sv\\\/webbkamera\\\/frankrike\\\/webbkamera-saint-malo\\\/#primaryimage\"},\"image\":{\"@id\":\"https:\\\/\\\/weather-radar-live.com\\\/sv\\\/webbkamera\\\/frankrike\\\/webbkamera-saint-malo\\\/#primaryimage\"},\"thumbnailUrl\":\"https:\\\/\\\/weather-radar-live.com\\\/wp-content\\\/uploads\\\/2022\\\/04\\\/Webcams-Saint-Malo.jpg\",\"datePublished\":\"2022-04-20T12:43:08+00:00\",\"dateModified\":\"2022-07-20T12:25:46+00:00\",\"description\":\"Webbkamera Saint-Malo | Webbkamera i Saint-Malo! \u2705 Uppdaterad f\u00f6r dig i realtid! \u2705 Aktuell v\u00e4derprognos!\",\"breadcrumb\":{\"@id\":\"https:\\\/\\\/weather-radar-live.com\\\/sv\\\/webbkamera\\\/frankrike\\\/webbkamera-saint-malo\\\/#breadcrumb\"},\"inLanguage\":\"sv-SE\",\"potentialAction\":[{\"@type\":\"ReadAction\",\"target\":[\"https:\\\/\\\/weather-radar-live.com\\\/sv\\\/webbkamera\\\/frankrike\\\/webbkamera-saint-malo\\\/\"]}]},{\"@type\":\"ImageObject\",\"inLanguage\":\"sv-SE\",\"@id\":\"https:\\\/\\\/weather-radar-live.com\\\/sv\\\/webbkamera\\\/frankrike\\\/webbkamera-saint-malo\\\/#primaryimage\",\"url\":\"https:\\\/\\\/weather-radar-live.com\\\/wp-content\\\/uploads\\\/2022\\\/04\\\/Webcams-Saint-Malo.jpg\",\"contentUrl\":\"https:\\\/\\\/weather-radar-live.com\\\/wp-content\\\/uploads\\\/2022\\\/04\\\/Webcams-Saint-Malo.jpg\",\"width\":1762,\"height\":953,\"caption\":\"Webcams-Saint-Malo\"},{\"@type\":\"BreadcrumbList\",\"@id\":\"https:\\\/\\\/weather-radar-live.com\\\/sv\\\/webbkamera\\\/frankrike\\\/webbkamera-saint-malo\\\/#breadcrumb\",\"itemListElement\":[{\"@type\":\"ListItem\",\"position\":1,\"name\":\"Weather Radar Live\",\"item\":\"https:\\\/\\\/weather-radar-live.com\\\/sv\\\/\"},{\"@type\":\"ListItem\",\"position\":2,\"name\":\"Webbkamera\",\"item\":\"https:\\\/\\\/weather-radar-live.com\\\/sv\\\/webbkamera\\\/\"},{\"@type\":\"ListItem\",\"position\":3,\"name\":\"Frankrike\",\"item\":\"https:\\\/\\\/weather-radar-live.com\\\/sv\\\/webbkamera\\\/frankrike\\\/\"},{\"@type\":\"ListItem\",\"position\":4,\"name\":\"Webbkamera Saint-Malo\"}]},{\"@type\":\"WebSite\",\"@id\":\"https:\\\/\\\/weather-radar-live.com\\\/#website\",\"url\":\"https:\\\/\\\/weather-radar-live.com\\\/\",\"name\":\"weather-radar-live.com\",\"description\":\"Your weather and sky radar.\",\"publisher\":{\"@id\":\"https:\\\/\\\/weather-radar-live.com\\\/#organization\"},\"potentialAction\":[{\"@type\":\"SearchAction\",\"target\":{\"@type\":\"EntryPoint\",\"urlTemplate\":\"https:\\\/\\\/weather-radar-live.com\\\/?s={search_term_string}\"},\"query-input\":{\"@type\":\"PropertyValueSpecification\",\"valueRequired\":true,\"valueName\":\"search_term_string\"}}],\"inLanguage\":\"sv-SE\"},{\"@type\":\"Organization\",\"@id\":\"https:\\\/\\\/weather-radar-live.com\\\/#organization\",\"name\":\"weather-radar-live.com\",\"url\":\"https:\\\/\\\/weather-radar-live.com\\\/\",\"logo\":{\"@type\":\"ImageObject\",\"inLanguage\":\"sv-SE\",\"@id\":\"https:\\\/\\\/weather-radar-live.com\\\/#\\\/schema\\\/logo\\\/image\\\/\",\"url\":\"https:\\\/\\\/weather-radar-live.com\\\/wp-content\\\/uploads\\\/2022\\\/03\\\/cropped-WRL2503.png\",\"contentUrl\":\"https:\\\/\\\/weather-radar-live.com\\\/wp-content\\\/uploads\\\/2022\\\/03\\\/cropped-WRL2503.png\",\"width\":1920,\"height\":555,\"caption\":\"weather-radar-live.com\"},\"image\":{\"@id\":\"https:\\\/\\\/weather-radar-live.com\\\/#\\\/schema\\\/logo\\\/image\\\/\"}}]}<\/script>\n<!-- \/ Yoast SEO plugin. -->","yoast_head_json":{"title":"Webbkamera Saint-Malo \u2192 Titta p\u00e5 det live!","description":"Webbkamera Saint-Malo | Webbkamera i Saint-Malo! \u2705 Uppdaterad f\u00f6r dig i realtid! \u2705 Aktuell v\u00e4derprognos!","robots":{"index":"index","follow":"follow","max-snippet":"max-snippet:-1","max-image-preview":"max-image-preview:large","max-video-preview":"max-video-preview:-1"},"canonical":"https:\/\/weather-radar-live.com\/sv\/webbkamera\/frankrike\/webbkamera-saint-malo\/","og_locale":"sv_SE","og_type":"article","og_title":"Webbkamera Saint-Malo \u2192 Titta p\u00e5 det live!","og_description":"Webbkamera Saint-Malo | Webbkamera i Saint-Malo! \u2705 Uppdaterad f\u00f6r dig i realtid! \u2705 Aktuell v\u00e4derprognos!","og_url":"https:\/\/weather-radar-live.com\/sv\/webbkamera\/frankrike\/webbkamera-saint-malo\/","og_site_name":"weather-radar-live.com","article_modified_time":"2022-07-20T12:25:46+00:00","og_image":[{"width":1762,"height":953,"url":"https:\/\/weather-radar-live.com\/wp-content\/uploads\/2022\/04\/Webcams-Saint-Malo.jpg","type":"image\/jpeg"}],"twitter_card":"summary_large_image","twitter_misc":{"Ber\u00e4knad l\u00e4stid":"3 minuter"},"schema":{"@context":"https:\/\/schema.org","@graph":[{"@type":"WebPage","@id":"https:\/\/weather-radar-live.com\/sv\/webbkamera\/frankrike\/webbkamera-saint-malo\/","url":"https:\/\/weather-radar-live.com\/sv\/webbkamera\/frankrike\/webbkamera-saint-malo\/","name":"Webbkamera Saint-Malo \u2192 Titta p\u00e5 det live!","isPartOf":{"@id":"https:\/\/weather-radar-live.com\/#website"},"primaryImageOfPage":{"@id":"https:\/\/weather-radar-live.com\/sv\/webbkamera\/frankrike\/webbkamera-saint-malo\/#primaryimage"},"image":{"@id":"https:\/\/weather-radar-live.com\/sv\/webbkamera\/frankrike\/webbkamera-saint-malo\/#primaryimage"},"thumbnailUrl":"https:\/\/weather-radar-live.com\/wp-content\/uploads\/2022\/04\/Webcams-Saint-Malo.jpg","datePublished":"2022-04-20T12:43:08+00:00","dateModified":"2022-07-20T12:25:46+00:00","description":"Webbkamera Saint-Malo | Webbkamera i Saint-Malo! \u2705 Uppdaterad f\u00f6r dig i realtid! \u2705 Aktuell v\u00e4derprognos!","breadcrumb":{"@id":"https:\/\/weather-radar-live.com\/sv\/webbkamera\/frankrike\/webbkamera-saint-malo\/#breadcrumb"},"inLanguage":"sv-SE","potentialAction":[{"@type":"ReadAction","target":["https:\/\/weather-radar-live.com\/sv\/webbkamera\/frankrike\/webbkamera-saint-malo\/"]}]},{"@type":"ImageObject","inLanguage":"sv-SE","@id":"https:\/\/weather-radar-live.com\/sv\/webbkamera\/frankrike\/webbkamera-saint-malo\/#primaryimage","url":"https:\/\/weather-radar-live.com\/wp-content\/uploads\/2022\/04\/Webcams-Saint-Malo.jpg","contentUrl":"https:\/\/weather-radar-live.com\/wp-content\/uploads\/2022\/04\/Webcams-Saint-Malo.jpg","width":1762,"height":953,"caption":"Webcams-Saint-Malo"},{"@type":"BreadcrumbList","@id":"https:\/\/weather-radar-live.com\/sv\/webbkamera\/frankrike\/webbkamera-saint-malo\/#breadcrumb","itemListElement":[{"@type":"ListItem","position":1,"name":"Weather Radar Live","item":"https:\/\/weather-radar-live.com\/sv\/"},{"@type":"ListItem","position":2,"name":"Webbkamera","item":"https:\/\/weather-radar-live.com\/sv\/webbkamera\/"},{"@type":"ListItem","position":3,"name":"Frankrike","item":"https:\/\/weather-radar-live.com\/sv\/webbkamera\/frankrike\/"},{"@type":"ListItem","position":4,"name":"Webbkamera Saint-Malo"}]},{"@type":"WebSite","@id":"https:\/\/weather-radar-live.com\/#website","url":"https:\/\/weather-radar-live.com\/","name":"weather-radar-live.com","description":"Your weather and sky radar.","publisher":{"@id":"https:\/\/weather-radar-live.com\/#organization"},"potentialAction":[{"@type":"SearchAction","target":{"@type":"EntryPoint","urlTemplate":"https:\/\/weather-radar-live.com\/?s={search_term_string}"},"query-input":{"@type":"PropertyValueSpecification","valueRequired":true,"valueName":"search_term_string"}}],"inLanguage":"sv-SE"},{"@type":"Organization","@id":"https:\/\/weather-radar-live.com\/#organization","name":"weather-radar-live.com","url":"https:\/\/weather-radar-live.com\/","logo":{"@type":"ImageObject","inLanguage":"sv-SE","@id":"https:\/\/weather-radar-live.com\/#\/schema\/logo\/image\/","url":"https:\/\/weather-radar-live.com\/wp-content\/uploads\/2022\/03\/cropped-WRL2503.png","contentUrl":"https:\/\/weather-radar-live.com\/wp-content\/uploads\/2022\/03\/cropped-WRL2503.png","width":1920,"height":555,"caption":"weather-radar-live.com"},"image":{"@id":"https:\/\/weather-radar-live.com\/#\/schema\/logo\/image\/"}}]}},"_links":{"self":[{"href":"https:\/\/weather-radar-live.com\/sv\/wp-json\/wp\/v2\/pages\/5391","targetHints":{"allow":["GET"]}}],"collection":[{"href":"https:\/\/weather-radar-live.com\/sv\/wp-json\/wp\/v2\/pages"}],"about":[{"href":"https:\/\/weather-radar-live.com\/sv\/wp-json\/wp\/v2\/types\/page"}],"author":[{"embeddable":true,"href":"https:\/\/weather-radar-live.com\/sv\/wp-json\/wp\/v2\/users\/1"}],"replies":[{"embeddable":true,"href":"https:\/\/weather-radar-live.com\/sv\/wp-json\/wp\/v2\/comments?post=5391"}],"version-history":[{"count":1,"href":"https:\/\/weather-radar-live.com\/sv\/wp-json\/wp\/v2\/pages\/5391\/revisions"}],"predecessor-version":[{"id":5414,"href":"https:\/\/weather-radar-live.com\/sv\/wp-json\/wp\/v2\/pages\/5391\/revisions\/5414"}],"up":[{"embeddable":true,"href":"https:\/\/weather-radar-live.com\/sv\/wp-json\/wp\/v2\/pages\/4182"}],"wp:featuredmedia":[{"embeddable":true,"href":"https:\/\/weather-radar-live.com\/sv\/wp-json\/wp\/v2\/media\/3792"}],"wp:attachment":[{"href":"https:\/\/weather-radar-live.com\/sv\/wp-json\/wp\/v2\/media?parent=5391"}],"curies":[{"name":"wp","href":"https:\/\/api.w.org\/{rel}","templated":true}]}}