{"id":5274,"date":"2022-04-21T13:15:24","date_gmt":"2022-04-21T11:15:24","guid":{"rendered":"https:\/\/weather-radar-live.com\/webbkamera\/frankrike\/webcam-le-touquet\/"},"modified":"2022-07-20T12:03:18","modified_gmt":"2022-07-20T10:03:18","slug":"webbkamera-le-touquet","status":"publish","type":"page","link":"https:\/\/weather-radar-live.com\/sv\/webbkamera\/frankrike\/webbkamera-le-touquet\/","title":{"rendered":"Webbkamera Le Touquet"},"content":{"rendered":"<div id=\"weath-2579709962\" class=\"weath-vor-dem-inhalt weath-entity-placement\" style=\"margin-top: 15px;margin-right: 25px;margin-bottom: 40px;margin-left: 25px;\"><script async src=\"\/\/pagead2.googlesyndication.com\/pagead\/js\/adsbygoogle.js?client=ca-pub-8960936133935804\" crossorigin=\"anonymous\"><\/script><ins class=\"adsbygoogle\" style=\"display:block;\" data-ad-client=\"ca-pub-8960936133935804\" \ndata-ad-slot=\"6172817020\" \ndata-ad-format=\"auto\"><\/ins>\n<script> \n(adsbygoogle = window.adsbygoogle || []).push({}); \n<\/script>\n<\/div>\n<div class=\"wp-block-cover alignfull is-light\"><span aria-hidden=\"true\" class=\"wp-block-cover__gradient-background has-background-dim\"><\/span><img decoding=\"async\" class=\"wp-block-cover__image-background wp-image-342\" alt=\"Webbkamera Le Touquet\" src=\"https:\/\/weather-radar-live.com\/wp-content\/uploads\/2021\/06\/sam-schooler-E9aetBe2w40-unsplash-e1622554814366.jpg\" data-object-fit=\"cover\"\/><div class=\"wp-block-cover__inner-container is-layout-flow wp-block-cover-is-layout-flow\">\n<h2 class=\"has-text-align-center heading wp-block-heading\" id=\"webcam-fort-mahon\" style=\"font-size:40px\"><strong><mark style=\"background-color:rgba(0, 0, 0, 0)\" class=\"has-inline-color has-base-3-color\">WEBCAM <\/mark><\/strong><br><strong><mark style=\"background-color:rgba(0, 0, 0, 0)\" class=\"has-inline-color has-base-3-color\"><strong>LE TOUQUET<\/strong><\/mark><\/strong><\/h2>\n<\/div><\/div>\n\n\n<div class=\"yoast-breadcrumbs\"><span><span><a href=\"https:\/\/weather-radar-live.com\/sv\/\">Weather Radar Live<\/a><\/span> \u00bb <span><a href=\"https:\/\/weather-radar-live.com\/sv\/webbkamera\/\">Webbkamera<\/a><\/span> \u00bb <span><a href=\"https:\/\/weather-radar-live.com\/sv\/webbkamera\/frankrike\/\">Frankrike<\/a><\/span> \u00bb <span class=\"breadcrumb_last\" aria-current=\"page\"><strong>Webbkamera Le Touquet<\/strong><\/span><\/span><\/div>\n\n\n<h2 class=\"has-text-align-center wp-block-heading\" id=\"webcam-fort-mahon\"><strong>Webbkamera <strong><strong>Le Touquet <\/strong><\/strong><\/strong><\/h2>\n\n\n\n<p>I norra Frankrike, p\u00e5 Opalkusten, ligger badorten Le Touquet Paris-Plage. Denna majest\u00e4tiska plats byggdes med en blandning av fransk Belle Epoque och brittisk edwardiansk stil. H\u00e4r finns eleganta aff\u00e4rer, f\u00f6rstklassiga barer och restauranger samt friluftsliv. Det finns gott om aktiviteter f\u00f6r att h\u00e5lla dig sysselsatt, fr\u00e5n vattensporter till historiska golfbanor, ridning i sanddynerna till tennis. Touquet-Paris-Plage \u00e4r ett paradis f\u00f6r shoppare som ger den fantastiska upplevelsen att shoppa med otroliga rabatter. Njut av att ta en t\u00e5gresa f\u00f6r att se de vackra tornformade byggnaderna och skogen. Vill du veta dess v\u00e4der, klimat och ber\u00f6mda plats, ta en titt nedan.<\/p>\n\n\n\n<div class=\"wp-block-columns is-layout-flex wp-container-core-columns-is-layout-9d6595d7 wp-block-columns-is-layout-flex\">\n<div class=\"wp-block-column webcam-column is-layout-flow wp-block-column-is-layout-flow\">\n<div class=\"wp-block-columns is-layout-flex wp-container-core-columns-is-layout-9d6595d7 wp-block-columns-is-layout-flex\">\n<div class=\"wp-block-column is-layout-flow wp-block-column-is-layout-flow\">\n<h3 class=\"has-text-align-center wp-block-heading\">\ud83d\udd34 <strong>Webbkamera <strong><strong><strong><strong><strong>Le Touquet<\/strong><\/strong><\/strong><\/strong><\/strong><\/strong> Havsutsikt<\/h3>\n\n\n\n<iframe src=\"https:\/\/www.skaping.com\/le-touquet\/poste-central\/vue-mer\" style=\"width: 100%; height: 400px; border: none;\" allowfullscreen=\"\"><\/iframe>\n<\/div>\n\n\n\n<div class=\"wp-block-column is-layout-flow wp-block-column-is-layout-flow\">\n<h3 class=\"has-text-align-center wp-block-heading\"><strong>\ud83d\udd34 <strong>Webbkamera <strong><strong><strong><strong><strong>Le Touquet<\/strong><\/strong><\/strong><\/strong><\/strong><\/strong> <\/strong>Norra vyn<\/h3>\n\n\n\n<iframe src=\"https:\/\/www.skaping.com\/le-touquet\/poste-central\/vue-nord\" style=\"width: 100%; height: 400px; border: none;\" allowfullscreen=\"\"><\/iframe>\n<\/div>\n<\/div>\n\n\n\n<div class=\"wp-block-columns is-layout-flex wp-container-core-columns-is-layout-9d6595d7 wp-block-columns-is-layout-flex\">\n<div class=\"wp-block-column is-layout-flow wp-block-column-is-layout-flow\">\n<h3 class=\"has-text-align-center wp-block-heading\"><strong>\ud83d\udd34 <strong>Webbkamera <strong><strong><strong><strong><strong>Le Touquet<\/strong><\/strong><\/strong><\/strong><\/strong><\/strong> <\/strong>Riding Park <\/h3>\n\n\n\n<iframe src=\"https:\/\/www.skaping.com\/le-touquet\/centre-equestre\" style=\"width: 100%; height: 400px; border: none;\" allowfullscreen=\"\"><\/iframe>\n<\/div>\n\n\n\n<div class=\"wp-block-column is-layout-flow wp-block-column-is-layout-flow\">\n<h3 class=\"has-text-align-center wp-block-heading\"><strong><strong>\ud83d\udd34 <strong>Webbkamera <strong><strong><strong><strong><strong>Le Touquet<\/strong><\/strong><\/strong><\/strong><\/strong><\/strong> <\/strong><\/strong>S\u00f6dra utsikten<\/h3>\n\n\n\n<iframe src=\"https:\/\/www.skaping.com\/le-touquet\/poste-central\/vue-sud\" style=\"width: 100%; height: 400px; border: none;\" allowfullscreen=\"\"><\/iframe>\n<\/div>\n<\/div>\n\n\n\n<div class=\"wp-block-columns is-layout-flex wp-container-core-columns-is-layout-9d6595d7 wp-block-columns-is-layout-flex\">\n<div class=\"wp-block-column is-layout-flow wp-block-column-is-layout-flow\">\n<h3 class=\"has-text-align-center wp-block-heading\"><strong><strong>\ud83d\udd34 <strong>Webbkamera <strong><strong><strong><strong><strong>Le Touquet<\/strong><\/strong><\/strong><\/strong><\/strong><\/strong> <\/strong><\/strong>Tr\u00e4dg\u00e5rdarna vid Palais des Congr\u00e8s<\/h3>\n\n\n\n<iframe src=\"https:\/\/www.skaping.com\/le-touquet\/lycee-hotelier\" style=\"width: 100%; height: 400px; border: none;\" allowfullscreen=\"\"><\/iframe>\n<\/div>\n\n\n\n<div class=\"wp-block-column is-layout-flow wp-block-column-is-layout-flow\">\n<h3 class=\"has-text-align-center wp-block-heading\"><strong><strong><strong>\ud83d\udd34 <strong>Webbkamera<\/strong> i <strong> <strong><strong><strong><strong><strong>Le Touquet<\/strong><\/strong><\/strong><\/strong><\/strong><\/strong> <\/strong><\/strong><\/strong>Paris-Plage<\/h3>\n\n\n\n<a name=\"windy-webcam-timelapse-player\" data-id=\"1340349687\" data-play=\"day\" href=\"https:\/\/windy.com\/webcams\/1340349687\" target=\"_blank\" rel=\"noopener\">Le Touquet-Paris-Plage: Le Touquet Paris-Plage<\/a><script async=\"\" type=\"text\/javascript\" src=\"https:\/\/webcams.windy.com\/webcams\/public\/embed\/script\/player.js\"><\/script>\n<\/div>\n<\/div>\n<\/div>\n<\/div>\n\n\n\n<h2 class=\"wp-block-heading\" id=\"fort-mahon-today\"><strong>V\u00e4derradar <strong><strong><strong>Le Touquet <\/strong><\/strong><\/strong><\/strong> &#8211; <strong>V\u00e4dret i <strong><strong><strong>Le Touquet <\/strong><\/strong><\/strong><\/strong><\/h2>\n\n\n\n<p>Lyckligtvis \u00e4r det l\u00e4tt att f\u00e5 v\u00e4deruppdateringar i realtid med v\u00e4derradar Le Touquet. Den samlar in signaler och presenterar dem i form av data som \u00e4r l\u00e4tta att f\u00f6rst\u00e5. Webbkameran Le Touquet t\u00e4cker v\u00e4derf\u00f6rh\u00e5llandena och ger information om <a href=\"https:\/\/weather-radar-live.com\/sv\/molnradar\/\">molnt\u00e4cke<\/a>, <a href=\"https:\/\/weather-radar-live.com\/sv\/blixtradar\/\">\u00e5ska<\/a>, <a href=\"https:\/\/weather-radar-live.com\/sv\/storm-radar\/\">storm<\/a>, <a href=\"https:\/\/weather-radar-live.com\/sv\/regnradar\/\">regn<\/a>, nederb\u00f6rd och <a href=\"https:\/\/weather-radar-live.com\/sv\/tornado\/\">tornado<\/a>. Vidare visar den uppgifterna i kartor och bilder. Du kan enkelt bl\u00e4ddra f\u00f6r att se v\u00e4dret vid en viss tidpunkt. Om du vill f\u00e5 mer detaljerad information kan du anv\u00e4nda symbolerna + eller &#8211; i det \u00f6vre h\u00f6gra h\u00f6rnet av sk\u00e4rmen.<\/p><div id=\"weath-2086595926\" class=\"weath-inhalt_2 weath-entity-placement\" style=\"margin-top: 15px;margin-right: 25px;margin-bottom: 35px;margin-left: 25px;\"><script async src=\"\/\/pagead2.googlesyndication.com\/pagead\/js\/adsbygoogle.js?client=ca-pub-8960936133935804\" crossorigin=\"anonymous\"><\/script><ins class=\"adsbygoogle\" style=\"display:block;\" data-ad-client=\"ca-pub-8960936133935804\" \ndata-ad-slot=\"1963584050\" \ndata-ad-format=\"auto\"><\/ins>\n<script> \n(adsbygoogle = window.adsbygoogle || []).push({}); \n<\/script>\n<\/div>\n\n\n\n<div class=\"wp-block-columns is-layout-flex wp-container-core-columns-is-layout-9d6595d7 wp-block-columns-is-layout-flex\">\n<div class=\"wp-block-column is-layout-flow wp-block-column-is-layout-flow\" style=\"flex-basis:75%\">\n<iframe loading=\"lazy\" width=\"1300\" height=\"502\" src=\"https:\/\/embed.windy.com\/embed2.html?lat=50.519&amp;lon=1.709&amp;detailLat=50.515&amp;detailLon=1.516&amp;width=1300&amp;height=502&amp;zoom=11&amp;level=surface&amp;overlay=wind&amp;product=ecmwf&amp;menu=&amp;message=&amp;marker=&amp;calendar=now&amp;pressure=&amp;type=map&amp;location=coordinates&amp;detail=&amp;metricWind=default&amp;metricTemp=default&amp;radarRange=-1\" frameborder=\"0\"><\/iframe>\n<\/div>\n\n\n\n<div class=\"wp-block-column is-layout-flow wp-block-column-is-layout-flow\" style=\"flex-basis:25%\">\n<a class=\"weatherwidget-io\" href=\"https:\/\/forecast7.com\/sv\/50d521d59\/le-touquet\/\" data-label_1=\"LE TOUQUET-PARIS-PLAGE\" data-font=\"Roboto\" data-theme=\"original\">LE TOUQUET-PARIS-PLAGE<\/a>\n<script>\n!function(d,s,id){var js,fjs=d.getElementsByTagName(s)[0];if(!d.getElementById(id)){js=d.createElement(s);js.id=id;js.src='https:\/\/weatherwidget.io\/js\/widget.min.js';fjs.parentNode.insertBefore(js,fjs);}}(document,'script','weatherwidget-io-js');\n<\/script>\n<\/div>\n<\/div>\n\n\n\n<h2 class=\"wp-block-heading\" id=\"fort-mahon-weather\"><strong>Klimatet i <strong><strong><strong>Le Touquet <\/strong><\/strong><\/strong><\/strong><\/h2>\n\n\n\n<p>K\u00f6ppen och Geiger klassificerar klimatet i denna region som Cfb. Generellt sett \u00e4r klimatet i Le Touquet milt och tempererat. Det regnar betydligt hela \u00e5ret, \u00e4ven under den torraste m\u00e5naden.<\/p>\n\n\n\n<p><strong>Temperatur <\/strong><\/p>\n\n\n\n<p>I Le Touquet-Paris-Plage \u00e4r den genomsnittliga \u00e5rstemperaturen 11,3 \u00b0C eller 52,3 \u00b0F.<\/p>\n\n\n\n<p>Den h\u00f6gsta temperaturen under den varmaste m\u00e5naden (augusti) \u00e4r 17,9 \u00b0C eller 64,2 \u00b0F.<\/p>\n\n\n\n<p>Den l\u00e4gsta temperaturen i januari \u00e4r 5,2 \u00b0C eller 41,4 \u00b0F.<\/p>\n\n\n\n<p><strong>Nederb\u00f6rd <\/strong><\/p>\n\n\n\n<p>Den genomsnittliga nederb\u00f6rden per \u00e5r \u00e4r cirka 38,8 tum eller 974 mm.<\/p>\n\n\n\n<p><strong>Luftfuktighet <\/strong><\/p>\n\n\n\n<p>Den h\u00f6gsta relativa luftfuktigheten \u00e4r 84,19 % i november. I juli \u00e4r den relativa luftfuktigheten l\u00e4gst, dvs. 74,68 %.<\/p>\n\n\n\n<p><strong>Moln <\/strong><\/p>\n\n\n\n<p>I juli \u00e4r molnt\u00e4cket 59 % och det f\u00f6rblir den klartaste m\u00e5naden p\u00e5 \u00e5ret. Den h\u00f6gsta molnigheten finns i december d\u00e5 himlen \u00e4r mestadels molnig 65 % av tiden.<\/p>\n\n\n\n<p><strong>Nederb\u00f6rd <\/strong><\/p>\n\n\n\n<p>Den regnigaste m\u00e5naden \u00e4r november, med en genomsnittlig nederb\u00f6rd p\u00e5 2,6 tum, medan den \u00e4r 1,4 tum i den minst regniga m\u00e5naden, april.<\/p>\n\n\n\n<h2 class=\"wp-block-heading\"><strong>Stranden i Le Touquet<\/strong><\/h2>\n\n\n\n<p>Stranden \u00e4r en av Le Touquets mest popul\u00e4ra attraktioner. Stranden \u00e4r bred och har den renaste och mjukaste sanden. Den ligger bara 30 kilometer fr\u00e5n Boulogne vid Engelska kanalen, med en h\u00e4stkappl\u00f6pningsbana, fin sand och en skogskuliss. Prova att ta en promenad i omr\u00e5det, stanna till p\u00e5 n\u00e5got av kaf\u00e9erna eller ta en glass medan du \u00e4r d\u00e4r. Det finns idealiska platser f\u00f6r att koppla av i solen med s\u00e5 mycket utrymme att str\u00f6va omkring p\u00e5. F\u00f6r en hisnande utsikt \u00f6ver landskapet och kusten kan du kl\u00e4ttra uppf\u00f6r fyrens 274 trappsteg. Du kan promenera l\u00e4ngs strandlinjen och sandiga stigar som omges av frodig vegetation.<\/p>\n","protected":false},"excerpt":{"rendered":"<p>Webbkamera Le Touquet I norra Frankrike, p\u00e5 Opalkusten, ligger badorten Le Touquet Paris-Plage. Denna majest\u00e4tiska plats byggdes med en blandning av fransk Belle Epoque och brittisk edwardiansk stil. H\u00e4r finns eleganta aff\u00e4rer, f\u00f6rstklassiga barer och restauranger samt friluftsliv. Det finns gott om aktiviteter f\u00f6r att h\u00e5lla dig sysselsatt, fr\u00e5n vattensporter till historiska golfbanor, ridning i &#8230; <a title=\"Webbkamera Le Touquet\" class=\"read-more\" href=\"https:\/\/weather-radar-live.com\/sv\/webbkamera\/frankrike\/webbkamera-le-touquet\/\" aria-label=\"L\u00e4s mer om Webbkamera Le Touquet\">L\u00e4s mer<\/a><\/p>\n","protected":false},"author":1,"featured_media":3894,"parent":4182,"menu_order":0,"comment_status":"closed","ping_status":"closed","template":"","meta":{"footnotes":""},"class_list":["post-5274","page","type-page","status-publish","has-post-thumbnail"],"yoast_head":"<!-- This site is optimized with the Yoast SEO plugin v27.5 - https:\/\/yoast.com\/product\/yoast-seo-wordpress\/ -->\n<title>Webbkamera Le Touquet \u2192 Titta p\u00e5 det live!<\/title>\n<meta name=\"description\" content=\"Webbkamera Le Touquet | Webbkamera i Le Touquet ! \u2705 Uppdaterad f\u00f6r dig i realtid! \u2705 Aktuell v\u00e4derprognos!\" \/>\n<meta name=\"robots\" content=\"index, follow, max-snippet:-1, max-image-preview:large, max-video-preview:-1\" \/>\n<link rel=\"canonical\" href=\"https:\/\/weather-radar-live.com\/sv\/webbkamera\/frankrike\/webbkamera-le-touquet\/\" \/>\n<meta property=\"og:locale\" content=\"sv_SE\" \/>\n<meta property=\"og:type\" content=\"article\" \/>\n<meta property=\"og:title\" content=\"Webbkamera Le Touquet \u2192 Titta p\u00e5 det live!\" \/>\n<meta property=\"og:description\" content=\"Webbkamera Le Touquet | Webbkamera i Le Touquet ! \u2705 Uppdaterad f\u00f6r dig i realtid! \u2705 Aktuell v\u00e4derprognos!\" \/>\n<meta property=\"og:url\" content=\"https:\/\/weather-radar-live.com\/sv\/webbkamera\/frankrike\/webbkamera-le-touquet\/\" \/>\n<meta property=\"og:site_name\" content=\"weather-radar-live.com\" \/>\n<meta property=\"article:modified_time\" content=\"2022-07-20T10:03:18+00:00\" \/>\n<meta property=\"og:image\" content=\"https:\/\/weather-radar-live.com\/wp-content\/uploads\/2022\/04\/Webcam-Le-Touquet-e1650541692890.jpg\" \/>\n\t<meta property=\"og:image:width\" content=\"1920\" \/>\n\t<meta property=\"og:image:height\" content=\"934\" \/>\n\t<meta property=\"og:image:type\" content=\"image\/jpeg\" \/>\n<meta name=\"twitter:card\" content=\"summary_large_image\" \/>\n<meta name=\"twitter:label1\" content=\"Ber\u00e4knad l\u00e4stid\" \/>\n\t<meta name=\"twitter:data1\" content=\"3 minuter\" \/>\n<script type=\"application\/ld+json\" class=\"yoast-schema-graph\">{\"@context\":\"https:\\\/\\\/schema.org\",\"@graph\":[{\"@type\":\"WebPage\",\"@id\":\"https:\\\/\\\/weather-radar-live.com\\\/sv\\\/webbkamera\\\/frankrike\\\/webbkamera-le-touquet\\\/\",\"url\":\"https:\\\/\\\/weather-radar-live.com\\\/sv\\\/webbkamera\\\/frankrike\\\/webbkamera-le-touquet\\\/\",\"name\":\"Webbkamera Le Touquet \u2192 Titta p\u00e5 det live!\",\"isPartOf\":{\"@id\":\"https:\\\/\\\/weather-radar-live.com\\\/#website\"},\"primaryImageOfPage\":{\"@id\":\"https:\\\/\\\/weather-radar-live.com\\\/sv\\\/webbkamera\\\/frankrike\\\/webbkamera-le-touquet\\\/#primaryimage\"},\"image\":{\"@id\":\"https:\\\/\\\/weather-radar-live.com\\\/sv\\\/webbkamera\\\/frankrike\\\/webbkamera-le-touquet\\\/#primaryimage\"},\"thumbnailUrl\":\"https:\\\/\\\/weather-radar-live.com\\\/wp-content\\\/uploads\\\/2022\\\/04\\\/Webcam-Le-Touquet-e1650541692890.jpg\",\"datePublished\":\"2022-04-21T11:15:24+00:00\",\"dateModified\":\"2022-07-20T10:03:18+00:00\",\"description\":\"Webbkamera Le Touquet | Webbkamera i Le Touquet ! \u2705 Uppdaterad f\u00f6r dig i realtid! \u2705 Aktuell v\u00e4derprognos!\",\"breadcrumb\":{\"@id\":\"https:\\\/\\\/weather-radar-live.com\\\/sv\\\/webbkamera\\\/frankrike\\\/webbkamera-le-touquet\\\/#breadcrumb\"},\"inLanguage\":\"sv-SE\",\"potentialAction\":[{\"@type\":\"ReadAction\",\"target\":[\"https:\\\/\\\/weather-radar-live.com\\\/sv\\\/webbkamera\\\/frankrike\\\/webbkamera-le-touquet\\\/\"]}]},{\"@type\":\"ImageObject\",\"inLanguage\":\"sv-SE\",\"@id\":\"https:\\\/\\\/weather-radar-live.com\\\/sv\\\/webbkamera\\\/frankrike\\\/webbkamera-le-touquet\\\/#primaryimage\",\"url\":\"https:\\\/\\\/weather-radar-live.com\\\/wp-content\\\/uploads\\\/2022\\\/04\\\/Webcam-Le-Touquet-e1650541692890.jpg\",\"contentUrl\":\"https:\\\/\\\/weather-radar-live.com\\\/wp-content\\\/uploads\\\/2022\\\/04\\\/Webcam-Le-Touquet-e1650541692890.jpg\",\"width\":1920,\"height\":934,\"caption\":\"Webcam Le Touquet\"},{\"@type\":\"BreadcrumbList\",\"@id\":\"https:\\\/\\\/weather-radar-live.com\\\/sv\\\/webbkamera\\\/frankrike\\\/webbkamera-le-touquet\\\/#breadcrumb\",\"itemListElement\":[{\"@type\":\"ListItem\",\"position\":1,\"name\":\"Weather Radar Live\",\"item\":\"https:\\\/\\\/weather-radar-live.com\\\/sv\\\/\"},{\"@type\":\"ListItem\",\"position\":2,\"name\":\"Webbkamera\",\"item\":\"https:\\\/\\\/weather-radar-live.com\\\/sv\\\/webbkamera\\\/\"},{\"@type\":\"ListItem\",\"position\":3,\"name\":\"Frankrike\",\"item\":\"https:\\\/\\\/weather-radar-live.com\\\/sv\\\/webbkamera\\\/frankrike\\\/\"},{\"@type\":\"ListItem\",\"position\":4,\"name\":\"Webbkamera Le Touquet\"}]},{\"@type\":\"WebSite\",\"@id\":\"https:\\\/\\\/weather-radar-live.com\\\/#website\",\"url\":\"https:\\\/\\\/weather-radar-live.com\\\/\",\"name\":\"weather-radar-live.com\",\"description\":\"Your weather and sky radar.\",\"publisher\":{\"@id\":\"https:\\\/\\\/weather-radar-live.com\\\/#organization\"},\"potentialAction\":[{\"@type\":\"SearchAction\",\"target\":{\"@type\":\"EntryPoint\",\"urlTemplate\":\"https:\\\/\\\/weather-radar-live.com\\\/?s={search_term_string}\"},\"query-input\":{\"@type\":\"PropertyValueSpecification\",\"valueRequired\":true,\"valueName\":\"search_term_string\"}}],\"inLanguage\":\"sv-SE\"},{\"@type\":\"Organization\",\"@id\":\"https:\\\/\\\/weather-radar-live.com\\\/#organization\",\"name\":\"weather-radar-live.com\",\"url\":\"https:\\\/\\\/weather-radar-live.com\\\/\",\"logo\":{\"@type\":\"ImageObject\",\"inLanguage\":\"sv-SE\",\"@id\":\"https:\\\/\\\/weather-radar-live.com\\\/#\\\/schema\\\/logo\\\/image\\\/\",\"url\":\"https:\\\/\\\/weather-radar-live.com\\\/wp-content\\\/uploads\\\/2022\\\/03\\\/cropped-WRL2503.png\",\"contentUrl\":\"https:\\\/\\\/weather-radar-live.com\\\/wp-content\\\/uploads\\\/2022\\\/03\\\/cropped-WRL2503.png\",\"width\":1920,\"height\":555,\"caption\":\"weather-radar-live.com\"},\"image\":{\"@id\":\"https:\\\/\\\/weather-radar-live.com\\\/#\\\/schema\\\/logo\\\/image\\\/\"}}]}<\/script>\n<!-- \/ Yoast SEO plugin. -->","yoast_head_json":{"title":"Webbkamera Le Touquet \u2192 Titta p\u00e5 det live!","description":"Webbkamera Le Touquet | Webbkamera i Le Touquet ! \u2705 Uppdaterad f\u00f6r dig i realtid! \u2705 Aktuell v\u00e4derprognos!","robots":{"index":"index","follow":"follow","max-snippet":"max-snippet:-1","max-image-preview":"max-image-preview:large","max-video-preview":"max-video-preview:-1"},"canonical":"https:\/\/weather-radar-live.com\/sv\/webbkamera\/frankrike\/webbkamera-le-touquet\/","og_locale":"sv_SE","og_type":"article","og_title":"Webbkamera Le Touquet \u2192 Titta p\u00e5 det live!","og_description":"Webbkamera Le Touquet | Webbkamera i Le Touquet ! \u2705 Uppdaterad f\u00f6r dig i realtid! \u2705 Aktuell v\u00e4derprognos!","og_url":"https:\/\/weather-radar-live.com\/sv\/webbkamera\/frankrike\/webbkamera-le-touquet\/","og_site_name":"weather-radar-live.com","article_modified_time":"2022-07-20T10:03:18+00:00","og_image":[{"width":1920,"height":934,"url":"https:\/\/weather-radar-live.com\/wp-content\/uploads\/2022\/04\/Webcam-Le-Touquet-e1650541692890.jpg","type":"image\/jpeg"}],"twitter_card":"summary_large_image","twitter_misc":{"Ber\u00e4knad l\u00e4stid":"3 minuter"},"schema":{"@context":"https:\/\/schema.org","@graph":[{"@type":"WebPage","@id":"https:\/\/weather-radar-live.com\/sv\/webbkamera\/frankrike\/webbkamera-le-touquet\/","url":"https:\/\/weather-radar-live.com\/sv\/webbkamera\/frankrike\/webbkamera-le-touquet\/","name":"Webbkamera Le Touquet \u2192 Titta p\u00e5 det live!","isPartOf":{"@id":"https:\/\/weather-radar-live.com\/#website"},"primaryImageOfPage":{"@id":"https:\/\/weather-radar-live.com\/sv\/webbkamera\/frankrike\/webbkamera-le-touquet\/#primaryimage"},"image":{"@id":"https:\/\/weather-radar-live.com\/sv\/webbkamera\/frankrike\/webbkamera-le-touquet\/#primaryimage"},"thumbnailUrl":"https:\/\/weather-radar-live.com\/wp-content\/uploads\/2022\/04\/Webcam-Le-Touquet-e1650541692890.jpg","datePublished":"2022-04-21T11:15:24+00:00","dateModified":"2022-07-20T10:03:18+00:00","description":"Webbkamera Le Touquet | Webbkamera i Le Touquet ! \u2705 Uppdaterad f\u00f6r dig i realtid! \u2705 Aktuell v\u00e4derprognos!","breadcrumb":{"@id":"https:\/\/weather-radar-live.com\/sv\/webbkamera\/frankrike\/webbkamera-le-touquet\/#breadcrumb"},"inLanguage":"sv-SE","potentialAction":[{"@type":"ReadAction","target":["https:\/\/weather-radar-live.com\/sv\/webbkamera\/frankrike\/webbkamera-le-touquet\/"]}]},{"@type":"ImageObject","inLanguage":"sv-SE","@id":"https:\/\/weather-radar-live.com\/sv\/webbkamera\/frankrike\/webbkamera-le-touquet\/#primaryimage","url":"https:\/\/weather-radar-live.com\/wp-content\/uploads\/2022\/04\/Webcam-Le-Touquet-e1650541692890.jpg","contentUrl":"https:\/\/weather-radar-live.com\/wp-content\/uploads\/2022\/04\/Webcam-Le-Touquet-e1650541692890.jpg","width":1920,"height":934,"caption":"Webcam Le Touquet"},{"@type":"BreadcrumbList","@id":"https:\/\/weather-radar-live.com\/sv\/webbkamera\/frankrike\/webbkamera-le-touquet\/#breadcrumb","itemListElement":[{"@type":"ListItem","position":1,"name":"Weather Radar Live","item":"https:\/\/weather-radar-live.com\/sv\/"},{"@type":"ListItem","position":2,"name":"Webbkamera","item":"https:\/\/weather-radar-live.com\/sv\/webbkamera\/"},{"@type":"ListItem","position":3,"name":"Frankrike","item":"https:\/\/weather-radar-live.com\/sv\/webbkamera\/frankrike\/"},{"@type":"ListItem","position":4,"name":"Webbkamera Le Touquet"}]},{"@type":"WebSite","@id":"https:\/\/weather-radar-live.com\/#website","url":"https:\/\/weather-radar-live.com\/","name":"weather-radar-live.com","description":"Your weather and sky radar.","publisher":{"@id":"https:\/\/weather-radar-live.com\/#organization"},"potentialAction":[{"@type":"SearchAction","target":{"@type":"EntryPoint","urlTemplate":"https:\/\/weather-radar-live.com\/?s={search_term_string}"},"query-input":{"@type":"PropertyValueSpecification","valueRequired":true,"valueName":"search_term_string"}}],"inLanguage":"sv-SE"},{"@type":"Organization","@id":"https:\/\/weather-radar-live.com\/#organization","name":"weather-radar-live.com","url":"https:\/\/weather-radar-live.com\/","logo":{"@type":"ImageObject","inLanguage":"sv-SE","@id":"https:\/\/weather-radar-live.com\/#\/schema\/logo\/image\/","url":"https:\/\/weather-radar-live.com\/wp-content\/uploads\/2022\/03\/cropped-WRL2503.png","contentUrl":"https:\/\/weather-radar-live.com\/wp-content\/uploads\/2022\/03\/cropped-WRL2503.png","width":1920,"height":555,"caption":"weather-radar-live.com"},"image":{"@id":"https:\/\/weather-radar-live.com\/#\/schema\/logo\/image\/"}}]}},"_links":{"self":[{"href":"https:\/\/weather-radar-live.com\/sv\/wp-json\/wp\/v2\/pages\/5274","targetHints":{"allow":["GET"]}}],"collection":[{"href":"https:\/\/weather-radar-live.com\/sv\/wp-json\/wp\/v2\/pages"}],"about":[{"href":"https:\/\/weather-radar-live.com\/sv\/wp-json\/wp\/v2\/types\/page"}],"author":[{"embeddable":true,"href":"https:\/\/weather-radar-live.com\/sv\/wp-json\/wp\/v2\/users\/1"}],"replies":[{"embeddable":true,"href":"https:\/\/weather-radar-live.com\/sv\/wp-json\/wp\/v2\/comments?post=5274"}],"version-history":[{"count":1,"href":"https:\/\/weather-radar-live.com\/sv\/wp-json\/wp\/v2\/pages\/5274\/revisions"}],"predecessor-version":[{"id":5296,"href":"https:\/\/weather-radar-live.com\/sv\/wp-json\/wp\/v2\/pages\/5274\/revisions\/5296"}],"up":[{"embeddable":true,"href":"https:\/\/weather-radar-live.com\/sv\/wp-json\/wp\/v2\/pages\/4182"}],"wp:featuredmedia":[{"embeddable":true,"href":"https:\/\/weather-radar-live.com\/sv\/wp-json\/wp\/v2\/media\/3894"}],"wp:attachment":[{"href":"https:\/\/weather-radar-live.com\/sv\/wp-json\/wp\/v2\/media?parent=5274"}],"curies":[{"name":"wp","href":"https:\/\/api.w.org\/{rel}","templated":true}]}}