{"id":4947,"date":"2022-04-21T15:34:26","date_gmt":"2022-04-21T13:34:26","guid":{"rendered":"https:\/\/weather-radar-live.com\/webbkamera\/frankrike\/webcam-la-baule\/"},"modified":"2022-07-19T10:55:19","modified_gmt":"2022-07-19T08:55:19","slug":"webbkamera-la-baule","status":"publish","type":"page","link":"https:\/\/weather-radar-live.com\/sv\/webbkamera\/frankrike\/webbkamera-la-baule\/","title":{"rendered":"Webbkamera La Baule"},"content":{"rendered":"<div id=\"weath-2385771115\" class=\"weath-vor-dem-inhalt weath-entity-placement\" style=\"margin-top: 15px;margin-right: 25px;margin-bottom: 40px;margin-left: 25px;\"><script async src=\"\/\/pagead2.googlesyndication.com\/pagead\/js\/adsbygoogle.js?client=ca-pub-8960936133935804\" crossorigin=\"anonymous\"><\/script><ins class=\"adsbygoogle\" style=\"display:block;\" data-ad-client=\"ca-pub-8960936133935804\" \ndata-ad-slot=\"6172817020\" \ndata-ad-format=\"auto\"><\/ins>\n<script> \n(adsbygoogle = window.adsbygoogle || []).push({}); \n<\/script>\n<\/div>\n<div class=\"wp-block-cover alignfull is-light\"><span aria-hidden=\"true\" class=\"wp-block-cover__gradient-background has-background-dim\"><\/span><img decoding=\"async\" class=\"wp-block-cover__image-background wp-image-342\" alt=\"Webbkamera La Baule\" src=\"https:\/\/weather-radar-live.com\/wp-content\/uploads\/2021\/06\/sam-schooler-E9aetBe2w40-unsplash-e1622554814366.jpg\" data-object-fit=\"cover\"\/><div class=\"wp-block-cover__inner-container is-layout-flow wp-block-cover-is-layout-flow\">\n<h2 class=\"has-text-align-center heading wp-block-heading\" id=\"webcam-fort-mahon\" style=\"font-size:40px\"><strong><mark style=\"background-color:rgba(0, 0, 0, 0)\" class=\"has-inline-color has-base-3-color\">WEBBKAMERA <\/mark><\/strong><br><strong><mark style=\"background-color:rgba(0, 0, 0, 0)\" class=\"has-inline-color has-base-3-color\">LA BAULE<\/mark><\/strong><\/h2>\n<\/div><\/div>\n\n\n<div class=\"yoast-breadcrumbs\"><span><span><a href=\"https:\/\/weather-radar-live.com\/sv\/\">Weather Radar Live<\/a><\/span> \u00bb <span><a href=\"https:\/\/weather-radar-live.com\/sv\/webbkamera\/\">Webbkamera<\/a><\/span> \u00bb <span><a href=\"https:\/\/weather-radar-live.com\/sv\/webbkamera\/frankrike\/\">Frankrike<\/a><\/span> \u00bb <span class=\"breadcrumb_last\" aria-current=\"page\"><strong>Webbkamera La Baule<\/strong><\/span><\/span><\/div>\n\n\n<h2 class=\"has-text-align-center wp-block-heading\" id=\"webcam-fort-mahon\"><strong>Webbkamera <strong><strong>La Baule<\/strong><\/strong><\/strong><\/h2>\n\n\n\n<p>La Baule, \u00e4ven k\u00e4nd som La Baule-Escoublac, \u00e4r en kommun i departementet Loire-Atlantique som ligger p\u00e5 norra halvklotet. De dynstabiliserande sj\u00f6tallarna p\u00e5 1 000 acres (400 hektar) skyddar stranden mot vindar som bl\u00e5ser fr\u00e5n norr. Den ligger i en halvm\u00e5neformad vik p\u00e5 en \u00e5tta kilometer l\u00e5ng sandstrand i v\u00e4stra Frankrike.<\/p>\n\n\n\n<div class=\"wp-block-columns is-layout-flex wp-container-core-columns-is-layout-9d6595d7 wp-block-columns-is-layout-flex\">\n<div class=\"wp-block-column webcam-column is-layout-flow wp-block-column-is-layout-flow\">\n<h3 class=\"has-text-align-center live-emoji wp-block-heading\">\ud83d\udd34 <strong>Webbkamera <strong><strong><strong><strong><strong>La Baule<\/strong><\/strong><\/strong><\/strong><\/strong><\/strong> <\/h3>\n\n\n\n<iframe src=\"https:\/\/www.skaping.com\/la-baule\/plage\/video\" style=\"width: 100%; height: 400px; border: none;\" allowfullscreen=\"\"><\/iframe>\n<\/div>\n<\/div>\n\n\n\n<div class=\"wp-block-columns is-layout-flex wp-container-core-columns-is-layout-9d6595d7 wp-block-columns-is-layout-flex\">\n<div class=\"wp-block-column webcam-column is-layout-flow wp-block-column-is-layout-flow\">\n<h3 class=\"has-text-align-center wp-block-heading\">\ud83d\udd34 <strong>Webbkamera <strong><strong><strong><strong><strong><strong><strong><strong>La Baule<\/strong><\/strong><\/strong><\/strong><\/strong><\/strong><\/strong><\/strong><\/strong> Beach (Panorama)<\/h3>\n\n\n\n<iframe src=\"https:\/\/www.skaping.com\/la-baule\/plage\" style=\"width: 100%; height: 400px; border: none;\" allowfullscreen=\"\"><\/iframe>\n\n\n\n<p class=\"has-text-align-center\"><strong><sup>Med ett musklick (smartphone: byt vy helt enkelt genom att trycka p\u00e5) kan du flytta webbkameran i den riktning du vill. Genom att vrida p\u00e5 mushjulet eller zooma med fingrarna kan du zooma in p\u00e5 webbkameran. Alternativt kan du ocks\u00e5 anv\u00e4nda knapparna f\u00f6r detta \u00e4ndam\u00e5l.<\/sup><\/strong><\/p>\n\n\n\n<div class=\"wp-block-columns is-layout-flex wp-container-core-columns-is-layout-9d6595d7 wp-block-columns-is-layout-flex\">\n<div class=\"wp-block-column is-layout-flow wp-block-column-is-layout-flow\">\n<h3 class=\"has-text-align-center wp-block-heading\"><strong>\ud83d\udd34 Webbkamera <strong><strong><strong><strong><strong><strong><strong><strong><strong><strong><strong><strong>La Baule<\/strong><\/strong><\/strong><\/strong><\/strong><\/strong><\/strong><\/strong><\/strong><\/strong><\/strong><\/strong><\/strong> sydv\u00e4stra hamn<\/h3>\n\n\n\n<a name=\"windy-webcam-timelapse-player\" data-id=\"1463324065\" data-play=\"day\" href=\"https:\/\/windy.com\/webcams\/1463324065\" target=\"_blank\" rel=\"noopener\">La Baule-Escoublac &#8217; S\u00fcd-West: Harbour<\/a><script async=\"\" type=\"text\/javascript\" src=\"https:\/\/webcams.windy.com\/webcams\/public\/embed\/script\/player.js\"><\/script>\n<\/div>\n\n\n\n<div class=\"wp-block-column is-layout-flow wp-block-column-is-layout-flow\">\n<h3 class=\"has-text-align-center wp-block-heading\"><strong> \ud83d\udd34 Webbkamera <strong><strong><strong>La Baule<\/strong><\/strong><\/strong><\/strong><\/h3>\n\n\n\n<figure class=\"wp-block-embed is-type-video is-provider-youtube wp-block-embed-youtube wp-embed-aspect-16-9 wp-has-aspect-ratio\"><div class=\"wp-block-embed__wrapper\">\n<iframe loading=\"lazy\" title=\"Webcam Pornichet - La Baule - La maison R\u00e9gent &amp; Grain de Folie\" width=\"1200\" height=\"675\" src=\"https:\/\/www.youtube.com\/embed\/qHXA6mUtj2I?feature=oembed\" frameborder=\"0\" allow=\"accelerometer; autoplay; clipboard-write; encrypted-media; gyroscope; picture-in-picture\" allowfullscreen><\/iframe>\n<\/div><\/figure>\n<\/div>\n<\/div>\n<\/div>\n<\/div>\n\n\n\n<h2 class=\"wp-block-heading\" id=\"fort-mahon-today\"><strong>V\u00e4derradar <strong><strong><strong><strong><strong><strong><strong><strong><strong><strong><strong><strong><strong>La Baule<\/strong><\/strong><\/strong><\/strong><\/strong><\/strong><\/strong><\/strong><\/strong><\/strong><\/strong><\/strong><\/strong><\/strong> &#8211; <strong>V\u00e4dret i <strong><strong><strong><strong><strong><strong><strong><strong><strong><strong><strong><strong><strong>La Baule<\/strong><\/strong><\/strong><\/strong><\/strong><\/strong><\/strong><\/strong><\/strong><\/strong><\/strong><\/strong><\/strong><\/strong><\/h2>\n\n\n\n<p>V\u00e4derradar Live samlar in data om <a href=\"https:\/\/weather-radar-live.com\/sv\/storm-radar\/\"><strong>stormar<\/strong><\/a>, <strong><a href=\"https:\/\/weather-radar-live.com\/sv\/blixtradar\/\">\u00e5ska<\/a><\/strong>, <strong><a href=\"https:\/\/weather-radar-live.com\/sv\/tornado\/\">tornados<\/a><\/strong>, <strong><a href=\"https:\/\/weather-radar-live.com\/sv\/snokarta\/\">sn\u00f6<\/a><\/strong>, <strong><a href=\"https:\/\/weather-radar-live.com\/sv\/regnradar\/\">regn<\/a><\/strong>, , och <strong><a href=\"https:\/\/weather-radar-live.com\/sv\/molnradar\/\">molnt\u00e4cke<\/a><\/strong>. Du kan f\u00e5 direktinformation om v\u00e4derf\u00f6rh\u00e5llandena i La Baule. V\u00e5r live-radar \u00e4r l\u00e4tt att navigera.<\/p><div id=\"weath-3521527809\" class=\"weath-inhalt_2 weath-entity-placement\" style=\"margin-top: 15px;margin-right: 25px;margin-bottom: 35px;margin-left: 25px;\"><script async src=\"\/\/pagead2.googlesyndication.com\/pagead\/js\/adsbygoogle.js?client=ca-pub-8960936133935804\" crossorigin=\"anonymous\"><\/script><ins class=\"adsbygoogle\" style=\"display:block;\" data-ad-client=\"ca-pub-8960936133935804\" \ndata-ad-slot=\"1963584050\" \ndata-ad-format=\"auto\"><\/ins>\n<script> \n(adsbygoogle = window.adsbygoogle || []).push({}); \n<\/script>\n<\/div>\n\n\n\n<p>Har du planerat en resa till La Baule eller \u00e4r nyfiken p\u00e5 hur v\u00e4dret kommer att bli, kan du f\u00e5 exakt information h\u00e4r. Nedan finns en karta som visar La Baule. Klicka bara p\u00e5 + eller &#8211; i det \u00f6vre h\u00f6gra h\u00f6rnet f\u00f6r att navigera till den exakta platsen. Vidare kommer alla detaljer om det aktuella v\u00e4dret och v\u00e4derprognosen att visas f\u00f6r dig.<\/p>\n\n\n\n<div class=\"wp-block-columns is-layout-flex wp-container-core-columns-is-layout-9d6595d7 wp-block-columns-is-layout-flex\">\n<div class=\"wp-block-column is-layout-flow wp-block-column-is-layout-flow\" style=\"flex-basis:75%\">\n<iframe loading=\"lazy\" width=\"1300\" height=\"502\" src=\"https:\/\/embed.windy.com\/embed2.html?lat=47.388&amp;lon=-2.156&amp;detailLat=47.272&amp;detailLon=-4.065&amp;width=1300&amp;height=502&amp;zoom=8&amp;level=surface&amp;overlay=wind&amp;product=ecmwf&amp;menu=&amp;message=&amp;marker=&amp;calendar=now&amp;pressure=&amp;type=map&amp;location=coordinates&amp;detail=&amp;metricWind=default&amp;metricTemp=default&amp;radarRange=-1\" frameborder=\"0\"><\/iframe>\n<\/div>\n\n\n\n<div class=\"wp-block-column is-layout-flow wp-block-column-is-layout-flow\" style=\"flex-basis:25%\">\n<a class=\"weatherwidget-io\" href=\"https:\/\/forecast7.com\/sv\/47d29n2d39\/la-baule-escoublac\/\" data-label_1=\"LA BAULE\" data-theme=\"original\">LA BAULE<\/a>\n<script>\n!function(d,s,id){var js,fjs=d.getElementsByTagName(s)[0];if(!d.getElementById(id)){js=d.createElement(s);js.id=id;js.src='https:\/\/weatherwidget.io\/js\/widget.min.js';fjs.parentNode.insertBefore(js,fjs);}}(document,'script','weatherwidget-io-js');\n<\/script>\n<\/div>\n<\/div>\n\n\n\n<h2 class=\"wp-block-heading\" id=\"fort-mahon-weather\"><strong>Klimatet i <strong><strong><strong><strong><strong><strong><strong><strong><strong><strong><strong><strong><strong>La Baule<\/strong><\/strong><\/strong><\/strong><\/strong><\/strong><\/strong><\/strong><\/strong><\/strong><\/strong><\/strong><\/strong><\/strong><\/h2>\n\n\n\n<p>La Baule ligger l\u00e4ngs Atlantkusten, v\u00e4ster om Saint-Nazaire, vid Loireflodens mynning. Staden har ett tempererat och varmt klimat. La Baule-Escoublac har behagliga somrar och l\u00e5nga, kalla och bl\u00e5siga vintrar.<\/p>\n\n\n\n<p> Under st\u00f6rre delen av \u00e5ret \u00e4r det delvis molnigt. Betydande nederb\u00f6rd f\u00f6rekommer i La Baule-Escoublac \u00e4ven under den torraste m\u00e5naden. Omr\u00e5det f\u00e5r omkring 757 millimeter regn per \u00e5r.<\/p>\n\n\n\n<p><strong>Temperatur <\/strong><\/p>\n\n\n\n<p>Under \u00e5ret varierar temperaturen vanligtvis mellan 39\u00b0F och 74\u00b0F och \u00e4r s\u00e4llan under 29\u00b0F eller \u00f6ver 84\u00b0F.<\/p>\n\n\n\n<p><strong>Luftfuktighet <\/strong><\/p>\n\n\n\n<p>Januari har den h\u00f6gsta relativa luftfuktigheten (83,94 %). Medan juni \u00e4r den m\u00e5nad som har den l\u00e4gsta relativa luftfuktigheten, dvs. 72,41 %.<\/p>\n\n\n\n<p><strong>Nederb\u00f6rd <\/strong><\/p>\n\n\n\n<p>Det kraftiga regnet intr\u00e4ffar i november och varar i 13,20 dagar. Augusti har de minst regniga dagarna (8,03).<\/p>\n\n\n\n<p><strong>Moln <\/strong><\/p>\n\n\n\n<p>Det finns en betydande s\u00e4songsvariation i den genomsnittliga andelen av himlen som t\u00e4cks av moln i La Baule-Escoublac.<\/p>\n\n\n\n<p>I genomsnitt \u00e4r det 65 % av tiden i La Baule-Escoublac en molnfri himmel i juli.<\/p>\n\n\n\n<p>La Baule-Escoublac har det mest molniga v\u00e4dret i januari, d\u00e5 himlen \u00e4r mestadels molnig 63 % av tiden.<\/p>\n\n\n\n<p><strong>Vind <\/strong><\/p>\n\n\n\n<p>Den lokala topografin och andra faktorer p\u00e5verkar starkt vindupplevelsen p\u00e5 denna plats.<\/p>\n\n\n\n<p>I december (den bl\u00e5sigaste m\u00e5naden) \u00e4r den genomsnittliga vindhastigheten per timme 14,2 miles per timme. Den \u00e4r d\u00e4remot 10,1 mil i timmen under den lugnaste m\u00e5naden, dvs. augusti.<\/p>\n\n\n\n<h2 class=\"wp-block-heading\"><strong>La Baule Seaside Resort <\/strong><\/h2>\n\n\n\n<p>I s\u00f6dra Bretagne ligger La Baule Resort, som \u00e4r en popul\u00e4r badort f\u00f6r den franska eliten. Den h\u00e4r hundra\u00e5riga orten skapades 1879 och \u00e4r den mest k\u00e4nda orten vid Atlanten. Denna resort har f\u00f6rtrollande villor, ett kasino samt utm\u00e4rkt boende.<\/p>\n\n\n\n<p>Dessutom g\u00f6r en unik blandning av bretonsk kultur och kustkultur med en 9 km l\u00e5ng sandstrand, en yachthamn och n\u00e4rliggande saltsj\u00f6ar det till en attraktiv plats f\u00f6r turister.<\/p>\n\n\n\n<p>Varje \u00e5r upplever La Baule en dramatisk befolknings\u00f6kning under juli och augusti p\u00e5 grund av parisarna som stannar i veckor och bes\u00f6kare fr\u00e5n Nantes som kommer p\u00e5 dagsutflykter. Fr\u00e5n Paris Montparnasse station tar det cirka 3 timmar att n\u00e5 La Baule.<\/p>\n","protected":false},"excerpt":{"rendered":"<p>Webbkamera La Baule La Baule, \u00e4ven k\u00e4nd som La Baule-Escoublac, \u00e4r en kommun i departementet Loire-Atlantique som ligger p\u00e5 norra halvklotet. De dynstabiliserande sj\u00f6tallarna p\u00e5 1 000 acres (400 hektar) skyddar stranden mot vindar som bl\u00e5ser fr\u00e5n norr. Den ligger i en halvm\u00e5neformad vik p\u00e5 en \u00e5tta kilometer l\u00e5ng sandstrand i v\u00e4stra Frankrike. \ud83d\udd34 Webbkamera &#8230; <a title=\"Webbkamera La Baule\" class=\"read-more\" href=\"https:\/\/weather-radar-live.com\/sv\/webbkamera\/frankrike\/webbkamera-la-baule\/\" aria-label=\"L\u00e4s mer om Webbkamera La Baule\">L\u00e4s mer<\/a><\/p>\n","protected":false},"author":1,"featured_media":3941,"parent":4182,"menu_order":0,"comment_status":"closed","ping_status":"closed","template":"","meta":{"footnotes":""},"class_list":["post-4947","page","type-page","status-publish","has-post-thumbnail"],"yoast_head":"<!-- This site is optimized with the Yoast SEO plugin v27.5 - https:\/\/yoast.com\/product\/yoast-seo-wordpress\/ -->\n<title>Webbkamera La Baule \u2192 Titta p\u00e5 den live!<\/title>\n<meta name=\"description\" content=\"Webbkamera La Baule | Livecam fr\u00e5n La Baule! \u2705 Uppdaterad f\u00f6r dig i realtid! \u2705 Aktuell v\u00e4derprognos!\" \/>\n<meta name=\"robots\" content=\"index, follow, max-snippet:-1, max-image-preview:large, max-video-preview:-1\" \/>\n<link rel=\"canonical\" href=\"https:\/\/weather-radar-live.com\/sv\/webbkamera\/frankrike\/webbkamera-la-baule\/\" \/>\n<meta property=\"og:locale\" content=\"sv_SE\" \/>\n<meta property=\"og:type\" content=\"article\" \/>\n<meta property=\"og:title\" content=\"Webbkamera La Baule \u2192 Titta p\u00e5 den live!\" \/>\n<meta property=\"og:description\" content=\"Webbkamera La Baule | Livecam fr\u00e5n La Baule! \u2705 Uppdaterad f\u00f6r dig i realtid! \u2705 Aktuell v\u00e4derprognos!\" \/>\n<meta property=\"og:url\" content=\"https:\/\/weather-radar-live.com\/sv\/webbkamera\/frankrike\/webbkamera-la-baule\/\" \/>\n<meta property=\"og:site_name\" content=\"weather-radar-live.com\" \/>\n<meta property=\"article:modified_time\" content=\"2022-07-19T08:55:19+00:00\" \/>\n<meta property=\"og:image\" content=\"https:\/\/weather-radar-live.com\/wp-content\/uploads\/2022\/04\/Webcam-La-Baule-e1650548711664.jpg\" \/>\n\t<meta property=\"og:image:width\" content=\"1918\" \/>\n\t<meta property=\"og:image:height\" content=\"1014\" \/>\n\t<meta property=\"og:image:type\" content=\"image\/jpeg\" \/>\n<meta name=\"twitter:card\" content=\"summary_large_image\" \/>\n<meta name=\"twitter:label1\" content=\"Ber\u00e4knad l\u00e4stid\" \/>\n\t<meta name=\"twitter:data1\" content=\"3 minuter\" \/>\n<script type=\"application\/ld+json\" class=\"yoast-schema-graph\">{\"@context\":\"https:\\\/\\\/schema.org\",\"@graph\":[{\"@type\":\"WebPage\",\"@id\":\"https:\\\/\\\/weather-radar-live.com\\\/sv\\\/webbkamera\\\/frankrike\\\/webbkamera-la-baule\\\/\",\"url\":\"https:\\\/\\\/weather-radar-live.com\\\/sv\\\/webbkamera\\\/frankrike\\\/webbkamera-la-baule\\\/\",\"name\":\"Webbkamera La Baule \u2192 Titta p\u00e5 den live!\",\"isPartOf\":{\"@id\":\"https:\\\/\\\/weather-radar-live.com\\\/#website\"},\"primaryImageOfPage\":{\"@id\":\"https:\\\/\\\/weather-radar-live.com\\\/sv\\\/webbkamera\\\/frankrike\\\/webbkamera-la-baule\\\/#primaryimage\"},\"image\":{\"@id\":\"https:\\\/\\\/weather-radar-live.com\\\/sv\\\/webbkamera\\\/frankrike\\\/webbkamera-la-baule\\\/#primaryimage\"},\"thumbnailUrl\":\"https:\\\/\\\/weather-radar-live.com\\\/wp-content\\\/uploads\\\/2022\\\/04\\\/Webcam-La-Baule-e1650548711664.jpg\",\"datePublished\":\"2022-04-21T13:34:26+00:00\",\"dateModified\":\"2022-07-19T08:55:19+00:00\",\"description\":\"Webbkamera La Baule | Livecam fr\u00e5n La Baule! \u2705 Uppdaterad f\u00f6r dig i realtid! \u2705 Aktuell v\u00e4derprognos!\",\"breadcrumb\":{\"@id\":\"https:\\\/\\\/weather-radar-live.com\\\/sv\\\/webbkamera\\\/frankrike\\\/webbkamera-la-baule\\\/#breadcrumb\"},\"inLanguage\":\"sv-SE\",\"potentialAction\":[{\"@type\":\"ReadAction\",\"target\":[\"https:\\\/\\\/weather-radar-live.com\\\/sv\\\/webbkamera\\\/frankrike\\\/webbkamera-la-baule\\\/\"]}]},{\"@type\":\"ImageObject\",\"inLanguage\":\"sv-SE\",\"@id\":\"https:\\\/\\\/weather-radar-live.com\\\/sv\\\/webbkamera\\\/frankrike\\\/webbkamera-la-baule\\\/#primaryimage\",\"url\":\"https:\\\/\\\/weather-radar-live.com\\\/wp-content\\\/uploads\\\/2022\\\/04\\\/Webcam-La-Baule-e1650548711664.jpg\",\"contentUrl\":\"https:\\\/\\\/weather-radar-live.com\\\/wp-content\\\/uploads\\\/2022\\\/04\\\/Webcam-La-Baule-e1650548711664.jpg\",\"width\":1918,\"height\":1014,\"caption\":\"Webcam La Baule\"},{\"@type\":\"BreadcrumbList\",\"@id\":\"https:\\\/\\\/weather-radar-live.com\\\/sv\\\/webbkamera\\\/frankrike\\\/webbkamera-la-baule\\\/#breadcrumb\",\"itemListElement\":[{\"@type\":\"ListItem\",\"position\":1,\"name\":\"Weather Radar Live\",\"item\":\"https:\\\/\\\/weather-radar-live.com\\\/sv\\\/\"},{\"@type\":\"ListItem\",\"position\":2,\"name\":\"Webbkamera\",\"item\":\"https:\\\/\\\/weather-radar-live.com\\\/sv\\\/webbkamera\\\/\"},{\"@type\":\"ListItem\",\"position\":3,\"name\":\"Frankrike\",\"item\":\"https:\\\/\\\/weather-radar-live.com\\\/sv\\\/webbkamera\\\/frankrike\\\/\"},{\"@type\":\"ListItem\",\"position\":4,\"name\":\"Webbkamera La Baule\"}]},{\"@type\":\"WebSite\",\"@id\":\"https:\\\/\\\/weather-radar-live.com\\\/#website\",\"url\":\"https:\\\/\\\/weather-radar-live.com\\\/\",\"name\":\"weather-radar-live.com\",\"description\":\"Your weather and sky radar.\",\"publisher\":{\"@id\":\"https:\\\/\\\/weather-radar-live.com\\\/#organization\"},\"potentialAction\":[{\"@type\":\"SearchAction\",\"target\":{\"@type\":\"EntryPoint\",\"urlTemplate\":\"https:\\\/\\\/weather-radar-live.com\\\/?s={search_term_string}\"},\"query-input\":{\"@type\":\"PropertyValueSpecification\",\"valueRequired\":true,\"valueName\":\"search_term_string\"}}],\"inLanguage\":\"sv-SE\"},{\"@type\":\"Organization\",\"@id\":\"https:\\\/\\\/weather-radar-live.com\\\/#organization\",\"name\":\"weather-radar-live.com\",\"url\":\"https:\\\/\\\/weather-radar-live.com\\\/\",\"logo\":{\"@type\":\"ImageObject\",\"inLanguage\":\"sv-SE\",\"@id\":\"https:\\\/\\\/weather-radar-live.com\\\/#\\\/schema\\\/logo\\\/image\\\/\",\"url\":\"https:\\\/\\\/weather-radar-live.com\\\/wp-content\\\/uploads\\\/2022\\\/03\\\/cropped-WRL2503.png\",\"contentUrl\":\"https:\\\/\\\/weather-radar-live.com\\\/wp-content\\\/uploads\\\/2022\\\/03\\\/cropped-WRL2503.png\",\"width\":1920,\"height\":555,\"caption\":\"weather-radar-live.com\"},\"image\":{\"@id\":\"https:\\\/\\\/weather-radar-live.com\\\/#\\\/schema\\\/logo\\\/image\\\/\"}}]}<\/script>\n<!-- \/ Yoast SEO plugin. -->","yoast_head_json":{"title":"Webbkamera La Baule \u2192 Titta p\u00e5 den live!","description":"Webbkamera La Baule | Livecam fr\u00e5n La Baule! \u2705 Uppdaterad f\u00f6r dig i realtid! \u2705 Aktuell v\u00e4derprognos!","robots":{"index":"index","follow":"follow","max-snippet":"max-snippet:-1","max-image-preview":"max-image-preview:large","max-video-preview":"max-video-preview:-1"},"canonical":"https:\/\/weather-radar-live.com\/sv\/webbkamera\/frankrike\/webbkamera-la-baule\/","og_locale":"sv_SE","og_type":"article","og_title":"Webbkamera La Baule \u2192 Titta p\u00e5 den live!","og_description":"Webbkamera La Baule | Livecam fr\u00e5n La Baule! \u2705 Uppdaterad f\u00f6r dig i realtid! \u2705 Aktuell v\u00e4derprognos!","og_url":"https:\/\/weather-radar-live.com\/sv\/webbkamera\/frankrike\/webbkamera-la-baule\/","og_site_name":"weather-radar-live.com","article_modified_time":"2022-07-19T08:55:19+00:00","og_image":[{"width":1918,"height":1014,"url":"https:\/\/weather-radar-live.com\/wp-content\/uploads\/2022\/04\/Webcam-La-Baule-e1650548711664.jpg","type":"image\/jpeg"}],"twitter_card":"summary_large_image","twitter_misc":{"Ber\u00e4knad l\u00e4stid":"3 minuter"},"schema":{"@context":"https:\/\/schema.org","@graph":[{"@type":"WebPage","@id":"https:\/\/weather-radar-live.com\/sv\/webbkamera\/frankrike\/webbkamera-la-baule\/","url":"https:\/\/weather-radar-live.com\/sv\/webbkamera\/frankrike\/webbkamera-la-baule\/","name":"Webbkamera La Baule \u2192 Titta p\u00e5 den live!","isPartOf":{"@id":"https:\/\/weather-radar-live.com\/#website"},"primaryImageOfPage":{"@id":"https:\/\/weather-radar-live.com\/sv\/webbkamera\/frankrike\/webbkamera-la-baule\/#primaryimage"},"image":{"@id":"https:\/\/weather-radar-live.com\/sv\/webbkamera\/frankrike\/webbkamera-la-baule\/#primaryimage"},"thumbnailUrl":"https:\/\/weather-radar-live.com\/wp-content\/uploads\/2022\/04\/Webcam-La-Baule-e1650548711664.jpg","datePublished":"2022-04-21T13:34:26+00:00","dateModified":"2022-07-19T08:55:19+00:00","description":"Webbkamera La Baule | Livecam fr\u00e5n La Baule! \u2705 Uppdaterad f\u00f6r dig i realtid! \u2705 Aktuell v\u00e4derprognos!","breadcrumb":{"@id":"https:\/\/weather-radar-live.com\/sv\/webbkamera\/frankrike\/webbkamera-la-baule\/#breadcrumb"},"inLanguage":"sv-SE","potentialAction":[{"@type":"ReadAction","target":["https:\/\/weather-radar-live.com\/sv\/webbkamera\/frankrike\/webbkamera-la-baule\/"]}]},{"@type":"ImageObject","inLanguage":"sv-SE","@id":"https:\/\/weather-radar-live.com\/sv\/webbkamera\/frankrike\/webbkamera-la-baule\/#primaryimage","url":"https:\/\/weather-radar-live.com\/wp-content\/uploads\/2022\/04\/Webcam-La-Baule-e1650548711664.jpg","contentUrl":"https:\/\/weather-radar-live.com\/wp-content\/uploads\/2022\/04\/Webcam-La-Baule-e1650548711664.jpg","width":1918,"height":1014,"caption":"Webcam La Baule"},{"@type":"BreadcrumbList","@id":"https:\/\/weather-radar-live.com\/sv\/webbkamera\/frankrike\/webbkamera-la-baule\/#breadcrumb","itemListElement":[{"@type":"ListItem","position":1,"name":"Weather Radar Live","item":"https:\/\/weather-radar-live.com\/sv\/"},{"@type":"ListItem","position":2,"name":"Webbkamera","item":"https:\/\/weather-radar-live.com\/sv\/webbkamera\/"},{"@type":"ListItem","position":3,"name":"Frankrike","item":"https:\/\/weather-radar-live.com\/sv\/webbkamera\/frankrike\/"},{"@type":"ListItem","position":4,"name":"Webbkamera La Baule"}]},{"@type":"WebSite","@id":"https:\/\/weather-radar-live.com\/#website","url":"https:\/\/weather-radar-live.com\/","name":"weather-radar-live.com","description":"Your weather and sky radar.","publisher":{"@id":"https:\/\/weather-radar-live.com\/#organization"},"potentialAction":[{"@type":"SearchAction","target":{"@type":"EntryPoint","urlTemplate":"https:\/\/weather-radar-live.com\/?s={search_term_string}"},"query-input":{"@type":"PropertyValueSpecification","valueRequired":true,"valueName":"search_term_string"}}],"inLanguage":"sv-SE"},{"@type":"Organization","@id":"https:\/\/weather-radar-live.com\/#organization","name":"weather-radar-live.com","url":"https:\/\/weather-radar-live.com\/","logo":{"@type":"ImageObject","inLanguage":"sv-SE","@id":"https:\/\/weather-radar-live.com\/#\/schema\/logo\/image\/","url":"https:\/\/weather-radar-live.com\/wp-content\/uploads\/2022\/03\/cropped-WRL2503.png","contentUrl":"https:\/\/weather-radar-live.com\/wp-content\/uploads\/2022\/03\/cropped-WRL2503.png","width":1920,"height":555,"caption":"weather-radar-live.com"},"image":{"@id":"https:\/\/weather-radar-live.com\/#\/schema\/logo\/image\/"}}]}},"_links":{"self":[{"href":"https:\/\/weather-radar-live.com\/sv\/wp-json\/wp\/v2\/pages\/4947","targetHints":{"allow":["GET"]}}],"collection":[{"href":"https:\/\/weather-radar-live.com\/sv\/wp-json\/wp\/v2\/pages"}],"about":[{"href":"https:\/\/weather-radar-live.com\/sv\/wp-json\/wp\/v2\/types\/page"}],"author":[{"embeddable":true,"href":"https:\/\/weather-radar-live.com\/sv\/wp-json\/wp\/v2\/users\/1"}],"replies":[{"embeddable":true,"href":"https:\/\/weather-radar-live.com\/sv\/wp-json\/wp\/v2\/comments?post=4947"}],"version-history":[{"count":1,"href":"https:\/\/weather-radar-live.com\/sv\/wp-json\/wp\/v2\/pages\/4947\/revisions"}],"predecessor-version":[{"id":4973,"href":"https:\/\/weather-radar-live.com\/sv\/wp-json\/wp\/v2\/pages\/4947\/revisions\/4973"}],"up":[{"embeddable":true,"href":"https:\/\/weather-radar-live.com\/sv\/wp-json\/wp\/v2\/pages\/4182"}],"wp:featuredmedia":[{"embeddable":true,"href":"https:\/\/weather-radar-live.com\/sv\/wp-json\/wp\/v2\/media\/3941"}],"wp:attachment":[{"href":"https:\/\/weather-radar-live.com\/sv\/wp-json\/wp\/v2\/media?parent=4947"}],"curies":[{"name":"wp","href":"https:\/\/api.w.org\/{rel}","templated":true}]}}