{"id":4779,"date":"2022-07-18T19:01:55","date_gmt":"2022-07-18T17:01:55","guid":{"rendered":"https:\/\/weather-radar-live.com\/?page_id=4779"},"modified":"2022-07-19T07:37:46","modified_gmt":"2022-07-19T05:37:46","slug":"webbkamera-rodiles","status":"publish","type":"page","link":"https:\/\/weather-radar-live.com\/sv\/webbkamera\/spanien\/webbkamera-rodiles\/","title":{"rendered":"Webbkamera Rodiles"},"content":{"rendered":"<div id=\"weath-735893161\" class=\"weath-vor-dem-inhalt weath-entity-placement\" style=\"margin-top: 15px;margin-right: 25px;margin-bottom: 40px;margin-left: 25px;\"><script async src=\"\/\/pagead2.googlesyndication.com\/pagead\/js\/adsbygoogle.js?client=ca-pub-8960936133935804\" crossorigin=\"anonymous\"><\/script><ins class=\"adsbygoogle\" style=\"display:block;\" data-ad-client=\"ca-pub-8960936133935804\" \ndata-ad-slot=\"6172817020\" \ndata-ad-format=\"auto\"><\/ins>\n<script> \n(adsbygoogle = window.adsbygoogle || []).push({}); \n<\/script>\n<\/div>\n<div class=\"wp-block-cover alignfull is-light\"><span aria-hidden=\"true\" class=\"wp-block-cover__gradient-background has-background-dim\"><\/span><img decoding=\"async\" class=\"wp-block-cover__image-background wp-image-342\" alt=\"Webbkamera Rodiles\" src=\"https:\/\/weather-radar-live.com\/wp-content\/uploads\/2021\/06\/sam-schooler-E9aetBe2w40-unsplash-e1622554814366.jpg\" data-object-fit=\"cover\"\/><div class=\"wp-block-cover__inner-container is-layout-flow wp-block-cover-is-layout-flow\">\n<h2 class=\"has-text-align-center heading wp-block-heading\" id=\"webcam-fort-mahon\" style=\"font-size:40px\"><strong><mark style=\"background-color:rgba(0, 0, 0, 0)\" class=\"has-inline-color has-base-3-color\">WEBBKAMERA <\/mark><\/strong><br><strong><mark style=\"background-color:rgba(0, 0, 0, 0)\" class=\"has-inline-color has-base-3-color\">RODILES<\/mark><\/strong><\/h2>\n<\/div><\/div>\n\n\n<div class=\"yoast-breadcrumbs\"><span><span><a href=\"https:\/\/weather-radar-live.com\/sv\/\">Weather Radar Live<\/a><\/span> \u00bb <span><a href=\"https:\/\/weather-radar-live.com\/sv\/webbkamera\/\">Webbkamera<\/a><\/span> \u00bb <span><a href=\"https:\/\/weather-radar-live.com\/sv\/webbkamera\/spanien\/\">Spanien<\/a><\/span> \u00bb <span class=\"breadcrumb_last\" aria-current=\"page\"><strong>Webbkamera Rodiles<\/strong><\/span><\/span><\/div>\n\n\n<h2 class=\"has-text-align-center wp-block-heading\" id=\"webcam-fort-mahon\"><strong>Webbkamera Rodiles<\/strong><\/h2>\n\n\n\n<p>Den spanska sandstranden Playa de Rodiles \u00e4r ett popul\u00e4rt resm\u00e5l bland turister i norra Spanien i regionen Asturien. Den ligger vid Atlantkusten och varje \u00e5r gl\u00e4der den m\u00e5nga semesterfirare som njuter av sin vistelse mellan strandpromenader, solbadning och vattensporter. Med v\u00e5r webbkamera Rodiles kan du alltid ta en titt p\u00e5 det behagliga v\u00e4dret och det vackra landskapet p\u00e5 denna lugna kust och bli inspirerad inf\u00f6r din n\u00e4sta semester.<\/p>\n\n\n\n<p>Stranden, som \u00e4r ungef\u00e4r en kilometer l\u00e5ng, har en stadig och p\u00e5litlig svallv\u00e5g som g\u00f6r den till en av de mest popul\u00e4ra destinationerna i Spanien n\u00e4r det g\u00e4ller vattensporter, s\u00e4rskilt bland surfare. Stranden, som \u00e4r v\u00e4lutvecklad f\u00f6r turism, har en picknickplats, restauranger, toaletter och en r\u00e4ddningsstyrka med en f\u00f6rsta hj\u00e4lpen-station fr\u00e5n R\u00f6da korset, och erbjuder allt som \u00e4r viktigt f\u00f6r en lyckad och s\u00e4ker semester. F\u00f6rutom m\u00e5nga andra f\u00f6rstklassiga str\u00e4nder finns staden Villaviciosa med 14000 inv\u00e5nare i n\u00e4rheten. Storstaden Gij\u00f3n ligger lite l\u00e4ngre v\u00e4sterut och inbjuder till dagsutflykter. Omgivningen pr\u00e4glas av skogar, jordbruk och sm\u00e5 byar samt floden Villaviciosa.<\/p><div id=\"weath-3192666642\" class=\"weath-inhalt_2 weath-entity-placement\" style=\"margin-top: 15px;margin-right: 25px;margin-bottom: 35px;margin-left: 25px;\"><script async src=\"\/\/pagead2.googlesyndication.com\/pagead\/js\/adsbygoogle.js?client=ca-pub-8960936133935804\" crossorigin=\"anonymous\"><\/script><ins class=\"adsbygoogle\" style=\"display:block;\" data-ad-client=\"ca-pub-8960936133935804\" \ndata-ad-slot=\"1963584050\" \ndata-ad-format=\"auto\"><\/ins>\n<script> \n(adsbygoogle = window.adsbygoogle || []).push({}); \n<\/script>\n<\/div>\n\n\n\n<div class=\"wp-block-columns is-layout-flex wp-container-core-columns-is-layout-9d6595d7 wp-block-columns-is-layout-flex\">\n<div class=\"wp-block-column webcam-column is-layout-flow wp-block-column-is-layout-flow\">\n<h3 class=\"has-text-align-center live-emoji wp-block-heading\">\ud83d\udd34 <strong>Webbkamera Rodiles<\/strong> Beach<\/h3>\n\n\n\n<a name=\"windy-webcam-timelapse-player\" data-id=\"1625318607\" data-play=\"day\" href=\"https:\/\/windy.com\/webcams\/1625318607\" target=\"_blank\" rel=\"noopener\">Villaviciosa: Playa de Rodiles<\/a><script async=\"\" type=\"text\/javascript\" src=\"https:\/\/webcams.windy.com\/webcams\/public\/embed\/script\/player.js\"><\/script>\n<\/div>\n<\/div>\n\n\n\n<h2 class=\"wp-block-heading\" id=\"fort-mahon-today\"><strong>V\u00e4derradar Rodiles &#8211; V\u00e4dret i Rodiles<\/strong><\/h2>\n\n\n\n<p>Vill du ta en titt p\u00e5 v\u00e4dret som du hittar i Rodiles, s\u00e5 erbjuder vi dig f\u00f6rutom webbkameran Rodiles \u00e4ven en v\u00e4derradar som alltid h\u00e5ller dig uppdaterad om alla viktiga v\u00e4derh\u00e4ndelser. P\u00e5 s\u00e5 s\u00e4tt kan du f\u00f6rutse kommande regn och ov\u00e4der i f\u00f6rv\u00e4g och planera din semester perfekt. V\u00e4derradaren visar vindstyrka, regn och \u00e5ska med f\u00e4rgade symboler och \u00e4r intuitivt begriplig. Ju m\u00f6rkare och bl\u00e5are ett regnomr\u00e5de \u00e4r, desto kraftigare \u00e4r nederb\u00f6rden. Vindstyrka och vindriktning anges med pilsymboler.<\/p>\n\n\n\n<div class=\"wp-block-columns is-layout-flex wp-container-core-columns-is-layout-9d6595d7 wp-block-columns-is-layout-flex\">\n<div class=\"wp-block-column is-layout-flow wp-block-column-is-layout-flow\" style=\"flex-basis:75%\">\n<iframe loading=\"lazy\" width=\"1300\" height=\"502\" src=\"https:\/\/embed.windy.com\/embed2.html?lat=43.533&amp;lon=-5.394&amp;detailLat=43.533&amp;detailLon=-5.394&amp;width=1300&amp;height=502&amp;zoom=11&amp;level=surface&amp;overlay=rain&amp;product=ecmwf&amp;menu=&amp;message=&amp;marker=&amp;calendar=now&amp;pressure=&amp;type=map&amp;location=coordinates&amp;detail=&amp;metricWind=default&amp;metricTemp=default&amp;radarRange=-1\" frameborder=\"0\"><\/iframe>\n<\/div>\n\n\n\n<div class=\"wp-block-column is-layout-flow wp-block-column-is-layout-flow\" style=\"flex-basis:25%\">\n<a class=\"weatherwidget-io\" href=\"https:\/\/forecast7.com\/sv\/43d50n5d85\/rodiles\/\" data-label_1=\"RODILES\" data-theme=\"original\">RODILES<\/a>\n<script>\n!function(d,s,id){var js,fjs=d.getElementsByTagName(s)[0];if(!d.getElementById(id)){js=d.createElement(s);js.id=id;js.src='https:\/\/weatherwidget.io\/js\/widget.min.js';fjs.parentNode.insertBefore(js,fjs);}}(document,'script','weatherwidget-io-js');\n<\/script>\n<\/div>\n<\/div>\n\n\n\n<h2 class=\"wp-block-heading\" id=\"fort-mahon-weather\"><strong>Klimatet i Rodiles<\/strong><\/h2>\n\n\n\n<p>Klimatet i Rodiles Beach \u00e4r ett maritimt klimat som p\u00e5verkas av Atlanten, med milda vintrar och somrar. Somrarna blir varma med en medeltemperatur p\u00e5 22 grader p\u00e5 dagen och 10 grader p\u00e5 natten, och \u00e4r torra fr\u00e5n juli till september, medan termometern under vinterm\u00e5naderna sjunker till i genomsnitt 11 grader p\u00e5 dagen och 3 grader p\u00e5 natten, och regn kan f\u00f6rv\u00e4ntas oftare. Sn\u00f6fall eller frost \u00e4r s\u00e4llsynt, men kan f\u00f6rekomma. P\u00e5 sommaren kan du r\u00e4kna med 9 till 11 soltimmar per dag. Surfare b\u00f6r ocks\u00e5 ta en titt p\u00e5 vindstyrkan. \u00c4ven om det f\u00f6r det mesta bara bl\u00e5ser en svag vind kan tillf\u00e4lliga byar r\u00f6ra upp v\u00e5gorna och g\u00f6ra havet f\u00f6r os\u00e4kert f\u00f6r att surfa.<\/p>\n\n\n\n<h2 class=\"wp-block-heading\"><strong>Sev\u00e4rdheter i Rodiles<\/strong> <\/h2>\n\n\n\n<p>Den st\u00f6rsta attraktionen vid Playa de Rodiles \u00e4r Atlanten med sina p\u00e5litliga h\u00f6gkvalitativa svallv\u00e5gor. Stranden \u00e4r en av de fyra b\u00e4sta surfstr\u00e4nderna i Europa och lockar m\u00e5nga vattensportsentusiaster varje \u00e5r. I omgivningarna finns det m\u00e5nga vandringsleder, badstr\u00e4nder och m\u00f6jlighet till b\u00e5tturer och djuphavsfiske. Den stora hamnstaden Gij\u00f3n lockar bes\u00f6kare med m\u00e5nga attraktioner som museer, uts\u00f6kt gastronomi och den arkitektoniskt imponerande Universidad Laboral de Gij\u00f3n.<\/p>\n","protected":false},"excerpt":{"rendered":"<p>Webbkamera Rodiles Den spanska sandstranden Playa de Rodiles \u00e4r ett popul\u00e4rt resm\u00e5l bland turister i norra Spanien i regionen Asturien. Den ligger vid Atlantkusten och varje \u00e5r gl\u00e4der den m\u00e5nga semesterfirare som njuter av sin vistelse mellan strandpromenader, solbadning och vattensporter. Med v\u00e5r webbkamera Rodiles kan du alltid ta en titt p\u00e5 det behagliga v\u00e4dret &#8230; <a title=\"Webbkamera Rodiles\" class=\"read-more\" href=\"https:\/\/weather-radar-live.com\/sv\/webbkamera\/spanien\/webbkamera-rodiles\/\" aria-label=\"L\u00e4s mer om Webbkamera Rodiles\">L\u00e4s mer<\/a><\/p>\n","protected":false},"author":1,"featured_media":4453,"parent":4353,"menu_order":0,"comment_status":"closed","ping_status":"closed","template":"","meta":{"footnotes":""},"class_list":["post-4779","page","type-page","status-publish","has-post-thumbnail"],"yoast_head":"<!-- This site is optimized with the Yoast SEO plugin v27.5 - https:\/\/yoast.com\/product\/yoast-seo-wordpress\/ -->\n<title>Webbkamera Rodiles \u2192 Se det live!<\/title>\n<meta name=\"description\" content=\"Webbkamera Rodiles | Livekamera fr\u00e5n Rodiles! \u2705 Uppdaterad f\u00f6r dig i realtid! \u2705 Aktuell v\u00e4derprognos!\" \/>\n<meta name=\"robots\" content=\"index, follow, max-snippet:-1, max-image-preview:large, max-video-preview:-1\" \/>\n<link rel=\"canonical\" href=\"https:\/\/weather-radar-live.com\/sv\/webbkamera\/spanien\/webbkamera-rodiles\/\" \/>\n<meta property=\"og:locale\" content=\"sv_SE\" \/>\n<meta property=\"og:type\" content=\"article\" \/>\n<meta property=\"og:title\" content=\"Webbkamera Rodiles \u2192 Se det live!\" \/>\n<meta property=\"og:description\" content=\"Webbkamera Rodiles | Livekamera fr\u00e5n Rodiles! \u2705 Uppdaterad f\u00f6r dig i realtid! \u2705 Aktuell v\u00e4derprognos!\" \/>\n<meta property=\"og:url\" content=\"https:\/\/weather-radar-live.com\/sv\/webbkamera\/spanien\/webbkamera-rodiles\/\" \/>\n<meta property=\"og:site_name\" content=\"weather-radar-live.com\" \/>\n<meta property=\"article:modified_time\" content=\"2022-07-19T05:37:46+00:00\" \/>\n<meta property=\"og:image\" content=\"https:\/\/weather-radar-live.com\/wp-content\/uploads\/2021\/06\/sam-schooler-E9aetBe2w40-unsplash-e1622554814366.jpg\" \/>\n<meta name=\"twitter:card\" content=\"summary_large_image\" \/>\n<meta name=\"twitter:label1\" content=\"Ber\u00e4knad l\u00e4stid\" \/>\n\t<meta name=\"twitter:data1\" content=\"3 minuter\" \/>\n<script type=\"application\/ld+json\" class=\"yoast-schema-graph\">{\"@context\":\"https:\\\/\\\/schema.org\",\"@graph\":[{\"@type\":\"WebPage\",\"@id\":\"https:\\\/\\\/weather-radar-live.com\\\/sv\\\/webbkamera\\\/spanien\\\/webbkamera-rodiles\\\/\",\"url\":\"https:\\\/\\\/weather-radar-live.com\\\/sv\\\/webbkamera\\\/spanien\\\/webbkamera-rodiles\\\/\",\"name\":\"Webbkamera Rodiles \u2192 Se det live!\",\"isPartOf\":{\"@id\":\"https:\\\/\\\/weather-radar-live.com\\\/#website\"},\"primaryImageOfPage\":{\"@id\":\"https:\\\/\\\/weather-radar-live.com\\\/sv\\\/webbkamera\\\/spanien\\\/webbkamera-rodiles\\\/#primaryimage\"},\"image\":{\"@id\":\"https:\\\/\\\/weather-radar-live.com\\\/sv\\\/webbkamera\\\/spanien\\\/webbkamera-rodiles\\\/#primaryimage\"},\"thumbnailUrl\":\"https:\\\/\\\/weather-radar-live.com\\\/wp-content\\\/uploads\\\/2022\\\/07\\\/Webcam-Rodiles-e1658226928651.jpg\",\"datePublished\":\"2022-07-18T17:01:55+00:00\",\"dateModified\":\"2022-07-19T05:37:46+00:00\",\"description\":\"Webbkamera Rodiles | Livekamera fr\u00e5n Rodiles! \u2705 Uppdaterad f\u00f6r dig i realtid! \u2705 Aktuell v\u00e4derprognos!\",\"breadcrumb\":{\"@id\":\"https:\\\/\\\/weather-radar-live.com\\\/sv\\\/webbkamera\\\/spanien\\\/webbkamera-rodiles\\\/#breadcrumb\"},\"inLanguage\":\"sv-SE\",\"potentialAction\":[{\"@type\":\"ReadAction\",\"target\":[\"https:\\\/\\\/weather-radar-live.com\\\/sv\\\/webbkamera\\\/spanien\\\/webbkamera-rodiles\\\/\"]}]},{\"@type\":\"ImageObject\",\"inLanguage\":\"sv-SE\",\"@id\":\"https:\\\/\\\/weather-radar-live.com\\\/sv\\\/webbkamera\\\/spanien\\\/webbkamera-rodiles\\\/#primaryimage\",\"url\":\"https:\\\/\\\/weather-radar-live.com\\\/wp-content\\\/uploads\\\/2022\\\/07\\\/Webcam-Rodiles-e1658226928651.jpg\",\"contentUrl\":\"https:\\\/\\\/weather-radar-live.com\\\/wp-content\\\/uploads\\\/2022\\\/07\\\/Webcam-Rodiles-e1658226928651.jpg\",\"width\":1749,\"height\":948,\"caption\":\"Webcam Rodiles\"},{\"@type\":\"BreadcrumbList\",\"@id\":\"https:\\\/\\\/weather-radar-live.com\\\/sv\\\/webbkamera\\\/spanien\\\/webbkamera-rodiles\\\/#breadcrumb\",\"itemListElement\":[{\"@type\":\"ListItem\",\"position\":1,\"name\":\"Weather Radar Live\",\"item\":\"https:\\\/\\\/weather-radar-live.com\\\/sv\\\/\"},{\"@type\":\"ListItem\",\"position\":2,\"name\":\"Webbkamera\",\"item\":\"https:\\\/\\\/weather-radar-live.com\\\/sv\\\/webbkamera\\\/\"},{\"@type\":\"ListItem\",\"position\":3,\"name\":\"Spanien\",\"item\":\"https:\\\/\\\/weather-radar-live.com\\\/sv\\\/webbkamera\\\/spanien\\\/\"},{\"@type\":\"ListItem\",\"position\":4,\"name\":\"Webbkamera Rodiles\"}]},{\"@type\":\"WebSite\",\"@id\":\"https:\\\/\\\/weather-radar-live.com\\\/#website\",\"url\":\"https:\\\/\\\/weather-radar-live.com\\\/\",\"name\":\"weather-radar-live.com\",\"description\":\"Your weather and sky radar.\",\"publisher\":{\"@id\":\"https:\\\/\\\/weather-radar-live.com\\\/#organization\"},\"potentialAction\":[{\"@type\":\"SearchAction\",\"target\":{\"@type\":\"EntryPoint\",\"urlTemplate\":\"https:\\\/\\\/weather-radar-live.com\\\/?s={search_term_string}\"},\"query-input\":{\"@type\":\"PropertyValueSpecification\",\"valueRequired\":true,\"valueName\":\"search_term_string\"}}],\"inLanguage\":\"sv-SE\"},{\"@type\":\"Organization\",\"@id\":\"https:\\\/\\\/weather-radar-live.com\\\/#organization\",\"name\":\"weather-radar-live.com\",\"url\":\"https:\\\/\\\/weather-radar-live.com\\\/\",\"logo\":{\"@type\":\"ImageObject\",\"inLanguage\":\"sv-SE\",\"@id\":\"https:\\\/\\\/weather-radar-live.com\\\/#\\\/schema\\\/logo\\\/image\\\/\",\"url\":\"https:\\\/\\\/weather-radar-live.com\\\/wp-content\\\/uploads\\\/2022\\\/03\\\/cropped-WRL2503.png\",\"contentUrl\":\"https:\\\/\\\/weather-radar-live.com\\\/wp-content\\\/uploads\\\/2022\\\/03\\\/cropped-WRL2503.png\",\"width\":1920,\"height\":555,\"caption\":\"weather-radar-live.com\"},\"image\":{\"@id\":\"https:\\\/\\\/weather-radar-live.com\\\/#\\\/schema\\\/logo\\\/image\\\/\"}}]}<\/script>\n<!-- \/ Yoast SEO plugin. -->","yoast_head_json":{"title":"Webbkamera Rodiles \u2192 Se det live!","description":"Webbkamera Rodiles | Livekamera fr\u00e5n Rodiles! \u2705 Uppdaterad f\u00f6r dig i realtid! \u2705 Aktuell v\u00e4derprognos!","robots":{"index":"index","follow":"follow","max-snippet":"max-snippet:-1","max-image-preview":"max-image-preview:large","max-video-preview":"max-video-preview:-1"},"canonical":"https:\/\/weather-radar-live.com\/sv\/webbkamera\/spanien\/webbkamera-rodiles\/","og_locale":"sv_SE","og_type":"article","og_title":"Webbkamera Rodiles \u2192 Se det live!","og_description":"Webbkamera Rodiles | Livekamera fr\u00e5n Rodiles! \u2705 Uppdaterad f\u00f6r dig i realtid! \u2705 Aktuell v\u00e4derprognos!","og_url":"https:\/\/weather-radar-live.com\/sv\/webbkamera\/spanien\/webbkamera-rodiles\/","og_site_name":"weather-radar-live.com","article_modified_time":"2022-07-19T05:37:46+00:00","og_image":[{"url":"https:\/\/weather-radar-live.com\/wp-content\/uploads\/2021\/06\/sam-schooler-E9aetBe2w40-unsplash-e1622554814366.jpg","type":"","width":"","height":""}],"twitter_card":"summary_large_image","twitter_misc":{"Ber\u00e4knad l\u00e4stid":"3 minuter"},"schema":{"@context":"https:\/\/schema.org","@graph":[{"@type":"WebPage","@id":"https:\/\/weather-radar-live.com\/sv\/webbkamera\/spanien\/webbkamera-rodiles\/","url":"https:\/\/weather-radar-live.com\/sv\/webbkamera\/spanien\/webbkamera-rodiles\/","name":"Webbkamera Rodiles \u2192 Se det live!","isPartOf":{"@id":"https:\/\/weather-radar-live.com\/#website"},"primaryImageOfPage":{"@id":"https:\/\/weather-radar-live.com\/sv\/webbkamera\/spanien\/webbkamera-rodiles\/#primaryimage"},"image":{"@id":"https:\/\/weather-radar-live.com\/sv\/webbkamera\/spanien\/webbkamera-rodiles\/#primaryimage"},"thumbnailUrl":"https:\/\/weather-radar-live.com\/wp-content\/uploads\/2022\/07\/Webcam-Rodiles-e1658226928651.jpg","datePublished":"2022-07-18T17:01:55+00:00","dateModified":"2022-07-19T05:37:46+00:00","description":"Webbkamera Rodiles | Livekamera fr\u00e5n Rodiles! \u2705 Uppdaterad f\u00f6r dig i realtid! \u2705 Aktuell v\u00e4derprognos!","breadcrumb":{"@id":"https:\/\/weather-radar-live.com\/sv\/webbkamera\/spanien\/webbkamera-rodiles\/#breadcrumb"},"inLanguage":"sv-SE","potentialAction":[{"@type":"ReadAction","target":["https:\/\/weather-radar-live.com\/sv\/webbkamera\/spanien\/webbkamera-rodiles\/"]}]},{"@type":"ImageObject","inLanguage":"sv-SE","@id":"https:\/\/weather-radar-live.com\/sv\/webbkamera\/spanien\/webbkamera-rodiles\/#primaryimage","url":"https:\/\/weather-radar-live.com\/wp-content\/uploads\/2022\/07\/Webcam-Rodiles-e1658226928651.jpg","contentUrl":"https:\/\/weather-radar-live.com\/wp-content\/uploads\/2022\/07\/Webcam-Rodiles-e1658226928651.jpg","width":1749,"height":948,"caption":"Webcam Rodiles"},{"@type":"BreadcrumbList","@id":"https:\/\/weather-radar-live.com\/sv\/webbkamera\/spanien\/webbkamera-rodiles\/#breadcrumb","itemListElement":[{"@type":"ListItem","position":1,"name":"Weather Radar Live","item":"https:\/\/weather-radar-live.com\/sv\/"},{"@type":"ListItem","position":2,"name":"Webbkamera","item":"https:\/\/weather-radar-live.com\/sv\/webbkamera\/"},{"@type":"ListItem","position":3,"name":"Spanien","item":"https:\/\/weather-radar-live.com\/sv\/webbkamera\/spanien\/"},{"@type":"ListItem","position":4,"name":"Webbkamera Rodiles"}]},{"@type":"WebSite","@id":"https:\/\/weather-radar-live.com\/#website","url":"https:\/\/weather-radar-live.com\/","name":"weather-radar-live.com","description":"Your weather and sky radar.","publisher":{"@id":"https:\/\/weather-radar-live.com\/#organization"},"potentialAction":[{"@type":"SearchAction","target":{"@type":"EntryPoint","urlTemplate":"https:\/\/weather-radar-live.com\/?s={search_term_string}"},"query-input":{"@type":"PropertyValueSpecification","valueRequired":true,"valueName":"search_term_string"}}],"inLanguage":"sv-SE"},{"@type":"Organization","@id":"https:\/\/weather-radar-live.com\/#organization","name":"weather-radar-live.com","url":"https:\/\/weather-radar-live.com\/","logo":{"@type":"ImageObject","inLanguage":"sv-SE","@id":"https:\/\/weather-radar-live.com\/#\/schema\/logo\/image\/","url":"https:\/\/weather-radar-live.com\/wp-content\/uploads\/2022\/03\/cropped-WRL2503.png","contentUrl":"https:\/\/weather-radar-live.com\/wp-content\/uploads\/2022\/03\/cropped-WRL2503.png","width":1920,"height":555,"caption":"weather-radar-live.com"},"image":{"@id":"https:\/\/weather-radar-live.com\/#\/schema\/logo\/image\/"}}]}},"_links":{"self":[{"href":"https:\/\/weather-radar-live.com\/sv\/wp-json\/wp\/v2\/pages\/4779","targetHints":{"allow":["GET"]}}],"collection":[{"href":"https:\/\/weather-radar-live.com\/sv\/wp-json\/wp\/v2\/pages"}],"about":[{"href":"https:\/\/weather-radar-live.com\/sv\/wp-json\/wp\/v2\/types\/page"}],"author":[{"embeddable":true,"href":"https:\/\/weather-radar-live.com\/sv\/wp-json\/wp\/v2\/users\/1"}],"replies":[{"embeddable":true,"href":"https:\/\/weather-radar-live.com\/sv\/wp-json\/wp\/v2\/comments?post=4779"}],"version-history":[{"count":3,"href":"https:\/\/weather-radar-live.com\/sv\/wp-json\/wp\/v2\/pages\/4779\/revisions"}],"predecessor-version":[{"id":4864,"href":"https:\/\/weather-radar-live.com\/sv\/wp-json\/wp\/v2\/pages\/4779\/revisions\/4864"}],"up":[{"embeddable":true,"href":"https:\/\/weather-radar-live.com\/sv\/wp-json\/wp\/v2\/pages\/4353"}],"wp:featuredmedia":[{"embeddable":true,"href":"https:\/\/weather-radar-live.com\/sv\/wp-json\/wp\/v2\/media\/4453"}],"wp:attachment":[{"href":"https:\/\/weather-radar-live.com\/sv\/wp-json\/wp\/v2\/media?parent=4779"}],"curies":[{"name":"wp","href":"https:\/\/api.w.org\/{rel}","templated":true}]}}