{"id":4521,"date":"2022-05-12T14:17:46","date_gmt":"2022-05-12T12:17:46","guid":{"rendered":"https:\/\/weather-radar-live.com\/webbkamera\/frankrike\/webcam-la-clusaz\/"},"modified":"2022-07-15T13:16:50","modified_gmt":"2022-07-15T11:16:50","slug":"webbkamera-la-clusaz","status":"publish","type":"page","link":"https:\/\/weather-radar-live.com\/sv\/webbkamera\/frankrike\/webbkamera-la-clusaz\/","title":{"rendered":"Webbkamera La Clusaz"},"content":{"rendered":"<div id=\"weath-2027197054\" class=\"weath-vor-dem-inhalt weath-entity-placement\" style=\"margin-top: 15px;margin-right: 25px;margin-bottom: 40px;margin-left: 25px;\"><script async src=\"\/\/pagead2.googlesyndication.com\/pagead\/js\/adsbygoogle.js?client=ca-pub-8960936133935804\" crossorigin=\"anonymous\"><\/script><ins class=\"adsbygoogle\" style=\"display:block;\" data-ad-client=\"ca-pub-8960936133935804\" \ndata-ad-slot=\"6172817020\" \ndata-ad-format=\"auto\"><\/ins>\n<script> \n(adsbygoogle = window.adsbygoogle || []).push({}); \n<\/script>\n<\/div>\n<div class=\"wp-block-cover alignfull is-light\"><span aria-hidden=\"true\" class=\"wp-block-cover__gradient-background has-background-dim\"><\/span><img decoding=\"async\" class=\"wp-block-cover__image-background wp-image-342\" alt=\"webbkamera la clusaz\" src=\"https:\/\/weather-radar-live.com\/wp-content\/uploads\/2021\/06\/sam-schooler-E9aetBe2w40-unsplash-e1622554814366.jpg\" data-object-fit=\"cover\"\/><div class=\"wp-block-cover__inner-container is-layout-flow wp-block-cover-is-layout-flow\">\n<h2 class=\"has-text-align-center heading wp-block-heading\" id=\"webcam-fort-mahon\" style=\"font-size:40px\"><strong><mark style=\"background-color:rgba(0, 0, 0, 0)\" class=\"has-inline-color has-base-3-color\">WEBBKAMERA <\/mark><\/strong><br><strong><mark style=\"background-color:rgba(0, 0, 0, 0)\" class=\"has-inline-color has-base-3-color\"><strong>LA CLUSAZ<\/strong><\/mark><\/strong><\/h2>\n<\/div><\/div>\n\n\n<div class=\"yoast-breadcrumbs\"><span><span><a href=\"https:\/\/weather-radar-live.com\/sv\/\">Weather Radar Live<\/a><\/span> \u00bb <span><a href=\"https:\/\/weather-radar-live.com\/sv\/webbkamera\/\">Webbkamera<\/a><\/span> \u00bb <span><a href=\"https:\/\/weather-radar-live.com\/sv\/webbkamera\/frankrike\/\">Frankrike<\/a><\/span> \u00bb <span class=\"breadcrumb_last\" aria-current=\"page\"><strong>Webbkamera La Clusaz<\/strong><\/span><\/span><\/div>\n\n\n<h2 class=\"has-text-align-center wp-block-heading\" id=\"webcam-fort-mahon\"><strong>Webbkamera <strong>La Clusaz <\/strong><\/strong><\/h2>\n\n\n\n<p>La Clusaz ligger i Europas korsningspunkt. Det \u00e4r en charmig bergsby vars traditionella arkitektur har bevarat all sin sk\u00f6nhet. La Clusaz \u00e4r en typisk men trevlig bergsby i Alperna. Fr\u00e5n Gen\u00e8ve (1 timme) \u00e4r det l\u00e4tt att ta sig dit och en kort bilresa fr\u00e5n Calais. Det \u00e4r en internationell skidort som erbjuder ett brett utbud av terr\u00e4ng. Byns centrum har f\u00f6rb\u00e4ttrats f\u00f6r att g\u00f6ra det mer tillg\u00e4ngligt f\u00f6r fotg\u00e4ngare.<\/p>\n\n\n\n<p>Som en del av den f\u00f6rsta &#8221;naturliga barri\u00e4ren&#8221; i Alperna erbjuder Aravismassivet i La Clusaz n\u00e5gra av de b\u00e4sta sn\u00f6f\u00f6rh\u00e5llandena i Frankrike. Med hj\u00e4lp av v\u00e5r webbkamera kan du kontrollera det aktuella v\u00e4dret i La Clusaz. Dessutom kan du se sn\u00f6f\u00f6rh\u00e5llanden och andra v\u00e4derrelaterade saker som hj\u00e4lper dig att avg\u00f6ra om det \u00e4r l\u00e4mpligt att planera en resa hit eller inte.<\/p><div id=\"weath-2572257505\" class=\"weath-inhalt_2 weath-entity-placement\" style=\"margin-top: 15px;margin-right: 25px;margin-bottom: 35px;margin-left: 25px;\"><script async src=\"\/\/pagead2.googlesyndication.com\/pagead\/js\/adsbygoogle.js?client=ca-pub-8960936133935804\" crossorigin=\"anonymous\"><\/script><ins class=\"adsbygoogle\" style=\"display:block;\" data-ad-client=\"ca-pub-8960936133935804\" \ndata-ad-slot=\"1963584050\" \ndata-ad-format=\"auto\"><\/ins>\n<script> \n(adsbygoogle = window.adsbygoogle || []).push({}); \n<\/script>\n<\/div>\n\n\n\n<div class=\"wp-block-columns is-layout-flex wp-container-core-columns-is-layout-9d6595d7 wp-block-columns-is-layout-flex\">\n<div class=\"wp-block-column webcam-column is-layout-flow wp-block-column-is-layout-flow\">\n<h3 class=\"has-text-align-center wp-block-heading\"> \ud83d\udd34 <strong>Webbkamera <strong><strong>La Clusaz<\/strong><\/strong><\/strong> &#8211; s\u00f6derut<\/h3>\n\n\n\n<a name=\"windy-webcam-timelapse-player\" data-id=\"1646053165\" data-play=\"day\" href=\"https:\/\/windy.com\/webcams\/1646053165\" target=\"_blank\" rel=\"noopener\">La Clusaz &#8217; S\u00fcd<\/a><script async=\"\" type=\"text\/javascript\" src=\"https:\/\/webcams.windy.com\/webcams\/public\/embed\/script\/player.js\"><\/script>\n<\/div>\n<\/div>\n\n\n\n<div class=\"wp-block-columns is-layout-flex wp-container-core-columns-is-layout-9d6595d7 wp-block-columns-is-layout-flex\">\n<div class=\"wp-block-column webcam-column is-layout-flow wp-block-column-is-layout-flow\">\n<h3 class=\"has-text-align-center wp-block-heading\"> \ud83d\udd34 <strong>Webbkamera <strong><strong>La Clusaz<\/strong><\/strong><\/strong> &#8211; Centre Village<\/h3>\n\n\n\n<a name=\"windy-webcam-timelapse-player\" data-id=\"1263120814\" data-play=\"day\" href=\"https:\/\/windy.com\/webcams\/1263120814\" target=\"_blank\" rel=\"noopener\">La Clusaz : Panoramautsikt \u00f6ver byns centrum<\/a><script async=\"\" type=\"text\/javascript\" src=\"https:\/\/webcams.windy.com\/webcams\/public\/embed\/script\/player.js\"><\/script>\n<\/div>\n\n\n\n<div class=\"wp-block-column webcam-column is-layout-flow wp-block-column-is-layout-flow\">\n<h3 class=\"has-text-align-center live-emoji wp-block-heading\"> \ud83d\udd34 <strong>Webbkamera <strong><strong>La Clusaz<\/strong><\/strong><\/strong> &#8211; Skidbacke<\/h3>\n\n\n\n<a name=\"windy-webcam-timelapse-player\" data-id=\"1584649787\" data-play=\"day\" href=\"https:\/\/windy.com\/webcams\/1584649787\" target=\"_blank\" rel=\"noopener\">La Clusaz<\/a><script async=\"\" type=\"text\/javascript\" src=\"https:\/\/webcams.windy.com\/webcams\/public\/embed\/script\/player.js\"><\/script>\n<\/div>\n<\/div>\n\n\n\n<h2 class=\"wp-block-heading\" id=\"fort-mahon-today\"><strong>V\u00e4derradar La Clusaz &#8211; <\/strong> <strong>V\u00e4dret i La Clusaz <\/strong><\/h2>\n\n\n\n<p>F\u00e5 liveuppdateringar och v\u00e4derprognoser f\u00f6r La Clusaz h\u00e4r. Den direkts\u00e4nda v\u00e4derradarn ger snowboard\u00e5kare, skid\u00e5kare och andra en tydlig bild av <a href=\"https:\/\/weather-radar-live.com\/sv\/snokarta\/\"><strong>sn\u00f6fall<\/strong><\/a><a href=\"https:\/\/weather-radar-live.com\/sv\/blixtradar\/\"><strong> \u00e5skv\u00e4der<\/strong><\/a><a href=\"https:\/\/weather-radar-live.com\/sv\/molnradar\/\"><strong> molnt\u00e4cke<\/strong><\/a> och <strong><a href=\"https:\/\/weather-radar-live.com\/sv\/regnradar\/\">nederb\u00f6rd<\/a> <\/strong>och <a href=\"https:\/\/weather-radar-live.com\/sv\/tornado\/\"><strong>tornados<\/strong><\/a>. Det \u00e4r ganska enkelt att navigera p\u00e5 kartan f\u00f6r att se v\u00e4derf\u00f6rh\u00e5llandena. Klicka bara p\u00e5 en webbkamera och bl\u00e4ddra ned\u00e5t f\u00f6r att se hur v\u00e4dret f\u00f6r\u00e4ndras i La Clusaz vid olika tidpunkter.<\/p>\n\n\n\n<div class=\"wp-block-columns is-layout-flex wp-container-core-columns-is-layout-9d6595d7 wp-block-columns-is-layout-flex\">\n<div class=\"wp-block-column is-layout-flow wp-block-column-is-layout-flow\" style=\"flex-basis:75%\">\n<iframe loading=\"lazy\" width=\"1300\" height=\"502\" src=\"https:\/\/embed.windy.com\/embed2.html?lat=45.905&amp;lon=6.373&amp;detailLat=45.905&amp;detailLon=6.373&amp;width=1300&amp;height=508&amp;zoom=11&amp;level=surface&amp;overlay=wind&amp;product=ecmwf&amp;menu=&amp;message=&amp;marker=&amp;calendar=now&amp;pressure=&amp;type=map&amp;location=coordinates&amp;detail=&amp;metricWind=default&amp;metricTemp=default&amp;radarRange=-1\" frameborder=\"0\"><\/iframe>\n<\/div>\n\n\n\n<div class=\"wp-block-column is-layout-flow wp-block-column-is-layout-flow\" style=\"flex-basis:25%\">\n<a class=\"weatherwidget-io\" href=\"https:\/\/forecast7.com\/sv\/45d906d42\/la-clusaz\/\" data-label_1=\"LA CLUSAZ\" data-font=\"Roboto\" data-theme=\"original\">LA CLUSAZ<\/a>\n<script>\n!function(d,s,id){var js,fjs=d.getElementsByTagName(s)[0];if(!d.getElementById(id)){js=d.createElement(s);js.id=id;js.src='https:\/\/weatherwidget.io\/js\/widget.min.js';fjs.parentNode.insertBefore(js,fjs);}}(document,'script','weatherwidget-io-js') ;\n<\/script>\n<\/div>\n<\/div>\n\n\n\n<h2 class=\"wp-block-heading\" id=\"fort-mahon-weather\"><strong>Klimatet i La Clusaz <\/strong><\/h2>\n\n\n\n<p>La Clusaz ligger i den nordv\u00e4stra delen av Alperna, s\u00e5 klimatet p\u00e5verkas fr\u00e4mst av Atlanten. D\u00e4rf\u00f6r f\u00e5r den mycket sn\u00f6 p\u00e5 h\u00f6gre h\u00f6jder, men \u00e4r ocks\u00e5 utsatt f\u00f6r en st\u00f6rre risk f\u00f6r regn p\u00e5 l\u00e4gre niv\u00e5er. La Clusaz har ett kallt tempererat klimat och det regnar mycket \u00e4ven under de torraste m\u00e5naderna.<\/p>\n\n\n\n<p><strong>Temperatur <\/strong><\/p>\n\n\n\n<p>Temperaturerna i La Clusaz n\u00e5r i allm\u00e4nhet 4,9 \u00b0C eller 40,8 \u00b0F.<\/p>\n\n\n\n<p><strong>Nederb\u00f6rd <\/strong><\/p>\n\n\n\n<p>Den genomsnittliga nederb\u00f6rden per \u00e5r \u00e4r 1734 millimeter.<\/p>\n\n\n\n<p><strong>Sn\u00f6 Tillf\u00f6rlitlighet <\/strong><\/p>\n\n\n\n<p>\u00c4ven om La Clusaz har en stor sn\u00f6produktion kan de nedre backarna f\u00f6rs\u00e4mras i mildare v\u00e4der. Det \u00e4r normalt b\u00e4st att \u00e5ka skidor i den h\u00f6gre och nordligare delen av skidomr\u00e5det, La Balme, fram till slutet av april.<\/p>\n\n\n\n<p>Ta en titt p\u00e5 sn\u00f6tillf\u00f6rlitlighetsindexet f\u00f6r La Clusaz:<\/p>\n\n\n\n<p>\u25cf Allm\u00e4n sn\u00f6t\u00e4ckning: 3\/5<\/p>\n\n\n\n<p>\u25cf Sn\u00f6t\u00e4ckning p\u00e5 anl\u00e4ggningsniv\u00e5: 2\/5<\/p>\n\n\n\n<p>\u25cf Sn\u00f6kvalitet p\u00e5 toppen av backen : 3,5\/5<\/p>\n\n\n\n<p>\u25cf Sn\u00f6kvalitet i botten av backen: 2\/5<\/p>\n\n\n\n<p>\u25cf Pulverpotential : 3\/5<\/p>\n\n\n\n<h2 class=\"wp-block-heading\"><strong>Skidorten <strong>La Clusaz <\/strong><\/strong><\/h2>\n\n\n\n<p>Som ett av de mest k\u00e4nda omr\u00e5dena i Alperna har skidorten Val d&#8217;Is\u00e8re den b\u00e4sta sn\u00f6kvaliteten i Alperna. H\u00e4r finns en stor andel skidbackar p\u00e5 h\u00f6g h\u00f6jd. Kombinationen av glaci\u00e4rer och en m\u00e4ngd sn\u00f6s\u00e4kra backar g\u00f6r denna region i Europa till ett unikt resm\u00e5l f\u00f6r en l\u00e5ng skids\u00e4song. Med sina 1850 meter \u00f6ver havet \u00e4r det den st\u00f6rsta sn\u00f6s\u00e4kra skidorten i Europa. Backarna str\u00e4cker sig fr\u00e5n 1785 till 3300 meter och nedfarterna \u00e4r 150 km l\u00e5nga. M\u00e5nga av Val d&#8217;Iseres nedfarter \u00e4r ganska branta och det kan vara tr\u00e5ngt n\u00e4r det \u00e4r mycket trafik. Du kan tillbringa ett helt liv med att \u00e5ka skidor och snowboard i denna stora och utmanande terr\u00e4ng, du m\u00e5ste bara ta dig fram bland folkmassorna.<\/p>\n","protected":false},"excerpt":{"rendered":"<p>Webbkamera La Clusaz La Clusaz ligger i Europas korsningspunkt. Det \u00e4r en charmig bergsby vars traditionella arkitektur har bevarat all sin sk\u00f6nhet. La Clusaz \u00e4r en typisk men trevlig bergsby i Alperna. Fr\u00e5n Gen\u00e8ve (1 timme) \u00e4r det l\u00e4tt att ta sig dit och en kort bilresa fr\u00e5n Calais. Det \u00e4r en internationell skidort som &#8230; <a title=\"Webbkamera La Clusaz\" class=\"read-more\" href=\"https:\/\/weather-radar-live.com\/sv\/webbkamera\/frankrike\/webbkamera-la-clusaz\/\" aria-label=\"L\u00e4s mer om Webbkamera La Clusaz\">L\u00e4s mer<\/a><\/p>\n","protected":false},"author":1,"featured_media":3758,"parent":4182,"menu_order":0,"comment_status":"closed","ping_status":"closed","template":"","meta":{"footnotes":""},"class_list":["post-4521","page","type-page","status-publish","has-post-thumbnail"],"yoast_head":"<!-- This site is optimized with the Yoast SEO plugin v27.5 - https:\/\/yoast.com\/product\/yoast-seo-wordpress\/ -->\n<title>Webbkamera La Clusaz - weather-radar-live.com<\/title>\n<meta name=\"description\" content=\"Webbkamera La Clusaz | Livekamera fr\u00e5n La Clusaz ! \u2705 Uppdaterad f\u00f6r dig i realtid! \u2705 Aktuell v\u00e4derprognos !\" \/>\n<meta name=\"robots\" content=\"index, follow, max-snippet:-1, max-image-preview:large, max-video-preview:-1\" \/>\n<link rel=\"canonical\" href=\"https:\/\/weather-radar-live.com\/sv\/webbkamera\/frankrike\/webbkamera-la-clusaz\/\" \/>\n<meta property=\"og:locale\" content=\"sv_SE\" \/>\n<meta property=\"og:type\" content=\"article\" \/>\n<meta property=\"og:title\" content=\"Webbkamera La Clusaz - weather-radar-live.com\" \/>\n<meta property=\"og:description\" content=\"Webbkamera La Clusaz | Livekamera fr\u00e5n La Clusaz ! \u2705 Uppdaterad f\u00f6r dig i realtid! \u2705 Aktuell v\u00e4derprognos !\" \/>\n<meta property=\"og:url\" content=\"https:\/\/weather-radar-live.com\/sv\/webbkamera\/frankrike\/webbkamera-la-clusaz\/\" \/>\n<meta property=\"og:site_name\" content=\"weather-radar-live.com\" \/>\n<meta property=\"article:modified_time\" content=\"2022-07-15T11:16:50+00:00\" \/>\n<meta property=\"og:image\" content=\"https:\/\/weather-radar-live.com\/wp-content\/uploads\/2021\/06\/sam-schooler-E9aetBe2w40-unsplash-e1622554814366.jpg\" \/>\n<meta name=\"twitter:card\" content=\"summary_large_image\" \/>\n<meta name=\"twitter:label1\" content=\"Ber\u00e4knad l\u00e4stid\" \/>\n\t<meta name=\"twitter:data1\" content=\"3 minuter\" \/>\n<script type=\"application\/ld+json\" class=\"yoast-schema-graph\">{\"@context\":\"https:\\\/\\\/schema.org\",\"@graph\":[{\"@type\":\"WebPage\",\"@id\":\"https:\\\/\\\/weather-radar-live.com\\\/sv\\\/webbkamera\\\/frankrike\\\/webbkamera-la-clusaz\\\/\",\"url\":\"https:\\\/\\\/weather-radar-live.com\\\/sv\\\/webbkamera\\\/frankrike\\\/webbkamera-la-clusaz\\\/\",\"name\":\"Webbkamera La Clusaz - weather-radar-live.com\",\"isPartOf\":{\"@id\":\"https:\\\/\\\/weather-radar-live.com\\\/#website\"},\"primaryImageOfPage\":{\"@id\":\"https:\\\/\\\/weather-radar-live.com\\\/sv\\\/webbkamera\\\/frankrike\\\/webbkamera-la-clusaz\\\/#primaryimage\"},\"image\":{\"@id\":\"https:\\\/\\\/weather-radar-live.com\\\/sv\\\/webbkamera\\\/frankrike\\\/webbkamera-la-clusaz\\\/#primaryimage\"},\"thumbnailUrl\":\"https:\\\/\\\/weather-radar-live.com\\\/wp-content\\\/uploads\\\/2022\\\/04\\\/Webcams-La-Clusaz_-e1650448216465.jpg\",\"datePublished\":\"2022-05-12T12:17:46+00:00\",\"dateModified\":\"2022-07-15T11:16:50+00:00\",\"description\":\"Webbkamera La Clusaz | Livekamera fr\u00e5n La Clusaz ! \u2705 Uppdaterad f\u00f6r dig i realtid! \u2705 Aktuell v\u00e4derprognos !\",\"breadcrumb\":{\"@id\":\"https:\\\/\\\/weather-radar-live.com\\\/sv\\\/webbkamera\\\/frankrike\\\/webbkamera-la-clusaz\\\/#breadcrumb\"},\"inLanguage\":\"sv-SE\",\"potentialAction\":[{\"@type\":\"ReadAction\",\"target\":[\"https:\\\/\\\/weather-radar-live.com\\\/sv\\\/webbkamera\\\/frankrike\\\/webbkamera-la-clusaz\\\/\"]}]},{\"@type\":\"ImageObject\",\"inLanguage\":\"sv-SE\",\"@id\":\"https:\\\/\\\/weather-radar-live.com\\\/sv\\\/webbkamera\\\/frankrike\\\/webbkamera-la-clusaz\\\/#primaryimage\",\"url\":\"https:\\\/\\\/weather-radar-live.com\\\/wp-content\\\/uploads\\\/2022\\\/04\\\/Webcams-La-Clusaz_-e1650448216465.jpg\",\"contentUrl\":\"https:\\\/\\\/weather-radar-live.com\\\/wp-content\\\/uploads\\\/2022\\\/04\\\/Webcams-La-Clusaz_-e1650448216465.jpg\",\"width\":1764,\"height\":883,\"caption\":\"Webcam La Clusaz\"},{\"@type\":\"BreadcrumbList\",\"@id\":\"https:\\\/\\\/weather-radar-live.com\\\/sv\\\/webbkamera\\\/frankrike\\\/webbkamera-la-clusaz\\\/#breadcrumb\",\"itemListElement\":[{\"@type\":\"ListItem\",\"position\":1,\"name\":\"Weather Radar Live\",\"item\":\"https:\\\/\\\/weather-radar-live.com\\\/sv\\\/\"},{\"@type\":\"ListItem\",\"position\":2,\"name\":\"Webbkamera\",\"item\":\"https:\\\/\\\/weather-radar-live.com\\\/sv\\\/webbkamera\\\/\"},{\"@type\":\"ListItem\",\"position\":3,\"name\":\"Frankrike\",\"item\":\"https:\\\/\\\/weather-radar-live.com\\\/sv\\\/webbkamera\\\/frankrike\\\/\"},{\"@type\":\"ListItem\",\"position\":4,\"name\":\"Webbkamera La Clusaz\"}]},{\"@type\":\"WebSite\",\"@id\":\"https:\\\/\\\/weather-radar-live.com\\\/#website\",\"url\":\"https:\\\/\\\/weather-radar-live.com\\\/\",\"name\":\"weather-radar-live.com\",\"description\":\"Your weather and sky radar.\",\"publisher\":{\"@id\":\"https:\\\/\\\/weather-radar-live.com\\\/#organization\"},\"potentialAction\":[{\"@type\":\"SearchAction\",\"target\":{\"@type\":\"EntryPoint\",\"urlTemplate\":\"https:\\\/\\\/weather-radar-live.com\\\/?s={search_term_string}\"},\"query-input\":{\"@type\":\"PropertyValueSpecification\",\"valueRequired\":true,\"valueName\":\"search_term_string\"}}],\"inLanguage\":\"sv-SE\"},{\"@type\":\"Organization\",\"@id\":\"https:\\\/\\\/weather-radar-live.com\\\/#organization\",\"name\":\"weather-radar-live.com\",\"url\":\"https:\\\/\\\/weather-radar-live.com\\\/\",\"logo\":{\"@type\":\"ImageObject\",\"inLanguage\":\"sv-SE\",\"@id\":\"https:\\\/\\\/weather-radar-live.com\\\/#\\\/schema\\\/logo\\\/image\\\/\",\"url\":\"https:\\\/\\\/weather-radar-live.com\\\/wp-content\\\/uploads\\\/2022\\\/03\\\/cropped-WRL2503.png\",\"contentUrl\":\"https:\\\/\\\/weather-radar-live.com\\\/wp-content\\\/uploads\\\/2022\\\/03\\\/cropped-WRL2503.png\",\"width\":1920,\"height\":555,\"caption\":\"weather-radar-live.com\"},\"image\":{\"@id\":\"https:\\\/\\\/weather-radar-live.com\\\/#\\\/schema\\\/logo\\\/image\\\/\"}}]}<\/script>\n<!-- \/ Yoast SEO plugin. -->","yoast_head_json":{"title":"Webbkamera La Clusaz - weather-radar-live.com","description":"Webbkamera La Clusaz | Livekamera fr\u00e5n La Clusaz ! \u2705 Uppdaterad f\u00f6r dig i realtid! \u2705 Aktuell v\u00e4derprognos !","robots":{"index":"index","follow":"follow","max-snippet":"max-snippet:-1","max-image-preview":"max-image-preview:large","max-video-preview":"max-video-preview:-1"},"canonical":"https:\/\/weather-radar-live.com\/sv\/webbkamera\/frankrike\/webbkamera-la-clusaz\/","og_locale":"sv_SE","og_type":"article","og_title":"Webbkamera La Clusaz - weather-radar-live.com","og_description":"Webbkamera La Clusaz | Livekamera fr\u00e5n La Clusaz ! \u2705 Uppdaterad f\u00f6r dig i realtid! \u2705 Aktuell v\u00e4derprognos !","og_url":"https:\/\/weather-radar-live.com\/sv\/webbkamera\/frankrike\/webbkamera-la-clusaz\/","og_site_name":"weather-radar-live.com","article_modified_time":"2022-07-15T11:16:50+00:00","og_image":[{"url":"https:\/\/weather-radar-live.com\/wp-content\/uploads\/2021\/06\/sam-schooler-E9aetBe2w40-unsplash-e1622554814366.jpg","type":"","width":"","height":""}],"twitter_card":"summary_large_image","twitter_misc":{"Ber\u00e4knad l\u00e4stid":"3 minuter"},"schema":{"@context":"https:\/\/schema.org","@graph":[{"@type":"WebPage","@id":"https:\/\/weather-radar-live.com\/sv\/webbkamera\/frankrike\/webbkamera-la-clusaz\/","url":"https:\/\/weather-radar-live.com\/sv\/webbkamera\/frankrike\/webbkamera-la-clusaz\/","name":"Webbkamera La Clusaz - weather-radar-live.com","isPartOf":{"@id":"https:\/\/weather-radar-live.com\/#website"},"primaryImageOfPage":{"@id":"https:\/\/weather-radar-live.com\/sv\/webbkamera\/frankrike\/webbkamera-la-clusaz\/#primaryimage"},"image":{"@id":"https:\/\/weather-radar-live.com\/sv\/webbkamera\/frankrike\/webbkamera-la-clusaz\/#primaryimage"},"thumbnailUrl":"https:\/\/weather-radar-live.com\/wp-content\/uploads\/2022\/04\/Webcams-La-Clusaz_-e1650448216465.jpg","datePublished":"2022-05-12T12:17:46+00:00","dateModified":"2022-07-15T11:16:50+00:00","description":"Webbkamera La Clusaz | Livekamera fr\u00e5n La Clusaz ! \u2705 Uppdaterad f\u00f6r dig i realtid! \u2705 Aktuell v\u00e4derprognos !","breadcrumb":{"@id":"https:\/\/weather-radar-live.com\/sv\/webbkamera\/frankrike\/webbkamera-la-clusaz\/#breadcrumb"},"inLanguage":"sv-SE","potentialAction":[{"@type":"ReadAction","target":["https:\/\/weather-radar-live.com\/sv\/webbkamera\/frankrike\/webbkamera-la-clusaz\/"]}]},{"@type":"ImageObject","inLanguage":"sv-SE","@id":"https:\/\/weather-radar-live.com\/sv\/webbkamera\/frankrike\/webbkamera-la-clusaz\/#primaryimage","url":"https:\/\/weather-radar-live.com\/wp-content\/uploads\/2022\/04\/Webcams-La-Clusaz_-e1650448216465.jpg","contentUrl":"https:\/\/weather-radar-live.com\/wp-content\/uploads\/2022\/04\/Webcams-La-Clusaz_-e1650448216465.jpg","width":1764,"height":883,"caption":"Webcam La Clusaz"},{"@type":"BreadcrumbList","@id":"https:\/\/weather-radar-live.com\/sv\/webbkamera\/frankrike\/webbkamera-la-clusaz\/#breadcrumb","itemListElement":[{"@type":"ListItem","position":1,"name":"Weather Radar Live","item":"https:\/\/weather-radar-live.com\/sv\/"},{"@type":"ListItem","position":2,"name":"Webbkamera","item":"https:\/\/weather-radar-live.com\/sv\/webbkamera\/"},{"@type":"ListItem","position":3,"name":"Frankrike","item":"https:\/\/weather-radar-live.com\/sv\/webbkamera\/frankrike\/"},{"@type":"ListItem","position":4,"name":"Webbkamera La Clusaz"}]},{"@type":"WebSite","@id":"https:\/\/weather-radar-live.com\/#website","url":"https:\/\/weather-radar-live.com\/","name":"weather-radar-live.com","description":"Your weather and sky radar.","publisher":{"@id":"https:\/\/weather-radar-live.com\/#organization"},"potentialAction":[{"@type":"SearchAction","target":{"@type":"EntryPoint","urlTemplate":"https:\/\/weather-radar-live.com\/?s={search_term_string}"},"query-input":{"@type":"PropertyValueSpecification","valueRequired":true,"valueName":"search_term_string"}}],"inLanguage":"sv-SE"},{"@type":"Organization","@id":"https:\/\/weather-radar-live.com\/#organization","name":"weather-radar-live.com","url":"https:\/\/weather-radar-live.com\/","logo":{"@type":"ImageObject","inLanguage":"sv-SE","@id":"https:\/\/weather-radar-live.com\/#\/schema\/logo\/image\/","url":"https:\/\/weather-radar-live.com\/wp-content\/uploads\/2022\/03\/cropped-WRL2503.png","contentUrl":"https:\/\/weather-radar-live.com\/wp-content\/uploads\/2022\/03\/cropped-WRL2503.png","width":1920,"height":555,"caption":"weather-radar-live.com"},"image":{"@id":"https:\/\/weather-radar-live.com\/#\/schema\/logo\/image\/"}}]}},"_links":{"self":[{"href":"https:\/\/weather-radar-live.com\/sv\/wp-json\/wp\/v2\/pages\/4521","targetHints":{"allow":["GET"]}}],"collection":[{"href":"https:\/\/weather-radar-live.com\/sv\/wp-json\/wp\/v2\/pages"}],"about":[{"href":"https:\/\/weather-radar-live.com\/sv\/wp-json\/wp\/v2\/types\/page"}],"author":[{"embeddable":true,"href":"https:\/\/weather-radar-live.com\/sv\/wp-json\/wp\/v2\/users\/1"}],"replies":[{"embeddable":true,"href":"https:\/\/weather-radar-live.com\/sv\/wp-json\/wp\/v2\/comments?post=4521"}],"version-history":[{"count":1,"href":"https:\/\/weather-radar-live.com\/sv\/wp-json\/wp\/v2\/pages\/4521\/revisions"}],"predecessor-version":[{"id":4554,"href":"https:\/\/weather-radar-live.com\/sv\/wp-json\/wp\/v2\/pages\/4521\/revisions\/4554"}],"up":[{"embeddable":true,"href":"https:\/\/weather-radar-live.com\/sv\/wp-json\/wp\/v2\/pages\/4182"}],"wp:featuredmedia":[{"embeddable":true,"href":"https:\/\/weather-radar-live.com\/sv\/wp-json\/wp\/v2\/media\/3758"}],"wp:attachment":[{"href":"https:\/\/weather-radar-live.com\/sv\/wp-json\/wp\/v2\/media?parent=4521"}],"curies":[{"name":"wp","href":"https:\/\/api.w.org\/{rel}","templated":true}]}}