{"id":4258,"date":"2022-02-25T13:48:08","date_gmt":"2022-02-25T12:48:08","guid":{"rendered":"https:\/\/weather-radar-live.com\/webcam\/"},"modified":"2022-07-06T14:05:55","modified_gmt":"2022-07-06T12:05:55","slug":"webbkamera","status":"publish","type":"page","link":"https:\/\/weather-radar-live.com\/sv\/webbkamera\/","title":{"rendered":"Webbkamera"},"content":{"rendered":"<div id=\"weath-2321051663\" class=\"weath-vor-dem-inhalt weath-entity-placement\" style=\"margin-top: 15px;margin-right: 25px;margin-bottom: 40px;margin-left: 25px;\"><script async src=\"\/\/pagead2.googlesyndication.com\/pagead\/js\/adsbygoogle.js?client=ca-pub-8960936133935804\" crossorigin=\"anonymous\"><\/script><ins class=\"adsbygoogle\" style=\"display:block;\" data-ad-client=\"ca-pub-8960936133935804\" \ndata-ad-slot=\"6172817020\" \ndata-ad-format=\"auto\"><\/ins>\n<script> \n(adsbygoogle = window.adsbygoogle || []).push({}); \n<\/script>\n<\/div>\n<div class=\"wp-block-cover alignfull\"><span aria-hidden=\"true\" class=\"has-background-dim-60 wp-block-cover__gradient-background has-background-dim\"><\/span><img loading=\"lazy\" decoding=\"async\" width=\"1920\" height=\"507\" class=\"wp-block-cover__image-background wp-image-3218\" alt=\"Webcam\" src=\"https:\/\/weather-radar-live.com\/wp-content\/uploads\/2022\/02\/Webcam.jpg\" style=\"object-position:61% 9%\" data-object-fit=\"cover\" data-object-position=\"61% 9%\" srcset=\"https:\/\/weather-radar-live.com\/wp-content\/uploads\/2022\/02\/Webcam.jpg 1920w, https:\/\/weather-radar-live.com\/wp-content\/uploads\/2022\/02\/Webcam-300x79.jpg 300w, https:\/\/weather-radar-live.com\/wp-content\/uploads\/2022\/02\/Webcam-1024x270.jpg 1024w, https:\/\/weather-radar-live.com\/wp-content\/uploads\/2022\/02\/Webcam-768x203.jpg 768w, https:\/\/weather-radar-live.com\/wp-content\/uploads\/2022\/02\/Webcam-1536x406.jpg 1536w\" sizes=\"auto, (max-width: 1920px) 100vw, 1920px\" \/><div class=\"wp-block-cover__inner-container is-layout-flow wp-block-cover-is-layout-flow\">\n<h2 class=\"has-text-align-center heading has-base-3-color has-text-color wp-block-heading\" id=\"webcam\" style=\"font-size:40px\"><mark style=\"background-color:rgba(0, 0, 0, 0);color:#ffffff\" class=\"has-inline-color\"><strong>WEBBKAMERA<\/strong><\/mark><\/h2>\n<\/div><\/div>\n\n\n<div class=\"yoast-breadcrumbs\"><span><span><a href=\"https:\/\/weather-radar-live.com\/sv\/\">Weather Radar Live<\/a><\/span> \u00bb <span class=\"breadcrumb_last\" aria-current=\"page\"><strong>Webbkamera<\/strong><\/span><\/span><\/div>\n\n\n<h2 class=\"has-text-align-center wp-block-heading\" id=\"webcam-1\"><strong>Webbkamera<\/strong><\/h2>\n\n\n\n<p>Vill du veta hur v\u00e4dret \u00e4r d\u00e4r? D\u00e5 ska du definitivt ta en titt p\u00e5 v\u00e5ra livewebcams! De ger dig en bra \u00f6verblick \u00f6ver vad som h\u00e4nder lokalt och om v\u00e4derradaren, regnradaren, stormradaren och molnradarprognoserna har besannats.<\/p>\n\n\n\n<p>V\u00e5ra webbkameror t\u00e4cker omr\u00e5den och l\u00e4nder \u00f6ver hela v\u00e4rlden. I det f\u00f6rsta steget v\u00e4ljer du land s\u00e5 f\u00e5r du en \u00f6versikt \u00f6ver alla webbkameror i det landet. I det andra steget kan du v\u00e4lja plats eller avg\u00e5ng och du kommer direkt till den kompakta \u00f6versiktssidan, d\u00e4r vi ger dig en aktuell webbkamera.<\/p><div id=\"weath-1292526858\" class=\"weath-inhalt_2 weath-entity-placement\" style=\"margin-top: 15px;margin-right: 25px;margin-bottom: 35px;margin-left: 25px;\"><script async src=\"\/\/pagead2.googlesyndication.com\/pagead\/js\/adsbygoogle.js?client=ca-pub-8960936133935804\" crossorigin=\"anonymous\"><\/script><ins class=\"adsbygoogle\" style=\"display:block;\" data-ad-client=\"ca-pub-8960936133935804\" \ndata-ad-slot=\"1963584050\" \ndata-ad-format=\"auto\"><\/ins>\n<script> \n(adsbygoogle = window.adsbygoogle || []).push({}); \n<\/script>\n<\/div>\n\n\n\n<p><\/p>\n\n\n\n<p><strong>V\u00e4lj nu det r\u00e4tta landet<\/strong>:<\/p>\n\n\n\n<div class=\"wp-block-columns is-layout-flex wp-container-core-columns-is-layout-9d6595d7 wp-block-columns-is-layout-flex\">\n<div class=\"wp-block-column is-layout-flow wp-block-column-is-layout-flow\">\n<div class=\"wp-block-cover\" style=\"min-height:140px;aspect-ratio:unset;\"><span aria-hidden=\"true\" class=\"has-background-dim-70 wp-block-cover__gradient-background has-background-dim\"><\/span><img loading=\"lazy\" decoding=\"async\" width=\"1920\" height=\"1280\" class=\"wp-block-cover__image-background wp-image-3199\" alt=\"\" src=\"https:\/\/weather-radar-live.com\/wp-content\/uploads\/2022\/02\/France.jpg\" data-object-fit=\"cover\" srcset=\"https:\/\/weather-radar-live.com\/wp-content\/uploads\/2022\/02\/France.jpg 1920w, https:\/\/weather-radar-live.com\/wp-content\/uploads\/2022\/02\/France-300x200.jpg 300w, https:\/\/weather-radar-live.com\/wp-content\/uploads\/2022\/02\/France-1024x683.jpg 1024w, https:\/\/weather-radar-live.com\/wp-content\/uploads\/2022\/02\/France-768x512.jpg 768w, https:\/\/weather-radar-live.com\/wp-content\/uploads\/2022\/02\/France-1536x1024.jpg 1536w\" sizes=\"auto, (max-width: 1920px) 100vw, 1920px\" \/><div class=\"wp-block-cover__inner-container is-layout-flow wp-block-cover-is-layout-flow\">\n<p class=\"has-text-align-center has-base-3-color has-text-color has-medium-font-size\"><a href=\"https:\/\/weather-radar-live.com\/sv\/frankrike\/\"><mark style=\"background-color:rgba(0, 0, 0, 0)\" class=\"has-inline-color has-base-3-color\"><strong>FRANKRIKE<\/strong><\/mark><\/a><\/p>\n<\/div><\/div>\n\n\n\n<p><\/p>\n<\/div>\n\n\n\n<div class=\"wp-block-column is-layout-flow wp-block-column-is-layout-flow\">\n<div class=\"wp-block-cover\" style=\"min-height:140px;aspect-ratio:unset;\"><span aria-hidden=\"true\" class=\"has-background-dim-70 wp-block-cover__gradient-background has-background-dim\"><\/span><img loading=\"lazy\" decoding=\"async\" width=\"1920\" height=\"1080\" class=\"wp-block-cover__image-background wp-image-4210\" alt=\"\" src=\"https:\/\/weather-radar-live.com\/wp-content\/uploads\/2022\/07\/Webcam-Italien-scaled-e1657108126841.jpg\" data-object-fit=\"cover\"\/><div class=\"wp-block-cover__inner-container is-layout-flow wp-block-cover-is-layout-flow\">\n<p class=\"has-text-align-center has-base-3-color has-text-color has-medium-font-size\"><strong><mark style=\"background-color:rgba(0, 0, 0, 0)\" class=\"has-inline-color has-base-3-color\"><a href=\"https:\/\/weather-radar-live.com\/sv\/?page_id=4231\"><mark style=\"background-color:rgba(0, 0, 0, 0)\" class=\"has-inline-color has-base-3-color\"><strong>ITALIEN<\/strong><\/mark><\/a><\/mark><\/strong><\/p>\n<\/div><\/div>\n<\/div>\n\n\n\n<div class=\"wp-block-column is-layout-flow wp-block-column-is-layout-flow\">\n<div class=\"wp-block-cover\" style=\"min-height:140px;aspect-ratio:unset;\"><span aria-hidden=\"true\" class=\"has-background-dim-70 wp-block-cover__gradient-background has-background-dim\"><\/span><img loading=\"lazy\" decoding=\"async\" width=\"1920\" height=\"1280\" class=\"wp-block-cover__image-background wp-image-3199\" alt=\"\" src=\"https:\/\/weather-radar-live.com\/wp-content\/uploads\/2022\/02\/France.jpg\" data-object-fit=\"cover\" srcset=\"https:\/\/weather-radar-live.com\/wp-content\/uploads\/2022\/02\/France.jpg 1920w, https:\/\/weather-radar-live.com\/wp-content\/uploads\/2022\/02\/France-300x200.jpg 300w, https:\/\/weather-radar-live.com\/wp-content\/uploads\/2022\/02\/France-1024x683.jpg 1024w, https:\/\/weather-radar-live.com\/wp-content\/uploads\/2022\/02\/France-768x512.jpg 768w, https:\/\/weather-radar-live.com\/wp-content\/uploads\/2022\/02\/France-1536x1024.jpg 1536w\" sizes=\"auto, (max-width: 1920px) 100vw, 1920px\" \/><div class=\"wp-block-cover__inner-container is-layout-flow wp-block-cover-is-layout-flow\">\n<p class=\"has-text-align-center has-base-3-color has-text-color has-medium-font-size\"><strong><mark style=\"background-color:rgba(0, 0, 0, 0)\" class=\"has-inline-color has-base-3-color\"><strong><mark style=\"background-color:rgba(0, 0, 0, 0)\" class=\"has-inline-color has-base-3-color\"><a href=\"https:\/\/weather-radar-live.com\/sv\/?page_id=4243\"><mark style=\"background-color:rgba(0, 0, 0, 0)\" class=\"has-inline-color has-base-3-color\"><strong>SPANIEN<\/strong><\/mark><\/a><\/mark><\/strong><\/mark><\/strong><\/p>\n<\/div><\/div>\n<\/div>\n<\/div>\n","protected":false},"excerpt":{"rendered":"<p>Webbkamera Vill du veta hur v\u00e4dret \u00e4r d\u00e4r? D\u00e5 ska du definitivt ta en titt p\u00e5 v\u00e5ra livewebcams! De ger dig en bra \u00f6verblick \u00f6ver vad som h\u00e4nder lokalt och om v\u00e4derradaren, regnradaren, stormradaren och molnradarprognoserna har besannats. V\u00e5ra webbkameror t\u00e4cker omr\u00e5den och l\u00e4nder \u00f6ver hela v\u00e4rlden. I det f\u00f6rsta steget v\u00e4ljer du land s\u00e5 &#8230; <a title=\"Webbkamera\" class=\"read-more\" href=\"https:\/\/weather-radar-live.com\/sv\/webbkamera\/\" aria-label=\"L\u00e4s mer om Webbkamera\">L\u00e4s mer<\/a><\/p>\n","protected":false},"author":1,"featured_media":0,"parent":0,"menu_order":0,"comment_status":"closed","ping_status":"closed","template":"","meta":{"footnotes":""},"class_list":["post-4258","page","type-page","status-publish"],"yoast_head":"<!-- This site is optimized with the Yoast SEO plugin v27.4 - https:\/\/yoast.com\/product\/yoast-seo-wordpress\/ -->\n<title>Webbkameror i direkts\u00e4ndning!<\/title>\n<meta name=\"description\" content=\"Titta nu p\u00e5 aktuella webbkameror \u2714\ufe0f Webbkameror fr\u00e5n hela v\u00e4rlden i olika l\u00e4nder \u2714\ufe0f I realtid!\" \/>\n<meta name=\"robots\" content=\"index, follow, max-snippet:-1, max-image-preview:large, max-video-preview:-1\" \/>\n<link rel=\"canonical\" href=\"https:\/\/weather-radar-live.com\/sv\/webbkamera\/\" \/>\n<meta property=\"og:locale\" content=\"sv_SE\" \/>\n<meta property=\"og:type\" content=\"article\" \/>\n<meta property=\"og:title\" content=\"Webbkameror i direkts\u00e4ndning!\" \/>\n<meta property=\"og:description\" content=\"Titta nu p\u00e5 aktuella webbkameror \u2714\ufe0f Webbkameror fr\u00e5n hela v\u00e4rlden i olika l\u00e4nder \u2714\ufe0f I realtid!\" \/>\n<meta property=\"og:url\" content=\"https:\/\/weather-radar-live.com\/sv\/webbkamera\/\" \/>\n<meta property=\"og:site_name\" content=\"weather-radar-live.com\" \/>\n<meta property=\"article:modified_time\" content=\"2022-07-06T12:05:55+00:00\" \/>\n<meta property=\"og:image\" content=\"https:\/\/weather-radar-live.com\/wp-content\/uploads\/2022\/02\/Webcam.jpg\" \/>\n<meta name=\"twitter:card\" content=\"summary_large_image\" \/>\n<meta name=\"twitter:label1\" content=\"Ber\u00e4knad l\u00e4stid\" \/>\n\t<meta name=\"twitter:data1\" content=\"2 minuter\" \/>\n<script type=\"application\/ld+json\" class=\"yoast-schema-graph\">{\"@context\":\"https:\\\/\\\/schema.org\",\"@graph\":[{\"@type\":\"WebPage\",\"@id\":\"https:\\\/\\\/weather-radar-live.com\\\/sv\\\/webbkamera\\\/\",\"url\":\"https:\\\/\\\/weather-radar-live.com\\\/sv\\\/webbkamera\\\/\",\"name\":\"Webbkameror i direkts\u00e4ndning!\",\"isPartOf\":{\"@id\":\"https:\\\/\\\/weather-radar-live.com\\\/#website\"},\"primaryImageOfPage\":{\"@id\":\"https:\\\/\\\/weather-radar-live.com\\\/sv\\\/webbkamera\\\/#primaryimage\"},\"image\":{\"@id\":\"https:\\\/\\\/weather-radar-live.com\\\/sv\\\/webbkamera\\\/#primaryimage\"},\"thumbnailUrl\":\"https:\\\/\\\/weather-radar-live.com\\\/wp-content\\\/uploads\\\/2022\\\/02\\\/Webcam.jpg\",\"datePublished\":\"2022-02-25T12:48:08+00:00\",\"dateModified\":\"2022-07-06T12:05:55+00:00\",\"description\":\"Titta nu p\u00e5 aktuella webbkameror \u2714\ufe0f Webbkameror fr\u00e5n hela v\u00e4rlden i olika l\u00e4nder \u2714\ufe0f I realtid!\",\"breadcrumb\":{\"@id\":\"https:\\\/\\\/weather-radar-live.com\\\/sv\\\/webbkamera\\\/#breadcrumb\"},\"inLanguage\":\"sv-SE\",\"potentialAction\":[{\"@type\":\"ReadAction\",\"target\":[\"https:\\\/\\\/weather-radar-live.com\\\/sv\\\/webbkamera\\\/\"]}]},{\"@type\":\"ImageObject\",\"inLanguage\":\"sv-SE\",\"@id\":\"https:\\\/\\\/weather-radar-live.com\\\/sv\\\/webbkamera\\\/#primaryimage\",\"url\":\"https:\\\/\\\/weather-radar-live.com\\\/wp-content\\\/uploads\\\/2022\\\/02\\\/Webcam.jpg\",\"contentUrl\":\"https:\\\/\\\/weather-radar-live.com\\\/wp-content\\\/uploads\\\/2022\\\/02\\\/Webcam.jpg\"},{\"@type\":\"BreadcrumbList\",\"@id\":\"https:\\\/\\\/weather-radar-live.com\\\/sv\\\/webbkamera\\\/#breadcrumb\",\"itemListElement\":[{\"@type\":\"ListItem\",\"position\":1,\"name\":\"Weather Radar Live\",\"item\":\"https:\\\/\\\/weather-radar-live.com\\\/sv\\\/\"},{\"@type\":\"ListItem\",\"position\":2,\"name\":\"Webbkamera\"}]},{\"@type\":\"WebSite\",\"@id\":\"https:\\\/\\\/weather-radar-live.com\\\/#website\",\"url\":\"https:\\\/\\\/weather-radar-live.com\\\/\",\"name\":\"weather-radar-live.com\",\"description\":\"Your weather and sky radar.\",\"publisher\":{\"@id\":\"https:\\\/\\\/weather-radar-live.com\\\/#organization\"},\"potentialAction\":[{\"@type\":\"SearchAction\",\"target\":{\"@type\":\"EntryPoint\",\"urlTemplate\":\"https:\\\/\\\/weather-radar-live.com\\\/?s={search_term_string}\"},\"query-input\":{\"@type\":\"PropertyValueSpecification\",\"valueRequired\":true,\"valueName\":\"search_term_string\"}}],\"inLanguage\":\"sv-SE\"},{\"@type\":\"Organization\",\"@id\":\"https:\\\/\\\/weather-radar-live.com\\\/#organization\",\"name\":\"weather-radar-live.com\",\"url\":\"https:\\\/\\\/weather-radar-live.com\\\/\",\"logo\":{\"@type\":\"ImageObject\",\"inLanguage\":\"sv-SE\",\"@id\":\"https:\\\/\\\/weather-radar-live.com\\\/#\\\/schema\\\/logo\\\/image\\\/\",\"url\":\"https:\\\/\\\/weather-radar-live.com\\\/wp-content\\\/uploads\\\/2022\\\/03\\\/cropped-WRL2503.png\",\"contentUrl\":\"https:\\\/\\\/weather-radar-live.com\\\/wp-content\\\/uploads\\\/2022\\\/03\\\/cropped-WRL2503.png\",\"width\":1920,\"height\":555,\"caption\":\"weather-radar-live.com\"},\"image\":{\"@id\":\"https:\\\/\\\/weather-radar-live.com\\\/#\\\/schema\\\/logo\\\/image\\\/\"}}]}<\/script>\n<!-- \/ Yoast SEO plugin. -->","yoast_head_json":{"title":"Webbkameror i direkts\u00e4ndning!","description":"Titta nu p\u00e5 aktuella webbkameror \u2714\ufe0f Webbkameror fr\u00e5n hela v\u00e4rlden i olika l\u00e4nder \u2714\ufe0f I realtid!","robots":{"index":"index","follow":"follow","max-snippet":"max-snippet:-1","max-image-preview":"max-image-preview:large","max-video-preview":"max-video-preview:-1"},"canonical":"https:\/\/weather-radar-live.com\/sv\/webbkamera\/","og_locale":"sv_SE","og_type":"article","og_title":"Webbkameror i direkts\u00e4ndning!","og_description":"Titta nu p\u00e5 aktuella webbkameror \u2714\ufe0f Webbkameror fr\u00e5n hela v\u00e4rlden i olika l\u00e4nder \u2714\ufe0f I realtid!","og_url":"https:\/\/weather-radar-live.com\/sv\/webbkamera\/","og_site_name":"weather-radar-live.com","article_modified_time":"2022-07-06T12:05:55+00:00","og_image":[{"url":"https:\/\/weather-radar-live.com\/wp-content\/uploads\/2022\/02\/Webcam.jpg","type":"","width":"","height":""}],"twitter_card":"summary_large_image","twitter_misc":{"Ber\u00e4knad l\u00e4stid":"2 minuter"},"schema":{"@context":"https:\/\/schema.org","@graph":[{"@type":"WebPage","@id":"https:\/\/weather-radar-live.com\/sv\/webbkamera\/","url":"https:\/\/weather-radar-live.com\/sv\/webbkamera\/","name":"Webbkameror i direkts\u00e4ndning!","isPartOf":{"@id":"https:\/\/weather-radar-live.com\/#website"},"primaryImageOfPage":{"@id":"https:\/\/weather-radar-live.com\/sv\/webbkamera\/#primaryimage"},"image":{"@id":"https:\/\/weather-radar-live.com\/sv\/webbkamera\/#primaryimage"},"thumbnailUrl":"https:\/\/weather-radar-live.com\/wp-content\/uploads\/2022\/02\/Webcam.jpg","datePublished":"2022-02-25T12:48:08+00:00","dateModified":"2022-07-06T12:05:55+00:00","description":"Titta nu p\u00e5 aktuella webbkameror \u2714\ufe0f Webbkameror fr\u00e5n hela v\u00e4rlden i olika l\u00e4nder \u2714\ufe0f I realtid!","breadcrumb":{"@id":"https:\/\/weather-radar-live.com\/sv\/webbkamera\/#breadcrumb"},"inLanguage":"sv-SE","potentialAction":[{"@type":"ReadAction","target":["https:\/\/weather-radar-live.com\/sv\/webbkamera\/"]}]},{"@type":"ImageObject","inLanguage":"sv-SE","@id":"https:\/\/weather-radar-live.com\/sv\/webbkamera\/#primaryimage","url":"https:\/\/weather-radar-live.com\/wp-content\/uploads\/2022\/02\/Webcam.jpg","contentUrl":"https:\/\/weather-radar-live.com\/wp-content\/uploads\/2022\/02\/Webcam.jpg"},{"@type":"BreadcrumbList","@id":"https:\/\/weather-radar-live.com\/sv\/webbkamera\/#breadcrumb","itemListElement":[{"@type":"ListItem","position":1,"name":"Weather Radar Live","item":"https:\/\/weather-radar-live.com\/sv\/"},{"@type":"ListItem","position":2,"name":"Webbkamera"}]},{"@type":"WebSite","@id":"https:\/\/weather-radar-live.com\/#website","url":"https:\/\/weather-radar-live.com\/","name":"weather-radar-live.com","description":"Your weather and sky radar.","publisher":{"@id":"https:\/\/weather-radar-live.com\/#organization"},"potentialAction":[{"@type":"SearchAction","target":{"@type":"EntryPoint","urlTemplate":"https:\/\/weather-radar-live.com\/?s={search_term_string}"},"query-input":{"@type":"PropertyValueSpecification","valueRequired":true,"valueName":"search_term_string"}}],"inLanguage":"sv-SE"},{"@type":"Organization","@id":"https:\/\/weather-radar-live.com\/#organization","name":"weather-radar-live.com","url":"https:\/\/weather-radar-live.com\/","logo":{"@type":"ImageObject","inLanguage":"sv-SE","@id":"https:\/\/weather-radar-live.com\/#\/schema\/logo\/image\/","url":"https:\/\/weather-radar-live.com\/wp-content\/uploads\/2022\/03\/cropped-WRL2503.png","contentUrl":"https:\/\/weather-radar-live.com\/wp-content\/uploads\/2022\/03\/cropped-WRL2503.png","width":1920,"height":555,"caption":"weather-radar-live.com"},"image":{"@id":"https:\/\/weather-radar-live.com\/#\/schema\/logo\/image\/"}}]}},"_links":{"self":[{"href":"https:\/\/weather-radar-live.com\/sv\/wp-json\/wp\/v2\/pages\/4258","targetHints":{"allow":["GET"]}}],"collection":[{"href":"https:\/\/weather-radar-live.com\/sv\/wp-json\/wp\/v2\/pages"}],"about":[{"href":"https:\/\/weather-radar-live.com\/sv\/wp-json\/wp\/v2\/types\/page"}],"author":[{"embeddable":true,"href":"https:\/\/weather-radar-live.com\/sv\/wp-json\/wp\/v2\/users\/1"}],"replies":[{"embeddable":true,"href":"https:\/\/weather-radar-live.com\/sv\/wp-json\/wp\/v2\/comments?post=4258"}],"version-history":[{"count":2,"href":"https:\/\/weather-radar-live.com\/sv\/wp-json\/wp\/v2\/pages\/4258\/revisions"}],"predecessor-version":[{"id":4283,"href":"https:\/\/weather-radar-live.com\/sv\/wp-json\/wp\/v2\/pages\/4258\/revisions\/4283"}],"wp:attachment":[{"href":"https:\/\/weather-radar-live.com\/sv\/wp-json\/wp\/v2\/media?parent=4258"}],"curies":[{"name":"wp","href":"https:\/\/api.w.org\/{rel}","templated":true}]}}