{"id":3704,"date":"2022-04-19T14:04:52","date_gmt":"2022-04-19T12:04:52","guid":{"rendered":"https:\/\/weather-radar-live.com\/webcam-la-bresse\/"},"modified":"2022-07-15T13:20:40","modified_gmt":"2022-07-15T11:20:40","slug":"webcam-la-bresse","status":"publish","type":"page","link":"https:\/\/weather-radar-live.com\/sv\/webbkamera\/frankrike\/webcam-la-bresse\/","title":{"rendered":"Webbkamera La Bresse"},"content":{"rendered":"<div id=\"weath-3378142957\" class=\"weath-vor-dem-inhalt weath-entity-placement\" style=\"margin-top: 15px;margin-right: 25px;margin-bottom: 40px;margin-left: 25px;\"><script async src=\"\/\/pagead2.googlesyndication.com\/pagead\/js\/adsbygoogle.js?client=ca-pub-8960936133935804\" crossorigin=\"anonymous\"><\/script><ins class=\"adsbygoogle\" style=\"display:block;\" data-ad-client=\"ca-pub-8960936133935804\" \ndata-ad-slot=\"6172817020\" \ndata-ad-format=\"auto\"><\/ins>\n<script> \n(adsbygoogle = window.adsbygoogle || []).push({}); \n<\/script>\n<\/div>\n<div class=\"wp-block-cover alignfull is-light\"><span aria-hidden=\"true\" class=\"wp-block-cover__gradient-background has-background-dim\"><\/span><img decoding=\"async\" class=\"wp-block-cover__image-background wp-image-342\" alt=\"Webcam La Bresse\" src=\"https:\/\/weather-radar-live.com\/wp-content\/uploads\/2021\/06\/sam-schooler-E9aetBe2w40-unsplash-e1622554814366.jpg\" data-object-fit=\"cover\"\/><div class=\"wp-block-cover__inner-container is-layout-flow wp-block-cover-is-layout-flow\">\n<h2 class=\"has-text-align-center heading wp-block-heading\" id=\"webcam-fort-mahon\" style=\"font-size:40px\"><strong><mark style=\"background-color:rgba(0, 0, 0, 0)\" class=\"has-inline-color has-base-3-color\">WEBCAM <\/mark><br><mark style=\"background-color:rgba(0, 0, 0, 0)\" class=\"has-inline-color has-base-3-color\">LA BRESSE<\/mark><\/strong><\/h2>\n<\/div><\/div>\n\n\n<div class=\"yoast-breadcrumbs\"><span><span><a href=\"https:\/\/weather-radar-live.com\/sv\/\">Weather Radar Live<\/a><\/span> \u00bb <span><a href=\"https:\/\/weather-radar-live.com\/sv\/webbkamera\/\">Webbkamera<\/a><\/span> \u00bb <span><a href=\"https:\/\/weather-radar-live.com\/sv\/webbkamera\/frankrike\/\">Frankrike<\/a><\/span> \u00bb <span class=\"breadcrumb_last\" aria-current=\"page\"><strong>Webbkamera La Bresse<\/strong><\/span><\/span><\/div>\n\n\n<h2 class=\"has-text-align-center wp-block-heading\" id=\"webcam-fort-mahon\"><strong>Webbkamera La Bresse<\/strong><\/h2>\n\n\n\n<p>La Bresse \u00e4r en kommun och en liten bergsby som ligger p\u00e5 Vosgesbergen i Grand Est i nord\u00f6stra Frankrike. Omr\u00e5det lockar m\u00e5nga bes\u00f6kare och har blivit en plats f\u00f6r skidorter och m\u00e5nga friluftsaktiviteter. Det ligger i Moselotte-flodens dalg\u00e5ng i den regionala parken Vosges cirka 45 kilometer v\u00e4ster om Colmar och 55 kilometer nordv\u00e4st om Mulhouse.<\/p>\n\n\n\n<p>F\u00f6r natur- och djur\u00e4lskare \u00e4r La Bresse en av de mest k\u00e4nda platserna i Europa. N\u00e4r du planerar en resa till La Bresse kan du vara intresserad av att se skidf\u00f6rh\u00e5llanden i realtid. Webcam La Bresse ger dig den senaste informationen. I n\u00e4sta avsnitt behandlas v\u00e4dret i la Bresse, klimatet, och en del information om La Bresse Hohneck Resort.<\/p><div id=\"weath-3027378027\" class=\"weath-inhalt_2 weath-entity-placement\" style=\"margin-top: 15px;margin-right: 25px;margin-bottom: 35px;margin-left: 25px;\"><script async src=\"\/\/pagead2.googlesyndication.com\/pagead\/js\/adsbygoogle.js?client=ca-pub-8960936133935804\" crossorigin=\"anonymous\"><\/script><ins class=\"adsbygoogle\" style=\"display:block;\" data-ad-client=\"ca-pub-8960936133935804\" \ndata-ad-slot=\"1963584050\" \ndata-ad-format=\"auto\"><\/ins>\n<script> \n(adsbygoogle = window.adsbygoogle || []).push({}); \n<\/script>\n<\/div>\n\n\n\n<div class=\"wp-block-columns is-layout-flex wp-container-core-columns-is-layout-9d6595d7 wp-block-columns-is-layout-flex\">\n<div class=\"wp-block-column webcam-column is-layout-flow wp-block-column-is-layout-flow\">\n<h3 class=\"has-text-align-center wp-block-heading\"><strong> \ud83d\udd34 Webbkamera La Bresse<\/strong> Front de Neige<\/h3>\n\n\n\n<a name=\"windy-webcam-timelapse-player\" data-id=\"1582614103\" data-play=\"day\" href=\"https:\/\/windy.com\/webcams\/1582614103\" target=\"_blank\" rel=\"noopener\">Woll<\/a><script async=\"\" type=\"text\/javascript\" src=\"https:\/\/webcams.windy.com\/webcams\/public\/embed\/script\/player.js\"><\/script>\n<\/div>\n\n\n\n<div class=\"wp-block-column webcam-column is-layout-flow wp-block-column-is-layout-flow\">\n<h3 class=\"has-text-align-center live-emoji wp-block-heading\"><strong> \ud83d\udd34 Webbkamera La Bresse<\/strong> Petit Artimont<\/h3>\n\n\n\n<a name=\"windy-webcam-timelapse-player\" data-id=\"1582613209\" data-play=\"day\" href=\"https:\/\/windy.com\/webcams\/1582613209\" target=\"_blank\" rel=\"noopener\">Woll &#8217; S\u00fcd: Petit Artimont<\/a><script async=\"\" type=\"text\/javascript\" src=\"https:\/\/webcams.windy.com\/webcams\/public\/embed\/script\/player.js\"><\/script>\n<\/div>\n<\/div>\n\n\n\n<h2 class=\"wp-block-heading\" id=\"fort-mahon-today\"><strong><strong>V\u00e4derradar La Bresse &#8211; V\u00e4dret i La Bresse<\/strong><\/strong><\/h2>\n\n\n\n<p>Att f\u00e5 realtidsinformation relaterad till v\u00e4deruppdateringar, <a href=\"https:\/\/weather-radar-live.com\/sv\/snokarta\/\">sn\u00f6summor<\/a>, <a href=\"https:\/\/weather-radar-live.com\/sv\/regnradar\/\">nederb\u00f6rd<\/a> och <a href=\"https:\/\/weather-radar-live.com\/sv\/storm-radar\/\">stormar<\/a> \u00e4r ganska enkelt med <a href=\"https:\/\/weather-radar-live.com\/sv\/\">Weather Radar<\/a> La Bresse. Webbkamerorna i La Bresse kan ses fr\u00e5n olika platser, s\u00e5 att du kan f\u00e5 en n\u00e4rmare titt p\u00e5 den \u00f6nskade platsen. Visa webbkamerorna i La Bresse med olika tidsintervall genom att klicka p\u00e5 en webbkameravisning och bl\u00e4ddra bland bilderna. Om du dessutom anv\u00e4nder alternativen f\u00f6r inzoomning och utzoomning \u00e4r det l\u00e4tt att se exakt den plats som du \u00e4r intresserad av att titta p\u00e5.<\/p>\n\n\n\n<div class=\"wp-block-columns is-layout-flex wp-container-core-columns-is-layout-9d6595d7 wp-block-columns-is-layout-flex\">\n<div class=\"wp-block-column is-layout-flow wp-block-column-is-layout-flow\" style=\"flex-basis:75%\">\n<iframe loading=\"lazy\" width=\"1300\" height=\"502\" src=\"https:\/\/embed.windy.com\/embed2.html?lat=48.026&amp;lon=6.989&amp;detailLat=49.476&amp;detailLon=11.048&amp;width=1300&amp;height=508&amp;zoom=11&amp;level=surface&amp;overlay=radar&amp;product=radar&amp;menu=&amp;message=&amp;marker=&amp;calendar=now&amp;pressure=&amp;type=map&amp;location=coordinates&amp;detail=&amp;metricWind=default&amp;metricTemp=default&amp;radarRange=-1\" frameborder=\"0\"><\/iframe>\n<\/div>\n\n\n\n<div class=\"wp-block-column is-layout-flow wp-block-column-is-layout-flow\" style=\"flex-basis:25%\">\n<div align=\"center\"><a class=\"weatherwidget-io\" href=\"https:\/\/forecast7.com\/sv\/48d006d87\/la-bresse\/\" data-label_1=\"LA BRESSE\" data-theme=\"original\">LA BRESSE<\/a>\n<script>\n!function(d,s,id){var js,fjs=d.getElementsByTagName(s)[0];if(!d.getElementById(id)){js=d.createElement(s);js.id=id;js.src='https:\/\/weatherwidget.io\/js\/widget.min.js';fjs.parentNode.insertBefore(js,fjs);}}(document,'script','weatherwidget-io-js');\n<\/script><\/div>\n<\/div>\n<\/div>\n\n\n\n<h2 class=\"wp-block-heading\" id=\"fort-mahon-weather\"><strong><strong>Klimatet i La Bresse<\/strong><\/strong><\/h2>\n\n\n\n<p>Klimatet i La Bresse \u00e4r tempererat och varmt. Den ligger p\u00e5 det norra halvklotet. Staden har en betydande nederb\u00f6rd. Maj har det h\u00f6gsta antalet regndagar (15,70), medan september har det l\u00e4gsta antalet regndagar (12,27 dagar). H\u00e4r \u00e4r UV-indexet 3.<\/p>\n\n\n\n<p><strong>Temperatur <\/strong><\/p>\n\n\n\n<p>La Bresse har en genomsnittlig temperatur p\u00e5 8,0 \u00b0C eller 46,4 \u00b0F.<\/p>\n\n\n\n<p><strong>Nederb\u00f6rd <\/strong><\/p>\n\n\n\n<p>Totalt faller 1256 mm eller 49,4 tum nederb\u00f6rd varje \u00e5r.<\/p>\n\n\n\n<p><strong>Luftfuktighet <\/strong><\/p>\n\n\n\n<p>I november \u00e4r den h\u00f6gsta relativa luftfuktigheten dvs. 86,55 %. I juli \u00e4r den relativa luftfuktigheten l\u00e4gst och m\u00e4ter 69,65 %.<\/p>\n\n\n\n<h2 class=\"wp-block-heading\"><strong><strong>La Bresse Hohneck Resort<\/strong><\/strong><\/h2>\n\n\n\n<p>Skidorten La Bresse Hohneck, som ligger i kommunen La Bresse, \u00e4r den st\u00f6rsta i nord\u00f6stra Frankrike, liksom i Vogeserna. Denna skidort ligger i Lorraine i hj\u00e4rtat av den regionala naturparken Ballons des Vosges. Det finns 34 sp\u00e5r, 17 skidliftar och en slalomstadion. Detta skidomr\u00e5de omfattar 220 hektar och ligger inb\u00e4ddat i mitten av skogarna i Vogeserna, i Kastelbergsektorn.<\/p>\n\n\n\n<p>Det finns mycket att g\u00f6ra utanf\u00f6r skid\u00e5kningen i La Bresse Hohneck, bland annat sl\u00e4dk\u00f6rning under alla fyra \u00e5rstider, ett fritidsbass\u00e4ngkomplex och en skridskobana. Gamla stenar och kulturintresserade kommer att gilla att utforska de n\u00e4rliggande byarna f\u00f6r att se den gamla koppargruvan, 1700-talskyrkan och olika konstverkst\u00e4der.<\/p>\n\n\n\n<p>Som det st\u00f6rsta upplysta skidomr\u00e5det i Europa utm\u00e4rker sig La Bresse Hohneck genom att erbjuda sina bes\u00f6kare nattskid\u00e5kning. Denna resort erbjuder 50 kilometer backar, en biathlonarena, 40 kilometer leder, skidhopp och till och med ett n\u00f6jesomr\u00e5de f\u00f6r familjen.<\/p>\n","protected":false},"excerpt":{"rendered":"<p>Webbkamera La Bresse La Bresse \u00e4r en kommun och en liten bergsby som ligger p\u00e5 Vosgesbergen i Grand Est i nord\u00f6stra Frankrike. Omr\u00e5det lockar m\u00e5nga bes\u00f6kare och har blivit en plats f\u00f6r skidorter och m\u00e5nga friluftsaktiviteter. Det ligger i Moselotte-flodens dalg\u00e5ng i den regionala parken Vosges cirka 45 kilometer v\u00e4ster om Colmar och 55 kilometer &#8230; <a title=\"Webbkamera La Bresse\" class=\"read-more\" href=\"https:\/\/weather-radar-live.com\/sv\/webbkamera\/frankrike\/webcam-la-bresse\/\" aria-label=\"L\u00e4s mer om Webbkamera La Bresse\">L\u00e4s mer<\/a><\/p>\n","protected":false},"author":1,"featured_media":3665,"parent":4182,"menu_order":0,"comment_status":"closed","ping_status":"closed","template":"","meta":{"footnotes":""},"class_list":["post-3704","page","type-page","status-publish","has-post-thumbnail"],"yoast_head":"<!-- This site is optimized with the Yoast SEO plugin v27.5 - https:\/\/yoast.com\/product\/yoast-seo-wordpress\/ -->\n<title>Webbkamera La Bresse \u2192 Titta p\u00e5 det live!<\/title>\n<meta name=\"description\" content=\"Webbkamera La Bresse | Livekamera fr\u00e5n La Bresse! \u2705 Uppdaterad f\u00f6r dig i realtid! \u2705 Aktuell v\u00e4derprognos!\" \/>\n<meta name=\"robots\" content=\"index, follow, max-snippet:-1, max-image-preview:large, max-video-preview:-1\" \/>\n<link rel=\"canonical\" href=\"https:\/\/weather-radar-live.com\/sv\/webbkamera\/frankrike\/webcam-la-bresse\/\" \/>\n<meta property=\"og:locale\" content=\"sv_SE\" \/>\n<meta property=\"og:type\" content=\"article\" \/>\n<meta property=\"og:title\" content=\"Webbkamera La Bresse \u2192 Titta p\u00e5 det live!\" \/>\n<meta property=\"og:description\" content=\"Webbkamera La Bresse | Livekamera fr\u00e5n La Bresse! \u2705 Uppdaterad f\u00f6r dig i realtid! \u2705 Aktuell v\u00e4derprognos!\" \/>\n<meta property=\"og:url\" content=\"https:\/\/weather-radar-live.com\/sv\/webbkamera\/frankrike\/webcam-la-bresse\/\" \/>\n<meta property=\"og:site_name\" content=\"weather-radar-live.com\" \/>\n<meta property=\"article:modified_time\" content=\"2022-07-15T11:20:40+00:00\" \/>\n<meta property=\"og:image\" content=\"https:\/\/weather-radar-live.com\/wp-content\/uploads\/2021\/06\/sam-schooler-E9aetBe2w40-unsplash-e1622554814366.jpg\" \/>\n<meta name=\"twitter:card\" content=\"summary_large_image\" \/>\n<meta name=\"twitter:label1\" content=\"Ber\u00e4knad l\u00e4stid\" \/>\n\t<meta name=\"twitter:data1\" content=\"3 minuter\" \/>\n<script type=\"application\/ld+json\" class=\"yoast-schema-graph\">{\"@context\":\"https:\\\/\\\/schema.org\",\"@graph\":[{\"@type\":\"WebPage\",\"@id\":\"https:\\\/\\\/weather-radar-live.com\\\/sv\\\/webbkamera\\\/frankrike\\\/webcam-la-bresse\\\/\",\"url\":\"https:\\\/\\\/weather-radar-live.com\\\/sv\\\/webbkamera\\\/frankrike\\\/webcam-la-bresse\\\/\",\"name\":\"Webbkamera La Bresse \u2192 Titta p\u00e5 det live!\",\"isPartOf\":{\"@id\":\"https:\\\/\\\/weather-radar-live.com\\\/#website\"},\"primaryImageOfPage\":{\"@id\":\"https:\\\/\\\/weather-radar-live.com\\\/sv\\\/webbkamera\\\/frankrike\\\/webcam-la-bresse\\\/#primaryimage\"},\"image\":{\"@id\":\"https:\\\/\\\/weather-radar-live.com\\\/sv\\\/webbkamera\\\/frankrike\\\/webcam-la-bresse\\\/#primaryimage\"},\"thumbnailUrl\":\"https:\\\/\\\/weather-radar-live.com\\\/wp-content\\\/uploads\\\/2022\\\/04\\\/Webcam-La-Bresse.png\",\"datePublished\":\"2022-04-19T12:04:52+00:00\",\"dateModified\":\"2022-07-15T11:20:40+00:00\",\"description\":\"Webbkamera La Bresse | Livekamera fr\u00e5n La Bresse! \u2705 Uppdaterad f\u00f6r dig i realtid! \u2705 Aktuell v\u00e4derprognos!\",\"breadcrumb\":{\"@id\":\"https:\\\/\\\/weather-radar-live.com\\\/sv\\\/webbkamera\\\/frankrike\\\/webcam-la-bresse\\\/#breadcrumb\"},\"inLanguage\":\"sv-SE\",\"potentialAction\":[{\"@type\":\"ReadAction\",\"target\":[\"https:\\\/\\\/weather-radar-live.com\\\/sv\\\/webbkamera\\\/frankrike\\\/webcam-la-bresse\\\/\"]}]},{\"@type\":\"ImageObject\",\"inLanguage\":\"sv-SE\",\"@id\":\"https:\\\/\\\/weather-radar-live.com\\\/sv\\\/webbkamera\\\/frankrike\\\/webcam-la-bresse\\\/#primaryimage\",\"url\":\"https:\\\/\\\/weather-radar-live.com\\\/wp-content\\\/uploads\\\/2022\\\/04\\\/Webcam-La-Bresse.png\",\"contentUrl\":\"https:\\\/\\\/weather-radar-live.com\\\/wp-content\\\/uploads\\\/2022\\\/04\\\/Webcam-La-Bresse.png\",\"width\":299,\"height\":199,\"caption\":\"Webcam-La-Bresse\"},{\"@type\":\"BreadcrumbList\",\"@id\":\"https:\\\/\\\/weather-radar-live.com\\\/sv\\\/webbkamera\\\/frankrike\\\/webcam-la-bresse\\\/#breadcrumb\",\"itemListElement\":[{\"@type\":\"ListItem\",\"position\":1,\"name\":\"Weather Radar Live\",\"item\":\"https:\\\/\\\/weather-radar-live.com\\\/sv\\\/\"},{\"@type\":\"ListItem\",\"position\":2,\"name\":\"Webbkamera\",\"item\":\"https:\\\/\\\/weather-radar-live.com\\\/sv\\\/webbkamera\\\/\"},{\"@type\":\"ListItem\",\"position\":3,\"name\":\"Frankrike\",\"item\":\"https:\\\/\\\/weather-radar-live.com\\\/sv\\\/webbkamera\\\/frankrike\\\/\"},{\"@type\":\"ListItem\",\"position\":4,\"name\":\"Webbkamera La Bresse\"}]},{\"@type\":\"WebSite\",\"@id\":\"https:\\\/\\\/weather-radar-live.com\\\/#website\",\"url\":\"https:\\\/\\\/weather-radar-live.com\\\/\",\"name\":\"weather-radar-live.com\",\"description\":\"Your weather and sky radar.\",\"publisher\":{\"@id\":\"https:\\\/\\\/weather-radar-live.com\\\/#organization\"},\"potentialAction\":[{\"@type\":\"SearchAction\",\"target\":{\"@type\":\"EntryPoint\",\"urlTemplate\":\"https:\\\/\\\/weather-radar-live.com\\\/?s={search_term_string}\"},\"query-input\":{\"@type\":\"PropertyValueSpecification\",\"valueRequired\":true,\"valueName\":\"search_term_string\"}}],\"inLanguage\":\"sv-SE\"},{\"@type\":\"Organization\",\"@id\":\"https:\\\/\\\/weather-radar-live.com\\\/#organization\",\"name\":\"weather-radar-live.com\",\"url\":\"https:\\\/\\\/weather-radar-live.com\\\/\",\"logo\":{\"@type\":\"ImageObject\",\"inLanguage\":\"sv-SE\",\"@id\":\"https:\\\/\\\/weather-radar-live.com\\\/#\\\/schema\\\/logo\\\/image\\\/\",\"url\":\"https:\\\/\\\/weather-radar-live.com\\\/wp-content\\\/uploads\\\/2022\\\/03\\\/cropped-WRL2503.png\",\"contentUrl\":\"https:\\\/\\\/weather-radar-live.com\\\/wp-content\\\/uploads\\\/2022\\\/03\\\/cropped-WRL2503.png\",\"width\":1920,\"height\":555,\"caption\":\"weather-radar-live.com\"},\"image\":{\"@id\":\"https:\\\/\\\/weather-radar-live.com\\\/#\\\/schema\\\/logo\\\/image\\\/\"}}]}<\/script>\n<!-- \/ Yoast SEO plugin. -->","yoast_head_json":{"title":"Webbkamera La Bresse \u2192 Titta p\u00e5 det live!","description":"Webbkamera La Bresse | Livekamera fr\u00e5n La Bresse! \u2705 Uppdaterad f\u00f6r dig i realtid! \u2705 Aktuell v\u00e4derprognos!","robots":{"index":"index","follow":"follow","max-snippet":"max-snippet:-1","max-image-preview":"max-image-preview:large","max-video-preview":"max-video-preview:-1"},"canonical":"https:\/\/weather-radar-live.com\/sv\/webbkamera\/frankrike\/webcam-la-bresse\/","og_locale":"sv_SE","og_type":"article","og_title":"Webbkamera La Bresse \u2192 Titta p\u00e5 det live!","og_description":"Webbkamera La Bresse | Livekamera fr\u00e5n La Bresse! \u2705 Uppdaterad f\u00f6r dig i realtid! \u2705 Aktuell v\u00e4derprognos!","og_url":"https:\/\/weather-radar-live.com\/sv\/webbkamera\/frankrike\/webcam-la-bresse\/","og_site_name":"weather-radar-live.com","article_modified_time":"2022-07-15T11:20:40+00:00","og_image":[{"url":"https:\/\/weather-radar-live.com\/wp-content\/uploads\/2021\/06\/sam-schooler-E9aetBe2w40-unsplash-e1622554814366.jpg","type":"","width":"","height":""}],"twitter_card":"summary_large_image","twitter_misc":{"Ber\u00e4knad l\u00e4stid":"3 minuter"},"schema":{"@context":"https:\/\/schema.org","@graph":[{"@type":"WebPage","@id":"https:\/\/weather-radar-live.com\/sv\/webbkamera\/frankrike\/webcam-la-bresse\/","url":"https:\/\/weather-radar-live.com\/sv\/webbkamera\/frankrike\/webcam-la-bresse\/","name":"Webbkamera La Bresse \u2192 Titta p\u00e5 det live!","isPartOf":{"@id":"https:\/\/weather-radar-live.com\/#website"},"primaryImageOfPage":{"@id":"https:\/\/weather-radar-live.com\/sv\/webbkamera\/frankrike\/webcam-la-bresse\/#primaryimage"},"image":{"@id":"https:\/\/weather-radar-live.com\/sv\/webbkamera\/frankrike\/webcam-la-bresse\/#primaryimage"},"thumbnailUrl":"https:\/\/weather-radar-live.com\/wp-content\/uploads\/2022\/04\/Webcam-La-Bresse.png","datePublished":"2022-04-19T12:04:52+00:00","dateModified":"2022-07-15T11:20:40+00:00","description":"Webbkamera La Bresse | Livekamera fr\u00e5n La Bresse! \u2705 Uppdaterad f\u00f6r dig i realtid! \u2705 Aktuell v\u00e4derprognos!","breadcrumb":{"@id":"https:\/\/weather-radar-live.com\/sv\/webbkamera\/frankrike\/webcam-la-bresse\/#breadcrumb"},"inLanguage":"sv-SE","potentialAction":[{"@type":"ReadAction","target":["https:\/\/weather-radar-live.com\/sv\/webbkamera\/frankrike\/webcam-la-bresse\/"]}]},{"@type":"ImageObject","inLanguage":"sv-SE","@id":"https:\/\/weather-radar-live.com\/sv\/webbkamera\/frankrike\/webcam-la-bresse\/#primaryimage","url":"https:\/\/weather-radar-live.com\/wp-content\/uploads\/2022\/04\/Webcam-La-Bresse.png","contentUrl":"https:\/\/weather-radar-live.com\/wp-content\/uploads\/2022\/04\/Webcam-La-Bresse.png","width":299,"height":199,"caption":"Webcam-La-Bresse"},{"@type":"BreadcrumbList","@id":"https:\/\/weather-radar-live.com\/sv\/webbkamera\/frankrike\/webcam-la-bresse\/#breadcrumb","itemListElement":[{"@type":"ListItem","position":1,"name":"Weather Radar Live","item":"https:\/\/weather-radar-live.com\/sv\/"},{"@type":"ListItem","position":2,"name":"Webbkamera","item":"https:\/\/weather-radar-live.com\/sv\/webbkamera\/"},{"@type":"ListItem","position":3,"name":"Frankrike","item":"https:\/\/weather-radar-live.com\/sv\/webbkamera\/frankrike\/"},{"@type":"ListItem","position":4,"name":"Webbkamera La Bresse"}]},{"@type":"WebSite","@id":"https:\/\/weather-radar-live.com\/#website","url":"https:\/\/weather-radar-live.com\/","name":"weather-radar-live.com","description":"Your weather and sky radar.","publisher":{"@id":"https:\/\/weather-radar-live.com\/#organization"},"potentialAction":[{"@type":"SearchAction","target":{"@type":"EntryPoint","urlTemplate":"https:\/\/weather-radar-live.com\/?s={search_term_string}"},"query-input":{"@type":"PropertyValueSpecification","valueRequired":true,"valueName":"search_term_string"}}],"inLanguage":"sv-SE"},{"@type":"Organization","@id":"https:\/\/weather-radar-live.com\/#organization","name":"weather-radar-live.com","url":"https:\/\/weather-radar-live.com\/","logo":{"@type":"ImageObject","inLanguage":"sv-SE","@id":"https:\/\/weather-radar-live.com\/#\/schema\/logo\/image\/","url":"https:\/\/weather-radar-live.com\/wp-content\/uploads\/2022\/03\/cropped-WRL2503.png","contentUrl":"https:\/\/weather-radar-live.com\/wp-content\/uploads\/2022\/03\/cropped-WRL2503.png","width":1920,"height":555,"caption":"weather-radar-live.com"},"image":{"@id":"https:\/\/weather-radar-live.com\/#\/schema\/logo\/image\/"}}]}},"_links":{"self":[{"href":"https:\/\/weather-radar-live.com\/sv\/wp-json\/wp\/v2\/pages\/3704","targetHints":{"allow":["GET"]}}],"collection":[{"href":"https:\/\/weather-radar-live.com\/sv\/wp-json\/wp\/v2\/pages"}],"about":[{"href":"https:\/\/weather-radar-live.com\/sv\/wp-json\/wp\/v2\/types\/page"}],"author":[{"embeddable":true,"href":"https:\/\/weather-radar-live.com\/sv\/wp-json\/wp\/v2\/users\/1"}],"replies":[{"embeddable":true,"href":"https:\/\/weather-radar-live.com\/sv\/wp-json\/wp\/v2\/comments?post=3704"}],"version-history":[{"count":2,"href":"https:\/\/weather-radar-live.com\/sv\/wp-json\/wp\/v2\/pages\/3704\/revisions"}],"predecessor-version":[{"id":4556,"href":"https:\/\/weather-radar-live.com\/sv\/wp-json\/wp\/v2\/pages\/3704\/revisions\/4556"}],"up":[{"embeddable":true,"href":"https:\/\/weather-radar-live.com\/sv\/wp-json\/wp\/v2\/pages\/4182"}],"wp:featuredmedia":[{"embeddable":true,"href":"https:\/\/weather-radar-live.com\/sv\/wp-json\/wp\/v2\/media\/3665"}],"wp:attachment":[{"href":"https:\/\/weather-radar-live.com\/sv\/wp-json\/wp\/v2\/media?parent=3704"}],"curies":[{"name":"wp","href":"https:\/\/api.w.org\/{rel}","templated":true}]}}