{"id":2352,"date":"2021-12-13T16:18:52","date_gmt":"2021-12-13T15:18:52","guid":{"rendered":"https:\/\/weather-radar-live.com\/?page_id=2352"},"modified":"2021-12-13T16:57:26","modified_gmt":"2021-12-13T15:57:26","slug":"vulkanutbrott","status":"publish","type":"page","link":"https:\/\/weather-radar-live.com\/sv\/vulkanutbrott\/","title":{"rendered":"Vulkanutbrott"},"content":{"rendered":"<div id=\"weath-705299778\" class=\"weath-vor-dem-inhalt weath-entity-placement\" style=\"margin-top: 15px;margin-right: 25px;margin-bottom: 40px;margin-left: 25px;\"><script async src=\"\/\/pagead2.googlesyndication.com\/pagead\/js\/adsbygoogle.js?client=ca-pub-8960936133935804\" crossorigin=\"anonymous\"><\/script><ins class=\"adsbygoogle\" style=\"display:block;\" data-ad-client=\"ca-pub-8960936133935804\" \ndata-ad-slot=\"6172817020\" \ndata-ad-format=\"auto\"><\/ins>\n<script> \n(adsbygoogle = window.adsbygoogle || []).push({}); \n<\/script>\n<\/div>\n<div class=\"wp-block-cover alignfull has-background-dim\"><img loading=\"lazy\" decoding=\"async\" width=\"1920\" height=\"1440\" class=\"wp-block-cover__image-background wp-image-1261\" alt=\"\" src=\"https:\/\/weather-radar-live.com\/wp-content\/uploads\/2021\/10\/Volcano-erupting.jpg\" data-object-fit=\"cover\" srcset=\"https:\/\/weather-radar-live.com\/wp-content\/uploads\/2021\/10\/Volcano-erupting.jpg 1920w, https:\/\/weather-radar-live.com\/wp-content\/uploads\/2021\/10\/Volcano-erupting-300x225.jpg 300w, https:\/\/weather-radar-live.com\/wp-content\/uploads\/2021\/10\/Volcano-erupting-1024x768.jpg 1024w, https:\/\/weather-radar-live.com\/wp-content\/uploads\/2021\/10\/Volcano-erupting-768x576.jpg 768w, https:\/\/weather-radar-live.com\/wp-content\/uploads\/2021\/10\/Volcano-erupting-1536x1152.jpg 1536w\" sizes=\"auto, (max-width: 1920px) 100vw, 1920px\" \/><div class=\"wp-block-cover__inner-container is-layout-flow wp-block-cover-is-layout-flow\">\n<h2 class=\"has-text-align-center heading wp-block-heading\" style=\"font-size:60px\"><span style=\"color:#f59800\" class=\"has-inline-color\"><strong>VULKANUTBROTT<\/strong><\/span><\/h2>\n<\/div><\/div>\n\n\n<h2 style=\"text-align: center;\"><span style=\"color: #f59800;\"><b>Aktuella vulkanutbrott &#8211; Se de aktiva vulkanerna p\u00e5 vulkankartan<\/b><\/span><\/h2>\n<p>P\u00e5 v\u00e5r planet finns ett stort antal aktiva vulkaner som har regelbunden aktivitet. Ofta sker det stora utbrott, som kan \u00e5tf\u00f6ljas av en <span style=\"color: #f59000;\"><strong><a style=\"color: #f59000;\" href=\"https:\/\/weather-radar-live.com\/sv\/jordbavningar\/\">jordb\u00e4vningar<\/a><\/strong><\/span>. Vill du veta var det finns aktiva vulkaner i v\u00e4rlden och var en vulkan nyligen har haft utbrott?<\/p>\n<p>V\u00e5r vulkankarta visar dig v\u00e4rldens vulkaner. Med hj\u00e4lp av kartan har du olika m\u00f6jligheter att filtrera vulkanerna. Vi kommer att g\u00e5 in mer i detalj p\u00e5 detta om en stund. Dessutom visar vulkankartan dig de senaste jordb\u00e4vningarna som har intr\u00e4ffat runt om i v\u00e4rlden. \u00c4r du redo att uppt\u00e4cka v\u00e4rldens vulkaner i utbrott?<\/p><div id=\"weath-1289853787\" class=\"weath-inhalt_2 weath-entity-placement\" style=\"margin-top: 15px;margin-right: 25px;margin-bottom: 35px;margin-left: 25px;\"><script async src=\"\/\/pagead2.googlesyndication.com\/pagead\/js\/adsbygoogle.js?client=ca-pub-8960936133935804\" crossorigin=\"anonymous\"><\/script><ins class=\"adsbygoogle\" style=\"display:block;\" data-ad-client=\"ca-pub-8960936133935804\" \ndata-ad-slot=\"1963584050\" \ndata-ad-format=\"auto\"><\/ins>\n<script> \n(adsbygoogle = window.adsbygoogle || []).push({}); \n<\/script>\n<\/div>\n\n\n<iframe loading=\"lazy\" id=\"VW_iframe\" width=\"1300px\" height=\"600\" scrolling=\"no\" frameborder=\"0\" marginwidth=\"0\" marginheight=\"0\" src=\"https:\/\/earthquakes.volcanodiscovery.com?hideQuakes=1\"><\/iframe>\n\n\n\n<p class=\"has-text-align-center\"><sup>Kartan kommer att visa dig trianglar f\u00f6r vulkaner och cirklar f\u00f6r nyligen intr\u00e4ffade jordb\u00e4vningar. Om du klickar p\u00e5 vulkanen eller jordb\u00e4vningen med musen (p\u00e5 smarttelefonen med fingret) f\u00e5r du mer information om den.<\/sup><\/p>\n\n\n\n<div style=\"height:40px\" aria-hidden=\"true\" class=\"wp-block-spacer\"><\/div>\n\n\n<h2 style=\"text-align: center;\"><span style=\"color: #f59800;\"><b>Var finns vulkanerna? Har en vulkan ett utbrott just nu? S\u00e5 h\u00e4r kan du l\u00e4sa vulkankartan:<\/b><\/span><\/h2>\n<p>P\u00e5 vulkankartan har du m\u00f6jlighet att filtrera <a href=\"https:\/\/www.nrm.se\/faktaomnaturenochrymden\/geologi\/vulkanerochjordbavningar\/vulkanerochvulkanism.1070.html\"><strong>vulkaner<\/strong><\/a>. F\u00f6r att g\u00f6ra detta hittar du olika ikoner h\u00f6gst upp p\u00e5 kartan som du kan anv\u00e4nda f\u00f6r att justera urvalet av vulkaner. Om du inte ser ikonerna \u00e4r det bara att klicka eller trycka p\u00e5 den m\u00f6rka vulkanikonen. Vi kommer att f\u00f6rklara kortfattat vilken ikon som representerar vilket urval:<\/p>\n<p><img loading=\"lazy\" decoding=\"async\" class=\"alignnone\" src=\"https:\/\/www.volcanoesandearthquakes.com\/fileadmin\/voldis\/png\/volcano_level1.png\" alt=\"alla vulkaner, \u00e4ven vilande\" width=\"20\" height=\"20\"> Om du klickar p\u00e5 den gr\u00f6na ikonen visas alla vulkaner i den h\u00e4r v\u00e4rlden f\u00f6r dem. Detta urval omfattar \u00e4ven vulkaner som inte har varit aktiva p\u00e5 l\u00e4nge och som har varit vilande i m\u00e5nga \u00e5r.<\/p>\n<p><img loading=\"lazy\" decoding=\"async\" class=\"alignnone\" src=\"https:\/\/ww2.volcanodiscovery.com\/fileadmin\/voldis\/png\/volcano_level0.png\" alt=\"Utd\u00f6da vulkaner\" width=\"20\" height=\"20\"> Om alla vulkaner visas p\u00e5 kartan kan du ocks\u00e5 se den h\u00e4r symbolen. Den m\u00f6rka vulkanen visar att den h\u00e4r vulkanen \u00e4r helt utd\u00f6d och inte l\u00e4ngre har n\u00e5gon aktivitet.<\/p>\n<p><img loading=\"lazy\" decoding=\"async\" class=\"alignnone\" style=\"font-size: inherit;\" src=\"https:\/\/www.volcanoesandearthquakes.com\/fileadmin\/voldis\/png\/volcano_level2.png\" alt=\"Knappt n\u00e5gra aktiva vulkaner\" width=\"20\" height=\"20\"> Vulkaner som visas i gult \u00e4r instabila vulkaner som har regelbunden och ganska svag aktivitet. Dessa vulkaner har dock inte haft n\u00e5gra st\u00f6rre utbrott under den senaste tiden.<\/p>\n<p><img loading=\"lazy\" decoding=\"async\" class=\"alignnone\" src=\"https:\/\/www.volcanoesandearthquakes.com\/fileadmin\/voldis\/png\/volcano_level3.png\" alt=\"Ibland aktiva vulkaner\" width=\"20\" height=\"20\"> F\u00f6r orange vulkaner finns det aktuella varningar som tyder p\u00e5 ett st\u00f6rre utbrott inom en snar framtid. Vulkaner av denna typ kan redan vara aktiva, men ett st\u00f6rre utbrott har \u00e4nnu inte intr\u00e4ffat.<\/p>\n<p><img loading=\"lazy\" decoding=\"async\" class=\"alignnone\" src=\"https:\/\/www.volcanoesandearthquakes.com\/fileadmin\/voldis\/png\/volcano_level4.png\" alt=\"Nuvarande vulkaner som har utbrott\" width=\"20\" height=\"20\"> Stor f\u00f6rsiktighet kr\u00e4vs f\u00f6r r\u00f6da vulkaner: H\u00e4r r\u00e5der f\u00f6r n\u00e4rvarande en farosituation och en aktuell utbrottsvarning. H\u00e4r p\u00e5g\u00e5r redan ett st\u00f6rre utbrott som \u00e5tf\u00f6ljs av farliga lavastr\u00f6mmar och stora askmoln.<\/p>\n<p><img loading=\"lazy\" decoding=\"async\" class=\"alignnone wp-image-1271\" src=\"https:\/\/weather-radar-live.com\/wp-content\/uploads\/2021\/10\/Vulkankarte-Kartentypen-300x41.png\" alt=\"Karta \u00f6ver vulkaner Karttyper\" width=\"190\" height=\"26\" srcset=\"https:\/\/weather-radar-live.com\/wp-content\/uploads\/2021\/10\/Vulkankarte-Kartentypen-300x41.png 300w, https:\/\/weather-radar-live.com\/wp-content\/uploads\/2021\/10\/Vulkankarte-Kartentypen.png 413w\" sizes=\"auto, (max-width: 190px) 100vw, 190px\" \/> I det \u00f6vre v\u00e4nstra omr\u00e5det p\u00e5 kartan har du m\u00f6jlighet att \u00e4ndra kartvyn. H\u00e4r kan du v\u00e4lja mellan terr\u00e4ng-, satellit-, hybrid-, v\u00e4g- och jordpl\u00e5tskartan.<\/p>\n<p><\/p>\n<h2 style=\"text-align: center;\"><span style=\"color: #f59800;\"><b>H\u00e4r \u00e4r vad du b\u00f6r veta om vulkaner:<\/b><\/span><\/h2>\n<h3><span style=\"color: #f59800;\"><strong>Vad \u00e4r vulkaner?<\/strong><\/span><\/h3>\n<p>Vulkaner \u00e4r \u00f6ppningar i jordskorpan genom vilka sm\u00e4lt lava och lavasten sl\u00e4pps ut till jordytan. De l\u00e5ter ocks\u00e5 aska och gaser fr\u00e5n jordens inre komma ut. Oftast bildas vulkaner vid gr\u00e4nserna mellan jordplattorna. P\u00e5 grund av plattornas st\u00e4ndiga r\u00f6relse, som kan vara upp till n\u00e5gra centimeter per \u00e5r, \u00e4r det s\u00e4rskilt l\u00e4tt f\u00f6r lavan att n\u00e5 jordytan h\u00e4r.<\/p>\n<h3><span style=\"color: #f59800;\"><strong>Hur bildas vulkaner, hur bildas de?<\/strong><\/span><\/h3>\n<p>Under \u00e5rhundraden ackumuleras stenfragment och aska i s\u00e5dan utstr\u00e4ckning att ett vulkaniskt berg bildas. Den h\u00e4r formen av vulkan kallas ocks\u00e5 f\u00f6r <strong>stratovulkan<\/strong>. En <strong>sk\u00f6ldvulkan<\/strong> \u00e5 andra sidan bildas n\u00e4r lava str\u00f6mmar ut under l\u00e5ng tid och svalnar, vilket skapar platta vulkanlandskap som liknar en platt sk\u00f6ld i utseendet. Dessa finns s\u00e4rskilt ofta p\u00e5 Hawaii. \u00c4ven <strong>dottervulkaner<\/strong> ska uppt\u00e4ckas d\u00e5 och d\u00e5. Dessa bildas n\u00e4r en utd\u00f6d vulkan blir aktiv igen och en ny vulkan bildas i den tomma magmakammaren (caldera). Ett exempel p\u00e5 en dottervulkan \u00e4r Vesuvius i Neapel i Italien.<\/p>\n<h3><span style=\"color: #f59800;\"><strong>Vad utl\u00f6ser ett vulkanutbrott?<\/strong><\/span><\/h3>\n<p>F\u00f6r att ett vulkanutbrott ska intr\u00e4ffa kr\u00e4vs ett stort tryck inuti vulkanen. Detta tryck skapas av de h\u00f6ga temperaturerna i jorden och gaserna i vulkanen. N\u00e4r temperaturen \u00e4r tillr\u00e4ckligt h\u00f6g b\u00f6rjar berget inuti vulkanen sm\u00e4lta. Den magma som bildas s\u00f6ker sig sedan ut.<\/p>\n<h3><span style=\"color: #f59800;\"><strong>Hur bryter en vulkan ut?<\/strong><\/span><\/h3>\n<p>I de flesta fall sl\u00e4pps sedan allt tryck inuti vulkanen ut i ett enda slag p\u00e5 br\u00e5kdelen av ett \u00f6gonblick. Det kan liknas vid en champagneflaska d\u00e4r korken flyger ut. I det \u00f6gonblicket g\u00f6r vulkanen ett utbrott och skickar magma, sten och gaser ut till utsidan.<\/p>\n<p><\/p>\n\n\n<div class=\"wp-block-cover alignfull has-background-dim-70 has-background-dim\"><img loading=\"lazy\" decoding=\"async\" width=\"1920\" height=\"1440\" class=\"wp-block-cover__image-background wp-image-1261\" alt=\"\" src=\"https:\/\/weather-radar-live.com\/wp-content\/uploads\/2021\/10\/Volcano-erupting.jpg\" data-object-fit=\"cover\" srcset=\"https:\/\/weather-radar-live.com\/wp-content\/uploads\/2021\/10\/Volcano-erupting.jpg 1920w, https:\/\/weather-radar-live.com\/wp-content\/uploads\/2021\/10\/Volcano-erupting-300x225.jpg 300w, https:\/\/weather-radar-live.com\/wp-content\/uploads\/2021\/10\/Volcano-erupting-1024x768.jpg 1024w, https:\/\/weather-radar-live.com\/wp-content\/uploads\/2021\/10\/Volcano-erupting-768x576.jpg 768w, https:\/\/weather-radar-live.com\/wp-content\/uploads\/2021\/10\/Volcano-erupting-1536x1152.jpg 1536w\" sizes=\"auto, (max-width: 1920px) 100vw, 1920px\" \/><div class=\"wp-block-cover__inner-container is-layout-flow wp-block-cover-is-layout-flow\">\n<p><\/p>\n\n\n\n<p class=\"has-text-align-center\" id=\"Teppichklopfen\" style=\"font-size:35px\"><strong><strong>VIDEOS av vulkaner i utbrott!<\/strong><\/strong><\/p>\n\n\n\n<div class=\"wp-block-columns is-layout-flex wp-container-core-columns-is-layout-9d6595d7 wp-block-columns-is-layout-flex\">\n<div class=\"wp-block-column is-layout-flow wp-block-column-is-layout-flow\" style=\"flex-basis:25%\"><\/div>\n\n\n\n<div class=\"wp-block-column is-layout-flow wp-block-column-is-layout-flow\" style=\"flex-basis:50%\"><\/div>\n\n\n\n<div class=\"wp-block-column is-layout-flow wp-block-column-is-layout-flow\" style=\"flex-basis:25%\"><\/div>\n<\/div>\n\n\n\n<div class=\"wp-block-columns is-layout-flex wp-container-core-columns-is-layout-9d6595d7 wp-block-columns-is-layout-flex\">\n<div class=\"wp-block-column is-layout-flow wp-block-column-is-layout-flow\">\n<figure class=\"wp-block-embed is-type-rich is-provider-inbaddningshanterare wp-block-embed-inbaddningshanterare wp-embed-aspect-16-9 wp-has-aspect-ratio\"><div class=\"wp-block-embed__wrapper\">\n<iframe loading=\"lazy\" title=\"Watch the EXACT moment the Stromboli volcano erupted! (03\/July\/2019)\" width=\"1200\" height=\"675\" src=\"https:\/\/www.youtube.com\/embed\/RY44HWeFcow?feature=oembed\" frameborder=\"0\" allow=\"accelerometer; autoplay; clipboard-write; encrypted-media; gyroscope; picture-in-picture\" allowfullscreen><\/iframe>\n<\/div><\/figure>\n<\/div>\n\n\n\n<div class=\"wp-block-column is-layout-flow wp-block-column-is-layout-flow\">\n<figure class=\"wp-block-embed is-type-rich is-provider-inbaddningshanterare wp-block-embed-inbaddningshanterare wp-embed-aspect-16-9 wp-has-aspect-ratio\"><div class=\"wp-block-embed__wrapper\">\n<iframe loading=\"lazy\" title=\"Momotombo Volcano Erupting at Night with Several Small Volcanic Lightning Discharges\" width=\"1200\" height=\"675\" src=\"https:\/\/www.youtube.com\/embed\/nArnNjQenkQ?feature=oembed\" frameborder=\"0\" allow=\"accelerometer; autoplay; clipboard-write; encrypted-media; gyroscope; picture-in-picture\" allowfullscreen><\/iframe>\n<\/div><\/figure>\n<\/div>\n<\/div>\n<\/div><\/div>\n\n\n<p><\/p>\n<h3><span style=\"color: #f59800;\"><strong>Hur ser en vulkan ut inifr\u00e5n?<\/strong><\/span><\/h3>\n<p>Insidan av en vulkan best\u00e5r mestadels av flytande sten som kallas magma. N\u00e4r magman l\u00e4mnar vulkanen kallas den f\u00f6r lava. F\u00f6ljande dr\u00f6narbild ger sp\u00e4nnande insikter om hur en vulkan ser ut fr\u00e5n insidan:<\/p>\n<h3><span style=\"color: #f59800;\"><strong>Vilken vulkan \u00e4r den st\u00f6rsta i v\u00e4rlden?<\/strong><\/span><\/h3>\n<p>Den st\u00f6rsta vulkanen i v\u00e4rlden \u00e4r Mauna Loa p\u00e5 Hawaii, som \u00e4r 4 170 meter \u00f6ver havet. P\u00e5 grund av att vulkanen ligger i vattnet p\u00e5 ett djup av mer \u00e4n 5 km \u00e4r den den st\u00f6rsta vulkanen i Wetl med en total h\u00f6jd p\u00e5 n\u00e4stan 10 km. F\u00f6rresten betyder Mauna Loa bokstavligen \u00f6versatt &#8221;l\u00e5ngt berg&#8221;. Den h\u00f6gsta vulkanen, m\u00e4tt i h\u00f6jd \u00f6ver havet, \u00e4r Nevado Ojos del Salado, som l\u00f6per l\u00e4ngs gr\u00e4nsen mellan Chile och Argentina och \u00e4r 6893 m h\u00f6g.<\/p>\n<h3><strong><span style=\"color: #f59800;\">Vilket vulkanutbrott var det starkaste?<\/span><\/strong><\/h3>\n<p>Det starkaste vulkanutbrottet i modern tid \u00e4gde rum i Indonesien i april 1815. Vulkanutbrottet med en kraft som motsvarar flera miljoner v\u00e4tebomber kr\u00e4vde n\u00e4stan 100 000 liv. Vulkanens explosion h\u00f6rdes n\u00e4stan 2 000 kilometer bort och orsakade att medeltemperaturen sj\u00f6nk med s\u00e5 mycket som 2 grader under det f\u00f6ljande \u00e5ret.<\/p>\n<h3><span style=\"color: #f59800;\"><strong>Hur m\u00e5nga vulkaner finns det i v\u00e4rlden?<\/strong><\/span><\/h3>\n<p>Det finns f\u00f6r n\u00e4rvarande cirka 1 500 aktiva vulkaner i v\u00e4rlden. Detta inkluderar vulkaner som har haft ett utbrott under de senaste 10 000 \u00e5ren.<\/p>\n<h3><span style=\"color: #f59800;\"><strong>Hur m\u00e5nga vulkaner finns det p\u00e5 Hawaii?<\/strong><\/span><\/h3>\n<p>Mer \u00e4n 90 olika vulkaner har hittills r\u00e4knats p\u00e5 Hawaii. Vulkanforskare misst\u00e4nker dock att det kan finnas m\u00e5nga fler vulkaner d\u00e4r.<\/p>","protected":false},"excerpt":{"rendered":"<p>Aktuella vulkanutbrott &#8211; Se de aktiva vulkanerna p\u00e5 vulkankartan P\u00e5 v\u00e5r planet finns ett stort antal aktiva vulkaner som har regelbunden aktivitet. Ofta sker det stora utbrott, som kan \u00e5tf\u00f6ljas av en jordb\u00e4vningar. Vill du veta var det finns aktiva vulkaner i v\u00e4rlden och var en vulkan nyligen har haft utbrott? V\u00e5r vulkankarta visar dig &#8230; <a title=\"Vulkanutbrott\" class=\"read-more\" href=\"https:\/\/weather-radar-live.com\/sv\/vulkanutbrott\/\" aria-label=\"L\u00e4s mer om Vulkanutbrott\">L\u00e4s mer<\/a><\/p>\n","protected":false},"author":1,"featured_media":0,"parent":0,"menu_order":0,"comment_status":"closed","ping_status":"closed","template":"","meta":{"footnotes":""},"class_list":["post-2352","page","type-page","status-publish"],"yoast_head":"<!-- This site is optimized with the Yoast SEO plugin v27.4 - https:\/\/yoast.com\/product\/yoast-seo-wordpress\/ -->\n<title>Vulkanutbrott LIVE: \ud83c\udf0b Var finns vulkaner?<\/title>\n<meta name=\"description\" content=\"Vulkaner i utbrott LIVE p\u00e5 vulkankartan \u2714\ufe0f Se var vulkaner f\u00f6r n\u00e4rvarande har utbrott och var andra vulkaner finns! \ud83c\udf0b\" \/>\n<meta name=\"robots\" content=\"index, follow, max-snippet:-1, max-image-preview:large, max-video-preview:-1\" \/>\n<link rel=\"canonical\" href=\"https:\/\/weather-radar-live.com\/sv\/vulkanutbrott\/\" \/>\n<meta property=\"og:locale\" content=\"sv_SE\" \/>\n<meta property=\"og:type\" content=\"article\" \/>\n<meta property=\"og:title\" content=\"Vulkanutbrott LIVE: \ud83c\udf0b Var finns vulkaner?\" \/>\n<meta property=\"og:description\" content=\"Vulkaner i utbrott LIVE p\u00e5 vulkankartan \u2714\ufe0f Se var vulkaner f\u00f6r n\u00e4rvarande har utbrott och var andra vulkaner finns! \ud83c\udf0b\" \/>\n<meta property=\"og:url\" content=\"https:\/\/weather-radar-live.com\/sv\/vulkanutbrott\/\" \/>\n<meta property=\"og:site_name\" content=\"weather-radar-live.com\" \/>\n<meta property=\"article:modified_time\" content=\"2021-12-13T15:57:26+00:00\" \/>\n<meta property=\"og:image\" content=\"https:\/\/weather-radar-live.com\/wp-content\/uploads\/2021\/10\/Volcano-erupting.jpg\" \/>\n<meta name=\"twitter:card\" content=\"summary_large_image\" \/>\n<meta name=\"twitter:label1\" content=\"Ber\u00e4knad l\u00e4stid\" \/>\n\t<meta name=\"twitter:data1\" content=\"6 minuter\" \/>\n<script type=\"application\/ld+json\" class=\"yoast-schema-graph\">{\"@context\":\"https:\\\/\\\/schema.org\",\"@graph\":[{\"@type\":\"WebPage\",\"@id\":\"https:\\\/\\\/weather-radar-live.com\\\/sv\\\/vulkanutbrott\\\/\",\"url\":\"https:\\\/\\\/weather-radar-live.com\\\/sv\\\/vulkanutbrott\\\/\",\"name\":\"Vulkanutbrott LIVE: \ud83c\udf0b Var finns vulkaner?\",\"isPartOf\":{\"@id\":\"https:\\\/\\\/weather-radar-live.com\\\/#website\"},\"primaryImageOfPage\":{\"@id\":\"https:\\\/\\\/weather-radar-live.com\\\/sv\\\/vulkanutbrott\\\/#primaryimage\"},\"image\":{\"@id\":\"https:\\\/\\\/weather-radar-live.com\\\/sv\\\/vulkanutbrott\\\/#primaryimage\"},\"thumbnailUrl\":\"https:\\\/\\\/weather-radar-live.com\\\/wp-content\\\/uploads\\\/2021\\\/10\\\/Volcano-erupting.jpg\",\"datePublished\":\"2021-12-13T15:18:52+00:00\",\"dateModified\":\"2021-12-13T15:57:26+00:00\",\"description\":\"Vulkaner i utbrott LIVE p\u00e5 vulkankartan \u2714\ufe0f Se var vulkaner f\u00f6r n\u00e4rvarande har utbrott och var andra vulkaner finns! \ud83c\udf0b\",\"breadcrumb\":{\"@id\":\"https:\\\/\\\/weather-radar-live.com\\\/sv\\\/vulkanutbrott\\\/#breadcrumb\"},\"inLanguage\":\"sv-SE\",\"potentialAction\":[{\"@type\":\"ReadAction\",\"target\":[\"https:\\\/\\\/weather-radar-live.com\\\/sv\\\/vulkanutbrott\\\/\"]}]},{\"@type\":\"ImageObject\",\"inLanguage\":\"sv-SE\",\"@id\":\"https:\\\/\\\/weather-radar-live.com\\\/sv\\\/vulkanutbrott\\\/#primaryimage\",\"url\":\"https:\\\/\\\/weather-radar-live.com\\\/wp-content\\\/uploads\\\/2021\\\/10\\\/Volcano-erupting.jpg\",\"contentUrl\":\"https:\\\/\\\/weather-radar-live.com\\\/wp-content\\\/uploads\\\/2021\\\/10\\\/Volcano-erupting.jpg\"},{\"@type\":\"BreadcrumbList\",\"@id\":\"https:\\\/\\\/weather-radar-live.com\\\/sv\\\/vulkanutbrott\\\/#breadcrumb\",\"itemListElement\":[{\"@type\":\"ListItem\",\"position\":1,\"name\":\"Weather Radar Live\",\"item\":\"https:\\\/\\\/weather-radar-live.com\\\/sv\\\/\"},{\"@type\":\"ListItem\",\"position\":2,\"name\":\"Vulkanutbrott\"}]},{\"@type\":\"WebSite\",\"@id\":\"https:\\\/\\\/weather-radar-live.com\\\/#website\",\"url\":\"https:\\\/\\\/weather-radar-live.com\\\/\",\"name\":\"weather-radar-live.com\",\"description\":\"Your weather and sky radar.\",\"publisher\":{\"@id\":\"https:\\\/\\\/weather-radar-live.com\\\/#organization\"},\"potentialAction\":[{\"@type\":\"SearchAction\",\"target\":{\"@type\":\"EntryPoint\",\"urlTemplate\":\"https:\\\/\\\/weather-radar-live.com\\\/?s={search_term_string}\"},\"query-input\":{\"@type\":\"PropertyValueSpecification\",\"valueRequired\":true,\"valueName\":\"search_term_string\"}}],\"inLanguage\":\"sv-SE\"},{\"@type\":\"Organization\",\"@id\":\"https:\\\/\\\/weather-radar-live.com\\\/#organization\",\"name\":\"weather-radar-live.com\",\"url\":\"https:\\\/\\\/weather-radar-live.com\\\/\",\"logo\":{\"@type\":\"ImageObject\",\"inLanguage\":\"sv-SE\",\"@id\":\"https:\\\/\\\/weather-radar-live.com\\\/#\\\/schema\\\/logo\\\/image\\\/\",\"url\":\"https:\\\/\\\/weather-radar-live.com\\\/wp-content\\\/uploads\\\/2022\\\/03\\\/cropped-WRL2503.png\",\"contentUrl\":\"https:\\\/\\\/weather-radar-live.com\\\/wp-content\\\/uploads\\\/2022\\\/03\\\/cropped-WRL2503.png\",\"width\":1920,\"height\":555,\"caption\":\"weather-radar-live.com\"},\"image\":{\"@id\":\"https:\\\/\\\/weather-radar-live.com\\\/#\\\/schema\\\/logo\\\/image\\\/\"}}]}<\/script>\n<!-- \/ Yoast SEO plugin. -->","yoast_head_json":{"title":"Vulkanutbrott LIVE: \ud83c\udf0b Var finns vulkaner?","description":"Vulkaner i utbrott LIVE p\u00e5 vulkankartan \u2714\ufe0f Se var vulkaner f\u00f6r n\u00e4rvarande har utbrott och var andra vulkaner finns! \ud83c\udf0b","robots":{"index":"index","follow":"follow","max-snippet":"max-snippet:-1","max-image-preview":"max-image-preview:large","max-video-preview":"max-video-preview:-1"},"canonical":"https:\/\/weather-radar-live.com\/sv\/vulkanutbrott\/","og_locale":"sv_SE","og_type":"article","og_title":"Vulkanutbrott LIVE: \ud83c\udf0b Var finns vulkaner?","og_description":"Vulkaner i utbrott LIVE p\u00e5 vulkankartan \u2714\ufe0f Se var vulkaner f\u00f6r n\u00e4rvarande har utbrott och var andra vulkaner finns! \ud83c\udf0b","og_url":"https:\/\/weather-radar-live.com\/sv\/vulkanutbrott\/","og_site_name":"weather-radar-live.com","article_modified_time":"2021-12-13T15:57:26+00:00","og_image":[{"url":"https:\/\/weather-radar-live.com\/wp-content\/uploads\/2021\/10\/Volcano-erupting.jpg","type":"","width":"","height":""}],"twitter_card":"summary_large_image","twitter_misc":{"Ber\u00e4knad l\u00e4stid":"6 minuter"},"schema":{"@context":"https:\/\/schema.org","@graph":[{"@type":"WebPage","@id":"https:\/\/weather-radar-live.com\/sv\/vulkanutbrott\/","url":"https:\/\/weather-radar-live.com\/sv\/vulkanutbrott\/","name":"Vulkanutbrott LIVE: \ud83c\udf0b Var finns vulkaner?","isPartOf":{"@id":"https:\/\/weather-radar-live.com\/#website"},"primaryImageOfPage":{"@id":"https:\/\/weather-radar-live.com\/sv\/vulkanutbrott\/#primaryimage"},"image":{"@id":"https:\/\/weather-radar-live.com\/sv\/vulkanutbrott\/#primaryimage"},"thumbnailUrl":"https:\/\/weather-radar-live.com\/wp-content\/uploads\/2021\/10\/Volcano-erupting.jpg","datePublished":"2021-12-13T15:18:52+00:00","dateModified":"2021-12-13T15:57:26+00:00","description":"Vulkaner i utbrott LIVE p\u00e5 vulkankartan \u2714\ufe0f Se var vulkaner f\u00f6r n\u00e4rvarande har utbrott och var andra vulkaner finns! \ud83c\udf0b","breadcrumb":{"@id":"https:\/\/weather-radar-live.com\/sv\/vulkanutbrott\/#breadcrumb"},"inLanguage":"sv-SE","potentialAction":[{"@type":"ReadAction","target":["https:\/\/weather-radar-live.com\/sv\/vulkanutbrott\/"]}]},{"@type":"ImageObject","inLanguage":"sv-SE","@id":"https:\/\/weather-radar-live.com\/sv\/vulkanutbrott\/#primaryimage","url":"https:\/\/weather-radar-live.com\/wp-content\/uploads\/2021\/10\/Volcano-erupting.jpg","contentUrl":"https:\/\/weather-radar-live.com\/wp-content\/uploads\/2021\/10\/Volcano-erupting.jpg"},{"@type":"BreadcrumbList","@id":"https:\/\/weather-radar-live.com\/sv\/vulkanutbrott\/#breadcrumb","itemListElement":[{"@type":"ListItem","position":1,"name":"Weather Radar Live","item":"https:\/\/weather-radar-live.com\/sv\/"},{"@type":"ListItem","position":2,"name":"Vulkanutbrott"}]},{"@type":"WebSite","@id":"https:\/\/weather-radar-live.com\/#website","url":"https:\/\/weather-radar-live.com\/","name":"weather-radar-live.com","description":"Your weather and sky radar.","publisher":{"@id":"https:\/\/weather-radar-live.com\/#organization"},"potentialAction":[{"@type":"SearchAction","target":{"@type":"EntryPoint","urlTemplate":"https:\/\/weather-radar-live.com\/?s={search_term_string}"},"query-input":{"@type":"PropertyValueSpecification","valueRequired":true,"valueName":"search_term_string"}}],"inLanguage":"sv-SE"},{"@type":"Organization","@id":"https:\/\/weather-radar-live.com\/#organization","name":"weather-radar-live.com","url":"https:\/\/weather-radar-live.com\/","logo":{"@type":"ImageObject","inLanguage":"sv-SE","@id":"https:\/\/weather-radar-live.com\/#\/schema\/logo\/image\/","url":"https:\/\/weather-radar-live.com\/wp-content\/uploads\/2022\/03\/cropped-WRL2503.png","contentUrl":"https:\/\/weather-radar-live.com\/wp-content\/uploads\/2022\/03\/cropped-WRL2503.png","width":1920,"height":555,"caption":"weather-radar-live.com"},"image":{"@id":"https:\/\/weather-radar-live.com\/#\/schema\/logo\/image\/"}}]}},"_links":{"self":[{"href":"https:\/\/weather-radar-live.com\/sv\/wp-json\/wp\/v2\/pages\/2352","targetHints":{"allow":["GET"]}}],"collection":[{"href":"https:\/\/weather-radar-live.com\/sv\/wp-json\/wp\/v2\/pages"}],"about":[{"href":"https:\/\/weather-radar-live.com\/sv\/wp-json\/wp\/v2\/types\/page"}],"author":[{"embeddable":true,"href":"https:\/\/weather-radar-live.com\/sv\/wp-json\/wp\/v2\/users\/1"}],"replies":[{"embeddable":true,"href":"https:\/\/weather-radar-live.com\/sv\/wp-json\/wp\/v2\/comments?post=2352"}],"version-history":[{"count":3,"href":"https:\/\/weather-radar-live.com\/sv\/wp-json\/wp\/v2\/pages\/2352\/revisions"}],"predecessor-version":[{"id":2397,"href":"https:\/\/weather-radar-live.com\/sv\/wp-json\/wp\/v2\/pages\/2352\/revisions\/2397"}],"wp:attachment":[{"href":"https:\/\/weather-radar-live.com\/sv\/wp-json\/wp\/v2\/media?parent=2352"}],"curies":[{"name":"wp","href":"https:\/\/api.w.org\/{rel}","templated":true}]}}