{"id":2348,"date":"2021-12-13T16:10:23","date_gmt":"2021-12-13T15:10:23","guid":{"rendered":"https:\/\/weather-radar-live.com\/?page_id=2348"},"modified":"2022-04-07T14:59:48","modified_gmt":"2022-04-07T12:59:48","slug":"tornado","status":"publish","type":"page","link":"https:\/\/weather-radar-live.com\/sv\/tornado\/","title":{"rendered":"Tornado"},"content":{"rendered":"<div id=\"weath-56380476\" class=\"weath-vor-dem-inhalt weath-entity-placement\" style=\"margin-top: 15px;margin-right: 25px;margin-bottom: 40px;margin-left: 25px;\"><script async src=\"\/\/pagead2.googlesyndication.com\/pagead\/js\/adsbygoogle.js?client=ca-pub-8960936133935804\" crossorigin=\"anonymous\"><\/script><ins class=\"adsbygoogle\" style=\"display:block;\" data-ad-client=\"ca-pub-8960936133935804\" \ndata-ad-slot=\"6172817020\" \ndata-ad-format=\"auto\"><\/ins>\n<script> \n(adsbygoogle = window.adsbygoogle || []).push({}); \n<\/script>\n<\/div>\n<div class=\"wp-block-cover alignfull is-light\"><span aria-hidden=\"true\" class=\"wp-block-cover__gradient-background has-background-dim\"><\/span><img loading=\"lazy\" decoding=\"async\" width=\"1900\" height=\"460\" class=\"wp-block-cover__image-background wp-image-299\" alt=\"\" src=\"https:\/\/weather-radar-live.com\/wp-content\/uploads\/2021\/06\/espen-bierud-W43gm6TD118-unsplash-e1622556005525.jpg\" data-object-fit=\"cover\" srcset=\"https:\/\/weather-radar-live.com\/wp-content\/uploads\/2021\/06\/espen-bierud-W43gm6TD118-unsplash-e1622556005525.jpg 1900w, https:\/\/weather-radar-live.com\/wp-content\/uploads\/2021\/06\/espen-bierud-W43gm6TD118-unsplash-e1622556005525-300x73.jpg 300w, https:\/\/weather-radar-live.com\/wp-content\/uploads\/2021\/06\/espen-bierud-W43gm6TD118-unsplash-e1622556005525-1024x248.jpg 1024w, https:\/\/weather-radar-live.com\/wp-content\/uploads\/2021\/06\/espen-bierud-W43gm6TD118-unsplash-e1622556005525-768x186.jpg 768w, https:\/\/weather-radar-live.com\/wp-content\/uploads\/2021\/06\/espen-bierud-W43gm6TD118-unsplash-e1622556005525-1536x372.jpg 1536w\" sizes=\"auto, (max-width: 1900px) 100vw, 1900px\" \/><div class=\"wp-block-cover__inner-container is-layout-flow wp-block-cover-is-layout-flow\">\n<h2 class=\"has-text-align-center heading wp-block-heading\" style=\"font-size:70px\"><mark style=\"background-color:rgba(0, 0, 0, 0);color:#f59800\" class=\"has-inline-color\"><strong>TORNADO<\/strong><\/mark><\/h2>\n<\/div><\/div>\n\n\n<h2 style=\"text-align: center;\"><span style=\"color: #f59800;\"><b>Tornadoradar &#8211; var \u00e4r tornadon?<\/b><\/span><\/h2>\n<p><span style=\"font-weight: 400;\">Med v\u00e5r tornadosp\u00e5rare kan du p\u00e5 kartan se var tornados f\u00f6r n\u00e4rvarande befinner sig i f\u00f6ljande omr\u00e5den <span style=\"color: #f59800;\"><strong><a style=\"color: #f59800;\" href=\"https:\/\/weather-radar-live.com\/sv\/\" target=\"_blank\" rel=\"noopener noreferrer\">region<\/a><\/strong><\/span>. Tornadoradarn t\u00e4cker USA och Kanada. Vindstyrkan visas p\u00e5 kartan i f\u00e4rg och m\u00e4ts i knop. \u00c4ven vindriktningen visas f\u00f6r dig genom vita vindlinjer.<\/span><\/p>\n<p><span style=\"font-weight: 400;\">Beroende p\u00e5 sin styrka kan tornados orsaka stora skador p\u00e5 marken. Fr\u00e5n och med nu ska du titta regelbundet p\u00e5 v\u00e5r tornadosp\u00e5rare och ta reda p\u00e5 om det f\u00f6r n\u00e4rvarande f\u00f6rekommer tornados i din region. I det f\u00f6ljande kommer vi att g\u00e5 in mer i detalj p\u00e5 radarn och tornados i allm\u00e4nhet.<\/span><\/p><div id=\"weath-2579377857\" class=\"weath-inhalt_2 weath-entity-placement\" style=\"margin-top: 15px;margin-right: 25px;margin-bottom: 35px;margin-left: 25px;\"><script async src=\"\/\/pagead2.googlesyndication.com\/pagead\/js\/adsbygoogle.js?client=ca-pub-8960936133935804\" crossorigin=\"anonymous\"><\/script><ins class=\"adsbygoogle\" style=\"display:block;\" data-ad-client=\"ca-pub-8960936133935804\" \ndata-ad-slot=\"1963584050\" \ndata-ad-format=\"auto\"><\/ins>\n<script> \n(adsbygoogle = window.adsbygoogle || []).push({}); \n<\/script>\n<\/div>\n\n\n<iframe loading=\"lazy\" width=\"1300\" height=\"600\" src=\"https:\/\/embed.windy.com\/embed2.html?lat=61.794&amp;lon=15.820&amp;detailLat=49.476&amp;detailLon=11.048&amp;width=1300&amp;height=600&amp;zoom=5&amp;level=surface&amp;overlay=wind&amp;product=capAlerts&amp;menu=&amp;message=true&amp;marker=&amp;calendar=now&amp;pressure=&amp;type=map&amp;location=coordinates&amp;detail=&amp;metricWind=default&amp;metricTemp=default&amp;radarRange=-1\" frameborder=\"0\"><\/iframe>\n\n\n\n<p><\/p>\n\n\n\n<div class=\"wp-block-columns is-layout-flex wp-container-core-columns-is-layout-9d6595d7 wp-block-columns-is-layout-flex\">\n<div class=\"wp-block-column is-layout-flow wp-block-column-is-layout-flow\">\n<img decoding=\"async\" src=\"https:\/\/www.spc.noaa.gov\/products\/outlook\/day1probotlk_torn.gif\" class=\"tornadoradar-noaa\">\n\n\n\n<p><\/p>\n<\/div>\n\n\n\n<div class=\"wp-block-column is-layout-flow wp-block-column-is-layout-flow\">\n<img decoding=\"async\" src=\"https:\/\/www.spc.noaa.gov\/products\/watch\/validww.png\" class=\"tornadoradar-noaa-2\">\n<\/div>\n<\/div>\n\n\n\n<div style=\"height:30px\" aria-hidden=\"true\" class=\"wp-block-spacer\"><\/div>\n\n\n<h2 style=\"text-align: center;\"><span style=\"color: #f59800;\"><b>Hur man l\u00e4ser av tornadoradarn<\/b><\/span><\/h2>\n<p>P\u00e5 den f\u00f6rsta kartan kan du se nederb\u00f6rden, som visas i olika f\u00e4rger. Beroende p\u00e5 styrkan str\u00e4cker sig f\u00e4rgspektrumet fr\u00e5n bl\u00e5tt (svag nederb\u00f6rd) till gult (m\u00e5ttlig nederb\u00f6rd) och r\u00f6tt\/lila (kraftig nederb\u00f6rd). Omr\u00e5den d\u00e4r en tornado har observerats avgr\u00e4nsas med en orange-svart linje.<\/p>\n<p>Den andra kartan visar den potentiella sannolikheten f\u00f6r en <a href=\"https:\/\/illvet.se\/naturen\/vadret\/tornado\"><strong>tornado<\/strong><\/a> i respektive omr\u00e5de. Och den tredje kartan visar olika v\u00e4derrisker. Tornado-omr\u00e5den visas med en r\u00f6d f\u00e4rg och \u00e5skomr\u00e5den med en bl\u00e5 f\u00e4rg.<\/p>\n<p><\/p>\n<h2 style=\"text-align: center;\"><span style=\"color: #f59800;\"><b>Vad \u00e4r en tornado?<\/b><\/span><\/h2>\n<p><span style=\"font-weight: 400;\">En tornado \u00e4r resultatet av roterande luftmassor. Dessa luftmassor kan rotera s\u00e5 kraftigt under sin bildning att en luftpelare bildas. Denna synliga luftpelare kallas tornado.<\/span><\/p>\n<p><span style=\"font-weight: 400;\">L\u00e4nge antog man att tornados bildas fr\u00e5n himlen och ned\u00e5t mot marken. Detta antagande har dock motbevisats av omfattande forskning som utf\u00f6rts av American Geophysical Union. Man uppt\u00e4ckte att tornadon bildas redan n\u00e4ra marken innan den b\u00f6rjar rotera.<\/span><\/p>\n<p><\/p>\n<h2 style=\"text-align: center;\"><span style=\"color: #f59800;\"><b>N\u00e4r b\u00f6rjar tornados\u00e4songen?<\/b><\/span><\/h2>\n<p><span style=\"font-weight: 400;\">Tornados\u00e4songen b\u00f6rjar i mars och p\u00e5g\u00e5r till slutet av juli. De flesta tornados intr\u00e4ffar i maj m\u00e5nad. Under tornados\u00e4songen flyttar tyngdpunkten f\u00f6r tornado-omr\u00e5dena fr\u00e5n sydost (Great Plains i Oklahoma) mer och mer mot norr (Illinois och Indiana).<\/span><\/p>\n<p><\/p>\n<h2 style=\"text-align: center;\"><span style=\"color: #f59800;\"><b>Finns det en tornado i n\u00e4rheten av mig?<\/b><\/span><\/h2>\n<p><span style=\"font-weight: 400;\">S\u00e4rskilt under tornados\u00e4songen b\u00f6r du vara mycket uppm\u00e4rksam och \u00f6vervaka v\u00e4dersituationen regelbundet. Tornados kan orsaka allvarliga skador l\u00e4ngs sin v\u00e4g och kan intr\u00e4ffa mycket ov\u00e4ntat. S\u00e5 snart det finns f\u00f6rsta tecken p\u00e5 en <span style=\"color: #f59800;\"><strong><a style=\"color: #f59800;\" href=\"https:\/\/weather-radar-live.com\/sv\/storm-radar\/\" target=\"_blank\" rel=\"noopener noreferrer\">\u00e5skv\u00e4der<\/a><\/strong><\/span>, hagel, starka vindar och <span style=\"color: #1950fe;\"><strong><a style=\"color: #1950fe;\" href=\"https:\/\/weather-radar-live.com\/sv\/regnradar\/\" target=\"_blank\" rel=\"noopener noreferrer\">regn<\/a><\/strong><\/span>, b\u00f6r du inte ta \u00f6gonen fr\u00e5n tornadosp\u00e5raren.<\/span><\/p>\n<p><span style=\"font-weight: 400;\">Titta ocks\u00e5 p\u00e5 himlen och s\u00f6k efter roterande moln och molnpelare. H\u00e5ll utkik efter dammvirvlar p\u00e5 marken. Dessa \u00e4r ocks\u00e5 en indikator p\u00e5 att en tornado h\u00e5ller p\u00e5 att bildas. Senast n\u00e4r tornadosirenerna ljuder b\u00f6r du snabbt s\u00e4tta dig i s\u00e4kerhet.<\/span><\/p>\n<p><\/p>\n<h2 style=\"text-align: center;\"><span style=\"color: #f59800;\"><b>Hur bildas tornados?<\/b><\/span><\/h2>\n<p><span style=\"font-weight: 400;\">Tillsammans med orkaner h\u00f6r tornados till de kraftigaste stormarna i v\u00e4rlden och kan n\u00e5 vindhastigheter p\u00e5 upp till 450 km\/h. Fram till i dag har tornadons bildning inte unders\u00f6kts grundligt. Det finns tv\u00e5 s\u00e4tt p\u00e5 vilka tornados kan bildas.<\/span><\/p>\n<p><span style=\"font-weight: 400;\">Tornados kan uppst\u00e5 i samband med en supercell. Detta \u00e4r ett s\u00e4rskilt stort och h\u00f6gt \u00e5skmoln. P\u00e5 grund av temperaturskillnaderna inom <span style=\"color: #919191;\"><strong><a style=\"color: #919191;\" href=\"https:\/\/weather-radar-live.com\/sv\/molnradar\/\" target=\"_blank\" rel=\"noopener noreferrer\">moln<\/a><\/strong><\/span>utvecklas starka upp- och ned\u00e5tg\u00e5ende vindar, vilket resulterar i en tornado och kraftig nederb\u00f6rd. S\u00e4rskilt starka tornados bildas p\u00e5 detta s\u00e4tt.<\/span><\/p>\n<p><span style=\"font-weight: 400;\">Men tornados kan ocks\u00e5 bildas n\u00e4r tv\u00e5 olika luftmassor kolliderar. Detta tvingar luften att r\u00f6ra sig upp\u00e5t och kan f\u00e5 den att rotera p\u00e5 grund av vinden p\u00e5 marken.<\/span><\/p>\n<p><\/p>\n<h2 style=\"text-align: center;\"><span style=\"color: #f59800;\"><b>Tornadoklasserna<\/b><\/span><\/h2>\n<p><span style=\"font-weight: 400;\">Styrkan hos tornados m\u00e4ts med hj\u00e4lp av Fujita-skalan. Den omfattar vindhastigheter fr\u00e5n mindre \u00e4n 117 km\/h till mer \u00e4n 419 km\/h. Klassificeringen \u00e4r f\u00f6ljande:<\/span><\/p>\n<p><strong>F0 (&lt;=117 km\/h)<\/strong><\/p>\n<p><span style=\"font-weight: 400;\">Svaga tr\u00e4d rycks upp, grenar skadas och reklamskyltar kan sl\u00e5s omkull.<\/span><\/p>\n<p><strong>F1 (117-180 km\/h)<\/strong><\/p>\n<p><span style=\"font-weight: 400;\">Takpannor kan lyftas av, bilar i r\u00f6relse kan f\u00f6rskjutas och husvagnar\/mobiler kan v\u00e4lta.<\/span><\/p>\n<p><strong>F2 (180-252 km\/h)<\/strong><\/p>\n<p><span style=\"font-weight: 400;\">Vid en F2-tornado kan tak blottas, \u00e4ven st\u00f6rre tr\u00e4d kan ryckas upp och husbilar kan f\u00f6rst\u00f6ras. Sm\u00e5 och l\u00e4ttare f\u00f6rem\u00e5l kan bli farliga projektiler.<\/span><\/p>\n<p><strong>F3 (252-333 km\/h)<\/strong><\/p>\n<p><span style=\"font-weight: 400;\">St\u00f6rre tak kan f\u00f6rst\u00f6ras och t\u00e5g kan lyftas ur sina sp\u00e5r. Lastbilar kan f\u00f6rskjutas eller till och med v\u00e4lta, och skogar kan till st\u00f6rsta delen ryckas upp.<\/span><\/p>\n<p><strong>F4 (333-419 km\/h)<\/strong><\/p>\n<p><span style=\"font-weight: 400;\">I F4-klassen kan tr\u00e4hus med svag f\u00f6rankring f\u00f6rskjutas. Bilar kan v\u00e4lta och tyngre f\u00f6rem\u00e5l kan bli projektiler som orsakar allvarliga skador.<\/span><\/p>\n<p><strong>F5 (&gt;419 km\/h)<\/strong><\/p>\n<p><span style=\"font-weight: 400;\">Tr\u00e4hus slits helt fr\u00e5n sina fundament och f\u00f6rst\u00f6rs. \u00c4ven betonghus kan skadas allvarligt.<\/span><\/p>\n<p><\/p>\n<h2 style=\"text-align: center;\"><span style=\"color: #f59800;\"><b>Hur ser en tornado ut?<\/b><\/span><\/h2>\n<p><span style=\"font-weight: 400;\">Tornados upptr\u00e4der med ett trattformat luftr\u00f6r. Tjockleken p\u00e5 detta luftr\u00f6r kan variera beroende p\u00e5 intensiteten. F\u00f6rresten kommer termen tornado fr\u00e5n spanskan och betyder n\u00e5got i stil med &#8221;snurra runt&#8221;.<\/span><\/p>","protected":false},"excerpt":{"rendered":"<p>Tornadoradar &#8211; var \u00e4r tornadon? Med v\u00e5r tornadosp\u00e5rare kan du p\u00e5 kartan se var tornados f\u00f6r n\u00e4rvarande befinner sig i f\u00f6ljande omr\u00e5den region. Tornadoradarn t\u00e4cker USA och Kanada. Vindstyrkan visas p\u00e5 kartan i f\u00e4rg och m\u00e4ts i knop. \u00c4ven vindriktningen visas f\u00f6r dig genom vita vindlinjer. Beroende p\u00e5 sin styrka kan tornados orsaka stora skador &#8230; <a title=\"Tornado\" class=\"read-more\" href=\"https:\/\/weather-radar-live.com\/sv\/tornado\/\" aria-label=\"L\u00e4s mer om Tornado\">L\u00e4s mer<\/a><\/p>\n","protected":false},"author":1,"featured_media":2969,"parent":0,"menu_order":0,"comment_status":"closed","ping_status":"closed","template":"","meta":{"footnotes":""},"class_list":["post-2348","page","type-page","status-publish","has-post-thumbnail"],"yoast_head":"<!-- This site is optimized with the Yoast SEO plugin v27.4 - https:\/\/yoast.com\/product\/yoast-seo-wordpress\/ -->\n<title>Tornado LIVE: \u2714\ufe0f Var finns det tornados? \ud83c\udf2a\ufe0f<\/title>\n<meta name=\"description\" content=\"Tornadoradar LIVE: V\u00e4lj din stad eller region nu och se den senaste radarn med tornados \u2714\ufe0f Uppdateras varje sekund! \ud83c\udf2a\ufe0f\" \/>\n<meta name=\"robots\" content=\"index, follow, max-snippet:-1, max-image-preview:large, max-video-preview:-1\" \/>\n<link rel=\"canonical\" href=\"https:\/\/weather-radar-live.com\/sv\/tornado\/\" \/>\n<meta property=\"og:locale\" content=\"sv_SE\" \/>\n<meta property=\"og:type\" content=\"article\" \/>\n<meta property=\"og:title\" content=\"Tornado LIVE: \u2714\ufe0f Var finns det tornados? \ud83c\udf2a\ufe0f\" \/>\n<meta property=\"og:description\" content=\"Tornadoradar LIVE: V\u00e4lj din stad eller region nu och se den senaste radarn med tornados \u2714\ufe0f Uppdateras varje sekund! \ud83c\udf2a\ufe0f\" \/>\n<meta property=\"og:url\" content=\"https:\/\/weather-radar-live.com\/sv\/tornado\/\" \/>\n<meta property=\"og:site_name\" content=\"weather-radar-live.com\" \/>\n<meta property=\"article:modified_time\" content=\"2022-04-07T12:59:48+00:00\" \/>\n<meta property=\"og:image\" content=\"https:\/\/weather-radar-live.com\/wp-content\/uploads\/2021\/02\/Tornado-Radar.jpg\" \/>\n\t<meta property=\"og:image:width\" content=\"1897\" \/>\n\t<meta property=\"og:image:height\" content=\"458\" \/>\n\t<meta property=\"og:image:type\" content=\"image\/jpeg\" \/>\n<meta name=\"twitter:card\" content=\"summary_large_image\" \/>\n<meta name=\"twitter:label1\" content=\"Ber\u00e4knad l\u00e4stid\" \/>\n\t<meta name=\"twitter:data1\" content=\"4 minuter\" \/>\n<script type=\"application\/ld+json\" class=\"yoast-schema-graph\">{\"@context\":\"https:\\\/\\\/schema.org\",\"@graph\":[{\"@type\":\"WebPage\",\"@id\":\"https:\\\/\\\/weather-radar-live.com\\\/sv\\\/tornado\\\/\",\"url\":\"https:\\\/\\\/weather-radar-live.com\\\/sv\\\/tornado\\\/\",\"name\":\"Tornado LIVE: \u2714\ufe0f Var finns det tornados? \ud83c\udf2a\ufe0f\",\"isPartOf\":{\"@id\":\"https:\\\/\\\/weather-radar-live.com\\\/#website\"},\"primaryImageOfPage\":{\"@id\":\"https:\\\/\\\/weather-radar-live.com\\\/sv\\\/tornado\\\/#primaryimage\"},\"image\":{\"@id\":\"https:\\\/\\\/weather-radar-live.com\\\/sv\\\/tornado\\\/#primaryimage\"},\"thumbnailUrl\":\"https:\\\/\\\/weather-radar-live.com\\\/wp-content\\\/uploads\\\/2021\\\/02\\\/Tornado-Radar.jpg\",\"datePublished\":\"2021-12-13T15:10:23+00:00\",\"dateModified\":\"2022-04-07T12:59:48+00:00\",\"description\":\"Tornadoradar LIVE: V\u00e4lj din stad eller region nu och se den senaste radarn med tornados \u2714\ufe0f Uppdateras varje sekund! \ud83c\udf2a\ufe0f\",\"breadcrumb\":{\"@id\":\"https:\\\/\\\/weather-radar-live.com\\\/sv\\\/tornado\\\/#breadcrumb\"},\"inLanguage\":\"sv-SE\",\"potentialAction\":[{\"@type\":\"ReadAction\",\"target\":[\"https:\\\/\\\/weather-radar-live.com\\\/sv\\\/tornado\\\/\"]}]},{\"@type\":\"ImageObject\",\"inLanguage\":\"sv-SE\",\"@id\":\"https:\\\/\\\/weather-radar-live.com\\\/sv\\\/tornado\\\/#primaryimage\",\"url\":\"https:\\\/\\\/weather-radar-live.com\\\/wp-content\\\/uploads\\\/2021\\\/02\\\/Tornado-Radar.jpg\",\"contentUrl\":\"https:\\\/\\\/weather-radar-live.com\\\/wp-content\\\/uploads\\\/2021\\\/02\\\/Tornado-Radar.jpg\",\"width\":1897,\"height\":458},{\"@type\":\"BreadcrumbList\",\"@id\":\"https:\\\/\\\/weather-radar-live.com\\\/sv\\\/tornado\\\/#breadcrumb\",\"itemListElement\":[{\"@type\":\"ListItem\",\"position\":1,\"name\":\"Weather Radar Live\",\"item\":\"https:\\\/\\\/weather-radar-live.com\\\/sv\\\/\"},{\"@type\":\"ListItem\",\"position\":2,\"name\":\"Tornado\"}]},{\"@type\":\"WebSite\",\"@id\":\"https:\\\/\\\/weather-radar-live.com\\\/#website\",\"url\":\"https:\\\/\\\/weather-radar-live.com\\\/\",\"name\":\"weather-radar-live.com\",\"description\":\"Your weather and sky radar.\",\"publisher\":{\"@id\":\"https:\\\/\\\/weather-radar-live.com\\\/#organization\"},\"potentialAction\":[{\"@type\":\"SearchAction\",\"target\":{\"@type\":\"EntryPoint\",\"urlTemplate\":\"https:\\\/\\\/weather-radar-live.com\\\/?s={search_term_string}\"},\"query-input\":{\"@type\":\"PropertyValueSpecification\",\"valueRequired\":true,\"valueName\":\"search_term_string\"}}],\"inLanguage\":\"sv-SE\"},{\"@type\":\"Organization\",\"@id\":\"https:\\\/\\\/weather-radar-live.com\\\/#organization\",\"name\":\"weather-radar-live.com\",\"url\":\"https:\\\/\\\/weather-radar-live.com\\\/\",\"logo\":{\"@type\":\"ImageObject\",\"inLanguage\":\"sv-SE\",\"@id\":\"https:\\\/\\\/weather-radar-live.com\\\/#\\\/schema\\\/logo\\\/image\\\/\",\"url\":\"https:\\\/\\\/weather-radar-live.com\\\/wp-content\\\/uploads\\\/2022\\\/03\\\/cropped-WRL2503.png\",\"contentUrl\":\"https:\\\/\\\/weather-radar-live.com\\\/wp-content\\\/uploads\\\/2022\\\/03\\\/cropped-WRL2503.png\",\"width\":1920,\"height\":555,\"caption\":\"weather-radar-live.com\"},\"image\":{\"@id\":\"https:\\\/\\\/weather-radar-live.com\\\/#\\\/schema\\\/logo\\\/image\\\/\"}}]}<\/script>\n<!-- \/ Yoast SEO plugin. -->","yoast_head_json":{"title":"Tornado LIVE: \u2714\ufe0f Var finns det tornados? \ud83c\udf2a\ufe0f","description":"Tornadoradar LIVE: V\u00e4lj din stad eller region nu och se den senaste radarn med tornados \u2714\ufe0f Uppdateras varje sekund! \ud83c\udf2a\ufe0f","robots":{"index":"index","follow":"follow","max-snippet":"max-snippet:-1","max-image-preview":"max-image-preview:large","max-video-preview":"max-video-preview:-1"},"canonical":"https:\/\/weather-radar-live.com\/sv\/tornado\/","og_locale":"sv_SE","og_type":"article","og_title":"Tornado LIVE: \u2714\ufe0f Var finns det tornados? \ud83c\udf2a\ufe0f","og_description":"Tornadoradar LIVE: V\u00e4lj din stad eller region nu och se den senaste radarn med tornados \u2714\ufe0f Uppdateras varje sekund! \ud83c\udf2a\ufe0f","og_url":"https:\/\/weather-radar-live.com\/sv\/tornado\/","og_site_name":"weather-radar-live.com","article_modified_time":"2022-04-07T12:59:48+00:00","og_image":[{"width":1897,"height":458,"url":"https:\/\/weather-radar-live.com\/wp-content\/uploads\/2021\/02\/Tornado-Radar.jpg","type":"image\/jpeg"}],"twitter_card":"summary_large_image","twitter_misc":{"Ber\u00e4knad l\u00e4stid":"4 minuter"},"schema":{"@context":"https:\/\/schema.org","@graph":[{"@type":"WebPage","@id":"https:\/\/weather-radar-live.com\/sv\/tornado\/","url":"https:\/\/weather-radar-live.com\/sv\/tornado\/","name":"Tornado LIVE: \u2714\ufe0f Var finns det tornados? \ud83c\udf2a\ufe0f","isPartOf":{"@id":"https:\/\/weather-radar-live.com\/#website"},"primaryImageOfPage":{"@id":"https:\/\/weather-radar-live.com\/sv\/tornado\/#primaryimage"},"image":{"@id":"https:\/\/weather-radar-live.com\/sv\/tornado\/#primaryimage"},"thumbnailUrl":"https:\/\/weather-radar-live.com\/wp-content\/uploads\/2021\/02\/Tornado-Radar.jpg","datePublished":"2021-12-13T15:10:23+00:00","dateModified":"2022-04-07T12:59:48+00:00","description":"Tornadoradar LIVE: V\u00e4lj din stad eller region nu och se den senaste radarn med tornados \u2714\ufe0f Uppdateras varje sekund! \ud83c\udf2a\ufe0f","breadcrumb":{"@id":"https:\/\/weather-radar-live.com\/sv\/tornado\/#breadcrumb"},"inLanguage":"sv-SE","potentialAction":[{"@type":"ReadAction","target":["https:\/\/weather-radar-live.com\/sv\/tornado\/"]}]},{"@type":"ImageObject","inLanguage":"sv-SE","@id":"https:\/\/weather-radar-live.com\/sv\/tornado\/#primaryimage","url":"https:\/\/weather-radar-live.com\/wp-content\/uploads\/2021\/02\/Tornado-Radar.jpg","contentUrl":"https:\/\/weather-radar-live.com\/wp-content\/uploads\/2021\/02\/Tornado-Radar.jpg","width":1897,"height":458},{"@type":"BreadcrumbList","@id":"https:\/\/weather-radar-live.com\/sv\/tornado\/#breadcrumb","itemListElement":[{"@type":"ListItem","position":1,"name":"Weather Radar Live","item":"https:\/\/weather-radar-live.com\/sv\/"},{"@type":"ListItem","position":2,"name":"Tornado"}]},{"@type":"WebSite","@id":"https:\/\/weather-radar-live.com\/#website","url":"https:\/\/weather-radar-live.com\/","name":"weather-radar-live.com","description":"Your weather and sky radar.","publisher":{"@id":"https:\/\/weather-radar-live.com\/#organization"},"potentialAction":[{"@type":"SearchAction","target":{"@type":"EntryPoint","urlTemplate":"https:\/\/weather-radar-live.com\/?s={search_term_string}"},"query-input":{"@type":"PropertyValueSpecification","valueRequired":true,"valueName":"search_term_string"}}],"inLanguage":"sv-SE"},{"@type":"Organization","@id":"https:\/\/weather-radar-live.com\/#organization","name":"weather-radar-live.com","url":"https:\/\/weather-radar-live.com\/","logo":{"@type":"ImageObject","inLanguage":"sv-SE","@id":"https:\/\/weather-radar-live.com\/#\/schema\/logo\/image\/","url":"https:\/\/weather-radar-live.com\/wp-content\/uploads\/2022\/03\/cropped-WRL2503.png","contentUrl":"https:\/\/weather-radar-live.com\/wp-content\/uploads\/2022\/03\/cropped-WRL2503.png","width":1920,"height":555,"caption":"weather-radar-live.com"},"image":{"@id":"https:\/\/weather-radar-live.com\/#\/schema\/logo\/image\/"}}]}},"_links":{"self":[{"href":"https:\/\/weather-radar-live.com\/sv\/wp-json\/wp\/v2\/pages\/2348","targetHints":{"allow":["GET"]}}],"collection":[{"href":"https:\/\/weather-radar-live.com\/sv\/wp-json\/wp\/v2\/pages"}],"about":[{"href":"https:\/\/weather-radar-live.com\/sv\/wp-json\/wp\/v2\/types\/page"}],"author":[{"embeddable":true,"href":"https:\/\/weather-radar-live.com\/sv\/wp-json\/wp\/v2\/users\/1"}],"replies":[{"embeddable":true,"href":"https:\/\/weather-radar-live.com\/sv\/wp-json\/wp\/v2\/comments?post=2348"}],"version-history":[{"count":5,"href":"https:\/\/weather-radar-live.com\/sv\/wp-json\/wp\/v2\/pages\/2348\/revisions"}],"predecessor-version":[{"id":3585,"href":"https:\/\/weather-radar-live.com\/sv\/wp-json\/wp\/v2\/pages\/2348\/revisions\/3585"}],"wp:featuredmedia":[{"embeddable":true,"href":"https:\/\/weather-radar-live.com\/sv\/wp-json\/wp\/v2\/media\/2969"}],"wp:attachment":[{"href":"https:\/\/weather-radar-live.com\/sv\/wp-json\/wp\/v2\/media?parent=2348"}],"curies":[{"name":"wp","href":"https:\/\/api.w.org\/{rel}","templated":true}]}}