{"id":2339,"date":"2021-12-13T15:54:20","date_gmt":"2021-12-13T14:54:20","guid":{"rendered":"https:\/\/weather-radar-live.com\/?page_id=2339"},"modified":"2022-07-06T13:11:19","modified_gmt":"2022-07-06T11:11:19","slug":"snokarta","status":"publish","type":"page","link":"https:\/\/weather-radar-live.com\/sv\/snokarta\/","title":{"rendered":"Sn\u00f6karta"},"content":{"rendered":"<div id=\"weath-618098615\" class=\"weath-vor-dem-inhalt weath-entity-placement\" style=\"margin-top: 15px;margin-right: 25px;margin-bottom: 40px;margin-left: 25px;\"><script async src=\"\/\/pagead2.googlesyndication.com\/pagead\/js\/adsbygoogle.js?client=ca-pub-8960936133935804\" crossorigin=\"anonymous\"><\/script><ins class=\"adsbygoogle\" style=\"display:block;\" data-ad-client=\"ca-pub-8960936133935804\" \ndata-ad-slot=\"6172817020\" \ndata-ad-format=\"auto\"><\/ins>\n<script> \n(adsbygoogle = window.adsbygoogle || []).push({}); \n<\/script>\n<\/div>\n<div class=\"wp-block-cover alignfull is-light\"><span aria-hidden=\"true\" class=\"wp-block-cover__gradient-background has-background-dim\"><\/span><img loading=\"lazy\" decoding=\"async\" width=\"1902\" height=\"462\" class=\"wp-block-cover__image-background wp-image-347\" alt=\"\" src=\"https:\/\/weather-radar-live.com\/wp-content\/uploads\/2021\/06\/marek-okon-0RFcBMbIAxw-unsplash-e1622554753504.jpg\" data-object-fit=\"cover\" srcset=\"https:\/\/weather-radar-live.com\/wp-content\/uploads\/2021\/06\/marek-okon-0RFcBMbIAxw-unsplash-e1622554753504.jpg 1902w, https:\/\/weather-radar-live.com\/wp-content\/uploads\/2021\/06\/marek-okon-0RFcBMbIAxw-unsplash-e1622554753504-300x73.jpg 300w, https:\/\/weather-radar-live.com\/wp-content\/uploads\/2021\/06\/marek-okon-0RFcBMbIAxw-unsplash-e1622554753504-1024x249.jpg 1024w, https:\/\/weather-radar-live.com\/wp-content\/uploads\/2021\/06\/marek-okon-0RFcBMbIAxw-unsplash-e1622554753504-768x187.jpg 768w, https:\/\/weather-radar-live.com\/wp-content\/uploads\/2021\/06\/marek-okon-0RFcBMbIAxw-unsplash-e1622554753504-1536x373.jpg 1536w\" sizes=\"auto, (max-width: 1902px) 100vw, 1902px\" \/><div class=\"wp-block-cover__inner-container is-layout-flow wp-block-cover-is-layout-flow\">\n<h2 class=\"has-text-align-center heading has-base-3-color has-text-color wp-block-heading\" style=\"font-size:40px\"><strong><span style=\"color:#919191\" class=\"has-inline-color\">SN\u00d6<\/span>KARTA <\/strong><\/h2>\n<\/div><\/div>\n\n\n<h2 style=\"text-align: center;\"><span style=\"color: #919191;\"><b>Sn\u00f6karta- din aktuella och tillf\u00f6rlitliga sn\u00f6prognos<\/b><\/span><\/h2>\n<p><span style=\"font-weight: 400;\">Var sn\u00f6ar det just nu? Kan jag f\u00f6rv\u00e4nta mig sn\u00f6fall i min region inom kort? Om s\u00e5 \u00e4r fallet, hur mycket sn\u00f6 kan jag f\u00f6rv\u00e4nta mig under de n\u00e4rmaste timmarna? Besvara dessa fr\u00e5gor med v\u00e5r senaste sn\u00f6karta f\u00f6r Sverige och andra europeiska l\u00e4nder.<\/span><\/p>\n<p><span style=\"font-weight: 400;\">P\u00e5 kartan \u00f6ver sn\u00f6t\u00e4cket finns information om m\u00e4ngden sn\u00f6 <span style=\"color: #1950fe;\"><strong><a style=\"color: #1950fe;\" href=\"https:\/\/weather-radar-live.com\/sv\/regnradar\/\" target=\"_blank\" rel=\"noopener noreferrer\">nederb\u00f6rd<\/a><\/strong><\/span> under de kommande timmarna. Du kan ocks\u00e5 uppt\u00e4cka hur kraftigt sn\u00f6fallet kommer att vara i ditt omr\u00e5de. Dessutom ger vi en \u00f6versikt \u00f6ver de aktuella sn\u00f6niv\u00e5erna i Sverige. Du kan hitta en \u00f6versikt i sn\u00f6t\u00e4ckningskartan.<\/span><\/p><div id=\"weath-1596991575\" class=\"weath-inhalt_2 weath-entity-placement\" style=\"margin-top: 15px;margin-right: 25px;margin-bottom: 35px;margin-left: 25px;\"><script async src=\"\/\/pagead2.googlesyndication.com\/pagead\/js\/adsbygoogle.js?client=ca-pub-8960936133935804\" crossorigin=\"anonymous\"><\/script><ins class=\"adsbygoogle\" style=\"display:block;\" data-ad-client=\"ca-pub-8960936133935804\" \ndata-ad-slot=\"1963584050\" \ndata-ad-format=\"auto\"><\/ins>\n<script> \n(adsbygoogle = window.adsbygoogle || []).push({}); \n<\/script>\n<\/div>\n\n\n<iframe loading=\"lazy\" width=\"1300\" height=\"600\" src=\"https:\/\/embed.windy.com\/embed2.html?lat=61.794&amp;lon=15.820&amp;detailLat=49.476&amp;detailLon=11.048&amp;width=1300&amp;height=600&amp;zoom=5&amp;level=surface&amp;overlay=rain&amp;product=ecmwf&amp;menu=&amp;message=true&amp;marker=&amp;calendar=now&amp;pressure=&amp;type=map&amp;location=coordinates&amp;detail=&amp;metricWind=default&amp;metricTemp=default&amp;radarRange=-1\" frameborder=\"0\"><\/iframe>\n\n\n\n<p class=\"has-text-align-center\"><sup>Det aktuella sn\u00f6fallet \u00e4r f\u00e4rgat med sn\u00f6flingesymboler p\u00e5 kartan. Sn\u00f6n visas ocks\u00e5 i f\u00e4rg p\u00e5 kartan. En gr\u00f6n eller bl\u00e5 f\u00e4rg inneb\u00e4r svag till m\u00e5ttlig nederb\u00f6rd. En violett f\u00e4rgning tyder p\u00e5 att du b\u00f6r f\u00f6rv\u00e4nta dig kraftigt sn\u00f6fall.<\/sup><\/p>\n\n\n<h2 style=\"text-align: left;\"><span style=\"color: #919191;\"><b>Var sn\u00f6ar det just nu? Finns det sn\u00f6fall i din region? S\u00e5 h\u00e4r l\u00e4ser du sn\u00f6karta:<\/b><\/span><\/h2>\n<p><span style=\"font-weight: 400;\"><img loading=\"lazy\" decoding=\"async\" class=\"alignright wp-image-75\" src=\"https:\/\/weather-radar-live.com\/wp-content\/uploads\/2021\/02\/snow-radar-explanation-300x213.png\" alt=\"f\u00f6rklaring av kartan \u00f6ver sn\u00f6t\u00e4cket\" width=\"207\" height=\"147\" srcset=\"https:\/\/weather-radar-live.com\/wp-content\/uploads\/2021\/02\/snow-radar-explanation-300x213.png 300w, https:\/\/weather-radar-live.com\/wp-content\/uploads\/2021\/02\/snow-radar-explanation.png 600w\" sizes=\"auto, (max-width: 207px) 100vw, 207px\" \/>Alla omr\u00e5den d\u00e4r <a href=\"https:\/\/www.smhi.se\/data\/meteorologi\/sno\"><strong>sn\u00f6fall<\/strong><\/a> f\u00f6rv\u00e4ntas visas i f\u00e4rg p\u00e5 kartan. F\u00e4rgerna str\u00e4cker sig fr\u00e5n bl\u00e5tt och gr\u00f6nt f\u00f6r l\u00e4tt sn\u00f6fall till violett. I omr\u00e5den som \u00e4r f\u00e4rgade i violett kan du f\u00f6rv\u00e4nta dig en m\u00e4ngd nysn\u00f6 p\u00e5 mer \u00e4n en meter under de n\u00e4rmaste timmarna. I vissa fall \u00e5tf\u00f6ljs kraftigt sn\u00f6fall av en <span style=\"color: #f59800;\"><a style=\"color: #f59800;\" href=\"https:\/\/weather-radar-live.com\/sv\/storm-radar\/\" target=\"_blank\" rel=\"noopener noreferrer\"><strong>\u00e5skv\u00e4der<\/strong><\/a><\/span> (den s\u00e5 kallade sn\u00f6stormen). Detta \u00e5skv\u00e4der indikeras ocks\u00e5 av en <span style=\"color: #ffde00;\"><strong><a style=\"color: #ffde00;\" href=\"https:\/\/weather-radar-live.com\/sv\/blixtradar\/\" target=\"_blank\" rel=\"noopener noreferrer\">blixtnedslag<\/a><\/strong><\/span> symbol p\u00e5 kartan. Ut\u00f6ver detta erbjuder kartan \u00f6ver sn\u00f6t\u00e4cket ytterligare anv\u00e4ndbara funktioner:<\/span><\/p>\n<p><span style=\"font-weight: 400;\"><img loading=\"lazy\" decoding=\"async\" class=\"alignleft wp-image-89\" src=\"https:\/\/weather-radar-live.com\/wp-content\/uploads\/2021\/02\/cursor.png\" alt=\"Karta \u00f6ver sn\u00f6t\u00e4cket p\u00e5 mark\u00f6ren\" width=\"83\" height=\"83\">Med hj\u00e4lp av mark\u00f6ren l\u00e4ngst ner till v\u00e4nster p\u00e5 sn\u00f6t\u00e4ckekartan kan du visualisera sn\u00f6fallets framtida kurs. P\u00e5 s\u00e5 s\u00e4tt kan du dra slutsatser om hur nederb\u00f6rden kommer att f\u00f6r\u00e4ndras under de kommande 36 timmarna och om du b\u00f6r f\u00f6rv\u00e4nta dig sn\u00f6fall i din region under de n\u00e4rmaste timmarna.<\/span><\/p>\n<p><span style=\"font-weight: 400;\"><img loading=\"lazy\" decoding=\"async\" class=\"alignleft wp-image-76\" src=\"https:\/\/weather-radar-live.com\/wp-content\/uploads\/2021\/02\/snow-radar-marker.png\" alt=\"m\u00e4rke f\u00f6r sn\u00f6t\u00e4cke\" width=\"98\" height=\"98\">Du kan helt enkelt flytta sn\u00f6mark\u00f6ren till \u00f6nskad plats med musen (eller p\u00e5 mobilen: h\u00e5ll ner den vita pricken p\u00e5 mark\u00f6ren med fingret). Du ser d\u00e5 hur mycket sn\u00f6 du kan f\u00f6rv\u00e4nta dig under de kommande 12 timmarna.<\/span><\/p>\n<p><\/p>\n<div id=\"weath-1898491261\" style=\"margin-top: 15px;margin-right: auto;margin-bottom: 40px;margin-left: auto;text-align: center;\"><script async src=\"\/\/pagead2.googlesyndication.com\/pagead\/js\/adsbygoogle.js?client=ca-pub-8960936133935804\" crossorigin=\"anonymous\"><\/script><ins class=\"adsbygoogle\" style=\"display:block;\" data-ad-client=\"ca-pub-8960936133935804\" \ndata-ad-slot=\"6172817020\" \ndata-ad-format=\"auto\"><\/ins>\n<script> \n(adsbygoogle = window.adsbygoogle || []).push({}); \n<\/script>\n<\/div>\n<h2 style=\"text-align: center;\"><span style=\"color: #919191;\"><b>Sn\u00f6t\u00e4ckekarta &#8211; Aktuellt sn\u00f6fall i Sverige<\/b><\/span><\/h2>\n<p><span style=\"font-weight: 400;\">Har du planerat en semester i bergen? Vill du kolla det aktuella skidv\u00e4dret f\u00f6r att ta reda p\u00e5 om du kommer att f\u00e5 tillr\u00e4ckligt med sn\u00f6 f\u00f6r din resa till skidbacken? Anv\u00e4nd d\u00e5 sn\u00f6t\u00e4ckekartan f\u00f6r Sverige. H\u00e4r kan du med en snabb \u00f6verblick ta reda p\u00e5 om sn\u00f6fall \u00e4r att v\u00e4nta i fj\u00e4llomr\u00e5dena. Du kan ocks\u00e5 se hur mycket sn\u00f6 som just nu faller i respektive region och hur stort sn\u00f6djupet \u00e4r:<\/span><\/p>\n<div id=\"weath-3245806931\" style=\"margin-top: 15px;margin-right: auto;margin-bottom: 35px;margin-left: auto;text-align: center;\"><script async src=\"\/\/pagead2.googlesyndication.com\/pagead\/js\/adsbygoogle.js?client=ca-pub-8960936133935804\" crossorigin=\"anonymous\"><\/script><ins class=\"adsbygoogle\" style=\"display:block;\" data-ad-client=\"ca-pub-8960936133935804\" \ndata-ad-slot=\"1963584050\" \ndata-ad-format=\"auto\"><\/ins>\n<script> \n(adsbygoogle = window.adsbygoogle || []).push({}); \n<\/script>\n<\/div>\n\n\n<div class=\"wp-block-columns is-layout-flex wp-container-core-columns-is-layout-9d6595d7 wp-block-columns-is-layout-flex\">\n<div class=\"wp-block-column is-layout-flow wp-block-column-is-layout-flow\">\n<h3 style=\"text-align: center;\"><strong><span style=\"color: #919191;\">Sn\u00f6djup i Sverige<\/span><\/strong><\/h3>\n\n\n\n<iframe loading=\"lazy\" width=\"1300\" height=\"600\" src=\"https:\/\/embed.windy.com\/embed2.html?lat=61.794&amp;lon=15.820&amp;detailLat=49.476&amp;detailLon=11.048&amp;width=1300&amp;height=600&amp;zoom=5&amp;level=surface&amp;overlay=snowcover&amp;product=ecmwf&amp;menu=&amp;message=true&amp;marker=&amp;calendar=now&amp;pressure=&amp;type=map&amp;location=coordinates&amp;detail=&amp;metricWind=default&amp;metricTemp=default&amp;radarRange=-1\" frameborder=\"0\"><\/iframe>\n\n\n\n<p class=\"has-text-align-center\"><sub>Det aktuella sn\u00f6fallet \u00e4r f\u00e4rgat med sn\u00f6flingesymboler p\u00e5 kartan. Sn\u00f6n visas ocks\u00e5 i f\u00e4rg p\u00e5 kartan. En gr\u00f6n eller bl\u00e5 f\u00e4rg inneb\u00e4r svag till m\u00e5ttlig nederb\u00f6rd. En violett f\u00e4rgning tyder p\u00e5 att du b\u00f6r r\u00e4kna med kraftigt sn\u00f6fall.<\/sub><\/p>\n<\/div>\n<\/div>\n\n\n<h2><span style=\"color: #919191;\"><b>Hur fungerar en sn\u00f6t\u00e4ckekarta i praktiken?<\/b><\/span><\/h2>\n<p><span style=\"font-weight: 400;\">Funktionen hos en nederb\u00f6rdsradar (sn\u00f6- eller regnradar) \u00e4r alltid densamma. Med hj\u00e4lp av en radarstation skickas mikrov\u00e5gor in i molnen. Dessa radarstr\u00e5lar skickas tillbaka till radarstationen av vattendropparna i molnet. Ju fler radarv\u00e5gor som sl\u00e5r tillbaka till m\u00e4tstationen, desto mer nederb\u00f6rd finns i molnet. Beroende p\u00e5 temperaturen p\u00e5 marken och i luften kan man f\u00f6rutse om det kommer att regna eller sn\u00f6a.<\/span><\/p>\n<p><span style=\"font-weight: 400;\">Med hj\u00e4lp av denna m\u00e4tteknik kan en exakt bild av det aktuella nederb\u00f6rdsomr\u00e5det skapas och kontinuerligt uppdateras inom bara n\u00e5gra sekunder. F\u00f6rutom sn\u00f6t\u00e4ckekartan, <span style=\"color: #919191;\"><strong><a style=\"color: #919191;\" href=\"https:\/\/weather-radar-live.com\/sv\/molnradar\/\" target=\"_blank\" rel=\"noopener noreferrer\">molnradarn<\/a><\/strong><\/span>, <span style=\"color: #f59800;\"><strong><a href=\"https:\/\/weather-radar-live.com\/sv\/tornado\/\" target=\"_blank\" rel=\"noopener noreferrer\"><span style=\"color: #f59800;\">tornadoradar<\/span><\/a><span style=\"color: #000000;\">, <\/span><\/strong><\/span><a href=\"https:\/\/weather-radar-live.com\/sv\/regnradar\/\"><span style=\"color: #1950fe;\"><strong>regnradar<\/strong><\/span><\/a>, <strong><span style=\"color: #ffde00;\"><a style=\"color: #ffde00;\" href=\"https:\/\/weather-radar-live.com\/sv\/blixtradar\/\" target=\"_blank\" rel=\"noopener noreferrer\">karta \u00f6ver blixtnedslag<\/a><\/span><\/strong> och <strong><span style=\"color: #f59800;\"><a style=\"color: #f59800;\" href=\"https:\/\/weather-radar-live.com\/sv\/storm-radar\/\" target=\"_blank\" rel=\"noopener noreferrer\">stormradar<\/a><\/span><\/strong> fungerar ocks\u00e5 p\u00e5 samma s\u00e4tt.<\/span><\/p>\n<h2>&nbsp;<\/h2>\n<h2 style=\"text-align: center;\"><span style=\"color: #919191;\"><b>Intressanta fakta om sn\u00f6:<\/b><\/span><\/h2>\n<h3><span style=\"color: #919191;\"><strong>Varf\u00f6r \u00e4r sn\u00f6 vit?<\/strong><\/span><\/h3>\n<p><span style=\"font-weight: 400;\">Sn\u00f6ns vita f\u00e4rg beror p\u00e5 sn\u00f6flingans speciella form. I mikroskop verkar sn\u00f6flingor vara genomskinliga. Men n\u00e4r solljuset faller p\u00e5 sn\u00f6flingorna bryts ljuset flera g\u00e5nger av flingans speciella form och reflekteras genom den inst\u00e4ngda luften i sn\u00f6flingan. D\u00e4rf\u00f6r framst\u00e5r sn\u00f6flingan som vit f\u00f6r det m\u00e4nskliga \u00f6gat.<\/span><\/p>\n<h3><strong><span style=\"color: #919191;\">Varf\u00f6r glittrar sn\u00f6?<\/span><\/strong><\/h3>\n<p><span style=\"font-weight: 400;\">Glittret i sn\u00f6 kan ocks\u00e5 h\u00e4rledas till iskristallernas reflektion av ljuset. Det \u00f6versta lagret av sn\u00f6t\u00e4cket, med sina otaliga sn\u00f6flingor, reflekterar ljuset till v\u00e5ra \u00f6gon direkt och utan ytterligare brytning. Av denna anledning ser vi olika fl\u00e4ckar som blinkar i sn\u00f6n n\u00e4r vi r\u00f6r oss bland de m\u00e5nga iskristallerna.<\/span><\/p>\n<h3><strong><span style=\"color: #919191;\">Varf\u00f6r \u00e4r sn\u00f6flingor sexkantiga?<\/span><\/strong><\/h3>\n<p><span style=\"font-weight: 400;\">Sn\u00f6ns form h\u00e4nger samman med den speciella strukturen hos en vattenmolekyl: P\u00e5 grund av den elektriska laddningen hos de enskilda atomerna kan dessa molekyler bara ordna sig i en sexh\u00f6rning eller i en vinkel p\u00e5 60 grader eller 120 grader. Denna hexagonala form g\u00f6r det m\u00f6jligt f\u00f6r vattenmolekylerna att bilda kristaller p\u00e5 ett mycket effektivt s\u00e4tt.<\/span><\/p>\n<h3><strong><span style=\"color: #919191;\">Varf\u00f6r knastrar sn\u00f6 n\u00e4r man g\u00e5r i den?<\/span><\/strong><\/h3>\n<p><span style=\"font-weight: 400;\">Varifr\u00e5n kommer detta knastrande och kn\u00e4ckande n\u00e4r man g\u00e5r i sn\u00f6? I grund och botten h\u00f6r du inget annat \u00e4n att enskilda iskristaller i sn\u00f6n bryts s\u00f6nder. Ju kallare sn\u00f6n \u00e4r, desto starkare \u00e4r det ljudet som kan uppfattas.<\/span><\/p>\n<h3><strong><span style=\"color: #919191;\">Varf\u00f6r sm\u00e4lter sn\u00f6 n\u00e4r den uts\u00e4tts f\u00f6r salt?<\/span><\/strong><\/h3>\n<p><span style=\"font-weight: 400;\">Salt g\u00f6r att vattnets fryspunkt inte l\u00e4ngre \u00e4r 0 grader utan betydligt l\u00e4gre. Efter tillsats av salt beh\u00f6ver vatten betydligt l\u00e4gre temperaturer f\u00f6r att f\u00f6rvandlas till sn\u00f6 och is. Saltet st\u00f6r bildandet av iskristaller genom att dela vattenfilmen och l\u00f6sa ut vattenmolekyler.<\/span><\/p>","protected":false},"excerpt":{"rendered":"<p>Sn\u00f6karta- din aktuella och tillf\u00f6rlitliga sn\u00f6prognos Var sn\u00f6ar det just nu? Kan jag f\u00f6rv\u00e4nta mig sn\u00f6fall i min region inom kort? Om s\u00e5 \u00e4r fallet, hur mycket sn\u00f6 kan jag f\u00f6rv\u00e4nta mig under de n\u00e4rmaste timmarna? Besvara dessa fr\u00e5gor med v\u00e5r senaste sn\u00f6karta f\u00f6r Sverige och andra europeiska l\u00e4nder. P\u00e5 kartan \u00f6ver sn\u00f6t\u00e4cket finns information &#8230; <a title=\"Sn\u00f6karta\" class=\"read-more\" href=\"https:\/\/weather-radar-live.com\/sv\/snokarta\/\" aria-label=\"L\u00e4s mer om Sn\u00f6karta\">L\u00e4s mer<\/a><\/p>\n","protected":false},"author":1,"featured_media":2959,"parent":0,"menu_order":0,"comment_status":"closed","ping_status":"closed","template":"","meta":{"footnotes":""},"class_list":["post-2339","page","type-page","status-publish","has-post-thumbnail"],"yoast_head":"<!-- This site is optimized with the Yoast SEO plugin v27.5 - https:\/\/yoast.com\/product\/yoast-seo-wordpress\/ -->\n<title>Sn\u00f6karta | Sn\u00f6t\u00e4cke LIVE:\u2714\ufe0f Var sn\u00f6ar det just nu? \u2744\ufe0f<\/title>\n<meta name=\"description\" content=\"Sn\u00f6karta LIVE: Ta reda p\u00e5 var det sn\u00f6ar just nu + en exakt sn\u00f6prognos och aktuellt sn\u00f6djup \u2714\ufe0f uppdateras varje sekund \u2744\ufe0f\" \/>\n<meta name=\"robots\" content=\"index, follow, max-snippet:-1, max-image-preview:large, max-video-preview:-1\" \/>\n<link rel=\"canonical\" href=\"https:\/\/weather-radar-live.com\/sv\/snokarta\/\" \/>\n<meta property=\"og:locale\" content=\"sv_SE\" \/>\n<meta property=\"og:type\" content=\"article\" \/>\n<meta property=\"og:title\" content=\"Sn\u00f6karta | Sn\u00f6t\u00e4cke LIVE:\u2714\ufe0f Var sn\u00f6ar det just nu? \u2744\ufe0f\" \/>\n<meta property=\"og:description\" content=\"Sn\u00f6karta LIVE: Ta reda p\u00e5 var det sn\u00f6ar just nu + en exakt sn\u00f6prognos och aktuellt sn\u00f6djup \u2714\ufe0f uppdateras varje sekund \u2744\ufe0f\" \/>\n<meta property=\"og:url\" content=\"https:\/\/weather-radar-live.com\/sv\/snokarta\/\" \/>\n<meta property=\"og:site_name\" content=\"weather-radar-live.com\" \/>\n<meta property=\"article:modified_time\" content=\"2022-07-06T11:11:19+00:00\" \/>\n<meta property=\"og:image\" content=\"https:\/\/weather-radar-live.com\/wp-content\/uploads\/2021\/02\/Snow-Cover-Map-1.jpg\" \/>\n\t<meta property=\"og:image:width\" content=\"1897\" \/>\n\t<meta property=\"og:image:height\" content=\"458\" \/>\n\t<meta property=\"og:image:type\" content=\"image\/jpeg\" \/>\n<meta name=\"twitter:card\" content=\"summary_large_image\" \/>\n<meta name=\"twitter:label1\" content=\"Ber\u00e4knad l\u00e4stid\" \/>\n\t<meta name=\"twitter:data1\" content=\"5 minuter\" \/>\n<script type=\"application\/ld+json\" class=\"yoast-schema-graph\">{\"@context\":\"https:\\\/\\\/schema.org\",\"@graph\":[{\"@type\":\"WebPage\",\"@id\":\"https:\\\/\\\/weather-radar-live.com\\\/sv\\\/snokarta\\\/\",\"url\":\"https:\\\/\\\/weather-radar-live.com\\\/sv\\\/snokarta\\\/\",\"name\":\"Sn\u00f6karta | Sn\u00f6t\u00e4cke LIVE:\u2714\ufe0f Var sn\u00f6ar det just nu? \u2744\ufe0f\",\"isPartOf\":{\"@id\":\"https:\\\/\\\/weather-radar-live.com\\\/#website\"},\"primaryImageOfPage\":{\"@id\":\"https:\\\/\\\/weather-radar-live.com\\\/sv\\\/snokarta\\\/#primaryimage\"},\"image\":{\"@id\":\"https:\\\/\\\/weather-radar-live.com\\\/sv\\\/snokarta\\\/#primaryimage\"},\"thumbnailUrl\":\"https:\\\/\\\/weather-radar-live.com\\\/wp-content\\\/uploads\\\/2021\\\/02\\\/Snow-Cover-Map-1.jpg\",\"datePublished\":\"2021-12-13T14:54:20+00:00\",\"dateModified\":\"2022-07-06T11:11:19+00:00\",\"description\":\"Sn\u00f6karta LIVE: Ta reda p\u00e5 var det sn\u00f6ar just nu + en exakt sn\u00f6prognos och aktuellt sn\u00f6djup \u2714\ufe0f uppdateras varje sekund \u2744\ufe0f\",\"breadcrumb\":{\"@id\":\"https:\\\/\\\/weather-radar-live.com\\\/sv\\\/snokarta\\\/#breadcrumb\"},\"inLanguage\":\"sv-SE\",\"potentialAction\":[{\"@type\":\"ReadAction\",\"target\":[\"https:\\\/\\\/weather-radar-live.com\\\/sv\\\/snokarta\\\/\"]}]},{\"@type\":\"ImageObject\",\"inLanguage\":\"sv-SE\",\"@id\":\"https:\\\/\\\/weather-radar-live.com\\\/sv\\\/snokarta\\\/#primaryimage\",\"url\":\"https:\\\/\\\/weather-radar-live.com\\\/wp-content\\\/uploads\\\/2021\\\/02\\\/Snow-Cover-Map-1.jpg\",\"contentUrl\":\"https:\\\/\\\/weather-radar-live.com\\\/wp-content\\\/uploads\\\/2021\\\/02\\\/Snow-Cover-Map-1.jpg\",\"width\":1897,\"height\":458},{\"@type\":\"BreadcrumbList\",\"@id\":\"https:\\\/\\\/weather-radar-live.com\\\/sv\\\/snokarta\\\/#breadcrumb\",\"itemListElement\":[{\"@type\":\"ListItem\",\"position\":1,\"name\":\"Weather Radar Live\",\"item\":\"https:\\\/\\\/weather-radar-live.com\\\/sv\\\/\"},{\"@type\":\"ListItem\",\"position\":2,\"name\":\"Sn\u00f6karta\"}]},{\"@type\":\"WebSite\",\"@id\":\"https:\\\/\\\/weather-radar-live.com\\\/#website\",\"url\":\"https:\\\/\\\/weather-radar-live.com\\\/\",\"name\":\"weather-radar-live.com\",\"description\":\"Your weather and sky radar.\",\"publisher\":{\"@id\":\"https:\\\/\\\/weather-radar-live.com\\\/#organization\"},\"potentialAction\":[{\"@type\":\"SearchAction\",\"target\":{\"@type\":\"EntryPoint\",\"urlTemplate\":\"https:\\\/\\\/weather-radar-live.com\\\/?s={search_term_string}\"},\"query-input\":{\"@type\":\"PropertyValueSpecification\",\"valueRequired\":true,\"valueName\":\"search_term_string\"}}],\"inLanguage\":\"sv-SE\"},{\"@type\":\"Organization\",\"@id\":\"https:\\\/\\\/weather-radar-live.com\\\/#organization\",\"name\":\"weather-radar-live.com\",\"url\":\"https:\\\/\\\/weather-radar-live.com\\\/\",\"logo\":{\"@type\":\"ImageObject\",\"inLanguage\":\"sv-SE\",\"@id\":\"https:\\\/\\\/weather-radar-live.com\\\/#\\\/schema\\\/logo\\\/image\\\/\",\"url\":\"https:\\\/\\\/weather-radar-live.com\\\/wp-content\\\/uploads\\\/2022\\\/03\\\/cropped-WRL2503.png\",\"contentUrl\":\"https:\\\/\\\/weather-radar-live.com\\\/wp-content\\\/uploads\\\/2022\\\/03\\\/cropped-WRL2503.png\",\"width\":1920,\"height\":555,\"caption\":\"weather-radar-live.com\"},\"image\":{\"@id\":\"https:\\\/\\\/weather-radar-live.com\\\/#\\\/schema\\\/logo\\\/image\\\/\"}}]}<\/script>\n<!-- \/ Yoast SEO plugin. -->","yoast_head_json":{"title":"Sn\u00f6karta | Sn\u00f6t\u00e4cke LIVE:\u2714\ufe0f Var sn\u00f6ar det just nu? \u2744\ufe0f","description":"Sn\u00f6karta LIVE: Ta reda p\u00e5 var det sn\u00f6ar just nu + en exakt sn\u00f6prognos och aktuellt sn\u00f6djup \u2714\ufe0f uppdateras varje sekund \u2744\ufe0f","robots":{"index":"index","follow":"follow","max-snippet":"max-snippet:-1","max-image-preview":"max-image-preview:large","max-video-preview":"max-video-preview:-1"},"canonical":"https:\/\/weather-radar-live.com\/sv\/snokarta\/","og_locale":"sv_SE","og_type":"article","og_title":"Sn\u00f6karta | Sn\u00f6t\u00e4cke LIVE:\u2714\ufe0f Var sn\u00f6ar det just nu? \u2744\ufe0f","og_description":"Sn\u00f6karta LIVE: Ta reda p\u00e5 var det sn\u00f6ar just nu + en exakt sn\u00f6prognos och aktuellt sn\u00f6djup \u2714\ufe0f uppdateras varje sekund \u2744\ufe0f","og_url":"https:\/\/weather-radar-live.com\/sv\/snokarta\/","og_site_name":"weather-radar-live.com","article_modified_time":"2022-07-06T11:11:19+00:00","og_image":[{"width":1897,"height":458,"url":"https:\/\/weather-radar-live.com\/wp-content\/uploads\/2021\/02\/Snow-Cover-Map-1.jpg","type":"image\/jpeg"}],"twitter_card":"summary_large_image","twitter_misc":{"Ber\u00e4knad l\u00e4stid":"5 minuter"},"schema":{"@context":"https:\/\/schema.org","@graph":[{"@type":"WebPage","@id":"https:\/\/weather-radar-live.com\/sv\/snokarta\/","url":"https:\/\/weather-radar-live.com\/sv\/snokarta\/","name":"Sn\u00f6karta | Sn\u00f6t\u00e4cke LIVE:\u2714\ufe0f Var sn\u00f6ar det just nu? \u2744\ufe0f","isPartOf":{"@id":"https:\/\/weather-radar-live.com\/#website"},"primaryImageOfPage":{"@id":"https:\/\/weather-radar-live.com\/sv\/snokarta\/#primaryimage"},"image":{"@id":"https:\/\/weather-radar-live.com\/sv\/snokarta\/#primaryimage"},"thumbnailUrl":"https:\/\/weather-radar-live.com\/wp-content\/uploads\/2021\/02\/Snow-Cover-Map-1.jpg","datePublished":"2021-12-13T14:54:20+00:00","dateModified":"2022-07-06T11:11:19+00:00","description":"Sn\u00f6karta LIVE: Ta reda p\u00e5 var det sn\u00f6ar just nu + en exakt sn\u00f6prognos och aktuellt sn\u00f6djup \u2714\ufe0f uppdateras varje sekund \u2744\ufe0f","breadcrumb":{"@id":"https:\/\/weather-radar-live.com\/sv\/snokarta\/#breadcrumb"},"inLanguage":"sv-SE","potentialAction":[{"@type":"ReadAction","target":["https:\/\/weather-radar-live.com\/sv\/snokarta\/"]}]},{"@type":"ImageObject","inLanguage":"sv-SE","@id":"https:\/\/weather-radar-live.com\/sv\/snokarta\/#primaryimage","url":"https:\/\/weather-radar-live.com\/wp-content\/uploads\/2021\/02\/Snow-Cover-Map-1.jpg","contentUrl":"https:\/\/weather-radar-live.com\/wp-content\/uploads\/2021\/02\/Snow-Cover-Map-1.jpg","width":1897,"height":458},{"@type":"BreadcrumbList","@id":"https:\/\/weather-radar-live.com\/sv\/snokarta\/#breadcrumb","itemListElement":[{"@type":"ListItem","position":1,"name":"Weather Radar Live","item":"https:\/\/weather-radar-live.com\/sv\/"},{"@type":"ListItem","position":2,"name":"Sn\u00f6karta"}]},{"@type":"WebSite","@id":"https:\/\/weather-radar-live.com\/#website","url":"https:\/\/weather-radar-live.com\/","name":"weather-radar-live.com","description":"Your weather and sky radar.","publisher":{"@id":"https:\/\/weather-radar-live.com\/#organization"},"potentialAction":[{"@type":"SearchAction","target":{"@type":"EntryPoint","urlTemplate":"https:\/\/weather-radar-live.com\/?s={search_term_string}"},"query-input":{"@type":"PropertyValueSpecification","valueRequired":true,"valueName":"search_term_string"}}],"inLanguage":"sv-SE"},{"@type":"Organization","@id":"https:\/\/weather-radar-live.com\/#organization","name":"weather-radar-live.com","url":"https:\/\/weather-radar-live.com\/","logo":{"@type":"ImageObject","inLanguage":"sv-SE","@id":"https:\/\/weather-radar-live.com\/#\/schema\/logo\/image\/","url":"https:\/\/weather-radar-live.com\/wp-content\/uploads\/2022\/03\/cropped-WRL2503.png","contentUrl":"https:\/\/weather-radar-live.com\/wp-content\/uploads\/2022\/03\/cropped-WRL2503.png","width":1920,"height":555,"caption":"weather-radar-live.com"},"image":{"@id":"https:\/\/weather-radar-live.com\/#\/schema\/logo\/image\/"}}]}},"_links":{"self":[{"href":"https:\/\/weather-radar-live.com\/sv\/wp-json\/wp\/v2\/pages\/2339","targetHints":{"allow":["GET"]}}],"collection":[{"href":"https:\/\/weather-radar-live.com\/sv\/wp-json\/wp\/v2\/pages"}],"about":[{"href":"https:\/\/weather-radar-live.com\/sv\/wp-json\/wp\/v2\/types\/page"}],"author":[{"embeddable":true,"href":"https:\/\/weather-radar-live.com\/sv\/wp-json\/wp\/v2\/users\/1"}],"replies":[{"embeddable":true,"href":"https:\/\/weather-radar-live.com\/sv\/wp-json\/wp\/v2\/comments?post=2339"}],"version-history":[{"count":7,"href":"https:\/\/weather-radar-live.com\/sv\/wp-json\/wp\/v2\/pages\/2339\/revisions"}],"predecessor-version":[{"id":4143,"href":"https:\/\/weather-radar-live.com\/sv\/wp-json\/wp\/v2\/pages\/2339\/revisions\/4143"}],"wp:featuredmedia":[{"embeddable":true,"href":"https:\/\/weather-radar-live.com\/sv\/wp-json\/wp\/v2\/media\/2959"}],"wp:attachment":[{"href":"https:\/\/weather-radar-live.com\/sv\/wp-json\/wp\/v2\/media?parent=2339"}],"curies":[{"name":"wp","href":"https:\/\/api.w.org\/{rel}","templated":true}]}}