{"id":2325,"date":"2021-12-13T15:44:49","date_gmt":"2021-12-13T14:44:49","guid":{"rendered":"https:\/\/weather-radar-live.com\/?page_id=2325"},"modified":"2021-12-13T16:57:17","modified_gmt":"2021-12-13T15:57:17","slug":"havsniva","status":"publish","type":"page","link":"https:\/\/weather-radar-live.com\/sv\/havsniva\/","title":{"rendered":"Havsniv\u00e5"},"content":{"rendered":"<div id=\"weath-362509612\" class=\"weath-vor-dem-inhalt weath-entity-placement\" style=\"margin-top: 15px;margin-right: 25px;margin-bottom: 40px;margin-left: 25px;\"><script async src=\"\/\/pagead2.googlesyndication.com\/pagead\/js\/adsbygoogle.js?client=ca-pub-8960936133935804\" crossorigin=\"anonymous\"><\/script><ins class=\"adsbygoogle\" style=\"display:block;\" data-ad-client=\"ca-pub-8960936133935804\" \ndata-ad-slot=\"6172817020\" \ndata-ad-format=\"auto\"><\/ins>\n<script> \n(adsbygoogle = window.adsbygoogle || []).push({}); \n<\/script>\n<\/div>\n<div class=\"wp-block-cover alignfull has-background-dim-30 has-background-dim\"><img decoding=\"async\" class=\"wp-block-cover__image-background wp-image-5153\" alt=\"\" src=\"https:\/\/da-oben.de\/wp-content\/uploads\/2021\/11\/iceberg-g251906e1e_1920.jpg\" style=\"object-position:66% 63%\" data-object-fit=\"cover\" data-object-position=\"66% 63%\"\/><div class=\"wp-block-cover__inner-container is-layout-flow wp-block-cover-is-layout-flow\">\n<h2 class=\"has-text-align-center heading wp-block-heading\" style=\"font-size:60px\"><strong><span class=\"has-inline-color has-base-3-color\">HAVSNIV\u00c5<\/span><\/strong><\/h2>\n<\/div><\/div>\n\n\n<h2 style=\"text-align: center;\"><span style=\"color: #1950fe;\"><b>Havsniv\u00e5 &#8211; Hur h\u00f6gt \u00e4r havet?<\/b><\/span><\/h2>\n<p>I mer \u00e4n hundra \u00e5r har havsniv\u00e5n m\u00e4tts och utv\u00e4rderats \u00f6ver hela v\u00e4rlden. P\u00e5 grundval av dessa m\u00e4tningar har man sedan dess fastst\u00e4llt att havsniv\u00e5n i v\u00e4rlden stiger med i genomsnitt cirka 3,3 millimeter per \u00e5r. Men vad inneb\u00e4r detta f\u00f6r v\u00e5r planet? Och vad \u00e4r egentligen havsniv\u00e5n?<\/p>\n<p>Havsniv\u00e5n \u00e4r h\u00f6jden p\u00e5 havet, som ocks\u00e5 kallas NN. Men havsniv\u00e5n \u00e4r inte densamma \u00f6verallt &#8211; tv\u00e4rtom! Beroende p\u00e5 var i v\u00e4rlden den m\u00e4ts f\u00f6rekommer olika v\u00e4rden. \u00c4ven om v\u00e4rldshaven \u00e4r sammanl\u00e4nkade har milj\u00f6ens och naturens olika influenser en direkt effekt p\u00e5 respektive havsniv\u00e5. Eftersom de flesta platser h\u00e5ller sina egna m\u00e4tningar finns det otaliga havsniv\u00e5er i v\u00e4rlden.<\/p><div id=\"weath-967091725\" class=\"weath-inhalt_2 weath-entity-placement\" style=\"margin-top: 15px;margin-right: 25px;margin-bottom: 35px;margin-left: 25px;\"><script async src=\"\/\/pagead2.googlesyndication.com\/pagead\/js\/adsbygoogle.js?client=ca-pub-8960936133935804\" crossorigin=\"anonymous\"><\/script><ins class=\"adsbygoogle\" style=\"display:block;\" data-ad-client=\"ca-pub-8960936133935804\" \ndata-ad-slot=\"1963584050\" \ndata-ad-format=\"auto\"><\/ins>\n<script> \n(adsbygoogle = window.adsbygoogle || []).push({}); \n<\/script>\n<\/div>\n<p>Trots detta har forskare kunnat fastst\u00e4lla ett v\u00e4rldsomsp\u00e4nnande samband: Havsniv\u00e5erna stiger \u00e5rligen \u00f6ver hela v\u00e4rlden. Om h\u00f6jningen av vattenniv\u00e5n skulle accelerera till f\u00f6ljd av den globala uppv\u00e4rmningen skulle detta kunna f\u00e5 allvarliga konsekvenser f\u00f6r m\u00e5nga kustomr\u00e5den.<\/p>\n\n\n<iframe loading=\"lazy\" width=\"1300\" height=\"600\" src=\"https:\/\/coastal.climatecentral.org\/map\/5\/7.2079\/55.6671\/?theme=water_level&amp;map_type=water_level_above_mhhw&amp;basemap=roadmap&amp;contiguous=true&amp;elevation_model=best_available&amp;refresh=true&amp;water_level=0.0&amp;water_unit=m\" scrolling=\"no\"><\/iframe>\n\n\n\n<p class=\"has-text-align-center\"><sup>Kartan visar havsniv\u00e5n vid en \u00f6kad vattenniv\u00e5. P\u00e5 v\u00e4nster sida (mobilvy: kugghjul uppe till h\u00f6ger) kan du justera \u00f6kningen av havsniv\u00e5n. P\u00e5 s\u00e5 s\u00e4tt kan du ta reda p\u00e5 vilka omr\u00e5den som drabbas av \u00f6versv\u00e4mningar.<\/sup><\/p>\n\n\n\n<div style=\"height:40px\" aria-hidden=\"true\" class=\"wp-block-spacer\"><\/div>\n\n\n<h2 style=\"text-align: center;\"><span style=\"color: #1950fe;\"><b>Var f\u00f6rekommer \u00f6versv\u00e4mningar? Vilka kuster p\u00e5verkas? Ta reda p\u00e5 det p\u00e5 kartan \u00f6ver havsniv\u00e5n:<\/b><\/span><\/h2>\n<p>Med hj\u00e4lp av havsniv\u00e5kartan kan du se vilka kustomr\u00e5den som kan drabbas av \u00f6versv\u00e4mningar. Beroende p\u00e5 havsniv\u00e5h\u00f6jningen \u00e4r de platser som \u00e4r i riskzonen markerade med r\u00f6tt. Allt som \u00e4r markerat med r\u00f6tt p\u00e5 kartan ligger under vattenytan.<\/p>\n<p><img loading=\"lazy\" decoding=\"async\" class=\"alignleft wp-image-5158\" src=\"https:\/\/da-oben.de\/wp-content\/uploads\/2021\/11\/belowwaterlevel.jpg\" alt=\"Under vattenniv\u00e5n\" width=\"168\" height=\"50\">\u00c4ven med en lokal havsniv\u00e5 p\u00e5 0,0 meter kan \u00f6versv\u00e4mningar indikeras p\u00e5 grund av kombinationen av havsniv\u00e5h\u00f6jning, tidvatten och stormv\u00e5gor<\/p>\n<p>H\u00f6jden p\u00e5 den indikerade vattenytan \u00f6ver den lokala riktlinjen kallas vattenniv\u00e5n. &#8221;Riktlinje&#8221; avser det senaste historiska genomsnittet av den h\u00f6gsta dagliga lokala tidvattenniv\u00e5n eller medelh\u00f6gvattenlinjen.<\/p>\n<p>Om du anv\u00e4nder kartan via en dator kan du komma \u00e5t inst\u00e4llningarna p\u00e5 kartans v\u00e4nstra sida. Om du anv\u00e4nder den mobila vyn har du ett kugghjul att v\u00e4lja mellan l\u00e4ngst upp till h\u00f6ger p\u00e5 sk\u00e4rmen, vilket \u00f6ppnar inst\u00e4llningsmenyn<\/p>\n<p><\/p>\n<h2 style=\"text-align: center;\"><span style=\"color: #1950fe;\"><b>H\u00e4r \u00e4r vad du b\u00f6r veta om havsniv\u00e5:<\/b><\/span><\/h2>\n<h3><span style=\"color: #1950fe;\"><strong>Hur m\u00e4ter man havsniv\u00e5n?<\/strong><\/span><\/h3>\n<p>Havsvattenniv\u00e5n har registrerats sedan 1800-talet. P\u00e5 den tiden anv\u00e4ndes vissa m\u00e4tinstrument f\u00f6r att utv\u00e4rdera vattenniv\u00e5n. Dessa m\u00e4tare \u00e4r dock alldeles f\u00f6r oprecisa enligt vetenskapens nuvarande st\u00e5ndpunkt. I dag hanteras de influenser som p\u00e5verkar den st\u00e4ndiga f\u00f6r\u00e4ndringen av havsniv\u00e5n med hj\u00e4lp av de mest exakta m\u00e4tningarna fr\u00e5n satelliter. Satelliterna registrerar alla data fr\u00e5n en h\u00f6jd av \u00f6ver 250 kilometer f\u00f6r att f\u00e5 exakta resultat.<\/p>\n<p>Influenser som tidvatten (ebb och flod), havsstr\u00f6mmar, vindar och jordens gravitation spelar en viktig roll i m\u00e4tningarna.<\/p>\n<h3><span style=\"color: #f59800;\"><strong><span style=\"color: #1950fe;\">Var ligger havsniv\u00e5n?<\/span><br><\/strong><\/span><\/h3>\n<p>Havets h\u00f6jd varierar st\u00e4ndigt och \u00e4r ocks\u00e5 olika p\u00e5 olika platser i v\u00e4rlden. De flesta platser anv\u00e4nder egna markeringar f\u00f6r att ange sin genomsnittliga h\u00f6jd<\/p>\n<h3><span style=\"color: #1950fe;\"><strong>Var ligger havsniv\u00e5ns nollpunkt?<\/strong><\/span><\/h3>\n<p>Ofta v\u00e4ljer man vissa centrala punkter p\u00e5 platser f\u00f6r att ange h\u00f6jden. Det kan till exempel vara t\u00e5gstationer, marknadsplatser, kyrkor och andra platser i centrum. N\u00e4r det g\u00e4ller h\u00f6jden p\u00e5 vattenf\u00f6rekomster anges vattenniv\u00e5ns genomsnittliga niv\u00e5.<\/p>\n<h3><span style=\"color: #1950fe;\"><strong>Hur l\u00e5ngt kan havsniv\u00e5n h\u00f6gst stiga?<\/strong><\/span><\/h3>\n<p>Enligt forskarna har havsytan stigit snabbare enbart under 1900-talet \u00e4n under n\u00e5gon annan period under de senaste 3 000 \u00e5ren. Det \u00e4r oklart exakt hur h\u00f6gt vattnet kommer att forts\u00e4tta att stiga inom den n\u00e4rmaste framtiden, eftersom den globala uppv\u00e4rmningen nu spelar en central roll f\u00f6r havsniv\u00e5h\u00f6jningen. Enligt nuvarande m\u00e4tningar kan havsniv\u00e5n stiga till mer \u00e4n en meter fram till 2100.<\/p>\n<p><\/p>\n\n\n<div class=\"wp-block-cover alignfull has-background-dim-70 has-background-dim\"><img decoding=\"async\" class=\"wp-block-cover__image-background wp-image-5153\" alt=\"\" src=\"https:\/\/da-oben.de\/wp-content\/uploads\/2021\/11\/iceberg-g251906e1e_1920.jpg\" data-object-fit=\"cover\"\/><div class=\"wp-block-cover__inner-container is-layout-flow wp-block-cover-is-layout-flow\">\n<p><\/p>\n\n\n\n<p class=\"has-text-align-center\" id=\"Teppichklopfen\" style=\"font-size:35px\"><strong><strong><span class=\"has-inline-color has-base-3-color\"><strong><strong>VIDEOS om havsniv\u00e5 och global uppv\u00e4rmning!<\/strong><\/strong><\/span><\/strong><\/strong><\/p>\n\n\n\n<div class=\"wp-block-columns is-layout-flex wp-container-core-columns-is-layout-9d6595d7 wp-block-columns-is-layout-flex\">\n<div class=\"wp-block-column is-layout-flow wp-block-column-is-layout-flow\" style=\"flex-basis:25%\"><\/div>\n\n\n\n<div class=\"wp-block-column is-layout-flow wp-block-column-is-layout-flow\" style=\"flex-basis:50%\"><\/div>\n\n\n\n<div class=\"wp-block-column is-layout-flow wp-block-column-is-layout-flow\" style=\"flex-basis:25%\"><\/div>\n<\/div>\n\n\n\n<div class=\"wp-block-columns is-layout-flex wp-container-core-columns-is-layout-9d6595d7 wp-block-columns-is-layout-flex\">\n<div class=\"wp-block-column is-layout-flow wp-block-column-is-layout-flow\">\n<figure class=\"wp-block-embed is-type-video is-provider-youtube wp-block-embed-youtube wp-embed-aspect-16-9 wp-has-aspect-ratio\"><div class=\"wp-block-embed__wrapper\">\n<iframe loading=\"lazy\" title=\"How Earth Would Look If All The Ice Melted\" width=\"1200\" height=\"675\" src=\"https:\/\/www.youtube.com\/embed\/VbiRNT_gWUQ?feature=oembed\" frameborder=\"0\" allow=\"accelerometer; autoplay; clipboard-write; encrypted-media; gyroscope; picture-in-picture\" allowfullscreen><\/iframe>\n<\/div><\/figure>\n<\/div>\n\n\n\n<div class=\"wp-block-column is-layout-flow wp-block-column-is-layout-flow\">\n<figure class=\"wp-block-embed is-type-video is-provider-youtube wp-block-embed-youtube wp-embed-aspect-16-9 wp-has-aspect-ratio\"><div class=\"wp-block-embed__wrapper\">\n<iframe loading=\"lazy\" title=\"This is what sea level rise will do to coastal cities\" width=\"1200\" height=\"675\" src=\"https:\/\/www.youtube.com\/embed\/6tesHVSZJOg?feature=oembed\" frameborder=\"0\" allow=\"accelerometer; autoplay; clipboard-write; encrypted-media; gyroscope; picture-in-picture\" allowfullscreen><\/iframe>\n<\/div><\/figure>\n<\/div>\n<\/div>\n<\/div><\/div>\n\n\n<h3> <\/h3>\n<h3><span style=\"color: #1950fe;\"><strong>Vad h\u00e4nder n\u00e4r havsniv\u00e5n stiger?<\/strong><\/span><\/h3>\n<p>Den st\u00e4ndigt stigande havsytan utg\u00f6r ett l\u00e5ngsiktigt hot mot m\u00e5nga kustst\u00e4der och kustl\u00e4nder. P\u00e5 v\u00e5r havsniv\u00e5karta hittar du en exakt representation av vilka konsekvenser en h\u00f6jning av motsvarande h\u00f6jd skulle inneb\u00e4ra f\u00f6r respektive plats.<\/p>\n<p>Livsmilj\u00f6n f\u00f6r m\u00e4nniskor och djur som lever vid kusterna kommer att slukas av havet. M\u00e4nniskor kommer allts\u00e5 att beh\u00f6va l\u00e4mna sina hem och flytta till omr\u00e5den som geografiskt sett ligger h\u00f6gre.<\/p>\n<p>Till och med \u00f6ar kommer gradvis att f\u00f6rsvinna fr\u00e5n kartan: om havsniv\u00e5n stiger med ytterligare en meter kommer 80 % av landet att \u00f6versv\u00e4mmas av vatten.<\/p>\n<h3><strong><span style=\"color: #1950fe;\">Hur h\u00f6gt kommer vattnet att stiga om all is sm\u00e4lter?<\/span><\/strong><\/h3>\n<p>F\u00f6r n\u00e4rvarande finns det \u00f6ver fem miljoner kubikmiljoner is p\u00e5 jorden. Om denna enorma m\u00e4ngd skulle sm\u00e4lta fr\u00e5n polerna och bergstopparna skulle den globala havsniv\u00e5n stiga med hela 66 meter! Konsekvenserna av en s\u00e5dan f\u00f6r\u00e4ndring skulle vara o\u00f6versk\u00e5dliga f\u00f6r m\u00e4nskligheten.<\/p>","protected":false},"excerpt":{"rendered":"<p>Havsniv\u00e5 &#8211; Hur h\u00f6gt \u00e4r havet? I mer \u00e4n hundra \u00e5r har havsniv\u00e5n m\u00e4tts och utv\u00e4rderats \u00f6ver hela v\u00e4rlden. P\u00e5 grundval av dessa m\u00e4tningar har man sedan dess fastst\u00e4llt att havsniv\u00e5n i v\u00e4rlden stiger med i genomsnitt cirka 3,3 millimeter per \u00e5r. Men vad inneb\u00e4r detta f\u00f6r v\u00e5r planet? Och vad \u00e4r egentligen havsniv\u00e5n? Havsniv\u00e5n &#8230; <a title=\"Havsniv\u00e5\" class=\"read-more\" href=\"https:\/\/weather-radar-live.com\/sv\/havsniva\/\" aria-label=\"L\u00e4s mer om Havsniv\u00e5\">L\u00e4s mer<\/a><\/p>\n","protected":false},"author":1,"featured_media":0,"parent":0,"menu_order":0,"comment_status":"closed","ping_status":"closed","template":"","meta":{"footnotes":""},"class_list":["post-2325","page","type-page","status-publish"],"yoast_head":"<!-- This site is optimized with the Yoast SEO plugin v27.3 - https:\/\/yoast.com\/product\/yoast-seo-wordpress\/ -->\n<title>Havsniv\u00e5n idag \ud83d\udca5 Karta \u00f6ver havsniv\u00e5n<\/title>\n<meta name=\"description\" content=\"Vad \u00e4r havsniv\u00e5n? \ud83d\udca5 Var f\u00f6rekommer \u00f6versv\u00e4mningar? Se v\u00e5r karta \u00f6ver havsniv\u00e5n nu \u2714\ufe0f och se hur h\u00f6gt vattnet \u00e4r!\" \/>\n<meta name=\"robots\" content=\"index, follow, max-snippet:-1, max-image-preview:large, max-video-preview:-1\" \/>\n<link rel=\"canonical\" href=\"https:\/\/weather-radar-live.com\/sv\/havsniva\/\" \/>\n<meta property=\"og:locale\" content=\"sv_SE\" \/>\n<meta property=\"og:type\" content=\"article\" \/>\n<meta property=\"og:title\" content=\"Havsniv\u00e5n idag \ud83d\udca5 Karta \u00f6ver havsniv\u00e5n\" \/>\n<meta property=\"og:description\" content=\"Vad \u00e4r havsniv\u00e5n? \ud83d\udca5 Var f\u00f6rekommer \u00f6versv\u00e4mningar? Se v\u00e5r karta \u00f6ver havsniv\u00e5n nu \u2714\ufe0f och se hur h\u00f6gt vattnet \u00e4r!\" \/>\n<meta property=\"og:url\" content=\"https:\/\/weather-radar-live.com\/sv\/havsniva\/\" \/>\n<meta property=\"og:site_name\" content=\"weather-radar-live.com\" \/>\n<meta property=\"article:modified_time\" content=\"2021-12-13T15:57:17+00:00\" \/>\n<meta property=\"og:image\" content=\"https:\/\/da-oben.de\/wp-content\/uploads\/2021\/11\/iceberg-g251906e1e_1920.jpg\" \/>\n<meta name=\"twitter:card\" content=\"summary_large_image\" \/>\n<meta name=\"twitter:label1\" content=\"Ber\u00e4knad l\u00e4stid\" \/>\n\t<meta name=\"twitter:data1\" content=\"4 minuter\" \/>\n<script type=\"application\/ld+json\" class=\"yoast-schema-graph\">{\"@context\":\"https:\\\/\\\/schema.org\",\"@graph\":[{\"@type\":\"WebPage\",\"@id\":\"https:\\\/\\\/weather-radar-live.com\\\/sv\\\/havsniva\\\/\",\"url\":\"https:\\\/\\\/weather-radar-live.com\\\/sv\\\/havsniva\\\/\",\"name\":\"Havsniv\u00e5n idag \ud83d\udca5 Karta \u00f6ver havsniv\u00e5n\",\"isPartOf\":{\"@id\":\"https:\\\/\\\/weather-radar-live.com\\\/#website\"},\"primaryImageOfPage\":{\"@id\":\"https:\\\/\\\/weather-radar-live.com\\\/sv\\\/havsniva\\\/#primaryimage\"},\"image\":{\"@id\":\"https:\\\/\\\/weather-radar-live.com\\\/sv\\\/havsniva\\\/#primaryimage\"},\"thumbnailUrl\":\"https:\\\/\\\/da-oben.de\\\/wp-content\\\/uploads\\\/2021\\\/11\\\/iceberg-g251906e1e_1920.jpg\",\"datePublished\":\"2021-12-13T14:44:49+00:00\",\"dateModified\":\"2021-12-13T15:57:17+00:00\",\"description\":\"Vad \u00e4r havsniv\u00e5n? \ud83d\udca5 Var f\u00f6rekommer \u00f6versv\u00e4mningar? Se v\u00e5r karta \u00f6ver havsniv\u00e5n nu \u2714\ufe0f och se hur h\u00f6gt vattnet \u00e4r!\",\"breadcrumb\":{\"@id\":\"https:\\\/\\\/weather-radar-live.com\\\/sv\\\/havsniva\\\/#breadcrumb\"},\"inLanguage\":\"sv-SE\",\"potentialAction\":[{\"@type\":\"ReadAction\",\"target\":[\"https:\\\/\\\/weather-radar-live.com\\\/sv\\\/havsniva\\\/\"]}]},{\"@type\":\"ImageObject\",\"inLanguage\":\"sv-SE\",\"@id\":\"https:\\\/\\\/weather-radar-live.com\\\/sv\\\/havsniva\\\/#primaryimage\",\"url\":\"https:\\\/\\\/da-oben.de\\\/wp-content\\\/uploads\\\/2021\\\/11\\\/iceberg-g251906e1e_1920.jpg\",\"contentUrl\":\"https:\\\/\\\/da-oben.de\\\/wp-content\\\/uploads\\\/2021\\\/11\\\/iceberg-g251906e1e_1920.jpg\"},{\"@type\":\"BreadcrumbList\",\"@id\":\"https:\\\/\\\/weather-radar-live.com\\\/sv\\\/havsniva\\\/#breadcrumb\",\"itemListElement\":[{\"@type\":\"ListItem\",\"position\":1,\"name\":\"Weather Radar Live\",\"item\":\"https:\\\/\\\/weather-radar-live.com\\\/sv\\\/\"},{\"@type\":\"ListItem\",\"position\":2,\"name\":\"Havsniv\u00e5\"}]},{\"@type\":\"WebSite\",\"@id\":\"https:\\\/\\\/weather-radar-live.com\\\/#website\",\"url\":\"https:\\\/\\\/weather-radar-live.com\\\/\",\"name\":\"weather-radar-live.com\",\"description\":\"Your weather and sky radar.\",\"publisher\":{\"@id\":\"https:\\\/\\\/weather-radar-live.com\\\/#organization\"},\"potentialAction\":[{\"@type\":\"SearchAction\",\"target\":{\"@type\":\"EntryPoint\",\"urlTemplate\":\"https:\\\/\\\/weather-radar-live.com\\\/?s={search_term_string}\"},\"query-input\":{\"@type\":\"PropertyValueSpecification\",\"valueRequired\":true,\"valueName\":\"search_term_string\"}}],\"inLanguage\":\"sv-SE\"},{\"@type\":\"Organization\",\"@id\":\"https:\\\/\\\/weather-radar-live.com\\\/#organization\",\"name\":\"weather-radar-live.com\",\"url\":\"https:\\\/\\\/weather-radar-live.com\\\/\",\"logo\":{\"@type\":\"ImageObject\",\"inLanguage\":\"sv-SE\",\"@id\":\"https:\\\/\\\/weather-radar-live.com\\\/#\\\/schema\\\/logo\\\/image\\\/\",\"url\":\"https:\\\/\\\/weather-radar-live.com\\\/wp-content\\\/uploads\\\/2022\\\/03\\\/cropped-WRL2503.png\",\"contentUrl\":\"https:\\\/\\\/weather-radar-live.com\\\/wp-content\\\/uploads\\\/2022\\\/03\\\/cropped-WRL2503.png\",\"width\":1920,\"height\":555,\"caption\":\"weather-radar-live.com\"},\"image\":{\"@id\":\"https:\\\/\\\/weather-radar-live.com\\\/#\\\/schema\\\/logo\\\/image\\\/\"}}]}<\/script>\n<!-- \/ Yoast SEO plugin. -->","yoast_head_json":{"title":"Havsniv\u00e5n idag \ud83d\udca5 Karta \u00f6ver havsniv\u00e5n","description":"Vad \u00e4r havsniv\u00e5n? \ud83d\udca5 Var f\u00f6rekommer \u00f6versv\u00e4mningar? Se v\u00e5r karta \u00f6ver havsniv\u00e5n nu \u2714\ufe0f och se hur h\u00f6gt vattnet \u00e4r!","robots":{"index":"index","follow":"follow","max-snippet":"max-snippet:-1","max-image-preview":"max-image-preview:large","max-video-preview":"max-video-preview:-1"},"canonical":"https:\/\/weather-radar-live.com\/sv\/havsniva\/","og_locale":"sv_SE","og_type":"article","og_title":"Havsniv\u00e5n idag \ud83d\udca5 Karta \u00f6ver havsniv\u00e5n","og_description":"Vad \u00e4r havsniv\u00e5n? \ud83d\udca5 Var f\u00f6rekommer \u00f6versv\u00e4mningar? Se v\u00e5r karta \u00f6ver havsniv\u00e5n nu \u2714\ufe0f och se hur h\u00f6gt vattnet \u00e4r!","og_url":"https:\/\/weather-radar-live.com\/sv\/havsniva\/","og_site_name":"weather-radar-live.com","article_modified_time":"2021-12-13T15:57:17+00:00","og_image":[{"url":"https:\/\/da-oben.de\/wp-content\/uploads\/2021\/11\/iceberg-g251906e1e_1920.jpg","type":"","width":"","height":""}],"twitter_card":"summary_large_image","twitter_misc":{"Ber\u00e4knad l\u00e4stid":"4 minuter"},"schema":{"@context":"https:\/\/schema.org","@graph":[{"@type":"WebPage","@id":"https:\/\/weather-radar-live.com\/sv\/havsniva\/","url":"https:\/\/weather-radar-live.com\/sv\/havsniva\/","name":"Havsniv\u00e5n idag \ud83d\udca5 Karta \u00f6ver havsniv\u00e5n","isPartOf":{"@id":"https:\/\/weather-radar-live.com\/#website"},"primaryImageOfPage":{"@id":"https:\/\/weather-radar-live.com\/sv\/havsniva\/#primaryimage"},"image":{"@id":"https:\/\/weather-radar-live.com\/sv\/havsniva\/#primaryimage"},"thumbnailUrl":"https:\/\/da-oben.de\/wp-content\/uploads\/2021\/11\/iceberg-g251906e1e_1920.jpg","datePublished":"2021-12-13T14:44:49+00:00","dateModified":"2021-12-13T15:57:17+00:00","description":"Vad \u00e4r havsniv\u00e5n? \ud83d\udca5 Var f\u00f6rekommer \u00f6versv\u00e4mningar? Se v\u00e5r karta \u00f6ver havsniv\u00e5n nu \u2714\ufe0f och se hur h\u00f6gt vattnet \u00e4r!","breadcrumb":{"@id":"https:\/\/weather-radar-live.com\/sv\/havsniva\/#breadcrumb"},"inLanguage":"sv-SE","potentialAction":[{"@type":"ReadAction","target":["https:\/\/weather-radar-live.com\/sv\/havsniva\/"]}]},{"@type":"ImageObject","inLanguage":"sv-SE","@id":"https:\/\/weather-radar-live.com\/sv\/havsniva\/#primaryimage","url":"https:\/\/da-oben.de\/wp-content\/uploads\/2021\/11\/iceberg-g251906e1e_1920.jpg","contentUrl":"https:\/\/da-oben.de\/wp-content\/uploads\/2021\/11\/iceberg-g251906e1e_1920.jpg"},{"@type":"BreadcrumbList","@id":"https:\/\/weather-radar-live.com\/sv\/havsniva\/#breadcrumb","itemListElement":[{"@type":"ListItem","position":1,"name":"Weather Radar Live","item":"https:\/\/weather-radar-live.com\/sv\/"},{"@type":"ListItem","position":2,"name":"Havsniv\u00e5"}]},{"@type":"WebSite","@id":"https:\/\/weather-radar-live.com\/#website","url":"https:\/\/weather-radar-live.com\/","name":"weather-radar-live.com","description":"Your weather and sky radar.","publisher":{"@id":"https:\/\/weather-radar-live.com\/#organization"},"potentialAction":[{"@type":"SearchAction","target":{"@type":"EntryPoint","urlTemplate":"https:\/\/weather-radar-live.com\/?s={search_term_string}"},"query-input":{"@type":"PropertyValueSpecification","valueRequired":true,"valueName":"search_term_string"}}],"inLanguage":"sv-SE"},{"@type":"Organization","@id":"https:\/\/weather-radar-live.com\/#organization","name":"weather-radar-live.com","url":"https:\/\/weather-radar-live.com\/","logo":{"@type":"ImageObject","inLanguage":"sv-SE","@id":"https:\/\/weather-radar-live.com\/#\/schema\/logo\/image\/","url":"https:\/\/weather-radar-live.com\/wp-content\/uploads\/2022\/03\/cropped-WRL2503.png","contentUrl":"https:\/\/weather-radar-live.com\/wp-content\/uploads\/2022\/03\/cropped-WRL2503.png","width":1920,"height":555,"caption":"weather-radar-live.com"},"image":{"@id":"https:\/\/weather-radar-live.com\/#\/schema\/logo\/image\/"}}]}},"_links":{"self":[{"href":"https:\/\/weather-radar-live.com\/sv\/wp-json\/wp\/v2\/pages\/2325","targetHints":{"allow":["GET"]}}],"collection":[{"href":"https:\/\/weather-radar-live.com\/sv\/wp-json\/wp\/v2\/pages"}],"about":[{"href":"https:\/\/weather-radar-live.com\/sv\/wp-json\/wp\/v2\/types\/page"}],"author":[{"embeddable":true,"href":"https:\/\/weather-radar-live.com\/sv\/wp-json\/wp\/v2\/users\/1"}],"replies":[{"embeddable":true,"href":"https:\/\/weather-radar-live.com\/sv\/wp-json\/wp\/v2\/comments?post=2325"}],"version-history":[{"count":3,"href":"https:\/\/weather-radar-live.com\/sv\/wp-json\/wp\/v2\/pages\/2325\/revisions"}],"predecessor-version":[{"id":2405,"href":"https:\/\/weather-radar-live.com\/sv\/wp-json\/wp\/v2\/pages\/2325\/revisions\/2405"}],"wp:attachment":[{"href":"https:\/\/weather-radar-live.com\/sv\/wp-json\/wp\/v2\/media?parent=2325"}],"curies":[{"name":"wp","href":"https:\/\/api.w.org\/{rel}","templated":true}]}}