{"id":2294,"date":"2021-12-13T14:24:42","date_gmt":"2021-12-13T13:24:42","guid":{"rendered":"https:\/\/weather-radar-live.com\/?page_id=2294"},"modified":"2022-07-06T13:10:11","modified_gmt":"2022-07-06T11:10:11","slug":"blixtradar","status":"publish","type":"page","link":"https:\/\/weather-radar-live.com\/sv\/blixtradar\/","title":{"rendered":"Blixtradar"},"content":{"rendered":"<div id=\"weath-517237886\" class=\"weath-vor-dem-inhalt weath-entity-placement\" style=\"margin-top: 15px;margin-right: 25px;margin-bottom: 40px;margin-left: 25px;\"><script async src=\"\/\/pagead2.googlesyndication.com\/pagead\/js\/adsbygoogle.js?client=ca-pub-8960936133935804\" crossorigin=\"anonymous\"><\/script><ins class=\"adsbygoogle\" style=\"display:block;\" data-ad-client=\"ca-pub-8960936133935804\" \ndata-ad-slot=\"6172817020\" \ndata-ad-format=\"auto\"><\/ins>\n<script> \n(adsbygoogle = window.adsbygoogle || []).push({}); \n<\/script>\n<\/div>\n<div class=\"wp-block-cover alignfull\"><span aria-hidden=\"true\" class=\"wp-block-cover__gradient-background has-background-dim\"><\/span><img loading=\"lazy\" decoding=\"async\" width=\"1900\" height=\"460\" class=\"wp-block-cover__image-background wp-image-311\" alt=\"\" src=\"https:\/\/weather-radar-live.com\/wp-content\/uploads\/2021\/06\/josep-castells-5Mh8iz9vqpY-unsplash-scaled-e1622555407316.jpg\" data-object-fit=\"cover\" srcset=\"https:\/\/weather-radar-live.com\/wp-content\/uploads\/2021\/06\/josep-castells-5Mh8iz9vqpY-unsplash-scaled-e1622555407316.jpg 1900w, https:\/\/weather-radar-live.com\/wp-content\/uploads\/2021\/06\/josep-castells-5Mh8iz9vqpY-unsplash-scaled-e1622555407316-300x73.jpg 300w, https:\/\/weather-radar-live.com\/wp-content\/uploads\/2021\/06\/josep-castells-5Mh8iz9vqpY-unsplash-scaled-e1622555407316-1024x248.jpg 1024w, https:\/\/weather-radar-live.com\/wp-content\/uploads\/2021\/06\/josep-castells-5Mh8iz9vqpY-unsplash-scaled-e1622555407316-768x186.jpg 768w, https:\/\/weather-radar-live.com\/wp-content\/uploads\/2021\/06\/josep-castells-5Mh8iz9vqpY-unsplash-scaled-e1622555407316-1536x372.jpg 1536w\" sizes=\"auto, (max-width: 1900px) 100vw, 1900px\" \/><div class=\"wp-block-cover__inner-container is-layout-flow wp-block-cover-is-layout-flow\">\n<h2 class=\"has-text-align-center heading wp-block-heading\" style=\"font-size:50px\"><strong><span style=\"color:#ffde00\" class=\"has-inline-color\">BLIXT<\/span><span class=\"has-inline-color has-base-3-color\">RADAR <\/span><\/strong><\/h2>\n<\/div><\/div>\n\n\n<h2 style=\"text-align: center;\"><span style=\"color: #ffde00;\"><strong>Blixtradar &#8211; <span style=\"color: #ffde00;\">f\u00e5<\/span> direktinformation om aktuella \u00e5skv\u00e4der genom blixtdetektering<\/strong><\/span><\/h2>\n<p>Det finns knappt n\u00e5got <strong><a href=\"https:\/\/weather-radar-live.com\/sv\/\" target=\"_blank\" rel=\"noopener noreferrer\">v\u00e4derfenomen<\/a><\/strong> som upphetsar oss lika mycket som <strong><a href=\"https:\/\/www.sciencelearn.org.nz\/resources\/239-lightning-explained\">\u00e5ska och blixtar<\/a>.<\/strong> Sedan urminnes tider har m\u00e4nniskan f\u00f6rs\u00f6kt att utforska bakgrunden till detta fenomen. Men tyv\u00e4rr finns det fortfarande mycket om detta naturfenomen som \u00e4r sv\u00e5rbegripligt \u00e4n i dag.<\/p>\n<p>Vill du ta reda p\u00e5 var det f\u00f6r n\u00e4rvarande \u00e5skar? Eller bara ta reda p\u00e5 om du kommer att drabbas av ett \u00e5skv\u00e4der inom kort? D\u00e5 b\u00f6r du anv\u00e4nda v\u00e5r Blixtradar f\u00f6r Sverige! Den ger dig exakt information om \u00e5ska och blixtar i din region och uppdateras varje sekund!<\/p><div id=\"weath-1131065362\" class=\"weath-inhalt_2 weath-entity-placement\" style=\"margin-top: 15px;margin-right: 25px;margin-bottom: 35px;margin-left: 25px;\"><script async src=\"\/\/pagead2.googlesyndication.com\/pagead\/js\/adsbygoogle.js?client=ca-pub-8960936133935804\" crossorigin=\"anonymous\"><\/script><ins class=\"adsbygoogle\" style=\"display:block;\" data-ad-client=\"ca-pub-8960936133935804\" \ndata-ad-slot=\"1963584050\" \ndata-ad-format=\"auto\"><\/ins>\n<script> \n(adsbygoogle = window.adsbygoogle || []).push({}); \n<\/script>\n<\/div>\n\n\n<iframe loading=\"lazy\" width=\"1300\" height=\"600\" src=\"https:\/\/embed.windy.com\/embed2.html?lat=61.794&amp;lon=15.820&amp;detailLat=49.476&amp;detailLon=11.048&amp;width=1300&amp;height=600&amp;zoom=5&amp;level=surface&amp;overlay=radar&amp;product=radar&amp;menu=&amp;message=true&amp;marker=&amp;calendar=now&amp;pressure=&amp;type=map&amp;location=coordinates&amp;detail=&amp;metricWind=default&amp;metricTemp=default&amp;radarRange=-1\" frameborder=\"0\"><\/iframe>\n\n\n\n<p class=\"has-text-align-center\"><sup>\u00c5skv\u00e4der och blixtnedslag anges med en blixtsymbol. Beroende p\u00e5 styrkan visas nederb\u00f6rden i bl\u00e5tt (svag nederb\u00f6rd), gr\u00f6nt, gult, orange (m\u00e5ttlig nederb\u00f6rd), r\u00f6tt eller lila (mycket kraftig nederb\u00f6rd).<\/sup><\/p>\n\n\n<h2 style=\"text-align: center;\"><span style=\"color: #ffde00;\"><strong>Sp\u00e5rning av den aktuella blixtfronten &#8211; Hur man l\u00e4ser blixtradaren<\/strong><\/span><\/h2>\n<p><img loading=\"lazy\" decoding=\"async\" class=\"alignright wp-image-80\" src=\"https:\/\/weather-radar-live.com\/wp-content\/uploads\/2021\/02\/Lightning-strike-map-radar-explanation-300x213.png\" alt=\"F\u00f6rklaring av blixtradarn\" width=\"175\" height=\"124\" srcset=\"https:\/\/weather-radar-live.com\/wp-content\/uploads\/2021\/02\/Lightning-strike-map-radar-explanation-300x213.png 300w, https:\/\/weather-radar-live.com\/wp-content\/uploads\/2021\/02\/Lightning-strike-map-radar-explanation.png 600w\" sizes=\"auto, (max-width: 175px) 100vw, 175px\" \/>Blixtkartan visar aktuella \u00e5skv\u00e4der i f\u00e4rg. \u00c5skans styrka m\u00e4ts med hj\u00e4lp av <strong><span style=\"color: #1950fe;\"><a style=\"color: #1950fe;\" href=\"https:\/\/weather-radar-live.com\/sv\/regnradar\/\" target=\"_blank\" rel=\"noopener noreferrer\">nederb\u00f6rd<\/a><\/span><\/strong> som ocks\u00e5 med v\u00e5r <a href=\"https:\/\/weather-radar-live.com\/sv\/storm-radar\/\" target=\"_blank\" rel=\"noopener noreferrer\"><strong>stormradar<\/strong><\/a>. Bl\u00e5 eller gr\u00f6n f\u00e4rg indikerar ett relativt svagt \u00e5skv\u00e4der eller svag nederb\u00f6rd.<\/p>\n<p>F\u00f6rsiktighet rekommenderas vid gul, orange, r\u00f6d och s\u00e4rskilt lila f\u00e4rgning:<\/p>\n<p>En \u00e5skfront av den h\u00e4r typen inneb\u00e4r en tydlig risk f\u00f6r sv\u00e5ra v\u00e4derf\u00f6rh\u00e5llanden. P\u00e5 blixtkartan kan du ocks\u00e5 se sm\u00e5 blixtar som indikeras av en kort, vit blixt. Var och en av dessa blixtar signalerar ett enskilt <a href=\"https:\/\/www.weather.gov\/safety\/lightning-science-overview\">blixtnedslag<\/a>.<\/p>\n<p><img loading=\"lazy\" decoding=\"async\" class=\"alignleft wp-image-89\" src=\"https:\/\/weather-radar-live.com\/wp-content\/uploads\/2021\/02\/cursor.png\" alt=\"Explanation by blixtradarn\" width=\"80\" height=\"80\">F\u00f6r att visa \u00e5skfrontens tidsm\u00e4ssiga f\u00f6rlopp och riktning klickar du helt enkelt p\u00e5 mark\u00f6rsymbolen. P\u00e5 s\u00e5 s\u00e4tt kan du se exakt hur \u00e5skv\u00e4dret har utvecklats under de senaste timmarna och minuterna och h\u00e4rleda vart \u00e5skv\u00e4dret kommer att r\u00f6ra sig.<\/p>\n<p><\/p>\n<h2><span style=\"color: #ffde00;\"><strong>H\u00e4r \u00e4r vad du beh\u00f6ver veta om \u00e5skv\u00e4der och blixtradaren!<\/strong><\/span><\/h2>\n<p><img loading=\"lazy\" decoding=\"async\" class=\"alignleft wp-image-81 size-full\" src=\"https:\/\/weather-radar-live.com\/wp-content\/uploads\/2021\/02\/Lightning-strike-map-lightning-strike.jpg\" alt=\"Blixtnedslag\" width=\"300\" height=\"199\">Den stora f\u00f6rdelen med v\u00e5r \u00e5skkarta \u00e4r att \u00e5skv\u00e4der och blixtar visas med en mycket kort f\u00f6rdr\u00f6jning. Blixtradarens m\u00e4tteknik ger h\u00e4r det avg\u00f6rande bidraget: Varje blixt\/blixtnedslag avger en elektromagnetisk v\u00e5g som sprider sig \u00f6ver hundratals kilometer. Denna v\u00e5g anl\u00e4nder till olika radarstationer med ljusets hastighet. P\u00e5 grund av de olika ankomsttiderna (i storleksordningen millisekunder) f\u00f6r den elektromagnetiska v\u00e5gen kan man dra exakta slutsatser om nedslagsplatsen och \u00e5skans styrka.<\/p>\n<p><strong>Detta g\u00f6r det m\u00f6jligt f\u00f6r dig att sj\u00e4lv lokalisera blixtar &#8221;live&#8221; och i &#8221;realtid&#8221;.<\/strong><\/p>\n<p><\/p>\n<h2><span style=\"color: #ffde00;\"><strong>Hur bildas \u00e5skv\u00e4der?<\/strong><\/span><\/h2>\n<p>Drivkrafterna f\u00f6r ett \u00e5skv\u00e4der \u00e4r h\u00f6g solstr\u00e5lning, vattenavdunstning och den resulterande molnbildningen (mer om molnbildning <strong><a href=\"https:\/\/weather-radar-live.com\/sv\/molnradar\/\">h\u00e4r<\/a><\/strong>). Friktionen mellan vattenmolekylerna i molnet skapar en h\u00f6g elektrisk sp\u00e4nning, som balanseras av urladdningen av en blixt. Denna urladdning kan ske b\u00e5de genom ett blixtnedslag mot marken eller mot ett annat moln.<\/p>\n<p><strong>Och f\u00f6rresten:<\/strong><\/p>\n<p>\u00c5skan orsakas av den pl\u00f6tsliga expansionen av luften i blixtens omedelbara omgivning &#8211; den kan n\u00e5 temperaturer p\u00e5 upp till 30 000 grader Celsius och \u00e4r bara n\u00e5gra centimeter tjock!<\/p>\n<p><\/p>\n<h2 style=\"text-align: center;\"><span style=\"color: #ffde00;\"><strong>Blixtnedslag &#8211; hur beter jag mig?<\/strong><\/span><\/h2>\n<p style=\"text-align: center;\"><span style=\"color: #ffde00;\"><strong>140 kilometer&#8230;<\/strong><\/span><\/p>\n<p style=\"text-align: center;\"><span style=\"color: #ffde00;\"><strong>det \u00e4r l\u00e4ngden p\u00e5 den l\u00e4ngsta blixt som n\u00e5gonsin har uppm\u00e4tts.<\/strong><\/span><\/p>\n<p>Generellt sett ska du s\u00f6ka skydd s\u00e5 snabbt som m\u00f6jligt vid f\u00f6rsta tecken p\u00e5 \u00e5ska, eftersom blixten kan f\u00e4rdas m\u00e5nga kilometer. Det finns allts\u00e5 fara redan innan \u00e5skv\u00e4dret \u00e4r i n\u00e4rheten. Den s\u00e4kraste platsen att g\u00f6mma sig p\u00e5 under ett \u00e5skv\u00e4der \u00e4r i ett hus eller ett fordon. Om du befinner dig utomhus under ett \u00e5skv\u00e4der, se till att h\u00e5lla dig borta fr\u00e5n tr\u00e4d, kullar, sj\u00f6ar och floder. Elstolpar \u00e4r ocks\u00e5 popul\u00e4ra m\u00e5l f\u00f6r blixtnedslag &#8211; s\u00e5 du b\u00f6r ocks\u00e5 h\u00e5lla dig p\u00e5 avst\u00e5nd fr\u00e5n dessa. Hitta helst en torr h\u00e5lighet, huka dig ner och omsluta benen med armarna. Det \u00e4r b\u00e4st att h\u00e5lla sig p\u00e5 t\u00e5rna. P\u00e5 s\u00e5 s\u00e4tt erbjuder du vid en eventuell nedslag i omedelbar n\u00e4rhet den minsta ytan f\u00f6r blixten att sl\u00e5 ner p\u00e5 och f\u00f6rhindrar att stora sp\u00e4nningar fl\u00f6dar genom din kropp.<\/p>\n<p><\/p>\n<h2 style=\"text-align: center;\"><span style=\"color: #ffde00;\"><strong>Avst\u00e5ndet till \u00e5skv\u00e4dret<\/strong><\/span><\/h2>\n<p style=\"text-align: center;\"><span style=\"color: #ffde00;\"><strong>330 meter per sekund&#8230;.<\/strong><\/span><\/p>\n<p style=\"text-align: center;\"><span style=\"color: #ffde00;\"><strong>&#8230;det \u00e4r s\u00e5 snabbt \u00e5skan r\u00f6r sig mot dig.<\/strong><\/span><\/p>\n<p>Om du \u00e4r medveten om detta blir det l\u00e4tt f\u00f6r dig att m\u00e4ta avst\u00e5nd. R\u00e4kna bara sekunderna mellan blixten och \u00e5skan. Dela sedan antalet sekunder med tre och du har r\u00e4knat ut avst\u00e5ndet till \u00e5skv\u00e4dret i kilometer:<\/p>\n<p>Exempel: Det g\u00e5r 12 sekunder mellan blixten och \u00e5skan &#8211; 12 sekunder dividerat med 3 \u00e4r lika med 4 &#8211; det betyder att \u00e5skv\u00e4dret \u00e4r 4 kilometer bort.<\/p>","protected":false},"excerpt":{"rendered":"<p>Blixtradar &#8211; f\u00e5 direktinformation om aktuella \u00e5skv\u00e4der genom blixtdetektering Det finns knappt n\u00e5got v\u00e4derfenomen som upphetsar oss lika mycket som \u00e5ska och blixtar. Sedan urminnes tider har m\u00e4nniskan f\u00f6rs\u00f6kt att utforska bakgrunden till detta fenomen. Men tyv\u00e4rr finns det fortfarande mycket om detta naturfenomen som \u00e4r sv\u00e5rbegripligt \u00e4n i dag. Vill du ta reda p\u00e5 &#8230; <a title=\"Blixtradar\" class=\"read-more\" href=\"https:\/\/weather-radar-live.com\/sv\/blixtradar\/\" aria-label=\"L\u00e4s mer om Blixtradar\">L\u00e4s mer<\/a><\/p>\n","protected":false},"author":1,"featured_media":2889,"parent":0,"menu_order":0,"comment_status":"closed","ping_status":"closed","template":"","meta":{"footnotes":""},"class_list":["post-2294","page","type-page","status-publish","has-post-thumbnail"],"yoast_head":"<!-- This site is optimized with the Yoast SEO plugin v27.4 - https:\/\/yoast.com\/product\/yoast-seo-wordpress\/ -->\n<title>Blixtradar LIVE: \u26a1 Var finns \u00e5skv\u00e4der? \u2714\ufe0f<\/title>\n<meta name=\"description\" content=\"Blixtradar LIVE \u2714\ufe0f Hitta aktuella \u00e5skv\u00e4der i n\u00e4rheten med blixtkartan nu! \u2714\ufe0f Prognos f\u00f6r \u00e5skv\u00e4der i regionen! \u26a1\" \/>\n<meta name=\"robots\" content=\"index, follow, max-snippet:-1, max-image-preview:large, max-video-preview:-1\" \/>\n<link rel=\"canonical\" href=\"https:\/\/weather-radar-live.com\/sv\/blixtradar\/\" \/>\n<meta property=\"og:locale\" content=\"sv_SE\" \/>\n<meta property=\"og:type\" content=\"article\" \/>\n<meta property=\"og:title\" content=\"Blixtradar LIVE: \u26a1 Var finns \u00e5skv\u00e4der? \u2714\ufe0f\" \/>\n<meta property=\"og:description\" content=\"Blixtradar LIVE \u2714\ufe0f Hitta aktuella \u00e5skv\u00e4der i n\u00e4rheten med blixtkartan nu! \u2714\ufe0f Prognos f\u00f6r \u00e5skv\u00e4der i regionen! \u26a1\" \/>\n<meta property=\"og:url\" content=\"https:\/\/weather-radar-live.com\/sv\/blixtradar\/\" \/>\n<meta property=\"og:site_name\" content=\"weather-radar-live.com\" \/>\n<meta property=\"article:modified_time\" content=\"2022-07-06T11:10:11+00:00\" \/>\n<meta property=\"og:image\" content=\"https:\/\/weather-radar-live.com\/wp-content\/uploads\/2021\/02\/Lightning-strike-map.jpg\" \/>\n\t<meta property=\"og:image:width\" content=\"1897\" \/>\n\t<meta property=\"og:image:height\" content=\"458\" \/>\n\t<meta property=\"og:image:type\" content=\"image\/jpeg\" \/>\n<meta name=\"twitter:card\" content=\"summary_large_image\" \/>\n<meta name=\"twitter:label1\" content=\"Ber\u00e4knad l\u00e4stid\" \/>\n\t<meta name=\"twitter:data1\" content=\"4 minuter\" \/>\n<script type=\"application\/ld+json\" class=\"yoast-schema-graph\">{\"@context\":\"https:\\\/\\\/schema.org\",\"@graph\":[{\"@type\":\"WebPage\",\"@id\":\"https:\\\/\\\/weather-radar-live.com\\\/sv\\\/blixtradar\\\/\",\"url\":\"https:\\\/\\\/weather-radar-live.com\\\/sv\\\/blixtradar\\\/\",\"name\":\"Blixtradar LIVE: \u26a1 Var finns \u00e5skv\u00e4der? \u2714\ufe0f\",\"isPartOf\":{\"@id\":\"https:\\\/\\\/weather-radar-live.com\\\/#website\"},\"primaryImageOfPage\":{\"@id\":\"https:\\\/\\\/weather-radar-live.com\\\/sv\\\/blixtradar\\\/#primaryimage\"},\"image\":{\"@id\":\"https:\\\/\\\/weather-radar-live.com\\\/sv\\\/blixtradar\\\/#primaryimage\"},\"thumbnailUrl\":\"https:\\\/\\\/weather-radar-live.com\\\/wp-content\\\/uploads\\\/2021\\\/02\\\/Lightning-strike-map.jpg\",\"datePublished\":\"2021-12-13T13:24:42+00:00\",\"dateModified\":\"2022-07-06T11:10:11+00:00\",\"description\":\"Blixtradar LIVE \u2714\ufe0f Hitta aktuella \u00e5skv\u00e4der i n\u00e4rheten med blixtkartan nu! \u2714\ufe0f Prognos f\u00f6r \u00e5skv\u00e4der i regionen! \u26a1\",\"breadcrumb\":{\"@id\":\"https:\\\/\\\/weather-radar-live.com\\\/sv\\\/blixtradar\\\/#breadcrumb\"},\"inLanguage\":\"sv-SE\",\"potentialAction\":[{\"@type\":\"ReadAction\",\"target\":[\"https:\\\/\\\/weather-radar-live.com\\\/sv\\\/blixtradar\\\/\"]}]},{\"@type\":\"ImageObject\",\"inLanguage\":\"sv-SE\",\"@id\":\"https:\\\/\\\/weather-radar-live.com\\\/sv\\\/blixtradar\\\/#primaryimage\",\"url\":\"https:\\\/\\\/weather-radar-live.com\\\/wp-content\\\/uploads\\\/2021\\\/02\\\/Lightning-strike-map.jpg\",\"contentUrl\":\"https:\\\/\\\/weather-radar-live.com\\\/wp-content\\\/uploads\\\/2021\\\/02\\\/Lightning-strike-map.jpg\",\"width\":1897,\"height\":458},{\"@type\":\"BreadcrumbList\",\"@id\":\"https:\\\/\\\/weather-radar-live.com\\\/sv\\\/blixtradar\\\/#breadcrumb\",\"itemListElement\":[{\"@type\":\"ListItem\",\"position\":1,\"name\":\"Weather Radar Live\",\"item\":\"https:\\\/\\\/weather-radar-live.com\\\/sv\\\/\"},{\"@type\":\"ListItem\",\"position\":2,\"name\":\"Blixtradar\"}]},{\"@type\":\"WebSite\",\"@id\":\"https:\\\/\\\/weather-radar-live.com\\\/#website\",\"url\":\"https:\\\/\\\/weather-radar-live.com\\\/\",\"name\":\"weather-radar-live.com\",\"description\":\"Your weather and sky radar.\",\"publisher\":{\"@id\":\"https:\\\/\\\/weather-radar-live.com\\\/#organization\"},\"potentialAction\":[{\"@type\":\"SearchAction\",\"target\":{\"@type\":\"EntryPoint\",\"urlTemplate\":\"https:\\\/\\\/weather-radar-live.com\\\/?s={search_term_string}\"},\"query-input\":{\"@type\":\"PropertyValueSpecification\",\"valueRequired\":true,\"valueName\":\"search_term_string\"}}],\"inLanguage\":\"sv-SE\"},{\"@type\":\"Organization\",\"@id\":\"https:\\\/\\\/weather-radar-live.com\\\/#organization\",\"name\":\"weather-radar-live.com\",\"url\":\"https:\\\/\\\/weather-radar-live.com\\\/\",\"logo\":{\"@type\":\"ImageObject\",\"inLanguage\":\"sv-SE\",\"@id\":\"https:\\\/\\\/weather-radar-live.com\\\/#\\\/schema\\\/logo\\\/image\\\/\",\"url\":\"https:\\\/\\\/weather-radar-live.com\\\/wp-content\\\/uploads\\\/2022\\\/03\\\/cropped-WRL2503.png\",\"contentUrl\":\"https:\\\/\\\/weather-radar-live.com\\\/wp-content\\\/uploads\\\/2022\\\/03\\\/cropped-WRL2503.png\",\"width\":1920,\"height\":555,\"caption\":\"weather-radar-live.com\"},\"image\":{\"@id\":\"https:\\\/\\\/weather-radar-live.com\\\/#\\\/schema\\\/logo\\\/image\\\/\"}}]}<\/script>\n<!-- \/ Yoast SEO plugin. -->","yoast_head_json":{"title":"Blixtradar LIVE: \u26a1 Var finns \u00e5skv\u00e4der? \u2714\ufe0f","description":"Blixtradar LIVE \u2714\ufe0f Hitta aktuella \u00e5skv\u00e4der i n\u00e4rheten med blixtkartan nu! \u2714\ufe0f Prognos f\u00f6r \u00e5skv\u00e4der i regionen! \u26a1","robots":{"index":"index","follow":"follow","max-snippet":"max-snippet:-1","max-image-preview":"max-image-preview:large","max-video-preview":"max-video-preview:-1"},"canonical":"https:\/\/weather-radar-live.com\/sv\/blixtradar\/","og_locale":"sv_SE","og_type":"article","og_title":"Blixtradar LIVE: \u26a1 Var finns \u00e5skv\u00e4der? \u2714\ufe0f","og_description":"Blixtradar LIVE \u2714\ufe0f Hitta aktuella \u00e5skv\u00e4der i n\u00e4rheten med blixtkartan nu! \u2714\ufe0f Prognos f\u00f6r \u00e5skv\u00e4der i regionen! \u26a1","og_url":"https:\/\/weather-radar-live.com\/sv\/blixtradar\/","og_site_name":"weather-radar-live.com","article_modified_time":"2022-07-06T11:10:11+00:00","og_image":[{"width":1897,"height":458,"url":"https:\/\/weather-radar-live.com\/wp-content\/uploads\/2021\/02\/Lightning-strike-map.jpg","type":"image\/jpeg"}],"twitter_card":"summary_large_image","twitter_misc":{"Ber\u00e4knad l\u00e4stid":"4 minuter"},"schema":{"@context":"https:\/\/schema.org","@graph":[{"@type":"WebPage","@id":"https:\/\/weather-radar-live.com\/sv\/blixtradar\/","url":"https:\/\/weather-radar-live.com\/sv\/blixtradar\/","name":"Blixtradar LIVE: \u26a1 Var finns \u00e5skv\u00e4der? \u2714\ufe0f","isPartOf":{"@id":"https:\/\/weather-radar-live.com\/#website"},"primaryImageOfPage":{"@id":"https:\/\/weather-radar-live.com\/sv\/blixtradar\/#primaryimage"},"image":{"@id":"https:\/\/weather-radar-live.com\/sv\/blixtradar\/#primaryimage"},"thumbnailUrl":"https:\/\/weather-radar-live.com\/wp-content\/uploads\/2021\/02\/Lightning-strike-map.jpg","datePublished":"2021-12-13T13:24:42+00:00","dateModified":"2022-07-06T11:10:11+00:00","description":"Blixtradar LIVE \u2714\ufe0f Hitta aktuella \u00e5skv\u00e4der i n\u00e4rheten med blixtkartan nu! \u2714\ufe0f Prognos f\u00f6r \u00e5skv\u00e4der i regionen! \u26a1","breadcrumb":{"@id":"https:\/\/weather-radar-live.com\/sv\/blixtradar\/#breadcrumb"},"inLanguage":"sv-SE","potentialAction":[{"@type":"ReadAction","target":["https:\/\/weather-radar-live.com\/sv\/blixtradar\/"]}]},{"@type":"ImageObject","inLanguage":"sv-SE","@id":"https:\/\/weather-radar-live.com\/sv\/blixtradar\/#primaryimage","url":"https:\/\/weather-radar-live.com\/wp-content\/uploads\/2021\/02\/Lightning-strike-map.jpg","contentUrl":"https:\/\/weather-radar-live.com\/wp-content\/uploads\/2021\/02\/Lightning-strike-map.jpg","width":1897,"height":458},{"@type":"BreadcrumbList","@id":"https:\/\/weather-radar-live.com\/sv\/blixtradar\/#breadcrumb","itemListElement":[{"@type":"ListItem","position":1,"name":"Weather Radar Live","item":"https:\/\/weather-radar-live.com\/sv\/"},{"@type":"ListItem","position":2,"name":"Blixtradar"}]},{"@type":"WebSite","@id":"https:\/\/weather-radar-live.com\/#website","url":"https:\/\/weather-radar-live.com\/","name":"weather-radar-live.com","description":"Your weather and sky radar.","publisher":{"@id":"https:\/\/weather-radar-live.com\/#organization"},"potentialAction":[{"@type":"SearchAction","target":{"@type":"EntryPoint","urlTemplate":"https:\/\/weather-radar-live.com\/?s={search_term_string}"},"query-input":{"@type":"PropertyValueSpecification","valueRequired":true,"valueName":"search_term_string"}}],"inLanguage":"sv-SE"},{"@type":"Organization","@id":"https:\/\/weather-radar-live.com\/#organization","name":"weather-radar-live.com","url":"https:\/\/weather-radar-live.com\/","logo":{"@type":"ImageObject","inLanguage":"sv-SE","@id":"https:\/\/weather-radar-live.com\/#\/schema\/logo\/image\/","url":"https:\/\/weather-radar-live.com\/wp-content\/uploads\/2022\/03\/cropped-WRL2503.png","contentUrl":"https:\/\/weather-radar-live.com\/wp-content\/uploads\/2022\/03\/cropped-WRL2503.png","width":1920,"height":555,"caption":"weather-radar-live.com"},"image":{"@id":"https:\/\/weather-radar-live.com\/#\/schema\/logo\/image\/"}}]}},"_links":{"self":[{"href":"https:\/\/weather-radar-live.com\/sv\/wp-json\/wp\/v2\/pages\/2294","targetHints":{"allow":["GET"]}}],"collection":[{"href":"https:\/\/weather-radar-live.com\/sv\/wp-json\/wp\/v2\/pages"}],"about":[{"href":"https:\/\/weather-radar-live.com\/sv\/wp-json\/wp\/v2\/types\/page"}],"author":[{"embeddable":true,"href":"https:\/\/weather-radar-live.com\/sv\/wp-json\/wp\/v2\/users\/1"}],"replies":[{"embeddable":true,"href":"https:\/\/weather-radar-live.com\/sv\/wp-json\/wp\/v2\/comments?post=2294"}],"version-history":[{"count":5,"href":"https:\/\/weather-radar-live.com\/sv\/wp-json\/wp\/v2\/pages\/2294\/revisions"}],"predecessor-version":[{"id":4130,"href":"https:\/\/weather-radar-live.com\/sv\/wp-json\/wp\/v2\/pages\/2294\/revisions\/4130"}],"wp:featuredmedia":[{"embeddable":true,"href":"https:\/\/weather-radar-live.com\/sv\/wp-json\/wp\/v2\/media\/2889"}],"wp:attachment":[{"href":"https:\/\/weather-radar-live.com\/sv\/wp-json\/wp\/v2\/media?parent=2294"}],"curies":[{"name":"wp","href":"https:\/\/api.w.org\/{rel}","templated":true}]}}