{"id":2271,"date":"2021-12-13T11:46:47","date_gmt":"2021-12-13T10:46:47","guid":{"rendered":"https:\/\/weather-radar-live.com\/?page_id=2271"},"modified":"2022-07-06T13:08:43","modified_gmt":"2022-07-06T11:08:43","slug":"molnradar","status":"publish","type":"page","link":"https:\/\/weather-radar-live.com\/sv\/molnradar\/","title":{"rendered":"Molnradar"},"content":{"rendered":"<div id=\"weath-2988211014\" class=\"weath-vor-dem-inhalt weath-entity-placement\" style=\"margin-top: 15px;margin-right: 25px;margin-bottom: 40px;margin-left: 25px;\"><script async src=\"\/\/pagead2.googlesyndication.com\/pagead\/js\/adsbygoogle.js?client=ca-pub-8960936133935804\" crossorigin=\"anonymous\"><\/script><ins class=\"adsbygoogle\" style=\"display:block;\" data-ad-client=\"ca-pub-8960936133935804\" \ndata-ad-slot=\"6172817020\" \ndata-ad-format=\"auto\"><\/ins>\n<script> \n(adsbygoogle = window.adsbygoogle || []).push({}); \n<\/script>\n<\/div>\n<div class=\"wp-block-cover alignfull is-light\"><span aria-hidden=\"true\" class=\"wp-block-cover__gradient-background has-background-dim\"><\/span><img loading=\"lazy\" decoding=\"async\" width=\"1902\" height=\"462\" class=\"wp-block-cover__image-background wp-image-341\" alt=\"\" src=\"https:\/\/weather-radar-live.com\/wp-content\/uploads\/2021\/06\/sam-schooler-E9aetBe2w40-unsplash-e1622554814366.jpg\" data-object-fit=\"cover\" srcset=\"https:\/\/weather-radar-live.com\/wp-content\/uploads\/2021\/06\/sam-schooler-E9aetBe2w40-unsplash-e1622554814366.jpg 1902w, https:\/\/weather-radar-live.com\/wp-content\/uploads\/2021\/06\/sam-schooler-E9aetBe2w40-unsplash-e1622554814366-300x73.jpg 300w, https:\/\/weather-radar-live.com\/wp-content\/uploads\/2021\/06\/sam-schooler-E9aetBe2w40-unsplash-e1622554814366-1024x249.jpg 1024w, https:\/\/weather-radar-live.com\/wp-content\/uploads\/2021\/06\/sam-schooler-E9aetBe2w40-unsplash-e1622554814366-768x187.jpg 768w, https:\/\/weather-radar-live.com\/wp-content\/uploads\/2021\/06\/sam-schooler-E9aetBe2w40-unsplash-e1622554814366-1536x373.jpg 1536w\" sizes=\"auto, (max-width: 1902px) 100vw, 1902px\" \/><div class=\"wp-block-cover__inner-container is-layout-flow wp-block-cover-is-layout-flow\">\n<h2 class=\"has-text-align-center heading wp-block-heading\" style=\"font-size:70px\"><strong><span style=\"color:#919191\" class=\"has-inline-color\">MOLN<\/span><span class=\"has-inline-color has-base-3-color\">RADAR<\/span><\/strong><\/h2>\n<\/div><\/div>\n\n\n<h2 style=\"text-align: center;\"><span style=\"color: #919191;\"><b><span style=\"color: #919191;\">Molnradar<\/span> &#8211; din aktuella och tillf\u00f6rlitliga molnprognos och molnf\u00f6ruts\u00e4gelse<\/b><\/span><\/h2>\n<p><span style=\"font-weight: 400;\">Du har planerat en resa till landsbygden och vill njuta av solskenet och den bl\u00e5 himlen? D\u00e5 b\u00f6r du ta en titt p\u00e5 v\u00e5r molnradar f\u00f6rst! Med hj\u00e4lp av denna <strong><a href=\"https:\/\/weather-radar-live.com\/sv\/\" target=\"_blank\" rel=\"noopener noreferrer\"><span style=\"color: #f59800;\">v\u00e4derradar<\/span><\/a> <\/strong>kan du f\u00e5 en \u00f6verblick \u00f6ver det aktuella molnt\u00e4cket i din region och snabbt ta reda p\u00e5 om du kan f\u00e5nga n\u00e5gra solstr\u00e5lar.<\/span><\/p>\n<p><span style=\"font-weight: 400;\">Med molnprognosen f\u00f6r de n\u00e4rmaste timmarna kan du se hur molnt\u00e4cket kommer att utvecklas. S\u00e4rskilt om du \u00e4r ute efter solstr\u00e5lar \u00e4r v\u00e5r molnradar d\u00e4rf\u00f6r mycket l\u00e4mplig f\u00f6r att ge dig en inblick i det aktuella molnt\u00e4cket.<\/span><\/p><div id=\"weath-4047631546\" class=\"weath-inhalt_2 weath-entity-placement\" style=\"margin-top: 15px;margin-right: 25px;margin-bottom: 35px;margin-left: 25px;\"><script async src=\"\/\/pagead2.googlesyndication.com\/pagead\/js\/adsbygoogle.js?client=ca-pub-8960936133935804\" crossorigin=\"anonymous\"><\/script><ins class=\"adsbygoogle\" style=\"display:block;\" data-ad-client=\"ca-pub-8960936133935804\" \ndata-ad-slot=\"1963584050\" \ndata-ad-format=\"auto\"><\/ins>\n<script> \n(adsbygoogle = window.adsbygoogle || []).push({}); \n<\/script>\n<\/div>\n\n\n<iframe loading=\"lazy\" width=\"1300\" height=\"600\" src=\"https:\/\/embed.windy.com\/embed2.html?lat=61.794&amp;lon=15.820&amp;detailLat=49.476&amp;detailLon=11.048&amp;width=1300&amp;height=600&amp;zoom=5&amp;level=surface&amp;overlay=clouds&amp;product=ecmwf&amp;menu=&amp;message=true&amp;marker=&amp;calendar=now&amp;pressure=&amp;type=map&amp;location=coordinates&amp;detail=&amp;metricWind=default&amp;metricTemp=default&amp;radarRange=-1\" frameborder=\"0\"><\/iframe>\n\n\n\n<p class=\"has-text-align-center\"><sup>I gulf\u00e4rgade omr\u00e5den skiner solen. Gr\u00e5 f\u00e4rg indikerar l\u00e4tt molnt\u00e4cke, medan en vit f\u00e4rg inneb\u00e4r tungt molnt\u00e4cke.<\/sup><\/p>\n\n\n<h2 style=\"text-align: center;\"><span style=\"color: #919191;\"><b>Var \u00e4r det molnigt? Var skiner solen? Det \u00e4r s\u00e5 h\u00e4r du avl\u00e4ser molnradarn:<\/b><\/span><\/h2>\n<p style=\"text-align: left;\"><span style=\"font-weight: 400;\"><img loading=\"lazy\" decoding=\"async\" class=\"alignright wp-image-1758\" src=\"https:\/\/da-oben.de\/wp-content\/uploads\/2020\/07\/Wolkenradar-wird-erkl\u00e4rt-e1594796771611.png\" alt=\"F\u00f6rklaring till molnradar\" width=\"161\" height=\"114\">P\u00e5 v\u00e5r molnt\u00e4ckningskarta visas molnomr\u00e5den synligt f\u00f6r dig genom en gr\u00e5vit f\u00e4rg. Ju vitare och tydligare f\u00e4rgen \u00e4r, desto t\u00e4tare \u00e4r molnt\u00e4cket h\u00e4r. Chanserna att f\u00e5 en glimt av solen i detta omr\u00e5de \u00e4r d\u00e4rf\u00f6r mycket sm\u00e5. Omv\u00e4nt visar ett gr\u00e5tt omr\u00e5de p\u00e5 ett relativt l\u00e4tt molnt\u00e4cke med enstaka solsken<br><\/span><\/p>\n<p><span style=\"font-weight: 400;\"><img loading=\"lazy\" decoding=\"async\" class=\"alignleft wp-image-88\" src=\"https:\/\/weather-radar-live.com\/wp-content\/uploads\/2021\/02\/Clouds-Description.png\" alt=\"Knapp f\u00f6r kartan \u00f6ver molnt\u00e4ckningen\" width=\"196\" height=\"98\">Med hj\u00e4lp av knappen uppe till h\u00f6ger p\u00e5 molnt\u00e4ckningskartan kan du v\u00e4lja typ av molnt\u00e4cke. Du kan skilja mellan h\u00f6ga, medelh\u00f6ga och l\u00e5ga moln. F\u00f6r att g\u00f6ra detta klickar du helt enkelt p\u00e5 motsvarande knapp.<\/span><\/p>\n<p><\/p>\n<p><span style=\"font-weight: 400;\"><img loading=\"lazy\" decoding=\"async\" class=\"alignleft wp-image-139\" title=\"wolkenradar cursor\" src=\"https:\/\/da-oben.de\/wp-content\/uploads\/2019\/08\/cursor-e1567148434800.png\" alt=\"Molnradarmark\u00f6r\" width=\"75\" height=\"75\">Med mark\u00f6ren l\u00e4ngst ned till v\u00e4nster p\u00e5 molnt\u00e4ckningskartan kan du visualisera molnens framtida kurs. P\u00e5 s\u00e5 s\u00e4tt f\u00e5r du veta hur molnt\u00e4cket kommer att f\u00f6r\u00e4ndras under de kommande 36 timmarna.<\/span><\/p>\n<p><\/p>\n<p><span style=\"font-weight: 400;\"><img loading=\"lazy\" decoding=\"async\" class=\"alignleft wp-image-85\" src=\"https:\/\/weather-radar-live.com\/wp-content\/uploads\/2021\/02\/Cloud_Marker-150x150-1.png\" alt=\"moln m\u00e4rke\" width=\"124\" height=\"124\">Flytta molnmark\u00f6ren med musen (smartphone: tryck helt enkelt p\u00e5 den vita pricken p\u00e5 mark\u00f6ren med fingret) till ditt m\u00e5lomr\u00e5de och ta reda p\u00e5 hur sannolikt det \u00e4r att himlen kommer att vara molnig d\u00e4r.<\/span><\/p>\n<p><\/p>\n<h2 style=\"text-align: center;\"><span style=\"color: #919191;\"><b>Vad mer du beh\u00f6ver veta om v\u00e5r karta \u00f6ver molnt\u00e4cke:<\/b><\/span><\/h2>\n<p><\/p>\n<h3 style=\"text-align: center;\"><span style=\"color: #919191;\"><strong>Hur man uppt\u00e4cker regnmoln:<\/strong><\/span><\/h3>\n<p><span style=\"font-weight: 400;\">F\u00f6rutom information om molnt\u00e4ckning ber\u00e4ttar v\u00e5r radar ocks\u00e5 var molnt\u00e4ckning f\u00f6rekommer i kombination med nederb\u00f6rd. Du kan ocks\u00e5 k\u00e4nna igen nederb\u00f6rd genom en f\u00e4rgad skuggning p\u00e5 molnt\u00e4ckningskartan. Medan bl\u00e5tt indikerar svag nederb\u00f6rd, v\u00e4ntas r\u00f6d\/lila f\u00e4rgade omr\u00e5den f\u00e5 kraftigt regn och hagel. <strong><span style=\"color: #1950fe;\"><a style=\"color: #1950fe;\" href=\"https:\/\/weather-radar-live.com\/sv\/regnradar\/\" target=\"_blank\" rel=\"noopener noreferrer\">Du kan hitta v\u00e5r regnradar med regnprognos h\u00e4r<\/a><\/span>.<\/strong><\/span><\/p>\n<p><\/p>\n<h3 style=\"text-align: center;\"><span style=\"color: #919191;\"><strong>Typer av moln p\u00e5 molnt\u00e4ckningskartan:<\/strong><\/span><\/h3>\n<p><span style=\"font-weight: 400;\">F\u00f6rutom allm\u00e4n molnt\u00e4ckning kan du ocks\u00e5 filtrera efter <a href=\"https:\/\/www.land.se\/djur-natur\/10-vanliga-moln-och-vad-de-betyder\/\"><strong>molntyp<\/strong><\/a> eller h\u00f6jd. F\u00f6r att g\u00f6ra detta klickar du helt enkelt p\u00e5 knappen &#8221;Moln&#8221; l\u00e4ngst upp till h\u00f6ger p\u00e5 kartan. Du kan sedan v\u00e4lja om du vill att molnradarn ska visa l\u00e5ga, medelh\u00f6ga eller h\u00f6ga moln.<\/span><\/p>\n<p><\/p>\n<h3 style=\"text-align: center;\"><span style=\"color: #919191;\"><b>Intressanta fakta om moln<\/b><\/span><\/h3>\n<p><span style=\"font-weight: 400;\"><a href=\"https:\/\/www.smhi.se\/kunskapsbanken\/meteorologi\/moln-introduktion-1.3852\"><strong>Molnens<\/strong><\/a> h\u00f6jd beror alltid p\u00e5 solstr\u00e5lningens styrka och m\u00e4ngden vatten\u00e5nga. Sm\u00e5 moln r\u00f6r sig p\u00e5 en h\u00f6jd av cirka 3 km, medan \u00e5skmoln i omr\u00e5den med h\u00f6g solstr\u00e5lning kan n\u00e5 en h\u00f6jd av upp till 14 km.<\/span><\/p>\n<p><span style=\"font-weight: 400;\">Som j\u00e4mf\u00f6relse: N\u00e4r du \u00e5ker p\u00e5 semester med flyg befinner du dig p\u00e5 en h\u00f6jd av cirka 10-11 km.<\/span><\/p>\n<p><span style=\"font-weight: 400;\">I praktiken \u00e4ndrar flygplanen ofta sin ursprungliga kurs f\u00f6r att undvika \u00e5skmoln och den turbulens som uppst\u00e5r.<\/span><\/p>\n<p><span style=\"font-weight: 400;\">S\u00e5 n\u00e4sta g\u00e5ng du \u00e4r p\u00e5 v\u00e4g p\u00e5 semester kan du anv\u00e4nda v\u00e5r molnradar<\/span> <span style=\"font-weight: 400;\">f\u00f6r att kontrollera i f\u00f6rv\u00e4g om h\u00f6ga moln kommer att korsa din v\u00e4g p\u00e5 resv\u00e4gen. F\u00f6rresten, v\u00e5r <strong><span style=\"color: #f59800;\"><a style=\"color: #f59800;\" href=\"https:\/\/weather-radar-live.com\/sv\/storm-radar\/\" target=\"_blank\" rel=\"noopener noreferrer\">stormradar<\/a><\/span><\/strong> eller <a href=\"https:\/\/weather-radar-live.com\/sv\/blixtradar\/\" target=\"_blank\" rel=\"noopener noreferrer\"><strong><span style=\"color: #ffde00;\">karta \u00f6ver blixtnedslag<\/span><\/strong><\/a> \u00e4r ocks\u00e5 l\u00e4mplig f\u00f6r detta \u00e4ndam\u00e5l.<\/span><\/p>\n<p><\/p>\n<h3 style=\"text-align: center;\"><span style=\"color: #919191;\"><b>Hur moln bildas<\/b><\/span><\/h3>\n<p><span style=\"font-weight: 400;\">Vi ser dem sv\u00e4va \u00f6ver himlen \u00f6ver v\u00e5ra huvuden varje dag &#8211; och \u00e4nd\u00e5 vet m\u00e5nga m\u00e4nniskor v\u00e4ldigt lite om dem: Moln. De str\u00e4cker sig fr\u00e5n det harml\u00f6sa sl\u00f6jmolnet som sv\u00e4var \u00f6ver den djupbl\u00e5 sommarhimlen till det stora \u00e5skmolnet som snabbt orsakar en nedkylningseffekt.<\/span><\/p>\n<p><span style=\"font-weight: 400;\">Alla moln har en sak gemensamt: de best\u00e5r av vatten, n\u00e4rmare best\u00e4mt vatten\u00e5nga.<\/span><\/p>\n<p><span style=\"font-weight: 400;\">Denna \u00e5nga skapas av solstr\u00e5lning som f\u00e5r vattnet i sj\u00f6ar, floder och andra vattenf\u00f6rekomster runt omkring oss att avdunsta. N\u00e4r vattnet har avdunstat tar det sig snabbt upp\u00e5t tillsammans med varm luft. N\u00e4r den v\u00e4l har n\u00e5tt dit b\u00f6rjar vatten\u00e5ngan kondensera. Detta beror p\u00e5 den omgivande luftens temperatur, som forts\u00e4tter att sjunka n\u00e4r h\u00f6jden \u00f6kar. Kondenseringen av vatten\u00e5ngan leder sedan till att det gradvis bildas fler sm\u00e5 vattendroppar, vilket g\u00f6r att molnet kan bildas.<\/span><\/p>\n<p><\/p>\n<h3 style=\"text-align: center;\"><span style=\"color: #919191;\"><b>Molnt\u00e4cket i Sverige<\/b><\/span><\/h3>\n<p style=\"text-align: center;\"><strong>4,6 timmar&#8230; &#8211; S\u00e5 h\u00e4r l\u00e4nge skiner solen i genomsnitt per dag i Sverige<br><\/strong><\/p>\n<p>Soldyrkare, se upp: Om du vill ha mycket solsken ska du v\u00e4lja en stad vid kusten eller i norr. P\u00e5 sommaren kan du r\u00e4kna med mer \u00e4n 8 soltimmar per dag i till exempel Svenska H\u00f6garna, Lule\u00e5 och Norra Udde!&nbsp;<\/p>\n<p>Man kan bara dr\u00f6mma om s\u00e5 m\u00e5nga soltimmar p\u00e5 vintern. Under m\u00e5naderna november-februari skiner solen bara i ungef\u00e4r 1,4 timmar per dag i Sverige. Man m\u00e5ste ha mycket tur under vinterm\u00e5naderna f\u00f6r att f\u00e5 en enda solstr\u00e5le \u00f6verhuvudtaget.<\/p>","protected":false},"excerpt":{"rendered":"<p>Molnradar &#8211; din aktuella och tillf\u00f6rlitliga molnprognos och molnf\u00f6ruts\u00e4gelse Du har planerat en resa till landsbygden och vill njuta av solskenet och den bl\u00e5 himlen? D\u00e5 b\u00f6r du ta en titt p\u00e5 v\u00e5r molnradar f\u00f6rst! Med hj\u00e4lp av denna v\u00e4derradar kan du f\u00e5 en \u00f6verblick \u00f6ver det aktuella molnt\u00e4cket i din region och snabbt ta &#8230; <a title=\"Molnradar\" class=\"read-more\" href=\"https:\/\/weather-radar-live.com\/sv\/molnradar\/\" aria-label=\"L\u00e4s mer om Molnradar\">L\u00e4s mer<\/a><\/p>\n","protected":false},"author":1,"featured_media":3030,"parent":0,"menu_order":0,"comment_status":"closed","ping_status":"closed","template":"","meta":{"footnotes":""},"class_list":["post-2271","page","type-page","status-publish","has-post-thumbnail"],"yoast_head":"<!-- This site is optimized with the Yoast SEO plugin v27.5 - https:\/\/yoast.com\/product\/yoast-seo-wordpress\/ -->\n<title>Molnradar LIVE: \u2714\ufe0f Var \u00e4r det molnigt? \u26c5\ufe0f<\/title>\n<meta name=\"description\" content=\"Molnradar LIVE: Ta reda p\u00e5 var du kan f\u00f6rv\u00e4nta dig moln \u2714\ufe0f Uppdateras varje sekund \u2714\ufe0f Visualisering p\u00e5 molnt\u00e4ckningskartan! \u26c5\ufe0f\" \/>\n<meta name=\"robots\" content=\"index, follow, max-snippet:-1, max-image-preview:large, max-video-preview:-1\" \/>\n<link rel=\"canonical\" href=\"https:\/\/weather-radar-live.com\/sv\/molnradar\/\" \/>\n<meta property=\"og:locale\" content=\"sv_SE\" \/>\n<meta property=\"og:type\" content=\"article\" \/>\n<meta property=\"og:title\" content=\"Molnradar LIVE: \u2714\ufe0f Var \u00e4r det molnigt? \u26c5\ufe0f\" \/>\n<meta property=\"og:description\" content=\"Molnradar LIVE: Ta reda p\u00e5 var du kan f\u00f6rv\u00e4nta dig moln \u2714\ufe0f Uppdateras varje sekund \u2714\ufe0f Visualisering p\u00e5 molnt\u00e4ckningskartan! \u26c5\ufe0f\" \/>\n<meta property=\"og:url\" content=\"https:\/\/weather-radar-live.com\/sv\/molnradar\/\" \/>\n<meta property=\"og:site_name\" content=\"weather-radar-live.com\" \/>\n<meta property=\"article:modified_time\" content=\"2022-07-06T11:08:43+00:00\" \/>\n<meta property=\"og:image\" content=\"https:\/\/weather-radar-live.com\/wp-content\/uploads\/2021\/06\/sam-schooler-E9aetBe2w40-unsplash-e1622554814366.jpg\" \/>\n\t<meta property=\"og:image:width\" content=\"1902\" \/>\n\t<meta property=\"og:image:height\" content=\"462\" \/>\n\t<meta property=\"og:image:type\" content=\"image\/jpeg\" \/>\n<meta name=\"twitter:card\" content=\"summary_large_image\" \/>\n<meta name=\"twitter:label1\" content=\"Ber\u00e4knad l\u00e4stid\" \/>\n\t<meta name=\"twitter:data1\" content=\"5 minuter\" \/>\n<script type=\"application\/ld+json\" class=\"yoast-schema-graph\">{\"@context\":\"https:\\\/\\\/schema.org\",\"@graph\":[{\"@type\":\"WebPage\",\"@id\":\"https:\\\/\\\/weather-radar-live.com\\\/sv\\\/molnradar\\\/\",\"url\":\"https:\\\/\\\/weather-radar-live.com\\\/sv\\\/molnradar\\\/\",\"name\":\"Molnradar LIVE: \u2714\ufe0f Var \u00e4r det molnigt? \u26c5\ufe0f\",\"isPartOf\":{\"@id\":\"https:\\\/\\\/weather-radar-live.com\\\/#website\"},\"primaryImageOfPage\":{\"@id\":\"https:\\\/\\\/weather-radar-live.com\\\/sv\\\/molnradar\\\/#primaryimage\"},\"image\":{\"@id\":\"https:\\\/\\\/weather-radar-live.com\\\/sv\\\/molnradar\\\/#primaryimage\"},\"thumbnailUrl\":\"https:\\\/\\\/weather-radar-live.com\\\/wp-content\\\/uploads\\\/2021\\\/06\\\/sam-schooler-E9aetBe2w40-unsplash-e1622554814366.jpg\",\"datePublished\":\"2021-12-13T10:46:47+00:00\",\"dateModified\":\"2022-07-06T11:08:43+00:00\",\"description\":\"Molnradar LIVE: Ta reda p\u00e5 var du kan f\u00f6rv\u00e4nta dig moln \u2714\ufe0f Uppdateras varje sekund \u2714\ufe0f Visualisering p\u00e5 molnt\u00e4ckningskartan! \u26c5\ufe0f\",\"breadcrumb\":{\"@id\":\"https:\\\/\\\/weather-radar-live.com\\\/sv\\\/molnradar\\\/#breadcrumb\"},\"inLanguage\":\"sv-SE\",\"potentialAction\":[{\"@type\":\"ReadAction\",\"target\":[\"https:\\\/\\\/weather-radar-live.com\\\/sv\\\/molnradar\\\/\"]}]},{\"@type\":\"ImageObject\",\"inLanguage\":\"sv-SE\",\"@id\":\"https:\\\/\\\/weather-radar-live.com\\\/sv\\\/molnradar\\\/#primaryimage\",\"url\":\"https:\\\/\\\/weather-radar-live.com\\\/wp-content\\\/uploads\\\/2021\\\/06\\\/sam-schooler-E9aetBe2w40-unsplash-e1622554814366.jpg\",\"contentUrl\":\"https:\\\/\\\/weather-radar-live.com\\\/wp-content\\\/uploads\\\/2021\\\/06\\\/sam-schooler-E9aetBe2w40-unsplash-e1622554814366.jpg\",\"width\":1902,\"height\":462},{\"@type\":\"BreadcrumbList\",\"@id\":\"https:\\\/\\\/weather-radar-live.com\\\/sv\\\/molnradar\\\/#breadcrumb\",\"itemListElement\":[{\"@type\":\"ListItem\",\"position\":1,\"name\":\"Weather Radar Live\",\"item\":\"https:\\\/\\\/weather-radar-live.com\\\/sv\\\/\"},{\"@type\":\"ListItem\",\"position\":2,\"name\":\"Molnradar\"}]},{\"@type\":\"WebSite\",\"@id\":\"https:\\\/\\\/weather-radar-live.com\\\/#website\",\"url\":\"https:\\\/\\\/weather-radar-live.com\\\/\",\"name\":\"weather-radar-live.com\",\"description\":\"Your weather and sky radar.\",\"publisher\":{\"@id\":\"https:\\\/\\\/weather-radar-live.com\\\/#organization\"},\"potentialAction\":[{\"@type\":\"SearchAction\",\"target\":{\"@type\":\"EntryPoint\",\"urlTemplate\":\"https:\\\/\\\/weather-radar-live.com\\\/?s={search_term_string}\"},\"query-input\":{\"@type\":\"PropertyValueSpecification\",\"valueRequired\":true,\"valueName\":\"search_term_string\"}}],\"inLanguage\":\"sv-SE\"},{\"@type\":\"Organization\",\"@id\":\"https:\\\/\\\/weather-radar-live.com\\\/#organization\",\"name\":\"weather-radar-live.com\",\"url\":\"https:\\\/\\\/weather-radar-live.com\\\/\",\"logo\":{\"@type\":\"ImageObject\",\"inLanguage\":\"sv-SE\",\"@id\":\"https:\\\/\\\/weather-radar-live.com\\\/#\\\/schema\\\/logo\\\/image\\\/\",\"url\":\"https:\\\/\\\/weather-radar-live.com\\\/wp-content\\\/uploads\\\/2022\\\/03\\\/cropped-WRL2503.png\",\"contentUrl\":\"https:\\\/\\\/weather-radar-live.com\\\/wp-content\\\/uploads\\\/2022\\\/03\\\/cropped-WRL2503.png\",\"width\":1920,\"height\":555,\"caption\":\"weather-radar-live.com\"},\"image\":{\"@id\":\"https:\\\/\\\/weather-radar-live.com\\\/#\\\/schema\\\/logo\\\/image\\\/\"}}]}<\/script>\n<!-- \/ Yoast SEO plugin. -->","yoast_head_json":{"title":"Molnradar LIVE: \u2714\ufe0f Var \u00e4r det molnigt? \u26c5\ufe0f","description":"Molnradar LIVE: Ta reda p\u00e5 var du kan f\u00f6rv\u00e4nta dig moln \u2714\ufe0f Uppdateras varje sekund \u2714\ufe0f Visualisering p\u00e5 molnt\u00e4ckningskartan! \u26c5\ufe0f","robots":{"index":"index","follow":"follow","max-snippet":"max-snippet:-1","max-image-preview":"max-image-preview:large","max-video-preview":"max-video-preview:-1"},"canonical":"https:\/\/weather-radar-live.com\/sv\/molnradar\/","og_locale":"sv_SE","og_type":"article","og_title":"Molnradar LIVE: \u2714\ufe0f Var \u00e4r det molnigt? \u26c5\ufe0f","og_description":"Molnradar LIVE: Ta reda p\u00e5 var du kan f\u00f6rv\u00e4nta dig moln \u2714\ufe0f Uppdateras varje sekund \u2714\ufe0f Visualisering p\u00e5 molnt\u00e4ckningskartan! \u26c5\ufe0f","og_url":"https:\/\/weather-radar-live.com\/sv\/molnradar\/","og_site_name":"weather-radar-live.com","article_modified_time":"2022-07-06T11:08:43+00:00","og_image":[{"width":1902,"height":462,"url":"https:\/\/weather-radar-live.com\/wp-content\/uploads\/2021\/06\/sam-schooler-E9aetBe2w40-unsplash-e1622554814366.jpg","type":"image\/jpeg"}],"twitter_card":"summary_large_image","twitter_misc":{"Ber\u00e4knad l\u00e4stid":"5 minuter"},"schema":{"@context":"https:\/\/schema.org","@graph":[{"@type":"WebPage","@id":"https:\/\/weather-radar-live.com\/sv\/molnradar\/","url":"https:\/\/weather-radar-live.com\/sv\/molnradar\/","name":"Molnradar LIVE: \u2714\ufe0f Var \u00e4r det molnigt? \u26c5\ufe0f","isPartOf":{"@id":"https:\/\/weather-radar-live.com\/#website"},"primaryImageOfPage":{"@id":"https:\/\/weather-radar-live.com\/sv\/molnradar\/#primaryimage"},"image":{"@id":"https:\/\/weather-radar-live.com\/sv\/molnradar\/#primaryimage"},"thumbnailUrl":"https:\/\/weather-radar-live.com\/wp-content\/uploads\/2021\/06\/sam-schooler-E9aetBe2w40-unsplash-e1622554814366.jpg","datePublished":"2021-12-13T10:46:47+00:00","dateModified":"2022-07-06T11:08:43+00:00","description":"Molnradar LIVE: Ta reda p\u00e5 var du kan f\u00f6rv\u00e4nta dig moln \u2714\ufe0f Uppdateras varje sekund \u2714\ufe0f Visualisering p\u00e5 molnt\u00e4ckningskartan! \u26c5\ufe0f","breadcrumb":{"@id":"https:\/\/weather-radar-live.com\/sv\/molnradar\/#breadcrumb"},"inLanguage":"sv-SE","potentialAction":[{"@type":"ReadAction","target":["https:\/\/weather-radar-live.com\/sv\/molnradar\/"]}]},{"@type":"ImageObject","inLanguage":"sv-SE","@id":"https:\/\/weather-radar-live.com\/sv\/molnradar\/#primaryimage","url":"https:\/\/weather-radar-live.com\/wp-content\/uploads\/2021\/06\/sam-schooler-E9aetBe2w40-unsplash-e1622554814366.jpg","contentUrl":"https:\/\/weather-radar-live.com\/wp-content\/uploads\/2021\/06\/sam-schooler-E9aetBe2w40-unsplash-e1622554814366.jpg","width":1902,"height":462},{"@type":"BreadcrumbList","@id":"https:\/\/weather-radar-live.com\/sv\/molnradar\/#breadcrumb","itemListElement":[{"@type":"ListItem","position":1,"name":"Weather Radar Live","item":"https:\/\/weather-radar-live.com\/sv\/"},{"@type":"ListItem","position":2,"name":"Molnradar"}]},{"@type":"WebSite","@id":"https:\/\/weather-radar-live.com\/#website","url":"https:\/\/weather-radar-live.com\/","name":"weather-radar-live.com","description":"Your weather and sky radar.","publisher":{"@id":"https:\/\/weather-radar-live.com\/#organization"},"potentialAction":[{"@type":"SearchAction","target":{"@type":"EntryPoint","urlTemplate":"https:\/\/weather-radar-live.com\/?s={search_term_string}"},"query-input":{"@type":"PropertyValueSpecification","valueRequired":true,"valueName":"search_term_string"}}],"inLanguage":"sv-SE"},{"@type":"Organization","@id":"https:\/\/weather-radar-live.com\/#organization","name":"weather-radar-live.com","url":"https:\/\/weather-radar-live.com\/","logo":{"@type":"ImageObject","inLanguage":"sv-SE","@id":"https:\/\/weather-radar-live.com\/#\/schema\/logo\/image\/","url":"https:\/\/weather-radar-live.com\/wp-content\/uploads\/2022\/03\/cropped-WRL2503.png","contentUrl":"https:\/\/weather-radar-live.com\/wp-content\/uploads\/2022\/03\/cropped-WRL2503.png","width":1920,"height":555,"caption":"weather-radar-live.com"},"image":{"@id":"https:\/\/weather-radar-live.com\/#\/schema\/logo\/image\/"}}]}},"_links":{"self":[{"href":"https:\/\/weather-radar-live.com\/sv\/wp-json\/wp\/v2\/pages\/2271","targetHints":{"allow":["GET"]}}],"collection":[{"href":"https:\/\/weather-radar-live.com\/sv\/wp-json\/wp\/v2\/pages"}],"about":[{"href":"https:\/\/weather-radar-live.com\/sv\/wp-json\/wp\/v2\/types\/page"}],"author":[{"embeddable":true,"href":"https:\/\/weather-radar-live.com\/sv\/wp-json\/wp\/v2\/users\/1"}],"replies":[{"embeddable":true,"href":"https:\/\/weather-radar-live.com\/sv\/wp-json\/wp\/v2\/comments?post=2271"}],"version-history":[{"count":7,"href":"https:\/\/weather-radar-live.com\/sv\/wp-json\/wp\/v2\/pages\/2271\/revisions"}],"predecessor-version":[{"id":4112,"href":"https:\/\/weather-radar-live.com\/sv\/wp-json\/wp\/v2\/pages\/2271\/revisions\/4112"}],"wp:featuredmedia":[{"embeddable":true,"href":"https:\/\/weather-radar-live.com\/sv\/wp-json\/wp\/v2\/media\/3030"}],"wp:attachment":[{"href":"https:\/\/weather-radar-live.com\/sv\/wp-json\/wp\/v2\/media?parent=2271"}],"curies":[{"name":"wp","href":"https:\/\/api.w.org\/{rel}","templated":true}]}}