{"id":768,"date":"2021-06-07T09:35:55","date_gmt":"2021-06-07T07:35:55","guid":{"rendered":"https:\/\/weather-radar-live.com\/?page_id=768"},"modified":"2022-07-06T13:10:00","modified_gmt":"2022-07-06T11:10:00","slug":"trovao","status":"publish","type":"page","link":"https:\/\/weather-radar-live.com\/pt-br\/trovao\/","title":{"rendered":"Trov\u00e3o"},"content":{"rendered":"<div id=\"weath-953709214\" class=\"weath-vor-dem-inhalt weath-entity-placement\" style=\"margin-top: 15px;margin-right: 25px;margin-bottom: 40px;margin-left: 25px;\"><script async src=\"\/\/pagead2.googlesyndication.com\/pagead\/js\/adsbygoogle.js?client=ca-pub-8960936133935804\" crossorigin=\"anonymous\"><\/script><ins class=\"adsbygoogle\" style=\"display:block;\" data-ad-client=\"ca-pub-8960936133935804\" \ndata-ad-slot=\"6172817020\" \ndata-ad-format=\"auto\"><\/ins>\n<script> \n(adsbygoogle = window.adsbygoogle || []).push({}); \n<\/script>\n<\/div>\n<div class=\"wp-block-cover alignfull\"><span aria-hidden=\"true\" class=\"wp-block-cover__gradient-background has-background-dim\"><\/span><img loading=\"lazy\" decoding=\"async\" width=\"1900\" height=\"460\" class=\"wp-block-cover__image-background wp-image-311\" alt=\"\" src=\"https:\/\/weather-radar-live.com\/wp-content\/uploads\/2021\/06\/josep-castells-5Mh8iz9vqpY-unsplash-scaled-e1622555407316.jpg\" data-object-fit=\"cover\" srcset=\"https:\/\/weather-radar-live.com\/wp-content\/uploads\/2021\/06\/josep-castells-5Mh8iz9vqpY-unsplash-scaled-e1622555407316.jpg 1900w, https:\/\/weather-radar-live.com\/wp-content\/uploads\/2021\/06\/josep-castells-5Mh8iz9vqpY-unsplash-scaled-e1622555407316-300x73.jpg 300w, https:\/\/weather-radar-live.com\/wp-content\/uploads\/2021\/06\/josep-castells-5Mh8iz9vqpY-unsplash-scaled-e1622555407316-1024x248.jpg 1024w, https:\/\/weather-radar-live.com\/wp-content\/uploads\/2021\/06\/josep-castells-5Mh8iz9vqpY-unsplash-scaled-e1622555407316-768x186.jpg 768w, https:\/\/weather-radar-live.com\/wp-content\/uploads\/2021\/06\/josep-castells-5Mh8iz9vqpY-unsplash-scaled-e1622555407316-1536x372.jpg 1536w\" sizes=\"auto, (max-width: 1900px) 100vw, 1900px\" \/><div class=\"wp-block-cover__inner-container is-layout-flow wp-block-cover-is-layout-flow\">\n<h2 class=\"has-text-align-center heading wp-block-heading\" style=\"font-size:70px\"><strong><span style=\"color:#ffde00\" class=\"has-inline-color\">TROV\u00c3O<\/span> <\/strong><\/h2>\n<\/div><\/div>\n\n\n<h2 style=\"text-align: center;\"><span style=\"color: #ffde00;\"><strong>Trov\u00e3o &#8211; <span style=\"color: #ffde00;\">obter<\/span> informa\u00e7\u00f5es ao vivo sobre as trovoadas atuais atrav\u00e9s da detec\u00e7\u00e3o de rel\u00e2mpagos<\/strong><\/span><\/h2>\n<p>Quase n\u00e3o h\u00e1 <strong><a href=\"https:\/\/weather-radar-live.com\/pt-br\/\" target=\"_blank\" rel=\"noopener noreferrer\">fen\u00f4meno clim\u00e1tico<\/a><\/strong> que nos excita tanto quanto <strong><a href=\"https:\/\/www.sciencelearn.org.nz\/resources\/239-lightning-explained\">trov\u00f5es e rel\u00e2mpagos<\/a><\/strong>. Desde os tempos antigos, os seres humanos v\u00eam tentando entender o pano de fundo desse fen\u00f4meno. Mas, infelizmente, ainda h\u00e1 muito sobre esse fen\u00f4meno natural que permanece esquivo at\u00e9 os dias de hoje.<\/p>\n<p>O senhor quer saber onde est\u00e1 atualmente o rel\u00e2mpago? Ou apenas descobrir se o senhor ser\u00e1 afetado por uma trovoada em breve? Ent\u00e3o voc\u00ea deve usar nosso mapa trov\u00e3o e rel\u00e2mpagos para o Brasil! Ele lhe d\u00e1 informa\u00e7\u00f5es precisas sobre trov\u00f5es e rel\u00e2mpagos em sua regi\u00e3o e \u00e9 atualizado a cada segundo!<\/p><div id=\"weath-688149834\" class=\"weath-inhalt_2 weath-entity-placement\" style=\"margin-top: 15px;margin-right: 25px;margin-bottom: 35px;margin-left: 25px;\"><script async src=\"\/\/pagead2.googlesyndication.com\/pagead\/js\/adsbygoogle.js?client=ca-pub-8960936133935804\" crossorigin=\"anonymous\"><\/script><ins class=\"adsbygoogle\" style=\"display:block;\" data-ad-client=\"ca-pub-8960936133935804\" \ndata-ad-slot=\"1963584050\" \ndata-ad-format=\"auto\"><\/ins>\n<script> \n(adsbygoogle = window.adsbygoogle || []).push({}); \n<\/script>\n<\/div>\n\n\n<iframe loading=\"lazy\" width=\"1300\" height=\"600\" src=\"https:\/\/embed.windy.com\/embed2.html?lat=-16.088&amp;lon=-50.054&amp;detailLat=49.516&amp;detailLon=11.000&amp;width=1300&amp;height=600&amp;zoom=5&amp;level=surface&amp;overlay=radar&amp;product=ecmwf&amp;menu=&amp;message=&amp;marker=&amp;calendar=now&amp;pressure=&amp;type=map&amp;location=coordinates&amp;detail=&amp;metricWind=default&amp;metricTemp=default&amp;radarRange=-1\" frameborder=\"0\"><\/iframe>\n\n\n\n<p class=\"has-text-align-center\"><sup>As trovoadas e as descargas atmosf\u00e9ricas s\u00e3o indicadas por um s\u00edmbolo de rel\u00e2mpago. Dependendo da for\u00e7a, a precipita\u00e7\u00e3o \u00e9 indicada em azul (precipita\u00e7\u00e3o fraca), verde, amarelo, laranja (precipita\u00e7\u00e3o moderada), vermelho, ou roxo (precipita\u00e7\u00e3o muito forte).<\/sup><\/p>\n\n\n<h2 style=\"text-align: center;\"><span style=\"color: #ffde00;\"><strong>Rastreamento da frente atual dos rel\u00e2mpagos &#8211; Como ler o mapa dos rel\u00e2mpagos:<\/strong><\/span><\/h2>\n<p><img loading=\"lazy\" decoding=\"async\" class=\"alignright wp-image-80\" src=\"https:\/\/weather-radar-live.com\/wp-content\/uploads\/2021\/02\/Lightning-strike-map-radar-explanation-300x213.png\" alt=\"Explica\u00e7\u00e3o do mapa do radar de impacto rel\u00e2mpago\" width=\"175\" height=\"124\" srcset=\"https:\/\/weather-radar-live.com\/wp-content\/uploads\/2021\/02\/Lightning-strike-map-radar-explanation-300x213.png 300w, https:\/\/weather-radar-live.com\/wp-content\/uploads\/2021\/02\/Lightning-strike-map-radar-explanation.png 600w\" sizes=\"auto, (max-width: 175px) 100vw, 175px\" \/>O mapa dos rel\u00e2mpagos mostra os trov\u00f5es atuais em cores. A for\u00e7a da trovoada \u00e9 medida com a ajuda de <strong><span style=\"color: #1950fe;\"><a style=\"color: #1950fe;\" href=\"https:\/\/weather-radar-live.com\/pt-br\/radar-de-chuva\/\" target=\"_blank\" rel=\"noopener noreferrer\">precipita\u00e7\u00e3o<\/a><\/span><\/strong> como tamb\u00e9m com nosso <a href=\"https:\/\/weather-radar-live.com\/pt-br\/tempestades\/\" target=\"_blank\" rel=\"noopener noreferrer\"><strong>radar de tempestade<\/strong><\/a>. A cor azul ou verde indica uma trovoada relativamente fraca ou uma precipita\u00e7\u00e3o fraca.<\/p>\n<p>Aconselha-se cautela no caso de amarelo, laranja, vermelho, e especialmente de cor p\u00farpura:<\/p>\n<p>Uma frente rel\u00e2mpago desse tipo envolve um risco claro de mau tempo. No mapa dos rel\u00e2mpagos, o senhor pode ver tamb\u00e9m pequenos rel\u00e2mpagos, que s\u00e3o indicados por um curto raio branco. Cada um desses rel\u00e2mpagos sinaliza um \u00fanico <a href=\"https:\/\/www.weather.gov\/safety\/lightning-science-overview\">rel\u00e2mpago<\/a>.<\/p>\n<p><img loading=\"lazy\" decoding=\"async\" class=\"alignleft wp-image-89\" src=\"https:\/\/weather-radar-live.com\/wp-content\/uploads\/2021\/02\/cursor.png\" alt=\"mapa de impacto de raios do cursor\" width=\"80\" height=\"80\">Para mostrar o curso temporal e a dire\u00e7\u00e3o da frente do rel\u00e2mpago, basta clicar sobre o s\u00edmbolo do cursor. Assim o senhor pode ver exatamente como a trovoada se desenvolveu nas \u00faltimas horas e minutos e inferir para onde a trovoada vai passar.<\/p>\n<p><\/p>\n<h2><span style=\"color: #ffde00;\"><strong>Eis o que o senhor precisa saber sobre as trovoadas e sobre o radar dos rel\u00e2mpagos!<\/strong><\/span><\/h2>\n<p><img loading=\"lazy\" decoding=\"async\" class=\"alignleft wp-image-81 size-full\" src=\"https:\/\/weather-radar-live.com\/wp-content\/uploads\/2021\/02\/Lightning-strike-map-lightning-strike.jpg\" alt=\"Ataque de raio mapa de rel\u00e2mpagos\" width=\"300\" height=\"199\">A grande vantagem do nosso mapa de trovoadas \u00e9 que as tempestades e os rel\u00e2mpagos s\u00e3o exibidos com um atraso muito curto. A t\u00e9cnica de medi\u00e7\u00e3o do radar de raios d\u00e1 aqui a contribui\u00e7\u00e3o decisiva: Cada trovoada\/raio emite uma onda eletromagn\u00e9tica que se propaga ao longo de centenas de quil\u00f4metros. Essa onda chega a diferentes esta\u00e7\u00f5es de radar \u00e0 velocidade da luz. Devido aos diferentes tempos de chegada (no intervalo de milissegundos) da onda eletromagn\u00e9tica, \u00e9 poss\u00edvel tirar conclus\u00f5es precisas sobre a localiza\u00e7\u00e3o do impacto e a for\u00e7a do raio.<\/p>\n<p><strong>Isso permite ao senhor mesmo localizar os raios &#8220;ao vivo&#8221; e em &#8220;tempo real&#8221;.<\/strong><\/p>\n<p><\/p>\n<h2><span style=\"color: #ffde00;\"><strong>Como se formam as trovoadas?<\/strong><\/span><\/h2>\n<p>Os motores de condu\u00e7\u00e3o de uma tempestade s\u00e3o a alta radia\u00e7\u00e3o solar, a evapora\u00e7\u00e3o da \u00e1gua, e a conseq\u00fcente forma\u00e7\u00e3o de uma nuvem (mais sobre a forma\u00e7\u00e3o de nuvens <strong><a href=\"https:\/\/weather-radar-live.com\/pt-br\/nuvens\/\">aqui<\/a><\/strong>). O atrito das mol\u00e9culas de \u00e1gua na nuvem cria uma alta tens\u00e3o el\u00e9trica, que \u00e9 equilibrada pela descarga de um rel\u00e2mpago. Essa descarga pode ocorrer tanto por um rel\u00e2mpago no ch\u00e3o como por uma outra nuvem.<\/p>\n<p><strong>E, a prop\u00f3sito:<\/strong><\/p>\n<p>O trov\u00e3o \u00e9 causado pela s\u00fabita expans\u00e3o do ar nas imedia\u00e7\u00f5es do raio &#8211; pode atingir temperaturas de at\u00e9 30.000 graus Celsius e tem apenas alguns cent\u00edmetros de espessura!<\/p>\n<p><\/p>\n<h2 style=\"text-align: center;\"><span style=\"color: #ffde00;\"><strong>Rel\u00e2mpagos &#8211; como eu me comporto?<\/strong><\/span><\/h2>\n<p style=\"text-align: center;\"><span style=\"color: #ffde00;\"><strong>140 quil\u00f4metros&#8230;<\/strong><\/span><\/p>\n<p style=\"text-align: center;\"><span style=\"color: #ffde00;\"><strong>esse \u00e9 o comprimento do raio mais longo j\u00e1 medido.<\/strong><\/span><\/p>\n<p>Geralmente o senhor deve procurar abrigo o mais r\u00e1pido poss\u00edvel ao primeiro sinal de trovoada, j\u00e1 que os raios podem percorrer muitos quil\u00f4metros. Assim, h\u00e1 perigo, mesmo antes que a tempestade esteja pr\u00f3xima. O lugar mais seguro para se esconder durante uma trovoada \u00e9 em uma casa ou em um ve\u00edculo. Se voc\u00ea estiver ao ar livre durante uma tempestade, n\u00e3o se esque\u00e7a de ficar longe de \u00e1rvores, colinas, lagos e rios. Os postes de for\u00e7a tamb\u00e9m s\u00e3o alvos populares de trovoadas &#8211; portanto, o senhor deve manter dist\u00e2ncia desses tamb\u00e9m. Idealmente, encontre um buraco seco, agache-se e rodeie suas pernas com seus bra\u00e7os. \u00c9 melhor ficar de p\u00e9. Assim, em caso de impacto nas proximidades imediatas, o senhor oferece a menor superf\u00edcie para que o raio atinja e evite que grandes tens\u00f5es fluam atrav\u00e9s de seu corpo.<\/p>\n<p><\/p>\n<h2 style=\"text-align: center;\"><span style=\"color: #ffde00;\"><strong>A dist\u00e2ncia da tempestade<\/strong><\/span><\/h2>\n<p style=\"text-align: center;\"><span style=\"color: #ffde00;\"><strong>330 metros por segundo&#8230;.<\/strong><\/span><\/p>\n<p style=\"text-align: center;\"><span style=\"color: #ffde00;\"><strong>&#8230;\u00e9 a velocidade com que o trov\u00e3o se aproxima do senhor.<\/strong><\/span><\/p>\n<p>Se o senhor est\u00e1 ciente disso, medir a dist\u00e2ncia ser\u00e1 uma brisa para o senhor. Basta contar os segundos entre o rel\u00e2mpago e o trov\u00e3o. Em seguida, divida o n\u00famero de segundos por tr\u00eas e o senhor j\u00e1 calculou a dist\u00e2ncia at\u00e9 a trovoada em quil\u00f4metros:<\/p>\n<p>Exemplo: 12 segundos passam entre o rel\u00e2mpago e o trov\u00e3o &#8211; 12 segundos divididos por 3 \u00e9 igual a 4 &#8211; o que significa que a tempestade est\u00e1 a 4 quil\u00f4metros de dist\u00e2ncia.<\/p>","protected":false},"excerpt":{"rendered":"<p>Trov\u00e3o &#8211; obter informa\u00e7\u00f5es ao vivo sobre as trovoadas atuais atrav\u00e9s da detec\u00e7\u00e3o de rel\u00e2mpagos Quase n\u00e3o h\u00e1 fen\u00f4meno clim\u00e1tico que nos excita tanto quanto trov\u00f5es e rel\u00e2mpagos. Desde os tempos antigos, os seres humanos v\u00eam tentando entender o pano de fundo desse fen\u00f4meno. Mas, infelizmente, ainda h\u00e1 muito sobre esse fen\u00f4meno natural que permanece &#8230; <a title=\"Trov\u00e3o\" class=\"read-more\" href=\"https:\/\/weather-radar-live.com\/pt-br\/trovao\/\" aria-label=\"Read more about Trov\u00e3o\">Ler mais<\/a><\/p>\n","protected":false},"author":1,"featured_media":2886,"parent":0,"menu_order":0,"comment_status":"closed","ping_status":"closed","template":"","meta":{"footnotes":""},"class_list":["post-768","page","type-page","status-publish","has-post-thumbnail"],"yoast_head":"<!-- This site is optimized with the Yoast SEO plugin v27.5 - https:\/\/yoast.com\/product\/yoast-seo-wordpress\/ -->\n<title>Trov\u00e3o AO VIVO: \u26a1 Onde est\u00e3o as trovoadas? \u2714\ufe0f<\/title>\n<meta name=\"description\" content=\"Trov\u00e3o AO VIVO \u2714\ufe0f Encontre as tempestades atuais nas proximidades com o mapa de raios agora! \u2714\ufe0f Previs\u00e3o de trovoadas para a regi\u00e3o! \u26a1\" \/>\n<meta name=\"robots\" content=\"index, follow, max-snippet:-1, max-image-preview:large, max-video-preview:-1\" \/>\n<link rel=\"canonical\" href=\"https:\/\/weather-radar-live.com\/pt-br\/trovao\/\" \/>\n<meta property=\"og:locale\" content=\"pt_BR\" \/>\n<meta property=\"og:type\" content=\"article\" \/>\n<meta property=\"og:title\" content=\"Trov\u00e3o AO VIVO: \u26a1 Onde est\u00e3o as trovoadas? \u2714\ufe0f\" \/>\n<meta property=\"og:description\" content=\"Trov\u00e3o AO VIVO \u2714\ufe0f Encontre as tempestades atuais nas proximidades com o mapa de raios agora! \u2714\ufe0f Previs\u00e3o de trovoadas para a regi\u00e3o! \u26a1\" \/>\n<meta property=\"og:url\" content=\"https:\/\/weather-radar-live.com\/pt-br\/trovao\/\" \/>\n<meta property=\"og:site_name\" content=\"weather-radar-live.com\" \/>\n<meta property=\"article:modified_time\" content=\"2022-07-06T11:10:00+00:00\" \/>\n<meta property=\"og:image\" content=\"https:\/\/weather-radar-live.com\/wp-content\/uploads\/2021\/02\/Lightning-strike-map.jpg\" \/>\n\t<meta property=\"og:image:width\" content=\"1897\" \/>\n\t<meta property=\"og:image:height\" content=\"458\" \/>\n\t<meta property=\"og:image:type\" content=\"image\/jpeg\" \/>\n<meta name=\"twitter:card\" content=\"summary_large_image\" \/>\n<meta name=\"twitter:label1\" content=\"Est. tempo de leitura\" \/>\n\t<meta name=\"twitter:data1\" content=\"5 minutos\" \/>\n<script type=\"application\/ld+json\" class=\"yoast-schema-graph\">{\"@context\":\"https:\\\/\\\/schema.org\",\"@graph\":[{\"@type\":\"WebPage\",\"@id\":\"https:\\\/\\\/weather-radar-live.com\\\/pt-br\\\/trovao\\\/\",\"url\":\"https:\\\/\\\/weather-radar-live.com\\\/pt-br\\\/trovao\\\/\",\"name\":\"Trov\u00e3o AO VIVO: \u26a1 Onde est\u00e3o as trovoadas? \u2714\ufe0f\",\"isPartOf\":{\"@id\":\"https:\\\/\\\/weather-radar-live.com\\\/#website\"},\"primaryImageOfPage\":{\"@id\":\"https:\\\/\\\/weather-radar-live.com\\\/pt-br\\\/trovao\\\/#primaryimage\"},\"image\":{\"@id\":\"https:\\\/\\\/weather-radar-live.com\\\/pt-br\\\/trovao\\\/#primaryimage\"},\"thumbnailUrl\":\"https:\\\/\\\/weather-radar-live.com\\\/wp-content\\\/uploads\\\/2021\\\/02\\\/Lightning-strike-map.jpg\",\"datePublished\":\"2021-06-07T07:35:55+00:00\",\"dateModified\":\"2022-07-06T11:10:00+00:00\",\"description\":\"Trov\u00e3o AO VIVO \u2714\ufe0f Encontre as tempestades atuais nas proximidades com o mapa de raios agora! \u2714\ufe0f Previs\u00e3o de trovoadas para a regi\u00e3o! \u26a1\",\"breadcrumb\":{\"@id\":\"https:\\\/\\\/weather-radar-live.com\\\/pt-br\\\/trovao\\\/#breadcrumb\"},\"inLanguage\":\"pt-BR\",\"potentialAction\":[{\"@type\":\"ReadAction\",\"target\":[\"https:\\\/\\\/weather-radar-live.com\\\/pt-br\\\/trovao\\\/\"]}]},{\"@type\":\"ImageObject\",\"inLanguage\":\"pt-BR\",\"@id\":\"https:\\\/\\\/weather-radar-live.com\\\/pt-br\\\/trovao\\\/#primaryimage\",\"url\":\"https:\\\/\\\/weather-radar-live.com\\\/wp-content\\\/uploads\\\/2021\\\/02\\\/Lightning-strike-map.jpg\",\"contentUrl\":\"https:\\\/\\\/weather-radar-live.com\\\/wp-content\\\/uploads\\\/2021\\\/02\\\/Lightning-strike-map.jpg\",\"width\":1897,\"height\":458},{\"@type\":\"BreadcrumbList\",\"@id\":\"https:\\\/\\\/weather-radar-live.com\\\/pt-br\\\/trovao\\\/#breadcrumb\",\"itemListElement\":[{\"@type\":\"ListItem\",\"position\":1,\"name\":\"Weather Radar Live\",\"item\":\"https:\\\/\\\/weather-radar-live.com\\\/pt-br\\\/\"},{\"@type\":\"ListItem\",\"position\":2,\"name\":\"Trov\u00e3o\"}]},{\"@type\":\"WebSite\",\"@id\":\"https:\\\/\\\/weather-radar-live.com\\\/#website\",\"url\":\"https:\\\/\\\/weather-radar-live.com\\\/\",\"name\":\"weather-radar-live.com\",\"description\":\"Your weather and sky radar.\",\"publisher\":{\"@id\":\"https:\\\/\\\/weather-radar-live.com\\\/#organization\"},\"potentialAction\":[{\"@type\":\"SearchAction\",\"target\":{\"@type\":\"EntryPoint\",\"urlTemplate\":\"https:\\\/\\\/weather-radar-live.com\\\/?s={search_term_string}\"},\"query-input\":{\"@type\":\"PropertyValueSpecification\",\"valueRequired\":true,\"valueName\":\"search_term_string\"}}],\"inLanguage\":\"pt-BR\"},{\"@type\":\"Organization\",\"@id\":\"https:\\\/\\\/weather-radar-live.com\\\/#organization\",\"name\":\"weather-radar-live.com\",\"url\":\"https:\\\/\\\/weather-radar-live.com\\\/\",\"logo\":{\"@type\":\"ImageObject\",\"inLanguage\":\"pt-BR\",\"@id\":\"https:\\\/\\\/weather-radar-live.com\\\/#\\\/schema\\\/logo\\\/image\\\/\",\"url\":\"https:\\\/\\\/weather-radar-live.com\\\/wp-content\\\/uploads\\\/2022\\\/03\\\/cropped-WRL2503.png\",\"contentUrl\":\"https:\\\/\\\/weather-radar-live.com\\\/wp-content\\\/uploads\\\/2022\\\/03\\\/cropped-WRL2503.png\",\"width\":1920,\"height\":555,\"caption\":\"weather-radar-live.com\"},\"image\":{\"@id\":\"https:\\\/\\\/weather-radar-live.com\\\/#\\\/schema\\\/logo\\\/image\\\/\"}}]}<\/script>\n<!-- \/ Yoast SEO plugin. -->","yoast_head_json":{"title":"Trov\u00e3o AO VIVO: \u26a1 Onde est\u00e3o as trovoadas? \u2714\ufe0f","description":"Trov\u00e3o AO VIVO \u2714\ufe0f Encontre as tempestades atuais nas proximidades com o mapa de raios agora! \u2714\ufe0f Previs\u00e3o de trovoadas para a regi\u00e3o! \u26a1","robots":{"index":"index","follow":"follow","max-snippet":"max-snippet:-1","max-image-preview":"max-image-preview:large","max-video-preview":"max-video-preview:-1"},"canonical":"https:\/\/weather-radar-live.com\/pt-br\/trovao\/","og_locale":"pt_BR","og_type":"article","og_title":"Trov\u00e3o AO VIVO: \u26a1 Onde est\u00e3o as trovoadas? \u2714\ufe0f","og_description":"Trov\u00e3o AO VIVO \u2714\ufe0f Encontre as tempestades atuais nas proximidades com o mapa de raios agora! \u2714\ufe0f Previs\u00e3o de trovoadas para a regi\u00e3o! \u26a1","og_url":"https:\/\/weather-radar-live.com\/pt-br\/trovao\/","og_site_name":"weather-radar-live.com","article_modified_time":"2022-07-06T11:10:00+00:00","og_image":[{"width":1897,"height":458,"url":"https:\/\/weather-radar-live.com\/wp-content\/uploads\/2021\/02\/Lightning-strike-map.jpg","type":"image\/jpeg"}],"twitter_card":"summary_large_image","twitter_misc":{"Est. tempo de leitura":"5 minutos"},"schema":{"@context":"https:\/\/schema.org","@graph":[{"@type":"WebPage","@id":"https:\/\/weather-radar-live.com\/pt-br\/trovao\/","url":"https:\/\/weather-radar-live.com\/pt-br\/trovao\/","name":"Trov\u00e3o AO VIVO: \u26a1 Onde est\u00e3o as trovoadas? \u2714\ufe0f","isPartOf":{"@id":"https:\/\/weather-radar-live.com\/#website"},"primaryImageOfPage":{"@id":"https:\/\/weather-radar-live.com\/pt-br\/trovao\/#primaryimage"},"image":{"@id":"https:\/\/weather-radar-live.com\/pt-br\/trovao\/#primaryimage"},"thumbnailUrl":"https:\/\/weather-radar-live.com\/wp-content\/uploads\/2021\/02\/Lightning-strike-map.jpg","datePublished":"2021-06-07T07:35:55+00:00","dateModified":"2022-07-06T11:10:00+00:00","description":"Trov\u00e3o AO VIVO \u2714\ufe0f Encontre as tempestades atuais nas proximidades com o mapa de raios agora! \u2714\ufe0f Previs\u00e3o de trovoadas para a regi\u00e3o! \u26a1","breadcrumb":{"@id":"https:\/\/weather-radar-live.com\/pt-br\/trovao\/#breadcrumb"},"inLanguage":"pt-BR","potentialAction":[{"@type":"ReadAction","target":["https:\/\/weather-radar-live.com\/pt-br\/trovao\/"]}]},{"@type":"ImageObject","inLanguage":"pt-BR","@id":"https:\/\/weather-radar-live.com\/pt-br\/trovao\/#primaryimage","url":"https:\/\/weather-radar-live.com\/wp-content\/uploads\/2021\/02\/Lightning-strike-map.jpg","contentUrl":"https:\/\/weather-radar-live.com\/wp-content\/uploads\/2021\/02\/Lightning-strike-map.jpg","width":1897,"height":458},{"@type":"BreadcrumbList","@id":"https:\/\/weather-radar-live.com\/pt-br\/trovao\/#breadcrumb","itemListElement":[{"@type":"ListItem","position":1,"name":"Weather Radar Live","item":"https:\/\/weather-radar-live.com\/pt-br\/"},{"@type":"ListItem","position":2,"name":"Trov\u00e3o"}]},{"@type":"WebSite","@id":"https:\/\/weather-radar-live.com\/#website","url":"https:\/\/weather-radar-live.com\/","name":"weather-radar-live.com","description":"Your weather and sky radar.","publisher":{"@id":"https:\/\/weather-radar-live.com\/#organization"},"potentialAction":[{"@type":"SearchAction","target":{"@type":"EntryPoint","urlTemplate":"https:\/\/weather-radar-live.com\/?s={search_term_string}"},"query-input":{"@type":"PropertyValueSpecification","valueRequired":true,"valueName":"search_term_string"}}],"inLanguage":"pt-BR"},{"@type":"Organization","@id":"https:\/\/weather-radar-live.com\/#organization","name":"weather-radar-live.com","url":"https:\/\/weather-radar-live.com\/","logo":{"@type":"ImageObject","inLanguage":"pt-BR","@id":"https:\/\/weather-radar-live.com\/#\/schema\/logo\/image\/","url":"https:\/\/weather-radar-live.com\/wp-content\/uploads\/2022\/03\/cropped-WRL2503.png","contentUrl":"https:\/\/weather-radar-live.com\/wp-content\/uploads\/2022\/03\/cropped-WRL2503.png","width":1920,"height":555,"caption":"weather-radar-live.com"},"image":{"@id":"https:\/\/weather-radar-live.com\/#\/schema\/logo\/image\/"}}]}},"_links":{"self":[{"href":"https:\/\/weather-radar-live.com\/pt-br\/wp-json\/wp\/v2\/pages\/768","targetHints":{"allow":["GET"]}}],"collection":[{"href":"https:\/\/weather-radar-live.com\/pt-br\/wp-json\/wp\/v2\/pages"}],"about":[{"href":"https:\/\/weather-radar-live.com\/pt-br\/wp-json\/wp\/v2\/types\/page"}],"author":[{"embeddable":true,"href":"https:\/\/weather-radar-live.com\/pt-br\/wp-json\/wp\/v2\/users\/1"}],"replies":[{"embeddable":true,"href":"https:\/\/weather-radar-live.com\/pt-br\/wp-json\/wp\/v2\/comments?post=768"}],"version-history":[{"count":8,"href":"https:\/\/weather-radar-live.com\/pt-br\/wp-json\/wp\/v2\/pages\/768\/revisions"}],"predecessor-version":[{"id":4127,"href":"https:\/\/weather-radar-live.com\/pt-br\/wp-json\/wp\/v2\/pages\/768\/revisions\/4127"}],"wp:featuredmedia":[{"embeddable":true,"href":"https:\/\/weather-radar-live.com\/pt-br\/wp-json\/wp\/v2\/media\/2886"}],"wp:attachment":[{"href":"https:\/\/weather-radar-live.com\/pt-br\/wp-json\/wp\/v2\/media?parent=768"}],"curies":[{"name":"wp","href":"https:\/\/api.w.org\/{rel}","templated":true}]}}