{"id":761,"date":"2021-06-07T09:29:24","date_gmt":"2021-06-07T07:29:24","guid":{"rendered":"https:\/\/weather-radar-live.com\/?page_id=761"},"modified":"2025-04-10T14:46:19","modified_gmt":"2025-04-10T12:46:19","slug":"impresso","status":"publish","type":"page","link":"https:\/\/weather-radar-live.com\/pt-br\/impresso\/","title":{"rendered":"Impresso"},"content":{"rendered":"<div id=\"weath-2569418\" class=\"weath-vor-dem-inhalt weath-entity-placement\" style=\"margin-top: 15px;margin-right: 25px;margin-bottom: 40px;margin-left: 25px;\"><script async src=\"\/\/pagead2.googlesyndication.com\/pagead\/js\/adsbygoogle.js?client=ca-pub-8960936133935804\" crossorigin=\"anonymous\"><\/script><ins class=\"adsbygoogle\" style=\"display:block;\" data-ad-client=\"ca-pub-8960936133935804\" \ndata-ad-slot=\"6172817020\" \ndata-ad-format=\"auto\"><\/ins>\n<script> \n(adsbygoogle = window.adsbygoogle || []).push({}); \n<\/script>\n<\/div>\n<p>U&amp;M Online Marketing GbR<br>Sulzbacher Str. 48<br>90489 Nuremberg<br>Alemanha<\/p>\n\n\n\n<p>Telefone: +49 157 3815 8888<br>E-mail: hey@weather-radar-live.com<\/p><div id=\"weath-584167372\" class=\"weath-inhalt_2 weath-entity-placement\" style=\"margin-top: 15px;margin-right: 25px;margin-bottom: 35px;margin-left: 25px;\"><script async src=\"\/\/pagead2.googlesyndication.com\/pagead\/js\/adsbygoogle.js?client=ca-pub-8960936133935804\" crossorigin=\"anonymous\"><\/script><ins class=\"adsbygoogle\" style=\"display:block;\" data-ad-client=\"ca-pub-8960936133935804\" \ndata-ad-slot=\"1963584050\" \ndata-ad-format=\"auto\"><\/ins>\n<script> \n(adsbygoogle = window.adsbygoogle || []).push({}); \n<\/script>\n<\/div>\n\n\n\n<p>Representantes autorizados: Nico M\u00e4rzh\u00e4user, Nikita Umanski-Kellnar<\/p>\n\n\n\n<p>IVA n\u00e3o \u00e9 mostrado (regulamento para pequenas empresas)<\/p>\n\n\n\n<p>Plataforma da Comiss\u00e3o da UE para resolu\u00e7\u00e3o de disputas on-line: https:\/\/ec.europa.eu\/consumers\/odr\/<\/p>\n\n\n\n<p>N\u00e3o somos obrigados nem estamos dispostos a participar de um procedimento de resolu\u00e7\u00e3o de disputas perante um conselho de arbitragem de consumidores.<\/p>\n","protected":false},"excerpt":{"rendered":"<p>U&amp;M Online Marketing GbRSulzbacher Str. 4890489 NurembergAlemanha Telefone: +49 157 3815 8888E-mail: hey@weather-radar-live.com Representantes autorizados: Nico M\u00e4rzh\u00e4user, Nikita Umanski-Kellnar IVA n\u00e3o \u00e9 mostrado (regulamento para pequenas empresas) Plataforma da Comiss\u00e3o da UE para resolu\u00e7\u00e3o de disputas on-line: https:\/\/ec.europa.eu\/consumers\/odr\/ N\u00e3o somos obrigados nem estamos dispostos a participar de um procedimento de resolu\u00e7\u00e3o de disputas perante um &#8230; <a title=\"Impresso\" class=\"read-more\" href=\"https:\/\/weather-radar-live.com\/pt-br\/impresso\/\" aria-label=\"Read more about Impresso\">Ler mais<\/a><\/p>\n","protected":false},"author":1,"featured_media":0,"parent":0,"menu_order":0,"comment_status":"closed","ping_status":"closed","template":"","meta":{"footnotes":""},"class_list":["post-761","page","type-page","status-publish"],"yoast_head":"<!-- This site is optimized with the Yoast SEO plugin v27.3 - https:\/\/yoast.com\/product\/yoast-seo-wordpress\/ -->\n<title>Impresso - weather-radar-live.com<\/title>\n<meta name=\"robots\" content=\"noindex, nofollow\" \/>\n<meta property=\"og:locale\" content=\"pt_BR\" \/>\n<meta property=\"og:type\" content=\"article\" \/>\n<meta property=\"og:title\" content=\"Impresso - weather-radar-live.com\" \/>\n<meta property=\"og:description\" content=\"U&amp;M Online Marketing GbRSulzbacher Str. 4890489 NurembergAlemanha Telefone: +49 157 3815 8888E-mail: hey@weather-radar-live.com Representantes autorizados: Nico M\u00e4rzh\u00e4user, Nikita Umanski-Kellnar IVA n\u00e3o \u00e9 mostrado (regulamento para pequenas empresas) Plataforma da Comiss\u00e3o da UE para resolu\u00e7\u00e3o de disputas on-line: https:\/\/ec.europa.eu\/consumers\/odr\/ N\u00e3o somos obrigados nem estamos dispostos a participar de um procedimento de resolu\u00e7\u00e3o de disputas perante um ... Ler mais\" \/>\n<meta property=\"og:url\" content=\"https:\/\/weather-radar-live.com\/pt-br\/impresso\/\" \/>\n<meta property=\"og:site_name\" content=\"weather-radar-live.com\" \/>\n<meta property=\"article:modified_time\" content=\"2025-04-10T12:46:19+00:00\" \/>\n<meta name=\"twitter:card\" content=\"summary_large_image\" \/>\n<script type=\"application\/ld+json\" class=\"yoast-schema-graph\">{\"@context\":\"https:\\\/\\\/schema.org\",\"@graph\":[{\"@type\":\"WebPage\",\"@id\":\"https:\\\/\\\/weather-radar-live.com\\\/pt-br\\\/impresso\\\/\",\"url\":\"https:\\\/\\\/weather-radar-live.com\\\/pt-br\\\/impresso\\\/\",\"name\":\"Impresso - weather-radar-live.com\",\"isPartOf\":{\"@id\":\"https:\\\/\\\/weather-radar-live.com\\\/#website\"},\"datePublished\":\"2021-06-07T07:29:24+00:00\",\"dateModified\":\"2025-04-10T12:46:19+00:00\",\"breadcrumb\":{\"@id\":\"https:\\\/\\\/weather-radar-live.com\\\/pt-br\\\/impresso\\\/#breadcrumb\"},\"inLanguage\":\"pt-BR\",\"potentialAction\":[{\"@type\":\"ReadAction\",\"target\":[\"https:\\\/\\\/weather-radar-live.com\\\/pt-br\\\/impresso\\\/\"]}]},{\"@type\":\"BreadcrumbList\",\"@id\":\"https:\\\/\\\/weather-radar-live.com\\\/pt-br\\\/impresso\\\/#breadcrumb\",\"itemListElement\":[{\"@type\":\"ListItem\",\"position\":1,\"name\":\"Weather Radar Live\",\"item\":\"https:\\\/\\\/weather-radar-live.com\\\/pt-br\\\/\"},{\"@type\":\"ListItem\",\"position\":2,\"name\":\"Impresso\"}]},{\"@type\":\"WebSite\",\"@id\":\"https:\\\/\\\/weather-radar-live.com\\\/#website\",\"url\":\"https:\\\/\\\/weather-radar-live.com\\\/\",\"name\":\"weather-radar-live.com\",\"description\":\"Your weather and sky radar.\",\"publisher\":{\"@id\":\"https:\\\/\\\/weather-radar-live.com\\\/#organization\"},\"potentialAction\":[{\"@type\":\"SearchAction\",\"target\":{\"@type\":\"EntryPoint\",\"urlTemplate\":\"https:\\\/\\\/weather-radar-live.com\\\/?s={search_term_string}\"},\"query-input\":{\"@type\":\"PropertyValueSpecification\",\"valueRequired\":true,\"valueName\":\"search_term_string\"}}],\"inLanguage\":\"pt-BR\"},{\"@type\":\"Organization\",\"@id\":\"https:\\\/\\\/weather-radar-live.com\\\/#organization\",\"name\":\"weather-radar-live.com\",\"url\":\"https:\\\/\\\/weather-radar-live.com\\\/\",\"logo\":{\"@type\":\"ImageObject\",\"inLanguage\":\"pt-BR\",\"@id\":\"https:\\\/\\\/weather-radar-live.com\\\/#\\\/schema\\\/logo\\\/image\\\/\",\"url\":\"https:\\\/\\\/weather-radar-live.com\\\/wp-content\\\/uploads\\\/2022\\\/03\\\/cropped-WRL2503.png\",\"contentUrl\":\"https:\\\/\\\/weather-radar-live.com\\\/wp-content\\\/uploads\\\/2022\\\/03\\\/cropped-WRL2503.png\",\"width\":1920,\"height\":555,\"caption\":\"weather-radar-live.com\"},\"image\":{\"@id\":\"https:\\\/\\\/weather-radar-live.com\\\/#\\\/schema\\\/logo\\\/image\\\/\"}}]}<\/script>\n<!-- \/ Yoast SEO plugin. -->","yoast_head_json":{"title":"Impresso - weather-radar-live.com","robots":{"index":"noindex","follow":"nofollow"},"og_locale":"pt_BR","og_type":"article","og_title":"Impresso - weather-radar-live.com","og_description":"U&amp;M Online Marketing GbRSulzbacher Str. 4890489 NurembergAlemanha Telefone: +49 157 3815 8888E-mail: hey@weather-radar-live.com Representantes autorizados: Nico M\u00e4rzh\u00e4user, Nikita Umanski-Kellnar IVA n\u00e3o \u00e9 mostrado (regulamento para pequenas empresas) Plataforma da Comiss\u00e3o da UE para resolu\u00e7\u00e3o de disputas on-line: https:\/\/ec.europa.eu\/consumers\/odr\/ N\u00e3o somos obrigados nem estamos dispostos a participar de um procedimento de resolu\u00e7\u00e3o de disputas perante um ... Ler mais","og_url":"https:\/\/weather-radar-live.com\/pt-br\/impresso\/","og_site_name":"weather-radar-live.com","article_modified_time":"2025-04-10T12:46:19+00:00","twitter_card":"summary_large_image","schema":{"@context":"https:\/\/schema.org","@graph":[{"@type":"WebPage","@id":"https:\/\/weather-radar-live.com\/pt-br\/impresso\/","url":"https:\/\/weather-radar-live.com\/pt-br\/impresso\/","name":"Impresso - weather-radar-live.com","isPartOf":{"@id":"https:\/\/weather-radar-live.com\/#website"},"datePublished":"2021-06-07T07:29:24+00:00","dateModified":"2025-04-10T12:46:19+00:00","breadcrumb":{"@id":"https:\/\/weather-radar-live.com\/pt-br\/impresso\/#breadcrumb"},"inLanguage":"pt-BR","potentialAction":[{"@type":"ReadAction","target":["https:\/\/weather-radar-live.com\/pt-br\/impresso\/"]}]},{"@type":"BreadcrumbList","@id":"https:\/\/weather-radar-live.com\/pt-br\/impresso\/#breadcrumb","itemListElement":[{"@type":"ListItem","position":1,"name":"Weather Radar Live","item":"https:\/\/weather-radar-live.com\/pt-br\/"},{"@type":"ListItem","position":2,"name":"Impresso"}]},{"@type":"WebSite","@id":"https:\/\/weather-radar-live.com\/#website","url":"https:\/\/weather-radar-live.com\/","name":"weather-radar-live.com","description":"Your weather and sky radar.","publisher":{"@id":"https:\/\/weather-radar-live.com\/#organization"},"potentialAction":[{"@type":"SearchAction","target":{"@type":"EntryPoint","urlTemplate":"https:\/\/weather-radar-live.com\/?s={search_term_string}"},"query-input":{"@type":"PropertyValueSpecification","valueRequired":true,"valueName":"search_term_string"}}],"inLanguage":"pt-BR"},{"@type":"Organization","@id":"https:\/\/weather-radar-live.com\/#organization","name":"weather-radar-live.com","url":"https:\/\/weather-radar-live.com\/","logo":{"@type":"ImageObject","inLanguage":"pt-BR","@id":"https:\/\/weather-radar-live.com\/#\/schema\/logo\/image\/","url":"https:\/\/weather-radar-live.com\/wp-content\/uploads\/2022\/03\/cropped-WRL2503.png","contentUrl":"https:\/\/weather-radar-live.com\/wp-content\/uploads\/2022\/03\/cropped-WRL2503.png","width":1920,"height":555,"caption":"weather-radar-live.com"},"image":{"@id":"https:\/\/weather-radar-live.com\/#\/schema\/logo\/image\/"}}]}},"_links":{"self":[{"href":"https:\/\/weather-radar-live.com\/pt-br\/wp-json\/wp\/v2\/pages\/761","targetHints":{"allow":["GET"]}}],"collection":[{"href":"https:\/\/weather-radar-live.com\/pt-br\/wp-json\/wp\/v2\/pages"}],"about":[{"href":"https:\/\/weather-radar-live.com\/pt-br\/wp-json\/wp\/v2\/types\/page"}],"author":[{"embeddable":true,"href":"https:\/\/weather-radar-live.com\/pt-br\/wp-json\/wp\/v2\/users\/1"}],"replies":[{"embeddable":true,"href":"https:\/\/weather-radar-live.com\/pt-br\/wp-json\/wp\/v2\/comments?post=761"}],"version-history":[{"count":2,"href":"https:\/\/weather-radar-live.com\/pt-br\/wp-json\/wp\/v2\/pages\/761\/revisions"}],"predecessor-version":[{"id":8074,"href":"https:\/\/weather-radar-live.com\/pt-br\/wp-json\/wp\/v2\/pages\/761\/revisions\/8074"}],"wp:attachment":[{"href":"https:\/\/weather-radar-live.com\/pt-br\/wp-json\/wp\/v2\/media?parent=761"}],"curies":[{"name":"wp","href":"https:\/\/api.w.org\/{rel}","templated":true}]}}