{"id":757,"date":"2021-06-07T09:09:19","date_gmt":"2021-06-07T07:09:19","guid":{"rendered":"https:\/\/weather-radar-live.com\/?page_id=757"},"modified":"2022-07-06T13:08:31","modified_gmt":"2022-07-06T11:08:31","slug":"nuvens","status":"publish","type":"page","link":"https:\/\/weather-radar-live.com\/pt-br\/nuvens\/","title":{"rendered":"Nuvens"},"content":{"rendered":"<div id=\"weath-780294354\" class=\"weath-vor-dem-inhalt weath-entity-placement\" style=\"margin-top: 15px;margin-right: 25px;margin-bottom: 40px;margin-left: 25px;\"><script async src=\"\/\/pagead2.googlesyndication.com\/pagead\/js\/adsbygoogle.js?client=ca-pub-8960936133935804\" crossorigin=\"anonymous\"><\/script><ins class=\"adsbygoogle\" style=\"display:block;\" data-ad-client=\"ca-pub-8960936133935804\" \ndata-ad-slot=\"6172817020\" \ndata-ad-format=\"auto\"><\/ins>\n<script> \n(adsbygoogle = window.adsbygoogle || []).push({}); \n<\/script>\n<\/div>\n<div class=\"wp-block-cover alignfull is-light\"><span aria-hidden=\"true\" class=\"wp-block-cover__gradient-background has-background-dim\"><\/span><img loading=\"lazy\" decoding=\"async\" width=\"1902\" height=\"462\" class=\"wp-block-cover__image-background wp-image-341\" alt=\"\" src=\"https:\/\/weather-radar-live.com\/wp-content\/uploads\/2021\/06\/sam-schooler-E9aetBe2w40-unsplash-e1622554814366.jpg\" data-object-fit=\"cover\" srcset=\"https:\/\/weather-radar-live.com\/wp-content\/uploads\/2021\/06\/sam-schooler-E9aetBe2w40-unsplash-e1622554814366.jpg 1902w, https:\/\/weather-radar-live.com\/wp-content\/uploads\/2021\/06\/sam-schooler-E9aetBe2w40-unsplash-e1622554814366-300x73.jpg 300w, https:\/\/weather-radar-live.com\/wp-content\/uploads\/2021\/06\/sam-schooler-E9aetBe2w40-unsplash-e1622554814366-1024x249.jpg 1024w, https:\/\/weather-radar-live.com\/wp-content\/uploads\/2021\/06\/sam-schooler-E9aetBe2w40-unsplash-e1622554814366-768x187.jpg 768w, https:\/\/weather-radar-live.com\/wp-content\/uploads\/2021\/06\/sam-schooler-E9aetBe2w40-unsplash-e1622554814366-1536x373.jpg 1536w\" sizes=\"auto, (max-width: 1902px) 100vw, 1902px\" \/><div class=\"wp-block-cover__inner-container is-layout-flow wp-block-cover-is-layout-flow\">\n<h2 class=\"has-text-align-center heading has-base-3-color has-text-color wp-block-heading\" style=\"font-size:70px\"><strong>MAPA DE <span style=\"color:#919191\" class=\"has-inline-color\"> NUVENS<\/span> <\/strong><\/h2>\n<\/div><\/div>\n\n\n<h2 style=\"text-align: center;\"><span style=\"color: #919191;\"><b><span style=\"color: #919191;\">Mapa de nuvens<\/span> &#8211; sua previs\u00e3o atual e confi\u00e1vel das nuvens &amp; previs\u00e3o das nuvens<\/b><\/span><\/h2>\n<p><span style=\"font-weight: 400;\">O senhor planejou uma viagem para o campo e quer aproveitar o sol e o c\u00e9u azul? Ent\u00e3o o senhor deveria dar uma olhada primeiro em nosso mapa de cobertura de nuvens! Usando este mapa, o senhor <strong><a href=\"https:\/\/weather-radar-live.com\/pt-br\/\" target=\"_blank\" rel=\"noopener noreferrer\"><span style=\"color: #f59800;\">radar meteorol\u00f3gico<\/span><\/a>&nbsp;<\/strong>O senhor pode ter uma vis\u00e3o geral da atual cobertura de nuvens em sua regi\u00e3o e descobrir rapidamente se pode pegar alguns raios de sol.<\/span><\/p>\n<p><span style=\"font-weight: 400;\">Com a previs\u00e3o das nuvens para as pr\u00f3ximas horas, o senhor pode ver como se desenvolver\u00e1 a cobertura das nuvens. Especialmente se o senhor est\u00e1 perseguindo alguns raios de sol, nosso mapa de cobertura de nuvens \u00e9, portanto, muito adequado para lhe dar uma vis\u00e3o da atual cobertura de nuvens.<\/span><\/p><div id=\"weath-4176716667\" class=\"weath-inhalt_2 weath-entity-placement\" style=\"margin-top: 15px;margin-right: 25px;margin-bottom: 35px;margin-left: 25px;\"><script async src=\"\/\/pagead2.googlesyndication.com\/pagead\/js\/adsbygoogle.js?client=ca-pub-8960936133935804\" crossorigin=\"anonymous\"><\/script><ins class=\"adsbygoogle\" style=\"display:block;\" data-ad-client=\"ca-pub-8960936133935804\" \ndata-ad-slot=\"1963584050\" \ndata-ad-format=\"auto\"><\/ins>\n<script> \n(adsbygoogle = window.adsbygoogle || []).push({}); \n<\/script>\n<\/div>\n\n\n<iframe loading=\"lazy\" width=\"1300\" height=\"600\" src=\"https:\/\/embed.windy.com\/embed2.html?lat=-16.088&amp;lon=-50.054&amp;detailLat=49.516&amp;detailLon=11.000&amp;width=1300&amp;height=600&amp;zoom=5&amp;level=surface&amp;overlay=clouds&amp;product=ecmwf&amp;menu=&amp;message=true&amp;marker=&amp;calendar=now&amp;pressure=&amp;type=map&amp;location=coordinates&amp;detail=&amp;metricWind=default&amp;metricTemp=default&amp;radarRange=-1\" frameborder=\"0\"><\/iframe>\n\n\n\n<p class=\"has-text-align-center\"><sup>Nas \u00e1reas de cor amarela, o sol est\u00e1 brilhando. A cor cinza indica cobertura de nuvens claras, enquanto que uma cor branca significa cobertura de nuvens pesadas.<\/sup><\/p>\n\n\n<h2 style=\"text-align: center;\"><span style=\"color: #919191;\"><b>Onde est\u00e1 nublado? Onde est\u00e1 o sol brilhando? \u00c9 assim que o senhor l\u00ea o mapa da cobertura de nuvens:<\/b><\/span><\/h2>\n<p style=\"text-align: left;\"><span style=\"font-weight: 400;\"><img loading=\"lazy\" decoding=\"async\" class=\"alignright wp-image-1758\" src=\"https:\/\/da-oben.de\/wp-content\/uploads\/2020\/07\/Wolkenradar-wird-erkl\u00e4rt-e1594796771611.png\" alt=\"Explica\u00e7\u00e3o do mapa de nuvens\" width=\"161\" height=\"114\">Em nosso mapa de cobertura de nuvens, as \u00e1reas de nuvens s\u00e3o mostradas visivelmente para o senhor por uma colora\u00e7\u00e3o cinza-branco. Quanto mais branca e clara for a colora\u00e7\u00e3o, mais densa \u00e9 a camada de nuvens. As chances de se vislumbrar o sol nessa \u00e1rea s\u00e3o, portanto, muito fracas. Por outro lado, uma \u00e1rea cinzenta indica uma cobertura relativamente leve de nuvens com sol ocasional.<br><\/span><\/p>\n<p><span style=\"font-weight: 400;\"><img loading=\"lazy\" decoding=\"async\" class=\"alignleft wp-image-88\" src=\"https:\/\/weather-radar-live.com\/wp-content\/uploads\/2021\/02\/Clouds-Description.png\" alt=\"Bot\u00e3o de mapa de cobertura de nuvens\" width=\"196\" height=\"98\">Usando o bot\u00e3o na parte superior direita do mapa de cobertura de nuvens, o senhor pode selecionar o tipo de cobertura de nuvens. O senhor pode distinguir entre nuvens altas, m\u00e9dias e baixas. Para fazer isso, basta clicar no bot\u00e3o correspondente.<\/span><\/p>\n<p><\/p>\n<p><span style=\"font-weight: 400;\"><img loading=\"lazy\" decoding=\"async\" class=\"alignleft wp-image-139\" title=\"wolkenradar cursor\" src=\"https:\/\/da-oben.de\/wp-content\/uploads\/2019\/08\/cursor-e1567148434800.png\" alt=\"mapa de cobertura de nuvens do cursor\" width=\"75\" height=\"75\">Com o cursor no canto inferior esquerdo do mapa de cobertura das nuvens, o senhor pode visualizar o curso futuro das nuvens. Isso lhe dir\u00e1 como a cobertura das nuvens vai mudar nas pr\u00f3ximas 36 horas.<\/span><\/p>\n<p><\/p>\n<p><span style=\"font-weight: 400;\"><img loading=\"lazy\" decoding=\"async\" class=\"alignleft wp-image-85\" src=\"https:\/\/weather-radar-live.com\/wp-content\/uploads\/2021\/02\/Cloud_Marker-150x150-1.png\" alt=\"marca das nuvens\" width=\"124\" height=\"124\">Mova o marcador de nuvens com o mouse (smartphone: basta tocar no ponto branco do marcador usando o dedo) para sua regi\u00e3o alvo e descubra como \u00e9 prov\u00e1vel que o c\u00e9u esteja nublado ali.<\/span><\/p>\n<p><\/p>\n<h2 style=\"text-align: center;\"><span style=\"color: #919191;\"><b>O que mais o senhor precisa saber sobre nosso mapa de cobertura de nuvens:<\/b><\/span><\/h2>\n<p><\/p>\n<h3 style=\"text-align: center;\"><span style=\"color: #919191;\"><strong>Como detectar nuvens de chuva:<\/strong><\/span><\/h3>\n<p><span style=\"font-weight: 400;\">Al\u00e9m das informa\u00e7\u00f5es sobre a cobertura de nuvens, nosso radar tamb\u00e9m lhe diz onde a cobertura de nuvens ocorre em combina\u00e7\u00e3o com a precipita\u00e7\u00e3o. O senhor tamb\u00e9m pode reconhecer a precipita\u00e7\u00e3o atrav\u00e9s de um sombreado colorido no mapa de cobertura de nuvens. Enquanto o azul indica precipita\u00e7\u00e3o fraca, espera-se que as \u00e1reas de cor vermelha\/p\u00farpura tenham chuva forte e granizo. <strong><span style=\"color: #1950fe;\"><a style=\"color: #1950fe;\" href=\"https:\/\/weather-radar-live.com\/pt-br\/radar-de-chuva\/\" target=\"_blank\" rel=\"noopener noreferrer\">O senhor pode encontrar nosso radar de chuva com previs\u00e3o de chuva aqui<\/a><\/span><\/strong>.<\/span><\/p>\n<p><\/p>\n<h3 style=\"text-align: center;\"><span style=\"color: #919191;\"><strong>Tipos de nuvens no mapa de cobertura de nuvens:<\/strong><\/span><\/h3>\n<p><span style=\"font-weight: 400;\">Al\u00e9m da cobertura geral de nuvens, o senhor tamb\u00e9m pode filtrar por tipo de nuvem ou altura. Para fazer isso, basta clicar no bot\u00e3o &#8220;Nuvens&#8221; no canto superior direito do mapa. O senhor pode ent\u00e3o escolher se quer que o radar de nuvens exiba nuvens baixas, m\u00e9dias ou altas.<\/span><\/p>\n<p><\/p>\n<h3 style=\"text-align: center;\"><span style=\"color: #919191;\"><b>Fatos interessantes sobre a nuvem<\/b><\/span><\/h3>\n<p><span style=\"font-weight: 400;\">A altura das nuvens depende sempre da for\u00e7a da radia\u00e7\u00e3o solar e da quantidade de vapor de \u00e1gua. Pequenas nuvens se movem a uma altura de cerca de 3 km, enquanto as nuvens de trovoada em \u00e1reas com alta radia\u00e7\u00e3o solar podem chegar a uma altura de at\u00e9 14 km.<\/span><\/p>\n<p><span style=\"font-weight: 400;\">Para compara\u00e7\u00e3o: quando o senhor vai de f\u00e9rias de avi\u00e3o, se encontra a uma altitude de cerca de 10 a 11 km.<\/span><\/p>\n<p><span style=\"font-weight: 400;\">Na pr\u00e1tica, os avi\u00f5es muitas vezes mudam seu rumo original para evitar trovoadas e a turbul\u00eancia resultante.<\/span><\/p>\n<p><span style=\"font-weight: 400;\">Assim, da pr\u00f3xima vez que o senhor estiver a caminho de f\u00e9rias, poder\u00e1 usar nosso radar de nuvens<\/span> <span style=\"font-weight: 400;\">verificar com anteced\u00eancia se nuvens altas se cruzar\u00e3o com o trajeto de sua viagem. A prop\u00f3sito, nosso <strong><span style=\"color: #f59800;\"><a style=\"color: #f59800;\" href=\"https:\/\/weather-radar-live.com\/pt-br\/tempestades\/\" target=\"_blank\" rel=\"noopener noreferrer\">radar de tempestade<\/a><\/span><\/strong> ou <a href=\"https:\/\/weather-radar-live.com\/pt-br\/trovao\/\" target=\"_blank\" rel=\"noopener noreferrer\"><strong><span style=\"color: #ffde00;\">mapa de rel\u00e2mpagos<\/span><\/strong><\/a> \u00e9 tamb\u00e9m adequado para esse fim.<\/span><\/p>\n<p><\/p>\n<h3 style=\"text-align: center;\"><span style=\"color: #919191;\"><b>Como se formam as nuvens<\/b><\/span><\/h3>\n<p><span style=\"font-weight: 400;\">N\u00f3s os vemos flutuando sobre o c\u00e9u todos os dias &#8211; e, no entanto, muitas pessoas sabem muito pouco sobre eles: Nuvens. V\u00e3o desde a inofensiva nuvem de v\u00e9u que flutua sobre o c\u00e9u azul profundo do ver\u00e3o at\u00e9 a grande nuvem de trov\u00e3o que rapidamente causa um efeito de resfriamento.<\/span><\/p>\n<p><span style=\"font-weight: 400;\">Todas as nuvens t\u00eam uma coisa em comum: consistem em \u00e1gua, ou mais precisamente em vapor de \u00e1gua.<\/span><\/p>\n<p><span style=\"font-weight: 400;\">Esse vapor \u00e9 criado pela radia\u00e7\u00e3o solar, que faz com que a \u00e1gua dos lagos, rios e outros corpos de \u00e1gua ao nosso redor se evapore. Uma vez evaporada, a \u00e1gua sobe rapidamente junto com o ar quente. Uma vez l\u00e1 chegando, o vapor de \u00e1gua come\u00e7a a se condensar. Isso se deve \u00e0 temperatura do ar ao nosso redor, que continua a diminuir \u00e0 medida que a altitude aumenta. A condensa\u00e7\u00e3o do vapor de \u00e1gua leva ent\u00e3o \u00e0 forma\u00e7\u00e3o gradual de mais pequenas got\u00edculas de \u00e1gua, permitindo que a nuvem se forme.<\/span><\/p>\n<p><\/p>\n<h3 style=\"text-align: center;\"><span style=\"color: #919191;\"><b>A cobertura de nuvens no Brasil<\/b><\/span><\/h3>\n<p style=\"text-align: center;\"><strong>5 horas&#8230; &#8211; Este \u00e9 o tempo m\u00e9dio que o sol brilha por dia no Brasil<\/strong><\/p>\n<p>No norte e leste voc\u00ea pode esperar muito mais sol do que no resto do pa\u00eds. Isto se deve em parte ao clima da floresta tropical que prevalece ali. Em Salvador, o sol brilha durante quase 2500 horas por ano. Calculado por dia, isto corresponde a cerca de 6,8 horas de sol.<\/p>\n<p>Em Fortaleza, voc\u00ea pode esperar ainda mais sol. Devido ao clima mar\u00edtimo, o sol brilha por um tempo particularmente longo a partir de julho. Em m\u00e9dia, a cidade registra cerca de 7,8 horas de sol por dia.<\/p>","protected":false},"excerpt":{"rendered":"<p>Mapa de nuvens &#8211; sua previs\u00e3o atual e confi\u00e1vel das nuvens &amp; previs\u00e3o das nuvens O senhor planejou uma viagem para o campo e quer aproveitar o sol e o c\u00e9u azul? Ent\u00e3o o senhor deveria dar uma olhada primeiro em nosso mapa de cobertura de nuvens! Usando este mapa, o senhor radar meteorol\u00f3gico&nbsp;O senhor &#8230; <a title=\"Nuvens\" class=\"read-more\" href=\"https:\/\/weather-radar-live.com\/pt-br\/nuvens\/\" aria-label=\"Read more about Nuvens\">Ler mais<\/a><\/p>\n","protected":false},"author":1,"featured_media":344,"parent":0,"menu_order":0,"comment_status":"closed","ping_status":"closed","template":"","meta":{"footnotes":""},"class_list":["post-757","page","type-page","status-publish","has-post-thumbnail"],"yoast_head":"<!-- This site is optimized with the Yoast SEO plugin v27.3 - https:\/\/yoast.com\/product\/yoast-seo-wordpress\/ -->\n<title>Nuvens AO VIVO: \u2714\ufe0f Onde est\u00e1 nublado? \u26c5\ufe0f<\/title>\n<meta name=\"description\" content=\"Mapa de nuvens LIVE: Saiba agora onde esperar nuvens \u2714\ufe0f Atualizado a cada segundo \u2714\ufe0f Visualiza\u00e7\u00e3o no mapa de cobertura de nuvens! \u26c5\ufe0f\" \/>\n<meta name=\"robots\" content=\"index, follow, max-snippet:-1, max-image-preview:large, max-video-preview:-1\" \/>\n<link rel=\"canonical\" href=\"https:\/\/weather-radar-live.com\/pt-br\/nuvens\/\" \/>\n<meta property=\"og:locale\" content=\"pt_BR\" \/>\n<meta property=\"og:type\" content=\"article\" \/>\n<meta property=\"og:title\" content=\"Nuvens AO VIVO: \u2714\ufe0f Onde est\u00e1 nublado? \u26c5\ufe0f\" \/>\n<meta property=\"og:description\" content=\"Mapa de nuvens LIVE: Saiba agora onde esperar nuvens \u2714\ufe0f Atualizado a cada segundo \u2714\ufe0f Visualiza\u00e7\u00e3o no mapa de cobertura de nuvens! \u26c5\ufe0f\" \/>\n<meta property=\"og:url\" content=\"https:\/\/weather-radar-live.com\/pt-br\/nuvens\/\" \/>\n<meta property=\"og:site_name\" content=\"weather-radar-live.com\" \/>\n<meta property=\"article:modified_time\" content=\"2022-07-06T11:08:31+00:00\" \/>\n<meta property=\"og:image\" content=\"https:\/\/weather-radar-live.com\/wp-content\/uploads\/2021\/06\/sam-schooler-E9aetBe2w40-unsplash-e1622554814366.jpg\" \/>\n\t<meta property=\"og:image:width\" content=\"2400\" \/>\n\t<meta property=\"og:image:height\" content=\"1600\" \/>\n\t<meta property=\"og:image:type\" content=\"image\/jpeg\" \/>\n<meta name=\"twitter:card\" content=\"summary_large_image\" \/>\n<meta name=\"twitter:label1\" content=\"Est. tempo de leitura\" \/>\n\t<meta name=\"twitter:data1\" content=\"6 minutos\" \/>\n<script type=\"application\/ld+json\" class=\"yoast-schema-graph\">{\"@context\":\"https:\\\/\\\/schema.org\",\"@graph\":[{\"@type\":\"WebPage\",\"@id\":\"https:\\\/\\\/weather-radar-live.com\\\/pt-br\\\/nuvens\\\/\",\"url\":\"https:\\\/\\\/weather-radar-live.com\\\/pt-br\\\/nuvens\\\/\",\"name\":\"Nuvens AO VIVO: \u2714\ufe0f Onde est\u00e1 nublado? \u26c5\ufe0f\",\"isPartOf\":{\"@id\":\"https:\\\/\\\/weather-radar-live.com\\\/#website\"},\"primaryImageOfPage\":{\"@id\":\"https:\\\/\\\/weather-radar-live.com\\\/pt-br\\\/nuvens\\\/#primaryimage\"},\"image\":{\"@id\":\"https:\\\/\\\/weather-radar-live.com\\\/pt-br\\\/nuvens\\\/#primaryimage\"},\"thumbnailUrl\":\"https:\\\/\\\/weather-radar-live.com\\\/wp-content\\\/uploads\\\/2021\\\/06\\\/sam-schooler-E9aetBe2w40-unsplash-e1622554814366.jpg\",\"datePublished\":\"2021-06-07T07:09:19+00:00\",\"dateModified\":\"2022-07-06T11:08:31+00:00\",\"description\":\"Mapa de nuvens LIVE: Saiba agora onde esperar nuvens \u2714\ufe0f Atualizado a cada segundo \u2714\ufe0f Visualiza\u00e7\u00e3o no mapa de cobertura de nuvens! \u26c5\ufe0f\",\"breadcrumb\":{\"@id\":\"https:\\\/\\\/weather-radar-live.com\\\/pt-br\\\/nuvens\\\/#breadcrumb\"},\"inLanguage\":\"pt-BR\",\"potentialAction\":[{\"@type\":\"ReadAction\",\"target\":[\"https:\\\/\\\/weather-radar-live.com\\\/pt-br\\\/nuvens\\\/\"]}]},{\"@type\":\"ImageObject\",\"inLanguage\":\"pt-BR\",\"@id\":\"https:\\\/\\\/weather-radar-live.com\\\/pt-br\\\/nuvens\\\/#primaryimage\",\"url\":\"https:\\\/\\\/weather-radar-live.com\\\/wp-content\\\/uploads\\\/2021\\\/06\\\/sam-schooler-E9aetBe2w40-unsplash-e1622554814366.jpg\",\"contentUrl\":\"https:\\\/\\\/weather-radar-live.com\\\/wp-content\\\/uploads\\\/2021\\\/06\\\/sam-schooler-E9aetBe2w40-unsplash-e1622554814366.jpg\",\"width\":2400,\"height\":1600,\"caption\":\"Cloud Cover\"},{\"@type\":\"BreadcrumbList\",\"@id\":\"https:\\\/\\\/weather-radar-live.com\\\/pt-br\\\/nuvens\\\/#breadcrumb\",\"itemListElement\":[{\"@type\":\"ListItem\",\"position\":1,\"name\":\"Weather Radar Live\",\"item\":\"https:\\\/\\\/weather-radar-live.com\\\/pt-br\\\/\"},{\"@type\":\"ListItem\",\"position\":2,\"name\":\"Nuvens\"}]},{\"@type\":\"WebSite\",\"@id\":\"https:\\\/\\\/weather-radar-live.com\\\/#website\",\"url\":\"https:\\\/\\\/weather-radar-live.com\\\/\",\"name\":\"weather-radar-live.com\",\"description\":\"Your weather and sky radar.\",\"publisher\":{\"@id\":\"https:\\\/\\\/weather-radar-live.com\\\/#organization\"},\"potentialAction\":[{\"@type\":\"SearchAction\",\"target\":{\"@type\":\"EntryPoint\",\"urlTemplate\":\"https:\\\/\\\/weather-radar-live.com\\\/?s={search_term_string}\"},\"query-input\":{\"@type\":\"PropertyValueSpecification\",\"valueRequired\":true,\"valueName\":\"search_term_string\"}}],\"inLanguage\":\"pt-BR\"},{\"@type\":\"Organization\",\"@id\":\"https:\\\/\\\/weather-radar-live.com\\\/#organization\",\"name\":\"weather-radar-live.com\",\"url\":\"https:\\\/\\\/weather-radar-live.com\\\/\",\"logo\":{\"@type\":\"ImageObject\",\"inLanguage\":\"pt-BR\",\"@id\":\"https:\\\/\\\/weather-radar-live.com\\\/#\\\/schema\\\/logo\\\/image\\\/\",\"url\":\"https:\\\/\\\/weather-radar-live.com\\\/wp-content\\\/uploads\\\/2022\\\/03\\\/cropped-WRL2503.png\",\"contentUrl\":\"https:\\\/\\\/weather-radar-live.com\\\/wp-content\\\/uploads\\\/2022\\\/03\\\/cropped-WRL2503.png\",\"width\":1920,\"height\":555,\"caption\":\"weather-radar-live.com\"},\"image\":{\"@id\":\"https:\\\/\\\/weather-radar-live.com\\\/#\\\/schema\\\/logo\\\/image\\\/\"}}]}<\/script>\n<!-- \/ Yoast SEO plugin. -->","yoast_head_json":{"title":"Nuvens AO VIVO: \u2714\ufe0f Onde est\u00e1 nublado? \u26c5\ufe0f","description":"Mapa de nuvens LIVE: Saiba agora onde esperar nuvens \u2714\ufe0f Atualizado a cada segundo \u2714\ufe0f Visualiza\u00e7\u00e3o no mapa de cobertura de nuvens! \u26c5\ufe0f","robots":{"index":"index","follow":"follow","max-snippet":"max-snippet:-1","max-image-preview":"max-image-preview:large","max-video-preview":"max-video-preview:-1"},"canonical":"https:\/\/weather-radar-live.com\/pt-br\/nuvens\/","og_locale":"pt_BR","og_type":"article","og_title":"Nuvens AO VIVO: \u2714\ufe0f Onde est\u00e1 nublado? \u26c5\ufe0f","og_description":"Mapa de nuvens LIVE: Saiba agora onde esperar nuvens \u2714\ufe0f Atualizado a cada segundo \u2714\ufe0f Visualiza\u00e7\u00e3o no mapa de cobertura de nuvens! \u26c5\ufe0f","og_url":"https:\/\/weather-radar-live.com\/pt-br\/nuvens\/","og_site_name":"weather-radar-live.com","article_modified_time":"2022-07-06T11:08:31+00:00","og_image":[{"width":2400,"height":1600,"url":"https:\/\/weather-radar-live.com\/wp-content\/uploads\/2021\/06\/sam-schooler-E9aetBe2w40-unsplash-e1622554814366.jpg","type":"image\/jpeg"}],"twitter_card":"summary_large_image","twitter_misc":{"Est. tempo de leitura":"6 minutos"},"schema":{"@context":"https:\/\/schema.org","@graph":[{"@type":"WebPage","@id":"https:\/\/weather-radar-live.com\/pt-br\/nuvens\/","url":"https:\/\/weather-radar-live.com\/pt-br\/nuvens\/","name":"Nuvens AO VIVO: \u2714\ufe0f Onde est\u00e1 nublado? \u26c5\ufe0f","isPartOf":{"@id":"https:\/\/weather-radar-live.com\/#website"},"primaryImageOfPage":{"@id":"https:\/\/weather-radar-live.com\/pt-br\/nuvens\/#primaryimage"},"image":{"@id":"https:\/\/weather-radar-live.com\/pt-br\/nuvens\/#primaryimage"},"thumbnailUrl":"https:\/\/weather-radar-live.com\/wp-content\/uploads\/2021\/06\/sam-schooler-E9aetBe2w40-unsplash-e1622554814366.jpg","datePublished":"2021-06-07T07:09:19+00:00","dateModified":"2022-07-06T11:08:31+00:00","description":"Mapa de nuvens LIVE: Saiba agora onde esperar nuvens \u2714\ufe0f Atualizado a cada segundo \u2714\ufe0f Visualiza\u00e7\u00e3o no mapa de cobertura de nuvens! \u26c5\ufe0f","breadcrumb":{"@id":"https:\/\/weather-radar-live.com\/pt-br\/nuvens\/#breadcrumb"},"inLanguage":"pt-BR","potentialAction":[{"@type":"ReadAction","target":["https:\/\/weather-radar-live.com\/pt-br\/nuvens\/"]}]},{"@type":"ImageObject","inLanguage":"pt-BR","@id":"https:\/\/weather-radar-live.com\/pt-br\/nuvens\/#primaryimage","url":"https:\/\/weather-radar-live.com\/wp-content\/uploads\/2021\/06\/sam-schooler-E9aetBe2w40-unsplash-e1622554814366.jpg","contentUrl":"https:\/\/weather-radar-live.com\/wp-content\/uploads\/2021\/06\/sam-schooler-E9aetBe2w40-unsplash-e1622554814366.jpg","width":2400,"height":1600,"caption":"Cloud Cover"},{"@type":"BreadcrumbList","@id":"https:\/\/weather-radar-live.com\/pt-br\/nuvens\/#breadcrumb","itemListElement":[{"@type":"ListItem","position":1,"name":"Weather Radar Live","item":"https:\/\/weather-radar-live.com\/pt-br\/"},{"@type":"ListItem","position":2,"name":"Nuvens"}]},{"@type":"WebSite","@id":"https:\/\/weather-radar-live.com\/#website","url":"https:\/\/weather-radar-live.com\/","name":"weather-radar-live.com","description":"Your weather and sky radar.","publisher":{"@id":"https:\/\/weather-radar-live.com\/#organization"},"potentialAction":[{"@type":"SearchAction","target":{"@type":"EntryPoint","urlTemplate":"https:\/\/weather-radar-live.com\/?s={search_term_string}"},"query-input":{"@type":"PropertyValueSpecification","valueRequired":true,"valueName":"search_term_string"}}],"inLanguage":"pt-BR"},{"@type":"Organization","@id":"https:\/\/weather-radar-live.com\/#organization","name":"weather-radar-live.com","url":"https:\/\/weather-radar-live.com\/","logo":{"@type":"ImageObject","inLanguage":"pt-BR","@id":"https:\/\/weather-radar-live.com\/#\/schema\/logo\/image\/","url":"https:\/\/weather-radar-live.com\/wp-content\/uploads\/2022\/03\/cropped-WRL2503.png","contentUrl":"https:\/\/weather-radar-live.com\/wp-content\/uploads\/2022\/03\/cropped-WRL2503.png","width":1920,"height":555,"caption":"weather-radar-live.com"},"image":{"@id":"https:\/\/weather-radar-live.com\/#\/schema\/logo\/image\/"}}]}},"_links":{"self":[{"href":"https:\/\/weather-radar-live.com\/pt-br\/wp-json\/wp\/v2\/pages\/757","targetHints":{"allow":["GET"]}}],"collection":[{"href":"https:\/\/weather-radar-live.com\/pt-br\/wp-json\/wp\/v2\/pages"}],"about":[{"href":"https:\/\/weather-radar-live.com\/pt-br\/wp-json\/wp\/v2\/types\/page"}],"author":[{"embeddable":true,"href":"https:\/\/weather-radar-live.com\/pt-br\/wp-json\/wp\/v2\/users\/1"}],"replies":[{"embeddable":true,"href":"https:\/\/weather-radar-live.com\/pt-br\/wp-json\/wp\/v2\/comments?post=757"}],"version-history":[{"count":9,"href":"https:\/\/weather-radar-live.com\/pt-br\/wp-json\/wp\/v2\/pages\/757\/revisions"}],"predecessor-version":[{"id":4110,"href":"https:\/\/weather-radar-live.com\/pt-br\/wp-json\/wp\/v2\/pages\/757\/revisions\/4110"}],"wp:featuredmedia":[{"embeddable":true,"href":"https:\/\/weather-radar-live.com\/pt-br\/wp-json\/wp\/v2\/media\/344"}],"wp:attachment":[{"href":"https:\/\/weather-radar-live.com\/pt-br\/wp-json\/wp\/v2\/media?parent=757"}],"curies":[{"name":"wp","href":"https:\/\/api.w.org\/{rel}","templated":true}]}}