{"id":7415,"date":"2022-08-26T23:15:10","date_gmt":"2022-08-26T21:15:10","guid":{"rendered":"https:\/\/weather-radar-live.com\/?page_id=7415"},"modified":"2022-08-26T23:16:21","modified_gmt":"2022-08-26T21:16:21","slug":"webcam-madonna-di-campiglio","status":"publish","type":"page","link":"https:\/\/weather-radar-live.com\/pt-br\/webcam\/italia\/webcam-madonna-di-campiglio\/","title":{"rendered":"Webcam Madonna di Campiglio"},"content":{"rendered":"<div id=\"weath-301571104\" class=\"weath-vor-dem-inhalt weath-entity-placement\" style=\"margin-top: 15px;margin-right: 25px;margin-bottom: 40px;margin-left: 25px;\"><script async src=\"\/\/pagead2.googlesyndication.com\/pagead\/js\/adsbygoogle.js?client=ca-pub-8960936133935804\" crossorigin=\"anonymous\"><\/script><ins class=\"adsbygoogle\" style=\"display:block;\" data-ad-client=\"ca-pub-8960936133935804\" \ndata-ad-slot=\"6172817020\" \ndata-ad-format=\"auto\"><\/ins>\n<script> \n(adsbygoogle = window.adsbygoogle || []).push({}); \n<\/script>\n<\/div>\n<div class=\"wp-block-cover alignfull is-light\"><span aria-hidden=\"true\" class=\"wp-block-cover__gradient-background has-background-dim\"><\/span><img decoding=\"async\" class=\"wp-block-cover__image-background wp-image-342\" alt=\"Webcam Madonna di Campiglio\" src=\"https:\/\/weather-radar-live.com\/wp-content\/uploads\/2021\/06\/sam-schooler-E9aetBe2w40-unsplash-e1622554814366.jpg\" data-object-fit=\"cover\"\/><div class=\"wp-block-cover__inner-container is-layout-flow wp-block-cover-is-layout-flow\">\n<h2 class=\"has-text-align-center heading wp-block-heading\" id=\"webcam-fort-mahon\" style=\"font-size:40px;text-transform:uppercase\"><strong><mark style=\"background-color:rgba(0, 0, 0, 0)\" class=\"has-inline-color has-base-3-color\">WEBCAM <\/mark><\/strong><br><strong><mark style=\"background-color:rgba(0, 0, 0, 0)\" class=\"has-inline-color has-base-3-color\">MADONNA DI CAMPIGLIO<\/mark><\/strong><\/h2>\n<\/div><\/div>\n\n\n<div class=\"yoast-breadcrumbs\"><span><span><a href=\"https:\/\/weather-radar-live.com\/pt-br\/\">Weather Radar Live<\/a><\/span> \u00bb <span><a href=\"https:\/\/weather-radar-live.com\/pt-br\/webcam\/\">Webcam<\/a><\/span> \u00bb <span><a href=\"https:\/\/weather-radar-live.com\/pt-br\/webcam\/italia\/\">It\u00e1lia<\/a><\/span> \u00bb <span class=\"breadcrumb_last\" aria-current=\"page\"><strong>Webcam Madonna di Campiglio<\/strong><\/span><\/span><\/div>\n\n\n<h2 class=\"has-text-align-center wp-block-heading\" id=\"webcam-fort-mahon\"><strong>Webcam Madonna di Campiglio<\/strong><\/h2>\n\n\n\n<p>A cidade de Madonna di Campiglio est\u00e1 localizada a 60 km ao norte, em linha reta, do Lago Garda e a 30 km a noroeste de Trento. Entre o grupo Brenta e o grupo Adamello-Presanella, coberto de geleiras, a cidade italiana est\u00e1 situada na pitoresca bacia do vale, protegida do vento norte a 1.550 metros. Mergulhe na deslumbrante paisagem de montanha da cidade com nossa webcam Madonna di Campiglio e conven\u00e7a-se do panorama de sonho.<\/p>\n\n\n\n<p>Gra\u00e7as \u00e0 sua localiza\u00e7\u00e3o \u00fanica no meio das Dolomitas Brenta, que foram declaradas Patrim\u00f4nio Mundial da UNESCO, Madonna di Campiglio \u00e9 tamb\u00e9m muitas vezes referida como a P\u00e9rola das Dolomitas. Fa\u00e7a uma viagem \u00e0s Dolomitas Brenta da UNESCO e deixe-se encantar pela flora e fauna \u00fanicas no meio de uma bela paisagem montanhosa.<\/p><div id=\"weath-3710514371\" class=\"weath-inhalt_2 weath-entity-placement\" style=\"margin-top: 15px;margin-right: 25px;margin-bottom: 35px;margin-left: 25px;\"><script async src=\"\/\/pagead2.googlesyndication.com\/pagead\/js\/adsbygoogle.js?client=ca-pub-8960936133935804\" crossorigin=\"anonymous\"><\/script><ins class=\"adsbygoogle\" style=\"display:block;\" data-ad-client=\"ca-pub-8960936133935804\" \ndata-ad-slot=\"1963584050\" \ndata-ad-format=\"auto\"><\/ins>\n<script> \n(adsbygoogle = window.adsbygoogle || []).push({}); \n<\/script>\n<\/div>\n\n\n\n<div class=\"wp-block-columns is-layout-flex wp-container-core-columns-is-layout-9d6595d7 wp-block-columns-is-layout-flex\">\n<div class=\"wp-block-column webcam-column is-layout-flow wp-block-column-is-layout-flow\">\n<h3 class=\"has-text-align-center wp-block-heading\"> \ud83d\udd34 <strong>Webcam<\/strong> <strong><strong><strong>Madonna di Campiglio<\/strong><\/strong><\/strong> &#8211; Passo Grost\u00e8<\/h3>\n\n\n\n<a name=\"windy-webcam-timelapse-player\" data-id=\"1450743056\" data-play=\"day\" href=\"https:\/\/windy.com\/webcams\/1450743056\" target=\"_blank\" rel=\"noopener\">Madonna di Campiglio: Cadeira elevat\u00f3ria Grost\u00e8 &#8211; esta\u00e7\u00e3o do vale, Dolomiti di Brenta<\/a><script async=\"\" type=\"text\/javascript\" src=\"https:\/\/webcams.windy.com\/webcams\/public\/embed\/script\/player.js\"><\/script>\n<\/div>\n\n\n\n<div class=\"wp-block-column webcam-column is-layout-flow wp-block-column-is-layout-flow\">\n<h3 class=\"has-text-align-center wp-block-heading\"> \ud83d\udd34 <strong>Webcam Madonna di Campiglio<\/strong> &#8211; esta\u00e7\u00e3o do vale<\/h3>\n\n\n\n<a name=\"windy-webcam-timelapse-player\" data-id=\"1452643909\" data-play=\"day\" href=\"https:\/\/windy.com\/webcams\/1452643909\" target=\"_blank\" rel=\"noopener\">Madonna di Campiglio: Telecadeira Grost\u00e8 &#8211; esta\u00e7\u00e3o do vale<\/a><script async=\"\" type=\"text\/javascript\" src=\"https:\/\/webcams.windy.com\/webcams\/public\/embed\/script\/player.js\"><\/script>\n<\/div>\n<\/div>\n\n\n\n<div class=\"wp-block-columns is-layout-flex wp-container-core-columns-is-layout-9d6595d7 wp-block-columns-is-layout-flex\">\n<div class=\"wp-block-column webcam-column is-layout-flow wp-block-column-is-layout-flow\">\n<h3 class=\"has-text-align-center wp-block-heading\"> \ud83d\udd34 <strong>Webcam<\/strong> <strong><strong><strong>Madonna di Campiglio<\/strong><\/strong><\/strong> &#8211; Rifugio Graffer<\/h3>\n\n\n\n<a name=\"windy-webcam-timelapse-player\" data-id=\"1447891873\" data-play=\"day\" href=\"https:\/\/windy.com\/webcams\/1447891873\" target=\"_blank\" rel=\"noopener\">Madonna di Campiglio: Telecadeira Grost\u00e8 &#8211; esta\u00e7\u00e3o do vale, Rifugio Graffer<\/a><script async=\"\" type=\"text\/javascript\" src=\"https:\/\/webcams.windy.com\/webcams\/public\/embed\/script\/player.js\"><\/script>\n<\/div>\n\n\n\n<div class=\"wp-block-column webcam-column is-layout-flow wp-block-column-is-layout-flow\">\n<h3 class=\"has-text-align-center wp-block-heading\"> \ud83d\udd34 <strong>Webcam Madonna di Campiglio<\/strong> &#8211; Groste<\/h3>\n\n\n\n<a name=\"windy-webcam-timelapse-player\" data-id=\"1592498103\" data-play=\"day\" href=\"https:\/\/windy.com\/webcams\/1592498103\" target=\"_blank\" rel=\"noopener\">Tre Ville: Madonna di Campiglio &#8211; Groste<\/a><script async=\"\" type=\"text\/javascript\" src=\"https:\/\/webcams.windy.com\/webcams\/public\/embed\/script\/player.js\"><\/script>\n<\/div>\n<\/div>\n\n\n\n<div class=\"wp-block-columns is-layout-flex wp-container-core-columns-is-layout-9d6595d7 wp-block-columns-is-layout-flex\">\n<div class=\"wp-block-column is-layout-flow wp-block-column-is-layout-flow\" style=\"flex-basis:25%\"><\/div>\n\n\n\n<div class=\"wp-block-column webcam-column is-layout-flow wp-block-column-is-layout-flow\">\n<h3 class=\"has-text-align-center wp-block-heading\"> \ud83d\udd34 <strong>Webcam <strong><strong><strong>Madonna di Campiglio<\/strong><\/strong><\/strong><\/strong> &#8211; Snowpark<\/h3>\n\n\n\n<a name=\"windy-webcam-timelapse-player\" data-id=\"1320675976\" data-play=\"day\" href=\"https:\/\/windy.com\/webcams\/1320675976\" target=\"_blank\" rel=\"noopener\">Pinzolo: Snowpark Madonna di Campiglio<\/a><script async=\"\" type=\"text\/javascript\" src=\"https:\/\/webcams.windy.com\/webcams\/public\/embed\/script\/player.js\"><\/script>\n<\/div>\n\n\n\n<div class=\"wp-block-column is-layout-flow wp-block-column-is-layout-flow\" style=\"flex-basis:25%\"><\/div>\n<\/div>\n\n\n\n<h2 class=\"wp-block-heading\" id=\"fort-mahon-today\"><strong>Weather radar Madonna di Campiglio &#8211; O tempo em Madonna di Campiglio<\/strong><\/h2>\n\n\n\n<p>Com nossa webcam Madonna di Campiglio o senhor ser\u00e1 informado em tempo real sobre as condi\u00e7\u00f5es clim\u00e1ticas atuais no local. As imagens ao vivo de nossas webcams s\u00e3o complementadas por nosso radar meteorol\u00f3gico, que lhe fornece mais informa\u00e7\u00f5es sobre a previs\u00e3o do tempo atual e as \u00e1reas de precipita\u00e7\u00e3o. Todas as \u00e1reas de precipita\u00e7\u00e3o s\u00e3o marcadas em cores diferentes, dependendo de sua intensidade. As \u00e1reas azuis e verdes indicam baixa precipita\u00e7\u00e3o, enquanto as \u00e1reas roxas e vermelhas significam precipita\u00e7\u00e3o pesada com poss\u00edvel potencial de tempestade. Al\u00e9m disso, o radar meteorol\u00f3gico mostra todas as trovoadas com pequenos s\u00edmbolos de rel\u00e2mpagos. Portanto, com nosso radar meteorol\u00f3gico e nossas webcams, o senhor sempre sabe o melhor sobre as condi\u00e7\u00f5es meteorol\u00f3gicas atuais em Madonna di Campiglio.<\/p>\n\n\n\n<div class=\"wp-block-columns is-layout-flex wp-container-core-columns-is-layout-9d6595d7 wp-block-columns-is-layout-flex\">\n<div class=\"wp-block-column is-layout-flow wp-block-column-is-layout-flow\" style=\"flex-basis:75%\">\n<iframe loading=\"lazy\" width=\"1300\" height=\"502\" src=\"https:\/\/embed.windy.com\/embed2.html?lat=46.219&amp;lon=10.785&amp;detailLat=46.219&amp;detailLon=10.785&amp;width=1300&amp;height=502&amp;zoom=11&amp;level=surface&amp;overlay=rain&amp;product=ecmwf&amp;menu=&amp;message=&amp;marker=&amp;calendar=now&amp;pressure=&amp;type=map&amp;location=coordinates&amp;detail=&amp;metricWind=default&amp;metricTemp=default&amp;radarRange=-1\" frameborder=\"0\"><\/iframe>\n<\/div>\n\n\n\n<div class=\"wp-block-column is-layout-flow wp-block-column-is-layout-flow\" style=\"flex-basis:25%\">\n<a class=\"weatherwidget-io\" href=\"https:\/\/forecast7.com\/pt\/46d2310d83\/madonna-di-campiglio\/\" data-label_1=\"MADONNA DI CAMPIGLIO\" data-theme=\"original\" >MADONNA DI CAMPIGLIO<\/a>\n<script>\n!function(d,s,id){var js,fjs=d.getElementsByTagName(s)[0];if(!d.getElementById(id)){js=d.createElement(s);js.id=id;js.src='https:\/\/weatherwidget.io\/js\/widget.min.js';fjs.parentNode.insertBefore(js,fjs);}}(document,'script','weatherwidget-io-js');\n<\/script>\n<\/div>\n<\/div>\n\n\n\n<h2 class=\"wp-block-heading\" id=\"fort-mahon-weather\"><strong>O clima em Madonna di Campiglio<\/strong><\/h2>\n\n\n\n<p>Madonna di Campiglio se caracteriza por seu clima continental, com uma temperatura m\u00e9dia anual de 9\u00b0C. Durante os meses de ver\u00e3o ela se torna agradavelmente quente, com a temperatura m\u00e1xima m\u00e9dia em julho sendo de 20\u00b0C. Os meses de inverno, por outro lado, s\u00e3o frios, com temperaturas aqui caindo a uma m\u00e9dia de -1\u00b0C em janeiro. A precipita\u00e7\u00e3o \u00e9 de cerca de 731 mil\u00edmetros por ano, sendo os meses de junho a setembro os de menor precipita\u00e7\u00e3o. Al\u00e9m disso, como \u00e9 muito suave e agrad\u00e1vel durante esse per\u00edodo, esta \u00e9 a melhor \u00e9poca para viajar.<\/p>\n\n\n\n<h2 class=\"wp-block-heading\"><strong>Atra\u00e7\u00f5es em Madonna di Campiglio<\/strong><\/h2>\n\n\n\n<p>Gra\u00e7as \u00e0s suas numerosas instala\u00e7\u00f5es de esportes de inverno, a Madonna di Campiglio \u00e9 uma est\u00e2ncia popular para todos os entusiastas dos esportes de inverno. A maior \u00e1rea de esqui da regi\u00e3o do Trentino o aguarda no meio da magn\u00edfica Brenta Dolomites. O senhor ter\u00e1 uma vista inesquec\u00edvel com o telef\u00e9rico panor\u00e2mico Pinzolo-Camiglio-Express, que liga as \u00e1reas de esqui de Madonna di Campiglio com as pistas vizinhas de Pinzolo e Folgarida-Marilleva. Aguardem com expectativa 100 pistas com mais de 150 km de extens\u00e3o, bem como cinco parques de neve que prometem ao senhor umas f\u00e9rias de inverno inesquec\u00edveis na neve. Mas tamb\u00e9m no ver\u00e3o Madonna di Campiglio tem tudo a oferecer que o cora\u00e7\u00e3o do esportista deseja. Desfrute do fant\u00e1stico panorama de montanha nas numerosas trilhas de caminhada e rotas de mountain bike ou desafie a emo\u00e7\u00e3o do parapente e do rafting.<\/p>\n","protected":false},"excerpt":{"rendered":"<p>Webcam Madonna di Campiglio A cidade de Madonna di Campiglio est\u00e1 localizada a 60 km ao norte, em linha reta, do Lago Garda e a 30 km a noroeste de Trento. Entre o grupo Brenta e o grupo Adamello-Presanella, coberto de geleiras, a cidade italiana est\u00e1 situada na pitoresca bacia do vale, protegida do vento &#8230; <a title=\"Webcam Madonna di Campiglio\" class=\"read-more\" href=\"https:\/\/weather-radar-live.com\/pt-br\/webcam\/italia\/webcam-madonna-di-campiglio\/\" aria-label=\"Read more about Webcam Madonna di Campiglio\">Ler mais<\/a><\/p>\n","protected":false},"author":1,"featured_media":7404,"parent":4311,"menu_order":0,"comment_status":"closed","ping_status":"closed","template":"","meta":{"footnotes":""},"class_list":["post-7415","page","type-page","status-publish","has-post-thumbnail"],"yoast_head":"<!-- This site is optimized with the Yoast SEO plugin v27.5 - https:\/\/yoast.com\/product\/yoast-seo-wordpress\/ -->\n<title>Webcam Madonna di Campiglio \u2192 Assista-o ao vivo!<\/title>\n<meta name=\"description\" content=\"| Livecam de Madonna di Campiglio! \u2705 Atualizado para voc\u00ea em tempo real! \u2705 Previs\u00e3o do tempo atual!\" \/>\n<meta name=\"robots\" content=\"index, follow, max-snippet:-1, max-image-preview:large, max-video-preview:-1\" \/>\n<link rel=\"canonical\" href=\"https:\/\/weather-radar-live.com\/pt-br\/webcam\/italia\/webcam-madonna-di-campiglio\/\" \/>\n<meta property=\"og:locale\" content=\"pt_BR\" \/>\n<meta property=\"og:type\" content=\"article\" \/>\n<meta property=\"og:title\" content=\"Webcam Madonna di Campiglio \u2192 Assista-o ao vivo!\" \/>\n<meta property=\"og:description\" content=\"| Livecam de Madonna di Campiglio! \u2705 Atualizado para voc\u00ea em tempo real! \u2705 Previs\u00e3o do tempo atual!\" \/>\n<meta property=\"og:url\" content=\"https:\/\/weather-radar-live.com\/pt-br\/webcam\/italia\/webcam-madonna-di-campiglio\/\" \/>\n<meta property=\"og:site_name\" content=\"weather-radar-live.com\" \/>\n<meta property=\"article:modified_time\" content=\"2022-08-26T21:16:21+00:00\" \/>\n<meta property=\"og:image\" content=\"https:\/\/weather-radar-live.com\/wp-content\/uploads\/2022\/08\/Webcam-Madonna-di-Campiglio-e1661500782182.jpg\" \/>\n\t<meta property=\"og:image:width\" content=\"1908\" \/>\n\t<meta property=\"og:image:height\" content=\"722\" \/>\n\t<meta property=\"og:image:type\" content=\"image\/jpeg\" \/>\n<meta name=\"twitter:card\" content=\"summary_large_image\" \/>\n<meta name=\"twitter:label1\" content=\"Est. tempo de leitura\" \/>\n\t<meta name=\"twitter:data1\" content=\"3 minutos\" \/>\n<script type=\"application\/ld+json\" class=\"yoast-schema-graph\">{\"@context\":\"https:\\\/\\\/schema.org\",\"@graph\":[{\"@type\":\"WebPage\",\"@id\":\"https:\\\/\\\/weather-radar-live.com\\\/pt-br\\\/webcam\\\/italia\\\/webcam-madonna-di-campiglio\\\/\",\"url\":\"https:\\\/\\\/weather-radar-live.com\\\/pt-br\\\/webcam\\\/italia\\\/webcam-madonna-di-campiglio\\\/\",\"name\":\"Webcam Madonna di Campiglio \u2192 Assista-o ao vivo!\",\"isPartOf\":{\"@id\":\"https:\\\/\\\/weather-radar-live.com\\\/#website\"},\"primaryImageOfPage\":{\"@id\":\"https:\\\/\\\/weather-radar-live.com\\\/pt-br\\\/webcam\\\/italia\\\/webcam-madonna-di-campiglio\\\/#primaryimage\"},\"image\":{\"@id\":\"https:\\\/\\\/weather-radar-live.com\\\/pt-br\\\/webcam\\\/italia\\\/webcam-madonna-di-campiglio\\\/#primaryimage\"},\"thumbnailUrl\":\"https:\\\/\\\/weather-radar-live.com\\\/wp-content\\\/uploads\\\/2022\\\/08\\\/Webcam-Madonna-di-Campiglio-e1661500782182.jpg\",\"datePublished\":\"2022-08-26T21:15:10+00:00\",\"dateModified\":\"2022-08-26T21:16:21+00:00\",\"description\":\"| Livecam de Madonna di Campiglio! \u2705 Atualizado para voc\u00ea em tempo real! \u2705 Previs\u00e3o do tempo atual!\",\"breadcrumb\":{\"@id\":\"https:\\\/\\\/weather-radar-live.com\\\/pt-br\\\/webcam\\\/italia\\\/webcam-madonna-di-campiglio\\\/#breadcrumb\"},\"inLanguage\":\"pt-BR\",\"potentialAction\":[{\"@type\":\"ReadAction\",\"target\":[\"https:\\\/\\\/weather-radar-live.com\\\/pt-br\\\/webcam\\\/italia\\\/webcam-madonna-di-campiglio\\\/\"]}]},{\"@type\":\"ImageObject\",\"inLanguage\":\"pt-BR\",\"@id\":\"https:\\\/\\\/weather-radar-live.com\\\/pt-br\\\/webcam\\\/italia\\\/webcam-madonna-di-campiglio\\\/#primaryimage\",\"url\":\"https:\\\/\\\/weather-radar-live.com\\\/wp-content\\\/uploads\\\/2022\\\/08\\\/Webcam-Madonna-di-Campiglio-e1661500782182.jpg\",\"contentUrl\":\"https:\\\/\\\/weather-radar-live.com\\\/wp-content\\\/uploads\\\/2022\\\/08\\\/Webcam-Madonna-di-Campiglio-e1661500782182.jpg\",\"width\":1908,\"height\":722,\"caption\":\"Webcam Madonna di Campiglio\"},{\"@type\":\"BreadcrumbList\",\"@id\":\"https:\\\/\\\/weather-radar-live.com\\\/pt-br\\\/webcam\\\/italia\\\/webcam-madonna-di-campiglio\\\/#breadcrumb\",\"itemListElement\":[{\"@type\":\"ListItem\",\"position\":1,\"name\":\"Weather Radar Live\",\"item\":\"https:\\\/\\\/weather-radar-live.com\\\/pt-br\\\/\"},{\"@type\":\"ListItem\",\"position\":2,\"name\":\"Webcam\",\"item\":\"https:\\\/\\\/weather-radar-live.com\\\/pt-br\\\/webcam\\\/\"},{\"@type\":\"ListItem\",\"position\":3,\"name\":\"It\u00e1lia\",\"item\":\"https:\\\/\\\/weather-radar-live.com\\\/pt-br\\\/webcam\\\/italia\\\/\"},{\"@type\":\"ListItem\",\"position\":4,\"name\":\"Webcam Madonna di Campiglio\"}]},{\"@type\":\"WebSite\",\"@id\":\"https:\\\/\\\/weather-radar-live.com\\\/#website\",\"url\":\"https:\\\/\\\/weather-radar-live.com\\\/\",\"name\":\"weather-radar-live.com\",\"description\":\"Your weather and sky radar.\",\"publisher\":{\"@id\":\"https:\\\/\\\/weather-radar-live.com\\\/#organization\"},\"potentialAction\":[{\"@type\":\"SearchAction\",\"target\":{\"@type\":\"EntryPoint\",\"urlTemplate\":\"https:\\\/\\\/weather-radar-live.com\\\/?s={search_term_string}\"},\"query-input\":{\"@type\":\"PropertyValueSpecification\",\"valueRequired\":true,\"valueName\":\"search_term_string\"}}],\"inLanguage\":\"pt-BR\"},{\"@type\":\"Organization\",\"@id\":\"https:\\\/\\\/weather-radar-live.com\\\/#organization\",\"name\":\"weather-radar-live.com\",\"url\":\"https:\\\/\\\/weather-radar-live.com\\\/\",\"logo\":{\"@type\":\"ImageObject\",\"inLanguage\":\"pt-BR\",\"@id\":\"https:\\\/\\\/weather-radar-live.com\\\/#\\\/schema\\\/logo\\\/image\\\/\",\"url\":\"https:\\\/\\\/weather-radar-live.com\\\/wp-content\\\/uploads\\\/2022\\\/03\\\/cropped-WRL2503.png\",\"contentUrl\":\"https:\\\/\\\/weather-radar-live.com\\\/wp-content\\\/uploads\\\/2022\\\/03\\\/cropped-WRL2503.png\",\"width\":1920,\"height\":555,\"caption\":\"weather-radar-live.com\"},\"image\":{\"@id\":\"https:\\\/\\\/weather-radar-live.com\\\/#\\\/schema\\\/logo\\\/image\\\/\"}}]}<\/script>\n<!-- \/ Yoast SEO plugin. -->","yoast_head_json":{"title":"Webcam Madonna di Campiglio \u2192 Assista-o ao vivo!","description":"| Livecam de Madonna di Campiglio! \u2705 Atualizado para voc\u00ea em tempo real! \u2705 Previs\u00e3o do tempo atual!","robots":{"index":"index","follow":"follow","max-snippet":"max-snippet:-1","max-image-preview":"max-image-preview:large","max-video-preview":"max-video-preview:-1"},"canonical":"https:\/\/weather-radar-live.com\/pt-br\/webcam\/italia\/webcam-madonna-di-campiglio\/","og_locale":"pt_BR","og_type":"article","og_title":"Webcam Madonna di Campiglio \u2192 Assista-o ao vivo!","og_description":"| Livecam de Madonna di Campiglio! \u2705 Atualizado para voc\u00ea em tempo real! \u2705 Previs\u00e3o do tempo atual!","og_url":"https:\/\/weather-radar-live.com\/pt-br\/webcam\/italia\/webcam-madonna-di-campiglio\/","og_site_name":"weather-radar-live.com","article_modified_time":"2022-08-26T21:16:21+00:00","og_image":[{"width":1908,"height":722,"url":"https:\/\/weather-radar-live.com\/wp-content\/uploads\/2022\/08\/Webcam-Madonna-di-Campiglio-e1661500782182.jpg","type":"image\/jpeg"}],"twitter_card":"summary_large_image","twitter_misc":{"Est. tempo de leitura":"3 minutos"},"schema":{"@context":"https:\/\/schema.org","@graph":[{"@type":"WebPage","@id":"https:\/\/weather-radar-live.com\/pt-br\/webcam\/italia\/webcam-madonna-di-campiglio\/","url":"https:\/\/weather-radar-live.com\/pt-br\/webcam\/italia\/webcam-madonna-di-campiglio\/","name":"Webcam Madonna di Campiglio \u2192 Assista-o ao vivo!","isPartOf":{"@id":"https:\/\/weather-radar-live.com\/#website"},"primaryImageOfPage":{"@id":"https:\/\/weather-radar-live.com\/pt-br\/webcam\/italia\/webcam-madonna-di-campiglio\/#primaryimage"},"image":{"@id":"https:\/\/weather-radar-live.com\/pt-br\/webcam\/italia\/webcam-madonna-di-campiglio\/#primaryimage"},"thumbnailUrl":"https:\/\/weather-radar-live.com\/wp-content\/uploads\/2022\/08\/Webcam-Madonna-di-Campiglio-e1661500782182.jpg","datePublished":"2022-08-26T21:15:10+00:00","dateModified":"2022-08-26T21:16:21+00:00","description":"| Livecam de Madonna di Campiglio! \u2705 Atualizado para voc\u00ea em tempo real! \u2705 Previs\u00e3o do tempo atual!","breadcrumb":{"@id":"https:\/\/weather-radar-live.com\/pt-br\/webcam\/italia\/webcam-madonna-di-campiglio\/#breadcrumb"},"inLanguage":"pt-BR","potentialAction":[{"@type":"ReadAction","target":["https:\/\/weather-radar-live.com\/pt-br\/webcam\/italia\/webcam-madonna-di-campiglio\/"]}]},{"@type":"ImageObject","inLanguage":"pt-BR","@id":"https:\/\/weather-radar-live.com\/pt-br\/webcam\/italia\/webcam-madonna-di-campiglio\/#primaryimage","url":"https:\/\/weather-radar-live.com\/wp-content\/uploads\/2022\/08\/Webcam-Madonna-di-Campiglio-e1661500782182.jpg","contentUrl":"https:\/\/weather-radar-live.com\/wp-content\/uploads\/2022\/08\/Webcam-Madonna-di-Campiglio-e1661500782182.jpg","width":1908,"height":722,"caption":"Webcam Madonna di Campiglio"},{"@type":"BreadcrumbList","@id":"https:\/\/weather-radar-live.com\/pt-br\/webcam\/italia\/webcam-madonna-di-campiglio\/#breadcrumb","itemListElement":[{"@type":"ListItem","position":1,"name":"Weather Radar Live","item":"https:\/\/weather-radar-live.com\/pt-br\/"},{"@type":"ListItem","position":2,"name":"Webcam","item":"https:\/\/weather-radar-live.com\/pt-br\/webcam\/"},{"@type":"ListItem","position":3,"name":"It\u00e1lia","item":"https:\/\/weather-radar-live.com\/pt-br\/webcam\/italia\/"},{"@type":"ListItem","position":4,"name":"Webcam Madonna di Campiglio"}]},{"@type":"WebSite","@id":"https:\/\/weather-radar-live.com\/#website","url":"https:\/\/weather-radar-live.com\/","name":"weather-radar-live.com","description":"Your weather and sky radar.","publisher":{"@id":"https:\/\/weather-radar-live.com\/#organization"},"potentialAction":[{"@type":"SearchAction","target":{"@type":"EntryPoint","urlTemplate":"https:\/\/weather-radar-live.com\/?s={search_term_string}"},"query-input":{"@type":"PropertyValueSpecification","valueRequired":true,"valueName":"search_term_string"}}],"inLanguage":"pt-BR"},{"@type":"Organization","@id":"https:\/\/weather-radar-live.com\/#organization","name":"weather-radar-live.com","url":"https:\/\/weather-radar-live.com\/","logo":{"@type":"ImageObject","inLanguage":"pt-BR","@id":"https:\/\/weather-radar-live.com\/#\/schema\/logo\/image\/","url":"https:\/\/weather-radar-live.com\/wp-content\/uploads\/2022\/03\/cropped-WRL2503.png","contentUrl":"https:\/\/weather-radar-live.com\/wp-content\/uploads\/2022\/03\/cropped-WRL2503.png","width":1920,"height":555,"caption":"weather-radar-live.com"},"image":{"@id":"https:\/\/weather-radar-live.com\/#\/schema\/logo\/image\/"}}]}},"_links":{"self":[{"href":"https:\/\/weather-radar-live.com\/pt-br\/wp-json\/wp\/v2\/pages\/7415","targetHints":{"allow":["GET"]}}],"collection":[{"href":"https:\/\/weather-radar-live.com\/pt-br\/wp-json\/wp\/v2\/pages"}],"about":[{"href":"https:\/\/weather-radar-live.com\/pt-br\/wp-json\/wp\/v2\/types\/page"}],"author":[{"embeddable":true,"href":"https:\/\/weather-radar-live.com\/pt-br\/wp-json\/wp\/v2\/users\/1"}],"replies":[{"embeddable":true,"href":"https:\/\/weather-radar-live.com\/pt-br\/wp-json\/wp\/v2\/comments?post=7415"}],"version-history":[{"count":2,"href":"https:\/\/weather-radar-live.com\/pt-br\/wp-json\/wp\/v2\/pages\/7415\/revisions"}],"predecessor-version":[{"id":7435,"href":"https:\/\/weather-radar-live.com\/pt-br\/wp-json\/wp\/v2\/pages\/7415\/revisions\/7435"}],"up":[{"embeddable":true,"href":"https:\/\/weather-radar-live.com\/pt-br\/wp-json\/wp\/v2\/pages\/4311"}],"wp:featuredmedia":[{"embeddable":true,"href":"https:\/\/weather-radar-live.com\/pt-br\/wp-json\/wp\/v2\/media\/7404"}],"wp:attachment":[{"href":"https:\/\/weather-radar-live.com\/pt-br\/wp-json\/wp\/v2\/media?parent=7415"}],"curies":[{"name":"wp","href":"https:\/\/api.w.org\/{rel}","templated":true}]}}