{"id":7321,"date":"2022-08-25T22:35:38","date_gmt":"2022-08-25T20:35:38","guid":{"rendered":"https:\/\/weather-radar-live.com\/?page_id=7321"},"modified":"2022-08-25T22:38:55","modified_gmt":"2022-08-25T20:38:55","slug":"webcam-arabba","status":"publish","type":"page","link":"https:\/\/weather-radar-live.com\/pt-br\/webcam\/italia\/webcam-arabba\/","title":{"rendered":"Webcam Arabba"},"content":{"rendered":"<div id=\"weath-2292720552\" class=\"weath-vor-dem-inhalt weath-entity-placement\" style=\"margin-top: 15px;margin-right: 25px;margin-bottom: 40px;margin-left: 25px;\"><script async src=\"\/\/pagead2.googlesyndication.com\/pagead\/js\/adsbygoogle.js?client=ca-pub-8960936133935804\" crossorigin=\"anonymous\"><\/script><ins class=\"adsbygoogle\" style=\"display:block;\" data-ad-client=\"ca-pub-8960936133935804\" \ndata-ad-slot=\"6172817020\" \ndata-ad-format=\"auto\"><\/ins>\n<script> \n(adsbygoogle = window.adsbygoogle || []).push({}); \n<\/script>\n<\/div>\n<div class=\"wp-block-cover alignfull is-light\"><span aria-hidden=\"true\" class=\"wp-block-cover__gradient-background has-background-dim\"><\/span><img decoding=\"async\" class=\"wp-block-cover__image-background wp-image-342\" alt=\"Webcam Arabba\" src=\"https:\/\/weather-radar-live.com\/wp-content\/uploads\/2021\/06\/sam-schooler-E9aetBe2w40-unsplash-e1622554814366.jpg\" data-object-fit=\"cover\"\/><div class=\"wp-block-cover__inner-container is-layout-flow wp-block-cover-is-layout-flow\">\n<h2 class=\"has-text-align-center heading wp-block-heading\" id=\"webcam-fort-mahon\" style=\"font-size:40px;text-transform:uppercase\"><strong><mark style=\"background-color:rgba(0, 0, 0, 0)\" class=\"has-inline-color has-base-3-color\">WEBCAM <\/mark><\/strong><br><strong><mark style=\"background-color:rgba(0, 0, 0, 0)\" class=\"has-inline-color has-base-3-color\">ARABBA<\/mark><\/strong><\/h2>\n<\/div><\/div>\n\n\n<div class=\"yoast-breadcrumbs\"><span><span><a href=\"https:\/\/weather-radar-live.com\/pt-br\/\">Weather Radar Live<\/a><\/span> \u00bb <span><a href=\"https:\/\/weather-radar-live.com\/pt-br\/webcam\/\">Webcam<\/a><\/span> \u00bb <span><a href=\"https:\/\/weather-radar-live.com\/pt-br\/webcam\/italia\/\">It\u00e1lia<\/a><\/span> \u00bb <span class=\"breadcrumb_last\" aria-current=\"page\"><strong>Webcam Arabba<\/strong><\/span><\/span><\/div>\n\n\n<h2 class=\"has-text-align-center wp-block-heading\" id=\"webcam-fort-mahon\"><strong>Webcam Arabba<\/strong><\/h2>\n\n\n\n<p>Cercado por picos da paisagem montanhosa designada pela UNESCO como Patrim\u00f4nio da Humanidade, Arabba, uma aldeia de montanha no Vale de Fodom, no meio dos Dolomitas, oferece um cen\u00e1rio de tirar o f\u00f4lego. Forma\u00e7\u00f5es rochosas \u00edngremes, prados floridos, florestas sombrias e picos cobertos de neve caracterizam a paisagem alpina. Aos p\u00e9s do maci\u00e7o de Sella e do Col di Lana, montanha de quase 2500 metros de altitude, o Arabba desafia o vento e o clima. Daqui o senhor pode admirar em paz a flora e a fauna espec\u00edficas da regi\u00e3o alpina. O senhor pode acompanhar o tempo atrav\u00e9s da webcam Arabba.<\/p>\n\n\n\n<p>V\u00e1rios caminhos levam atrav\u00e9s de florestas, ao longo de prados e riachos ou sobre passagens de montanhas at\u00e9 os picos. O senhor tamb\u00e9m pode encontrar marmotas e veados, que podem ser vistos aqui em seu habitat natural. A pequena cidade de Veneto e seus arredores \u00e9 considerada um para\u00edso para os entusiastas do esporte. Seja a p\u00e9 ou de bicicleta, o Arabba oferece numerosas oportunidades para respirar o ar da montanha italiana. As Dolomitas n\u00e3o s\u00e3o apenas belas, elas s\u00e3o um peda\u00e7o de natureza \u00fanica.<\/p><div id=\"weath-487353125\" class=\"weath-inhalt_2 weath-entity-placement\" style=\"margin-top: 15px;margin-right: 25px;margin-bottom: 35px;margin-left: 25px;\"><script async src=\"\/\/pagead2.googlesyndication.com\/pagead\/js\/adsbygoogle.js?client=ca-pub-8960936133935804\" crossorigin=\"anonymous\"><\/script><ins class=\"adsbygoogle\" style=\"display:block;\" data-ad-client=\"ca-pub-8960936133935804\" \ndata-ad-slot=\"1963584050\" \ndata-ad-format=\"auto\"><\/ins>\n<script> \n(adsbygoogle = window.adsbygoogle || []).push({}); \n<\/script>\n<\/div>\n\n\n\n<div class=\"wp-block-columns is-layout-flex wp-container-core-columns-is-layout-9d6595d7 wp-block-columns-is-layout-flex\">\n<div class=\"wp-block-column webcam-column is-layout-flow wp-block-column-is-layout-flow\">\n<h3 class=\"has-text-align-center wp-block-heading\"> \ud83d\udd34 <strong>Webcam<\/strong> <strong><strong><strong>Arabba<\/strong><\/strong><\/strong> &#8211; Marmolada<\/h3>\n\n\n\n<a name=\"windy-webcam-timelapse-player\" data-id=\"1642636249\" data-play=\"day\" href=\"https:\/\/windy.com\/webcams\/1642636249\" target=\"_blank\" rel=\"noopener\">Arabba: Marmolada &#8211; Rifugio Burz<\/a><script async=\"\" type=\"text\/javascript\" src=\"https:\/\/webcams.windy.com\/webcams\/public\/embed\/script\/player.js\"><\/script>\n<\/div>\n\n\n\n<div class=\"wp-block-column webcam-column is-layout-flow wp-block-column-is-layout-flow\">\n<h3 class=\"has-text-align-center wp-block-heading\"> \ud83d\udd34 <strong>Webcam <strong><strong>Arabba<\/strong><\/strong><\/strong> &#8211; Marmolada II<\/h3>\n\n\n\n<a name=\"windy-webcam-timelapse-player\" data-id=\"1642636262\" data-play=\"day\" href=\"https:\/\/windy.com\/webcams\/1642636262\" target=\"_blank\" rel=\"noopener\">Arabba: Marmolada &#8211; Rifugio Burz<\/a><script async=\"\" type=\"text\/javascript\" src=\"https:\/\/webcams.windy.com\/webcams\/public\/embed\/script\/player.js\"><\/script>\n<\/div>\n<\/div>\n\n\n\n<div class=\"wp-block-columns is-layout-flex wp-container-core-columns-is-layout-9d6595d7 wp-block-columns-is-layout-flex\">\n<div class=\"wp-block-column webcam-column is-layout-flow wp-block-column-is-layout-flow\">\n<h3 class=\"has-text-align-center wp-block-heading\"> \ud83d\udd34 <strong>Webcam<\/strong> <strong>Arabba<\/strong> &#8211; Marmolada III<\/h3>\n\n\n\n<a name=\"windy-webcam-timelapse-player\" data-id=\"1642636309\" data-play=\"day\" href=\"https:\/\/windy.com\/webcams\/1642636309\" target=\"_blank\" rel=\"noopener\">Arabba: Marmolada &#8211; Rifugio Burz<\/a><script async=\"\" type=\"text\/javascript\" src=\"https:\/\/webcams.windy.com\/webcams\/public\/embed\/script\/player.js\"><\/script>\n<\/div>\n\n\n\n<div class=\"wp-block-column webcam-column is-layout-flow wp-block-column-is-layout-flow\">\n<h3 class=\"has-text-align-center wp-block-heading\"> \ud83d\udd34 <strong>Webcam<\/strong> <strong>Arabba<\/strong> &#8211; Marmolada IV<\/h3>\n\n\n\n<a name=\"windy-webcam-timelapse-player\" data-id=\"1642636256\" data-play=\"day\" href=\"https:\/\/windy.com\/webcams\/1642636256\" target=\"_blank\" rel=\"noopener\">Arabba: Marmolada &#8211; Rifugio Burz<\/a><script async=\"\" type=\"text\/javascript\" src=\"https:\/\/webcams.windy.com\/webcams\/public\/embed\/script\/player.js\"><\/script>\n<\/div>\n<\/div>\n\n\n\n<div class=\"wp-block-columns is-layout-flex wp-container-core-columns-is-layout-9d6595d7 wp-block-columns-is-layout-flex\">\n<div class=\"wp-block-column webcam-column is-layout-flow wp-block-column-is-layout-flow\">\n<h3 class=\"has-text-align-center wp-block-heading\"> \ud83d\udd34 <strong>Webcam<\/strong> <strong>Arabba<\/strong> &#8211; Livinallongo del Col di Lana<\/h3>\n\n\n\n<a name=\"windy-webcam-timelapse-player\" data-id=\"1649951262\" data-play=\"day\" href=\"https:\/\/windy.com\/webcams\/1649951262\" target=\"_blank\" rel=\"noopener\">Livinallongo del Col di Lana<\/a><script async=\"\" type=\"text\/javascript\" src=\"https:\/\/webcams.windy.com\/webcams\/public\/embed\/script\/player.js\"><\/script>\n<\/div>\n\n\n\n<div class=\"wp-block-column webcam-column is-layout-flow wp-block-column-is-layout-flow\">\n<h3 class=\"has-text-align-center wp-block-heading\"> \ud83d\udd34 <strong>Webcam <strong><strong>Arabba<\/strong><\/strong><\/strong> &#8211; Porta Vescovo<\/h3>\n\n\n\n<a name=\"windy-webcam-timelapse-player\" data-id=\"1592498036\" data-play=\"day\" href=\"https:\/\/windy.com\/webcams\/1592498036\" target=\"_blank\" rel=\"noopener\">Snowboard: Arabba &#8211; Porta Vescovo<\/a><script async=\"\" type=\"text\/javascript\" src=\"https:\/\/webcams.windy.com\/webcams\/public\/embed\/script\/player.js\"><\/script>\n<\/div>\n<\/div>\n\n\n\n<h2 class=\"wp-block-heading\" id=\"fort-mahon-today\"><strong>Weather radar Arabba &#8211; O tempo em Arabba<\/strong><\/h2>\n\n\n\n<p>Uma visita aos Dolomitas pode ser felizmente acompanhada de um clima inst\u00e1vel. Para garantir que o senhor possa viajar com seguran\u00e7a durante sua estada, verifique a qualquer momento a webcam \u00e1rabe e o radar meteorol\u00f3gico correspondente para as condi\u00e7\u00f5es clim\u00e1ticas atuais no vilarejo de montanha. O senhor pode ver pela colora\u00e7\u00e3o onde o sol est\u00e1 brilhando neste momento ou onde se pode esperar precipita\u00e7\u00e3o na pr\u00f3xima hora ou duas. Vermelho e roxo indicam precipita\u00e7\u00e3o pesada, enquanto tons azuis e amarelos representam baixa quantidade de chuva.<\/p>\n\n\n\n<div class=\"wp-block-columns is-layout-flex wp-container-core-columns-is-layout-9d6595d7 wp-block-columns-is-layout-flex\">\n<div class=\"wp-block-column is-layout-flow wp-block-column-is-layout-flow\" style=\"flex-basis:75%\">\n<iframe loading=\"lazy\" width=\"1300\" height=\"502\" src=\"https:\/\/embed.windy.com\/embed2.html?lat=46.497&amp;lon=11.824&amp;detailLat=46.497&amp;detailLon=11.824&amp;width=1300&amp;height=502&amp;zoom=11&amp;level=surface&amp;overlay=rain&amp;product=ecmwf&amp;menu=&amp;message=&amp;marker=&amp;calendar=now&amp;pressure=&amp;type=map&amp;location=coordinates&amp;detail=&amp;metricWind=default&amp;metricTemp=default&amp;radarRange=-1\" frameborder=\"0\"><\/iframe>\n<\/div>\n\n\n\n<div class=\"wp-block-column is-layout-flow wp-block-column-is-layout-flow\" style=\"flex-basis:25%\">\n<a class=\"weatherwidget-io\" href=\"https:\/\/forecast7.com\/pt\/46d5011d87\/arabba\/\" data-label_1=\"ARABBA\" data-theme=\"original\" >ARABBA<\/a>\n<script>\n!function(d,s,id){var js,fjs=d.getElementsByTagName(s)[0];if(!d.getElementById(id)){js=d.createElement(s);js.id=id;js.src='https:\/\/weatherwidget.io\/js\/widget.min.js';fjs.parentNode.insertBefore(js,fjs);}}(document,'script','weatherwidget-io-js');\n<\/script>\n<\/div>\n<\/div>\n\n\n\n<h2 class=\"wp-block-heading\" id=\"fort-mahon-weather\"><strong>O clima em \u00e1rabe<\/strong><\/h2>\n\n\n\n<p>O Arabba est\u00e1 localizado no norte da It\u00e1lia e pertence \u00e0 zona clim\u00e1tica de Latitudes M\u00e9dias. O m\u00eas mais quente \u00e9 julho, quando as temperaturas diurnas atingem 29\u00b0Celsius. O m\u00eas mais frio \u00e9 janeiro, que tem temperaturas di\u00e1rias de cerca de 6 graus Celsius. A temperatura m\u00e9dia anual \u00e9 de 18 graus Celsius. A vegeta\u00e7\u00e3o dessa zona clim\u00e1tica \u00e9 semestral, com florestas dec\u00edduas e mistas. Na primavera, as plantas brotam frescas. No outono, aparece uma t\u00edpica descolora\u00e7\u00e3o da folhagem e queda das folhas.<\/p>\n\n\n\n<h2 class=\"wp-block-heading\"><strong>Atra\u00e7\u00f5es em Arabba<\/strong><\/h2>\n\n\n\n<p>O Arabba vale a pena ser visitado em qualquer \u00e9poca do ano. No ver\u00e3o, atividades como caminhadas, escalada, corrida de montanha ou passeios de bicicleta de montanha nas Dolomitas s\u00e3o convidativos. Excurs\u00f5es guiadas s\u00e3o oferecidas especialmente em \u00e1reas desafiadoras. No inverno \u00e9 poss\u00edvel esquiar e fazer snowboard, fazer snowshoeing ou escalada no gelo. Os eventos tamb\u00e9m acontecem durante todo o ano. Planeje sua excurs\u00e3o com uma vista do tempo atrav\u00e9s da webcam \u00e1rabe. O Castelo de Andraz, o Museu Ladin, os monumentos, as igrejas e capelas, o Antigo Moinho, o museu e o memorial no Passo Pordoi s\u00e3o pontos tur\u00edsticos muito especiais da regi\u00e3o.<\/p>\n","protected":false},"excerpt":{"rendered":"<p>Webcam Arabba Cercado por picos da paisagem montanhosa designada pela UNESCO como Patrim\u00f4nio da Humanidade, Arabba, uma aldeia de montanha no Vale de Fodom, no meio dos Dolomitas, oferece um cen\u00e1rio de tirar o f\u00f4lego. Forma\u00e7\u00f5es rochosas \u00edngremes, prados floridos, florestas sombrias e picos cobertos de neve caracterizam a paisagem alpina. Aos p\u00e9s do maci\u00e7o &#8230; <a title=\"Webcam Arabba\" class=\"read-more\" href=\"https:\/\/weather-radar-live.com\/pt-br\/webcam\/italia\/webcam-arabba\/\" aria-label=\"Read more about Webcam Arabba\">Ler mais<\/a><\/p>\n","protected":false},"author":1,"featured_media":7269,"parent":4311,"menu_order":0,"comment_status":"closed","ping_status":"closed","template":"","meta":{"footnotes":""},"class_list":["post-7321","page","type-page","status-publish","has-post-thumbnail"],"yoast_head":"<!-- This site is optimized with the Yoast SEO plugin v27.3 - https:\/\/yoast.com\/product\/yoast-seo-wordpress\/ -->\n<title>Webcam Arabba \u2192 Assista-o ao vivo!<\/title>\n<meta name=\"description\" content=\"Webcam Arabba | Livecam de Arabba! \u2705 Atualizado para voc\u00ea em tempo real! \u2705 Previs\u00e3o do tempo atual!\" \/>\n<meta name=\"robots\" content=\"index, follow, max-snippet:-1, max-image-preview:large, max-video-preview:-1\" \/>\n<link rel=\"canonical\" href=\"https:\/\/weather-radar-live.com\/pt-br\/webcam\/italia\/webcam-arabba\/\" \/>\n<meta property=\"og:locale\" content=\"pt_BR\" \/>\n<meta property=\"og:type\" content=\"article\" \/>\n<meta property=\"og:title\" content=\"Webcam Arabba \u2192 Assista-o ao vivo!\" \/>\n<meta property=\"og:description\" content=\"Webcam Arabba | Livecam de Arabba! \u2705 Atualizado para voc\u00ea em tempo real! \u2705 Previs\u00e3o do tempo atual!\" \/>\n<meta property=\"og:url\" content=\"https:\/\/weather-radar-live.com\/pt-br\/webcam\/italia\/webcam-arabba\/\" \/>\n<meta property=\"og:site_name\" content=\"weather-radar-live.com\" \/>\n<meta property=\"article:modified_time\" content=\"2022-08-25T20:38:55+00:00\" \/>\n<meta property=\"og:image\" content=\"https:\/\/weather-radar-live.com\/wp-content\/uploads\/2022\/08\/Webcam-Arabba-e1661450448547.jpg\" \/>\n\t<meta property=\"og:image:width\" content=\"1910\" \/>\n\t<meta property=\"og:image:height\" content=\"844\" \/>\n\t<meta property=\"og:image:type\" content=\"image\/jpeg\" \/>\n<meta name=\"twitter:card\" content=\"summary_large_image\" \/>\n<meta name=\"twitter:label1\" content=\"Est. tempo de leitura\" \/>\n\t<meta name=\"twitter:data1\" content=\"3 minutos\" \/>\n<script type=\"application\/ld+json\" class=\"yoast-schema-graph\">{\"@context\":\"https:\\\/\\\/schema.org\",\"@graph\":[{\"@type\":\"WebPage\",\"@id\":\"https:\\\/\\\/weather-radar-live.com\\\/pt-br\\\/webcam\\\/italia\\\/webcam-arabba\\\/\",\"url\":\"https:\\\/\\\/weather-radar-live.com\\\/pt-br\\\/webcam\\\/italia\\\/webcam-arabba\\\/\",\"name\":\"Webcam Arabba \u2192 Assista-o ao vivo!\",\"isPartOf\":{\"@id\":\"https:\\\/\\\/weather-radar-live.com\\\/#website\"},\"primaryImageOfPage\":{\"@id\":\"https:\\\/\\\/weather-radar-live.com\\\/pt-br\\\/webcam\\\/italia\\\/webcam-arabba\\\/#primaryimage\"},\"image\":{\"@id\":\"https:\\\/\\\/weather-radar-live.com\\\/pt-br\\\/webcam\\\/italia\\\/webcam-arabba\\\/#primaryimage\"},\"thumbnailUrl\":\"https:\\\/\\\/weather-radar-live.com\\\/wp-content\\\/uploads\\\/2022\\\/08\\\/Webcam-Arabba-e1661450448547.jpg\",\"datePublished\":\"2022-08-25T20:35:38+00:00\",\"dateModified\":\"2022-08-25T20:38:55+00:00\",\"description\":\"Webcam Arabba | Livecam de Arabba! \u2705 Atualizado para voc\u00ea em tempo real! \u2705 Previs\u00e3o do tempo atual!\",\"breadcrumb\":{\"@id\":\"https:\\\/\\\/weather-radar-live.com\\\/pt-br\\\/webcam\\\/italia\\\/webcam-arabba\\\/#breadcrumb\"},\"inLanguage\":\"pt-BR\",\"potentialAction\":[{\"@type\":\"ReadAction\",\"target\":[\"https:\\\/\\\/weather-radar-live.com\\\/pt-br\\\/webcam\\\/italia\\\/webcam-arabba\\\/\"]}]},{\"@type\":\"ImageObject\",\"inLanguage\":\"pt-BR\",\"@id\":\"https:\\\/\\\/weather-radar-live.com\\\/pt-br\\\/webcam\\\/italia\\\/webcam-arabba\\\/#primaryimage\",\"url\":\"https:\\\/\\\/weather-radar-live.com\\\/wp-content\\\/uploads\\\/2022\\\/08\\\/Webcam-Arabba-e1661450448547.jpg\",\"contentUrl\":\"https:\\\/\\\/weather-radar-live.com\\\/wp-content\\\/uploads\\\/2022\\\/08\\\/Webcam-Arabba-e1661450448547.jpg\",\"width\":1910,\"height\":844,\"caption\":\"Webcam Arabba\"},{\"@type\":\"BreadcrumbList\",\"@id\":\"https:\\\/\\\/weather-radar-live.com\\\/pt-br\\\/webcam\\\/italia\\\/webcam-arabba\\\/#breadcrumb\",\"itemListElement\":[{\"@type\":\"ListItem\",\"position\":1,\"name\":\"Weather Radar Live\",\"item\":\"https:\\\/\\\/weather-radar-live.com\\\/pt-br\\\/\"},{\"@type\":\"ListItem\",\"position\":2,\"name\":\"Webcam\",\"item\":\"https:\\\/\\\/weather-radar-live.com\\\/pt-br\\\/webcam\\\/\"},{\"@type\":\"ListItem\",\"position\":3,\"name\":\"It\u00e1lia\",\"item\":\"https:\\\/\\\/weather-radar-live.com\\\/pt-br\\\/webcam\\\/italia\\\/\"},{\"@type\":\"ListItem\",\"position\":4,\"name\":\"Webcam Arabba\"}]},{\"@type\":\"WebSite\",\"@id\":\"https:\\\/\\\/weather-radar-live.com\\\/#website\",\"url\":\"https:\\\/\\\/weather-radar-live.com\\\/\",\"name\":\"weather-radar-live.com\",\"description\":\"Your weather and sky radar.\",\"publisher\":{\"@id\":\"https:\\\/\\\/weather-radar-live.com\\\/#organization\"},\"potentialAction\":[{\"@type\":\"SearchAction\",\"target\":{\"@type\":\"EntryPoint\",\"urlTemplate\":\"https:\\\/\\\/weather-radar-live.com\\\/?s={search_term_string}\"},\"query-input\":{\"@type\":\"PropertyValueSpecification\",\"valueRequired\":true,\"valueName\":\"search_term_string\"}}],\"inLanguage\":\"pt-BR\"},{\"@type\":\"Organization\",\"@id\":\"https:\\\/\\\/weather-radar-live.com\\\/#organization\",\"name\":\"weather-radar-live.com\",\"url\":\"https:\\\/\\\/weather-radar-live.com\\\/\",\"logo\":{\"@type\":\"ImageObject\",\"inLanguage\":\"pt-BR\",\"@id\":\"https:\\\/\\\/weather-radar-live.com\\\/#\\\/schema\\\/logo\\\/image\\\/\",\"url\":\"https:\\\/\\\/weather-radar-live.com\\\/wp-content\\\/uploads\\\/2022\\\/03\\\/cropped-WRL2503.png\",\"contentUrl\":\"https:\\\/\\\/weather-radar-live.com\\\/wp-content\\\/uploads\\\/2022\\\/03\\\/cropped-WRL2503.png\",\"width\":1920,\"height\":555,\"caption\":\"weather-radar-live.com\"},\"image\":{\"@id\":\"https:\\\/\\\/weather-radar-live.com\\\/#\\\/schema\\\/logo\\\/image\\\/\"}}]}<\/script>\n<!-- \/ Yoast SEO plugin. -->","yoast_head_json":{"title":"Webcam Arabba \u2192 Assista-o ao vivo!","description":"Webcam Arabba | Livecam de Arabba! \u2705 Atualizado para voc\u00ea em tempo real! \u2705 Previs\u00e3o do tempo atual!","robots":{"index":"index","follow":"follow","max-snippet":"max-snippet:-1","max-image-preview":"max-image-preview:large","max-video-preview":"max-video-preview:-1"},"canonical":"https:\/\/weather-radar-live.com\/pt-br\/webcam\/italia\/webcam-arabba\/","og_locale":"pt_BR","og_type":"article","og_title":"Webcam Arabba \u2192 Assista-o ao vivo!","og_description":"Webcam Arabba | Livecam de Arabba! \u2705 Atualizado para voc\u00ea em tempo real! \u2705 Previs\u00e3o do tempo atual!","og_url":"https:\/\/weather-radar-live.com\/pt-br\/webcam\/italia\/webcam-arabba\/","og_site_name":"weather-radar-live.com","article_modified_time":"2022-08-25T20:38:55+00:00","og_image":[{"width":1910,"height":844,"url":"https:\/\/weather-radar-live.com\/wp-content\/uploads\/2022\/08\/Webcam-Arabba-e1661450448547.jpg","type":"image\/jpeg"}],"twitter_card":"summary_large_image","twitter_misc":{"Est. tempo de leitura":"3 minutos"},"schema":{"@context":"https:\/\/schema.org","@graph":[{"@type":"WebPage","@id":"https:\/\/weather-radar-live.com\/pt-br\/webcam\/italia\/webcam-arabba\/","url":"https:\/\/weather-radar-live.com\/pt-br\/webcam\/italia\/webcam-arabba\/","name":"Webcam Arabba \u2192 Assista-o ao vivo!","isPartOf":{"@id":"https:\/\/weather-radar-live.com\/#website"},"primaryImageOfPage":{"@id":"https:\/\/weather-radar-live.com\/pt-br\/webcam\/italia\/webcam-arabba\/#primaryimage"},"image":{"@id":"https:\/\/weather-radar-live.com\/pt-br\/webcam\/italia\/webcam-arabba\/#primaryimage"},"thumbnailUrl":"https:\/\/weather-radar-live.com\/wp-content\/uploads\/2022\/08\/Webcam-Arabba-e1661450448547.jpg","datePublished":"2022-08-25T20:35:38+00:00","dateModified":"2022-08-25T20:38:55+00:00","description":"Webcam Arabba | Livecam de Arabba! \u2705 Atualizado para voc\u00ea em tempo real! \u2705 Previs\u00e3o do tempo atual!","breadcrumb":{"@id":"https:\/\/weather-radar-live.com\/pt-br\/webcam\/italia\/webcam-arabba\/#breadcrumb"},"inLanguage":"pt-BR","potentialAction":[{"@type":"ReadAction","target":["https:\/\/weather-radar-live.com\/pt-br\/webcam\/italia\/webcam-arabba\/"]}]},{"@type":"ImageObject","inLanguage":"pt-BR","@id":"https:\/\/weather-radar-live.com\/pt-br\/webcam\/italia\/webcam-arabba\/#primaryimage","url":"https:\/\/weather-radar-live.com\/wp-content\/uploads\/2022\/08\/Webcam-Arabba-e1661450448547.jpg","contentUrl":"https:\/\/weather-radar-live.com\/wp-content\/uploads\/2022\/08\/Webcam-Arabba-e1661450448547.jpg","width":1910,"height":844,"caption":"Webcam Arabba"},{"@type":"BreadcrumbList","@id":"https:\/\/weather-radar-live.com\/pt-br\/webcam\/italia\/webcam-arabba\/#breadcrumb","itemListElement":[{"@type":"ListItem","position":1,"name":"Weather Radar Live","item":"https:\/\/weather-radar-live.com\/pt-br\/"},{"@type":"ListItem","position":2,"name":"Webcam","item":"https:\/\/weather-radar-live.com\/pt-br\/webcam\/"},{"@type":"ListItem","position":3,"name":"It\u00e1lia","item":"https:\/\/weather-radar-live.com\/pt-br\/webcam\/italia\/"},{"@type":"ListItem","position":4,"name":"Webcam Arabba"}]},{"@type":"WebSite","@id":"https:\/\/weather-radar-live.com\/#website","url":"https:\/\/weather-radar-live.com\/","name":"weather-radar-live.com","description":"Your weather and sky radar.","publisher":{"@id":"https:\/\/weather-radar-live.com\/#organization"},"potentialAction":[{"@type":"SearchAction","target":{"@type":"EntryPoint","urlTemplate":"https:\/\/weather-radar-live.com\/?s={search_term_string}"},"query-input":{"@type":"PropertyValueSpecification","valueRequired":true,"valueName":"search_term_string"}}],"inLanguage":"pt-BR"},{"@type":"Organization","@id":"https:\/\/weather-radar-live.com\/#organization","name":"weather-radar-live.com","url":"https:\/\/weather-radar-live.com\/","logo":{"@type":"ImageObject","inLanguage":"pt-BR","@id":"https:\/\/weather-radar-live.com\/#\/schema\/logo\/image\/","url":"https:\/\/weather-radar-live.com\/wp-content\/uploads\/2022\/03\/cropped-WRL2503.png","contentUrl":"https:\/\/weather-radar-live.com\/wp-content\/uploads\/2022\/03\/cropped-WRL2503.png","width":1920,"height":555,"caption":"weather-radar-live.com"},"image":{"@id":"https:\/\/weather-radar-live.com\/#\/schema\/logo\/image\/"}}]}},"_links":{"self":[{"href":"https:\/\/weather-radar-live.com\/pt-br\/wp-json\/wp\/v2\/pages\/7321","targetHints":{"allow":["GET"]}}],"collection":[{"href":"https:\/\/weather-radar-live.com\/pt-br\/wp-json\/wp\/v2\/pages"}],"about":[{"href":"https:\/\/weather-radar-live.com\/pt-br\/wp-json\/wp\/v2\/types\/page"}],"author":[{"embeddable":true,"href":"https:\/\/weather-radar-live.com\/pt-br\/wp-json\/wp\/v2\/users\/1"}],"replies":[{"embeddable":true,"href":"https:\/\/weather-radar-live.com\/pt-br\/wp-json\/wp\/v2\/comments?post=7321"}],"version-history":[{"count":2,"href":"https:\/\/weather-radar-live.com\/pt-br\/wp-json\/wp\/v2\/pages\/7321\/revisions"}],"predecessor-version":[{"id":7347,"href":"https:\/\/weather-radar-live.com\/pt-br\/wp-json\/wp\/v2\/pages\/7321\/revisions\/7347"}],"up":[{"embeddable":true,"href":"https:\/\/weather-radar-live.com\/pt-br\/wp-json\/wp\/v2\/pages\/4311"}],"wp:featuredmedia":[{"embeddable":true,"href":"https:\/\/weather-radar-live.com\/pt-br\/wp-json\/wp\/v2\/media\/7269"}],"wp:attachment":[{"href":"https:\/\/weather-radar-live.com\/pt-br\/wp-json\/wp\/v2\/media?parent=7321"}],"curies":[{"name":"wp","href":"https:\/\/api.w.org\/{rel}","templated":true}]}}