{"id":7045,"date":"2022-08-24T20:47:15","date_gmt":"2022-08-24T18:47:15","guid":{"rendered":"https:\/\/weather-radar-live.com\/?page_id=7045"},"modified":"2022-08-24T20:49:05","modified_gmt":"2022-08-24T18:49:05","slug":"webcam-cerreto-laghi","status":"publish","type":"page","link":"https:\/\/weather-radar-live.com\/pt-br\/webcam\/italia\/webcam-cerreto-laghi\/","title":{"rendered":"Webcam Cerreto Laghi"},"content":{"rendered":"<div id=\"weath-1601123213\" class=\"weath-vor-dem-inhalt weath-entity-placement\" style=\"margin-top: 15px;margin-right: 25px;margin-bottom: 40px;margin-left: 25px;\"><script async src=\"\/\/pagead2.googlesyndication.com\/pagead\/js\/adsbygoogle.js?client=ca-pub-8960936133935804\" crossorigin=\"anonymous\"><\/script><ins class=\"adsbygoogle\" style=\"display:block;\" data-ad-client=\"ca-pub-8960936133935804\" \ndata-ad-slot=\"6172817020\" \ndata-ad-format=\"auto\"><\/ins>\n<script> \n(adsbygoogle = window.adsbygoogle || []).push({}); \n<\/script>\n<\/div>\n<div class=\"wp-block-cover alignfull is-light\"><span aria-hidden=\"true\" class=\"wp-block-cover__gradient-background has-background-dim\"><\/span><img decoding=\"async\" class=\"wp-block-cover__image-background wp-image-342\" alt=\"Webcam Cerreto Laghi\" src=\"https:\/\/weather-radar-live.com\/wp-content\/uploads\/2021\/06\/sam-schooler-E9aetBe2w40-unsplash-e1622554814366.jpg\" data-object-fit=\"cover\"\/><div class=\"wp-block-cover__inner-container is-layout-flow wp-block-cover-is-layout-flow\">\n<h2 class=\"has-text-align-center heading wp-block-heading\" id=\"webcam-fort-mahon\" style=\"font-size:40px;text-transform:uppercase\"><strong><mark style=\"background-color:rgba(0, 0, 0, 0)\" class=\"has-inline-color has-base-3-color\">WEBCAM <\/mark><\/strong><br><strong><mark style=\"background-color:rgba(0, 0, 0, 0)\" class=\"has-inline-color has-base-3-color\">CERRETO LAGHI<\/mark><\/strong><\/h2>\n<\/div><\/div>\n\n\n<div class=\"yoast-breadcrumbs\"><span><span><a href=\"https:\/\/weather-radar-live.com\/pt-br\/\">Weather Radar Live<\/a><\/span> \u00bb <span><a href=\"https:\/\/weather-radar-live.com\/pt-br\/webcam\/\">Webcam<\/a><\/span> \u00bb <span><a href=\"https:\/\/weather-radar-live.com\/pt-br\/webcam\/italia\/\">It\u00e1lia<\/a><\/span> \u00bb <span class=\"breadcrumb_last\" aria-current=\"page\"><strong>Webcam Cerreto Laghi<\/strong><\/span><\/span><\/div>\n\n\n<h2 class=\"has-text-align-center wp-block-heading\" id=\"webcam-fort-mahon\"><strong>Webcam Cerreto Laghi<\/strong><\/h2>\n\n\n\n<p>A webcam Cerreto Laghi lhe d\u00e1 a oportunidade de observar, a qualquer momento, a est\u00e2ncia de esqui de tirar o f\u00f4lego na prov\u00edncia italiana de Reggio Emilia. A \u00e1rea de esportes de inverno, localizada a uma altitude de 1.350 a 1.831 metros acima do n\u00edvel do mar, est\u00e1 equipada com um total de cinco telesquis, telef\u00e9ricos e telef\u00e9ricos de superf\u00edcie. Um total de 9,2 quil\u00f4metros de pistas est\u00e3o dispon\u00edveis para esquiar e fazer snowboard. Atrav\u00e9s da webcam do Cerreto Laghi, o senhor pode observar os entusiastas dos esportes de inverno na enxurrada de neve e obter inspira\u00e7\u00e3o para suas pr\u00f3prias f\u00e9rias de esqui.<\/p>\n\n\n\n<p>Localizada no norte da It\u00e1lia, a prov\u00edncia de Reggio Emilia, cuja capital \u00e9 Reggio nell&#8217;Emilia, est\u00e1 cercada pelo rio P\u00f3 ao norte e pela crista de uma cadeia de montanhas, os Apeninos, ao sul. Reggio Emilia faz fronteira com Parma, a leste, e Modena, a oeste. Em Reggio Emilia h\u00e1 v\u00e1rias esta\u00e7\u00f5es de esqui, assim como Cerreto Laghi, o que \u00e9 dif\u00edcil de ser batido pela beleza. Os meses em que h\u00e1 sempre neve em Cerreto Laghi s\u00e3o de novembro a mar\u00e7o. Nos outros meses, pastos alpinos ensolarados e maci\u00e7os rochosos de tirar o f\u00f4lego esperam o senhor. Cerreto Laghi tem um total de 10 pistas de esqui. Dessas, 10% s\u00e3o pistas verdes e azuis, 50% vermelhas e 30% pretas. A pista mais longa \u00e9 de sete quil\u00f4metros e a \u00e1rea total de esqui\u00e1vel \u00e9 de 15 quil\u00f4metros. Al\u00e9m disso, mais de quatro quil\u00f4metros de pistas de esqui est\u00e3o instaladas.<\/p><div id=\"weath-3978919661\" class=\"weath-inhalt_2 weath-entity-placement\" style=\"margin-top: 15px;margin-right: 25px;margin-bottom: 35px;margin-left: 25px;\"><script async src=\"\/\/pagead2.googlesyndication.com\/pagead\/js\/adsbygoogle.js?client=ca-pub-8960936133935804\" crossorigin=\"anonymous\"><\/script><ins class=\"adsbygoogle\" style=\"display:block;\" data-ad-client=\"ca-pub-8960936133935804\" \ndata-ad-slot=\"1963584050\" \ndata-ad-format=\"auto\"><\/ins>\n<script> \n(adsbygoogle = window.adsbygoogle || []).push({}); \n<\/script>\n<\/div>\n\n\n\n<div class=\"wp-block-columns is-layout-flex wp-container-core-columns-is-layout-9d6595d7 wp-block-columns-is-layout-flex\">\n<div class=\"wp-block-column webcam-column is-layout-flow wp-block-column-is-layout-flow\">\n<h3 class=\"has-text-align-center wp-block-heading\"> \ud83d\udd34 <strong>Webcam<\/strong> <strong><strong><strong>Cerreto Laghi<\/strong><\/strong><\/strong> &#8211; Lago Cerretano<\/h3>\n\n\n\n<a name=\"windy-webcam-timelapse-player\" data-id=\"1330696185\" data-play=\"day\" href=\"https:\/\/windy.com\/webcams\/1330696185\" target=\"_blank\" rel=\"noopener\">Ventasso: Cerreto Laghi<\/a><script async=\"\" type=\"text\/javascript\" src=\"https:\/\/webcams.windy.com\/webcams\/public\/embed\/script\/player.js\"><\/script>\n<\/div>\n\n\n\n<div class=\"wp-block-column webcam-column is-layout-flow wp-block-column-is-layout-flow\">\n<h3 class=\"has-text-align-center wp-block-heading\"> \ud83d\udd34 <strong>Webcam <strong><strong>Cerreto Laghi<\/strong><\/strong><\/strong> &#8211; Monte La Nuda<\/h3>\n\n\n\n<a name=\"windy-webcam-timelapse-player\" data-id=\"1327598511\" data-play=\"day\" href=\"https:\/\/windy.com\/webcams\/1327598511\" target=\"_blank\" rel=\"noopener\">Ventasso: Passo del Cerreto &#8211; Monte La Nuda<\/a><script async=\"\" type=\"text\/javascript\" src=\"https:\/\/webcams.windy.com\/webcams\/public\/embed\/script\/player.js\"><\/script>\n<\/div>\n<\/div>\n\n\n\n<div class=\"wp-block-columns is-layout-flex wp-container-core-columns-is-layout-9d6595d7 wp-block-columns-is-layout-flex\">\n<div class=\"wp-block-column is-layout-flow wp-block-column-is-layout-flow\" style=\"flex-basis:25%\"><\/div>\n\n\n\n<div class=\"wp-block-column webcam-column is-layout-flow wp-block-column-is-layout-flow\">\n<h3 class=\"has-text-align-center wp-block-heading\"> \ud83d\udd34 <strong>Webcam Cerreto Laghi<\/strong> &#8211; Centro<\/h3>\n\n\n\n<a name=\"windy-webcam-timelapse-player\" data-id=\"1330517451\" data-play=\"day\" href=\"https:\/\/windy.com\/webcams\/1330517451\" target=\"_blank\" rel=\"noopener\">Ventasso: Cerreto Laghi Centro &#8211; 1.350 mslm<\/a><script async=\"\" type=\"text\/javascript\" src=\"https:\/\/webcams.windy.com\/webcams\/public\/embed\/script\/player.js\"><\/script>\n<\/div>\n\n\n\n<div class=\"wp-block-column is-layout-flow wp-block-column-is-layout-flow\" style=\"flex-basis:25%\"><\/div>\n<\/div>\n\n\n\n<h2 class=\"wp-block-heading\" id=\"fort-mahon-today\"><strong>Radar meteorol\u00f3gico Cerreto Laghi &#8211; O tempo em Cerreto Laghi<\/strong><\/h2>\n\n\n\n<p>Nossa webcam Cerreto Laghi lhe d\u00e1 uma impress\u00e3o das condi\u00e7\u00f5es clim\u00e1ticas da esta\u00e7\u00e3o de esqui. O senhor pode ver em tempo real se est\u00e1 chovendo, nevando ou se o sol est\u00e1 brilhando. Mas n\u00f3s lhe oferecemos ainda mais com nosso radar meteorol\u00f3gico. O radar meteorol\u00f3gico lhe d\u00e1 uma vis\u00e3o da precipita\u00e7\u00e3o, bem como da previs\u00e3o do tempo e das condi\u00e7\u00f5es do vento ao redor de Cerreto Laghi. Dependendo da cor, o senhor pode ver a intensidade da precipita\u00e7\u00e3o. O verde e o azul s\u00e3o uma indica\u00e7\u00e3o de pouca precipita\u00e7\u00e3o &#8211; vermelho e roxo indicam uma grande quantidade de precipita\u00e7\u00e3o.<\/p>\n\n\n\n<div class=\"wp-block-columns is-layout-flex wp-container-core-columns-is-layout-9d6595d7 wp-block-columns-is-layout-flex\">\n<div class=\"wp-block-column is-layout-flow wp-block-column-is-layout-flow\" style=\"flex-basis:75%\">\n<iframe loading=\"lazy\" width=\"1300\" height=\"502\" src=\"https:\/\/embed.windy.com\/embed2.html?lat=44.298&amp;lon=10.238&amp;detailLat=44.298&amp;detailLon=10.238&amp;width=1300&amp;height=502&amp;zoom=11&amp;level=surface&amp;overlay=rain&amp;product=ecmwf&amp;menu=&amp;message=&amp;marker=&amp;calendar=now&amp;pressure=&amp;type=map&amp;location=coordinates&amp;detail=&amp;metricWind=default&amp;metricTemp=default&amp;radarRange=-1\" frameborder=\"0\"><\/iframe>\n<\/div>\n\n\n\n<div class=\"wp-block-column is-layout-flow wp-block-column-is-layout-flow\" style=\"flex-basis:25%\">\n<a class=\"weatherwidget-io\" href=\"https:\/\/forecast7.com\/pt\/44d3010d24\/cerreto-laghi\/\" data-label_1=\"CERRETO LAGHI\" data-theme=\"original\" >CERRETO LAGHI<\/a>\n<script>\n!function(d,s,id){var js,fjs=d.getElementsByTagName(s)[0];if(!d.getElementById(id)){js=d.createElement(s);js.id=id;js.src='https:\/\/weatherwidget.io\/js\/widget.min.js';fjs.parentNode.insertBefore(js,fjs);}}(document,'script','weatherwidget-io-js');\n<\/script>\n<\/div>\n<\/div>\n\n\n\n<h2 class=\"wp-block-heading\" id=\"fort-mahon-weather\"><strong>O clima em Cerreto Laghi<\/strong><\/h2>\n\n\n\n<p>As temperaturas na esta\u00e7\u00e3o de esqui Cerreto Laghi variam de -4 a 2\u00b0C em janeiro e de 12 a 21\u00b0C em julho\/agosto. As velocidades do vento predominantes em Cerreto Laghi, apesar da altitude, s\u00e3o m\u00ednimas e normalmente n\u00e3o excedem 19 km\/h. Devido \u00e0 sua posi\u00e7\u00e3o exposta, o vento sopra exclusivamente do sentido nordeste e sudoeste. Dias ensolarados e dias de precipita\u00e7\u00e3o (neve) se equilibram durante a esta\u00e7\u00e3o de esqui.<\/p>\n\n\n\n<h2 class=\"wp-block-heading\"><strong>Atra\u00e7\u00f5es em Cerreto Laghi<\/strong><\/h2>\n\n\n\n<p>Naturalmente, Cerreto Laghi \u00e9 predestinado para as f\u00e9rias de esqui e est\u00e1 principalmente voltado para elas. Se o senhor visitar a regi\u00e3o durante os meses de ver\u00e3o, dever\u00e1 fazer uma visita ao Percorso arancio. A trilha \u00e9 perfeita para a pr\u00e1tica de ciclismo de montanha e tem percursos f\u00e1ceis e dif\u00edceis. O senhor tamb\u00e9m pode desfrutar do rom\u00e2ntico Lago Calamone, um lago que o senhor n\u00e3o esquecer\u00e1. Ou talvez o senhor queira desabafar em um parque de escalada? Tamb\u00e9m para isso o senhor encontrar\u00e1 o lugar perfeito, perto de Cerreto Laghi. O Parco Avventura Cerwood \u00e9 um fabuloso curso de cordas altas que encanta tanto jovens como velhos.<\/p>\n","protected":false},"excerpt":{"rendered":"<p>Webcam Cerreto Laghi A webcam Cerreto Laghi lhe d\u00e1 a oportunidade de observar, a qualquer momento, a est\u00e2ncia de esqui de tirar o f\u00f4lego na prov\u00edncia italiana de Reggio Emilia. A \u00e1rea de esportes de inverno, localizada a uma altitude de 1.350 a 1.831 metros acima do n\u00edvel do mar, est\u00e1 equipada com um total &#8230; <a title=\"Webcam Cerreto Laghi\" class=\"read-more\" href=\"https:\/\/weather-radar-live.com\/pt-br\/webcam\/italia\/webcam-cerreto-laghi\/\" aria-label=\"Read more about Webcam Cerreto Laghi\">Ler mais<\/a><\/p>\n","protected":false},"author":1,"featured_media":6962,"parent":4311,"menu_order":0,"comment_status":"closed","ping_status":"closed","template":"","meta":{"footnotes":""},"class_list":["post-7045","page","type-page","status-publish","has-post-thumbnail"],"yoast_head":"<!-- This site is optimized with the Yoast SEO plugin v27.5 - https:\/\/yoast.com\/product\/yoast-seo-wordpress\/ -->\n<title>Webcam Cerreto Laghi \u2192 Assista-o ao vivo!<\/title>\n<meta name=\"description\" content=\"Webcam Cerreto Laghi | Livecam de Cerreto Laghi! \u2705 Atualizado para voc\u00ea em tempo real! \u2705 Previs\u00e3o do tempo atual!\" \/>\n<meta name=\"robots\" content=\"index, follow, max-snippet:-1, max-image-preview:large, max-video-preview:-1\" \/>\n<link rel=\"canonical\" href=\"https:\/\/weather-radar-live.com\/pt-br\/webcam\/italia\/webcam-cerreto-laghi\/\" \/>\n<meta property=\"og:locale\" content=\"pt_BR\" \/>\n<meta property=\"og:type\" content=\"article\" \/>\n<meta property=\"og:title\" content=\"Webcam Cerreto Laghi \u2192 Assista-o ao vivo!\" \/>\n<meta property=\"og:description\" content=\"Webcam Cerreto Laghi | Livecam de Cerreto Laghi! \u2705 Atualizado para voc\u00ea em tempo real! \u2705 Previs\u00e3o do tempo atual!\" \/>\n<meta property=\"og:url\" content=\"https:\/\/weather-radar-live.com\/pt-br\/webcam\/italia\/webcam-cerreto-laghi\/\" \/>\n<meta property=\"og:site_name\" content=\"weather-radar-live.com\" \/>\n<meta property=\"article:modified_time\" content=\"2022-08-24T18:49:05+00:00\" \/>\n<meta property=\"og:image\" content=\"https:\/\/weather-radar-live.com\/wp-content\/uploads\/2022\/08\/Webcam-Cerreto-Laghi-e1661336154284.jpg\" \/>\n\t<meta property=\"og:image:width\" content=\"1896\" \/>\n\t<meta property=\"og:image:height\" content=\"847\" \/>\n\t<meta property=\"og:image:type\" content=\"image\/jpeg\" \/>\n<meta name=\"twitter:card\" content=\"summary_large_image\" \/>\n<meta name=\"twitter:label1\" content=\"Est. tempo de leitura\" \/>\n\t<meta name=\"twitter:data1\" content=\"3 minutos\" \/>\n<script type=\"application\/ld+json\" class=\"yoast-schema-graph\">{\"@context\":\"https:\\\/\\\/schema.org\",\"@graph\":[{\"@type\":\"WebPage\",\"@id\":\"https:\\\/\\\/weather-radar-live.com\\\/pt-br\\\/webcam\\\/italia\\\/webcam-cerreto-laghi\\\/\",\"url\":\"https:\\\/\\\/weather-radar-live.com\\\/pt-br\\\/webcam\\\/italia\\\/webcam-cerreto-laghi\\\/\",\"name\":\"Webcam Cerreto Laghi \u2192 Assista-o ao vivo!\",\"isPartOf\":{\"@id\":\"https:\\\/\\\/weather-radar-live.com\\\/#website\"},\"primaryImageOfPage\":{\"@id\":\"https:\\\/\\\/weather-radar-live.com\\\/pt-br\\\/webcam\\\/italia\\\/webcam-cerreto-laghi\\\/#primaryimage\"},\"image\":{\"@id\":\"https:\\\/\\\/weather-radar-live.com\\\/pt-br\\\/webcam\\\/italia\\\/webcam-cerreto-laghi\\\/#primaryimage\"},\"thumbnailUrl\":\"https:\\\/\\\/weather-radar-live.com\\\/wp-content\\\/uploads\\\/2022\\\/08\\\/Webcam-Cerreto-Laghi-e1661336154284.jpg\",\"datePublished\":\"2022-08-24T18:47:15+00:00\",\"dateModified\":\"2022-08-24T18:49:05+00:00\",\"description\":\"Webcam Cerreto Laghi | Livecam de Cerreto Laghi! \u2705 Atualizado para voc\u00ea em tempo real! \u2705 Previs\u00e3o do tempo atual!\",\"breadcrumb\":{\"@id\":\"https:\\\/\\\/weather-radar-live.com\\\/pt-br\\\/webcam\\\/italia\\\/webcam-cerreto-laghi\\\/#breadcrumb\"},\"inLanguage\":\"pt-BR\",\"potentialAction\":[{\"@type\":\"ReadAction\",\"target\":[\"https:\\\/\\\/weather-radar-live.com\\\/pt-br\\\/webcam\\\/italia\\\/webcam-cerreto-laghi\\\/\"]}]},{\"@type\":\"ImageObject\",\"inLanguage\":\"pt-BR\",\"@id\":\"https:\\\/\\\/weather-radar-live.com\\\/pt-br\\\/webcam\\\/italia\\\/webcam-cerreto-laghi\\\/#primaryimage\",\"url\":\"https:\\\/\\\/weather-radar-live.com\\\/wp-content\\\/uploads\\\/2022\\\/08\\\/Webcam-Cerreto-Laghi-e1661336154284.jpg\",\"contentUrl\":\"https:\\\/\\\/weather-radar-live.com\\\/wp-content\\\/uploads\\\/2022\\\/08\\\/Webcam-Cerreto-Laghi-e1661336154284.jpg\",\"width\":1896,\"height\":847,\"caption\":\"Webcam Cerreto Laghi\"},{\"@type\":\"BreadcrumbList\",\"@id\":\"https:\\\/\\\/weather-radar-live.com\\\/pt-br\\\/webcam\\\/italia\\\/webcam-cerreto-laghi\\\/#breadcrumb\",\"itemListElement\":[{\"@type\":\"ListItem\",\"position\":1,\"name\":\"Weather Radar Live\",\"item\":\"https:\\\/\\\/weather-radar-live.com\\\/pt-br\\\/\"},{\"@type\":\"ListItem\",\"position\":2,\"name\":\"Webcam\",\"item\":\"https:\\\/\\\/weather-radar-live.com\\\/pt-br\\\/webcam\\\/\"},{\"@type\":\"ListItem\",\"position\":3,\"name\":\"It\u00e1lia\",\"item\":\"https:\\\/\\\/weather-radar-live.com\\\/pt-br\\\/webcam\\\/italia\\\/\"},{\"@type\":\"ListItem\",\"position\":4,\"name\":\"Webcam Cerreto Laghi\"}]},{\"@type\":\"WebSite\",\"@id\":\"https:\\\/\\\/weather-radar-live.com\\\/#website\",\"url\":\"https:\\\/\\\/weather-radar-live.com\\\/\",\"name\":\"weather-radar-live.com\",\"description\":\"Your weather and sky radar.\",\"publisher\":{\"@id\":\"https:\\\/\\\/weather-radar-live.com\\\/#organization\"},\"potentialAction\":[{\"@type\":\"SearchAction\",\"target\":{\"@type\":\"EntryPoint\",\"urlTemplate\":\"https:\\\/\\\/weather-radar-live.com\\\/?s={search_term_string}\"},\"query-input\":{\"@type\":\"PropertyValueSpecification\",\"valueRequired\":true,\"valueName\":\"search_term_string\"}}],\"inLanguage\":\"pt-BR\"},{\"@type\":\"Organization\",\"@id\":\"https:\\\/\\\/weather-radar-live.com\\\/#organization\",\"name\":\"weather-radar-live.com\",\"url\":\"https:\\\/\\\/weather-radar-live.com\\\/\",\"logo\":{\"@type\":\"ImageObject\",\"inLanguage\":\"pt-BR\",\"@id\":\"https:\\\/\\\/weather-radar-live.com\\\/#\\\/schema\\\/logo\\\/image\\\/\",\"url\":\"https:\\\/\\\/weather-radar-live.com\\\/wp-content\\\/uploads\\\/2022\\\/03\\\/cropped-WRL2503.png\",\"contentUrl\":\"https:\\\/\\\/weather-radar-live.com\\\/wp-content\\\/uploads\\\/2022\\\/03\\\/cropped-WRL2503.png\",\"width\":1920,\"height\":555,\"caption\":\"weather-radar-live.com\"},\"image\":{\"@id\":\"https:\\\/\\\/weather-radar-live.com\\\/#\\\/schema\\\/logo\\\/image\\\/\"}}]}<\/script>\n<!-- \/ Yoast SEO plugin. -->","yoast_head_json":{"title":"Webcam Cerreto Laghi \u2192 Assista-o ao vivo!","description":"Webcam Cerreto Laghi | Livecam de Cerreto Laghi! \u2705 Atualizado para voc\u00ea em tempo real! \u2705 Previs\u00e3o do tempo atual!","robots":{"index":"index","follow":"follow","max-snippet":"max-snippet:-1","max-image-preview":"max-image-preview:large","max-video-preview":"max-video-preview:-1"},"canonical":"https:\/\/weather-radar-live.com\/pt-br\/webcam\/italia\/webcam-cerreto-laghi\/","og_locale":"pt_BR","og_type":"article","og_title":"Webcam Cerreto Laghi \u2192 Assista-o ao vivo!","og_description":"Webcam Cerreto Laghi | Livecam de Cerreto Laghi! \u2705 Atualizado para voc\u00ea em tempo real! \u2705 Previs\u00e3o do tempo atual!","og_url":"https:\/\/weather-radar-live.com\/pt-br\/webcam\/italia\/webcam-cerreto-laghi\/","og_site_name":"weather-radar-live.com","article_modified_time":"2022-08-24T18:49:05+00:00","og_image":[{"width":1896,"height":847,"url":"https:\/\/weather-radar-live.com\/wp-content\/uploads\/2022\/08\/Webcam-Cerreto-Laghi-e1661336154284.jpg","type":"image\/jpeg"}],"twitter_card":"summary_large_image","twitter_misc":{"Est. tempo de leitura":"3 minutos"},"schema":{"@context":"https:\/\/schema.org","@graph":[{"@type":"WebPage","@id":"https:\/\/weather-radar-live.com\/pt-br\/webcam\/italia\/webcam-cerreto-laghi\/","url":"https:\/\/weather-radar-live.com\/pt-br\/webcam\/italia\/webcam-cerreto-laghi\/","name":"Webcam Cerreto Laghi \u2192 Assista-o ao vivo!","isPartOf":{"@id":"https:\/\/weather-radar-live.com\/#website"},"primaryImageOfPage":{"@id":"https:\/\/weather-radar-live.com\/pt-br\/webcam\/italia\/webcam-cerreto-laghi\/#primaryimage"},"image":{"@id":"https:\/\/weather-radar-live.com\/pt-br\/webcam\/italia\/webcam-cerreto-laghi\/#primaryimage"},"thumbnailUrl":"https:\/\/weather-radar-live.com\/wp-content\/uploads\/2022\/08\/Webcam-Cerreto-Laghi-e1661336154284.jpg","datePublished":"2022-08-24T18:47:15+00:00","dateModified":"2022-08-24T18:49:05+00:00","description":"Webcam Cerreto Laghi | Livecam de Cerreto Laghi! \u2705 Atualizado para voc\u00ea em tempo real! \u2705 Previs\u00e3o do tempo atual!","breadcrumb":{"@id":"https:\/\/weather-radar-live.com\/pt-br\/webcam\/italia\/webcam-cerreto-laghi\/#breadcrumb"},"inLanguage":"pt-BR","potentialAction":[{"@type":"ReadAction","target":["https:\/\/weather-radar-live.com\/pt-br\/webcam\/italia\/webcam-cerreto-laghi\/"]}]},{"@type":"ImageObject","inLanguage":"pt-BR","@id":"https:\/\/weather-radar-live.com\/pt-br\/webcam\/italia\/webcam-cerreto-laghi\/#primaryimage","url":"https:\/\/weather-radar-live.com\/wp-content\/uploads\/2022\/08\/Webcam-Cerreto-Laghi-e1661336154284.jpg","contentUrl":"https:\/\/weather-radar-live.com\/wp-content\/uploads\/2022\/08\/Webcam-Cerreto-Laghi-e1661336154284.jpg","width":1896,"height":847,"caption":"Webcam Cerreto Laghi"},{"@type":"BreadcrumbList","@id":"https:\/\/weather-radar-live.com\/pt-br\/webcam\/italia\/webcam-cerreto-laghi\/#breadcrumb","itemListElement":[{"@type":"ListItem","position":1,"name":"Weather Radar Live","item":"https:\/\/weather-radar-live.com\/pt-br\/"},{"@type":"ListItem","position":2,"name":"Webcam","item":"https:\/\/weather-radar-live.com\/pt-br\/webcam\/"},{"@type":"ListItem","position":3,"name":"It\u00e1lia","item":"https:\/\/weather-radar-live.com\/pt-br\/webcam\/italia\/"},{"@type":"ListItem","position":4,"name":"Webcam Cerreto Laghi"}]},{"@type":"WebSite","@id":"https:\/\/weather-radar-live.com\/#website","url":"https:\/\/weather-radar-live.com\/","name":"weather-radar-live.com","description":"Your weather and sky radar.","publisher":{"@id":"https:\/\/weather-radar-live.com\/#organization"},"potentialAction":[{"@type":"SearchAction","target":{"@type":"EntryPoint","urlTemplate":"https:\/\/weather-radar-live.com\/?s={search_term_string}"},"query-input":{"@type":"PropertyValueSpecification","valueRequired":true,"valueName":"search_term_string"}}],"inLanguage":"pt-BR"},{"@type":"Organization","@id":"https:\/\/weather-radar-live.com\/#organization","name":"weather-radar-live.com","url":"https:\/\/weather-radar-live.com\/","logo":{"@type":"ImageObject","inLanguage":"pt-BR","@id":"https:\/\/weather-radar-live.com\/#\/schema\/logo\/image\/","url":"https:\/\/weather-radar-live.com\/wp-content\/uploads\/2022\/03\/cropped-WRL2503.png","contentUrl":"https:\/\/weather-radar-live.com\/wp-content\/uploads\/2022\/03\/cropped-WRL2503.png","width":1920,"height":555,"caption":"weather-radar-live.com"},"image":{"@id":"https:\/\/weather-radar-live.com\/#\/schema\/logo\/image\/"}}]}},"_links":{"self":[{"href":"https:\/\/weather-radar-live.com\/pt-br\/wp-json\/wp\/v2\/pages\/7045","targetHints":{"allow":["GET"]}}],"collection":[{"href":"https:\/\/weather-radar-live.com\/pt-br\/wp-json\/wp\/v2\/pages"}],"about":[{"href":"https:\/\/weather-radar-live.com\/pt-br\/wp-json\/wp\/v2\/types\/page"}],"author":[{"embeddable":true,"href":"https:\/\/weather-radar-live.com\/pt-br\/wp-json\/wp\/v2\/users\/1"}],"replies":[{"embeddable":true,"href":"https:\/\/weather-radar-live.com\/pt-br\/wp-json\/wp\/v2\/comments?post=7045"}],"version-history":[{"count":2,"href":"https:\/\/weather-radar-live.com\/pt-br\/wp-json\/wp\/v2\/pages\/7045\/revisions"}],"predecessor-version":[{"id":7068,"href":"https:\/\/weather-radar-live.com\/pt-br\/wp-json\/wp\/v2\/pages\/7045\/revisions\/7068"}],"up":[{"embeddable":true,"href":"https:\/\/weather-radar-live.com\/pt-br\/wp-json\/wp\/v2\/pages\/4311"}],"wp:featuredmedia":[{"embeddable":true,"href":"https:\/\/weather-radar-live.com\/pt-br\/wp-json\/wp\/v2\/media\/6962"}],"wp:attachment":[{"href":"https:\/\/weather-radar-live.com\/pt-br\/wp-json\/wp\/v2\/media?parent=7045"}],"curies":[{"name":"wp","href":"https:\/\/api.w.org\/{rel}","templated":true}]}}