{"id":6614,"date":"2022-08-13T13:47:33","date_gmt":"2022-08-13T11:47:33","guid":{"rendered":"https:\/\/weather-radar-live.com\/?page_id=6614"},"modified":"2022-08-15T10:31:13","modified_gmt":"2022-08-15T08:31:13","slug":"webcam-castelluccio","status":"publish","type":"page","link":"https:\/\/weather-radar-live.com\/pt-br\/webcam\/italia\/webcam-castelluccio\/","title":{"rendered":"Webcam Castelluccio"},"content":{"rendered":"<div id=\"weath-260759280\" class=\"weath-vor-dem-inhalt weath-entity-placement\" style=\"margin-top: 15px;margin-right: 25px;margin-bottom: 40px;margin-left: 25px;\"><script async src=\"\/\/pagead2.googlesyndication.com\/pagead\/js\/adsbygoogle.js?client=ca-pub-8960936133935804\" crossorigin=\"anonymous\"><\/script><ins class=\"adsbygoogle\" style=\"display:block;\" data-ad-client=\"ca-pub-8960936133935804\" \ndata-ad-slot=\"6172817020\" \ndata-ad-format=\"auto\"><\/ins>\n<script> \n(adsbygoogle = window.adsbygoogle || []).push({}); \n<\/script>\n<\/div>\n<div class=\"wp-block-cover alignfull is-light\"><span aria-hidden=\"true\" class=\"wp-block-cover__gradient-background has-background-dim\"><\/span><img decoding=\"async\" class=\"wp-block-cover__image-background wp-image-342\" alt=\"Webcam Castelluccio\n\" src=\"https:\/\/weather-radar-live.com\/wp-content\/uploads\/2021\/06\/sam-schooler-E9aetBe2w40-unsplash-e1622554814366.jpg\" data-object-fit=\"cover\"\/><div class=\"wp-block-cover__inner-container is-layout-flow wp-block-cover-is-layout-flow\">\n<h2 class=\"has-text-align-center heading wp-block-heading\" id=\"webcam-fort-mahon\" style=\"font-size:40px\"><strong><mark style=\"background-color:rgba(0, 0, 0, 0)\" class=\"has-inline-color has-base-3-color\">WEBCAM <\/mark><\/strong><br><strong><mark style=\"background-color:rgba(0, 0, 0, 0)\" class=\"has-inline-color has-base-3-color\">CASTELLUCCIO<\/mark><\/strong><\/h2>\n<\/div><\/div>\n\n\n<div class=\"yoast-breadcrumbs\"><span><span><a href=\"https:\/\/weather-radar-live.com\/pt-br\/\">Weather Radar Live<\/a><\/span> \u00bb <span><a href=\"https:\/\/weather-radar-live.com\/pt-br\/webcam\/\">Webcam<\/a><\/span> \u00bb <span><a href=\"https:\/\/weather-radar-live.com\/pt-br\/webcam\/italia\/\">It\u00e1lia<\/a><\/span> \u00bb <span class=\"breadcrumb_last\" aria-current=\"page\"><strong>Webcam Castelluccio<\/strong><\/span><\/span><\/div>\n\n\n<h2 class=\"has-text-align-center wp-block-heading\" id=\"webcam-fort-mahon\"><strong>Webcam Castelluccio<\/strong><\/h2>\n\n\n\n<p>O povoado italiano de Castelluccio est\u00e1 situado entre Marche e Umbria, a uma altitude de 1450 metros, sobre um planalto c\u00e1rstico que emergiu de um lago da Idade do Gelo. Como uma paisagem lunar, o vilarejo se estende entre montanhas nuas, vastos prados e numerosos campos. Mergulhe na paisagem pitoresca do vilarejo com nossa webcam Castelluccio.<\/p>\n\n\n\n<p>A agricultura tradicional com agricultura e cria\u00e7\u00e3o de ovelhas caracteriza o povoado de Castellucio, que \u00e9 particularmente conhecido por suas lentilhas. Estas t\u00eam uma pele muito fina, e \u00e9 por isso que n\u00e3o precisam ser encharcadas e t\u00eam um curto tempo de cozimento. Mas n\u00e3o s\u00f3 as lentilhas colhidas, mas tamb\u00e9m as flores das lentilhas proporcionam um espet\u00e1culo de cor \u00fanico ao redor do vilarejo. Porque todos os anos entre maio e junho, as lentilhas come\u00e7am a florescer com outras flores silvestres e se transformam atrav\u00e9s da paisagem, de resto est\u00e9ril, em um mar de flores de tirar o f\u00f4lego.<\/p><div id=\"weath-866992653\" class=\"weath-inhalt_2 weath-entity-placement\" style=\"margin-top: 15px;margin-right: 25px;margin-bottom: 35px;margin-left: 25px;\"><script async src=\"\/\/pagead2.googlesyndication.com\/pagead\/js\/adsbygoogle.js?client=ca-pub-8960936133935804\" crossorigin=\"anonymous\"><\/script><ins class=\"adsbygoogle\" style=\"display:block;\" data-ad-client=\"ca-pub-8960936133935804\" \ndata-ad-slot=\"1963584050\" \ndata-ad-format=\"auto\"><\/ins>\n<script> \n(adsbygoogle = window.adsbygoogle || []).push({}); \n<\/script>\n<\/div>\n\n\n\n<div class=\"wp-block-columns is-layout-flex wp-container-core-columns-is-layout-9d6595d7 wp-block-columns-is-layout-flex\">\n<div class=\"wp-block-column webcam-column is-layout-flow wp-block-column-is-layout-flow\">\n<h3 class=\"has-text-align-center wp-block-heading\"> \ud83d\udd34 <strong>Webcam<\/strong> <strong>Castelluccio<\/strong> &#8211; Monte Vettore<\/h3>\n\n\n\n<a name=\"windy-webcam-timelapse-player\" data-id=\"1452601876\" data-play=\"day\" href=\"https:\/\/windy.com\/webcams\/1452601876\" target=\"_blank\" rel=\"noopener\">Capolona: Castelluccio &#8211; Monte Vettore<\/a><script async=\"\" type=\"text\/javascript\" src=\"https:\/\/webcams.windy.com\/webcams\/public\/embed\/script\/player.js\"><\/script>\n<\/div>\n\n\n\n<div class=\"wp-block-column webcam-column is-layout-flow wp-block-column-is-layout-flow\">\n<h3 class=\"has-text-align-center wp-block-heading\"> \ud83d\udd34 <strong>Webcam Castelluccio<\/strong> &#8211; Norcia<\/h3>\n\n\n\n<a name=\"windy-webcam-timelapse-player\" data-id=\"1646395320\" data-play=\"day\" href=\"https:\/\/windy.com\/webcams\/1646395320\" target=\"_blank\" rel=\"noopener\">Norcia<\/a><script async=\"\" type=\"text\/javascript\" src=\"https:\/\/webcams.windy.com\/webcams\/public\/embed\/script\/player.js\"><\/script>\n<\/div>\n<\/div>\n\n\n\n<div class=\"wp-block-columns is-layout-flex wp-container-core-columns-is-layout-9d6595d7 wp-block-columns-is-layout-flex\">\n<div class=\"wp-block-column webcam-column is-layout-flow wp-block-column-is-layout-flow\">\n<h3 class=\"has-text-align-center wp-block-heading\"> \ud83d\udd34 <strong>Webcam<\/strong> <strong><strong>Castelluccio<\/strong><\/strong> &#8211; Via delle Fate<\/h3>\n\n\n\n<a name=\"windy-webcam-timelapse-player\" data-id=\"1646395411\" data-play=\"day\" href=\"https:\/\/windy.com\/webcams\/1646395411\" target=\"_blank\" rel=\"noopener\">Norcia<\/a><script async=\"\" type=\"text\/javascript\" src=\"https:\/\/webcams.windy.com\/webcams\/public\/embed\/script\/player.js\"><\/script>\n<\/div>\n\n\n\n<div class=\"wp-block-column webcam-column is-layout-flow wp-block-column-is-layout-flow\">\n<h3 class=\"has-text-align-center wp-block-heading\"> \ud83d\udd34 <strong>Webcam <strong>Castelluccio<\/strong><\/strong> &#8211; Norcia East<\/h3>\n\n\n\n<a name=\"windy-webcam-timelapse-player\" data-id=\"1646395099\" data-play=\"day\" href=\"https:\/\/windy.com\/webcams\/1646395099\" target=\"_blank\" rel=\"noopener\">Norcia<\/a><script async=\"\" type=\"text\/javascript\" src=\"https:\/\/webcams.windy.com\/webcams\/public\/embed\/script\/player.js\"><\/script>\n<\/div>\n<\/div>\n\n\n\n<h2 class=\"wp-block-heading\" id=\"fort-mahon-today\"><strong>Radar meteorol\u00f3gico Castelluccio &#8211; Clima em Castelluccio<\/strong><\/h2>\n\n\n\n<p>Com nossa webcam Castelluccio, o senhor ser\u00e1 informado em tempo real sobre as condi\u00e7\u00f5es clim\u00e1ticas atuais do vilarejo. Para obter mais informa\u00e7\u00f5es \u00fateis sobre as condi\u00e7\u00f5es meteorol\u00f3gicas atuais em Castelluccio, queira consultar nosso radar meteorol\u00f3gico. Isso inclui n\u00e3o s\u00f3 a previs\u00e3o do tempo atual, mas tamb\u00e9m todas as \u00e1reas de precipita\u00e7\u00e3o, que s\u00e3o codificadas por cores com sua intensidade. As \u00e1reas destacadas em azul e verde representam baixas quantidades de precipita\u00e7\u00e3o, enquanto as \u00e1reas vermelhas e roxas representam precipita\u00e7\u00e3o mais pesada com potencial de tempo severo. Al\u00e9m disso, nosso radar meteorol\u00f3gico tamb\u00e9m mostra todas as trovoadas sob a forma de pequenos s\u00edmbolos de raios. Portanto, gra\u00e7as a nosso radar meteorol\u00f3gico e a nossas webcams, o senhor sempre sabe o que h\u00e1 de melhor sobre as atuais condi\u00e7\u00f5es meteorol\u00f3gicas predominantes em Castelluccio.<\/p>\n\n\n\n<div class=\"wp-block-columns is-layout-flex wp-container-core-columns-is-layout-9d6595d7 wp-block-columns-is-layout-flex\">\n<div class=\"wp-block-column is-layout-flow wp-block-column-is-layout-flow\" style=\"flex-basis:75%\">\n<iframe loading=\"lazy\" width=\"1300\" height=\"502\" src=\"https:\/\/embed.windy.com\/embed2.html?lat=42.829&amp;lon=13.206&amp;detailLat=42.829&amp;detailLon=13.206&amp;width=1300&amp;height=502&amp;zoom=11&amp;level=surface&amp;overlay=rain&amp;product=ecmwf&amp;menu=&amp;message=&amp;marker=&amp;calendar=now&amp;pressure=&amp;type=map&amp;location=coordinates&amp;detail=&amp;metricWind=default&amp;metricTemp=default&amp;radarRange=-1\" frameborder=\"0\"><\/iframe>\n<\/div>\n\n\n\n<div class=\"wp-block-column is-layout-flow wp-block-column-is-layout-flow\" style=\"flex-basis:25%\">\n<a class=\"weatherwidget-io\" href=\"https:\/\/forecast7.com\/pt\/42d8313d21\/castelluccio\/\" data-label_1=\"CASTELLUCCIO\" data-theme=\"original\" >CASTELLUCCIO<\/a>\n<script>\n!function(d,s,id){var js,fjs=d.getElementsByTagName(s)[0];if(!d.getElementById(id)){js=d.createElement(s);js.id=id;js.src='https:\/\/weatherwidget.io\/js\/widget.min.js';fjs.parentNode.insertBefore(js,fjs);}}(document,'script','weatherwidget-io-js');\n<\/script>\n<\/div>\n<\/div>\n\n\n\n<h2 class=\"wp-block-heading\" id=\"fort-mahon-weather\"><strong>O clima em Castelluccio<\/strong><\/h2>\n\n\n\n<p>Castelluccio se caracteriza por seu clima mediterr\u00e2neo, com meses de ver\u00e3o moderadamente quentes e meses frios de inverno. A temperatura m\u00e9dia anual aqui \u00e9 de 15\u00b0C. O m\u00eas mais quente e ensolarado \u00e9 julho, com temperaturas em torno de 25\u00b0C e 12,4 horas de sol. Durante os meses de inverno, no entanto, a temperatura esfria significativamente, de maneira que no m\u00eas mais frio de janeiro se atinge uma m\u00e9dia de 3,9\u00b0C. Dentro de um ano, Castelluccio recebe cerca de 909 mm de precipita\u00e7\u00e3o, sendo julho o m\u00eas com menos precipita\u00e7\u00e3o e novembro o m\u00eas com mais precipita\u00e7\u00e3o.<\/p>\n\n\n\n<h2 class=\"wp-block-heading\"><strong>Atra\u00e7\u00f5es em Castelluccio<\/strong><\/h2>\n\n\n\n<p>O planalto de Castelluccio \u00e9 conhecido por seu per\u00edodo de flora\u00e7\u00e3o \u00fanico, entre maio e junho. Durante esse per\u00edodo, o planalto, de resto mon\u00f3tono, se transforma em um mosaico colorido de papoulas, margaridas, flores de milho e lentilhas. Al\u00e9m disso, gra\u00e7as \u00e0 sua posi\u00e7\u00e3o \u00fanica, Castelluccio \u00e9 um lugar de sonho para todos os amantes da montanha. Numerosas atividades de lazer o esperam aqui. Descubra a paisagem c\u00e1rsica \u00fanica com sua natureza intocada enquanto faz caminhadas, anda de bicicleta ou a cavalo, ou d\u00ea uma olhada na \u00e1rea do ar enquanto faz parapente ou desliza.<\/p>\n","protected":false},"excerpt":{"rendered":"<p>Webcam Castelluccio O povoado italiano de Castelluccio est\u00e1 situado entre Marche e Umbria, a uma altitude de 1450 metros, sobre um planalto c\u00e1rstico que emergiu de um lago da Idade do Gelo. Como uma paisagem lunar, o vilarejo se estende entre montanhas nuas, vastos prados e numerosos campos. Mergulhe na paisagem pitoresca do vilarejo com &#8230; <a title=\"Webcam Castelluccio\" class=\"read-more\" href=\"https:\/\/weather-radar-live.com\/pt-br\/webcam\/italia\/webcam-castelluccio\/\" aria-label=\"Read more about Webcam Castelluccio\">Ler mais<\/a><\/p>\n","protected":false},"author":1,"featured_media":6528,"parent":4311,"menu_order":0,"comment_status":"closed","ping_status":"closed","template":"","meta":{"footnotes":""},"class_list":["post-6614","page","type-page","status-publish","has-post-thumbnail"],"yoast_head":"<!-- This site is optimized with the Yoast SEO plugin v27.6 - https:\/\/yoast.com\/product\/yoast-seo-wordpress\/ -->\n<title>Webcam Castelluccio \u2192 Assista-o ao vivo!<\/title>\n<meta name=\"description\" content=\"Webcam Castelluccio | Livecam de Castelluccio! \u2705 Atualizado para voc\u00ea em tempo real! \u2705 Previs\u00e3o do tempo atual!\" \/>\n<meta name=\"robots\" content=\"index, follow, max-snippet:-1, max-image-preview:large, max-video-preview:-1\" \/>\n<link rel=\"canonical\" href=\"https:\/\/weather-radar-live.com\/pt-br\/webcam\/italia\/webcam-castelluccio\/\" \/>\n<meta property=\"og:locale\" content=\"pt_BR\" \/>\n<meta property=\"og:type\" content=\"article\" \/>\n<meta property=\"og:title\" content=\"Webcam Castelluccio \u2192 Assista-o ao vivo!\" \/>\n<meta property=\"og:description\" content=\"Webcam Castelluccio | Livecam de Castelluccio! \u2705 Atualizado para voc\u00ea em tempo real! \u2705 Previs\u00e3o do tempo atual!\" \/>\n<meta property=\"og:url\" content=\"https:\/\/weather-radar-live.com\/pt-br\/webcam\/italia\/webcam-castelluccio\/\" \/>\n<meta property=\"og:site_name\" content=\"weather-radar-live.com\" \/>\n<meta property=\"article:modified_time\" content=\"2022-08-15T08:31:13+00:00\" \/>\n<meta property=\"og:image\" content=\"https:\/\/weather-radar-live.com\/wp-content\/uploads\/2022\/08\/Webcam-Castelluccio.jpg\" \/>\n\t<meta property=\"og:image:width\" content=\"1905\" \/>\n\t<meta property=\"og:image:height\" content=\"903\" \/>\n\t<meta property=\"og:image:type\" content=\"image\/jpeg\" \/>\n<meta name=\"twitter:card\" content=\"summary_large_image\" \/>\n<meta name=\"twitter:label1\" content=\"Est. tempo de leitura\" \/>\n\t<meta name=\"twitter:data1\" content=\"3 minutos\" \/>\n<script type=\"application\/ld+json\" class=\"yoast-schema-graph\">{\"@context\":\"https:\\\/\\\/schema.org\",\"@graph\":[{\"@type\":\"WebPage\",\"@id\":\"https:\\\/\\\/weather-radar-live.com\\\/pt-br\\\/webcam\\\/italia\\\/webcam-castelluccio\\\/\",\"url\":\"https:\\\/\\\/weather-radar-live.com\\\/pt-br\\\/webcam\\\/italia\\\/webcam-castelluccio\\\/\",\"name\":\"Webcam Castelluccio \u2192 Assista-o ao vivo!\",\"isPartOf\":{\"@id\":\"https:\\\/\\\/weather-radar-live.com\\\/#website\"},\"primaryImageOfPage\":{\"@id\":\"https:\\\/\\\/weather-radar-live.com\\\/pt-br\\\/webcam\\\/italia\\\/webcam-castelluccio\\\/#primaryimage\"},\"image\":{\"@id\":\"https:\\\/\\\/weather-radar-live.com\\\/pt-br\\\/webcam\\\/italia\\\/webcam-castelluccio\\\/#primaryimage\"},\"thumbnailUrl\":\"https:\\\/\\\/weather-radar-live.com\\\/wp-content\\\/uploads\\\/2022\\\/08\\\/Webcam-Castelluccio.jpg\",\"datePublished\":\"2022-08-13T11:47:33+00:00\",\"dateModified\":\"2022-08-15T08:31:13+00:00\",\"description\":\"Webcam Castelluccio | Livecam de Castelluccio! \u2705 Atualizado para voc\u00ea em tempo real! \u2705 Previs\u00e3o do tempo atual!\",\"breadcrumb\":{\"@id\":\"https:\\\/\\\/weather-radar-live.com\\\/pt-br\\\/webcam\\\/italia\\\/webcam-castelluccio\\\/#breadcrumb\"},\"inLanguage\":\"pt-BR\",\"potentialAction\":[{\"@type\":\"ReadAction\",\"target\":[\"https:\\\/\\\/weather-radar-live.com\\\/pt-br\\\/webcam\\\/italia\\\/webcam-castelluccio\\\/\"]}]},{\"@type\":\"ImageObject\",\"inLanguage\":\"pt-BR\",\"@id\":\"https:\\\/\\\/weather-radar-live.com\\\/pt-br\\\/webcam\\\/italia\\\/webcam-castelluccio\\\/#primaryimage\",\"url\":\"https:\\\/\\\/weather-radar-live.com\\\/wp-content\\\/uploads\\\/2022\\\/08\\\/Webcam-Castelluccio.jpg\",\"contentUrl\":\"https:\\\/\\\/weather-radar-live.com\\\/wp-content\\\/uploads\\\/2022\\\/08\\\/Webcam-Castelluccio.jpg\",\"width\":1905,\"height\":903,\"caption\":\"Webcam Castelluccio\"},{\"@type\":\"BreadcrumbList\",\"@id\":\"https:\\\/\\\/weather-radar-live.com\\\/pt-br\\\/webcam\\\/italia\\\/webcam-castelluccio\\\/#breadcrumb\",\"itemListElement\":[{\"@type\":\"ListItem\",\"position\":1,\"name\":\"Weather Radar Live\",\"item\":\"https:\\\/\\\/weather-radar-live.com\\\/pt-br\\\/\"},{\"@type\":\"ListItem\",\"position\":2,\"name\":\"Webcam\",\"item\":\"https:\\\/\\\/weather-radar-live.com\\\/pt-br\\\/webcam\\\/\"},{\"@type\":\"ListItem\",\"position\":3,\"name\":\"It\u00e1lia\",\"item\":\"https:\\\/\\\/weather-radar-live.com\\\/pt-br\\\/webcam\\\/italia\\\/\"},{\"@type\":\"ListItem\",\"position\":4,\"name\":\"Webcam Castelluccio\"}]},{\"@type\":\"WebSite\",\"@id\":\"https:\\\/\\\/weather-radar-live.com\\\/#website\",\"url\":\"https:\\\/\\\/weather-radar-live.com\\\/\",\"name\":\"weather-radar-live.com\",\"description\":\"Your weather and sky radar.\",\"publisher\":{\"@id\":\"https:\\\/\\\/weather-radar-live.com\\\/#organization\"},\"potentialAction\":[{\"@type\":\"SearchAction\",\"target\":{\"@type\":\"EntryPoint\",\"urlTemplate\":\"https:\\\/\\\/weather-radar-live.com\\\/?s={search_term_string}\"},\"query-input\":{\"@type\":\"PropertyValueSpecification\",\"valueRequired\":true,\"valueName\":\"search_term_string\"}}],\"inLanguage\":\"pt-BR\"},{\"@type\":\"Organization\",\"@id\":\"https:\\\/\\\/weather-radar-live.com\\\/#organization\",\"name\":\"weather-radar-live.com\",\"url\":\"https:\\\/\\\/weather-radar-live.com\\\/\",\"logo\":{\"@type\":\"ImageObject\",\"inLanguage\":\"pt-BR\",\"@id\":\"https:\\\/\\\/weather-radar-live.com\\\/#\\\/schema\\\/logo\\\/image\\\/\",\"url\":\"https:\\\/\\\/weather-radar-live.com\\\/wp-content\\\/uploads\\\/2022\\\/03\\\/cropped-WRL2503.png\",\"contentUrl\":\"https:\\\/\\\/weather-radar-live.com\\\/wp-content\\\/uploads\\\/2022\\\/03\\\/cropped-WRL2503.png\",\"width\":1920,\"height\":555,\"caption\":\"weather-radar-live.com\"},\"image\":{\"@id\":\"https:\\\/\\\/weather-radar-live.com\\\/#\\\/schema\\\/logo\\\/image\\\/\"}}]}<\/script>\n<!-- \/ Yoast SEO plugin. -->","yoast_head_json":{"title":"Webcam Castelluccio \u2192 Assista-o ao vivo!","description":"Webcam Castelluccio | Livecam de Castelluccio! \u2705 Atualizado para voc\u00ea em tempo real! \u2705 Previs\u00e3o do tempo atual!","robots":{"index":"index","follow":"follow","max-snippet":"max-snippet:-1","max-image-preview":"max-image-preview:large","max-video-preview":"max-video-preview:-1"},"canonical":"https:\/\/weather-radar-live.com\/pt-br\/webcam\/italia\/webcam-castelluccio\/","og_locale":"pt_BR","og_type":"article","og_title":"Webcam Castelluccio \u2192 Assista-o ao vivo!","og_description":"Webcam Castelluccio | Livecam de Castelluccio! \u2705 Atualizado para voc\u00ea em tempo real! \u2705 Previs\u00e3o do tempo atual!","og_url":"https:\/\/weather-radar-live.com\/pt-br\/webcam\/italia\/webcam-castelluccio\/","og_site_name":"weather-radar-live.com","article_modified_time":"2022-08-15T08:31:13+00:00","og_image":[{"width":1905,"height":903,"url":"https:\/\/weather-radar-live.com\/wp-content\/uploads\/2022\/08\/Webcam-Castelluccio.jpg","type":"image\/jpeg"}],"twitter_card":"summary_large_image","twitter_misc":{"Est. tempo de leitura":"3 minutos"},"schema":{"@context":"https:\/\/schema.org","@graph":[{"@type":"WebPage","@id":"https:\/\/weather-radar-live.com\/pt-br\/webcam\/italia\/webcam-castelluccio\/","url":"https:\/\/weather-radar-live.com\/pt-br\/webcam\/italia\/webcam-castelluccio\/","name":"Webcam Castelluccio \u2192 Assista-o ao vivo!","isPartOf":{"@id":"https:\/\/weather-radar-live.com\/#website"},"primaryImageOfPage":{"@id":"https:\/\/weather-radar-live.com\/pt-br\/webcam\/italia\/webcam-castelluccio\/#primaryimage"},"image":{"@id":"https:\/\/weather-radar-live.com\/pt-br\/webcam\/italia\/webcam-castelluccio\/#primaryimage"},"thumbnailUrl":"https:\/\/weather-radar-live.com\/wp-content\/uploads\/2022\/08\/Webcam-Castelluccio.jpg","datePublished":"2022-08-13T11:47:33+00:00","dateModified":"2022-08-15T08:31:13+00:00","description":"Webcam Castelluccio | Livecam de Castelluccio! \u2705 Atualizado para voc\u00ea em tempo real! \u2705 Previs\u00e3o do tempo atual!","breadcrumb":{"@id":"https:\/\/weather-radar-live.com\/pt-br\/webcam\/italia\/webcam-castelluccio\/#breadcrumb"},"inLanguage":"pt-BR","potentialAction":[{"@type":"ReadAction","target":["https:\/\/weather-radar-live.com\/pt-br\/webcam\/italia\/webcam-castelluccio\/"]}]},{"@type":"ImageObject","inLanguage":"pt-BR","@id":"https:\/\/weather-radar-live.com\/pt-br\/webcam\/italia\/webcam-castelluccio\/#primaryimage","url":"https:\/\/weather-radar-live.com\/wp-content\/uploads\/2022\/08\/Webcam-Castelluccio.jpg","contentUrl":"https:\/\/weather-radar-live.com\/wp-content\/uploads\/2022\/08\/Webcam-Castelluccio.jpg","width":1905,"height":903,"caption":"Webcam Castelluccio"},{"@type":"BreadcrumbList","@id":"https:\/\/weather-radar-live.com\/pt-br\/webcam\/italia\/webcam-castelluccio\/#breadcrumb","itemListElement":[{"@type":"ListItem","position":1,"name":"Weather Radar Live","item":"https:\/\/weather-radar-live.com\/pt-br\/"},{"@type":"ListItem","position":2,"name":"Webcam","item":"https:\/\/weather-radar-live.com\/pt-br\/webcam\/"},{"@type":"ListItem","position":3,"name":"It\u00e1lia","item":"https:\/\/weather-radar-live.com\/pt-br\/webcam\/italia\/"},{"@type":"ListItem","position":4,"name":"Webcam Castelluccio"}]},{"@type":"WebSite","@id":"https:\/\/weather-radar-live.com\/#website","url":"https:\/\/weather-radar-live.com\/","name":"weather-radar-live.com","description":"Your weather and sky radar.","publisher":{"@id":"https:\/\/weather-radar-live.com\/#organization"},"potentialAction":[{"@type":"SearchAction","target":{"@type":"EntryPoint","urlTemplate":"https:\/\/weather-radar-live.com\/?s={search_term_string}"},"query-input":{"@type":"PropertyValueSpecification","valueRequired":true,"valueName":"search_term_string"}}],"inLanguage":"pt-BR"},{"@type":"Organization","@id":"https:\/\/weather-radar-live.com\/#organization","name":"weather-radar-live.com","url":"https:\/\/weather-radar-live.com\/","logo":{"@type":"ImageObject","inLanguage":"pt-BR","@id":"https:\/\/weather-radar-live.com\/#\/schema\/logo\/image\/","url":"https:\/\/weather-radar-live.com\/wp-content\/uploads\/2022\/03\/cropped-WRL2503.png","contentUrl":"https:\/\/weather-radar-live.com\/wp-content\/uploads\/2022\/03\/cropped-WRL2503.png","width":1920,"height":555,"caption":"weather-radar-live.com"},"image":{"@id":"https:\/\/weather-radar-live.com\/#\/schema\/logo\/image\/"}}]}},"_links":{"self":[{"href":"https:\/\/weather-radar-live.com\/pt-br\/wp-json\/wp\/v2\/pages\/6614","targetHints":{"allow":["GET"]}}],"collection":[{"href":"https:\/\/weather-radar-live.com\/pt-br\/wp-json\/wp\/v2\/pages"}],"about":[{"href":"https:\/\/weather-radar-live.com\/pt-br\/wp-json\/wp\/v2\/types\/page"}],"author":[{"embeddable":true,"href":"https:\/\/weather-radar-live.com\/pt-br\/wp-json\/wp\/v2\/users\/1"}],"replies":[{"embeddable":true,"href":"https:\/\/weather-radar-live.com\/pt-br\/wp-json\/wp\/v2\/comments?post=6614"}],"version-history":[{"count":2,"href":"https:\/\/weather-radar-live.com\/pt-br\/wp-json\/wp\/v2\/pages\/6614\/revisions"}],"predecessor-version":[{"id":6643,"href":"https:\/\/weather-radar-live.com\/pt-br\/wp-json\/wp\/v2\/pages\/6614\/revisions\/6643"}],"up":[{"embeddable":true,"href":"https:\/\/weather-radar-live.com\/pt-br\/wp-json\/wp\/v2\/pages\/4311"}],"wp:featuredmedia":[{"embeddable":true,"href":"https:\/\/weather-radar-live.com\/pt-br\/wp-json\/wp\/v2\/media\/6528"}],"wp:attachment":[{"href":"https:\/\/weather-radar-live.com\/pt-br\/wp-json\/wp\/v2\/media?parent=6614"}],"curies":[{"name":"wp","href":"https:\/\/api.w.org\/{rel}","templated":true}]}}