{"id":6577,"date":"2022-08-11T15:18:11","date_gmt":"2022-08-11T13:18:11","guid":{"rendered":"https:\/\/weather-radar-live.com\/?page_id=6577"},"modified":"2022-08-11T15:21:09","modified_gmt":"2022-08-11T13:21:09","slug":"webcam-stelvio","status":"publish","type":"page","link":"https:\/\/weather-radar-live.com\/pt-br\/webcam\/italia\/webcam-stelvio\/","title":{"rendered":"Webcam Stelvio"},"content":{"rendered":"<div id=\"weath-168238698\" class=\"weath-vor-dem-inhalt weath-entity-placement\" style=\"margin-top: 15px;margin-right: 25px;margin-bottom: 40px;margin-left: 25px;\"><script async src=\"\/\/pagead2.googlesyndication.com\/pagead\/js\/adsbygoogle.js?client=ca-pub-8960936133935804\" crossorigin=\"anonymous\"><\/script><ins class=\"adsbygoogle\" style=\"display:block;\" data-ad-client=\"ca-pub-8960936133935804\" \ndata-ad-slot=\"6172817020\" \ndata-ad-format=\"auto\"><\/ins>\n<script> \n(adsbygoogle = window.adsbygoogle || []).push({}); \n<\/script>\n<\/div>\n<div class=\"wp-block-cover alignfull is-light\"><span aria-hidden=\"true\" class=\"wp-block-cover__gradient-background has-background-dim\"><\/span><img decoding=\"async\" class=\"wp-block-cover__image-background wp-image-342\" alt=\"Webcam Stelvio\n\" src=\"https:\/\/weather-radar-live.com\/wp-content\/uploads\/2021\/06\/sam-schooler-E9aetBe2w40-unsplash-e1622554814366.jpg\" data-object-fit=\"cover\"\/><div class=\"wp-block-cover__inner-container is-layout-flow wp-block-cover-is-layout-flow\">\n<h2 class=\"has-text-align-center heading wp-block-heading\" id=\"webcam-fort-mahon\" style=\"font-size:40px\"><strong><mark style=\"background-color:rgba(0, 0, 0, 0)\" class=\"has-inline-color has-base-3-color\">WEBCAM <\/mark><\/strong><br><strong><mark style=\"background-color:rgba(0, 0, 0, 0)\" class=\"has-inline-color has-base-3-color\">STELVIO<\/mark><\/strong><\/h2>\n<\/div><\/div>\n\n\n<div class=\"yoast-breadcrumbs\"><span><span><a href=\"https:\/\/weather-radar-live.com\/pt-br\/\">Weather Radar Live<\/a><\/span> \u00bb <span><a href=\"https:\/\/weather-radar-live.com\/pt-br\/webcam\/\">Webcam<\/a><\/span> \u00bb <span><a href=\"https:\/\/weather-radar-live.com\/pt-br\/webcam\/italia\/\">It\u00e1lia<\/a><\/span> \u00bb <span class=\"breadcrumb_last\" aria-current=\"page\"><strong>Webcam Stelvio<\/strong><\/span><\/span><\/div>\n\n\n<h2 class=\"has-text-align-center wp-block-heading\" id=\"webcam-fort-mahon\"><strong>Webcam Stelvio<\/strong><\/h2>\n\n\n\n<p>O Passo dello Stelvio, tamb\u00e9m conhecido como Passo Stelvio, est\u00e1 localizado nos Alpes Ortles e liga a cidade de Bormio, na Lombardia, com a cidade de Prad, no Tirol do Sul. Ao mesmo tempo, o Passo dello Stelvio, com seus 2.757 metros de altitude, \u00e9 n\u00e3o s\u00f3 a estrada de passagem mais alta da It\u00e1lia, mas tamb\u00e9m a segunda estrada de passagem mais alta dos Alpes, depois do Col de I&#8217;Iseran. Descubra a \u00fanica passagem de montanha com nossa webcam Stelvio e fique impressionado com as imagens de tirar o f\u00f4lego em tempo real.<\/p>\n\n\n\n<p>O Passo dello Stelvio tamb\u00e9m \u00e9 freq\u00fcentemente referido como a rainha dos desfiladeiros de montanha ou o mais alto parque de divers\u00f5es da Europa. At\u00e9 que ponto essas designa\u00e7\u00f5es realmente se aplicam ao desfiladeiro est\u00e1 inteiramente a seu crit\u00e9rio.<\/p><div id=\"weath-3362524095\" class=\"weath-inhalt_2 weath-entity-placement\" style=\"margin-top: 15px;margin-right: 25px;margin-bottom: 35px;margin-left: 25px;\"><script async src=\"\/\/pagead2.googlesyndication.com\/pagead\/js\/adsbygoogle.js?client=ca-pub-8960936133935804\" crossorigin=\"anonymous\"><\/script><ins class=\"adsbygoogle\" style=\"display:block;\" data-ad-client=\"ca-pub-8960936133935804\" \ndata-ad-slot=\"1963584050\" \ndata-ad-format=\"auto\"><\/ins>\n<script> \n(adsbygoogle = window.adsbygoogle || []).push({}); \n<\/script>\n<\/div>\n\n\n\n<div class=\"wp-block-columns is-layout-flex wp-container-core-columns-is-layout-9d6595d7 wp-block-columns-is-layout-flex\">\n<div class=\"wp-block-column webcam-column is-layout-flow wp-block-column-is-layout-flow\">\n<h3 class=\"has-text-align-center wp-block-heading\"> \ud83d\udd34 <strong>Webcam<\/strong> <strong>Stelvio-<\/strong> Passo dello Stelvio<\/h3>\n\n\n\n<a name=\"windy-webcam-timelapse-player\" data-id=\"1462286437\" data-play=\"day\" href=\"https:\/\/windy.com\/webcams\/1462286437\" target=\"_blank\" rel=\"noopener\">Minhocas em Valtellina: Stelvio &#8211; Passo dello Stelvio<\/a><script async=\"\" type=\"text\/javascript\" src=\"https:\/\/webcams.windy.com\/webcams\/public\/embed\/script\/player.js\"><\/script>\n<\/div>\n\n\n\n<div class=\"wp-block-column webcam-column is-layout-flow wp-block-column-is-layout-flow\">\n<h3 class=\"has-text-align-center wp-block-heading\"> \ud83d\udd34 <strong>Webcam Stelvio<\/strong> &#8211; Sul<\/h3>\n\n\n\n<a name=\"windy-webcam-timelapse-player\" data-id=\"1462286446\" data-play=\"day\" href=\"https:\/\/windy.com\/webcams\/1462286446\" target=\"_blank\" rel=\"noopener\">Minhocas em Valtellina: Stelvio &#8211; Passo dello Stelvio<\/a><script async=\"\" type=\"text\/javascript\" src=\"https:\/\/webcams.windy.com\/webcams\/public\/embed\/script\/player.js\"><\/script>\n<\/div>\n<\/div>\n\n\n\n<div class=\"wp-block-columns is-layout-flex wp-container-core-columns-is-layout-9d6595d7 wp-block-columns-is-layout-flex\">\n<div class=\"wp-block-column webcam-column is-layout-flow wp-block-column-is-layout-flow\">\n<h3 class=\"has-text-align-center wp-block-heading\"> \ud83d\udd34 <strong>Webcam<\/strong> <strong>Stelvio<\/strong> &#8211; Minhocas em Valtellina<\/h3>\n\n\n\n<a name=\"windy-webcam-timelapse-player\" data-id=\"1462286441\" data-play=\"day\" href=\"https:\/\/windy.com\/webcams\/1462286441\" target=\"_blank\" rel=\"noopener\">Minhocas em Valtellina: Stelvio &#8211; Passo dello Stelvio<\/a><script async=\"\" type=\"text\/javascript\" src=\"https:\/\/webcams.windy.com\/webcams\/public\/embed\/script\/player.js\"><\/script>\n<\/div>\n\n\n\n<div class=\"wp-block-column webcam-column is-layout-flow wp-block-column-is-layout-flow\">\n<h3 class=\"has-text-align-center wp-block-heading\"> \ud83d\udd34 <strong>Webcam Stelvio<\/strong> &#8211; Stelvio<\/h3>\n\n\n\n<a name=\"windy-webcam-timelapse-player\" data-id=\"1203067603\" data-play=\"day\" href=\"https:\/\/windy.com\/webcams\/1203067603\" target=\"_blank\" rel=\"noopener\">Stilfs<\/a><script async=\"\" type=\"text\/javascript\" src=\"https:\/\/webcams.windy.com\/webcams\/public\/embed\/script\/player.js\"><\/script>\n<\/div>\n<\/div>\n\n\n\n<div class=\"wp-block-columns is-layout-flex wp-container-core-columns-is-layout-9d6595d7 wp-block-columns-is-layout-flex\">\n<div class=\"wp-block-column webcam-column is-layout-flow wp-block-column-is-layout-flow\">\n<h3 class=\"has-text-align-center wp-block-heading\"> \ud83d\udd34 <strong>Webcam<strong> Stelvio &#8211;<\/strong><\/strong> Declive<\/h3>\n\n\n\n<a name=\"windy-webcam-timelapse-player\" data-id=\"1203067577\" data-play=\"day\" href=\"https:\/\/windy.com\/webcams\/1203067577\" target=\"_blank\" rel=\"noopener\">Stilfs: LIVRIO &#8211; Passo &#8211; PISTE sci estivo<\/a><script async=\"\" type=\"text\/javascript\" src=\"https:\/\/webcams.windy.com\/webcams\/public\/embed\/script\/player.js\"><\/script>\n<\/div>\n\n\n\n<div class=\"wp-block-column webcam-column is-layout-flow wp-block-column-is-layout-flow\">\n<h3 class=\"has-text-align-center wp-block-heading\"> \ud83d\udd34 <strong>Webcam Stelvio<\/strong> &#8211; Centro<\/h3>\n\n\n\n<a name=\"windy-webcam-timelapse-player\" data-id=\"1347450910\" data-play=\"day\" href=\"https:\/\/windy.com\/webcams\/1347450910\" target=\"_blank\" rel=\"noopener\">Stilfs: Passo dello<\/a><script async=\"\" type=\"text\/javascript\" src=\"https:\/\/webcams.windy.com\/webcams\/public\/embed\/script\/player.js\"><\/script>\n<\/div>\n<\/div>\n\n\n\n<div class=\"wp-block-columns is-layout-flex wp-container-core-columns-is-layout-9d6595d7 wp-block-columns-is-layout-flex\">\n<div class=\"wp-block-column webcam-column is-layout-flow wp-block-column-is-layout-flow\">\n<h3 class=\"has-text-align-center wp-block-heading\"> \ud83d\udd34 <strong>Webcam Stelvio<\/strong> &#8211; Terrazza Pirovano<\/h3>\n\n\n\n<a name=\"windy-webcam-timelapse-player\" data-id=\"1399533446\" data-play=\"day\" href=\"https:\/\/windy.com\/webcams\/1399533446\" target=\"_blank\" rel=\"noopener\">Stilfs: Terrazza Pirovano<\/a><script async=\"\" type=\"text\/javascript\" src=\"https:\/\/webcams.windy.com\/webcams\/public\/embed\/script\/player.js\"><\/script>\n<\/div>\n\n\n\n<div class=\"wp-block-column webcam-column is-layout-flow wp-block-column-is-layout-flow\">\n<h3 class=\"has-text-align-center wp-block-heading\"> \ud83d\udd34 <strong>Webcam Stelvio<\/strong> &#8211; Norte<\/h3>\n\n\n\n<a name=\"windy-webcam-timelapse-player\" data-id=\"1203094581\" data-play=\"day\" href=\"https:\/\/windy.com\/webcams\/1203094581\" target=\"_blank\" rel=\"noopener\">Stilfs: PASSO &#8211; WEBCAM<\/a><script async=\"\" type=\"text\/javascript\" src=\"https:\/\/webcams.windy.com\/webcams\/public\/embed\/script\/player.js\"><\/script>\n<\/div>\n<\/div>\n\n\n\n<h2 class=\"wp-block-heading\" id=\"fort-mahon-today\"><strong>Radar meteorol\u00f3gico Stelvio &#8211; O tempo em Stelvio<\/strong><\/h2>\n\n\n\n<p>Nossa webcam Stelvio mant\u00e9m o senhor em tempo real informa\u00e7\u00f5es valiosas sobre as condi\u00e7\u00f5es clim\u00e1ticas atuais no local. Essas informa\u00e7\u00f5es meteorol\u00f3gicas abrangentes s\u00e3o complementadas por nosso radar meteorol\u00f3gico, que mostra n\u00e3o apenas uma previs\u00e3o meteorol\u00f3gica atualizada, mas tamb\u00e9m as \u00e1reas de precipita\u00e7\u00e3o atuais. Todas as \u00e1reas de precipita\u00e7\u00e3o s\u00e3o marcadas em cores diferentes, dependendo de sua intensidade. As \u00e1reas azuis e verdes indicam baixa precipita\u00e7\u00e3o, enquanto as \u00e1reas roxas e vermelhas significam precipita\u00e7\u00e3o mais pesada com poss\u00edvel potencial clim\u00e1tico severo. Al\u00e9m disso, nosso radar meteorol\u00f3gico tamb\u00e9m mostra todas as trovoadas atuais com um pequeno s\u00edmbolo de rel\u00e2mpago. Portanto, com nossa webcam e nosso radar meteorol\u00f3gico o senhor est\u00e1 sempre bem informado sobre as condi\u00e7\u00f5es clim\u00e1ticas atuais em Stelvio.<\/p>\n\n\n\n<div class=\"wp-block-columns is-layout-flex wp-container-core-columns-is-layout-9d6595d7 wp-block-columns-is-layout-flex\">\n<div class=\"wp-block-column is-layout-flow wp-block-column-is-layout-flow\" style=\"flex-basis:75%\">\n<iframe loading=\"lazy\" width=\"1300\" height=\"502\" src=\"https:\/\/embed.windy.com\/embed2.html?lat=46.529&amp;lon=10.439&amp;detailLat=46.529&amp;detailLon=10.439&amp;width=1300&amp;height=502&amp;zoom=11&amp;level=surface&amp;overlay=rain&amp;product=ecmwf&amp;menu=&amp;message=&amp;marker=&amp;calendar=now&amp;pressure=&amp;type=map&amp;location=coordinates&amp;detail=&amp;metricWind=default&amp;metricTemp=default&amp;radarRange=-1\" frameborder=\"0\"><\/iframe>\n<\/div>\n\n\n\n<div class=\"wp-block-column is-layout-flow wp-block-column-is-layout-flow\" style=\"flex-basis:25%\">\n<a class=\"weatherwidget-io\" href=\"https:\/\/forecast7.com\/pt\/46d6010d54\/stilfs\/\" data-label_1=\"STELVIO\" data-theme=\"original\" >STELVIO<\/a>\n<script>\n!function(d,s,id){var js,fjs=d.getElementsByTagName(s)[0];if(!d.getElementById(id)){js=d.createElement(s);js.id=id;js.src='https:\/\/weatherwidget.io\/js\/widget.min.js';fjs.parentNode.insertBefore(js,fjs);}}(document,'script','weatherwidget-io-js');\n<\/script>\n<\/div>\n<\/div>\n\n\n\n<h2 class=\"wp-block-heading\" id=\"fort-mahon-weather\"><strong>O clima em Stelvio<\/strong><\/h2>\n\n\n\n<p>Stelvio pertence \u00e0 zona clim\u00e1tica de latitudes m\u00e9dias e se caracteriza por seu clima continental. A temperatura m\u00e9dia anual aqui \u00e9 de 18\u00b0C, com uma dura\u00e7\u00e3o m\u00e9dia de 5 horas de sol por dia. Durante os meses de ver\u00e3o, as temperaturas sobem, de maneira que os valores m\u00e1ximos aqui s\u00e3o em m\u00e9dia de 29\u00b0C em julho. No inverno, por outro lado, as temperaturas voltam a cair significativamente, sendo janeiro o m\u00eas mais frio, com uma m\u00e9dia de -10\u00b0C.<\/p>\n\n\n\n<h2 class=\"wp-block-heading\"><strong>Atra\u00e7\u00f5es em Stelvio<\/strong><\/h2>\n\n\n\n<p>A estrada de Passo dello Stelvio \u00e9 pavimentada em toda a sua extens\u00e3o e est\u00e1 aberta ao tr\u00e1fego entre maio e novembro. Durante esses meses ela \u00e9 muito movimentada, porque as 48 curvas do desfiladeiro atraem especialmente os motociclistas. Assim, todos os anos, na primeira semana de julho, se realiza aqui o encontro internacional, onde se re\u00fanem centenas de motociclistas. Mas tamb\u00e9m para os motociclistas a estrada do desfiladeiro com seu magn\u00edfico entorno e o grandioso panorama montanhoso no meio dos Alpes vale a pena ser percorrido. Isso porque o Passo dello Stelvio est\u00e1 localizado no pitoresco Parque Nacional Stilfser Joch, emoldurado pelos picos do maci\u00e7o de Ortler. Um verdadeiro desafio aguarda todos os entusiastas do ciclismo no Passo dello Stelvio. Especialmente no dia da bicicleta sem carro, o Passo Stelvio se torna um destino popular para os ciclistas de estrada.<\/p>\n","protected":false},"excerpt":{"rendered":"<p>Webcam Stelvio O Passo dello Stelvio, tamb\u00e9m conhecido como Passo Stelvio, est\u00e1 localizado nos Alpes Ortles e liga a cidade de Bormio, na Lombardia, com a cidade de Prad, no Tirol do Sul. Ao mesmo tempo, o Passo dello Stelvio, com seus 2.757 metros de altitude, \u00e9 n\u00e3o s\u00f3 a estrada de passagem mais alta &#8230; <a title=\"Webcam Stelvio\" class=\"read-more\" href=\"https:\/\/weather-radar-live.com\/pt-br\/webcam\/italia\/webcam-stelvio\/\" aria-label=\"Read more about Webcam Stelvio\">Ler mais<\/a><\/p>\n","protected":false},"author":1,"featured_media":6513,"parent":4311,"menu_order":0,"comment_status":"closed","ping_status":"closed","template":"","meta":{"footnotes":""},"class_list":["post-6577","page","type-page","status-publish","has-post-thumbnail"],"yoast_head":"<!-- This site is optimized with the Yoast SEO plugin v27.3 - https:\/\/yoast.com\/product\/yoast-seo-wordpress\/ -->\n<title>Webcam Stelvio \u2192 Assista-o ao vivo!<\/title>\n<meta name=\"description\" content=\"Webcam Stelvio | Livecam of Stelvio! \u2705 Atualizado para voc\u00ea em tempo real! \u2705 Previs\u00e3o do tempo atual!\" \/>\n<meta name=\"robots\" content=\"index, follow, max-snippet:-1, max-image-preview:large, max-video-preview:-1\" \/>\n<link rel=\"canonical\" href=\"https:\/\/weather-radar-live.com\/pt-br\/webcam\/italia\/webcam-stelvio\/\" \/>\n<meta property=\"og:locale\" content=\"pt_BR\" \/>\n<meta property=\"og:type\" content=\"article\" \/>\n<meta property=\"og:title\" content=\"Webcam Stelvio \u2192 Assista-o ao vivo!\" \/>\n<meta property=\"og:description\" content=\"Webcam Stelvio | Livecam of Stelvio! \u2705 Atualizado para voc\u00ea em tempo real! \u2705 Previs\u00e3o do tempo atual!\" \/>\n<meta property=\"og:url\" content=\"https:\/\/weather-radar-live.com\/pt-br\/webcam\/italia\/webcam-stelvio\/\" \/>\n<meta property=\"og:site_name\" content=\"weather-radar-live.com\" \/>\n<meta property=\"article:modified_time\" content=\"2022-08-11T13:21:09+00:00\" \/>\n<meta property=\"og:image\" content=\"https:\/\/weather-radar-live.com\/wp-content\/uploads\/2022\/08\/Webcam-Stelvio-e1660149388700.jpg\" \/>\n\t<meta property=\"og:image:width\" content=\"1895\" \/>\n\t<meta property=\"og:image:height\" content=\"735\" \/>\n\t<meta property=\"og:image:type\" content=\"image\/jpeg\" \/>\n<meta name=\"twitter:card\" content=\"summary_large_image\" \/>\n<meta name=\"twitter:label1\" content=\"Est. tempo de leitura\" \/>\n\t<meta name=\"twitter:data1\" content=\"3 minutos\" \/>\n<script type=\"application\/ld+json\" class=\"yoast-schema-graph\">{\"@context\":\"https:\\\/\\\/schema.org\",\"@graph\":[{\"@type\":\"WebPage\",\"@id\":\"https:\\\/\\\/weather-radar-live.com\\\/pt-br\\\/webcam\\\/italia\\\/webcam-stelvio\\\/\",\"url\":\"https:\\\/\\\/weather-radar-live.com\\\/pt-br\\\/webcam\\\/italia\\\/webcam-stelvio\\\/\",\"name\":\"Webcam Stelvio \u2192 Assista-o ao vivo!\",\"isPartOf\":{\"@id\":\"https:\\\/\\\/weather-radar-live.com\\\/#website\"},\"primaryImageOfPage\":{\"@id\":\"https:\\\/\\\/weather-radar-live.com\\\/pt-br\\\/webcam\\\/italia\\\/webcam-stelvio\\\/#primaryimage\"},\"image\":{\"@id\":\"https:\\\/\\\/weather-radar-live.com\\\/pt-br\\\/webcam\\\/italia\\\/webcam-stelvio\\\/#primaryimage\"},\"thumbnailUrl\":\"https:\\\/\\\/weather-radar-live.com\\\/wp-content\\\/uploads\\\/2022\\\/08\\\/Webcam-Stelvio-e1660149388700.jpg\",\"datePublished\":\"2022-08-11T13:18:11+00:00\",\"dateModified\":\"2022-08-11T13:21:09+00:00\",\"description\":\"Webcam Stelvio | Livecam of Stelvio! \u2705 Atualizado para voc\u00ea em tempo real! \u2705 Previs\u00e3o do tempo atual!\",\"breadcrumb\":{\"@id\":\"https:\\\/\\\/weather-radar-live.com\\\/pt-br\\\/webcam\\\/italia\\\/webcam-stelvio\\\/#breadcrumb\"},\"inLanguage\":\"pt-BR\",\"potentialAction\":[{\"@type\":\"ReadAction\",\"target\":[\"https:\\\/\\\/weather-radar-live.com\\\/pt-br\\\/webcam\\\/italia\\\/webcam-stelvio\\\/\"]}]},{\"@type\":\"ImageObject\",\"inLanguage\":\"pt-BR\",\"@id\":\"https:\\\/\\\/weather-radar-live.com\\\/pt-br\\\/webcam\\\/italia\\\/webcam-stelvio\\\/#primaryimage\",\"url\":\"https:\\\/\\\/weather-radar-live.com\\\/wp-content\\\/uploads\\\/2022\\\/08\\\/Webcam-Stelvio-e1660149388700.jpg\",\"contentUrl\":\"https:\\\/\\\/weather-radar-live.com\\\/wp-content\\\/uploads\\\/2022\\\/08\\\/Webcam-Stelvio-e1660149388700.jpg\",\"width\":1895,\"height\":735,\"caption\":\"Webcam Stelvio\"},{\"@type\":\"BreadcrumbList\",\"@id\":\"https:\\\/\\\/weather-radar-live.com\\\/pt-br\\\/webcam\\\/italia\\\/webcam-stelvio\\\/#breadcrumb\",\"itemListElement\":[{\"@type\":\"ListItem\",\"position\":1,\"name\":\"Weather Radar Live\",\"item\":\"https:\\\/\\\/weather-radar-live.com\\\/pt-br\\\/\"},{\"@type\":\"ListItem\",\"position\":2,\"name\":\"Webcam\",\"item\":\"https:\\\/\\\/weather-radar-live.com\\\/pt-br\\\/webcam\\\/\"},{\"@type\":\"ListItem\",\"position\":3,\"name\":\"It\u00e1lia\",\"item\":\"https:\\\/\\\/weather-radar-live.com\\\/pt-br\\\/webcam\\\/italia\\\/\"},{\"@type\":\"ListItem\",\"position\":4,\"name\":\"Webcam Stelvio\"}]},{\"@type\":\"WebSite\",\"@id\":\"https:\\\/\\\/weather-radar-live.com\\\/#website\",\"url\":\"https:\\\/\\\/weather-radar-live.com\\\/\",\"name\":\"weather-radar-live.com\",\"description\":\"Your weather and sky radar.\",\"publisher\":{\"@id\":\"https:\\\/\\\/weather-radar-live.com\\\/#organization\"},\"potentialAction\":[{\"@type\":\"SearchAction\",\"target\":{\"@type\":\"EntryPoint\",\"urlTemplate\":\"https:\\\/\\\/weather-radar-live.com\\\/?s={search_term_string}\"},\"query-input\":{\"@type\":\"PropertyValueSpecification\",\"valueRequired\":true,\"valueName\":\"search_term_string\"}}],\"inLanguage\":\"pt-BR\"},{\"@type\":\"Organization\",\"@id\":\"https:\\\/\\\/weather-radar-live.com\\\/#organization\",\"name\":\"weather-radar-live.com\",\"url\":\"https:\\\/\\\/weather-radar-live.com\\\/\",\"logo\":{\"@type\":\"ImageObject\",\"inLanguage\":\"pt-BR\",\"@id\":\"https:\\\/\\\/weather-radar-live.com\\\/#\\\/schema\\\/logo\\\/image\\\/\",\"url\":\"https:\\\/\\\/weather-radar-live.com\\\/wp-content\\\/uploads\\\/2022\\\/03\\\/cropped-WRL2503.png\",\"contentUrl\":\"https:\\\/\\\/weather-radar-live.com\\\/wp-content\\\/uploads\\\/2022\\\/03\\\/cropped-WRL2503.png\",\"width\":1920,\"height\":555,\"caption\":\"weather-radar-live.com\"},\"image\":{\"@id\":\"https:\\\/\\\/weather-radar-live.com\\\/#\\\/schema\\\/logo\\\/image\\\/\"}}]}<\/script>\n<!-- \/ Yoast SEO plugin. -->","yoast_head_json":{"title":"Webcam Stelvio \u2192 Assista-o ao vivo!","description":"Webcam Stelvio | Livecam of Stelvio! \u2705 Atualizado para voc\u00ea em tempo real! \u2705 Previs\u00e3o do tempo atual!","robots":{"index":"index","follow":"follow","max-snippet":"max-snippet:-1","max-image-preview":"max-image-preview:large","max-video-preview":"max-video-preview:-1"},"canonical":"https:\/\/weather-radar-live.com\/pt-br\/webcam\/italia\/webcam-stelvio\/","og_locale":"pt_BR","og_type":"article","og_title":"Webcam Stelvio \u2192 Assista-o ao vivo!","og_description":"Webcam Stelvio | Livecam of Stelvio! \u2705 Atualizado para voc\u00ea em tempo real! \u2705 Previs\u00e3o do tempo atual!","og_url":"https:\/\/weather-radar-live.com\/pt-br\/webcam\/italia\/webcam-stelvio\/","og_site_name":"weather-radar-live.com","article_modified_time":"2022-08-11T13:21:09+00:00","og_image":[{"width":1895,"height":735,"url":"https:\/\/weather-radar-live.com\/wp-content\/uploads\/2022\/08\/Webcam-Stelvio-e1660149388700.jpg","type":"image\/jpeg"}],"twitter_card":"summary_large_image","twitter_misc":{"Est. tempo de leitura":"3 minutos"},"schema":{"@context":"https:\/\/schema.org","@graph":[{"@type":"WebPage","@id":"https:\/\/weather-radar-live.com\/pt-br\/webcam\/italia\/webcam-stelvio\/","url":"https:\/\/weather-radar-live.com\/pt-br\/webcam\/italia\/webcam-stelvio\/","name":"Webcam Stelvio \u2192 Assista-o ao vivo!","isPartOf":{"@id":"https:\/\/weather-radar-live.com\/#website"},"primaryImageOfPage":{"@id":"https:\/\/weather-radar-live.com\/pt-br\/webcam\/italia\/webcam-stelvio\/#primaryimage"},"image":{"@id":"https:\/\/weather-radar-live.com\/pt-br\/webcam\/italia\/webcam-stelvio\/#primaryimage"},"thumbnailUrl":"https:\/\/weather-radar-live.com\/wp-content\/uploads\/2022\/08\/Webcam-Stelvio-e1660149388700.jpg","datePublished":"2022-08-11T13:18:11+00:00","dateModified":"2022-08-11T13:21:09+00:00","description":"Webcam Stelvio | Livecam of Stelvio! \u2705 Atualizado para voc\u00ea em tempo real! \u2705 Previs\u00e3o do tempo atual!","breadcrumb":{"@id":"https:\/\/weather-radar-live.com\/pt-br\/webcam\/italia\/webcam-stelvio\/#breadcrumb"},"inLanguage":"pt-BR","potentialAction":[{"@type":"ReadAction","target":["https:\/\/weather-radar-live.com\/pt-br\/webcam\/italia\/webcam-stelvio\/"]}]},{"@type":"ImageObject","inLanguage":"pt-BR","@id":"https:\/\/weather-radar-live.com\/pt-br\/webcam\/italia\/webcam-stelvio\/#primaryimage","url":"https:\/\/weather-radar-live.com\/wp-content\/uploads\/2022\/08\/Webcam-Stelvio-e1660149388700.jpg","contentUrl":"https:\/\/weather-radar-live.com\/wp-content\/uploads\/2022\/08\/Webcam-Stelvio-e1660149388700.jpg","width":1895,"height":735,"caption":"Webcam Stelvio"},{"@type":"BreadcrumbList","@id":"https:\/\/weather-radar-live.com\/pt-br\/webcam\/italia\/webcam-stelvio\/#breadcrumb","itemListElement":[{"@type":"ListItem","position":1,"name":"Weather Radar Live","item":"https:\/\/weather-radar-live.com\/pt-br\/"},{"@type":"ListItem","position":2,"name":"Webcam","item":"https:\/\/weather-radar-live.com\/pt-br\/webcam\/"},{"@type":"ListItem","position":3,"name":"It\u00e1lia","item":"https:\/\/weather-radar-live.com\/pt-br\/webcam\/italia\/"},{"@type":"ListItem","position":4,"name":"Webcam Stelvio"}]},{"@type":"WebSite","@id":"https:\/\/weather-radar-live.com\/#website","url":"https:\/\/weather-radar-live.com\/","name":"weather-radar-live.com","description":"Your weather and sky radar.","publisher":{"@id":"https:\/\/weather-radar-live.com\/#organization"},"potentialAction":[{"@type":"SearchAction","target":{"@type":"EntryPoint","urlTemplate":"https:\/\/weather-radar-live.com\/?s={search_term_string}"},"query-input":{"@type":"PropertyValueSpecification","valueRequired":true,"valueName":"search_term_string"}}],"inLanguage":"pt-BR"},{"@type":"Organization","@id":"https:\/\/weather-radar-live.com\/#organization","name":"weather-radar-live.com","url":"https:\/\/weather-radar-live.com\/","logo":{"@type":"ImageObject","inLanguage":"pt-BR","@id":"https:\/\/weather-radar-live.com\/#\/schema\/logo\/image\/","url":"https:\/\/weather-radar-live.com\/wp-content\/uploads\/2022\/03\/cropped-WRL2503.png","contentUrl":"https:\/\/weather-radar-live.com\/wp-content\/uploads\/2022\/03\/cropped-WRL2503.png","width":1920,"height":555,"caption":"weather-radar-live.com"},"image":{"@id":"https:\/\/weather-radar-live.com\/#\/schema\/logo\/image\/"}}]}},"_links":{"self":[{"href":"https:\/\/weather-radar-live.com\/pt-br\/wp-json\/wp\/v2\/pages\/6577","targetHints":{"allow":["GET"]}}],"collection":[{"href":"https:\/\/weather-radar-live.com\/pt-br\/wp-json\/wp\/v2\/pages"}],"about":[{"href":"https:\/\/weather-radar-live.com\/pt-br\/wp-json\/wp\/v2\/types\/page"}],"author":[{"embeddable":true,"href":"https:\/\/weather-radar-live.com\/pt-br\/wp-json\/wp\/v2\/users\/1"}],"replies":[{"embeddable":true,"href":"https:\/\/weather-radar-live.com\/pt-br\/wp-json\/wp\/v2\/comments?post=6577"}],"version-history":[{"count":2,"href":"https:\/\/weather-radar-live.com\/pt-br\/wp-json\/wp\/v2\/pages\/6577\/revisions"}],"predecessor-version":[{"id":6601,"href":"https:\/\/weather-radar-live.com\/pt-br\/wp-json\/wp\/v2\/pages\/6577\/revisions\/6601"}],"up":[{"embeddable":true,"href":"https:\/\/weather-radar-live.com\/pt-br\/wp-json\/wp\/v2\/pages\/4311"}],"wp:featuredmedia":[{"embeddable":true,"href":"https:\/\/weather-radar-live.com\/pt-br\/wp-json\/wp\/v2\/media\/6513"}],"wp:attachment":[{"href":"https:\/\/weather-radar-live.com\/pt-br\/wp-json\/wp\/v2\/media?parent=6577"}],"curies":[{"name":"wp","href":"https:\/\/api.w.org\/{rel}","templated":true}]}}