{"id":6280,"date":"2022-08-04T21:16:14","date_gmt":"2022-08-04T19:16:14","guid":{"rendered":"https:\/\/weather-radar-live.com\/?page_id=6280"},"modified":"2022-08-04T21:18:11","modified_gmt":"2022-08-04T19:18:11","slug":"webcam-abetone","status":"publish","type":"page","link":"https:\/\/weather-radar-live.com\/pt-br\/webcam\/italia\/webcam-abetone\/","title":{"rendered":"Webcam Abetone"},"content":{"rendered":"<div id=\"weath-780418604\" class=\"weath-vor-dem-inhalt weath-entity-placement\" style=\"margin-top: 15px;margin-right: 25px;margin-bottom: 40px;margin-left: 25px;\"><script async src=\"\/\/pagead2.googlesyndication.com\/pagead\/js\/adsbygoogle.js?client=ca-pub-8960936133935804\" crossorigin=\"anonymous\"><\/script><ins class=\"adsbygoogle\" style=\"display:block;\" data-ad-client=\"ca-pub-8960936133935804\" \ndata-ad-slot=\"6172817020\" \ndata-ad-format=\"auto\"><\/ins>\n<script> \n(adsbygoogle = window.adsbygoogle || []).push({}); \n<\/script>\n<\/div>\n<div class=\"wp-block-cover alignfull is-light\"><span aria-hidden=\"true\" class=\"wp-block-cover__gradient-background has-background-dim\"><\/span><img decoding=\"async\" class=\"wp-block-cover__image-background wp-image-342\" alt=\"Webcam Abetone\n\" src=\"https:\/\/weather-radar-live.com\/wp-content\/uploads\/2021\/06\/sam-schooler-E9aetBe2w40-unsplash-e1622554814366.jpg\" data-object-fit=\"cover\"\/><div class=\"wp-block-cover__inner-container is-layout-flow wp-block-cover-is-layout-flow\">\n<h2 class=\"has-text-align-center heading wp-block-heading\" id=\"webcam-fort-mahon\" style=\"font-size:40px\"><strong><mark style=\"background-color:rgba(0, 0, 0, 0)\" class=\"has-inline-color has-base-3-color\">WEBCAM <\/mark><\/strong><br><strong><mark style=\"background-color:rgba(0, 0, 0, 0)\" class=\"has-inline-color has-base-3-color\">ABETONE<\/mark><\/strong><\/h2>\n<\/div><\/div>\n\n\n<div class=\"yoast-breadcrumbs\"><span><span><a href=\"https:\/\/weather-radar-live.com\/pt-br\/\">Weather Radar Live<\/a><\/span> \u00bb <span><a href=\"https:\/\/weather-radar-live.com\/pt-br\/webcam\/\">Webcam<\/a><\/span> \u00bb <span><a href=\"https:\/\/weather-radar-live.com\/pt-br\/webcam\/italia\/\">It\u00e1lia<\/a><\/span> \u00bb <span class=\"breadcrumb_last\" aria-current=\"page\"><strong>Webcam Abetone<\/strong><\/span><\/span><\/div>\n\n\n<h2 class=\"has-text-align-center wp-block-heading\" id=\"webcam-fort-mahon\"><strong>Webcam Abetone<\/strong><\/h2>\n\n\n\n<p>O vilarejo gerenci\u00e1vel de 700 habitantes de Abetone est\u00e1 localizado na fronteira norte da Toscana. Mas a cidade tem muito mais a oferecer do que apenas sol, praia e mar. Pois Abetone tem uma grande \u00e1rea de esportes de inverno, que recebe seus visitantes com numerosas pistas de esqui de fundo e elevadores. Tenha uma primeira impress\u00e3o da vers\u00e1til cidade com a webcam Abetone e deixe-se inspirar pelas vers\u00e1teis possibilidades esportivas.<\/p>\n\n\n\n<p>Descubra a maior esta\u00e7\u00e3o de esqui da It\u00e1lia central, localizada no cora\u00e7\u00e3o de Montagna Pistoiese, um para\u00edso para os entusiastas dos esportes de inverno e para os veranistas ativos. Em meio a grandes paisagens e numerosos parques naturais, aqui o senhor experimentar\u00e1 um panorama de montanha de tirar o f\u00f4lego que o convida a relaxar e fazer esportes tanto no inverno como no ver\u00e3o.<\/p><div id=\"weath-3650975246\" class=\"weath-inhalt_2 weath-entity-placement\" style=\"margin-top: 15px;margin-right: 25px;margin-bottom: 35px;margin-left: 25px;\"><script async src=\"\/\/pagead2.googlesyndication.com\/pagead\/js\/adsbygoogle.js?client=ca-pub-8960936133935804\" crossorigin=\"anonymous\"><\/script><ins class=\"adsbygoogle\" style=\"display:block;\" data-ad-client=\"ca-pub-8960936133935804\" \ndata-ad-slot=\"1963584050\" \ndata-ad-format=\"auto\"><\/ins>\n<script> \n(adsbygoogle = window.adsbygoogle || []).push({}); \n<\/script>\n<\/div>\n\n\n\n<div class=\"wp-block-columns is-layout-flex wp-container-core-columns-is-layout-9d6595d7 wp-block-columns-is-layout-flex\">\n<div class=\"wp-block-column webcam-column is-layout-flow wp-block-column-is-layout-flow\">\n<h3 class=\"has-text-align-center wp-block-heading\"> \ud83d\udd34 <strong>Webcam<\/strong> <strong>Abetone<\/strong> &#8211; Nordeste<\/h3>\n\n\n\n<a name=\"windy-webcam-timelapse-player\" data-id=\"1609329335\" data-play=\"day\" href=\"https:\/\/windy.com\/webcams\/1609329335\" target=\"_blank\" rel=\"noopener\">Abetone Cutigliano &#8216; Nordeste<\/a><script async=\"\" type=\"text\/javascript\" src=\"https:\/\/webcams.windy.com\/webcams\/public\/embed\/script\/player.js\"><\/script>\n<\/div>\n\n\n\n<div class=\"wp-block-column webcam-column is-layout-flow wp-block-column-is-layout-flow\">\n<h3 class=\"has-text-align-center wp-block-heading\"> \ud83d\udd34 <strong>Webcam Abetone<\/strong> &#8211; Via Val di Luce<\/h3>\n\n\n\n<a name=\"windy-webcam-timelapse-player\" data-id=\"1582187405\" data-play=\"day\" href=\"https:\/\/windy.com\/webcams\/1582187405\" target=\"_blank\" rel=\"noopener\">Abetone Cutigliano: Via Val di Luce &#8211; Abetone<\/a><script async=\"\" type=\"text\/javascript\" src=\"https:\/\/webcams.windy.com\/webcams\/public\/embed\/script\/player.js\"><\/script>\n<\/div>\n<\/div>\n\n\n\n<div class=\"wp-block-columns is-layout-flex wp-container-core-columns-is-layout-9d6595d7 wp-block-columns-is-layout-flex\">\n<div class=\"wp-block-column webcam-column is-layout-flow wp-block-column-is-layout-flow\">\n<h3 class=\"has-text-align-center wp-block-heading\"> \ud83d\udd34 <strong>Webcam<\/strong> <strong>Abetone<\/strong> &#8211; Via Val di Luce (Norte)<\/h3>\n\n\n\n<a name=\"windy-webcam-timelapse-player\" data-id=\"1638158265\" data-play=\"day\" href=\"https:\/\/windy.com\/webcams\/1638158265\" target=\"_blank\" rel=\"noopener\">Abetone Cutigliano &#8216; Norte: Via Val di Luce<\/a><script async=\"\" type=\"text\/javascript\" src=\"https:\/\/webcams.windy.com\/webcams\/public\/embed\/script\/player.js\"><\/script>\n<\/div>\n\n\n\n<div class=\"wp-block-column webcam-column is-layout-flow wp-block-column-is-layout-flow\">\n<h3 class=\"has-text-align-center wp-block-heading\"> \ud83d\udd34 <strong>Webcam <strong><strong><strong>Abetone<\/strong><\/strong><\/strong><\/strong> &#8211; Via Val di Luce (Sul) <\/h3>\n\n\n\n<a name=\"windy-webcam-timelapse-player\" data-id=\"1651049363\" data-play=\"day\" href=\"https:\/\/windy.com\/webcams\/1651049363\" target=\"_blank\" rel=\"noopener\">Abetone Cutigliano&#8217; Sul: Via Val di Luce<\/a><script async=\"\" type=\"text\/javascript\" src=\"https:\/\/webcams.windy.com\/webcams\/public\/embed\/script\/player.js\"><\/script>\n<\/div>\n<\/div>\n\n\n\n<div class=\"wp-block-columns is-layout-flex wp-container-core-columns-is-layout-9d6595d7 wp-block-columns-is-layout-flex\">\n<div class=\"wp-block-column webcam-column is-layout-flow wp-block-column-is-layout-flow\">\n<h3 class=\"has-text-align-center wp-block-heading\"> \ud83d\udd34 <strong>Webcam<strong> Abetone &#8211;<\/strong><\/strong> Via Val di Luce (Sudeste)<\/h3>\n\n\n\n<a name=\"windy-webcam-timelapse-player\" data-id=\"1633083125\" data-play=\"day\" href=\"https:\/\/windy.com\/webcams\/1633083125\" target=\"_blank\" rel=\"noopener\">Abetone Cutigliano&#8217; sudeste: Monte Gomito &#8211; Via Val di Luce<\/a><script async=\"\" type=\"text\/javascript\" src=\"https:\/\/webcams.windy.com\/webcams\/public\/embed\/script\/player.js\"><\/script>\n<\/div>\n\n\n\n<div class=\"wp-block-column webcam-column is-layout-flow wp-block-column-is-layout-flow\">\n<h3 class=\"has-text-align-center wp-block-heading\"> \ud83d\udd34 <strong>Webcam <strong><strong><strong>Abetone<\/strong><\/strong><\/strong><\/strong> &#8211; (Nordeste)<\/h3>\n\n\n\n<a name=\"windy-webcam-timelapse-player\" data-id=\"1638976612\" data-play=\"day\" href=\"https:\/\/windy.com\/webcams\/1638976612\" target=\"_blank\" rel=\"noopener\">Abetone Cutigliano &#8216; Nordeste<\/a><script async=\"\" type=\"text\/javascript\" src=\"https:\/\/webcams.windy.com\/webcams\/public\/embed\/script\/player.js\"><\/script>\n<\/div>\n<\/div>\n\n\n\n<div class=\"wp-block-columns is-layout-flex wp-container-core-columns-is-layout-9d6595d7 wp-block-columns-is-layout-flex\">\n<div class=\"wp-block-column webcam-column is-layout-flow wp-block-column-is-layout-flow\">\n<h3 class=\"has-text-align-center wp-block-heading\"> \ud83d\udd34 <strong>Webcam <strong><strong><strong>Abetone<\/strong><\/strong><\/strong><\/strong> &#8211; Passo di Annibale<\/h3>\n\n\n\n<a name=\"windy-webcam-timelapse-player\" data-id=\"1654407814\" data-play=\"day\" href=\"https:\/\/windy.com\/webcams\/1654407814\" target=\"_blank\" rel=\"noopener\">Abetone Cutigliano&#8217; Sul: Passo di Annibale<\/a><script async=\"\" type=\"text\/javascript\" src=\"https:\/\/webcams.windy.com\/webcams\/public\/embed\/script\/player.js\"><\/script>\n<\/div>\n\n\n\n<div class=\"wp-block-column webcam-column is-layout-flow wp-block-column-is-layout-flow\">\n<h3 class=\"has-text-align-center wp-block-heading\"> \ud83d\udd34 <strong>Webcam Abetone<\/strong> &#8211; Val di Luce (Piazza Centrale)<\/h3>\n\n\n\n<iframe loading=\"lazy\" width=\"560\" height=\"315\" src=\"https:\/\/www.youtube.com\/embed\/8ySM57gHETU\" title=\"YouTube video player\" frameborder=\"0\" allow=\"accelerometer; autoplay; clipboard-write; encrypted-media; gyroscope; picture-in-picture\" allowfullscreen=\"\"><\/iframe>\n<\/div>\n<\/div>\n\n\n\n<h2 class=\"wp-block-heading\" id=\"fort-mahon-today\"><strong>Radar meteorol\u00f3gico Abetone &#8211; O tempo em Abetone<\/strong><\/h2>\n\n\n\n<p>Com nossa webcam Abetone o senhor poder\u00e1 acompanhar em tempo real as condi\u00e7\u00f5es clim\u00e1ticas atuais da cidade. Al\u00e9m disso, oferecemos ao senhor um radar meteorol\u00f3gico para mant\u00ea-lo informado sobre a previs\u00e3o do tempo atual, bem como sobre as \u00e1reas de precipita\u00e7\u00e3o. Dependendo da intensidade da precipita\u00e7\u00e3o, estas s\u00e3o marcadas com uma cor diferente no mapa. As \u00e1reas azul e verde indicam baixos n\u00edveis de precipita\u00e7\u00e3o. As \u00e1reas roxas e vermelhas, por outro lado, significam precipita\u00e7\u00e3o pesada com poss\u00edvel potencial clim\u00e1tico severo. Al\u00e9m disso, as trovoadas s\u00e3o indicadas por pequenos s\u00edmbolos de raios no radar meteorol\u00f3gico. Gra\u00e7as a essa ampla informa\u00e7\u00e3o de fundo de nossa webcam e radar meteorol\u00f3gico, o senhor est\u00e1 sempre bem informado sobre as condi\u00e7\u00f5es meteorol\u00f3gicas atuais em Abetone.<\/p>\n\n\n\n<div class=\"wp-block-columns is-layout-flex wp-container-core-columns-is-layout-9d6595d7 wp-block-columns-is-layout-flex\">\n<div class=\"wp-block-column is-layout-flow wp-block-column-is-layout-flow\" style=\"flex-basis:75%\">\n<iframe loading=\"lazy\" width=\"1300\" height=\"502\" src=\"https:\/\/embed.windy.com\/embed2.html?lat=44.144&amp;lon=10.639&amp;detailLat=44.144&amp;detailLon=10.639&amp;width=1300&amp;height=502&amp;zoom=11&amp;level=surface&amp;overlay=rain&amp;product=ecmwf&amp;menu=&amp;message=&amp;marker=&amp;calendar=now&amp;pressure=&amp;type=map&amp;location=coordinates&amp;detail=&amp;metricWind=default&amp;metricTemp=default&amp;radarRange=-1\" frameborder=\"0\"><\/iframe>\n<\/div>\n\n\n\n<div class=\"wp-block-column is-layout-flow wp-block-column-is-layout-flow\" style=\"flex-basis:25%\">\n<a class=\"weatherwidget-io\" href=\"https:\/\/forecast7.com\/pt\/44d1410d66\/abetone\/\" data-label_1=\"ABETONE\" data-theme=\"original\" >ABETONE<\/a>\n<script>\n!function(d,s,id){var js,fjs=d.getElementsByTagName(s)[0];if(!d.getElementById(id)){js=d.createElement(s);js.id=id;js.src='https:\/\/weatherwidget.io\/js\/widget.min.js';fjs.parentNode.insertBefore(js,fjs);}}(document,'script','weatherwidget-io-js');\n<\/script>\n<\/div>\n<\/div>\n\n\n\n<h2 class=\"wp-block-heading\" id=\"fort-mahon-weather\"><strong>O clima em Abetone<\/strong><\/h2>\n\n\n\n<p>Abetone \u00e9 caracterizado por um clima quente e temperado. A temperatura m\u00e9dia anual \u00e9 de 9,6\u00b0C, sendo julho o m\u00eas mais quente, com uma temperatura m\u00e9dia de 18,9\u00b0C. O m\u00eas mais frio \u00e9 janeiro, com temperaturas m\u00e9dias de 1,1\u00b0C. Em geral, a cidade tem muita precipita\u00e7\u00e3o, de modo que h\u00e1 uma m\u00e9dia anual de cerca de 1.318 mm de precipita\u00e7\u00e3o. Novembro \u00e9 o m\u00eas com mais precipita\u00e7\u00e3o, com uma m\u00e9dia de 153 mm, e agosto \u00e9 o m\u00eas com menos precipita\u00e7\u00e3o, com cerca de 81 mm.<\/p>\n\n\n\n<h2 class=\"wp-block-heading\"><strong>Atra\u00e7\u00f5es em Abetone<\/strong><\/h2>\n\n\n\n<p>No \u00faltimo s\u00e9culo, a popularidade da Abetone como destino de esportes de inverno e ver\u00e3o cresceu significativamente. No inverno, uma grande \u00e1rea de esqui o espera aqui, com cerca de 30 pistas que t\u00eam um comprimento total de 50 km. As pistas historicamente famosas, como Selletta, Riva e Fivizzani, tamb\u00e9m est\u00e3o inclu\u00eddas na \u00e1rea de esqui Abetone. Mas a cidade n\u00e3o vale apenas uma visita durante os meses de inverno. Gra\u00e7as a sua altitude de cerca de 1.400 metros, as temperaturas s\u00e3o agradavelmente amenas nos meses de ver\u00e3o, quando os turistas ativos podem desfrutar do ar fresco da montanha e do fant\u00e1stico panorama montanhoso em uma caminhada extensa. Portanto, o senhor ser\u00e1 recompensado com uma vista de tirar o f\u00f4lego numa subida ao Monte Cimone, Monte Gomito ou Libro Aperto. Al\u00e9m disso, ciclistas e ciclistas de montanha receber\u00e3o seu dinheiro durante um exuberante passeio de bicicleta pela fascinante paisagem do norte da Toscana. Um final de dia cheio de esportes pode ser encontrado com sucesso nos in\u00fameros restaurantes da cidade, o que o estragar\u00e1 com especialidades t\u00edpicas locais.<\/p>\n","protected":false},"excerpt":{"rendered":"<p>Webcam Abetone O vilarejo gerenci\u00e1vel de 700 habitantes de Abetone est\u00e1 localizado na fronteira norte da Toscana. Mas a cidade tem muito mais a oferecer do que apenas sol, praia e mar. Pois Abetone tem uma grande \u00e1rea de esportes de inverno, que recebe seus visitantes com numerosas pistas de esqui de fundo e elevadores. &#8230; <a title=\"Webcam Abetone\" class=\"read-more\" href=\"https:\/\/weather-radar-live.com\/pt-br\/webcam\/italia\/webcam-abetone\/\" aria-label=\"Read more about Webcam Abetone\">Ler mais<\/a><\/p>\n","protected":false},"author":1,"featured_media":6059,"parent":4311,"menu_order":0,"comment_status":"closed","ping_status":"closed","template":"","meta":{"footnotes":""},"class_list":["post-6280","page","type-page","status-publish","has-post-thumbnail"],"yoast_head":"<!-- This site is optimized with the Yoast SEO plugin v27.5 - https:\/\/yoast.com\/product\/yoast-seo-wordpress\/ -->\n<title>Webcam Abetone \u2192 Assista ao vivo!<\/title>\n<meta name=\"description\" content=\"Webcam Abetone | Livecam de Abetone! \u2705 Atualizado para voc\u00ea em tempo real! \u2705 Previs\u00e3o do tempo atual!\" \/>\n<meta name=\"robots\" content=\"index, follow, max-snippet:-1, max-image-preview:large, max-video-preview:-1\" \/>\n<link rel=\"canonical\" href=\"https:\/\/weather-radar-live.com\/pt-br\/webcam\/italia\/webcam-abetone\/\" \/>\n<meta property=\"og:locale\" content=\"pt_BR\" \/>\n<meta property=\"og:type\" content=\"article\" \/>\n<meta property=\"og:title\" content=\"Webcam Abetone \u2192 Assista ao vivo!\" \/>\n<meta property=\"og:description\" content=\"Webcam Abetone | Livecam de Abetone! \u2705 Atualizado para voc\u00ea em tempo real! \u2705 Previs\u00e3o do tempo atual!\" \/>\n<meta property=\"og:url\" content=\"https:\/\/weather-radar-live.com\/pt-br\/webcam\/italia\/webcam-abetone\/\" \/>\n<meta property=\"og:site_name\" content=\"weather-radar-live.com\" \/>\n<meta property=\"article:modified_time\" content=\"2022-08-04T19:18:11+00:00\" \/>\n<meta property=\"og:image\" content=\"https:\/\/weather-radar-live.com\/wp-content\/uploads\/2022\/08\/Webcam-Abetone-e1659464523391.jpg\" \/>\n\t<meta property=\"og:image:width\" content=\"1912\" \/>\n\t<meta property=\"og:image:height\" content=\"931\" \/>\n\t<meta property=\"og:image:type\" content=\"image\/jpeg\" \/>\n<meta name=\"twitter:card\" content=\"summary_large_image\" \/>\n<meta name=\"twitter:label1\" content=\"Est. tempo de leitura\" \/>\n\t<meta name=\"twitter:data1\" content=\"3 minutos\" \/>\n<script type=\"application\/ld+json\" class=\"yoast-schema-graph\">{\"@context\":\"https:\\\/\\\/schema.org\",\"@graph\":[{\"@type\":\"WebPage\",\"@id\":\"https:\\\/\\\/weather-radar-live.com\\\/pt-br\\\/webcam\\\/italia\\\/webcam-abetone\\\/\",\"url\":\"https:\\\/\\\/weather-radar-live.com\\\/pt-br\\\/webcam\\\/italia\\\/webcam-abetone\\\/\",\"name\":\"Webcam Abetone \u2192 Assista ao vivo!\",\"isPartOf\":{\"@id\":\"https:\\\/\\\/weather-radar-live.com\\\/#website\"},\"primaryImageOfPage\":{\"@id\":\"https:\\\/\\\/weather-radar-live.com\\\/pt-br\\\/webcam\\\/italia\\\/webcam-abetone\\\/#primaryimage\"},\"image\":{\"@id\":\"https:\\\/\\\/weather-radar-live.com\\\/pt-br\\\/webcam\\\/italia\\\/webcam-abetone\\\/#primaryimage\"},\"thumbnailUrl\":\"https:\\\/\\\/weather-radar-live.com\\\/wp-content\\\/uploads\\\/2022\\\/08\\\/Webcam-Abetone-e1659464523391.jpg\",\"datePublished\":\"2022-08-04T19:16:14+00:00\",\"dateModified\":\"2022-08-04T19:18:11+00:00\",\"description\":\"Webcam Abetone | Livecam de Abetone! \u2705 Atualizado para voc\u00ea em tempo real! \u2705 Previs\u00e3o do tempo atual!\",\"breadcrumb\":{\"@id\":\"https:\\\/\\\/weather-radar-live.com\\\/pt-br\\\/webcam\\\/italia\\\/webcam-abetone\\\/#breadcrumb\"},\"inLanguage\":\"pt-BR\",\"potentialAction\":[{\"@type\":\"ReadAction\",\"target\":[\"https:\\\/\\\/weather-radar-live.com\\\/pt-br\\\/webcam\\\/italia\\\/webcam-abetone\\\/\"]}]},{\"@type\":\"ImageObject\",\"inLanguage\":\"pt-BR\",\"@id\":\"https:\\\/\\\/weather-radar-live.com\\\/pt-br\\\/webcam\\\/italia\\\/webcam-abetone\\\/#primaryimage\",\"url\":\"https:\\\/\\\/weather-radar-live.com\\\/wp-content\\\/uploads\\\/2022\\\/08\\\/Webcam-Abetone-e1659464523391.jpg\",\"contentUrl\":\"https:\\\/\\\/weather-radar-live.com\\\/wp-content\\\/uploads\\\/2022\\\/08\\\/Webcam-Abetone-e1659464523391.jpg\",\"width\":1912,\"height\":931,\"caption\":\"Webcam Abetone\"},{\"@type\":\"BreadcrumbList\",\"@id\":\"https:\\\/\\\/weather-radar-live.com\\\/pt-br\\\/webcam\\\/italia\\\/webcam-abetone\\\/#breadcrumb\",\"itemListElement\":[{\"@type\":\"ListItem\",\"position\":1,\"name\":\"Weather Radar Live\",\"item\":\"https:\\\/\\\/weather-radar-live.com\\\/pt-br\\\/\"},{\"@type\":\"ListItem\",\"position\":2,\"name\":\"Webcam\",\"item\":\"https:\\\/\\\/weather-radar-live.com\\\/pt-br\\\/webcam\\\/\"},{\"@type\":\"ListItem\",\"position\":3,\"name\":\"It\u00e1lia\",\"item\":\"https:\\\/\\\/weather-radar-live.com\\\/pt-br\\\/webcam\\\/italia\\\/\"},{\"@type\":\"ListItem\",\"position\":4,\"name\":\"Webcam Abetone\"}]},{\"@type\":\"WebSite\",\"@id\":\"https:\\\/\\\/weather-radar-live.com\\\/#website\",\"url\":\"https:\\\/\\\/weather-radar-live.com\\\/\",\"name\":\"weather-radar-live.com\",\"description\":\"Your weather and sky radar.\",\"publisher\":{\"@id\":\"https:\\\/\\\/weather-radar-live.com\\\/#organization\"},\"potentialAction\":[{\"@type\":\"SearchAction\",\"target\":{\"@type\":\"EntryPoint\",\"urlTemplate\":\"https:\\\/\\\/weather-radar-live.com\\\/?s={search_term_string}\"},\"query-input\":{\"@type\":\"PropertyValueSpecification\",\"valueRequired\":true,\"valueName\":\"search_term_string\"}}],\"inLanguage\":\"pt-BR\"},{\"@type\":\"Organization\",\"@id\":\"https:\\\/\\\/weather-radar-live.com\\\/#organization\",\"name\":\"weather-radar-live.com\",\"url\":\"https:\\\/\\\/weather-radar-live.com\\\/\",\"logo\":{\"@type\":\"ImageObject\",\"inLanguage\":\"pt-BR\",\"@id\":\"https:\\\/\\\/weather-radar-live.com\\\/#\\\/schema\\\/logo\\\/image\\\/\",\"url\":\"https:\\\/\\\/weather-radar-live.com\\\/wp-content\\\/uploads\\\/2022\\\/03\\\/cropped-WRL2503.png\",\"contentUrl\":\"https:\\\/\\\/weather-radar-live.com\\\/wp-content\\\/uploads\\\/2022\\\/03\\\/cropped-WRL2503.png\",\"width\":1920,\"height\":555,\"caption\":\"weather-radar-live.com\"},\"image\":{\"@id\":\"https:\\\/\\\/weather-radar-live.com\\\/#\\\/schema\\\/logo\\\/image\\\/\"}}]}<\/script>\n<!-- \/ Yoast SEO plugin. -->","yoast_head_json":{"title":"Webcam Abetone \u2192 Assista ao vivo!","description":"Webcam Abetone | Livecam de Abetone! \u2705 Atualizado para voc\u00ea em tempo real! \u2705 Previs\u00e3o do tempo atual!","robots":{"index":"index","follow":"follow","max-snippet":"max-snippet:-1","max-image-preview":"max-image-preview:large","max-video-preview":"max-video-preview:-1"},"canonical":"https:\/\/weather-radar-live.com\/pt-br\/webcam\/italia\/webcam-abetone\/","og_locale":"pt_BR","og_type":"article","og_title":"Webcam Abetone \u2192 Assista ao vivo!","og_description":"Webcam Abetone | Livecam de Abetone! \u2705 Atualizado para voc\u00ea em tempo real! \u2705 Previs\u00e3o do tempo atual!","og_url":"https:\/\/weather-radar-live.com\/pt-br\/webcam\/italia\/webcam-abetone\/","og_site_name":"weather-radar-live.com","article_modified_time":"2022-08-04T19:18:11+00:00","og_image":[{"width":1912,"height":931,"url":"https:\/\/weather-radar-live.com\/wp-content\/uploads\/2022\/08\/Webcam-Abetone-e1659464523391.jpg","type":"image\/jpeg"}],"twitter_card":"summary_large_image","twitter_misc":{"Est. tempo de leitura":"3 minutos"},"schema":{"@context":"https:\/\/schema.org","@graph":[{"@type":"WebPage","@id":"https:\/\/weather-radar-live.com\/pt-br\/webcam\/italia\/webcam-abetone\/","url":"https:\/\/weather-radar-live.com\/pt-br\/webcam\/italia\/webcam-abetone\/","name":"Webcam Abetone \u2192 Assista ao vivo!","isPartOf":{"@id":"https:\/\/weather-radar-live.com\/#website"},"primaryImageOfPage":{"@id":"https:\/\/weather-radar-live.com\/pt-br\/webcam\/italia\/webcam-abetone\/#primaryimage"},"image":{"@id":"https:\/\/weather-radar-live.com\/pt-br\/webcam\/italia\/webcam-abetone\/#primaryimage"},"thumbnailUrl":"https:\/\/weather-radar-live.com\/wp-content\/uploads\/2022\/08\/Webcam-Abetone-e1659464523391.jpg","datePublished":"2022-08-04T19:16:14+00:00","dateModified":"2022-08-04T19:18:11+00:00","description":"Webcam Abetone | Livecam de Abetone! \u2705 Atualizado para voc\u00ea em tempo real! \u2705 Previs\u00e3o do tempo atual!","breadcrumb":{"@id":"https:\/\/weather-radar-live.com\/pt-br\/webcam\/italia\/webcam-abetone\/#breadcrumb"},"inLanguage":"pt-BR","potentialAction":[{"@type":"ReadAction","target":["https:\/\/weather-radar-live.com\/pt-br\/webcam\/italia\/webcam-abetone\/"]}]},{"@type":"ImageObject","inLanguage":"pt-BR","@id":"https:\/\/weather-radar-live.com\/pt-br\/webcam\/italia\/webcam-abetone\/#primaryimage","url":"https:\/\/weather-radar-live.com\/wp-content\/uploads\/2022\/08\/Webcam-Abetone-e1659464523391.jpg","contentUrl":"https:\/\/weather-radar-live.com\/wp-content\/uploads\/2022\/08\/Webcam-Abetone-e1659464523391.jpg","width":1912,"height":931,"caption":"Webcam Abetone"},{"@type":"BreadcrumbList","@id":"https:\/\/weather-radar-live.com\/pt-br\/webcam\/italia\/webcam-abetone\/#breadcrumb","itemListElement":[{"@type":"ListItem","position":1,"name":"Weather Radar Live","item":"https:\/\/weather-radar-live.com\/pt-br\/"},{"@type":"ListItem","position":2,"name":"Webcam","item":"https:\/\/weather-radar-live.com\/pt-br\/webcam\/"},{"@type":"ListItem","position":3,"name":"It\u00e1lia","item":"https:\/\/weather-radar-live.com\/pt-br\/webcam\/italia\/"},{"@type":"ListItem","position":4,"name":"Webcam Abetone"}]},{"@type":"WebSite","@id":"https:\/\/weather-radar-live.com\/#website","url":"https:\/\/weather-radar-live.com\/","name":"weather-radar-live.com","description":"Your weather and sky radar.","publisher":{"@id":"https:\/\/weather-radar-live.com\/#organization"},"potentialAction":[{"@type":"SearchAction","target":{"@type":"EntryPoint","urlTemplate":"https:\/\/weather-radar-live.com\/?s={search_term_string}"},"query-input":{"@type":"PropertyValueSpecification","valueRequired":true,"valueName":"search_term_string"}}],"inLanguage":"pt-BR"},{"@type":"Organization","@id":"https:\/\/weather-radar-live.com\/#organization","name":"weather-radar-live.com","url":"https:\/\/weather-radar-live.com\/","logo":{"@type":"ImageObject","inLanguage":"pt-BR","@id":"https:\/\/weather-radar-live.com\/#\/schema\/logo\/image\/","url":"https:\/\/weather-radar-live.com\/wp-content\/uploads\/2022\/03\/cropped-WRL2503.png","contentUrl":"https:\/\/weather-radar-live.com\/wp-content\/uploads\/2022\/03\/cropped-WRL2503.png","width":1920,"height":555,"caption":"weather-radar-live.com"},"image":{"@id":"https:\/\/weather-radar-live.com\/#\/schema\/logo\/image\/"}}]}},"_links":{"self":[{"href":"https:\/\/weather-radar-live.com\/pt-br\/wp-json\/wp\/v2\/pages\/6280","targetHints":{"allow":["GET"]}}],"collection":[{"href":"https:\/\/weather-radar-live.com\/pt-br\/wp-json\/wp\/v2\/pages"}],"about":[{"href":"https:\/\/weather-radar-live.com\/pt-br\/wp-json\/wp\/v2\/types\/page"}],"author":[{"embeddable":true,"href":"https:\/\/weather-radar-live.com\/pt-br\/wp-json\/wp\/v2\/users\/1"}],"replies":[{"embeddable":true,"href":"https:\/\/weather-radar-live.com\/pt-br\/wp-json\/wp\/v2\/comments?post=6280"}],"version-history":[{"count":2,"href":"https:\/\/weather-radar-live.com\/pt-br\/wp-json\/wp\/v2\/pages\/6280\/revisions"}],"predecessor-version":[{"id":6311,"href":"https:\/\/weather-radar-live.com\/pt-br\/wp-json\/wp\/v2\/pages\/6280\/revisions\/6311"}],"up":[{"embeddable":true,"href":"https:\/\/weather-radar-live.com\/pt-br\/wp-json\/wp\/v2\/pages\/4311"}],"wp:featuredmedia":[{"embeddable":true,"href":"https:\/\/weather-radar-live.com\/pt-br\/wp-json\/wp\/v2\/media\/6059"}],"wp:attachment":[{"href":"https:\/\/weather-radar-live.com\/pt-br\/wp-json\/wp\/v2\/media?parent=6280"}],"curies":[{"name":"wp","href":"https:\/\/api.w.org\/{rel}","templated":true}]}}