{"id":6190,"date":"2022-08-02T21:33:39","date_gmt":"2022-08-02T19:33:39","guid":{"rendered":"https:\/\/weather-radar-live.com\/webcam\/italia\/webcam-livigno\/"},"modified":"2022-08-03T14:09:37","modified_gmt":"2022-08-03T12:09:37","slug":"webcam-livigno","status":"publish","type":"page","link":"https:\/\/weather-radar-live.com\/pt-br\/webcam\/italia\/webcam-livigno\/","title":{"rendered":"Webcam Livigno"},"content":{"rendered":"<div id=\"weath-1666158809\" class=\"weath-vor-dem-inhalt weath-entity-placement\" style=\"margin-top: 15px;margin-right: 25px;margin-bottom: 40px;margin-left: 25px;\"><script async src=\"\/\/pagead2.googlesyndication.com\/pagead\/js\/adsbygoogle.js?client=ca-pub-8960936133935804\" crossorigin=\"anonymous\"><\/script><ins class=\"adsbygoogle\" style=\"display:block;\" data-ad-client=\"ca-pub-8960936133935804\" \ndata-ad-slot=\"6172817020\" \ndata-ad-format=\"auto\"><\/ins>\n<script> \n(adsbygoogle = window.adsbygoogle || []).push({}); \n<\/script>\n<\/div>\n<div class=\"wp-block-cover alignfull is-light\"><span aria-hidden=\"true\" class=\"wp-block-cover__gradient-background has-background-dim\"><\/span><img decoding=\"async\" class=\"wp-block-cover__image-background wp-image-342\" alt=\"Webcam Livigno\n\" src=\"https:\/\/weather-radar-live.com\/wp-content\/uploads\/2021\/06\/sam-schooler-E9aetBe2w40-unsplash-e1622554814366.jpg\" data-object-fit=\"cover\"\/><div class=\"wp-block-cover__inner-container is-layout-flow wp-block-cover-is-layout-flow\">\n<h2 class=\"has-text-align-center heading wp-block-heading\" id=\"webcam-fort-mahon\" style=\"font-size:40px\"><strong><mark style=\"background-color:rgba(0, 0, 0, 0)\" class=\"has-inline-color has-base-3-color\">WEBCAM <\/mark><\/strong><br><strong><mark style=\"background-color:rgba(0, 0, 0, 0)\" class=\"has-inline-color has-base-3-color\">LIVIGNO<\/mark><\/strong><\/h2>\n<\/div><\/div>\n\n\n<div class=\"yoast-breadcrumbs\"><span><span><a href=\"https:\/\/weather-radar-live.com\/pt-br\/\">Weather Radar Live<\/a><\/span> \u00bb <span><a href=\"https:\/\/weather-radar-live.com\/pt-br\/webcam\/\">Webcam<\/a><\/span> \u00bb <span><a href=\"https:\/\/weather-radar-live.com\/pt-br\/webcam\/italia\/\">It\u00e1lia<\/a><\/span> \u00bb <span class=\"breadcrumb_last\" aria-current=\"page\"><strong>Webcam Livigno<\/strong><\/span><\/span><\/div>\n\n\n<h2 class=\"has-text-align-center wp-block-heading\" id=\"webcam-fort-mahon\"><strong>Webcam Livigno<\/strong><\/h2>\n\n\n\n<p>A cidade italiana de Livigno, com seus cerca de 6.700 habitantes, est\u00e1 situada na prov\u00edncia de Sondrio, no meio da Lombardia. A uma altitude de 1816 metros, a cidade est\u00e1 rodeada por uma deslumbrante paisagem montanhosa dos Alpes de Livigno. Descubra a cidade com nossa webcam Livigno e leve a atmosfera alpina em tempo real at\u00e9 sua casa.<\/p>\n\n\n\n<p>No entanto, Livigno, com sua fant\u00e1stica paisagem montanhosa, n\u00e3o s\u00f3 tem algo a oferecer aos entusiastas do esporte durante todo o ano. Os entusiastas das compras tamb\u00e9m podem comprar perfume, produtos de tabaco, \u00e1lcool e combust\u00edveis aqui \u00e0 vontade &#8211; e livres de impostos.<\/p><div id=\"weath-4276593840\" class=\"weath-inhalt_2 weath-entity-placement\" style=\"margin-top: 15px;margin-right: 25px;margin-bottom: 35px;margin-left: 25px;\"><script async src=\"\/\/pagead2.googlesyndication.com\/pagead\/js\/adsbygoogle.js?client=ca-pub-8960936133935804\" crossorigin=\"anonymous\"><\/script><ins class=\"adsbygoogle\" style=\"display:block;\" data-ad-client=\"ca-pub-8960936133935804\" \ndata-ad-slot=\"1963584050\" \ndata-ad-format=\"auto\"><\/ins>\n<script> \n(adsbygoogle = window.adsbygoogle || []).push({}); \n<\/script>\n<\/div>\n\n\n\n<div class=\"wp-block-columns is-layout-flex wp-container-core-columns-is-layout-9d6595d7 wp-block-columns-is-layout-flex\">\n<div class=\"wp-block-column webcam-column is-layout-flow wp-block-column-is-layout-flow\">\n<h3 class=\"has-text-align-center wp-block-heading\"> \ud83d\udd34 <strong>Webcam<\/strong> <strong>Livigno<\/strong> &#8211; Mottolino<\/h3>\n\n\n\n<a name=\"windy-webcam-timelapse-player\" data-id=\"1574634890\" data-play=\"day\" href=\"https:\/\/windy.com\/webcams\/1574634890\" target=\"_blank\" rel=\"noopener\">Luwin: Mottolino<\/a><script async=\"\" type=\"text\/javascript\" src=\"https:\/\/webcams.windy.com\/webcams\/public\/embed\/script\/player.js\"><\/script>\n<\/div>\n\n\n\n<div class=\"wp-block-column webcam-column is-layout-flow wp-block-column-is-layout-flow\">\n<h3 class=\"has-text-align-center wp-block-heading\"> \ud83d\udd34 <strong>Webcam Livigno<\/strong> &#8211; Declive<\/h3>\n\n\n\n<a name=\"windy-webcam-timelapse-player\" data-id=\"1199737029\" data-play=\"day\" href=\"https:\/\/windy.com\/webcams\/1199737029\" target=\"_blank\" rel=\"noopener\">Luwin: Piste<\/a><script async=\"\" type=\"text\/javascript\" src=\"https:\/\/webcams.windy.com\/webcams\/public\/embed\/script\/player.js\"><\/script>\n<\/div>\n<\/div>\n\n\n\n<div class=\"wp-block-columns is-layout-flex wp-container-core-columns-is-layout-9d6595d7 wp-block-columns-is-layout-flex\">\n<div class=\"wp-block-column webcam-column is-layout-flow wp-block-column-is-layout-flow\">\n<h3 class=\"has-text-align-center wp-block-heading\"> \ud83d\udd34 <strong>Webcam<\/strong> <strong>Livigno<\/strong> &#8211; Centro<\/h3>\n\n\n\n<a name=\"windy-webcam-timelapse-player\" data-id=\"1636048457\" data-play=\"day\" href=\"https:\/\/windy.com\/webcams\/1636048457\" target=\"_blank\" rel=\"noopener\">Luwin<\/a><script async=\"\" type=\"text\/javascript\" src=\"https:\/\/webcams.windy.com\/webcams\/public\/embed\/script\/player.js\"><\/script>\n<\/div>\n\n\n\n<div class=\"wp-block-column webcam-column is-layout-flow wp-block-column-is-layout-flow\">\n<h3 class=\"has-text-align-center wp-block-heading\"> \ud83d\udd34 <strong>Webcam Livigno<\/strong> &#8211; Cidade <\/h3>\n\n\n\n<a name=\"windy-webcam-timelapse-player\" data-id=\"1633360282\" data-play=\"day\" href=\"https:\/\/windy.com\/webcams\/1633360282\" target=\"_blank\" rel=\"noopener\">Luwin<\/a><script async=\"\" type=\"text\/javascript\" src=\"https:\/\/webcams.windy.com\/webcams\/public\/embed\/script\/player.js\"><\/script>\n<\/div>\n<\/div>\n\n\n\n<div class=\"wp-block-columns is-layout-flex wp-container-core-columns-is-layout-9d6595d7 wp-block-columns-is-layout-flex\">\n<div class=\"wp-block-column webcam-column is-layout-flow wp-block-column-is-layout-flow\">\n<h3 class=\"has-text-align-center wp-block-heading\"> \ud83d\udd34 <strong>Webcam Livigno<\/strong> <strong><strong> &#8211;<\/strong><\/strong> Norte<\/h3>\n\n\n\n<a name=\"windy-webcam-timelapse-player\" data-id=\"1199736353\" data-play=\"day\" href=\"https:\/\/windy.com\/webcams\/1199736353\" target=\"_blank\" rel=\"noopener\">Luwin: WEBCAM &#8211; norte<\/a><script async=\"\" type=\"text\/javascript\" src=\"https:\/\/webcams.windy.com\/webcams\/public\/embed\/script\/player.js\"><\/script>\n<\/div>\n\n\n\n<div class=\"wp-block-column webcam-column is-layout-flow wp-block-column-is-layout-flow\">\n<h3 class=\"has-text-align-center wp-block-heading\"> \ud83d\udd34 <strong>Webcam Livigno<\/strong> &#8211; Oeste<\/h3>\n\n\n\n<a name=\"windy-webcam-timelapse-player\" data-id=\"1462285961\" data-play=\"day\" href=\"https:\/\/windy.com\/webcams\/1462285961\" target=\"_blank\" rel=\"noopener\">Luwin<\/a><script async=\"\" type=\"text\/javascript\" src=\"https:\/\/webcams.windy.com\/webcams\/public\/embed\/script\/player.js\"><\/script>\n<\/div>\n<\/div>\n\n\n\n<div class=\"wp-block-columns is-layout-flex wp-container-core-columns-is-layout-9d6595d7 wp-block-columns-is-layout-flex\">\n<div class=\"wp-block-column webcam-column is-layout-flow wp-block-column-is-layout-flow\">\n<h3 class=\"has-text-align-center wp-block-heading\"> \ud83d\udd34 <strong>Webcam Livigno<\/strong> &#8211; Carosello 3000<\/h3>\n\n\n\n<a name=\"windy-webcam-timelapse-player\" data-id=\"1332090499\" data-play=\"day\" href=\"https:\/\/windy.com\/webcams\/1332090499\" target=\"_blank\" rel=\"noopener\">Luwin: Carosello 3000 &#8211; Polvere &#8211; Parque<\/a><script async=\"\" type=\"text\/javascript\" src=\"https:\/\/webcams.windy.com\/webcams\/public\/embed\/script\/player.js\"><\/script>\n<\/div>\n\n\n\n<div class=\"wp-block-column webcam-column is-layout-flow wp-block-column-is-layout-flow\">\n<h3 class=\"has-text-align-center wp-block-heading\"> \ud83d\udd34 <strong>Webcam Livigno<\/strong> &#8211; Sul<\/h3>\n\n\n\n<a name=\"windy-webcam-timelapse-player\" data-id=\"1632490921\" data-play=\"day\" href=\"https:\/\/windy.com\/webcams\/1632490921\" target=\"_blank\" rel=\"noopener\">Luwin&#8217; Sul: Livigno It\u00e1lia<\/a><script async=\"\" type=\"text\/javascript\" src=\"https:\/\/webcams.windy.com\/webcams\/public\/embed\/script\/player.js\"><\/script>\n<\/div>\n<\/div>\n\n\n\n<h2 class=\"wp-block-heading\" id=\"fort-mahon-today\"><strong>Radar meteorol\u00f3gico de Livigno &#8211; O tempo em Livigno<\/strong><\/h2>\n\n\n\n<p>Descubra as condi\u00e7\u00f5es clim\u00e1ticas atuais em Livigno com nossa webcam Livigno, em tempo real. A fim de fornecer-lhe mais informa\u00e7\u00f5es \u00fateis sobre o tempo em Livigno, oferecemos tamb\u00e9m um radar meteorol\u00f3gico. Este n\u00e3o s\u00f3 cont\u00e9m a previs\u00e3o do tempo atual da cidade, mas tamb\u00e9m mostra a V. Excia. todas as \u00e1reas de precipita\u00e7\u00e3o com sua intensidade. As \u00e1reas destacadas em azul e verde indicam \u00e1reas de precipita\u00e7\u00e3o com baixas quantidades de precipita\u00e7\u00e3o. As \u00e1reas destacadas em roxo e vermelho, por outro lado, significam precipita\u00e7\u00e3o pesada com um poss\u00edvel potencial clim\u00e1tico severo. As trovoadas tamb\u00e9m s\u00e3o mostradas com pequenos s\u00edmbolos de raios no radar meteorol\u00f3gico. Assim, com nosso radar meteorol\u00f3gico e nossas webcams, o senhor obt\u00e9m todas as informa\u00e7\u00f5es importantes sobre as condi\u00e7\u00f5es meteorol\u00f3gicas atuais em Livigno.<\/p>\n\n\n\n<div class=\"wp-block-columns is-layout-flex wp-container-core-columns-is-layout-9d6595d7 wp-block-columns-is-layout-flex\">\n<div class=\"wp-block-column is-layout-flow wp-block-column-is-layout-flow\" style=\"flex-basis:75%\">\n<iframe loading=\"lazy\" width=\"1300\" height=\"502\" src=\"https:\/\/embed.windy.com\/embed2.html?lat=46.530&amp;lon=10.136&amp;detailLat=46.540&amp;detailLon=10.111&amp;width=1300&amp;height=502&amp;zoom=11&amp;level=surface&amp;overlay=radar&amp;product=radar&amp;menu=&amp;message=&amp;marker=&amp;calendar=now&amp;pressure=&amp;type=map&amp;location=coordinates&amp;detail=&amp;metricWind=default&amp;metricTemp=default&amp;radarRange=-1\" frameborder=\"0\"><\/iframe>\n<\/div>\n\n\n\n<div class=\"wp-block-column is-layout-flow wp-block-column-is-layout-flow\" style=\"flex-basis:25%\">\n<a class=\"weatherwidget-io\" href=\"https:\/\/forecast7.com\/pt\/46d5410d14\/livigno\/\" data-label_1=\"LIVIGNO\" data-font=\"Roboto\" data-theme=\"original\">LIVIGNO<\/a>\n<script>\n!function(d,s,id){var js,fjs=d.getElementsByTagName(s)[0];if(!d.getElementById(id)){js=d.createElement(s);js.id=id;js.src='https:\/\/weatherwidget.io\/js\/widget.min.js';fjs.parentNode.insertBefore(js,fjs);}}(document,'script','weatherwidget-io-js');\n<\/script>\n<\/div>\n<\/div>\n\n\n\n<h2 class=\"wp-block-heading\" id=\"fort-mahon-weather\"><strong>O clima em Livigno<\/strong><\/h2>\n\n\n\n<p>Abetone \u00e9 caracterizado por um clima quente e temperado. A temperatura m\u00e9dia anual \u00e9 de 9,6\u00b0C, sendo julho o m\u00eas mais quente com um Livigno caracterizado pelo clima de tundra, de modo que \u00e9 bastante frio, mas comparativamente seco durante todo o ano. A temperatura m\u00e9dia anual aqui \u00e9 de 3\u00b0C. Julho \u00e9 o m\u00eas mais quente com sua m\u00e9dia de 14\u00b0C, enquanto janeiro \u00e9 o m\u00eas mais frio com cerca de -6\u00b0C. A precipita\u00e7\u00e3o \u00e9 bastante baixa em Livigno, portanto \u00e9 seca 117 dias por ano e a precipita\u00e7\u00e3o anual \u00e9 de 807 mm.<\/p>\n\n\n\n<h2 class=\"wp-block-heading\"><strong>Atra\u00e7\u00f5es em Livigno<\/strong><\/h2>\n\n\n\n<p>Livigno d\u00e1 as boas-vindas aos entusiastas do esporte durante todo o ano. No inverno, um encantador cen\u00e1rio de inverno com vales cobertos de neve e natureza intocada o aguarda, que o senhor poder\u00e1 descobrir durante uma exuberante caminhada com raquetes de neve ou durante um passeio de esqui cross-country. Se o senhor preferir um pouco mais r\u00e1pido, poder\u00e1 esquiar ou fazer snowboard pelos Alpes. Aqui, 33 elevadores de \u00faltima gera\u00e7\u00e3o o esperam, ligando as v\u00e1rias encostas com um comprimento total de 115 km. No ver\u00e3o, os Alpes o esperam com numerosas trilhas para caminhadas que abrem um panorama incr\u00edvel das montanhas, n\u00e3o s\u00f3 para os caminhantes, mas tamb\u00e9m para os ciclistas de montanha. No alto da montanha, o senhor pode fazer parapente ou escalada esportiva, pela qual a regi\u00e3o tamb\u00e9m \u00e9 conhecida. Outra experi\u00eancia \u00e9 fazer compras na cidade. Porque como \u00e1rea de exclus\u00e3o alfandeg\u00e1ria dentro da Uni\u00e3o Europ\u00e9ia, o senhor pode fazer compras em Livigno, sem IVA. Para um bom refresco, depois ou durante as compras, os numerosos restaurantes da cidade lhe oferecem especialidades saborosas da cozinha t\u00edpica do pa\u00eds.<\/p>\n","protected":false},"excerpt":{"rendered":"<p>Webcam Livigno A cidade italiana de Livigno, com seus cerca de 6.700 habitantes, est\u00e1 situada na prov\u00edncia de Sondrio, no meio da Lombardia. A uma altitude de 1816 metros, a cidade est\u00e1 rodeada por uma deslumbrante paisagem montanhosa dos Alpes de Livigno. Descubra a cidade com nossa webcam Livigno e leve a atmosfera alpina em &#8230; <a title=\"Webcam Livigno\" class=\"read-more\" href=\"https:\/\/weather-radar-live.com\/pt-br\/webcam\/italia\/webcam-livigno\/\" aria-label=\"Read more about Webcam Livigno\">Ler mais<\/a><\/p>\n","protected":false},"author":1,"featured_media":6085,"parent":4311,"menu_order":0,"comment_status":"closed","ping_status":"closed","template":"","meta":{"footnotes":""},"class_list":["post-6190","page","type-page","status-publish","has-post-thumbnail"],"yoast_head":"<!-- This site is optimized with the Yoast SEO plugin v27.3 - https:\/\/yoast.com\/product\/yoast-seo-wordpress\/ -->\n<title>Webcam Livigno \u2192 Assista ao vivo!<\/title>\n<meta name=\"description\" content=\"Webcam Livigno | Webcam ao vivo de Livigno! \u2705 Atualizado para voc\u00ea em tempo real! \u2705 Previs\u00e3o do tempo atual!\" \/>\n<meta name=\"robots\" content=\"index, follow, max-snippet:-1, max-image-preview:large, max-video-preview:-1\" \/>\n<link rel=\"canonical\" href=\"https:\/\/weather-radar-live.com\/pt-br\/webcam\/italia\/webcam-livigno\/\" \/>\n<meta property=\"og:locale\" content=\"pt_BR\" \/>\n<meta property=\"og:type\" content=\"article\" \/>\n<meta property=\"og:title\" content=\"Webcam Livigno \u2192 Assista ao vivo!\" \/>\n<meta property=\"og:description\" content=\"Webcam Livigno | Webcam ao vivo de Livigno! \u2705 Atualizado para voc\u00ea em tempo real! \u2705 Previs\u00e3o do tempo atual!\" \/>\n<meta property=\"og:url\" content=\"https:\/\/weather-radar-live.com\/pt-br\/webcam\/italia\/webcam-livigno\/\" \/>\n<meta property=\"og:site_name\" content=\"weather-radar-live.com\" \/>\n<meta property=\"article:modified_time\" content=\"2022-08-03T12:09:37+00:00\" \/>\n<meta property=\"og:image\" content=\"https:\/\/weather-radar-live.com\/wp-content\/uploads\/2022\/08\/Webcam-Luwin.jpg\" \/>\n\t<meta property=\"og:image:width\" content=\"1756\" \/>\n\t<meta property=\"og:image:height\" content=\"954\" \/>\n\t<meta property=\"og:image:type\" content=\"image\/jpeg\" \/>\n<meta name=\"twitter:card\" content=\"summary_large_image\" \/>\n<meta name=\"twitter:label1\" content=\"Est. tempo de leitura\" \/>\n\t<meta name=\"twitter:data1\" content=\"3 minutos\" \/>\n<script type=\"application\/ld+json\" class=\"yoast-schema-graph\">{\"@context\":\"https:\\\/\\\/schema.org\",\"@graph\":[{\"@type\":\"WebPage\",\"@id\":\"https:\\\/\\\/weather-radar-live.com\\\/pt-br\\\/webcam\\\/italia\\\/webcam-livigno\\\/\",\"url\":\"https:\\\/\\\/weather-radar-live.com\\\/pt-br\\\/webcam\\\/italia\\\/webcam-livigno\\\/\",\"name\":\"Webcam Livigno \u2192 Assista ao vivo!\",\"isPartOf\":{\"@id\":\"https:\\\/\\\/weather-radar-live.com\\\/#website\"},\"primaryImageOfPage\":{\"@id\":\"https:\\\/\\\/weather-radar-live.com\\\/pt-br\\\/webcam\\\/italia\\\/webcam-livigno\\\/#primaryimage\"},\"image\":{\"@id\":\"https:\\\/\\\/weather-radar-live.com\\\/pt-br\\\/webcam\\\/italia\\\/webcam-livigno\\\/#primaryimage\"},\"thumbnailUrl\":\"https:\\\/\\\/weather-radar-live.com\\\/wp-content\\\/uploads\\\/2022\\\/08\\\/Webcam-Luwin.jpg\",\"datePublished\":\"2022-08-02T19:33:39+00:00\",\"dateModified\":\"2022-08-03T12:09:37+00:00\",\"description\":\"Webcam Livigno | Webcam ao vivo de Livigno! \u2705 Atualizado para voc\u00ea em tempo real! \u2705 Previs\u00e3o do tempo atual!\",\"breadcrumb\":{\"@id\":\"https:\\\/\\\/weather-radar-live.com\\\/pt-br\\\/webcam\\\/italia\\\/webcam-livigno\\\/#breadcrumb\"},\"inLanguage\":\"pt-BR\",\"potentialAction\":[{\"@type\":\"ReadAction\",\"target\":[\"https:\\\/\\\/weather-radar-live.com\\\/pt-br\\\/webcam\\\/italia\\\/webcam-livigno\\\/\"]}]},{\"@type\":\"ImageObject\",\"inLanguage\":\"pt-BR\",\"@id\":\"https:\\\/\\\/weather-radar-live.com\\\/pt-br\\\/webcam\\\/italia\\\/webcam-livigno\\\/#primaryimage\",\"url\":\"https:\\\/\\\/weather-radar-live.com\\\/wp-content\\\/uploads\\\/2022\\\/08\\\/Webcam-Luwin.jpg\",\"contentUrl\":\"https:\\\/\\\/weather-radar-live.com\\\/wp-content\\\/uploads\\\/2022\\\/08\\\/Webcam-Luwin.jpg\",\"width\":1756,\"height\":954,\"caption\":\"Webcam - Livigno\"},{\"@type\":\"BreadcrumbList\",\"@id\":\"https:\\\/\\\/weather-radar-live.com\\\/pt-br\\\/webcam\\\/italia\\\/webcam-livigno\\\/#breadcrumb\",\"itemListElement\":[{\"@type\":\"ListItem\",\"position\":1,\"name\":\"Weather Radar Live\",\"item\":\"https:\\\/\\\/weather-radar-live.com\\\/pt-br\\\/\"},{\"@type\":\"ListItem\",\"position\":2,\"name\":\"Webcam\",\"item\":\"https:\\\/\\\/weather-radar-live.com\\\/pt-br\\\/webcam\\\/\"},{\"@type\":\"ListItem\",\"position\":3,\"name\":\"It\u00e1lia\",\"item\":\"https:\\\/\\\/weather-radar-live.com\\\/pt-br\\\/webcam\\\/italia\\\/\"},{\"@type\":\"ListItem\",\"position\":4,\"name\":\"Webcam Livigno\"}]},{\"@type\":\"WebSite\",\"@id\":\"https:\\\/\\\/weather-radar-live.com\\\/#website\",\"url\":\"https:\\\/\\\/weather-radar-live.com\\\/\",\"name\":\"weather-radar-live.com\",\"description\":\"Your weather and sky radar.\",\"publisher\":{\"@id\":\"https:\\\/\\\/weather-radar-live.com\\\/#organization\"},\"potentialAction\":[{\"@type\":\"SearchAction\",\"target\":{\"@type\":\"EntryPoint\",\"urlTemplate\":\"https:\\\/\\\/weather-radar-live.com\\\/?s={search_term_string}\"},\"query-input\":{\"@type\":\"PropertyValueSpecification\",\"valueRequired\":true,\"valueName\":\"search_term_string\"}}],\"inLanguage\":\"pt-BR\"},{\"@type\":\"Organization\",\"@id\":\"https:\\\/\\\/weather-radar-live.com\\\/#organization\",\"name\":\"weather-radar-live.com\",\"url\":\"https:\\\/\\\/weather-radar-live.com\\\/\",\"logo\":{\"@type\":\"ImageObject\",\"inLanguage\":\"pt-BR\",\"@id\":\"https:\\\/\\\/weather-radar-live.com\\\/#\\\/schema\\\/logo\\\/image\\\/\",\"url\":\"https:\\\/\\\/weather-radar-live.com\\\/wp-content\\\/uploads\\\/2022\\\/03\\\/cropped-WRL2503.png\",\"contentUrl\":\"https:\\\/\\\/weather-radar-live.com\\\/wp-content\\\/uploads\\\/2022\\\/03\\\/cropped-WRL2503.png\",\"width\":1920,\"height\":555,\"caption\":\"weather-radar-live.com\"},\"image\":{\"@id\":\"https:\\\/\\\/weather-radar-live.com\\\/#\\\/schema\\\/logo\\\/image\\\/\"}}]}<\/script>\n<!-- \/ Yoast SEO plugin. -->","yoast_head_json":{"title":"Webcam Livigno \u2192 Assista ao vivo!","description":"Webcam Livigno | Webcam ao vivo de Livigno! \u2705 Atualizado para voc\u00ea em tempo real! \u2705 Previs\u00e3o do tempo atual!","robots":{"index":"index","follow":"follow","max-snippet":"max-snippet:-1","max-image-preview":"max-image-preview:large","max-video-preview":"max-video-preview:-1"},"canonical":"https:\/\/weather-radar-live.com\/pt-br\/webcam\/italia\/webcam-livigno\/","og_locale":"pt_BR","og_type":"article","og_title":"Webcam Livigno \u2192 Assista ao vivo!","og_description":"Webcam Livigno | Webcam ao vivo de Livigno! \u2705 Atualizado para voc\u00ea em tempo real! \u2705 Previs\u00e3o do tempo atual!","og_url":"https:\/\/weather-radar-live.com\/pt-br\/webcam\/italia\/webcam-livigno\/","og_site_name":"weather-radar-live.com","article_modified_time":"2022-08-03T12:09:37+00:00","og_image":[{"width":1756,"height":954,"url":"https:\/\/weather-radar-live.com\/wp-content\/uploads\/2022\/08\/Webcam-Luwin.jpg","type":"image\/jpeg"}],"twitter_card":"summary_large_image","twitter_misc":{"Est. tempo de leitura":"3 minutos"},"schema":{"@context":"https:\/\/schema.org","@graph":[{"@type":"WebPage","@id":"https:\/\/weather-radar-live.com\/pt-br\/webcam\/italia\/webcam-livigno\/","url":"https:\/\/weather-radar-live.com\/pt-br\/webcam\/italia\/webcam-livigno\/","name":"Webcam Livigno \u2192 Assista ao vivo!","isPartOf":{"@id":"https:\/\/weather-radar-live.com\/#website"},"primaryImageOfPage":{"@id":"https:\/\/weather-radar-live.com\/pt-br\/webcam\/italia\/webcam-livigno\/#primaryimage"},"image":{"@id":"https:\/\/weather-radar-live.com\/pt-br\/webcam\/italia\/webcam-livigno\/#primaryimage"},"thumbnailUrl":"https:\/\/weather-radar-live.com\/wp-content\/uploads\/2022\/08\/Webcam-Luwin.jpg","datePublished":"2022-08-02T19:33:39+00:00","dateModified":"2022-08-03T12:09:37+00:00","description":"Webcam Livigno | Webcam ao vivo de Livigno! \u2705 Atualizado para voc\u00ea em tempo real! \u2705 Previs\u00e3o do tempo atual!","breadcrumb":{"@id":"https:\/\/weather-radar-live.com\/pt-br\/webcam\/italia\/webcam-livigno\/#breadcrumb"},"inLanguage":"pt-BR","potentialAction":[{"@type":"ReadAction","target":["https:\/\/weather-radar-live.com\/pt-br\/webcam\/italia\/webcam-livigno\/"]}]},{"@type":"ImageObject","inLanguage":"pt-BR","@id":"https:\/\/weather-radar-live.com\/pt-br\/webcam\/italia\/webcam-livigno\/#primaryimage","url":"https:\/\/weather-radar-live.com\/wp-content\/uploads\/2022\/08\/Webcam-Luwin.jpg","contentUrl":"https:\/\/weather-radar-live.com\/wp-content\/uploads\/2022\/08\/Webcam-Luwin.jpg","width":1756,"height":954,"caption":"Webcam - Livigno"},{"@type":"BreadcrumbList","@id":"https:\/\/weather-radar-live.com\/pt-br\/webcam\/italia\/webcam-livigno\/#breadcrumb","itemListElement":[{"@type":"ListItem","position":1,"name":"Weather Radar Live","item":"https:\/\/weather-radar-live.com\/pt-br\/"},{"@type":"ListItem","position":2,"name":"Webcam","item":"https:\/\/weather-radar-live.com\/pt-br\/webcam\/"},{"@type":"ListItem","position":3,"name":"It\u00e1lia","item":"https:\/\/weather-radar-live.com\/pt-br\/webcam\/italia\/"},{"@type":"ListItem","position":4,"name":"Webcam Livigno"}]},{"@type":"WebSite","@id":"https:\/\/weather-radar-live.com\/#website","url":"https:\/\/weather-radar-live.com\/","name":"weather-radar-live.com","description":"Your weather and sky radar.","publisher":{"@id":"https:\/\/weather-radar-live.com\/#organization"},"potentialAction":[{"@type":"SearchAction","target":{"@type":"EntryPoint","urlTemplate":"https:\/\/weather-radar-live.com\/?s={search_term_string}"},"query-input":{"@type":"PropertyValueSpecification","valueRequired":true,"valueName":"search_term_string"}}],"inLanguage":"pt-BR"},{"@type":"Organization","@id":"https:\/\/weather-radar-live.com\/#organization","name":"weather-radar-live.com","url":"https:\/\/weather-radar-live.com\/","logo":{"@type":"ImageObject","inLanguage":"pt-BR","@id":"https:\/\/weather-radar-live.com\/#\/schema\/logo\/image\/","url":"https:\/\/weather-radar-live.com\/wp-content\/uploads\/2022\/03\/cropped-WRL2503.png","contentUrl":"https:\/\/weather-radar-live.com\/wp-content\/uploads\/2022\/03\/cropped-WRL2503.png","width":1920,"height":555,"caption":"weather-radar-live.com"},"image":{"@id":"https:\/\/weather-radar-live.com\/#\/schema\/logo\/image\/"}}]}},"_links":{"self":[{"href":"https:\/\/weather-radar-live.com\/pt-br\/wp-json\/wp\/v2\/pages\/6190","targetHints":{"allow":["GET"]}}],"collection":[{"href":"https:\/\/weather-radar-live.com\/pt-br\/wp-json\/wp\/v2\/pages"}],"about":[{"href":"https:\/\/weather-radar-live.com\/pt-br\/wp-json\/wp\/v2\/types\/page"}],"author":[{"embeddable":true,"href":"https:\/\/weather-radar-live.com\/pt-br\/wp-json\/wp\/v2\/users\/1"}],"replies":[{"embeddable":true,"href":"https:\/\/weather-radar-live.com\/pt-br\/wp-json\/wp\/v2\/comments?post=6190"}],"version-history":[{"count":5,"href":"https:\/\/weather-radar-live.com\/pt-br\/wp-json\/wp\/v2\/pages\/6190\/revisions"}],"predecessor-version":[{"id":6237,"href":"https:\/\/weather-radar-live.com\/pt-br\/wp-json\/wp\/v2\/pages\/6190\/revisions\/6237"}],"up":[{"embeddable":true,"href":"https:\/\/weather-radar-live.com\/pt-br\/wp-json\/wp\/v2\/pages\/4311"}],"wp:featuredmedia":[{"embeddable":true,"href":"https:\/\/weather-radar-live.com\/pt-br\/wp-json\/wp\/v2\/media\/6085"}],"wp:attachment":[{"href":"https:\/\/weather-radar-live.com\/pt-br\/wp-json\/wp\/v2\/media?parent=6190"}],"curies":[{"name":"wp","href":"https:\/\/api.w.org\/{rel}","templated":true}]}}