{"id":6138,"date":"2022-07-27T20:31:29","date_gmt":"2022-07-27T18:31:29","guid":{"rendered":"https:\/\/weather-radar-live.com\/webcam\/italia\/webcam-camigliatello\/"},"modified":"2022-08-03T13:09:12","modified_gmt":"2022-08-03T11:09:12","slug":"webcam-camigliatello","status":"publish","type":"page","link":"https:\/\/weather-radar-live.com\/pt-br\/webcam\/italia\/webcam-camigliatello\/","title":{"rendered":"Webcam Camigliatello"},"content":{"rendered":"<div id=\"weath-2397729883\" class=\"weath-vor-dem-inhalt weath-entity-placement\" style=\"margin-top: 15px;margin-right: 25px;margin-bottom: 40px;margin-left: 25px;\"><script async src=\"\/\/pagead2.googlesyndication.com\/pagead\/js\/adsbygoogle.js?client=ca-pub-8960936133935804\" crossorigin=\"anonymous\"><\/script><ins class=\"adsbygoogle\" style=\"display:block;\" data-ad-client=\"ca-pub-8960936133935804\" \ndata-ad-slot=\"6172817020\" \ndata-ad-format=\"auto\"><\/ins>\n<script> \n(adsbygoogle = window.adsbygoogle || []).push({}); \n<\/script>\n<\/div>\n<div class=\"wp-block-cover alignfull is-light\"><span aria-hidden=\"true\" class=\"wp-block-cover__gradient-background has-background-dim\"><\/span><img decoding=\"async\" class=\"wp-block-cover__image-background wp-image-342\" alt=\"Webcam Camigliatello\" src=\"https:\/\/weather-radar-live.com\/wp-content\/uploads\/2021\/06\/sam-schooler-E9aetBe2w40-unsplash-e1622554814366.jpg\" data-object-fit=\"cover\"\/><div class=\"wp-block-cover__inner-container is-layout-flow wp-block-cover-is-layout-flow\">\n<h2 class=\"has-text-align-center heading wp-block-heading\" id=\"webcam-fort-mahon\" style=\"font-size:40px\"><strong><mark style=\"background-color:rgba(0, 0, 0, 0)\" class=\"has-inline-color has-base-3-color\">WEBCAM <\/mark><\/strong><br><strong><mark style=\"background-color:rgba(0, 0, 0, 0)\" class=\"has-inline-color has-base-3-color\">CAMIGLIATELLO<\/mark><\/strong><\/h2>\n<\/div><\/div>\n\n\n<div class=\"yoast-breadcrumbs\"><span><span><a href=\"https:\/\/weather-radar-live.com\/pt-br\/\">Weather Radar Live<\/a><\/span> \u00bb <span><a href=\"https:\/\/weather-radar-live.com\/pt-br\/webcam\/\">Webcam<\/a><\/span> \u00bb <span><a href=\"https:\/\/weather-radar-live.com\/pt-br\/webcam\/italia\/\">It\u00e1lia<\/a><\/span> \u00bb <span class=\"breadcrumb_last\" aria-current=\"page\"><strong>Webcam Camigliatello<\/strong><\/span><\/span><\/div>\n\n\n<h2 class=\"has-text-align-center wp-block-heading\" id=\"webcam-fort-mahon\"><strong>Webcam Camigliatello<\/strong><\/h2>\n\n\n\n<p>A esta\u00e7\u00e3o de esqui de Camigliatello est\u00e1 localizada na prov\u00edncia calabresa de Cosenza. H\u00e1 4,3 quil\u00f4metros de pistas dispon\u00edveis para a pr\u00e1tica de esqui e snowboard. Al\u00e9m disso, em Camigliatello o senhor encontrar\u00e1 elevadores (g\u00f4ndolas e telef\u00e9ricos) que o levar\u00e3o para as regi\u00f5es mais altas. A \u00e1rea de esportes de inverno da Cal\u00e1bria est\u00e1 situada a uma altitude de 1.378 a 1.785 metros. A temporada de esqui em Camigliatello come\u00e7a no in\u00edcio de fevereiro e vai normalmente at\u00e9 o final de abril. O senhor encontrar\u00e1 28% de declive azul e 72% de vermelho. A descida mais longa que o senhor pode fazer \u00e9 de um quil\u00f4metro. Nossa webcam Camigliatello permite que o senhor participe em tempo real da az\u00e1fama e da agita\u00e7\u00e3o nas pistas. Mas tamb\u00e9m nos meses de ver\u00e3o o Camigliatello vale sempre a pena fazer uma viagem. O belo maci\u00e7o montanhoso, com suas exuberantes pastagens alpinas verdes, convida o senhor a caminhar e relaxar.<\/p>\n\n\n\n<p>A prov\u00edncia de Cosenza, onde se encontra a esta\u00e7\u00e3o de esqui de Camigliatello, foi fundada no s\u00e9culo IV a.C. pela tribo dos Brutti. Ainda hoje o senhor pode encontrar vest\u00edgios dos Bruttianos quando viaja por esta regi\u00e3o. Situado aos p\u00e9s da montanha Sila, este para\u00edso \u00e9 definido pelos dois rios, Crati e Busento, que convergem para c\u00e1. Al\u00e9m disso, esta maravilhosa regi\u00e3o \u00e9 muito central para as grandes metr\u00f3poles italianas. Em cerca de 95 quil\u00f4metros o senhor pode chegar a Catanzaro e N\u00e1poles fica a cerca de 315 quil\u00f4metros de dist\u00e2ncia. Se o senhor est\u00e1 planejando umas f\u00e9rias nessa regi\u00e3o, pode contar tamb\u00e9m com o transporte p\u00fablico. Cosenza e Camigliatello s\u00e3o muito f\u00e1ceis de chegar com eles, de modo que o senhor pode deixar o carro na garagem em casa e fazer algo pelo meio ambiente.<\/p><div id=\"weath-1273658773\" class=\"weath-inhalt_2 weath-entity-placement\" style=\"margin-top: 15px;margin-right: 25px;margin-bottom: 35px;margin-left: 25px;\"><script async src=\"\/\/pagead2.googlesyndication.com\/pagead\/js\/adsbygoogle.js?client=ca-pub-8960936133935804\" crossorigin=\"anonymous\"><\/script><ins class=\"adsbygoogle\" style=\"display:block;\" data-ad-client=\"ca-pub-8960936133935804\" \ndata-ad-slot=\"1963584050\" \ndata-ad-format=\"auto\"><\/ins>\n<script> \n(adsbygoogle = window.adsbygoogle || []).push({}); \n<\/script>\n<\/div>\n\n\n\n<div class=\"wp-block-columns is-layout-flex wp-container-core-columns-is-layout-9d6595d7 wp-block-columns-is-layout-flex\">\n<div class=\"wp-block-column webcam-column is-layout-flow wp-block-column-is-layout-flow\">\n<h3 class=\"has-text-align-center live-emoji wp-block-heading\"> \ud83d\udd34 <strong>Webcam Camigliatello<\/strong> &#8211; Spezzano della Sila <\/h3>\n\n\n\n<a name=\"windy-webcam-timelapse-player\" data-id=\"1646056997\" data-play=\"day\" href=\"https:\/\/windy.com\/webcams\/1646056997\" target=\"_blank\" rel=\"noopener\">Spezzano della Sila<\/a><script async=\"\" type=\"text\/javascript\" src=\"https:\/\/webcams.windy.com\/webcams\/public\/embed\/script\/player.js\"><\/script>\n<\/div>\n<\/div>\n\n\n\n<h2 class=\"wp-block-heading\" id=\"fort-mahon-today\"><strong>Radar meteorol\u00f3gico Camigliatello &#8211; O tempo em Camigliatello<\/strong><\/h2>\n\n\n\n<p>A webcam Camigliatello lhe oferece n\u00e3o s\u00f3 uma \u00f3tima vis\u00e3o do tempo atrav\u00e9s de imagens ao vivo, mas tamb\u00e9m um radar meteorol\u00f3gico especial. Com o radar meteorol\u00f3gico o senhor est\u00e1 sempre em dia com o tempo em Camigliatello. O radar da webcam mostra as \u00e1reas onde a precipita\u00e7\u00e3o cai em cores diferentes. Os tons de verde e azul indicam que s\u00f3 se espera uma leve precipita\u00e7\u00e3o. O roxo e o vermelho, por outro lado, representam quantidades muito altas de precipita\u00e7\u00e3o. Se uma tempestade \u00e9 esperada, o radar meteorol\u00f3gico exibe um pequeno s\u00edmbolo de rel\u00e2mpago.<\/p>\n\n\n\n<div class=\"wp-block-columns is-layout-flex wp-container-core-columns-is-layout-9d6595d7 wp-block-columns-is-layout-flex\">\n<div class=\"wp-block-column is-layout-flow wp-block-column-is-layout-flow\" style=\"flex-basis:75%\">\n<iframe loading=\"lazy\" width=\"1300\" height=\"502\" src=\"https:\/\/embed.windy.com\/embed2.html?lat=39.329&amp;lon=16.504&amp;detailLat=39.340&amp;detailLon=16.438&amp;width=1300&amp;height=502&amp;zoom=11&amp;level=surface&amp;overlay=radar&amp;product=radar&amp;menu=&amp;message=&amp;marker=&amp;calendar=now&amp;pressure=&amp;type=map&amp;location=coordinates&amp;detail=&amp;metricWind=default&amp;metricTemp=default&amp;radarRange=-1\" frameborder=\"0\"><\/iframe>\n<\/div>\n\n\n\n<div class=\"wp-block-column is-layout-flow wp-block-column-is-layout-flow\" style=\"flex-basis:25%\">\n<a class=\"weatherwidget-io\" href=\"https:\/\/forecast7.com\/pt\/39d3416d45\/camigliatello-silano\/\" data-label_1=\"CAMIGLIATELLO SILANO\" data-font=\"Roboto\" data-theme=\"original\" >CAMIGLIATELLO SILANO<\/a>\n<script>\n!function(d,s,id){var js,fjs=d.getElementsByTagName(s)[0];if(!d.getElementById(id)){js=d.createElement(s);js.id=id;js.src='https:\/\/weatherwidget.io\/js\/widget.min.js';fjs.parentNode.insertBefore(js,fjs);}}(document,'script','weatherwidget-io-js');\n<\/script>\n<\/div>\n<\/div>\n\n\n\n<h2 class=\"wp-block-heading\" id=\"fort-mahon-weather\"><strong>O clima em Camigliatello<\/strong><\/h2>\n\n\n\n<p>O clima em Camigliatello \u00e9 temperado e quente. H\u00e1 precipita\u00e7\u00e3o significativa durante todo o ano, de prefer\u00eancia neve no inverno. A temperatura m\u00e9dia anual em Camigliatello \u00e9 de cerca de 13\u00b0C. No inverno, a temperatura \u00e9 de cerca de 5\u00b0C e no ver\u00e3o de cerca de 26\u00b0C. As precipita\u00e7\u00f5es, distribu\u00eddas ao longo de um ano, somam cerca de 1.206 mm. Agosto \u00e9 o m\u00eas com menos precipita\u00e7\u00e3o nessa regi\u00e3o, com 53 mm.<\/p>\n\n\n\n<h2 class=\"wp-block-heading\"><strong>Atra\u00e7\u00f5es em Camigliatello<\/strong><\/h2>\n\n\n\n<p>A Grande Can\u00e1ria oferece uma variedade de atra\u00e7\u00f5es interessantes para cada veranista. Amigos do sol encontrar\u00e3o bom humor, festa e grandes praias de areia. Oportunidades para esportes aqu\u00e1ticos, mergulho e pesca em alto mar tamb\u00e9m podem ser encontradas aqui. Os amantes da arquitetura encontrar\u00e3o numerosos exemplos do cl\u00e1ssico a Uma vis\u00e3o a n\u00e3o perder \u00e9 o Treno della Sila. A hist\u00f3rica estrada de ferro de montanha, puxada por uma locomotiva a vapor, lhe permitir\u00e1 desfrutar da bela paisagem. O senhor tamb\u00e9m deveria ter visitado o Mercatino Camigliatello pelo menos uma vez. No mercado de rua, o senhor encontrar\u00e1 muitas coisas bonitas da regi\u00e3o. O senhor talvez goste de andar de bicicleta de montanha? Ent\u00e3o uma visita ao Hitinero \u00e9 uma visita obrigat\u00f3ria para o senhor.<\/p>\n","protected":false},"excerpt":{"rendered":"<p>Webcam Camigliatello A esta\u00e7\u00e3o de esqui de Camigliatello est\u00e1 localizada na prov\u00edncia calabresa de Cosenza. H\u00e1 4,3 quil\u00f4metros de pistas dispon\u00edveis para a pr\u00e1tica de esqui e snowboard. Al\u00e9m disso, em Camigliatello o senhor encontrar\u00e1 elevadores (g\u00f4ndolas e telef\u00e9ricos) que o levar\u00e3o para as regi\u00f5es mais altas. A \u00e1rea de esportes de inverno da Cal\u00e1bria &#8230; <a title=\"Webcam Camigliatello\" class=\"read-more\" href=\"https:\/\/weather-radar-live.com\/pt-br\/webcam\/italia\/webcam-camigliatello\/\" aria-label=\"Read more about Webcam Camigliatello\">Ler mais<\/a><\/p>\n","protected":false},"author":1,"featured_media":6071,"parent":4311,"menu_order":0,"comment_status":"closed","ping_status":"closed","template":"","meta":{"footnotes":""},"class_list":["post-6138","page","type-page","status-publish","has-post-thumbnail"],"yoast_head":"<!-- This site is optimized with the Yoast SEO plugin v27.3 - https:\/\/yoast.com\/product\/yoast-seo-wordpress\/ -->\n<title>Webcam Camigliatello \u2192 Assista ao vivo!<\/title>\n<meta name=\"description\" content=\"Webcam Camigliatello | Webcam ao vivo de Camigliatello! \u2705 Atualizado para voc\u00ea em tempo real! \u2705 Previs\u00e3o do tempo atual!\" \/>\n<meta name=\"robots\" content=\"index, follow, max-snippet:-1, max-image-preview:large, max-video-preview:-1\" \/>\n<link rel=\"canonical\" href=\"https:\/\/weather-radar-live.com\/pt-br\/webcam\/italia\/webcam-camigliatello\/\" \/>\n<meta property=\"og:locale\" content=\"pt_BR\" \/>\n<meta property=\"og:type\" content=\"article\" \/>\n<meta property=\"og:title\" content=\"Webcam Camigliatello \u2192 Assista ao vivo!\" \/>\n<meta property=\"og:description\" content=\"Webcam Camigliatello | Webcam ao vivo de Camigliatello! \u2705 Atualizado para voc\u00ea em tempo real! \u2705 Previs\u00e3o do tempo atual!\" \/>\n<meta property=\"og:url\" content=\"https:\/\/weather-radar-live.com\/pt-br\/webcam\/italia\/webcam-camigliatello\/\" \/>\n<meta property=\"og:site_name\" content=\"weather-radar-live.com\" \/>\n<meta property=\"article:modified_time\" content=\"2022-08-03T11:09:12+00:00\" \/>\n<meta property=\"og:image\" content=\"https:\/\/weather-radar-live.com\/wp-content\/uploads\/2022\/08\/Webcam-Camigliatello-e1659465297401.jpg\" \/>\n\t<meta property=\"og:image:width\" content=\"1911\" \/>\n\t<meta property=\"og:image:height\" content=\"931\" \/>\n\t<meta property=\"og:image:type\" content=\"image\/jpeg\" \/>\n<meta name=\"twitter:card\" content=\"summary_large_image\" \/>\n<meta name=\"twitter:label1\" content=\"Est. tempo de leitura\" \/>\n\t<meta name=\"twitter:data1\" content=\"3 minutos\" \/>\n<script type=\"application\/ld+json\" class=\"yoast-schema-graph\">{\"@context\":\"https:\\\/\\\/schema.org\",\"@graph\":[{\"@type\":\"WebPage\",\"@id\":\"https:\\\/\\\/weather-radar-live.com\\\/pt-br\\\/webcam\\\/italia\\\/webcam-camigliatello\\\/\",\"url\":\"https:\\\/\\\/weather-radar-live.com\\\/pt-br\\\/webcam\\\/italia\\\/webcam-camigliatello\\\/\",\"name\":\"Webcam Camigliatello \u2192 Assista ao vivo!\",\"isPartOf\":{\"@id\":\"https:\\\/\\\/weather-radar-live.com\\\/#website\"},\"primaryImageOfPage\":{\"@id\":\"https:\\\/\\\/weather-radar-live.com\\\/pt-br\\\/webcam\\\/italia\\\/webcam-camigliatello\\\/#primaryimage\"},\"image\":{\"@id\":\"https:\\\/\\\/weather-radar-live.com\\\/pt-br\\\/webcam\\\/italia\\\/webcam-camigliatello\\\/#primaryimage\"},\"thumbnailUrl\":\"https:\\\/\\\/weather-radar-live.com\\\/wp-content\\\/uploads\\\/2022\\\/08\\\/Webcam-Camigliatello-e1659465297401.jpg\",\"datePublished\":\"2022-07-27T18:31:29+00:00\",\"dateModified\":\"2022-08-03T11:09:12+00:00\",\"description\":\"Webcam Camigliatello | Webcam ao vivo de Camigliatello! \u2705 Atualizado para voc\u00ea em tempo real! \u2705 Previs\u00e3o do tempo atual!\",\"breadcrumb\":{\"@id\":\"https:\\\/\\\/weather-radar-live.com\\\/pt-br\\\/webcam\\\/italia\\\/webcam-camigliatello\\\/#breadcrumb\"},\"inLanguage\":\"pt-BR\",\"potentialAction\":[{\"@type\":\"ReadAction\",\"target\":[\"https:\\\/\\\/weather-radar-live.com\\\/pt-br\\\/webcam\\\/italia\\\/webcam-camigliatello\\\/\"]}]},{\"@type\":\"ImageObject\",\"inLanguage\":\"pt-BR\",\"@id\":\"https:\\\/\\\/weather-radar-live.com\\\/pt-br\\\/webcam\\\/italia\\\/webcam-camigliatello\\\/#primaryimage\",\"url\":\"https:\\\/\\\/weather-radar-live.com\\\/wp-content\\\/uploads\\\/2022\\\/08\\\/Webcam-Camigliatello-e1659465297401.jpg\",\"contentUrl\":\"https:\\\/\\\/weather-radar-live.com\\\/wp-content\\\/uploads\\\/2022\\\/08\\\/Webcam-Camigliatello-e1659465297401.jpg\",\"width\":1911,\"height\":931,\"caption\":\"Webcam Camigliatello\"},{\"@type\":\"BreadcrumbList\",\"@id\":\"https:\\\/\\\/weather-radar-live.com\\\/pt-br\\\/webcam\\\/italia\\\/webcam-camigliatello\\\/#breadcrumb\",\"itemListElement\":[{\"@type\":\"ListItem\",\"position\":1,\"name\":\"Weather Radar Live\",\"item\":\"https:\\\/\\\/weather-radar-live.com\\\/pt-br\\\/\"},{\"@type\":\"ListItem\",\"position\":2,\"name\":\"Webcam\",\"item\":\"https:\\\/\\\/weather-radar-live.com\\\/pt-br\\\/webcam\\\/\"},{\"@type\":\"ListItem\",\"position\":3,\"name\":\"It\u00e1lia\",\"item\":\"https:\\\/\\\/weather-radar-live.com\\\/pt-br\\\/webcam\\\/italia\\\/\"},{\"@type\":\"ListItem\",\"position\":4,\"name\":\"Webcam Camigliatello\"}]},{\"@type\":\"WebSite\",\"@id\":\"https:\\\/\\\/weather-radar-live.com\\\/#website\",\"url\":\"https:\\\/\\\/weather-radar-live.com\\\/\",\"name\":\"weather-radar-live.com\",\"description\":\"Your weather and sky radar.\",\"publisher\":{\"@id\":\"https:\\\/\\\/weather-radar-live.com\\\/#organization\"},\"potentialAction\":[{\"@type\":\"SearchAction\",\"target\":{\"@type\":\"EntryPoint\",\"urlTemplate\":\"https:\\\/\\\/weather-radar-live.com\\\/?s={search_term_string}\"},\"query-input\":{\"@type\":\"PropertyValueSpecification\",\"valueRequired\":true,\"valueName\":\"search_term_string\"}}],\"inLanguage\":\"pt-BR\"},{\"@type\":\"Organization\",\"@id\":\"https:\\\/\\\/weather-radar-live.com\\\/#organization\",\"name\":\"weather-radar-live.com\",\"url\":\"https:\\\/\\\/weather-radar-live.com\\\/\",\"logo\":{\"@type\":\"ImageObject\",\"inLanguage\":\"pt-BR\",\"@id\":\"https:\\\/\\\/weather-radar-live.com\\\/#\\\/schema\\\/logo\\\/image\\\/\",\"url\":\"https:\\\/\\\/weather-radar-live.com\\\/wp-content\\\/uploads\\\/2022\\\/03\\\/cropped-WRL2503.png\",\"contentUrl\":\"https:\\\/\\\/weather-radar-live.com\\\/wp-content\\\/uploads\\\/2022\\\/03\\\/cropped-WRL2503.png\",\"width\":1920,\"height\":555,\"caption\":\"weather-radar-live.com\"},\"image\":{\"@id\":\"https:\\\/\\\/weather-radar-live.com\\\/#\\\/schema\\\/logo\\\/image\\\/\"}}]}<\/script>\n<!-- \/ Yoast SEO plugin. -->","yoast_head_json":{"title":"Webcam Camigliatello \u2192 Assista ao vivo!","description":"Webcam Camigliatello | Webcam ao vivo de Camigliatello! \u2705 Atualizado para voc\u00ea em tempo real! \u2705 Previs\u00e3o do tempo atual!","robots":{"index":"index","follow":"follow","max-snippet":"max-snippet:-1","max-image-preview":"max-image-preview:large","max-video-preview":"max-video-preview:-1"},"canonical":"https:\/\/weather-radar-live.com\/pt-br\/webcam\/italia\/webcam-camigliatello\/","og_locale":"pt_BR","og_type":"article","og_title":"Webcam Camigliatello \u2192 Assista ao vivo!","og_description":"Webcam Camigliatello | Webcam ao vivo de Camigliatello! \u2705 Atualizado para voc\u00ea em tempo real! \u2705 Previs\u00e3o do tempo atual!","og_url":"https:\/\/weather-radar-live.com\/pt-br\/webcam\/italia\/webcam-camigliatello\/","og_site_name":"weather-radar-live.com","article_modified_time":"2022-08-03T11:09:12+00:00","og_image":[{"width":1911,"height":931,"url":"https:\/\/weather-radar-live.com\/wp-content\/uploads\/2022\/08\/Webcam-Camigliatello-e1659465297401.jpg","type":"image\/jpeg"}],"twitter_card":"summary_large_image","twitter_misc":{"Est. tempo de leitura":"3 minutos"},"schema":{"@context":"https:\/\/schema.org","@graph":[{"@type":"WebPage","@id":"https:\/\/weather-radar-live.com\/pt-br\/webcam\/italia\/webcam-camigliatello\/","url":"https:\/\/weather-radar-live.com\/pt-br\/webcam\/italia\/webcam-camigliatello\/","name":"Webcam Camigliatello \u2192 Assista ao vivo!","isPartOf":{"@id":"https:\/\/weather-radar-live.com\/#website"},"primaryImageOfPage":{"@id":"https:\/\/weather-radar-live.com\/pt-br\/webcam\/italia\/webcam-camigliatello\/#primaryimage"},"image":{"@id":"https:\/\/weather-radar-live.com\/pt-br\/webcam\/italia\/webcam-camigliatello\/#primaryimage"},"thumbnailUrl":"https:\/\/weather-radar-live.com\/wp-content\/uploads\/2022\/08\/Webcam-Camigliatello-e1659465297401.jpg","datePublished":"2022-07-27T18:31:29+00:00","dateModified":"2022-08-03T11:09:12+00:00","description":"Webcam Camigliatello | Webcam ao vivo de Camigliatello! \u2705 Atualizado para voc\u00ea em tempo real! \u2705 Previs\u00e3o do tempo atual!","breadcrumb":{"@id":"https:\/\/weather-radar-live.com\/pt-br\/webcam\/italia\/webcam-camigliatello\/#breadcrumb"},"inLanguage":"pt-BR","potentialAction":[{"@type":"ReadAction","target":["https:\/\/weather-radar-live.com\/pt-br\/webcam\/italia\/webcam-camigliatello\/"]}]},{"@type":"ImageObject","inLanguage":"pt-BR","@id":"https:\/\/weather-radar-live.com\/pt-br\/webcam\/italia\/webcam-camigliatello\/#primaryimage","url":"https:\/\/weather-radar-live.com\/wp-content\/uploads\/2022\/08\/Webcam-Camigliatello-e1659465297401.jpg","contentUrl":"https:\/\/weather-radar-live.com\/wp-content\/uploads\/2022\/08\/Webcam-Camigliatello-e1659465297401.jpg","width":1911,"height":931,"caption":"Webcam Camigliatello"},{"@type":"BreadcrumbList","@id":"https:\/\/weather-radar-live.com\/pt-br\/webcam\/italia\/webcam-camigliatello\/#breadcrumb","itemListElement":[{"@type":"ListItem","position":1,"name":"Weather Radar Live","item":"https:\/\/weather-radar-live.com\/pt-br\/"},{"@type":"ListItem","position":2,"name":"Webcam","item":"https:\/\/weather-radar-live.com\/pt-br\/webcam\/"},{"@type":"ListItem","position":3,"name":"It\u00e1lia","item":"https:\/\/weather-radar-live.com\/pt-br\/webcam\/italia\/"},{"@type":"ListItem","position":4,"name":"Webcam Camigliatello"}]},{"@type":"WebSite","@id":"https:\/\/weather-radar-live.com\/#website","url":"https:\/\/weather-radar-live.com\/","name":"weather-radar-live.com","description":"Your weather and sky radar.","publisher":{"@id":"https:\/\/weather-radar-live.com\/#organization"},"potentialAction":[{"@type":"SearchAction","target":{"@type":"EntryPoint","urlTemplate":"https:\/\/weather-radar-live.com\/?s={search_term_string}"},"query-input":{"@type":"PropertyValueSpecification","valueRequired":true,"valueName":"search_term_string"}}],"inLanguage":"pt-BR"},{"@type":"Organization","@id":"https:\/\/weather-radar-live.com\/#organization","name":"weather-radar-live.com","url":"https:\/\/weather-radar-live.com\/","logo":{"@type":"ImageObject","inLanguage":"pt-BR","@id":"https:\/\/weather-radar-live.com\/#\/schema\/logo\/image\/","url":"https:\/\/weather-radar-live.com\/wp-content\/uploads\/2022\/03\/cropped-WRL2503.png","contentUrl":"https:\/\/weather-radar-live.com\/wp-content\/uploads\/2022\/03\/cropped-WRL2503.png","width":1920,"height":555,"caption":"weather-radar-live.com"},"image":{"@id":"https:\/\/weather-radar-live.com\/#\/schema\/logo\/image\/"}}]}},"_links":{"self":[{"href":"https:\/\/weather-radar-live.com\/pt-br\/wp-json\/wp\/v2\/pages\/6138","targetHints":{"allow":["GET"]}}],"collection":[{"href":"https:\/\/weather-radar-live.com\/pt-br\/wp-json\/wp\/v2\/pages"}],"about":[{"href":"https:\/\/weather-radar-live.com\/pt-br\/wp-json\/wp\/v2\/types\/page"}],"author":[{"embeddable":true,"href":"https:\/\/weather-radar-live.com\/pt-br\/wp-json\/wp\/v2\/users\/1"}],"replies":[{"embeddable":true,"href":"https:\/\/weather-radar-live.com\/pt-br\/wp-json\/wp\/v2\/comments?post=6138"}],"version-history":[{"count":1,"href":"https:\/\/weather-radar-live.com\/pt-br\/wp-json\/wp\/v2\/pages\/6138\/revisions"}],"predecessor-version":[{"id":6158,"href":"https:\/\/weather-radar-live.com\/pt-br\/wp-json\/wp\/v2\/pages\/6138\/revisions\/6158"}],"up":[{"embeddable":true,"href":"https:\/\/weather-radar-live.com\/pt-br\/wp-json\/wp\/v2\/pages\/4311"}],"wp:featuredmedia":[{"embeddable":true,"href":"https:\/\/weather-radar-live.com\/pt-br\/wp-json\/wp\/v2\/media\/6071"}],"wp:attachment":[{"href":"https:\/\/weather-radar-live.com\/pt-br\/wp-json\/wp\/v2\/media?parent=6138"}],"curies":[{"name":"wp","href":"https:\/\/api.w.org\/{rel}","templated":true}]}}