{"id":5677,"date":"2022-07-22T14:28:16","date_gmt":"2022-07-22T12:28:16","guid":{"rendered":"https:\/\/weather-radar-live.com\/?page_id=5677"},"modified":"2022-07-22T14:34:13","modified_gmt":"2022-07-22T12:34:13","slug":"webcam-madri","status":"publish","type":"page","link":"https:\/\/weather-radar-live.com\/pt-br\/webcam\/espanha\/webcam-madri\/","title":{"rendered":"Webcam Madri"},"content":{"rendered":"<div id=\"weath-748235718\" class=\"weath-vor-dem-inhalt weath-entity-placement\" style=\"margin-top: 15px;margin-right: 25px;margin-bottom: 40px;margin-left: 25px;\"><script async src=\"\/\/pagead2.googlesyndication.com\/pagead\/js\/adsbygoogle.js?client=ca-pub-8960936133935804\" crossorigin=\"anonymous\"><\/script><ins class=\"adsbygoogle\" style=\"display:block;\" data-ad-client=\"ca-pub-8960936133935804\" \ndata-ad-slot=\"6172817020\" \ndata-ad-format=\"auto\"><\/ins>\n<script> \n(adsbygoogle = window.adsbygoogle || []).push({}); \n<\/script>\n<\/div>\n<div class=\"wp-block-cover alignfull is-light\"><span aria-hidden=\"true\" class=\"wp-block-cover__gradient-background has-background-dim\"><\/span><img decoding=\"async\" class=\"wp-block-cover__image-background wp-image-342\" alt=\"Webcam Madri\" src=\"https:\/\/weather-radar-live.com\/wp-content\/uploads\/2021\/06\/sam-schooler-E9aetBe2w40-unsplash-e1622554814366.jpg\" data-object-fit=\"cover\"\/><div class=\"wp-block-cover__inner-container is-layout-flow wp-block-cover-is-layout-flow\">\n<h2 class=\"has-text-align-center heading wp-block-heading\" id=\"webcam-fort-mahon\" style=\"font-size:40px\"><strong><mark style=\"background-color:rgba(0, 0, 0, 0)\" class=\"has-inline-color has-base-3-color\">WEBCAM <\/mark><\/strong><br><strong><mark style=\"background-color:rgba(0, 0, 0, 0)\" class=\"has-inline-color has-base-3-color\">MADRI<\/mark><\/strong><\/h2>\n<\/div><\/div>\n\n\n<div class=\"yoast-breadcrumbs\"><span><span><a href=\"https:\/\/weather-radar-live.com\/pt-br\/\">Weather Radar Live<\/a><\/span> \u00bb <span><a href=\"https:\/\/weather-radar-live.com\/pt-br\/webcam\/\">Webcam<\/a><\/span> \u00bb <span><a href=\"https:\/\/weather-radar-live.com\/pt-br\/webcam\/espanha\/\">Espanha<\/a><\/span> \u00bb <span class=\"breadcrumb_last\" aria-current=\"page\"><strong>Webcam Madri<\/strong><\/span><\/span><\/div>\n\n\n<h2 class=\"has-text-align-center wp-block-heading\" id=\"webcam-fort-mahon\"><strong>Webcam Madri<\/strong><\/h2>\n\n\n\n<p>Madri, a capital da Espanha, tem sido o centro do pa\u00eds durante s\u00e9culos. N\u00e3o s\u00f3 geograficamente, mas tamb\u00e9m cultural e politicamente. Com 3,2 milh\u00f5es de habitantes, \u00e9 tamb\u00e9m a maior cidade da Espanha. Madri tem simplesmente tudo para os residentes e turistas viverem. Atra\u00e7\u00f5es que vale a pena ver encontram boa comida e muita cultura. \u00c9 por isso que cerca de 5,5 milh\u00f5es de pessoas v\u00eam todos os anos para a capital espanhola. Colocamos nossa webcam Madrid no local, para que o senhor possa dar uma olhada na metr\u00f3pole 24 horas por dia.<\/p>\n\n\n\n<p>Madri est\u00e1 situada a uma altitude de 667 metros acima do n\u00edvel do mar. Isso torna a metr\u00f3pole espanhola a capital mais alta da Uni\u00e3o Europ\u00e9ia. Dois dos clubes de futebol mais famosos da Europa tamb\u00e9m est\u00e3o localizados em Madri, al\u00e9m do Real Madrid tamb\u00e9m o Atl\u00e9tico de Madri. Um costume interessante que o senhor encontrar\u00e1 ao visitar a capital \u00e9 a hora do jantar. Isso porque, em Madri, o jantar n\u00e3o \u00e9 servido antes das 21h30. Por outro lado, a hora do vinho, do aperitivo ou da sangria come\u00e7a j\u00e1 \u00e0s 20h00.<\/p><div id=\"weath-1644919171\" class=\"weath-inhalt_2 weath-entity-placement\" style=\"margin-top: 15px;margin-right: 25px;margin-bottom: 35px;margin-left: 25px;\"><script async src=\"\/\/pagead2.googlesyndication.com\/pagead\/js\/adsbygoogle.js?client=ca-pub-8960936133935804\" crossorigin=\"anonymous\"><\/script><ins class=\"adsbygoogle\" style=\"display:block;\" data-ad-client=\"ca-pub-8960936133935804\" \ndata-ad-slot=\"1963584050\" \ndata-ad-format=\"auto\"><\/ins>\n<script> \n(adsbygoogle = window.adsbygoogle || []).push({}); \n<\/script>\n<\/div>\n\n\n\n<div class=\"wp-block-columns is-layout-flex wp-container-core-columns-is-layout-9d6595d7 wp-block-columns-is-layout-flex\">\n<div class=\"wp-block-column webcam-column is-layout-flow wp-block-column-is-layout-flow\">\n<h3 class=\"has-text-align-center wp-block-heading\"> \ud83d\udd34 <strong>Webcam<strong><strong><strong> <\/strong><\/strong><\/strong>Madri<\/strong> &#8211; Las Acacias <\/h3>\n\n\n\n<a name=\"windy-webcam-timelapse-player\" data-id=\"1606332967\" data-play=\"day\" href=\"https:\/\/windy.com\/webcams\/1606332967\" target=\"_blank\" rel=\"noopener\">Las Acacias: PIRAMIDES<\/a><script async=\"\" type=\"text\/javascript\" src=\"https:\/\/webcams.windy.com\/webcams\/public\/embed\/script\/player.js\"><\/script>\n<\/div>\n\n\n\n<div class=\"wp-block-column webcam-column is-layout-flow wp-block-column-is-layout-flow\">\n<h3 class=\"has-text-align-center wp-block-heading\"> \ud83d\udd34 <strong><strong>Webcam<strong><strong><strong> <\/strong><\/strong><\/strong>Madri<\/strong><\/strong> &#8211; Delicias<\/h3>\n\n\n\n<a name=\"windy-webcam-timelapse-player\" data-id=\"1606333185\" data-play=\"day\" href=\"https:\/\/windy.com\/webcams\/1606333185\" target=\"_blank\" rel=\"noopener\">Delicias: BEATA MARIA DE JESUS<\/a><script async=\"\" type=\"text\/javascript\" src=\"https:\/\/webcams.windy.com\/webcams\/public\/embed\/script\/player.js\"><\/script>\n<\/div>\n<\/div>\n\n\n\n<div class=\"wp-block-columns is-layout-flex wp-container-core-columns-is-layout-9d6595d7 wp-block-columns-is-layout-flex\">\n<div class=\"wp-block-column webcam-column is-layout-flow wp-block-column-is-layout-flow\">\n<h3 class=\"has-text-align-center wp-block-heading\"> \ud83d\udd34 <strong><strong>Webcam<strong><strong><strong> <\/strong><\/strong><\/strong>Madri<\/strong><\/strong> &#8211; Centro<\/h3>\n\n\n\n<a name=\"windy-webcam-timelapse-player\" data-id=\"1649677128\" data-play=\"day\" href=\"https:\/\/windy.com\/webcams\/1649677128\" target=\"_blank\" rel=\"noopener\">Madri<\/a><script async=\"\" type=\"text\/javascript\" src=\"https:\/\/webcams.windy.com\/webcams\/public\/embed\/script\/player.js\"><\/script>\n<\/div>\n\n\n\n<div class=\"wp-block-column webcam-column is-layout-flow wp-block-column-is-layout-flow\">\n<h3 class=\"has-text-align-center wp-block-heading\"> \ud83d\udd34 <strong><strong>Webcam<strong><strong><strong> <\/strong><\/strong><\/strong>Madri<\/strong><\/strong> &#8211; Coron<\/h3>\n\n\n\n<a name=\"windy-webcam-timelapse-player\" data-id=\"1586452675\" data-play=\"day\" href=\"https:\/\/windy.com\/webcams\/1586452675\" target=\"_blank\" rel=\"noopener\">Madri: COLON<\/a><script async=\"\" type=\"text\/javascript\" src=\"https:\/\/webcams.windy.com\/webcams\/public\/embed\/script\/player.js\"><\/script>\n<\/div>\n<\/div>\n\n\n\n<div class=\"wp-block-columns is-layout-flex wp-container-core-columns-is-layout-9d6595d7 wp-block-columns-is-layout-flex\">\n<div class=\"wp-block-column webcam-column is-layout-flow wp-block-column-is-layout-flow\">\n<h3 class=\"has-text-align-center wp-block-heading\"> \ud83d\udd34 <strong><strong>Webcam<strong><strong><strong> <\/strong><\/strong><\/strong>Madri<\/strong><\/strong> &#8211; San Juan de la Cruz<\/h3>\n\n\n\n<a name=\"windy-webcam-timelapse-player\" data-id=\"1606332765\" data-play=\"day\" href=\"https:\/\/windy.com\/webcams\/1606332765\" target=\"_blank\" rel=\"noopener\">Rios Rosas: SAN JUAN DE LA CRUZ<\/a><script async=\"\" type=\"text\/javascript\" src=\"https:\/\/webcams.windy.com\/webcams\/public\/embed\/script\/player.js\"><\/script>\n<\/div>\n\n\n\n<div class=\"wp-block-column webcam-column is-layout-flow wp-block-column-is-layout-flow\">\n<h3 class=\"has-text-align-center wp-block-heading\"> \ud83d\udd34 <strong><strong>Webcam<strong><strong><strong> <\/strong><\/strong><\/strong>Madri<\/strong><\/strong> &#8211; Faro Moncloa<\/h3>\n\n\n\n<a name=\"windy-webcam-timelapse-player\" data-id=\"1606333010\" data-play=\"day\" href=\"https:\/\/windy.com\/webcams\/1606333010\" target=\"_blank\" rel=\"noopener\">Gaztambide: FARO MONCLOA &#8211; A6<\/a><script async=\"\" type=\"text\/javascript\" src=\"https:\/\/webcams.windy.com\/webcams\/public\/embed\/script\/player.js\"><\/script>\n<\/div>\n<\/div>\n\n\n\n<div class=\"wp-block-columns is-layout-flex wp-container-core-columns-is-layout-9d6595d7 wp-block-columns-is-layout-flex\">\n<div class=\"wp-block-column webcam-column is-layout-flow wp-block-column-is-layout-flow\">\n<h3 class=\"has-text-align-center wp-block-heading\"> \ud83d\udd34 <strong><strong>Webcam<strong><strong><strong> <\/strong><\/strong><\/strong>Madri<\/strong><\/strong> &#8211; Praia<\/h3>\n\n\n\n<a name=\"windy-webcam-timelapse-player\" data-id=\"1606332777\" data-play=\"day\" href=\"https:\/\/windy.com\/webcams\/1606332777\" target=\"_blank\" rel=\"noopener\">Palacio: PUENTE DE SEGOVIA<\/a><script async=\"\" type=\"text\/javascript\" src=\"https:\/\/webcams.windy.com\/webcams\/public\/embed\/script\/player.js\"><\/script>\n<\/div>\n\n\n\n<div class=\"wp-block-column webcam-column is-layout-flow wp-block-column-is-layout-flow\">\n<h3 class=\"has-text-align-center wp-block-heading\"> \ud83d\udd34 <strong><strong>Webcam<strong><strong><strong> <\/strong><\/strong><\/strong>Madri<\/strong><\/strong> &#8211; Cibeles<\/h3>\n\n\n\n<a name=\"windy-webcam-timelapse-player\" data-id=\"1586373287\" data-play=\"day\" href=\"https:\/\/windy.com\/webcams\/1586373287\" target=\"_blank\" rel=\"noopener\">Madri: CIBELES<\/a><script async=\"\" type=\"text\/javascript\" src=\"https:\/\/webcams.windy.com\/webcams\/public\/embed\/script\/player.js\"><\/script>\n<\/div>\n<\/div>\n\n\n\n<div class=\"wp-block-columns is-layout-flex wp-container-core-columns-is-layout-9d6595d7 wp-block-columns-is-layout-flex\">\n<div class=\"wp-block-column webcam-column is-layout-flow wp-block-column-is-layout-flow\">\n<h3 class=\"has-text-align-center wp-block-heading\"> \ud83d\udd34 <strong><strong>Webcam<strong><strong><strong> <\/strong><\/strong><\/strong>Madri<\/strong><\/strong> &#8211; Gran Via<\/h3>\n\n\n\n<a name=\"windy-webcam-timelapse-player\" data-id=\"1606333728\" data-play=\"day\" href=\"https:\/\/windy.com\/webcams\/1606333728\" target=\"_blank\" rel=\"noopener\">Palacio: GRAN VIA &#8211; SAN BERNARDO<\/a><script async=\"\" type=\"text\/javascript\" src=\"https:\/\/webcams.windy.com\/webcams\/public\/embed\/script\/player.js\"><\/script>\n<\/div>\n\n\n\n<div class=\"wp-block-column webcam-column is-layout-flow wp-block-column-is-layout-flow\">\n<h3 class=\"has-text-align-center wp-block-heading\"> \ud83d\udd34 <strong><strong>Webcam<strong><strong><strong> <\/strong><\/strong><\/strong>Madri<\/strong><\/strong> &#8211; Castellana<\/h3>\n\n\n\n<a name=\"windy-webcam-timelapse-player\" data-id=\"1606333173\" data-play=\"day\" href=\"https:\/\/windy.com\/webcams\/1606333173\" target=\"_blank\" rel=\"noopener\">Castellana: MARQUES DE SALAMANCA<\/a><script async=\"\" type=\"text\/javascript\" src=\"https:\/\/webcams.windy.com\/webcams\/public\/embed\/script\/player.js\"><\/script>\n<\/div>\n<\/div>\n\n\n\n<h2 class=\"wp-block-heading\" id=\"fort-mahon-today\"><strong>Radar Meteorol\u00f3gico Madri &#8211; O tempo em Madri<\/strong><\/h2>\n\n\n\n<p>O senhor est\u00e1 interessado no clima local? Nossa webcam em Madri lhe garante informa\u00e7\u00f5es \u00fateis. Tire um tempo para ver todos os dados relevantes sobre chuva, tempestades, neve e previs\u00e3o do tempo. Marcadores coloridos d\u00e3o ao senhor informa\u00e7\u00f5es sobre as condi\u00e7\u00f5es meteorol\u00f3gicas na capital espanhola. Enquanto as \u00e1reas azuis e verdes indicam precipita\u00e7\u00e3o moderada, as \u00e1reas de cor vermelha e roxa indicam alta intensidade. As trovoadas s\u00e3o mostradas com pequenos s\u00edmbolos de rel\u00e2mpagos. O senhor tamb\u00e9m pode dar uma olhada na previs\u00e3o do tempo em Madri.<\/p>\n\n\n\n<div class=\"wp-block-columns is-layout-flex wp-container-core-columns-is-layout-9d6595d7 wp-block-columns-is-layout-flex\">\n<div class=\"wp-block-column is-layout-flow wp-block-column-is-layout-flow\" style=\"flex-basis:75%\">\n<iframe loading=\"lazy\" width=\"1300\" height=\"502\" src=\"https:\/\/embed.windy.com\/embed2.html?lat=40.420&amp;lon=-3.757&amp;detailLat=40.420&amp;detailLon=-3.757&amp;width=1300&amp;height=502&amp;zoom=11&amp;level=surface&amp;overlay=rain&amp;product=ecmwf&amp;menu=&amp;message=&amp;marker=&amp;calendar=now&amp;pressure=&amp;type=map&amp;location=coordinates&amp;detail=&amp;metricWind=default&amp;metricTemp=default&amp;radarRange=-1\" frameborder=\"0\"><\/iframe>\n<\/div>\n\n\n\n<div class=\"wp-block-column is-layout-flow wp-block-column-is-layout-flow\" style=\"flex-basis:25%\">\n<a class=\"weatherwidget-io\" href=\"https:\/\/forecast7.com\/pt\/40d42n3d70\/madrid\/\" data-label_1=\"MADRID\" data-theme=\"original\" >MADRID<\/a>\n<script>\n!function(d,s,id){var js,fjs=d.getElementsByTagName(s)[0];if(!d.getElementById(id)){js=d.createElement(s);js.id=id;js.src='https:\/\/weatherwidget.io\/js\/widget.min.js';fjs.parentNode.insertBefore(js,fjs);}}(document,'script','weatherwidget-io-js');\n<\/script>\n<\/div>\n<\/div>\n\n\n\n<h2 class=\"wp-block-heading\" id=\"fort-mahon-weather\"><strong><strong>O clima em Madri<\/strong><\/strong><\/h2>\n\n\n\n<p>Devido \u00e0 sua localiza\u00e7\u00e3o central na Espanha, Madri se encontra na zona clim\u00e1tica continental. Portanto, os ver\u00f5es s\u00e3o quentes e secos, os invernos s\u00e3o frios e \u00e0s vezes gelados. Especialmente de dezembro a fevereiro, a temperatura m\u00e9dia cai para 6\u00b0 Celsius. Por isso, podem ocorrer geadas. A partir de mar\u00e7o, a temperatura esquenta. A temperatura sobe em m\u00e9dia para 18\u00b0 Celsius. Mas o n\u00famero de dias de chuva tamb\u00e9m aumenta. De mar\u00e7o a maio, a precipita\u00e7\u00e3o cai, em m\u00e9dia, nove dias. No per\u00edodo de junho a agosto, a temperatura atinge seus valores mais altos. At\u00e9 os 40\u00b0 Celsius, o ver\u00e3o \u00e9 quente e seco. Mesmo durante a noite, a temperatura raramente cai abaixo da marca dos 30\u00b0. No outono, o term\u00f4metro mostra novamente 18\u00b0 Celsius, em m\u00e9dia.<\/p>\n\n\n\n<h2 class=\"wp-block-heading\"><strong>Atra\u00e7\u00f5es em Madri<\/strong><\/h2>\n\n\n\n<p>As vistas que vale a pena ver s\u00e3o de um centavo por d\u00fazia em Madri. H\u00e1 uma atra\u00e7\u00e3o para cada veranista. Os torcedores de futebol desfrutar\u00e3o do famoso Est\u00e1dio Santiago Bernab\u00e9u, a terra natal do Real Madrid. Mais de 80.000 visitantes podem caber na arena. O Pal\u00e1cio Real \u00e9 um imponente e magn\u00edfico edif\u00edcio que tem encantado os visitantes desde o fim do s\u00e9culo XVIII. Segundo o Livro dos Recordes do Guinness, o restaurante mais antigo do mundo est\u00e1 localizado tamb\u00e9m em Madri. O Sobrino de Bot\u00edn est\u00e1 mimando seus h\u00f3spedes desde 1725. Nossa webcam em Madri lhe oferece uma vista encantadora da cidade.<\/p>\n","protected":false},"excerpt":{"rendered":"<p>Webcam Madri Madri, a capital da Espanha, tem sido o centro do pa\u00eds durante s\u00e9culos. N\u00e3o s\u00f3 geograficamente, mas tamb\u00e9m cultural e politicamente. Com 3,2 milh\u00f5es de habitantes, \u00e9 tamb\u00e9m a maior cidade da Espanha. Madri tem simplesmente tudo para os residentes e turistas viverem. Atra\u00e7\u00f5es que vale a pena ver encontram boa comida e &#8230; <a title=\"Webcam Madri\" class=\"read-more\" href=\"https:\/\/weather-radar-live.com\/pt-br\/webcam\/espanha\/webcam-madri\/\" aria-label=\"Read more about Webcam Madri\">Ler mais<\/a><\/p>\n","protected":false},"author":1,"featured_media":5951,"parent":4350,"menu_order":0,"comment_status":"closed","ping_status":"closed","template":"","meta":{"footnotes":""},"class_list":["post-5677","page","type-page","status-publish","has-post-thumbnail"],"yoast_head":"<!-- This site is optimized with the Yoast SEO plugin v27.6 - https:\/\/yoast.com\/product\/yoast-seo-wordpress\/ -->\n<title>Webcam Madri \u2192 Assista ao vivo!<\/title>\n<meta name=\"description\" content=\"Webcam Madri | Livecam de Madrid! \u2705 Atualizado para voc\u00ea em tempo real! \u2705 Previs\u00e3o do tempo atual!\" \/>\n<meta name=\"robots\" content=\"index, follow, max-snippet:-1, max-image-preview:large, max-video-preview:-1\" \/>\n<link rel=\"canonical\" href=\"https:\/\/weather-radar-live.com\/pt-br\/webcam\/espanha\/webcam-madri\/\" \/>\n<meta property=\"og:locale\" content=\"pt_BR\" \/>\n<meta property=\"og:type\" content=\"article\" \/>\n<meta property=\"og:title\" content=\"Webcam Madri \u2192 Assista ao vivo!\" \/>\n<meta property=\"og:description\" content=\"Webcam Madri | Livecam de Madrid! \u2705 Atualizado para voc\u00ea em tempo real! \u2705 Previs\u00e3o do tempo atual!\" \/>\n<meta property=\"og:url\" content=\"https:\/\/weather-radar-live.com\/pt-br\/webcam\/espanha\/webcam-madri\/\" \/>\n<meta property=\"og:site_name\" content=\"weather-radar-live.com\" \/>\n<meta property=\"article:modified_time\" content=\"2022-07-22T12:34:13+00:00\" \/>\n<meta property=\"og:image\" content=\"https:\/\/weather-radar-live.com\/wp-content\/uploads\/2022\/07\/Webcam-Sierra-Nevada-e1658218397839.png\" \/>\n\t<meta property=\"og:image:width\" content=\"397\" \/>\n\t<meta property=\"og:image:height\" content=\"206\" \/>\n\t<meta property=\"og:image:type\" content=\"image\/png\" \/>\n<meta name=\"twitter:card\" content=\"summary_large_image\" \/>\n<meta name=\"twitter:label1\" content=\"Est. tempo de leitura\" \/>\n\t<meta name=\"twitter:data1\" content=\"3 minutos\" \/>\n<script type=\"application\/ld+json\" class=\"yoast-schema-graph\">{\"@context\":\"https:\\\/\\\/schema.org\",\"@graph\":[{\"@type\":\"WebPage\",\"@id\":\"https:\\\/\\\/weather-radar-live.com\\\/pt-br\\\/webcam\\\/espanha\\\/webcam-madri\\\/\",\"url\":\"https:\\\/\\\/weather-radar-live.com\\\/pt-br\\\/webcam\\\/espanha\\\/webcam-madri\\\/\",\"name\":\"Webcam Madri \u2192 Assista ao vivo!\",\"isPartOf\":{\"@id\":\"https:\\\/\\\/weather-radar-live.com\\\/#website\"},\"primaryImageOfPage\":{\"@id\":\"https:\\\/\\\/weather-radar-live.com\\\/pt-br\\\/webcam\\\/espanha\\\/webcam-madri\\\/#primaryimage\"},\"image\":{\"@id\":\"https:\\\/\\\/weather-radar-live.com\\\/pt-br\\\/webcam\\\/espanha\\\/webcam-madri\\\/#primaryimage\"},\"thumbnailUrl\":\"https:\\\/\\\/weather-radar-live.com\\\/wp-content\\\/uploads\\\/2022\\\/07\\\/Webcam-Madrid-e1658759569817.jpg\",\"datePublished\":\"2022-07-22T12:28:16+00:00\",\"dateModified\":\"2022-07-22T12:34:13+00:00\",\"description\":\"Webcam Madri | Livecam de Madrid! \u2705 Atualizado para voc\u00ea em tempo real! \u2705 Previs\u00e3o do tempo atual!\",\"breadcrumb\":{\"@id\":\"https:\\\/\\\/weather-radar-live.com\\\/pt-br\\\/webcam\\\/espanha\\\/webcam-madri\\\/#breadcrumb\"},\"inLanguage\":\"pt-BR\",\"potentialAction\":[{\"@type\":\"ReadAction\",\"target\":[\"https:\\\/\\\/weather-radar-live.com\\\/pt-br\\\/webcam\\\/espanha\\\/webcam-madri\\\/\"]}]},{\"@type\":\"ImageObject\",\"inLanguage\":\"pt-BR\",\"@id\":\"https:\\\/\\\/weather-radar-live.com\\\/pt-br\\\/webcam\\\/espanha\\\/webcam-madri\\\/#primaryimage\",\"url\":\"https:\\\/\\\/weather-radar-live.com\\\/wp-content\\\/uploads\\\/2022\\\/07\\\/Webcam-Madrid-e1658759569817.jpg\",\"contentUrl\":\"https:\\\/\\\/weather-radar-live.com\\\/wp-content\\\/uploads\\\/2022\\\/07\\\/Webcam-Madrid-e1658759569817.jpg\",\"width\":416,\"height\":225,\"caption\":\"Webcam Madrid\"},{\"@type\":\"BreadcrumbList\",\"@id\":\"https:\\\/\\\/weather-radar-live.com\\\/pt-br\\\/webcam\\\/espanha\\\/webcam-madri\\\/#breadcrumb\",\"itemListElement\":[{\"@type\":\"ListItem\",\"position\":1,\"name\":\"Weather Radar Live\",\"item\":\"https:\\\/\\\/weather-radar-live.com\\\/pt-br\\\/\"},{\"@type\":\"ListItem\",\"position\":2,\"name\":\"Webcam\",\"item\":\"https:\\\/\\\/weather-radar-live.com\\\/pt-br\\\/webcam\\\/\"},{\"@type\":\"ListItem\",\"position\":3,\"name\":\"Espanha\",\"item\":\"https:\\\/\\\/weather-radar-live.com\\\/pt-br\\\/webcam\\\/espanha\\\/\"},{\"@type\":\"ListItem\",\"position\":4,\"name\":\"Webcam Madri\"}]},{\"@type\":\"WebSite\",\"@id\":\"https:\\\/\\\/weather-radar-live.com\\\/#website\",\"url\":\"https:\\\/\\\/weather-radar-live.com\\\/\",\"name\":\"weather-radar-live.com\",\"description\":\"Your weather and sky radar.\",\"publisher\":{\"@id\":\"https:\\\/\\\/weather-radar-live.com\\\/#organization\"},\"potentialAction\":[{\"@type\":\"SearchAction\",\"target\":{\"@type\":\"EntryPoint\",\"urlTemplate\":\"https:\\\/\\\/weather-radar-live.com\\\/?s={search_term_string}\"},\"query-input\":{\"@type\":\"PropertyValueSpecification\",\"valueRequired\":true,\"valueName\":\"search_term_string\"}}],\"inLanguage\":\"pt-BR\"},{\"@type\":\"Organization\",\"@id\":\"https:\\\/\\\/weather-radar-live.com\\\/#organization\",\"name\":\"weather-radar-live.com\",\"url\":\"https:\\\/\\\/weather-radar-live.com\\\/\",\"logo\":{\"@type\":\"ImageObject\",\"inLanguage\":\"pt-BR\",\"@id\":\"https:\\\/\\\/weather-radar-live.com\\\/#\\\/schema\\\/logo\\\/image\\\/\",\"url\":\"https:\\\/\\\/weather-radar-live.com\\\/wp-content\\\/uploads\\\/2022\\\/03\\\/cropped-WRL2503.png\",\"contentUrl\":\"https:\\\/\\\/weather-radar-live.com\\\/wp-content\\\/uploads\\\/2022\\\/03\\\/cropped-WRL2503.png\",\"width\":1920,\"height\":555,\"caption\":\"weather-radar-live.com\"},\"image\":{\"@id\":\"https:\\\/\\\/weather-radar-live.com\\\/#\\\/schema\\\/logo\\\/image\\\/\"}}]}<\/script>\n<!-- \/ Yoast SEO plugin. -->","yoast_head_json":{"title":"Webcam Madri \u2192 Assista ao vivo!","description":"Webcam Madri | Livecam de Madrid! \u2705 Atualizado para voc\u00ea em tempo real! \u2705 Previs\u00e3o do tempo atual!","robots":{"index":"index","follow":"follow","max-snippet":"max-snippet:-1","max-image-preview":"max-image-preview:large","max-video-preview":"max-video-preview:-1"},"canonical":"https:\/\/weather-radar-live.com\/pt-br\/webcam\/espanha\/webcam-madri\/","og_locale":"pt_BR","og_type":"article","og_title":"Webcam Madri \u2192 Assista ao vivo!","og_description":"Webcam Madri | Livecam de Madrid! \u2705 Atualizado para voc\u00ea em tempo real! \u2705 Previs\u00e3o do tempo atual!","og_url":"https:\/\/weather-radar-live.com\/pt-br\/webcam\/espanha\/webcam-madri\/","og_site_name":"weather-radar-live.com","article_modified_time":"2022-07-22T12:34:13+00:00","og_image":[{"width":397,"height":206,"url":"https:\/\/weather-radar-live.com\/wp-content\/uploads\/2022\/07\/Webcam-Sierra-Nevada-e1658218397839.png","type":"image\/png"}],"twitter_card":"summary_large_image","twitter_misc":{"Est. tempo de leitura":"3 minutos"},"schema":{"@context":"https:\/\/schema.org","@graph":[{"@type":"WebPage","@id":"https:\/\/weather-radar-live.com\/pt-br\/webcam\/espanha\/webcam-madri\/","url":"https:\/\/weather-radar-live.com\/pt-br\/webcam\/espanha\/webcam-madri\/","name":"Webcam Madri \u2192 Assista ao vivo!","isPartOf":{"@id":"https:\/\/weather-radar-live.com\/#website"},"primaryImageOfPage":{"@id":"https:\/\/weather-radar-live.com\/pt-br\/webcam\/espanha\/webcam-madri\/#primaryimage"},"image":{"@id":"https:\/\/weather-radar-live.com\/pt-br\/webcam\/espanha\/webcam-madri\/#primaryimage"},"thumbnailUrl":"https:\/\/weather-radar-live.com\/wp-content\/uploads\/2022\/07\/Webcam-Madrid-e1658759569817.jpg","datePublished":"2022-07-22T12:28:16+00:00","dateModified":"2022-07-22T12:34:13+00:00","description":"Webcam Madri | Livecam de Madrid! \u2705 Atualizado para voc\u00ea em tempo real! \u2705 Previs\u00e3o do tempo atual!","breadcrumb":{"@id":"https:\/\/weather-radar-live.com\/pt-br\/webcam\/espanha\/webcam-madri\/#breadcrumb"},"inLanguage":"pt-BR","potentialAction":[{"@type":"ReadAction","target":["https:\/\/weather-radar-live.com\/pt-br\/webcam\/espanha\/webcam-madri\/"]}]},{"@type":"ImageObject","inLanguage":"pt-BR","@id":"https:\/\/weather-radar-live.com\/pt-br\/webcam\/espanha\/webcam-madri\/#primaryimage","url":"https:\/\/weather-radar-live.com\/wp-content\/uploads\/2022\/07\/Webcam-Madrid-e1658759569817.jpg","contentUrl":"https:\/\/weather-radar-live.com\/wp-content\/uploads\/2022\/07\/Webcam-Madrid-e1658759569817.jpg","width":416,"height":225,"caption":"Webcam Madrid"},{"@type":"BreadcrumbList","@id":"https:\/\/weather-radar-live.com\/pt-br\/webcam\/espanha\/webcam-madri\/#breadcrumb","itemListElement":[{"@type":"ListItem","position":1,"name":"Weather Radar Live","item":"https:\/\/weather-radar-live.com\/pt-br\/"},{"@type":"ListItem","position":2,"name":"Webcam","item":"https:\/\/weather-radar-live.com\/pt-br\/webcam\/"},{"@type":"ListItem","position":3,"name":"Espanha","item":"https:\/\/weather-radar-live.com\/pt-br\/webcam\/espanha\/"},{"@type":"ListItem","position":4,"name":"Webcam Madri"}]},{"@type":"WebSite","@id":"https:\/\/weather-radar-live.com\/#website","url":"https:\/\/weather-radar-live.com\/","name":"weather-radar-live.com","description":"Your weather and sky radar.","publisher":{"@id":"https:\/\/weather-radar-live.com\/#organization"},"potentialAction":[{"@type":"SearchAction","target":{"@type":"EntryPoint","urlTemplate":"https:\/\/weather-radar-live.com\/?s={search_term_string}"},"query-input":{"@type":"PropertyValueSpecification","valueRequired":true,"valueName":"search_term_string"}}],"inLanguage":"pt-BR"},{"@type":"Organization","@id":"https:\/\/weather-radar-live.com\/#organization","name":"weather-radar-live.com","url":"https:\/\/weather-radar-live.com\/","logo":{"@type":"ImageObject","inLanguage":"pt-BR","@id":"https:\/\/weather-radar-live.com\/#\/schema\/logo\/image\/","url":"https:\/\/weather-radar-live.com\/wp-content\/uploads\/2022\/03\/cropped-WRL2503.png","contentUrl":"https:\/\/weather-radar-live.com\/wp-content\/uploads\/2022\/03\/cropped-WRL2503.png","width":1920,"height":555,"caption":"weather-radar-live.com"},"image":{"@id":"https:\/\/weather-radar-live.com\/#\/schema\/logo\/image\/"}}]}},"_links":{"self":[{"href":"https:\/\/weather-radar-live.com\/pt-br\/wp-json\/wp\/v2\/pages\/5677","targetHints":{"allow":["GET"]}}],"collection":[{"href":"https:\/\/weather-radar-live.com\/pt-br\/wp-json\/wp\/v2\/pages"}],"about":[{"href":"https:\/\/weather-radar-live.com\/pt-br\/wp-json\/wp\/v2\/types\/page"}],"author":[{"embeddable":true,"href":"https:\/\/weather-radar-live.com\/pt-br\/wp-json\/wp\/v2\/users\/1"}],"replies":[{"embeddable":true,"href":"https:\/\/weather-radar-live.com\/pt-br\/wp-json\/wp\/v2\/comments?post=5677"}],"version-history":[{"count":3,"href":"https:\/\/weather-radar-live.com\/pt-br\/wp-json\/wp\/v2\/pages\/5677\/revisions"}],"predecessor-version":[{"id":5702,"href":"https:\/\/weather-radar-live.com\/pt-br\/wp-json\/wp\/v2\/pages\/5677\/revisions\/5702"}],"up":[{"embeddable":true,"href":"https:\/\/weather-radar-live.com\/pt-br\/wp-json\/wp\/v2\/pages\/4350"}],"wp:featuredmedia":[{"embeddable":true,"href":"https:\/\/weather-radar-live.com\/pt-br\/wp-json\/wp\/v2\/media\/5951"}],"wp:attachment":[{"href":"https:\/\/weather-radar-live.com\/pt-br\/wp-json\/wp\/v2\/media?parent=5677"}],"curies":[{"name":"wp","href":"https:\/\/api.w.org\/{rel}","templated":true}]}}