{"id":5505,"date":"2022-04-20T15:27:59","date_gmt":"2022-04-20T13:27:59","guid":{"rendered":"https:\/\/weather-radar-live.com\/webcam\/franca\/webcam-seignosse\/"},"modified":"2022-07-20T15:26:30","modified_gmt":"2022-07-20T13:26:30","slug":"webcam-seignosse","status":"publish","type":"page","link":"https:\/\/weather-radar-live.com\/pt-br\/webcam\/franca\/webcam-seignosse\/","title":{"rendered":"Webcam Seignosse"},"content":{"rendered":"<div id=\"weath-1594370730\" class=\"weath-vor-dem-inhalt weath-entity-placement\" style=\"margin-top: 15px;margin-right: 25px;margin-bottom: 40px;margin-left: 25px;\"><script async src=\"\/\/pagead2.googlesyndication.com\/pagead\/js\/adsbygoogle.js?client=ca-pub-8960936133935804\" crossorigin=\"anonymous\"><\/script><ins class=\"adsbygoogle\" style=\"display:block;\" data-ad-client=\"ca-pub-8960936133935804\" \ndata-ad-slot=\"6172817020\" \ndata-ad-format=\"auto\"><\/ins>\n<script> \n(adsbygoogle = window.adsbygoogle || []).push({}); \n<\/script>\n<\/div>\n<div class=\"wp-block-cover alignfull is-light\"><span aria-hidden=\"true\" class=\"wp-block-cover__gradient-background has-background-dim\"><\/span><img decoding=\"async\" class=\"wp-block-cover__image-background wp-image-342\" alt=\"Webcam Seignosse\" src=\"https:\/\/weather-radar-live.com\/wp-content\/uploads\/2021\/06\/sam-schooler-E9aetBe2w40-unsplash-e1622554814366.jpg\" data-object-fit=\"cover\"\/><div class=\"wp-block-cover__inner-container is-layout-flow wp-block-cover-is-layout-flow\">\n<h2 class=\"has-text-align-center heading wp-block-heading\" id=\"webcam-fort-mahon\" style=\"font-size:40px\"><mark style=\"font-weight: bold; background-color: rgba(0, 0, 0, 0);\" class=\"has-inline-color has-base-3-color\"><strong>WEBCAM <\/strong><\/mark><b><br><\/b><mark style=\"background-color:rgba(0, 0, 0, 0)\" class=\"has-inline-color has-base-3-color\"><strong>SEIGNOSSE<\/strong><\/mark><\/h2>\n<\/div><\/div>\n\n\n<div class=\"yoast-breadcrumbs\"><span><span><a href=\"https:\/\/weather-radar-live.com\/pt-br\/\">Weather Radar Live<\/a><\/span> \u00bb <span><a href=\"https:\/\/weather-radar-live.com\/pt-br\/webcam\/\">Webcam<\/a><\/span> \u00bb <span><a href=\"https:\/\/weather-radar-live.com\/pt-br\/webcam\/franca\/\">Fran\u00e7a<\/a><\/span> \u00bb <span class=\"breadcrumb_last\" aria-current=\"page\"><strong>Webcam Seignosse<\/strong><\/span><\/span><\/div>\n\n\n<h2 class=\"has-text-align-center wp-block-heading\" id=\"webcam-fort-mahon\"><strong>Webcam <strong>Seignosse<\/strong><\/strong><\/h2>\n\n\n\n<p>Seignosse est\u00e1 situada entre a floresta das Landes e Maremne, na regi\u00e3o da Nova Aquit\u00e2nia. Seignosse Oc\u00e9an, uma est\u00e2ncia balnear classificada, d\u00e1 acesso ao Oceano Atl\u00e2ntico. Essa cidade \u00e9 famosa por seus pontos de surf, e fica perto de Hossegor. O local \u00e9 um espetacular playground para os entusiastas das trilhas e da corrida, com mais de 40 km de trilhas marcadas. Desde o in\u00edcio da temporada de ver\u00e3o, ela se tornou uma grande atra\u00e7\u00e3o tur\u00edstica com um ambiente familiar acolhedor.<\/p>\n\n\n\n<p>A \u00e1rea est\u00e1 coberta de pinheiros e carvalhos, protegidos por dunas de areia do spray do mar. Seignosse tem um grande parque aqu\u00e1tico chamado Parque Atl\u00e2ntico. Esse parque recreativo fica no &#8220;departamento&#8221; das Landes. H\u00e1 uma atmosfera \u00fanica em Seignosse que \u00e9 amig\u00e1vel e fresca. Perguntando-se qual \u00e9 o clima m\u00e9dio de Seignosse em um m\u00eas, seu clima, e sua famosa localiza\u00e7\u00e3o? Aqui, n\u00f3s lhe fornecemos as informa\u00e7\u00f5es que o senhor deseja saber. Vamos descobrir!<\/p><div id=\"weath-3611258348\" class=\"weath-inhalt_2 weath-entity-placement\" style=\"margin-top: 15px;margin-right: 25px;margin-bottom: 35px;margin-left: 25px;\"><script async src=\"\/\/pagead2.googlesyndication.com\/pagead\/js\/adsbygoogle.js?client=ca-pub-8960936133935804\" crossorigin=\"anonymous\"><\/script><ins class=\"adsbygoogle\" style=\"display:block;\" data-ad-client=\"ca-pub-8960936133935804\" \ndata-ad-slot=\"1963584050\" \ndata-ad-format=\"auto\"><\/ins>\n<script> \n(adsbygoogle = window.adsbygoogle || []).push({}); \n<\/script>\n<\/div>\n\n\n\n<h3 class=\"has-text-align-center wp-block-heading\">\ud83d\udd34 <strong>Webcam Seignosse<\/strong><\/h3>\n\n\n\n<a name=\"windy-webcam-timelapse-player\" data-id=\"1620452597\" data-play=\"day\" href=\"https:\/\/windy.com\/webcams\/1620452597\" target=\"_blank\" rel=\"noopener\">Seignosse<\/a><script async=\"\" type=\"text\/javascript\" src=\"https:\/\/webcams.windy.com\/webcams\/public\/embed\/script\/player.js\"><\/script>\n\n\n\n<h2 class=\"wp-block-heading\" id=\"fort-mahon-today\"><strong><strong>Weather Radar Seignosse &#8211; O tempo em Seignosse<\/strong><\/strong><\/h2>\n\n\n\n<p><strong><a href=\"https:\/\/weather-radar-live.com\/pt-br\/\">Radar Meteorol\u00f3gico ao Vivo<\/a><\/strong> coleta sinais e exibe dados relacionados a <strong><a href=\"https:\/\/weather-radar-live.com\/pt-br\/nuvens\/\">cobertura de nuvens<\/a><\/strong>, <strong><a href=\"https:\/\/weather-radar-live.com\/pt-br\/tornado\/\">tornados<\/a><\/strong>, <strong><a href=\"https:\/\/weather-radar-live.com\/pt-br\/radar-de-chuva\/\">precipita\u00e7\u00e3o<\/a><\/strong>e <strong><a href=\"https:\/\/weather-radar-live.com\/pt-br\/trovao\/\">thunderstorms <\/a><\/strong>em tempo real. Fornecemos ao senhor uma vis\u00e3o geral do tempo e lhe permitimos prever como vai ser o tempo nas pr\u00f3ximas horas. Al\u00e9m disso, o senhor pode aumentar ou diminuir o zoom clicando nos sinais + ou &#8211; presentes no canto superior direito. Receba as \u00faltimas atualiza\u00e7\u00f5es e previs\u00f5es do tempo para obter as informa\u00e7\u00f5es pertinentes.<\/p>\n\n\n\n<div class=\"wp-block-columns is-layout-flex wp-container-core-columns-is-layout-9d6595d7 wp-block-columns-is-layout-flex\">\n<div class=\"wp-block-column is-layout-flow wp-block-column-is-layout-flow\" style=\"flex-basis:75%\">\n<iframe loading=\"lazy\" width=\"1300\" height=\"502\" src=\"https:\/\/embed.windy.com\/embed2.html?lat=43.710&amp;lon=-1.846&amp;detailLat=43.710&amp;detailLon=-1.846&amp;width=1300&amp;height=502&amp;zoom=10&amp;level=surface&amp;overlay=wind&amp;product=ecmwf&amp;menu=&amp;message=&amp;marker=&amp;calendar=now&amp;pressure=&amp;type=map&amp;location=coordinates&amp;detail=&amp;metricWind=default&amp;metricTemp=default&amp;radarRange=-1\" frameborder=\"0\"><\/iframe>\n<\/div>\n\n\n\n<div class=\"wp-block-column is-layout-flow wp-block-column-is-layout-flow\" style=\"flex-basis:25%\">\n<a class=\"weatherwidget-io\" href=\"https:\/\/forecast7.com\/pt\/43d69n1d38\/seignosse\/\" data-label_1=\"SEIGNOSSE\" data-font=\"Roboto\" data-theme=\"original\" >SEIGNOSSE<\/a>\n<script>\n!function(d,s,id){var js,fjs=d.getElementsByTagName(s)[0];if(!d.getElementById(id)){js=d.createElement(s);js.id=id;js.src='https:\/\/weatherwidget.io\/js\/widget.min.js';fjs.parentNode.insertBefore(js,fjs);}}(document,'script','weatherwidget-io-js');\n<\/script>\n<\/div>\n<\/div>\n\n\n\n<h2 class=\"wp-block-heading\" id=\"fort-mahon-weather\"><strong><strong>O clima em Seignosse<\/strong><\/strong><\/h2>\n\n\n\n<p>Seignosse tem um clima quente e temperado. Goza de chuvas freq\u00fcentes, mesmo nos meses mais secos. A classifica\u00e7\u00e3o de K\u00f6ppen e Geiger para este local \u00e9 Cfb. De maio a outubro, o clima \u00e9 agrad\u00e1vel ou quente em Seignosse, sem chuvas fortes. A temperatura m\u00e9dia mais alta em Seignosse \u00e9 de 27\u00b0C em agosto e a mais baixa \u00e9 de 10\u00b0C em janeiro.<\/p>\n\n\n\n<p><strong>Temperatura <\/strong><\/p>\n\n\n\n<p>A m\u00e9dia \u00e9 de 14,5\u00b0C ou 58,2\u00b0F em Seignosse.<\/p>\n\n\n\n<p><strong>Precipita\u00e7\u00e3o <\/strong><\/p>\n\n\n\n<p>Aproximadamente 42,1 polegadas de precipita\u00e7\u00e3o caem aqui anualmente.<\/p>\n\n\n\n<p><strong>Umidade <\/strong><\/p>\n\n\n\n<p>Em janeiro, a umidade relativa do ar \u00e9 a mais alta (79,56%). Setembro tem o menor n\u00edvel de umidade relativa (71,55 %).<\/p>\n\n\n\n<p><strong>\u00cdndice UV<\/strong><\/p>\n\n\n\n<p>Em Seignosse, o \u00edndice UV m\u00e9dio \u00e9 de 4.<\/p>\n\n\n\n<p><strong>Nuvem<\/strong><\/p>\n\n\n\n<p>A porcentagem m\u00e9dia de cobertura de nuvens de Seignosse muda significativamente durante todo o ano.<\/p>\n\n\n\n<p>Em Seignosse, o m\u00eas de julho tem, em m\u00e9dia, o c\u00e9u mais claro do ano, com o c\u00e9u completamente claro ou parcialmente nublado 76% do tempo.<\/p>\n\n\n\n<p>Seignosse experimenta o tempo mais nublado em janeiro, quando o c\u00e9u est\u00e1 na sua maior parte nublado 59% do tempo.<\/p>\n\n\n\n<h2 class=\"wp-block-heading\"><strong><strong>A praia de Les Bourdaines<\/strong><\/strong><\/h2>\n\n\n\n<p>Em Acquitaine, Les Bourdaines \u00e9 uma praia que fica exposta \u00e0s ondas e funciona durante todo o ano. Os melhores ventos sopram do leste. O vento sopra e as ondas de terra distantes podem gerar ondas, mas a melhor dire\u00e7\u00e3o de ondula\u00e7\u00e3o \u00e9 do oeste. \u00c9 melhor surfar Seignosse &#8211; Les Bourdaines durante o outono e mais freq\u00fcentemente em outubro, quando as ondas s\u00e3o consistentes e limpas (ondula\u00e7\u00e3o cavalg\u00e1vel com ventos leves \/ offshore). \u00c9 um dos melhores lugares de lazer em Seignosse. Essa praia \u00e9 conhecida por suas vistas deslumbrantes e escolas de surf.<\/p>\n","protected":false},"excerpt":{"rendered":"<p>Webcam Seignosse Seignosse est\u00e1 situada entre a floresta das Landes e Maremne, na regi\u00e3o da Nova Aquit\u00e2nia. Seignosse Oc\u00e9an, uma est\u00e2ncia balnear classificada, d\u00e1 acesso ao Oceano Atl\u00e2ntico. Essa cidade \u00e9 famosa por seus pontos de surf, e fica perto de Hossegor. O local \u00e9 um espetacular playground para os entusiastas das trilhas e da &#8230; <a title=\"Webcam Seignosse\" class=\"read-more\" href=\"https:\/\/weather-radar-live.com\/pt-br\/webcam\/franca\/webcam-seignosse\/\" aria-label=\"Read more about Webcam Seignosse\">Ler mais<\/a><\/p>\n","protected":false},"author":1,"featured_media":3811,"parent":4179,"menu_order":0,"comment_status":"closed","ping_status":"closed","template":"","meta":{"footnotes":""},"class_list":["post-5505","page","type-page","status-publish","has-post-thumbnail"],"yoast_head":"<!-- This site is optimized with the Yoast SEO plugin v27.4 - https:\/\/yoast.com\/product\/yoast-seo-wordpress\/ -->\n<title>Webcam Seignosse \u2192 Veja isso ao vivo!<\/title>\n<meta name=\"description\" content=\"Webcam Seignosse | Webcam de Seignosse! \u2705 Atualizado para voc\u00ea em tempo real! \u2705 Previs\u00e3o do tempo atual!\" \/>\n<meta name=\"robots\" content=\"index, follow, max-snippet:-1, max-image-preview:large, max-video-preview:-1\" \/>\n<link rel=\"canonical\" href=\"https:\/\/weather-radar-live.com\/pt-br\/webcam\/franca\/webcam-seignosse\/\" \/>\n<meta property=\"og:locale\" content=\"pt_BR\" \/>\n<meta property=\"og:type\" content=\"article\" \/>\n<meta property=\"og:title\" content=\"Webcam Seignosse \u2192 Veja isso ao vivo!\" \/>\n<meta property=\"og:description\" content=\"Webcam Seignosse | Webcam de Seignosse! \u2705 Atualizado para voc\u00ea em tempo real! \u2705 Previs\u00e3o do tempo atual!\" \/>\n<meta property=\"og:url\" content=\"https:\/\/weather-radar-live.com\/pt-br\/webcam\/franca\/webcam-seignosse\/\" \/>\n<meta property=\"og:site_name\" content=\"weather-radar-live.com\" \/>\n<meta property=\"article:modified_time\" content=\"2022-07-20T13:26:30+00:00\" \/>\n<meta property=\"og:image\" content=\"https:\/\/weather-radar-live.com\/wp-content\/uploads\/2022\/04\/Webcams-Seignosse-e1650461886397.jpg\" \/>\n\t<meta property=\"og:image:width\" content=\"1757\" \/>\n\t<meta property=\"og:image:height\" content=\"951\" \/>\n\t<meta property=\"og:image:type\" content=\"image\/jpeg\" \/>\n<meta name=\"twitter:card\" content=\"summary_large_image\" \/>\n<meta name=\"twitter:label1\" content=\"Est. tempo de leitura\" \/>\n\t<meta name=\"twitter:data1\" content=\"3 minutos\" \/>\n<script type=\"application\/ld+json\" class=\"yoast-schema-graph\">{\"@context\":\"https:\\\/\\\/schema.org\",\"@graph\":[{\"@type\":\"WebPage\",\"@id\":\"https:\\\/\\\/weather-radar-live.com\\\/pt-br\\\/webcam\\\/franca\\\/webcam-seignosse\\\/\",\"url\":\"https:\\\/\\\/weather-radar-live.com\\\/pt-br\\\/webcam\\\/franca\\\/webcam-seignosse\\\/\",\"name\":\"Webcam Seignosse \u2192 Veja isso ao vivo!\",\"isPartOf\":{\"@id\":\"https:\\\/\\\/weather-radar-live.com\\\/#website\"},\"primaryImageOfPage\":{\"@id\":\"https:\\\/\\\/weather-radar-live.com\\\/pt-br\\\/webcam\\\/franca\\\/webcam-seignosse\\\/#primaryimage\"},\"image\":{\"@id\":\"https:\\\/\\\/weather-radar-live.com\\\/pt-br\\\/webcam\\\/franca\\\/webcam-seignosse\\\/#primaryimage\"},\"thumbnailUrl\":\"https:\\\/\\\/weather-radar-live.com\\\/wp-content\\\/uploads\\\/2022\\\/04\\\/Webcams-Seignosse-e1650461886397.jpg\",\"datePublished\":\"2022-04-20T13:27:59+00:00\",\"dateModified\":\"2022-07-20T13:26:30+00:00\",\"description\":\"Webcam Seignosse | Webcam de Seignosse! \u2705 Atualizado para voc\u00ea em tempo real! \u2705 Previs\u00e3o do tempo atual!\",\"breadcrumb\":{\"@id\":\"https:\\\/\\\/weather-radar-live.com\\\/pt-br\\\/webcam\\\/franca\\\/webcam-seignosse\\\/#breadcrumb\"},\"inLanguage\":\"pt-BR\",\"potentialAction\":[{\"@type\":\"ReadAction\",\"target\":[\"https:\\\/\\\/weather-radar-live.com\\\/pt-br\\\/webcam\\\/franca\\\/webcam-seignosse\\\/\"]}]},{\"@type\":\"ImageObject\",\"inLanguage\":\"pt-BR\",\"@id\":\"https:\\\/\\\/weather-radar-live.com\\\/pt-br\\\/webcam\\\/franca\\\/webcam-seignosse\\\/#primaryimage\",\"url\":\"https:\\\/\\\/weather-radar-live.com\\\/wp-content\\\/uploads\\\/2022\\\/04\\\/Webcams-Seignosse-e1650461886397.jpg\",\"contentUrl\":\"https:\\\/\\\/weather-radar-live.com\\\/wp-content\\\/uploads\\\/2022\\\/04\\\/Webcams-Seignosse-e1650461886397.jpg\",\"width\":1757,\"height\":951,\"caption\":\"Webcams - Seignosse\"},{\"@type\":\"BreadcrumbList\",\"@id\":\"https:\\\/\\\/weather-radar-live.com\\\/pt-br\\\/webcam\\\/franca\\\/webcam-seignosse\\\/#breadcrumb\",\"itemListElement\":[{\"@type\":\"ListItem\",\"position\":1,\"name\":\"Weather Radar Live\",\"item\":\"https:\\\/\\\/weather-radar-live.com\\\/pt-br\\\/\"},{\"@type\":\"ListItem\",\"position\":2,\"name\":\"Webcam\",\"item\":\"https:\\\/\\\/weather-radar-live.com\\\/pt-br\\\/webcam\\\/\"},{\"@type\":\"ListItem\",\"position\":3,\"name\":\"Fran\u00e7a\",\"item\":\"https:\\\/\\\/weather-radar-live.com\\\/pt-br\\\/webcam\\\/franca\\\/\"},{\"@type\":\"ListItem\",\"position\":4,\"name\":\"Webcam Seignosse\"}]},{\"@type\":\"WebSite\",\"@id\":\"https:\\\/\\\/weather-radar-live.com\\\/#website\",\"url\":\"https:\\\/\\\/weather-radar-live.com\\\/\",\"name\":\"weather-radar-live.com\",\"description\":\"Your weather and sky radar.\",\"publisher\":{\"@id\":\"https:\\\/\\\/weather-radar-live.com\\\/#organization\"},\"potentialAction\":[{\"@type\":\"SearchAction\",\"target\":{\"@type\":\"EntryPoint\",\"urlTemplate\":\"https:\\\/\\\/weather-radar-live.com\\\/?s={search_term_string}\"},\"query-input\":{\"@type\":\"PropertyValueSpecification\",\"valueRequired\":true,\"valueName\":\"search_term_string\"}}],\"inLanguage\":\"pt-BR\"},{\"@type\":\"Organization\",\"@id\":\"https:\\\/\\\/weather-radar-live.com\\\/#organization\",\"name\":\"weather-radar-live.com\",\"url\":\"https:\\\/\\\/weather-radar-live.com\\\/\",\"logo\":{\"@type\":\"ImageObject\",\"inLanguage\":\"pt-BR\",\"@id\":\"https:\\\/\\\/weather-radar-live.com\\\/#\\\/schema\\\/logo\\\/image\\\/\",\"url\":\"https:\\\/\\\/weather-radar-live.com\\\/wp-content\\\/uploads\\\/2022\\\/03\\\/cropped-WRL2503.png\",\"contentUrl\":\"https:\\\/\\\/weather-radar-live.com\\\/wp-content\\\/uploads\\\/2022\\\/03\\\/cropped-WRL2503.png\",\"width\":1920,\"height\":555,\"caption\":\"weather-radar-live.com\"},\"image\":{\"@id\":\"https:\\\/\\\/weather-radar-live.com\\\/#\\\/schema\\\/logo\\\/image\\\/\"}}]}<\/script>\n<!-- \/ Yoast SEO plugin. -->","yoast_head_json":{"title":"Webcam Seignosse \u2192 Veja isso ao vivo!","description":"Webcam Seignosse | Webcam de Seignosse! \u2705 Atualizado para voc\u00ea em tempo real! \u2705 Previs\u00e3o do tempo atual!","robots":{"index":"index","follow":"follow","max-snippet":"max-snippet:-1","max-image-preview":"max-image-preview:large","max-video-preview":"max-video-preview:-1"},"canonical":"https:\/\/weather-radar-live.com\/pt-br\/webcam\/franca\/webcam-seignosse\/","og_locale":"pt_BR","og_type":"article","og_title":"Webcam Seignosse \u2192 Veja isso ao vivo!","og_description":"Webcam Seignosse | Webcam de Seignosse! \u2705 Atualizado para voc\u00ea em tempo real! \u2705 Previs\u00e3o do tempo atual!","og_url":"https:\/\/weather-radar-live.com\/pt-br\/webcam\/franca\/webcam-seignosse\/","og_site_name":"weather-radar-live.com","article_modified_time":"2022-07-20T13:26:30+00:00","og_image":[{"width":1757,"height":951,"url":"https:\/\/weather-radar-live.com\/wp-content\/uploads\/2022\/04\/Webcams-Seignosse-e1650461886397.jpg","type":"image\/jpeg"}],"twitter_card":"summary_large_image","twitter_misc":{"Est. tempo de leitura":"3 minutos"},"schema":{"@context":"https:\/\/schema.org","@graph":[{"@type":"WebPage","@id":"https:\/\/weather-radar-live.com\/pt-br\/webcam\/franca\/webcam-seignosse\/","url":"https:\/\/weather-radar-live.com\/pt-br\/webcam\/franca\/webcam-seignosse\/","name":"Webcam Seignosse \u2192 Veja isso ao vivo!","isPartOf":{"@id":"https:\/\/weather-radar-live.com\/#website"},"primaryImageOfPage":{"@id":"https:\/\/weather-radar-live.com\/pt-br\/webcam\/franca\/webcam-seignosse\/#primaryimage"},"image":{"@id":"https:\/\/weather-radar-live.com\/pt-br\/webcam\/franca\/webcam-seignosse\/#primaryimage"},"thumbnailUrl":"https:\/\/weather-radar-live.com\/wp-content\/uploads\/2022\/04\/Webcams-Seignosse-e1650461886397.jpg","datePublished":"2022-04-20T13:27:59+00:00","dateModified":"2022-07-20T13:26:30+00:00","description":"Webcam Seignosse | Webcam de Seignosse! \u2705 Atualizado para voc\u00ea em tempo real! \u2705 Previs\u00e3o do tempo atual!","breadcrumb":{"@id":"https:\/\/weather-radar-live.com\/pt-br\/webcam\/franca\/webcam-seignosse\/#breadcrumb"},"inLanguage":"pt-BR","potentialAction":[{"@type":"ReadAction","target":["https:\/\/weather-radar-live.com\/pt-br\/webcam\/franca\/webcam-seignosse\/"]}]},{"@type":"ImageObject","inLanguage":"pt-BR","@id":"https:\/\/weather-radar-live.com\/pt-br\/webcam\/franca\/webcam-seignosse\/#primaryimage","url":"https:\/\/weather-radar-live.com\/wp-content\/uploads\/2022\/04\/Webcams-Seignosse-e1650461886397.jpg","contentUrl":"https:\/\/weather-radar-live.com\/wp-content\/uploads\/2022\/04\/Webcams-Seignosse-e1650461886397.jpg","width":1757,"height":951,"caption":"Webcams - Seignosse"},{"@type":"BreadcrumbList","@id":"https:\/\/weather-radar-live.com\/pt-br\/webcam\/franca\/webcam-seignosse\/#breadcrumb","itemListElement":[{"@type":"ListItem","position":1,"name":"Weather Radar Live","item":"https:\/\/weather-radar-live.com\/pt-br\/"},{"@type":"ListItem","position":2,"name":"Webcam","item":"https:\/\/weather-radar-live.com\/pt-br\/webcam\/"},{"@type":"ListItem","position":3,"name":"Fran\u00e7a","item":"https:\/\/weather-radar-live.com\/pt-br\/webcam\/franca\/"},{"@type":"ListItem","position":4,"name":"Webcam Seignosse"}]},{"@type":"WebSite","@id":"https:\/\/weather-radar-live.com\/#website","url":"https:\/\/weather-radar-live.com\/","name":"weather-radar-live.com","description":"Your weather and sky radar.","publisher":{"@id":"https:\/\/weather-radar-live.com\/#organization"},"potentialAction":[{"@type":"SearchAction","target":{"@type":"EntryPoint","urlTemplate":"https:\/\/weather-radar-live.com\/?s={search_term_string}"},"query-input":{"@type":"PropertyValueSpecification","valueRequired":true,"valueName":"search_term_string"}}],"inLanguage":"pt-BR"},{"@type":"Organization","@id":"https:\/\/weather-radar-live.com\/#organization","name":"weather-radar-live.com","url":"https:\/\/weather-radar-live.com\/","logo":{"@type":"ImageObject","inLanguage":"pt-BR","@id":"https:\/\/weather-radar-live.com\/#\/schema\/logo\/image\/","url":"https:\/\/weather-radar-live.com\/wp-content\/uploads\/2022\/03\/cropped-WRL2503.png","contentUrl":"https:\/\/weather-radar-live.com\/wp-content\/uploads\/2022\/03\/cropped-WRL2503.png","width":1920,"height":555,"caption":"weather-radar-live.com"},"image":{"@id":"https:\/\/weather-radar-live.com\/#\/schema\/logo\/image\/"}}]}},"_links":{"self":[{"href":"https:\/\/weather-radar-live.com\/pt-br\/wp-json\/wp\/v2\/pages\/5505","targetHints":{"allow":["GET"]}}],"collection":[{"href":"https:\/\/weather-radar-live.com\/pt-br\/wp-json\/wp\/v2\/pages"}],"about":[{"href":"https:\/\/weather-radar-live.com\/pt-br\/wp-json\/wp\/v2\/types\/page"}],"author":[{"embeddable":true,"href":"https:\/\/weather-radar-live.com\/pt-br\/wp-json\/wp\/v2\/users\/1"}],"replies":[{"embeddable":true,"href":"https:\/\/weather-radar-live.com\/pt-br\/wp-json\/wp\/v2\/comments?post=5505"}],"version-history":[{"count":1,"href":"https:\/\/weather-radar-live.com\/pt-br\/wp-json\/wp\/v2\/pages\/5505\/revisions"}],"predecessor-version":[{"id":5517,"href":"https:\/\/weather-radar-live.com\/pt-br\/wp-json\/wp\/v2\/pages\/5505\/revisions\/5517"}],"up":[{"embeddable":true,"href":"https:\/\/weather-radar-live.com\/pt-br\/wp-json\/wp\/v2\/pages\/4179"}],"wp:featuredmedia":[{"embeddable":true,"href":"https:\/\/weather-radar-live.com\/pt-br\/wp-json\/wp\/v2\/media\/3811"}],"wp:attachment":[{"href":"https:\/\/weather-radar-live.com\/pt-br\/wp-json\/wp\/v2\/media?parent=5505"}],"curies":[{"name":"wp","href":"https:\/\/api.w.org\/{rel}","templated":true}]}}