{"id":5405,"date":"2022-07-20T14:40:54","date_gmt":"2022-07-20T12:40:54","guid":{"rendered":"https:\/\/weather-radar-live.com\/?page_id=5405"},"modified":"2022-07-20T14:42:22","modified_gmt":"2022-07-20T12:42:22","slug":"webcam-maspalomas","status":"publish","type":"page","link":"https:\/\/weather-radar-live.com\/pt-br\/webcam\/espanha\/webcam-maspalomas\/","title":{"rendered":"Webcam Maspalomas"},"content":{"rendered":"<div id=\"weath-463261019\" class=\"weath-vor-dem-inhalt weath-entity-placement\" style=\"margin-top: 15px;margin-right: 25px;margin-bottom: 40px;margin-left: 25px;\"><script async src=\"\/\/pagead2.googlesyndication.com\/pagead\/js\/adsbygoogle.js?client=ca-pub-8960936133935804\" crossorigin=\"anonymous\"><\/script><ins class=\"adsbygoogle\" style=\"display:block;\" data-ad-client=\"ca-pub-8960936133935804\" \ndata-ad-slot=\"6172817020\" \ndata-ad-format=\"auto\"><\/ins>\n<script> \n(adsbygoogle = window.adsbygoogle || []).push({}); \n<\/script>\n<\/div>\n<div class=\"wp-block-cover alignfull is-light\"><span aria-hidden=\"true\" class=\"wp-block-cover__gradient-background has-background-dim\"><\/span><img decoding=\"async\" class=\"wp-block-cover__image-background wp-image-342\" alt=\"Webcam Maspalomas\n\" src=\"https:\/\/weather-radar-live.com\/wp-content\/uploads\/2021\/06\/sam-schooler-E9aetBe2w40-unsplash-e1622554814366.jpg\" data-object-fit=\"cover\"\/><div class=\"wp-block-cover__inner-container is-layout-flow wp-block-cover-is-layout-flow\">\n<h2 class=\"has-text-align-center heading wp-block-heading\" id=\"webcam-fort-mahon\" style=\"font-size:40px\"><strong><mark style=\"background-color:rgba(0, 0, 0, 0)\" class=\"has-inline-color has-base-3-color\">WEBCAM <\/mark><\/strong><br><strong><mark style=\"background-color:rgba(0, 0, 0, 0)\" class=\"has-inline-color has-base-3-color\">MASPALOMAS<\/mark><\/strong><\/h2>\n<\/div><\/div>\n\n\n<div class=\"yoast-breadcrumbs\"><span><span><a href=\"https:\/\/weather-radar-live.com\/pt-br\/\">Weather Radar Live<\/a><\/span> \u00bb <span><a href=\"https:\/\/weather-radar-live.com\/pt-br\/webcam\/\">Webcam<\/a><\/span> \u00bb <span><a href=\"https:\/\/weather-radar-live.com\/pt-br\/webcam\/espanha\/\">Espanha<\/a><\/span> \u00bb <span class=\"breadcrumb_last\" aria-current=\"page\"><strong>Webcam Maspalomas<\/strong><\/span><\/span><\/div>\n\n\n<h2 class=\"has-text-align-center wp-block-heading\" id=\"webcam-fort-mahon\"><strong>Webcam Maspalomas<\/strong><\/h2>\n\n\n\n<p>No sul da Grande Can\u00e1ria, uma das Ilhas Can\u00e1rias pertencentes \u00e0 Espanha, no Oceano Atl\u00e2ntico, fica a est\u00e2ncia de f\u00e9rias Maspalomas. D\u00ea uma olhada ao redor com a webcam Maspalomas. Caracter\u00edstica \u00e9 a paisagem dunar, que consiste de corais esmagados e calc\u00e1rio de concha e ocupa cerca de doze quil\u00f4metros quadrados da ilhota. Isso pertence a uma reserva natural, que \u00e9 considerada particularmente valiosa.<\/p>\n\n\n\n<p>Os insulanos hospitaleiros est\u00e3o completamente sintonizados com o senhor e com suas necessidades de f\u00e9rias. O senhor ter\u00e1 uma estadia agrad\u00e1vel nos numerosos resorts ou apartamentos modernos e desfrutar\u00e1 de suas f\u00e9rias com a ajuda da infra-estrutura do lugar, orientada para sua recrea\u00e7\u00e3o. O senhor poder\u00e1 passar seu dia na praia. At\u00e9 os adeptos do nudismo podem desfrutar do sol e da \u00e1gua sem perturba\u00e7\u00f5es na zona de nudismo. O senhor tamb\u00e9m pode fazer uma excurs\u00e3o de descoberta ao interior do local de f\u00e9rias ou explorar seus arredores. Uma experi\u00eancia que o senhor guardar\u00e1 em mem\u00f3ria especial \u00e9 o passeio de camelo pela \u00e1rea deserta das dunas de areia.<\/p><div id=\"weath-1399001601\" class=\"weath-inhalt_2 weath-entity-placement\" style=\"margin-top: 15px;margin-right: 25px;margin-bottom: 35px;margin-left: 25px;\"><script async src=\"\/\/pagead2.googlesyndication.com\/pagead\/js\/adsbygoogle.js?client=ca-pub-8960936133935804\" crossorigin=\"anonymous\"><\/script><ins class=\"adsbygoogle\" style=\"display:block;\" data-ad-client=\"ca-pub-8960936133935804\" \ndata-ad-slot=\"1963584050\" \ndata-ad-format=\"auto\"><\/ins>\n<script> \n(adsbygoogle = window.adsbygoogle || []).push({}); \n<\/script>\n<\/div>\n\n\n\n<div class=\"wp-block-columns is-layout-flex wp-container-core-columns-is-layout-9d6595d7 wp-block-columns-is-layout-flex\">\n<div class=\"wp-block-column webcam-column is-layout-flow wp-block-column-is-layout-flow\">\n<h3 class=\"has-text-align-center wp-block-heading\"> \ud83d\udd34 <strong>Webcam<strong><strong><strong> <\/strong><\/strong><\/strong>Maspalomas<\/strong> &#8211; Reserva Natural das Dunas<\/h3>\n\n\n\n<a name=\"windy-webcam-timelapse-player\" data-id=\"1587975578\" data-play=\"day\" href=\"https:\/\/windy.com\/webcams\/1587975578\" target=\"_blank\" rel=\"noopener\">San Bartolome de Tirajana: Reserva Natural de Dunas de Maspalomas &#8211; Playa Del Ingl\u00e9s<\/a><script async=\"\" type=\"text\/javascript\" src=\"https:\/\/webcams.windy.com\/webcams\/public\/embed\/script\/player.js\"><\/script>\n<\/div>\n\n\n\n<div class=\"wp-block-column webcam-column is-layout-flow wp-block-column-is-layout-flow\">\n<h3 class=\"has-text-align-center wp-block-heading\"> \ud83d\udd34 <strong>Webcam <strong><strong><strong><strong>Maspalomas<\/strong><\/strong><\/strong><\/strong><\/strong> &#8211; Farol<\/h3>\n\n\n\n<a name=\"windy-webcam-timelapse-player\" data-id=\"1635699375\" data-play=\"day\" href=\"https:\/\/windy.com\/webcams\/1635699375\" target=\"_blank\" rel=\"noopener\">San Bartolome de Tirajana<\/a><script async=\"\" type=\"text\/javascript\" src=\"https:\/\/webcams.windy.com\/webcams\/public\/embed\/script\/player.js\"><\/script>\n<\/div>\n<\/div>\n\n\n\n<div class=\"wp-block-columns is-layout-flex wp-container-core-columns-is-layout-9d6595d7 wp-block-columns-is-layout-flex\">\n<div class=\"wp-block-column webcam-column is-layout-flow wp-block-column-is-layout-flow\">\n<h3 class=\"has-text-align-center wp-block-heading\"> \ud83d\udd34 <strong>Webcam<strong><strong><strong> <strong>Maspalomas<\/strong><\/strong><\/strong><\/strong><\/strong> &#8211; Shopping Center<\/h3>\n\n\n\n<a name=\"windy-webcam-timelapse-player\" data-id=\"1573216797\" data-play=\"day\" href=\"https:\/\/windy.com\/webcams\/1573216797\" target=\"_blank\" rel=\"noopener\">San Bartolome de Tirajana: Centro Comercial Yumbo<\/a><script async=\"\" type=\"text\/javascript\" src=\"https:\/\/webcams.windy.com\/webcams\/public\/embed\/script\/player.js\"><\/script>\n<\/div>\n\n\n\n<div class=\"wp-block-column webcam-column is-layout-flow wp-block-column-is-layout-flow\">\n<h3 class=\"has-text-align-center wp-block-heading\"> \ud83d\udd34 <strong>Webcam <strong><strong><strong><strong>Maspalomas<\/strong><\/strong><\/strong><\/strong><\/strong> &#8211; Praia<\/h3>\n\n\n\n<a name=\"windy-webcam-timelapse-player\" data-id=\"1645098191\" data-play=\"day\" href=\"https:\/\/windy.com\/webcams\/1645098191\" target=\"_blank\" rel=\"noopener\">San Bartolome de Tirajana<\/a><script async=\"\" type=\"text\/javascript\" src=\"https:\/\/webcams.windy.com\/webcams\/public\/embed\/script\/player.js\"><\/script>\n<\/div>\n<\/div>\n\n\n\n<h2 class=\"wp-block-heading\" id=\"fort-mahon-today\"><strong>Maspalomas do Radar Meteorol\u00f3gico<\/strong> <strong>&#8211; Clima em Maspalomas<\/strong><\/h2>\n\n\n\n<p>Com a webcam Maspalomas o senhor pode ver como o tempo est\u00e1 maravilhoso neste lugar de f\u00e9rias dos sonhos. No caso de chover, o senhor pode estimar sua intensidade, representada por cores diferentes. O verde e o azul representam uma baixa quantidade de precipita\u00e7\u00e3o, o vermelho e o roxo uma alta quantidade de precipita\u00e7\u00e3o. Tamb\u00e9m lhe ser\u00e1 mostrada a for\u00e7a e a dire\u00e7\u00e3o do vento e ser\u00e1 feita uma previs\u00e3o meteorol\u00f3gica confi\u00e1vel.<\/p>\n\n\n\n<div class=\"wp-block-columns is-layout-flex wp-container-core-columns-is-layout-9d6595d7 wp-block-columns-is-layout-flex\">\n<div class=\"wp-block-column is-layout-flow wp-block-column-is-layout-flow\" style=\"flex-basis:75%\">\n<iframe loading=\"lazy\" width=\"1300\" height=\"502\" src=\"https:\/\/embed.windy.com\/embed2.html?lat=27.753&amp;lon=-15.623&amp;detailLat=27.753&amp;detailLon=-15.623&amp;width=1300&amp;height=502&amp;zoom=11&amp;level=surface&amp;overlay=rain&amp;product=ecmwf&amp;menu=&amp;message=&amp;marker=&amp;calendar=now&amp;pressure=&amp;type=map&amp;location=coordinates&amp;detail=&amp;metricWind=default&amp;metricTemp=default&amp;radarRange=-1\" frameborder=\"0\"><\/iframe>\n<\/div>\n\n\n\n<div class=\"wp-block-column is-layout-flow wp-block-column-is-layout-flow\" style=\"flex-basis:25%\">\n<a class=\"weatherwidget-io\" href=\"https:\/\/forecast7.com\/pt\/27d76n15d59\/maspalomas\/\" data-label_1=\"MASPALOMAS\" data-theme=\"original\" >MASPALOMAS<\/a>\n<script>\n!function(d,s,id){var js,fjs=d.getElementsByTagName(s)[0];if(!d.getElementById(id)){js=d.createElement(s);js.id=id;js.src='https:\/\/weatherwidget.io\/js\/widget.min.js';fjs.parentNode.insertBefore(js,fjs);}}(document,'script','weatherwidget-io-js');\n<\/script>\n<\/div>\n<\/div>\n\n\n\n<h2 class=\"wp-block-heading\" id=\"fort-mahon-weather\"><strong>O clima em Maspalomas<\/strong><\/h2>\n\n\n\n<p>Maspalomas tem uma temperatura m\u00e9dia anual entre 19,5 e 21,7 graus Celsius e oferece um clima mar\u00edtimo temperado durante todo o ano. A temperatura m\u00e1xima em agosto \u00e9 de apenas 26 graus Celsius, mesmo em janeiro, ainda \u00e9 de pelo menos 14 graus Celsius. A temperatura da \u00e1gua do Oceano Atl\u00e2ntico em Maspalomas est\u00e1 entre 19 e 22 graus Celsius. O sol brilha durante cerca de nove horas por dia no ver\u00e3o, e ainda assim durante cerca de cinco horas por dia nos meses de inverno. Em m\u00e9dia, chove em oito dias por m\u00eas, pelo menos em junho em cerca de quatro e a maioria em outubro e novembro em cerca de onze dias cada. A quantidade de precipita\u00e7\u00e3o \u00e9 bastante baixa e chega a apenas 76 mil\u00edmetros durante todo o ano. Para compara\u00e7\u00e3o, \u00e9 cerca de dez vezes maior na Alemanha.<\/p>\n\n\n\n<h2 class=\"wp-block-heading\"><strong>Atra\u00e7\u00f5es em Maspalomas<\/strong><\/h2>\n\n\n\n<p>Um marco popular \u00e9 o farol Faro de Maspalomas, de 56 metros de altura, no distrito de El Oasis, constru\u00eddo no final do s\u00e9culo XIX. Antes de visitar a estrutura hist\u00f3rica, refresque-se na \u00e1gua da fonte com a est\u00e1tua de bronze que representa um homem sobre um monstro, ou \u00e0 sombra sob uma das \u00e1rvores do bosque de palmeiras. Nos restaurantes ao redor, o senhor pode desfrutar de comida deliciosamente preparada e procurar lembran\u00e7as para si mesmo e presentes para seus amigos nas lojas administradas com carinho. Se o senhor for um pouco mais longe, chegar\u00e1 \u00e0 lagoa, que aqui se chama &#8220;Charca&#8221;. Este \u00e9 o lugar de descanso das aves migrat\u00f3rias que continuam sua viagem da Europa para a \u00c1frica.<\/p>\n","protected":false},"excerpt":{"rendered":"<p>Webcam Maspalomas No sul da Grande Can\u00e1ria, uma das Ilhas Can\u00e1rias pertencentes \u00e0 Espanha, no Oceano Atl\u00e2ntico, fica a est\u00e2ncia de f\u00e9rias Maspalomas. D\u00ea uma olhada ao redor com a webcam Maspalomas. Caracter\u00edstica \u00e9 a paisagem dunar, que consiste de corais esmagados e calc\u00e1rio de concha e ocupa cerca de doze quil\u00f4metros quadrados da ilhota. &#8230; <a title=\"Webcam Maspalomas\" class=\"read-more\" href=\"https:\/\/weather-radar-live.com\/pt-br\/webcam\/espanha\/webcam-maspalomas\/\" aria-label=\"Read more about Webcam Maspalomas\">Ler mais<\/a><\/p>\n","protected":false},"author":1,"featured_media":5221,"parent":4350,"menu_order":0,"comment_status":"closed","ping_status":"closed","template":"","meta":{"footnotes":""},"class_list":["post-5405","page","type-page","status-publish","has-post-thumbnail"],"yoast_head":"<!-- This site is optimized with the Yoast SEO plugin v27.3 - https:\/\/yoast.com\/product\/yoast-seo-wordpress\/ -->\n<title>Webcam Maspalomas \u2192 Assista ao vivo!<\/title>\n<meta name=\"description\" content=\"Webcam Maspalomas | Livecam of Maspalomas! \u2705 Atualizado para voc\u00ea em tempo real! \u2705 Previs\u00e3o do tempo atual!\" \/>\n<meta name=\"robots\" content=\"index, follow, max-snippet:-1, max-image-preview:large, max-video-preview:-1\" \/>\n<link rel=\"canonical\" href=\"https:\/\/weather-radar-live.com\/pt-br\/webcam\/espanha\/webcam-maspalomas\/\" \/>\n<meta property=\"og:locale\" content=\"pt_BR\" \/>\n<meta property=\"og:type\" content=\"article\" \/>\n<meta property=\"og:title\" content=\"Webcam Maspalomas \u2192 Assista ao vivo!\" \/>\n<meta property=\"og:description\" content=\"Webcam Maspalomas | Livecam of Maspalomas! \u2705 Atualizado para voc\u00ea em tempo real! \u2705 Previs\u00e3o do tempo atual!\" \/>\n<meta property=\"og:url\" content=\"https:\/\/weather-radar-live.com\/pt-br\/webcam\/espanha\/webcam-maspalomas\/\" \/>\n<meta property=\"og:site_name\" content=\"weather-radar-live.com\" \/>\n<meta property=\"article:modified_time\" content=\"2022-07-20T12:42:22+00:00\" \/>\n<meta property=\"og:image\" content=\"https:\/\/weather-radar-live.com\/wp-content\/uploads\/2022\/07\/Webcam-Sierra-Nevada-e1658218397839.png\" \/>\n\t<meta property=\"og:image:width\" content=\"397\" \/>\n\t<meta property=\"og:image:height\" content=\"206\" \/>\n\t<meta property=\"og:image:type\" content=\"image\/png\" \/>\n<meta name=\"twitter:card\" content=\"summary_large_image\" \/>\n<meta name=\"twitter:label1\" content=\"Est. tempo de leitura\" \/>\n\t<meta name=\"twitter:data1\" content=\"3 minutos\" \/>\n<script type=\"application\/ld+json\" class=\"yoast-schema-graph\">{\"@context\":\"https:\\\/\\\/schema.org\",\"@graph\":[{\"@type\":\"WebPage\",\"@id\":\"https:\\\/\\\/weather-radar-live.com\\\/pt-br\\\/webcam\\\/espanha\\\/webcam-maspalomas\\\/\",\"url\":\"https:\\\/\\\/weather-radar-live.com\\\/pt-br\\\/webcam\\\/espanha\\\/webcam-maspalomas\\\/\",\"name\":\"Webcam Maspalomas \u2192 Assista ao vivo!\",\"isPartOf\":{\"@id\":\"https:\\\/\\\/weather-radar-live.com\\\/#website\"},\"primaryImageOfPage\":{\"@id\":\"https:\\\/\\\/weather-radar-live.com\\\/pt-br\\\/webcam\\\/espanha\\\/webcam-maspalomas\\\/#primaryimage\"},\"image\":{\"@id\":\"https:\\\/\\\/weather-radar-live.com\\\/pt-br\\\/webcam\\\/espanha\\\/webcam-maspalomas\\\/#primaryimage\"},\"thumbnailUrl\":\"https:\\\/\\\/weather-radar-live.com\\\/wp-content\\\/uploads\\\/2022\\\/07\\\/Webcam-Maspalomas--e1658242894564.jpg\",\"datePublished\":\"2022-07-20T12:40:54+00:00\",\"dateModified\":\"2022-07-20T12:42:22+00:00\",\"description\":\"Webcam Maspalomas | Livecam of Maspalomas! \u2705 Atualizado para voc\u00ea em tempo real! \u2705 Previs\u00e3o do tempo atual!\",\"breadcrumb\":{\"@id\":\"https:\\\/\\\/weather-radar-live.com\\\/pt-br\\\/webcam\\\/espanha\\\/webcam-maspalomas\\\/#breadcrumb\"},\"inLanguage\":\"pt-BR\",\"potentialAction\":[{\"@type\":\"ReadAction\",\"target\":[\"https:\\\/\\\/weather-radar-live.com\\\/pt-br\\\/webcam\\\/espanha\\\/webcam-maspalomas\\\/\"]}]},{\"@type\":\"ImageObject\",\"inLanguage\":\"pt-BR\",\"@id\":\"https:\\\/\\\/weather-radar-live.com\\\/pt-br\\\/webcam\\\/espanha\\\/webcam-maspalomas\\\/#primaryimage\",\"url\":\"https:\\\/\\\/weather-radar-live.com\\\/wp-content\\\/uploads\\\/2022\\\/07\\\/Webcam-Maspalomas--e1658242894564.jpg\",\"contentUrl\":\"https:\\\/\\\/weather-radar-live.com\\\/wp-content\\\/uploads\\\/2022\\\/07\\\/Webcam-Maspalomas--e1658242894564.jpg\",\"width\":1916,\"height\":933,\"caption\":\"Webcam Maspalomas\"},{\"@type\":\"BreadcrumbList\",\"@id\":\"https:\\\/\\\/weather-radar-live.com\\\/pt-br\\\/webcam\\\/espanha\\\/webcam-maspalomas\\\/#breadcrumb\",\"itemListElement\":[{\"@type\":\"ListItem\",\"position\":1,\"name\":\"Weather Radar Live\",\"item\":\"https:\\\/\\\/weather-radar-live.com\\\/pt-br\\\/\"},{\"@type\":\"ListItem\",\"position\":2,\"name\":\"Webcam\",\"item\":\"https:\\\/\\\/weather-radar-live.com\\\/pt-br\\\/webcam\\\/\"},{\"@type\":\"ListItem\",\"position\":3,\"name\":\"Espanha\",\"item\":\"https:\\\/\\\/weather-radar-live.com\\\/pt-br\\\/webcam\\\/espanha\\\/\"},{\"@type\":\"ListItem\",\"position\":4,\"name\":\"Webcam Maspalomas\"}]},{\"@type\":\"WebSite\",\"@id\":\"https:\\\/\\\/weather-radar-live.com\\\/#website\",\"url\":\"https:\\\/\\\/weather-radar-live.com\\\/\",\"name\":\"weather-radar-live.com\",\"description\":\"Your weather and sky radar.\",\"publisher\":{\"@id\":\"https:\\\/\\\/weather-radar-live.com\\\/#organization\"},\"potentialAction\":[{\"@type\":\"SearchAction\",\"target\":{\"@type\":\"EntryPoint\",\"urlTemplate\":\"https:\\\/\\\/weather-radar-live.com\\\/?s={search_term_string}\"},\"query-input\":{\"@type\":\"PropertyValueSpecification\",\"valueRequired\":true,\"valueName\":\"search_term_string\"}}],\"inLanguage\":\"pt-BR\"},{\"@type\":\"Organization\",\"@id\":\"https:\\\/\\\/weather-radar-live.com\\\/#organization\",\"name\":\"weather-radar-live.com\",\"url\":\"https:\\\/\\\/weather-radar-live.com\\\/\",\"logo\":{\"@type\":\"ImageObject\",\"inLanguage\":\"pt-BR\",\"@id\":\"https:\\\/\\\/weather-radar-live.com\\\/#\\\/schema\\\/logo\\\/image\\\/\",\"url\":\"https:\\\/\\\/weather-radar-live.com\\\/wp-content\\\/uploads\\\/2022\\\/03\\\/cropped-WRL2503.png\",\"contentUrl\":\"https:\\\/\\\/weather-radar-live.com\\\/wp-content\\\/uploads\\\/2022\\\/03\\\/cropped-WRL2503.png\",\"width\":1920,\"height\":555,\"caption\":\"weather-radar-live.com\"},\"image\":{\"@id\":\"https:\\\/\\\/weather-radar-live.com\\\/#\\\/schema\\\/logo\\\/image\\\/\"}}]}<\/script>\n<!-- \/ Yoast SEO plugin. -->","yoast_head_json":{"title":"Webcam Maspalomas \u2192 Assista ao vivo!","description":"Webcam Maspalomas | Livecam of Maspalomas! \u2705 Atualizado para voc\u00ea em tempo real! \u2705 Previs\u00e3o do tempo atual!","robots":{"index":"index","follow":"follow","max-snippet":"max-snippet:-1","max-image-preview":"max-image-preview:large","max-video-preview":"max-video-preview:-1"},"canonical":"https:\/\/weather-radar-live.com\/pt-br\/webcam\/espanha\/webcam-maspalomas\/","og_locale":"pt_BR","og_type":"article","og_title":"Webcam Maspalomas \u2192 Assista ao vivo!","og_description":"Webcam Maspalomas | Livecam of Maspalomas! \u2705 Atualizado para voc\u00ea em tempo real! \u2705 Previs\u00e3o do tempo atual!","og_url":"https:\/\/weather-radar-live.com\/pt-br\/webcam\/espanha\/webcam-maspalomas\/","og_site_name":"weather-radar-live.com","article_modified_time":"2022-07-20T12:42:22+00:00","og_image":[{"width":397,"height":206,"url":"https:\/\/weather-radar-live.com\/wp-content\/uploads\/2022\/07\/Webcam-Sierra-Nevada-e1658218397839.png","type":"image\/png"}],"twitter_card":"summary_large_image","twitter_misc":{"Est. tempo de leitura":"3 minutos"},"schema":{"@context":"https:\/\/schema.org","@graph":[{"@type":"WebPage","@id":"https:\/\/weather-radar-live.com\/pt-br\/webcam\/espanha\/webcam-maspalomas\/","url":"https:\/\/weather-radar-live.com\/pt-br\/webcam\/espanha\/webcam-maspalomas\/","name":"Webcam Maspalomas \u2192 Assista ao vivo!","isPartOf":{"@id":"https:\/\/weather-radar-live.com\/#website"},"primaryImageOfPage":{"@id":"https:\/\/weather-radar-live.com\/pt-br\/webcam\/espanha\/webcam-maspalomas\/#primaryimage"},"image":{"@id":"https:\/\/weather-radar-live.com\/pt-br\/webcam\/espanha\/webcam-maspalomas\/#primaryimage"},"thumbnailUrl":"https:\/\/weather-radar-live.com\/wp-content\/uploads\/2022\/07\/Webcam-Maspalomas--e1658242894564.jpg","datePublished":"2022-07-20T12:40:54+00:00","dateModified":"2022-07-20T12:42:22+00:00","description":"Webcam Maspalomas | Livecam of Maspalomas! \u2705 Atualizado para voc\u00ea em tempo real! \u2705 Previs\u00e3o do tempo atual!","breadcrumb":{"@id":"https:\/\/weather-radar-live.com\/pt-br\/webcam\/espanha\/webcam-maspalomas\/#breadcrumb"},"inLanguage":"pt-BR","potentialAction":[{"@type":"ReadAction","target":["https:\/\/weather-radar-live.com\/pt-br\/webcam\/espanha\/webcam-maspalomas\/"]}]},{"@type":"ImageObject","inLanguage":"pt-BR","@id":"https:\/\/weather-radar-live.com\/pt-br\/webcam\/espanha\/webcam-maspalomas\/#primaryimage","url":"https:\/\/weather-radar-live.com\/wp-content\/uploads\/2022\/07\/Webcam-Maspalomas--e1658242894564.jpg","contentUrl":"https:\/\/weather-radar-live.com\/wp-content\/uploads\/2022\/07\/Webcam-Maspalomas--e1658242894564.jpg","width":1916,"height":933,"caption":"Webcam Maspalomas"},{"@type":"BreadcrumbList","@id":"https:\/\/weather-radar-live.com\/pt-br\/webcam\/espanha\/webcam-maspalomas\/#breadcrumb","itemListElement":[{"@type":"ListItem","position":1,"name":"Weather Radar Live","item":"https:\/\/weather-radar-live.com\/pt-br\/"},{"@type":"ListItem","position":2,"name":"Webcam","item":"https:\/\/weather-radar-live.com\/pt-br\/webcam\/"},{"@type":"ListItem","position":3,"name":"Espanha","item":"https:\/\/weather-radar-live.com\/pt-br\/webcam\/espanha\/"},{"@type":"ListItem","position":4,"name":"Webcam Maspalomas"}]},{"@type":"WebSite","@id":"https:\/\/weather-radar-live.com\/#website","url":"https:\/\/weather-radar-live.com\/","name":"weather-radar-live.com","description":"Your weather and sky radar.","publisher":{"@id":"https:\/\/weather-radar-live.com\/#organization"},"potentialAction":[{"@type":"SearchAction","target":{"@type":"EntryPoint","urlTemplate":"https:\/\/weather-radar-live.com\/?s={search_term_string}"},"query-input":{"@type":"PropertyValueSpecification","valueRequired":true,"valueName":"search_term_string"}}],"inLanguage":"pt-BR"},{"@type":"Organization","@id":"https:\/\/weather-radar-live.com\/#organization","name":"weather-radar-live.com","url":"https:\/\/weather-radar-live.com\/","logo":{"@type":"ImageObject","inLanguage":"pt-BR","@id":"https:\/\/weather-radar-live.com\/#\/schema\/logo\/image\/","url":"https:\/\/weather-radar-live.com\/wp-content\/uploads\/2022\/03\/cropped-WRL2503.png","contentUrl":"https:\/\/weather-radar-live.com\/wp-content\/uploads\/2022\/03\/cropped-WRL2503.png","width":1920,"height":555,"caption":"weather-radar-live.com"},"image":{"@id":"https:\/\/weather-radar-live.com\/#\/schema\/logo\/image\/"}}]}},"_links":{"self":[{"href":"https:\/\/weather-radar-live.com\/pt-br\/wp-json\/wp\/v2\/pages\/5405","targetHints":{"allow":["GET"]}}],"collection":[{"href":"https:\/\/weather-radar-live.com\/pt-br\/wp-json\/wp\/v2\/pages"}],"about":[{"href":"https:\/\/weather-radar-live.com\/pt-br\/wp-json\/wp\/v2\/types\/page"}],"author":[{"embeddable":true,"href":"https:\/\/weather-radar-live.com\/pt-br\/wp-json\/wp\/v2\/users\/1"}],"replies":[{"embeddable":true,"href":"https:\/\/weather-radar-live.com\/pt-br\/wp-json\/wp\/v2\/comments?post=5405"}],"version-history":[{"count":2,"href":"https:\/\/weather-radar-live.com\/pt-br\/wp-json\/wp\/v2\/pages\/5405\/revisions"}],"predecessor-version":[{"id":5452,"href":"https:\/\/weather-radar-live.com\/pt-br\/wp-json\/wp\/v2\/pages\/5405\/revisions\/5452"}],"up":[{"embeddable":true,"href":"https:\/\/weather-radar-live.com\/pt-br\/wp-json\/wp\/v2\/pages\/4350"}],"wp:featuredmedia":[{"embeddable":true,"href":"https:\/\/weather-radar-live.com\/pt-br\/wp-json\/wp\/v2\/media\/5221"}],"wp:attachment":[{"href":"https:\/\/weather-radar-live.com\/pt-br\/wp-json\/wp\/v2\/media?parent=5405"}],"curies":[{"name":"wp","href":"https:\/\/api.w.org\/{rel}","templated":true}]}}