{"id":5389,"date":"2022-04-20T14:43:08","date_gmt":"2022-04-20T12:43:08","guid":{"rendered":"https:\/\/weather-radar-live.com\/webcam\/franca\/webcam-saint-malo\/"},"modified":"2022-07-20T14:22:22","modified_gmt":"2022-07-20T12:22:22","slug":"webcam-saint-malo","status":"publish","type":"page","link":"https:\/\/weather-radar-live.com\/pt-br\/webcam\/franca\/webcam-saint-malo\/","title":{"rendered":"Webcam Saint-Malo"},"content":{"rendered":"<div id=\"weath-145544096\" class=\"weath-vor-dem-inhalt weath-entity-placement\" style=\"margin-top: 15px;margin-right: 25px;margin-bottom: 40px;margin-left: 25px;\"><script async src=\"\/\/pagead2.googlesyndication.com\/pagead\/js\/adsbygoogle.js?client=ca-pub-8960936133935804\" crossorigin=\"anonymous\"><\/script><ins class=\"adsbygoogle\" style=\"display:block;\" data-ad-client=\"ca-pub-8960936133935804\" \ndata-ad-slot=\"6172817020\" \ndata-ad-format=\"auto\"><\/ins>\n<script> \n(adsbygoogle = window.adsbygoogle || []).push({}); \n<\/script>\n<\/div>\n<div class=\"wp-block-cover alignfull is-light\"><span aria-hidden=\"true\" class=\"wp-block-cover__gradient-background has-background-dim\"><\/span><img decoding=\"async\" class=\"wp-block-cover__image-background wp-image-342\" alt=\"Webcam Saint-Malo\" src=\"https:\/\/weather-radar-live.com\/wp-content\/uploads\/2021\/06\/sam-schooler-E9aetBe2w40-unsplash-e1622554814366.jpg\" data-object-fit=\"cover\"\/><div class=\"wp-block-cover__inner-container is-layout-flow wp-block-cover-is-layout-flow\">\n<h2 class=\"has-text-align-center heading wp-block-heading\" id=\"webcam-fort-mahon\" style=\"font-size:40px\"><strong><mark style=\"background-color:rgba(0, 0, 0, 0)\" class=\"has-inline-color has-base-3-color\">WEBCAM <\/mark><\/strong><br><strong><mark style=\"background-color:rgba(0, 0, 0, 0)\" class=\"has-inline-color has-base-3-color\"><strong>SAINT-MALO<\/strong><\/mark><\/strong><\/h2>\n<\/div><\/div>\n\n\n<div class=\"yoast-breadcrumbs\"><span><span><a href=\"https:\/\/weather-radar-live.com\/pt-br\/\">Weather Radar Live<\/a><\/span> \u00bb <span><a href=\"https:\/\/weather-radar-live.com\/pt-br\/webcam\/\">Webcam<\/a><\/span> \u00bb <span><a href=\"https:\/\/weather-radar-live.com\/pt-br\/webcam\/franca\/\">Fran\u00e7a<\/a><\/span> \u00bb <span class=\"breadcrumb_last\" aria-current=\"page\"><strong>Webcam Saint-Malo<\/strong><\/span><\/span><\/div>\n\n\n<h2 class=\"has-text-align-center wp-block-heading\" id=\"webcam-fort-mahon\"><strong>Webcam <strong>Saint-Malo<\/strong><\/strong><\/h2>\n\n\n\n<p>Saint-Malo \u00e9 um porto mar\u00edtimo hist\u00f3rico no noroeste da Fran\u00e7a, no departamento de Ille-et-Vilaine, na Bretanha. Est\u00e1 localizado na margem direita do estu\u00e1rio do Rance River, na costa do Canal da Mancha. Uma antiga estrada e uma avenida ligam a antiga cidade murada ao continente, que atravessa o porto interior. Tem sido tradicionalmente um centro de aventureiros mar\u00edtimos e ainda possui uma atmosfera rom\u00e2ntica, com uma infinidade de veleiros e uma arquitetura encantadora. Com toneladas de lugares de visita obrigat\u00f3ria e vistas deslumbrantes, Saint-Malo \u00e9 o lugar mais visitado da Bretanha. A melhor \u00e9poca de Saint-Malo \u00e9 entre meados de maio e meados de setembro, pois \u00e9 a \u00e9poca mais amena e ensolarada do ano. Durante esses meses, ainda pode fazer frio \u00e0 noite, por isso \u00e9 uma boa id\u00e9ia empacotar uma camisola ou blusa de moletom e um casaco leve.<\/p>\n\n\n\n<div class=\"wp-block-columns is-layout-flex wp-container-core-columns-is-layout-9d6595d7 wp-block-columns-is-layout-flex\">\n<div class=\"wp-block-column webcam-column is-layout-flow wp-block-column-is-layout-flow\">\n<h3 class=\"has-text-align-center live-emoji wp-block-heading\"> \ud83d\udd34 <strong>Webcam <\/strong>Porto <strong>Saint-Malo <\/strong><\/h3>\n\n\n\n<a name=\"windy-webcam-timelapse-player\" data-id=\"1595978700\" data-play=\"day\" href=\"https:\/\/windy.com\/webcams\/1595978700\" target=\"_blank\" rel=\"noopener\">Saint-Malo: Le Port<\/a><script async=\"\" type=\"text\/javascript\" src=\"https:\/\/webcams.windy.com\/webcams\/public\/embed\/script\/player.js\"><\/script>\n\n\n\n<p><\/p>\n\n\n\n<div class=\"wp-block-columns is-layout-flex wp-container-core-columns-is-layout-9d6595d7 wp-block-columns-is-layout-flex\">\n<div class=\"wp-block-column webcam-column is-layout-flow wp-block-column-is-layout-flow\">\n<h3 class=\"has-text-align-center live-emoji wp-block-heading\"><strong> \ud83d\udd34 Webcam Saint-Malo<\/strong> Vis\u00e3o geral<\/h3>\n\n\n\n<figure class=\"wp-block-embed is-type-video is-provider-youtube wp-block-embed-youtube wp-embed-aspect-16-9 wp-has-aspect-ratio\"><div class=\"wp-block-embed__wrapper\">\n<iframe loading=\"lazy\" title=\"Webcam Saint-Malo\" width=\"1200\" height=\"675\" src=\"https:\/\/www.youtube.com\/embed\/J3xg6-S2bFU?feature=oembed\" frameborder=\"0\" allow=\"accelerometer; autoplay; clipboard-write; encrypted-media; gyroscope; picture-in-picture\" allowfullscreen><\/iframe>\n<\/div><\/figure>\n<\/div>\n\n\n\n<div class=\"wp-block-column is-layout-flow wp-block-column-is-layout-flow\">\n<h3 class=\"has-text-align-center wp-block-heading\"><strong> \ud83d\udd34 Webcam Saint Malo<\/strong><\/h3>\n\n\n\n<a name=\"windy-webcam-timelapse-player\" data-id=\"1558958067\" data-play=\"day\" href=\"https:\/\/windy.com\/webcams\/1558958067\" target=\"_blank\" rel=\"noopener\">Saint-Malo: Les _ Forts<\/a><script async=\"\" type=\"text\/javascript\" src=\"https:\/\/webcams.windy.com\/webcams\/public\/embed\/script\/player.js\"><\/script>\n<\/div>\n<\/div>\n\n\n\n<div class=\"wp-block-columns webcam-spalte is-layout-flex wp-container-core-columns-is-layout-9d6595d7 wp-block-columns-is-layout-flex\">\n<div class=\"wp-block-column is-layout-flow wp-block-column-is-layout-flow\">\n<h3 class=\"has-text-align-center wp-block-heading\"><strong> \ud83d\udd34 Webcam Saint-Malo<\/strong> Village<\/h3>\n\n\n\n<figure class=\"wp-block-embed is-type-video is-provider-youtube wp-block-embed-youtube wp-embed-aspect-16-9 wp-has-aspect-ratio\"><div class=\"wp-block-embed__wrapper\">\n<iframe loading=\"lazy\" title=\"Webcam Saint-Malo\" width=\"1200\" height=\"675\" src=\"https:\/\/www.youtube.com\/embed\/J3xg6-S2bFU?feature=oembed\" frameborder=\"0\" allow=\"accelerometer; autoplay; clipboard-write; encrypted-media; gyroscope; picture-in-picture\" allowfullscreen><\/iframe>\n<\/div><\/figure>\n<\/div>\n\n\n\n<div class=\"wp-block-column is-layout-flow wp-block-column-is-layout-flow\">\n<h3 class=\"has-text-align-center wp-block-heading\"><strong><strong> \ud83d\udd34 Webcam <\/strong><\/strong>Porto <strong>Saint-Malo<\/strong> <\/h3>\n\n\n\n<figure class=\"wp-block-embed is-type-video is-provider-youtube wp-block-embed-youtube wp-embed-aspect-16-9 wp-has-aspect-ratio\"><div class=\"wp-block-embed__wrapper\">\n<iframe loading=\"lazy\" title=\"Webcam Saint-Malo - Le Port\" width=\"1200\" height=\"675\" src=\"https:\/\/www.youtube.com\/embed\/p6nAlz4_bdI?feature=oembed\" frameborder=\"0\" allow=\"accelerometer; autoplay; clipboard-write; encrypted-media; gyroscope; picture-in-picture\" allowfullscreen><\/iframe>\n<\/div><\/figure>\n<\/div>\n<\/div>\n<\/div>\n<\/div>\n\n\n\n<h2 class=\"wp-block-heading\" id=\"fort-mahon-today\"><strong>Radar meteorol\u00f3gico Saint-Malo &#8211; O tempo em Saint-Malo<\/strong><\/h2>\n\n\n\n<p>Usando o <a href=\"https:\/\/weather-radar-live.com\/pt-br\/\">Weather Radar Live<\/a>, o senhor pode ver em tempo real <a href=\"https:\/\/weather-radar-live.com\/pt-br\/nuvens\/\">nuvens<\/a>, <a href=\"https:\/\/weather-radar-live.com\/pt-br\/radar-de-chuva\/\">precipita\u00e7\u00e3o<\/a>, <a href=\"https:\/\/weather-radar-live.com\/pt-br\/tornado\/\">tornados<\/a>, <a href=\"https:\/\/weather-radar-live.com\/pt-br\/trovao\/\">tempestades<\/a>, e muito mais. A obten\u00e7\u00e3o dessas informa\u00e7\u00f5es ajuda o senhor a planejar a viagem na hora certa e a se atualizar com as previs\u00f5es atuais do tempo e do tempo. Al\u00e9m disso, o senhor pode ver as imagens das condi\u00e7\u00f5es meteorol\u00f3gicas gerais. E usando + ou &#8211; na parte superior direita, o senhor pode mover a \u00e1rea necess\u00e1ria.<\/p><div id=\"weath-755473064\" class=\"weath-inhalt_2 weath-entity-placement\" style=\"margin-top: 15px;margin-right: 25px;margin-bottom: 35px;margin-left: 25px;\"><script async src=\"\/\/pagead2.googlesyndication.com\/pagead\/js\/adsbygoogle.js?client=ca-pub-8960936133935804\" crossorigin=\"anonymous\"><\/script><ins class=\"adsbygoogle\" style=\"display:block;\" data-ad-client=\"ca-pub-8960936133935804\" \ndata-ad-slot=\"1963584050\" \ndata-ad-format=\"auto\"><\/ins>\n<script> \n(adsbygoogle = window.adsbygoogle || []).push({}); \n<\/script>\n<\/div>\n\n\n\n<div class=\"wp-block-columns is-layout-flex wp-container-core-columns-is-layout-9d6595d7 wp-block-columns-is-layout-flex\">\n<div class=\"wp-block-column is-layout-flow wp-block-column-is-layout-flow\" style=\"flex-basis:75%\">\n<iframe loading=\"lazy\" width=\"1300\" height=\"502\" src=\"https:\/\/embed.windy.com\/embed2.html?lat=48.651&amp;lon=-3.671&amp;detailLat=48.651&amp;detailLon=-3.671&amp;width=1300&amp;height=502&amp;zoom=8&amp;level=surface&amp;overlay=wind&amp;product=ecmwf&amp;menu=&amp;message=&amp;marker=&amp;calendar=now&amp;pressure=&amp;type=map&amp;location=coordinates&amp;detail=&amp;metricWind=default&amp;metricTemp=default&amp;radarRange=-1\" frameborder=\"0\"><\/iframe>\n<\/div>\n\n\n\n<div class=\"wp-block-column is-layout-flow wp-block-column-is-layout-flow\" style=\"flex-basis:25%\">\n<a class=\"weatherwidget-io\" href=\"https:\/\/forecast7.com\/pt\/48d65n2d03\/st-malo\/\" data-label_1=\"SAINT-MALO\" data-font=\"Roboto\" data-theme=\"original\" >SAINT-MALO<\/a>\n<script>\n!function(d,s,id){var js,fjs=d.getElementsByTagName(s)[0];if(!d.getElementById(id)){js=d.createElement(s);js.id=id;js.src='https:\/\/weatherwidget.io\/js\/widget.min.js';fjs.parentNode.insertBefore(js,fjs);}}(document,'script','weatherwidget-io-js');\n<\/script>\n<\/div>\n<\/div>\n\n\n\n<h2 class=\"wp-block-heading\" id=\"fort-mahon-weather\"><strong><strong>O clima de Saint-Malo<\/strong><\/strong><\/h2>\n\n\n\n<p>Saint-Malo vive um clima oce\u00e2nico durante todo o ano &#8211; fresco e \u00famido, mas especialmente ventoso e chuvoso no outono e no inverno. Durante o ver\u00e3o, h\u00e1 muito sol.<\/p>\n\n\n\n<p>A cidade fica ao longo da costa norte da Bretanha, no noroeste da Fran\u00e7a. Situada no Golfo de Saint-Malo, est\u00e1 a Gr\u00e3-Bretanha, nas Ilhas do Canal da Mancha.<\/p>\n\n\n\n<p>Aqui, o tempo de inverno \u00e9 mais ameno do que no resto do norte da Fran\u00e7a, por causa das correntes oce\u00e2nicas e dos ventos predominantes do sul. Pelo contr\u00e1rio, o c\u00e9u est\u00e1 muitas vezes nublado, a umidade \u00e9 alta, e o vento \u00e9 de moderada a forte \u00e0s vezes, assim como chuvas fortes.<\/p>\n\n\n\n<p><strong>Temperatura <\/strong><\/p>\n\n\n\n<p>Em janeiro, a temperatura m\u00e9dia \u00e9 de 6,5\u00b0C ou 43,7\u00b0F, e em julho e agosto, \u00e9 de 18\u00b0C ou 64,5\u00b0F.<\/p>\n\n\n\n<p><strong>Precipita\u00e7\u00e3o <\/strong><\/p>\n\n\n\n<p>anualmente caem 780 mil\u00edmetros de precipita\u00e7\u00e3o. No m\u00eas mais seco, ou seja, em julho, \u00e9 de 40 mm ou 1,6 pol, e no m\u00eas mais \u00famido de novembro, \u00e9 de 95 mm ou 3,7 pol. A esta\u00e7\u00e3o chuvosa dura de outubro a mar\u00e7o.<\/p>\n\n\n\n<p><strong>Umidade <\/strong><\/p>\n\n\n\n<p>Janeiro registra a maior umidade relativa (82,13 %). Em setembro, a umidade relativa \u00e9 a mais baixa (75,53%).<\/p>\n\n\n\n<h2 class=\"wp-block-heading\"><strong><strong>La Cour La Hussaye<\/strong> <\/strong><\/h2>\n\n\n\n<p>No cora\u00e7\u00e3o de Saint-Malo est\u00e1 uma torre de conto de fadas chamada La Cour La Hussaye. Muitos cart\u00f5es postais antigos da cidade se referem a ela como a &#8220;Casa da Duquesa Ana&#8221; Este \u00e9 supostamente o edif\u00edcio mais antigo da cidade, a Maison Hussaye. Apesar de ter sido constru\u00edda no s\u00e9culo XV, a torre foi demolida e reconstru\u00edda s\u00e9culos mais tarde. A casa e a torre escaparam de alguma forma da destrui\u00e7\u00e3o durante a batalha pela cidade em 1944, embora grande parte da cidade tenha sido destru\u00edda. Ela tem uma silhueta \u00fanica, gra\u00e7as \u00e0s fachadas e torres que se ergueram de suas fortifica\u00e7\u00f5es. O senhor pode desfrutar de vistas maravilhosas de seu passeio no parapeito!<\/p>\n","protected":false},"excerpt":{"rendered":"<p>Webcam Saint-Malo Saint-Malo \u00e9 um porto mar\u00edtimo hist\u00f3rico no noroeste da Fran\u00e7a, no departamento de Ille-et-Vilaine, na Bretanha. Est\u00e1 localizado na margem direita do estu\u00e1rio do Rance River, na costa do Canal da Mancha. Uma antiga estrada e uma avenida ligam a antiga cidade murada ao continente, que atravessa o porto interior. Tem sido tradicionalmente &#8230; <a title=\"Webcam Saint-Malo\" class=\"read-more\" href=\"https:\/\/weather-radar-live.com\/pt-br\/webcam\/franca\/webcam-saint-malo\/\" aria-label=\"Read more about Webcam Saint-Malo\">Ler mais<\/a><\/p>\n","protected":false},"author":1,"featured_media":3789,"parent":4179,"menu_order":0,"comment_status":"closed","ping_status":"closed","template":"","meta":{"footnotes":""},"class_list":["post-5389","page","type-page","status-publish","has-post-thumbnail"],"yoast_head":"<!-- This site is optimized with the Yoast SEO plugin v27.3 - https:\/\/yoast.com\/product\/yoast-seo-wordpress\/ -->\n<title>Webcam Saint-Malo \u2192 Veja isso ao vivo!<\/title>\n<meta name=\"description\" content=\"Webcam Saint-Malo | Webcam de Saint-Malo! \u2705 Atualizado para voc\u00ea em tempo real! \u2705 Previs\u00e3o do tempo atual!\" \/>\n<meta name=\"robots\" content=\"index, follow, max-snippet:-1, max-image-preview:large, max-video-preview:-1\" \/>\n<link rel=\"canonical\" href=\"https:\/\/weather-radar-live.com\/pt-br\/webcam\/franca\/webcam-saint-malo\/\" \/>\n<meta property=\"og:locale\" content=\"pt_BR\" \/>\n<meta property=\"og:type\" content=\"article\" \/>\n<meta property=\"og:title\" content=\"Webcam Saint-Malo \u2192 Veja isso ao vivo!\" \/>\n<meta property=\"og:description\" content=\"Webcam Saint-Malo | Webcam de Saint-Malo! \u2705 Atualizado para voc\u00ea em tempo real! \u2705 Previs\u00e3o do tempo atual!\" \/>\n<meta property=\"og:url\" content=\"https:\/\/weather-radar-live.com\/pt-br\/webcam\/franca\/webcam-saint-malo\/\" \/>\n<meta property=\"og:site_name\" content=\"weather-radar-live.com\" \/>\n<meta property=\"article:modified_time\" content=\"2022-07-20T12:22:22+00:00\" \/>\n<meta property=\"og:image\" content=\"https:\/\/weather-radar-live.com\/wp-content\/uploads\/2022\/04\/Webcams-Saint-Malo.jpg\" \/>\n\t<meta property=\"og:image:width\" content=\"1762\" \/>\n\t<meta property=\"og:image:height\" content=\"953\" \/>\n\t<meta property=\"og:image:type\" content=\"image\/jpeg\" \/>\n<meta name=\"twitter:card\" content=\"summary_large_image\" \/>\n<meta name=\"twitter:label1\" content=\"Est. tempo de leitura\" \/>\n\t<meta name=\"twitter:data1\" content=\"3 minutos\" \/>\n<script type=\"application\/ld+json\" class=\"yoast-schema-graph\">{\"@context\":\"https:\\\/\\\/schema.org\",\"@graph\":[{\"@type\":\"WebPage\",\"@id\":\"https:\\\/\\\/weather-radar-live.com\\\/pt-br\\\/webcam\\\/franca\\\/webcam-saint-malo\\\/\",\"url\":\"https:\\\/\\\/weather-radar-live.com\\\/pt-br\\\/webcam\\\/franca\\\/webcam-saint-malo\\\/\",\"name\":\"Webcam Saint-Malo \u2192 Veja isso ao vivo!\",\"isPartOf\":{\"@id\":\"https:\\\/\\\/weather-radar-live.com\\\/#website\"},\"primaryImageOfPage\":{\"@id\":\"https:\\\/\\\/weather-radar-live.com\\\/pt-br\\\/webcam\\\/franca\\\/webcam-saint-malo\\\/#primaryimage\"},\"image\":{\"@id\":\"https:\\\/\\\/weather-radar-live.com\\\/pt-br\\\/webcam\\\/franca\\\/webcam-saint-malo\\\/#primaryimage\"},\"thumbnailUrl\":\"https:\\\/\\\/weather-radar-live.com\\\/wp-content\\\/uploads\\\/2022\\\/04\\\/Webcams-Saint-Malo.jpg\",\"datePublished\":\"2022-04-20T12:43:08+00:00\",\"dateModified\":\"2022-07-20T12:22:22+00:00\",\"description\":\"Webcam Saint-Malo | Webcam de Saint-Malo! \u2705 Atualizado para voc\u00ea em tempo real! \u2705 Previs\u00e3o do tempo atual!\",\"breadcrumb\":{\"@id\":\"https:\\\/\\\/weather-radar-live.com\\\/pt-br\\\/webcam\\\/franca\\\/webcam-saint-malo\\\/#breadcrumb\"},\"inLanguage\":\"pt-BR\",\"potentialAction\":[{\"@type\":\"ReadAction\",\"target\":[\"https:\\\/\\\/weather-radar-live.com\\\/pt-br\\\/webcam\\\/franca\\\/webcam-saint-malo\\\/\"]}]},{\"@type\":\"ImageObject\",\"inLanguage\":\"pt-BR\",\"@id\":\"https:\\\/\\\/weather-radar-live.com\\\/pt-br\\\/webcam\\\/franca\\\/webcam-saint-malo\\\/#primaryimage\",\"url\":\"https:\\\/\\\/weather-radar-live.com\\\/wp-content\\\/uploads\\\/2022\\\/04\\\/Webcams-Saint-Malo.jpg\",\"contentUrl\":\"https:\\\/\\\/weather-radar-live.com\\\/wp-content\\\/uploads\\\/2022\\\/04\\\/Webcams-Saint-Malo.jpg\",\"width\":1762,\"height\":953,\"caption\":\"Webcams-Saint-Malo\"},{\"@type\":\"BreadcrumbList\",\"@id\":\"https:\\\/\\\/weather-radar-live.com\\\/pt-br\\\/webcam\\\/franca\\\/webcam-saint-malo\\\/#breadcrumb\",\"itemListElement\":[{\"@type\":\"ListItem\",\"position\":1,\"name\":\"Weather Radar Live\",\"item\":\"https:\\\/\\\/weather-radar-live.com\\\/pt-br\\\/\"},{\"@type\":\"ListItem\",\"position\":2,\"name\":\"Webcam\",\"item\":\"https:\\\/\\\/weather-radar-live.com\\\/pt-br\\\/webcam\\\/\"},{\"@type\":\"ListItem\",\"position\":3,\"name\":\"Fran\u00e7a\",\"item\":\"https:\\\/\\\/weather-radar-live.com\\\/pt-br\\\/webcam\\\/franca\\\/\"},{\"@type\":\"ListItem\",\"position\":4,\"name\":\"Webcam Saint-Malo\"}]},{\"@type\":\"WebSite\",\"@id\":\"https:\\\/\\\/weather-radar-live.com\\\/#website\",\"url\":\"https:\\\/\\\/weather-radar-live.com\\\/\",\"name\":\"weather-radar-live.com\",\"description\":\"Your weather and sky radar.\",\"publisher\":{\"@id\":\"https:\\\/\\\/weather-radar-live.com\\\/#organization\"},\"potentialAction\":[{\"@type\":\"SearchAction\",\"target\":{\"@type\":\"EntryPoint\",\"urlTemplate\":\"https:\\\/\\\/weather-radar-live.com\\\/?s={search_term_string}\"},\"query-input\":{\"@type\":\"PropertyValueSpecification\",\"valueRequired\":true,\"valueName\":\"search_term_string\"}}],\"inLanguage\":\"pt-BR\"},{\"@type\":\"Organization\",\"@id\":\"https:\\\/\\\/weather-radar-live.com\\\/#organization\",\"name\":\"weather-radar-live.com\",\"url\":\"https:\\\/\\\/weather-radar-live.com\\\/\",\"logo\":{\"@type\":\"ImageObject\",\"inLanguage\":\"pt-BR\",\"@id\":\"https:\\\/\\\/weather-radar-live.com\\\/#\\\/schema\\\/logo\\\/image\\\/\",\"url\":\"https:\\\/\\\/weather-radar-live.com\\\/wp-content\\\/uploads\\\/2022\\\/03\\\/cropped-WRL2503.png\",\"contentUrl\":\"https:\\\/\\\/weather-radar-live.com\\\/wp-content\\\/uploads\\\/2022\\\/03\\\/cropped-WRL2503.png\",\"width\":1920,\"height\":555,\"caption\":\"weather-radar-live.com\"},\"image\":{\"@id\":\"https:\\\/\\\/weather-radar-live.com\\\/#\\\/schema\\\/logo\\\/image\\\/\"}}]}<\/script>\n<!-- \/ Yoast SEO plugin. -->","yoast_head_json":{"title":"Webcam Saint-Malo \u2192 Veja isso ao vivo!","description":"Webcam Saint-Malo | Webcam de Saint-Malo! \u2705 Atualizado para voc\u00ea em tempo real! \u2705 Previs\u00e3o do tempo atual!","robots":{"index":"index","follow":"follow","max-snippet":"max-snippet:-1","max-image-preview":"max-image-preview:large","max-video-preview":"max-video-preview:-1"},"canonical":"https:\/\/weather-radar-live.com\/pt-br\/webcam\/franca\/webcam-saint-malo\/","og_locale":"pt_BR","og_type":"article","og_title":"Webcam Saint-Malo \u2192 Veja isso ao vivo!","og_description":"Webcam Saint-Malo | Webcam de Saint-Malo! \u2705 Atualizado para voc\u00ea em tempo real! \u2705 Previs\u00e3o do tempo atual!","og_url":"https:\/\/weather-radar-live.com\/pt-br\/webcam\/franca\/webcam-saint-malo\/","og_site_name":"weather-radar-live.com","article_modified_time":"2022-07-20T12:22:22+00:00","og_image":[{"width":1762,"height":953,"url":"https:\/\/weather-radar-live.com\/wp-content\/uploads\/2022\/04\/Webcams-Saint-Malo.jpg","type":"image\/jpeg"}],"twitter_card":"summary_large_image","twitter_misc":{"Est. tempo de leitura":"3 minutos"},"schema":{"@context":"https:\/\/schema.org","@graph":[{"@type":"WebPage","@id":"https:\/\/weather-radar-live.com\/pt-br\/webcam\/franca\/webcam-saint-malo\/","url":"https:\/\/weather-radar-live.com\/pt-br\/webcam\/franca\/webcam-saint-malo\/","name":"Webcam Saint-Malo \u2192 Veja isso ao vivo!","isPartOf":{"@id":"https:\/\/weather-radar-live.com\/#website"},"primaryImageOfPage":{"@id":"https:\/\/weather-radar-live.com\/pt-br\/webcam\/franca\/webcam-saint-malo\/#primaryimage"},"image":{"@id":"https:\/\/weather-radar-live.com\/pt-br\/webcam\/franca\/webcam-saint-malo\/#primaryimage"},"thumbnailUrl":"https:\/\/weather-radar-live.com\/wp-content\/uploads\/2022\/04\/Webcams-Saint-Malo.jpg","datePublished":"2022-04-20T12:43:08+00:00","dateModified":"2022-07-20T12:22:22+00:00","description":"Webcam Saint-Malo | Webcam de Saint-Malo! \u2705 Atualizado para voc\u00ea em tempo real! \u2705 Previs\u00e3o do tempo atual!","breadcrumb":{"@id":"https:\/\/weather-radar-live.com\/pt-br\/webcam\/franca\/webcam-saint-malo\/#breadcrumb"},"inLanguage":"pt-BR","potentialAction":[{"@type":"ReadAction","target":["https:\/\/weather-radar-live.com\/pt-br\/webcam\/franca\/webcam-saint-malo\/"]}]},{"@type":"ImageObject","inLanguage":"pt-BR","@id":"https:\/\/weather-radar-live.com\/pt-br\/webcam\/franca\/webcam-saint-malo\/#primaryimage","url":"https:\/\/weather-radar-live.com\/wp-content\/uploads\/2022\/04\/Webcams-Saint-Malo.jpg","contentUrl":"https:\/\/weather-radar-live.com\/wp-content\/uploads\/2022\/04\/Webcams-Saint-Malo.jpg","width":1762,"height":953,"caption":"Webcams-Saint-Malo"},{"@type":"BreadcrumbList","@id":"https:\/\/weather-radar-live.com\/pt-br\/webcam\/franca\/webcam-saint-malo\/#breadcrumb","itemListElement":[{"@type":"ListItem","position":1,"name":"Weather Radar Live","item":"https:\/\/weather-radar-live.com\/pt-br\/"},{"@type":"ListItem","position":2,"name":"Webcam","item":"https:\/\/weather-radar-live.com\/pt-br\/webcam\/"},{"@type":"ListItem","position":3,"name":"Fran\u00e7a","item":"https:\/\/weather-radar-live.com\/pt-br\/webcam\/franca\/"},{"@type":"ListItem","position":4,"name":"Webcam Saint-Malo"}]},{"@type":"WebSite","@id":"https:\/\/weather-radar-live.com\/#website","url":"https:\/\/weather-radar-live.com\/","name":"weather-radar-live.com","description":"Your weather and sky radar.","publisher":{"@id":"https:\/\/weather-radar-live.com\/#organization"},"potentialAction":[{"@type":"SearchAction","target":{"@type":"EntryPoint","urlTemplate":"https:\/\/weather-radar-live.com\/?s={search_term_string}"},"query-input":{"@type":"PropertyValueSpecification","valueRequired":true,"valueName":"search_term_string"}}],"inLanguage":"pt-BR"},{"@type":"Organization","@id":"https:\/\/weather-radar-live.com\/#organization","name":"weather-radar-live.com","url":"https:\/\/weather-radar-live.com\/","logo":{"@type":"ImageObject","inLanguage":"pt-BR","@id":"https:\/\/weather-radar-live.com\/#\/schema\/logo\/image\/","url":"https:\/\/weather-radar-live.com\/wp-content\/uploads\/2022\/03\/cropped-WRL2503.png","contentUrl":"https:\/\/weather-radar-live.com\/wp-content\/uploads\/2022\/03\/cropped-WRL2503.png","width":1920,"height":555,"caption":"weather-radar-live.com"},"image":{"@id":"https:\/\/weather-radar-live.com\/#\/schema\/logo\/image\/"}}]}},"_links":{"self":[{"href":"https:\/\/weather-radar-live.com\/pt-br\/wp-json\/wp\/v2\/pages\/5389","targetHints":{"allow":["GET"]}}],"collection":[{"href":"https:\/\/weather-radar-live.com\/pt-br\/wp-json\/wp\/v2\/pages"}],"about":[{"href":"https:\/\/weather-radar-live.com\/pt-br\/wp-json\/wp\/v2\/types\/page"}],"author":[{"embeddable":true,"href":"https:\/\/weather-radar-live.com\/pt-br\/wp-json\/wp\/v2\/users\/1"}],"replies":[{"embeddable":true,"href":"https:\/\/weather-radar-live.com\/pt-br\/wp-json\/wp\/v2\/comments?post=5389"}],"version-history":[{"count":1,"href":"https:\/\/weather-radar-live.com\/pt-br\/wp-json\/wp\/v2\/pages\/5389\/revisions"}],"predecessor-version":[{"id":5411,"href":"https:\/\/weather-radar-live.com\/pt-br\/wp-json\/wp\/v2\/pages\/5389\/revisions\/5411"}],"up":[{"embeddable":true,"href":"https:\/\/weather-radar-live.com\/pt-br\/wp-json\/wp\/v2\/pages\/4179"}],"wp:featuredmedia":[{"embeddable":true,"href":"https:\/\/weather-radar-live.com\/pt-br\/wp-json\/wp\/v2\/media\/3789"}],"wp:attachment":[{"href":"https:\/\/weather-radar-live.com\/pt-br\/wp-json\/wp\/v2\/media?parent=5389"}],"curies":[{"name":"wp","href":"https:\/\/api.w.org\/{rel}","templated":true}]}}