{"id":5090,"date":"2022-07-19T15:48:16","date_gmt":"2022-07-19T13:48:16","guid":{"rendered":"https:\/\/weather-radar-live.com\/?page_id=5090"},"modified":"2022-08-03T09:25:27","modified_gmt":"2022-08-03T07:25:27","slug":"webcam-sierra-nevada","status":"publish","type":"page","link":"https:\/\/weather-radar-live.com\/pt-br\/webcam\/espanha\/webcam-sierra-nevada\/","title":{"rendered":"Webcam Sierra Nevada"},"content":{"rendered":"<div id=\"weath-3264186316\" class=\"weath-vor-dem-inhalt weath-entity-placement\" style=\"margin-top: 15px;margin-right: 25px;margin-bottom: 40px;margin-left: 25px;\"><script async src=\"\/\/pagead2.googlesyndication.com\/pagead\/js\/adsbygoogle.js?client=ca-pub-8960936133935804\" crossorigin=\"anonymous\"><\/script><ins class=\"adsbygoogle\" style=\"display:block;\" data-ad-client=\"ca-pub-8960936133935804\" \ndata-ad-slot=\"6172817020\" \ndata-ad-format=\"auto\"><\/ins>\n<script> \n(adsbygoogle = window.adsbygoogle || []).push({}); \n<\/script>\n<\/div>\n<div class=\"wp-block-cover alignfull is-light\"><span aria-hidden=\"true\" class=\"wp-block-cover__gradient-background has-background-dim\"><\/span><img decoding=\"async\" class=\"wp-block-cover__image-background wp-image-342\" alt=\"Webcam Sierra Nevada\n\" src=\"https:\/\/weather-radar-live.com\/wp-content\/uploads\/2021\/06\/sam-schooler-E9aetBe2w40-unsplash-e1622554814366.jpg\" data-object-fit=\"cover\"\/><div class=\"wp-block-cover__inner-container is-layout-flow wp-block-cover-is-layout-flow\">\n<h2 class=\"has-text-align-center heading wp-block-heading\" id=\"webcam-fort-mahon\" style=\"font-size:40px\"><strong><mark style=\"background-color:rgba(0, 0, 0, 0)\" class=\"has-inline-color has-base-3-color\">WEBCAM <\/mark><\/strong><br><strong><mark style=\"background-color:rgba(0, 0, 0, 0)\" class=\"has-inline-color has-base-3-color\">SIERRA NEVADA<\/mark><\/strong><\/h2>\n<\/div><\/div>\n\n\n<div class=\"yoast-breadcrumbs\"><span><span><a href=\"https:\/\/weather-radar-live.com\/pt-br\/\">Weather Radar Live<\/a><\/span> \u00bb <span><a href=\"https:\/\/weather-radar-live.com\/pt-br\/webcam\/\">Webcam<\/a><\/span> \u00bb <span><a href=\"https:\/\/weather-radar-live.com\/pt-br\/webcam\/espanha\/\">Espanha<\/a><\/span> \u00bb <span class=\"breadcrumb_last\" aria-current=\"page\"><strong>Webcam Sierra Nevada<\/strong><\/span><\/span><\/div>\n\n\n<h2 class=\"has-text-align-center wp-block-heading\" id=\"webcam-fort-mahon\"><strong>Webcam Serra Nevada<\/strong><\/h2>\n\n\n\n<p>A Serra Nevada est\u00e1 situada no sul da Espanha, dentro da regi\u00e3o da Andaluzia. Como parte da Cordilheira B\u00e9tica, \u00e9 a mais alta cadeia de montanhas da Pen\u00ednsula Ib\u00e9rica. A cordilheira recebeu seu nome (espanhol para &#8220;montanhas cobertas de neve&#8221;) da surpreendente cobertura das montanhas com neve entre os meses de novembro e maio. Essa vis\u00e3o fascinante pode ser vista no seu melhor em nossa webcam de Sierra Nevada. Partindo dos picos mais altos com uma altitude de at\u00e9 3482 metros, algumas encostas \u00edngremes chegam at\u00e9 a costa do Mediterr\u00e2neo e at\u00e9 o mar. A \u00e1gua de fus\u00e3o abastece muitas cidades vizinhas, de modo que as montanhas tamb\u00e9m servem para a popula\u00e7\u00e3o, al\u00e9m de serem uma atra\u00e7\u00e3o geogr\u00e1fica.<\/p>\n\n\n\n<p>Dentro do parque nacional do mesmo nome, o n\u00famero de visitantes tem aumentado desde sua abertura e atingiu n\u00edveis de mais de 700.000 visitantes. Como atra\u00e7\u00e3o tur\u00edstica, a zona rural se destaca por seu encanto paisag\u00edstico, que nossa webcam retrata muito bem. Outra principal fonte de renda para a popula\u00e7\u00e3o local \u00e9 a agricultura, especializada no cultivo de vinho e am\u00eandoas na regi\u00e3o, e a pecu\u00e1ria com ovinos e caprinos. Finalmente, o presunto da Pata Negra, que se mant\u00e9m semi-selvagem na regi\u00e3o, tamb\u00e9m deve ser mencionado aqui.<\/p><div id=\"weath-4271004924\" class=\"weath-inhalt_2 weath-entity-placement\" style=\"margin-top: 15px;margin-right: 25px;margin-bottom: 35px;margin-left: 25px;\"><script async src=\"\/\/pagead2.googlesyndication.com\/pagead\/js\/adsbygoogle.js?client=ca-pub-8960936133935804\" crossorigin=\"anonymous\"><\/script><ins class=\"adsbygoogle\" style=\"display:block;\" data-ad-client=\"ca-pub-8960936133935804\" \ndata-ad-slot=\"1963584050\" \ndata-ad-format=\"auto\"><\/ins>\n<script> \n(adsbygoogle = window.adsbygoogle || []).push({}); \n<\/script>\n<\/div>\n\n\n\n<div class=\"wp-block-columns is-layout-flex wp-container-core-columns-is-layout-9d6595d7 wp-block-columns-is-layout-flex\">\n<div class=\"wp-block-column webcam-column is-layout-flow wp-block-column-is-layout-flow\">\n<h3 class=\"has-text-align-center wp-block-heading\"> \ud83d\udd34 <strong>Webcam<strong><strong><strong> <strong>Sierra Nevada<\/strong><\/strong><\/strong><\/strong><\/strong> &#8211; \u00c1rea de Esqui<\/h3>\n\n\n\n<a name=\"windy-webcam-timelapse-player\" data-id=\"1217496489\" data-play=\"day\" href=\"https:\/\/windy.com\/webcams\/1217496489\" target=\"_blank\" rel=\"noopener\">Monachil: Serra Nevada Estaci\u00f3n esqu\u00ed<\/a><script async=\"\" type=\"text\/javascript\" src=\"https:\/\/webcams.windy.com\/webcams\/public\/embed\/script\/player.js\"><\/script>\n<\/div>\n\n\n\n<div class=\"wp-block-column webcam-column is-layout-flow wp-block-column-is-layout-flow\">\n<h3 class=\"has-text-align-center wp-block-heading\"> \ud83d\udd34 <strong>Webcam <strong><strong><strong><strong>Sierra Nevada<\/strong><\/strong><\/strong><\/strong><\/strong> &#8211; Partida<\/h3>\n\n\n\n<a name=\"windy-webcam-timelapse-player\" data-id=\"1349988616\" data-play=\"day\" href=\"https:\/\/windy.com\/webcams\/1349988616\" target=\"_blank\" rel=\"noopener\">Monachil: Serra Nevada<\/a><script async=\"\" type=\"text\/javascript\" src=\"https:\/\/webcams.windy.com\/webcams\/public\/embed\/script\/player.js\"><\/script>\n<\/div>\n<\/div>\n\n\n\n<div class=\"wp-block-columns is-layout-flex wp-container-core-columns-is-layout-9d6595d7 wp-block-columns-is-layout-flex\">\n<div class=\"wp-block-column webcam-column is-layout-flow wp-block-column-is-layout-flow\">\n<h3 class=\"has-text-align-center wp-block-heading\"> \ud83d\udd34 <strong>Webcam<strong><strong><strong> <strong>Sierra Nevada<\/strong><\/strong><\/strong><\/strong><\/strong> &#8211; Monachil<\/h3>\n\n\n\n<a name=\"windy-webcam-timelapse-player\" data-id=\"1602016037\" data-play=\"day\" href=\"https:\/\/windy.com\/webcams\/1602016037\" target=\"_blank\" rel=\"noopener\">Monachil &#8216; Norte<\/a><script async=\"\" type=\"text\/javascript\" src=\"https:\/\/webcams.windy.com\/webcams\/public\/embed\/script\/player.js\"><\/script>\n<\/div>\n\n\n\n<div class=\"wp-block-column webcam-column is-layout-flow wp-block-column-is-layout-flow\">\n<h3 class=\"has-text-align-center wp-block-heading\"> \ud83d\udd34 <strong>Webcam <strong><strong><strong><strong>Sierra Nevada<\/strong><\/strong><\/strong><\/strong><\/strong> &#8211; Montanha<\/h3>\n\n\n\n<a name=\"windy-webcam-timelapse-player\" data-id=\"1349988613\" data-play=\"day\" href=\"https:\/\/windy.com\/webcams\/1349988613\" target=\"_blank\" rel=\"noopener\">Monachil: Serra Nevada 6<\/a><script async=\"\" type=\"text\/javascript\" src=\"https:\/\/webcams.windy.com\/webcams\/public\/embed\/script\/player.js\"><\/script>\n<\/div>\n<\/div>\n\n\n\n<h2 class=\"wp-block-heading\" id=\"fort-mahon-today\"><strong>Radar meteorol\u00f3gico Serra Nevada &#8211; O tempo na Serra Nevada<\/strong><\/h2>\n\n\n\n<p>Nossa webcam Sierra Nevada sempre lhe oferece uma vis\u00e3o \u00f3tima dos acontecimentos clim\u00e1ticos atuais. Isso permite que o senhor se prepare para o dia da melhor maneira poss\u00edvel, quer esteja planejando uma caminhada, um passeio de esqui ou outra excurs\u00e3o. Al\u00e9m das imagens ao vivo, nosso radar meteorol\u00f3gico oferece uma vis\u00e3o geral da previs\u00e3o e do sol que se aproxima ou de precipita\u00e7\u00e3o mais rara. Observe diretamente se mais neve est\u00e1 apenas se acumulando nos picos ou nas horas de sol, o que promete uma vis\u00e3o distante ideal.<\/p>\n\n\n\n<div class=\"wp-block-columns is-layout-flex wp-container-core-columns-is-layout-9d6595d7 wp-block-columns-is-layout-flex\">\n<div class=\"wp-block-column is-layout-flow wp-block-column-is-layout-flow\" style=\"flex-basis:75%\">\n<iframe loading=\"lazy\" width=\"1300\" height=\"502\" src=\"https:\/\/embed.windy.com\/embed2.html?lat=37.070&amp;lon=-3.441&amp;detailLat=37.070&amp;detailLon=-3.441&amp;width=1300&amp;height=502&amp;zoom=11&amp;level=surface&amp;overlay=rain&amp;product=ecmwf&amp;menu=&amp;message=&amp;marker=&amp;calendar=now&amp;pressure=&amp;type=map&amp;location=coordinates&amp;detail=&amp;metricWind=default&amp;metricTemp=default&amp;radarRange=-1\" frameborder=\"0\"><\/iframe>\n<\/div>\n\n\n\n<div class=\"wp-block-column is-layout-flow wp-block-column-is-layout-flow\" style=\"flex-basis:25%\">\n<a class=\"weatherwidget-io\" href=\"https:\/\/forecast7.com\/pt\/37d09n3d40\/sierra-nevada\/\" data-label_1=\"SIERRA NEVADA\" data-theme=\"original\">SIERRA NEVADA<\/a>\n<script>\n!function(d,s,id){var js,fjs=d.getElementsByTagName(s)[0];if(!d.getElementById(id)){js=d.createElement(s);js.id=id;js.src='https:\/\/weatherwidget.io\/js\/widget.min.js';fjs.parentNode.insertBefore(js,fjs);}}(document,'script','weatherwidget-io-js');\n<\/script>\n<\/div>\n<\/div>\n\n\n\n<h2 class=\"wp-block-heading\" id=\"fort-mahon-weather\"><strong>O clima na Serra Nevada<\/strong><\/h2>\n\n\n\n<p>Devido \u00e0 localiza\u00e7\u00e3o montanhosa da Serra Nevada nos subtropicais, \u00e9 dif\u00edcil determinar um clima uniforme, porque as temperaturas variam muito com a altitude. Quanto mais alto se entra nas montanhas, mais frio se torna o clima. Por exemplo, Pradollano tem temperaturas m\u00ednimas abaixo de zero graus Celsius de novembro a abril, que \u00e9 de onde vem a neve. No ver\u00e3o, as temperaturas sobem ent\u00e3o at\u00e9 25 graus Celsius e as noites permanecem frescas. Durante esse tempo, pode-se beneficiar de at\u00e9 15 horas de sol, resultando em uma precipita\u00e7\u00e3o de cerca de 25 mil\u00edmetros. Esse n\u00famero sobe para 100 mil\u00edmetros nos meses de inverno.<\/p>\n\n\n\n<h2 class=\"wp-block-heading\"><strong>Atra\u00e7\u00f5es na Serra Nevada<\/strong><\/h2>\n\n\n\n<p>A Serra Nevada \u00e9 conhecida por seus picos cobertos de neve, o que a torna uma grande atra\u00e7\u00e3o para esquiar e fazer raquetes de neve. No entanto, tamb\u00e9m \u00e9 poss\u00edvel fazer trekking pelas regi\u00f5es montanhosas nos meses mais ensolarados da primavera ou do ver\u00e3o, o que pode ser perfeitamente complementado por visitas aos conhecidos vilarejos brancos. Se n\u00e3o h\u00e1 mais atra\u00e7\u00f5es nas montanhas, h\u00e1 tamb\u00e9m excurs\u00f5es para as grandes cidades de Granada e Almer\u00eda.<\/p>\n","protected":false},"excerpt":{"rendered":"<p>Webcam Serra Nevada A Serra Nevada est\u00e1 situada no sul da Espanha, dentro da regi\u00e3o da Andaluzia. Como parte da Cordilheira B\u00e9tica, \u00e9 a mais alta cadeia de montanhas da Pen\u00ednsula Ib\u00e9rica. A cordilheira recebeu seu nome (espanhol para &#8220;montanhas cobertas de neve&#8221;) da surpreendente cobertura das montanhas com neve entre os meses de novembro &#8230; <a title=\"Webcam Sierra Nevada\" class=\"read-more\" href=\"https:\/\/weather-radar-live.com\/pt-br\/webcam\/espanha\/webcam-sierra-nevada\/\" aria-label=\"Read more about Webcam Sierra Nevada\">Ler mais<\/a><\/p>\n","protected":false},"author":1,"featured_media":5033,"parent":4350,"menu_order":0,"comment_status":"closed","ping_status":"closed","template":"","meta":{"footnotes":""},"class_list":["post-5090","page","type-page","status-publish","has-post-thumbnail"],"yoast_head":"<!-- This site is optimized with the Yoast SEO plugin v27.4 - https:\/\/yoast.com\/product\/yoast-seo-wordpress\/ -->\n<title>Webcam Sierra Nevada \u2192 Assista ao vivo!<\/title>\n<meta name=\"description\" content=\"Webcam Sierra Nevada | Livecam de Sierra Nevada! \u2705 Atualizado para voc\u00ea em tempo real! \u2705 Previs\u00e3o do tempo atual!\" \/>\n<meta name=\"robots\" content=\"index, follow, max-snippet:-1, max-image-preview:large, max-video-preview:-1\" \/>\n<link rel=\"canonical\" href=\"https:\/\/weather-radar-live.com\/pt-br\/webcam\/espanha\/webcam-sierra-nevada\/\" \/>\n<meta property=\"og:locale\" content=\"pt_BR\" \/>\n<meta property=\"og:type\" content=\"article\" \/>\n<meta property=\"og:title\" content=\"Webcam Sierra Nevada \u2192 Assista ao vivo!\" \/>\n<meta property=\"og:description\" content=\"Webcam Sierra Nevada | Livecam de Sierra Nevada! \u2705 Atualizado para voc\u00ea em tempo real! \u2705 Previs\u00e3o do tempo atual!\" \/>\n<meta property=\"og:url\" content=\"https:\/\/weather-radar-live.com\/pt-br\/webcam\/espanha\/webcam-sierra-nevada\/\" \/>\n<meta property=\"og:site_name\" content=\"weather-radar-live.com\" \/>\n<meta property=\"article:modified_time\" content=\"2022-08-03T07:25:27+00:00\" \/>\n<meta property=\"og:image\" content=\"https:\/\/weather-radar-live.com\/wp-content\/uploads\/2022\/07\/Webcam-Sierra-Nevada-e1658218397839.png\" \/>\n\t<meta property=\"og:image:width\" content=\"397\" \/>\n\t<meta property=\"og:image:height\" content=\"206\" \/>\n\t<meta property=\"og:image:type\" content=\"image\/png\" \/>\n<meta name=\"twitter:card\" content=\"summary_large_image\" \/>\n<meta name=\"twitter:label1\" content=\"Est. tempo de leitura\" \/>\n\t<meta name=\"twitter:data1\" content=\"3 minutos\" \/>\n<script type=\"application\/ld+json\" class=\"yoast-schema-graph\">{\"@context\":\"https:\\\/\\\/schema.org\",\"@graph\":[{\"@type\":\"WebPage\",\"@id\":\"https:\\\/\\\/weather-radar-live.com\\\/pt-br\\\/webcam\\\/espanha\\\/webcam-sierra-nevada\\\/\",\"url\":\"https:\\\/\\\/weather-radar-live.com\\\/pt-br\\\/webcam\\\/espanha\\\/webcam-sierra-nevada\\\/\",\"name\":\"Webcam Sierra Nevada \u2192 Assista ao vivo!\",\"isPartOf\":{\"@id\":\"https:\\\/\\\/weather-radar-live.com\\\/#website\"},\"primaryImageOfPage\":{\"@id\":\"https:\\\/\\\/weather-radar-live.com\\\/pt-br\\\/webcam\\\/espanha\\\/webcam-sierra-nevada\\\/#primaryimage\"},\"image\":{\"@id\":\"https:\\\/\\\/weather-radar-live.com\\\/pt-br\\\/webcam\\\/espanha\\\/webcam-sierra-nevada\\\/#primaryimage\"},\"thumbnailUrl\":\"https:\\\/\\\/weather-radar-live.com\\\/wp-content\\\/uploads\\\/2022\\\/07\\\/Webcam-Sierra-Nevada-e1658218397839.png\",\"datePublished\":\"2022-07-19T13:48:16+00:00\",\"dateModified\":\"2022-08-03T07:25:27+00:00\",\"description\":\"Webcam Sierra Nevada | Livecam de Sierra Nevada! \u2705 Atualizado para voc\u00ea em tempo real! \u2705 Previs\u00e3o do tempo atual!\",\"breadcrumb\":{\"@id\":\"https:\\\/\\\/weather-radar-live.com\\\/pt-br\\\/webcam\\\/espanha\\\/webcam-sierra-nevada\\\/#breadcrumb\"},\"inLanguage\":\"pt-BR\",\"potentialAction\":[{\"@type\":\"ReadAction\",\"target\":[\"https:\\\/\\\/weather-radar-live.com\\\/pt-br\\\/webcam\\\/espanha\\\/webcam-sierra-nevada\\\/\"]}]},{\"@type\":\"ImageObject\",\"inLanguage\":\"pt-BR\",\"@id\":\"https:\\\/\\\/weather-radar-live.com\\\/pt-br\\\/webcam\\\/espanha\\\/webcam-sierra-nevada\\\/#primaryimage\",\"url\":\"https:\\\/\\\/weather-radar-live.com\\\/wp-content\\\/uploads\\\/2022\\\/07\\\/Webcam-Sierra-Nevada-e1658218397839.png\",\"contentUrl\":\"https:\\\/\\\/weather-radar-live.com\\\/wp-content\\\/uploads\\\/2022\\\/07\\\/Webcam-Sierra-Nevada-e1658218397839.png\",\"width\":397,\"height\":206,\"caption\":\"Webcam Sierra Nevada\"},{\"@type\":\"BreadcrumbList\",\"@id\":\"https:\\\/\\\/weather-radar-live.com\\\/pt-br\\\/webcam\\\/espanha\\\/webcam-sierra-nevada\\\/#breadcrumb\",\"itemListElement\":[{\"@type\":\"ListItem\",\"position\":1,\"name\":\"Weather Radar Live\",\"item\":\"https:\\\/\\\/weather-radar-live.com\\\/pt-br\\\/\"},{\"@type\":\"ListItem\",\"position\":2,\"name\":\"Webcam\",\"item\":\"https:\\\/\\\/weather-radar-live.com\\\/pt-br\\\/webcam\\\/\"},{\"@type\":\"ListItem\",\"position\":3,\"name\":\"Espanha\",\"item\":\"https:\\\/\\\/weather-radar-live.com\\\/pt-br\\\/webcam\\\/espanha\\\/\"},{\"@type\":\"ListItem\",\"position\":4,\"name\":\"Webcam Sierra Nevada\"}]},{\"@type\":\"WebSite\",\"@id\":\"https:\\\/\\\/weather-radar-live.com\\\/#website\",\"url\":\"https:\\\/\\\/weather-radar-live.com\\\/\",\"name\":\"weather-radar-live.com\",\"description\":\"Your weather and sky radar.\",\"publisher\":{\"@id\":\"https:\\\/\\\/weather-radar-live.com\\\/#organization\"},\"potentialAction\":[{\"@type\":\"SearchAction\",\"target\":{\"@type\":\"EntryPoint\",\"urlTemplate\":\"https:\\\/\\\/weather-radar-live.com\\\/?s={search_term_string}\"},\"query-input\":{\"@type\":\"PropertyValueSpecification\",\"valueRequired\":true,\"valueName\":\"search_term_string\"}}],\"inLanguage\":\"pt-BR\"},{\"@type\":\"Organization\",\"@id\":\"https:\\\/\\\/weather-radar-live.com\\\/#organization\",\"name\":\"weather-radar-live.com\",\"url\":\"https:\\\/\\\/weather-radar-live.com\\\/\",\"logo\":{\"@type\":\"ImageObject\",\"inLanguage\":\"pt-BR\",\"@id\":\"https:\\\/\\\/weather-radar-live.com\\\/#\\\/schema\\\/logo\\\/image\\\/\",\"url\":\"https:\\\/\\\/weather-radar-live.com\\\/wp-content\\\/uploads\\\/2022\\\/03\\\/cropped-WRL2503.png\",\"contentUrl\":\"https:\\\/\\\/weather-radar-live.com\\\/wp-content\\\/uploads\\\/2022\\\/03\\\/cropped-WRL2503.png\",\"width\":1920,\"height\":555,\"caption\":\"weather-radar-live.com\"},\"image\":{\"@id\":\"https:\\\/\\\/weather-radar-live.com\\\/#\\\/schema\\\/logo\\\/image\\\/\"}}]}<\/script>\n<!-- \/ Yoast SEO plugin. -->","yoast_head_json":{"title":"Webcam Sierra Nevada \u2192 Assista ao vivo!","description":"Webcam Sierra Nevada | Livecam de Sierra Nevada! \u2705 Atualizado para voc\u00ea em tempo real! \u2705 Previs\u00e3o do tempo atual!","robots":{"index":"index","follow":"follow","max-snippet":"max-snippet:-1","max-image-preview":"max-image-preview:large","max-video-preview":"max-video-preview:-1"},"canonical":"https:\/\/weather-radar-live.com\/pt-br\/webcam\/espanha\/webcam-sierra-nevada\/","og_locale":"pt_BR","og_type":"article","og_title":"Webcam Sierra Nevada \u2192 Assista ao vivo!","og_description":"Webcam Sierra Nevada | Livecam de Sierra Nevada! \u2705 Atualizado para voc\u00ea em tempo real! \u2705 Previs\u00e3o do tempo atual!","og_url":"https:\/\/weather-radar-live.com\/pt-br\/webcam\/espanha\/webcam-sierra-nevada\/","og_site_name":"weather-radar-live.com","article_modified_time":"2022-08-03T07:25:27+00:00","og_image":[{"width":397,"height":206,"url":"https:\/\/weather-radar-live.com\/wp-content\/uploads\/2022\/07\/Webcam-Sierra-Nevada-e1658218397839.png","type":"image\/png"}],"twitter_card":"summary_large_image","twitter_misc":{"Est. tempo de leitura":"3 minutos"},"schema":{"@context":"https:\/\/schema.org","@graph":[{"@type":"WebPage","@id":"https:\/\/weather-radar-live.com\/pt-br\/webcam\/espanha\/webcam-sierra-nevada\/","url":"https:\/\/weather-radar-live.com\/pt-br\/webcam\/espanha\/webcam-sierra-nevada\/","name":"Webcam Sierra Nevada \u2192 Assista ao vivo!","isPartOf":{"@id":"https:\/\/weather-radar-live.com\/#website"},"primaryImageOfPage":{"@id":"https:\/\/weather-radar-live.com\/pt-br\/webcam\/espanha\/webcam-sierra-nevada\/#primaryimage"},"image":{"@id":"https:\/\/weather-radar-live.com\/pt-br\/webcam\/espanha\/webcam-sierra-nevada\/#primaryimage"},"thumbnailUrl":"https:\/\/weather-radar-live.com\/wp-content\/uploads\/2022\/07\/Webcam-Sierra-Nevada-e1658218397839.png","datePublished":"2022-07-19T13:48:16+00:00","dateModified":"2022-08-03T07:25:27+00:00","description":"Webcam Sierra Nevada | Livecam de Sierra Nevada! \u2705 Atualizado para voc\u00ea em tempo real! \u2705 Previs\u00e3o do tempo atual!","breadcrumb":{"@id":"https:\/\/weather-radar-live.com\/pt-br\/webcam\/espanha\/webcam-sierra-nevada\/#breadcrumb"},"inLanguage":"pt-BR","potentialAction":[{"@type":"ReadAction","target":["https:\/\/weather-radar-live.com\/pt-br\/webcam\/espanha\/webcam-sierra-nevada\/"]}]},{"@type":"ImageObject","inLanguage":"pt-BR","@id":"https:\/\/weather-radar-live.com\/pt-br\/webcam\/espanha\/webcam-sierra-nevada\/#primaryimage","url":"https:\/\/weather-radar-live.com\/wp-content\/uploads\/2022\/07\/Webcam-Sierra-Nevada-e1658218397839.png","contentUrl":"https:\/\/weather-radar-live.com\/wp-content\/uploads\/2022\/07\/Webcam-Sierra-Nevada-e1658218397839.png","width":397,"height":206,"caption":"Webcam Sierra Nevada"},{"@type":"BreadcrumbList","@id":"https:\/\/weather-radar-live.com\/pt-br\/webcam\/espanha\/webcam-sierra-nevada\/#breadcrumb","itemListElement":[{"@type":"ListItem","position":1,"name":"Weather Radar Live","item":"https:\/\/weather-radar-live.com\/pt-br\/"},{"@type":"ListItem","position":2,"name":"Webcam","item":"https:\/\/weather-radar-live.com\/pt-br\/webcam\/"},{"@type":"ListItem","position":3,"name":"Espanha","item":"https:\/\/weather-radar-live.com\/pt-br\/webcam\/espanha\/"},{"@type":"ListItem","position":4,"name":"Webcam Sierra Nevada"}]},{"@type":"WebSite","@id":"https:\/\/weather-radar-live.com\/#website","url":"https:\/\/weather-radar-live.com\/","name":"weather-radar-live.com","description":"Your weather and sky radar.","publisher":{"@id":"https:\/\/weather-radar-live.com\/#organization"},"potentialAction":[{"@type":"SearchAction","target":{"@type":"EntryPoint","urlTemplate":"https:\/\/weather-radar-live.com\/?s={search_term_string}"},"query-input":{"@type":"PropertyValueSpecification","valueRequired":true,"valueName":"search_term_string"}}],"inLanguage":"pt-BR"},{"@type":"Organization","@id":"https:\/\/weather-radar-live.com\/#organization","name":"weather-radar-live.com","url":"https:\/\/weather-radar-live.com\/","logo":{"@type":"ImageObject","inLanguage":"pt-BR","@id":"https:\/\/weather-radar-live.com\/#\/schema\/logo\/image\/","url":"https:\/\/weather-radar-live.com\/wp-content\/uploads\/2022\/03\/cropped-WRL2503.png","contentUrl":"https:\/\/weather-radar-live.com\/wp-content\/uploads\/2022\/03\/cropped-WRL2503.png","width":1920,"height":555,"caption":"weather-radar-live.com"},"image":{"@id":"https:\/\/weather-radar-live.com\/#\/schema\/logo\/image\/"}}]}},"_links":{"self":[{"href":"https:\/\/weather-radar-live.com\/pt-br\/wp-json\/wp\/v2\/pages\/5090","targetHints":{"allow":["GET"]}}],"collection":[{"href":"https:\/\/weather-radar-live.com\/pt-br\/wp-json\/wp\/v2\/pages"}],"about":[{"href":"https:\/\/weather-radar-live.com\/pt-br\/wp-json\/wp\/v2\/types\/page"}],"author":[{"embeddable":true,"href":"https:\/\/weather-radar-live.com\/pt-br\/wp-json\/wp\/v2\/users\/1"}],"replies":[{"embeddable":true,"href":"https:\/\/weather-radar-live.com\/pt-br\/wp-json\/wp\/v2\/comments?post=5090"}],"version-history":[{"count":3,"href":"https:\/\/weather-radar-live.com\/pt-br\/wp-json\/wp\/v2\/pages\/5090\/revisions"}],"predecessor-version":[{"id":6098,"href":"https:\/\/weather-radar-live.com\/pt-br\/wp-json\/wp\/v2\/pages\/5090\/revisions\/6098"}],"up":[{"embeddable":true,"href":"https:\/\/weather-radar-live.com\/pt-br\/wp-json\/wp\/v2\/pages\/4350"}],"wp:featuredmedia":[{"embeddable":true,"href":"https:\/\/weather-radar-live.com\/pt-br\/wp-json\/wp\/v2\/media\/5033"}],"wp:attachment":[{"href":"https:\/\/weather-radar-live.com\/pt-br\/wp-json\/wp\/v2\/media?parent=5090"}],"curies":[{"name":"wp","href":"https:\/\/api.w.org\/{rel}","templated":true}]}}