{"id":4944,"date":"2022-04-21T15:34:26","date_gmt":"2022-04-21T13:34:26","guid":{"rendered":"https:\/\/weather-radar-live.com\/webcam\/franca\/webcam-la-baule\/"},"modified":"2022-07-19T10:55:14","modified_gmt":"2022-07-19T08:55:14","slug":"webcam-la-baule","status":"publish","type":"page","link":"https:\/\/weather-radar-live.com\/pt-br\/webcam\/franca\/webcam-la-baule\/","title":{"rendered":"Webcam La Baule"},"content":{"rendered":"<div id=\"weath-3616546738\" class=\"weath-vor-dem-inhalt weath-entity-placement\" style=\"margin-top: 15px;margin-right: 25px;margin-bottom: 40px;margin-left: 25px;\"><script async src=\"\/\/pagead2.googlesyndication.com\/pagead\/js\/adsbygoogle.js?client=ca-pub-8960936133935804\" crossorigin=\"anonymous\"><\/script><ins class=\"adsbygoogle\" style=\"display:block;\" data-ad-client=\"ca-pub-8960936133935804\" \ndata-ad-slot=\"6172817020\" \ndata-ad-format=\"auto\"><\/ins>\n<script> \n(adsbygoogle = window.adsbygoogle || []).push({}); \n<\/script>\n<\/div>\n<div class=\"wp-block-cover alignfull is-light\"><span aria-hidden=\"true\" class=\"wp-block-cover__gradient-background has-background-dim\"><\/span><img decoding=\"async\" class=\"wp-block-cover__image-background wp-image-342\" alt=\"Webcam La Baule\" src=\"https:\/\/weather-radar-live.com\/wp-content\/uploads\/2021\/06\/sam-schooler-E9aetBe2w40-unsplash-e1622554814366.jpg\" data-object-fit=\"cover\"\/><div class=\"wp-block-cover__inner-container is-layout-flow wp-block-cover-is-layout-flow\">\n<h2 class=\"has-text-align-center heading wp-block-heading\" id=\"webcam-fort-mahon\" style=\"font-size:40px\"><strong><mark style=\"background-color:rgba(0, 0, 0, 0)\" class=\"has-inline-color has-base-3-color\">WEBCAM <\/mark><\/strong><br><strong><mark style=\"background-color:rgba(0, 0, 0, 0)\" class=\"has-inline-color has-base-3-color\">LA BAULE<\/mark><\/strong><\/h2>\n<\/div><\/div>\n\n\n<div class=\"yoast-breadcrumbs\"><span><span><a href=\"https:\/\/weather-radar-live.com\/pt-br\/\">Weather Radar Live<\/a><\/span> \u00bb <span><a href=\"https:\/\/weather-radar-live.com\/pt-br\/webcam\/\">Webcam<\/a><\/span> \u00bb <span><a href=\"https:\/\/weather-radar-live.com\/pt-br\/webcam\/franca\/\">Fran\u00e7a<\/a><\/span> \u00bb <span class=\"breadcrumb_last\" aria-current=\"page\"><strong>Webcam La Baule<\/strong><\/span><\/span><\/div>\n\n\n<h2 class=\"has-text-align-center wp-block-heading\" id=\"webcam-fort-mahon\"><strong>Webcam <strong><strong>La Baule<\/strong><\/strong><\/strong><\/h2>\n\n\n\n<p>La Baule, tamb\u00e9m conhecida como La Baule-Escoublac, \u00e9 uma comuna do departamento de Loire-Atlantique que fica no hemisf\u00e9rio norte. A duna que estabiliza os pinheiros mar\u00edtimos de 1.000 acres (400 hectares) protege a praia contra os ventos que sopram do norte. Ela est\u00e1 situada numa ba\u00eda em forma de crescente numa praia de areia que tem oito quil\u00f4metros de extens\u00e3o no oeste da Fran\u00e7a.<\/p>\n\n\n\n<div class=\"wp-block-columns is-layout-flex wp-container-core-columns-is-layout-9d6595d7 wp-block-columns-is-layout-flex\">\n<div class=\"wp-block-column webcam-column is-layout-flow wp-block-column-is-layout-flow\">\n<h3 class=\"has-text-align-center live-emoji wp-block-heading\">\ud83d\udd34 <strong>Webcam <strong><strong><strong><strong><strong>La Baule<\/strong><\/strong><\/strong><\/strong><\/strong><\/strong> <\/h3>\n\n\n\n<iframe src=\"https:\/\/www.skaping.com\/la-baule\/plage\/video\" style=\"width: 100%; height: 400px; border: none;\" allowfullscreen=\"\"><\/iframe>\n<\/div>\n<\/div>\n\n\n\n<div class=\"wp-block-columns is-layout-flex wp-container-core-columns-is-layout-9d6595d7 wp-block-columns-is-layout-flex\">\n<div class=\"wp-block-column webcam-column is-layout-flow wp-block-column-is-layout-flow\">\n<h3 class=\"has-text-align-center wp-block-heading\">\ud83d\udd34 <strong>Webcam <strong><strong><strong><strong><strong><strong><strong><strong>La Baule<\/strong><\/strong><\/strong><\/strong><\/strong><\/strong><\/strong><\/strong><\/strong> Beach (Panorama)<\/h3>\n\n\n\n<iframe src=\"https:\/\/www.skaping.com\/la-baule\/plage\" style=\"width: 100%; height: 400px; border: none;\" allowfullscreen=\"\"><\/iframe>\n\n\n\n<p class=\"has-text-align-center\"><strong><sup>Com um clique do mouse (smartphone: mude a vis\u00e3o simplesmente tocando) voc\u00ea pode mover a webcam na dire\u00e7\u00e3o de sua escolha. Ao girar a roda do mouse ou fazer zoom com os dedos, o senhor pode fazer zoom na webcam. Alternativamente, o usu\u00e1rio tamb\u00e9m pode usar os bot\u00f5es para esse fim.<\/sup><\/strong><\/p>\n\n\n\n<div class=\"wp-block-columns is-layout-flex wp-container-core-columns-is-layout-9d6595d7 wp-block-columns-is-layout-flex\">\n<div class=\"wp-block-column is-layout-flow wp-block-column-is-layout-flow\">\n<h3 class=\"has-text-align-center wp-block-heading\"><strong>\ud83d\udd34 Webcam <strong><strong><strong><strong><strong><strong><strong><strong><strong><strong><strong><strong>La Baule<\/strong><\/strong><\/strong><\/strong><\/strong><\/strong><\/strong><\/strong><\/strong><\/strong><\/strong><\/strong><\/strong> South-West Harbour<\/h3>\n\n\n\n<a name=\"windy-webcam-timelapse-player\" data-id=\"1463324065\" data-play=\"day\" href=\"https:\/\/windy.com\/webcams\/1463324065\" target=\"_blank\" rel=\"noopener\">La Baule-Escoublac &#8216; S\u00fcd-West: Porto<\/a><script async=\"\" type=\"text\/javascript\" src=\"https:\/\/webcams.windy.com\/webcams\/public\/embed\/script\/player.js\"><\/script>\n<\/div>\n\n\n\n<div class=\"wp-block-column is-layout-flow wp-block-column-is-layout-flow\">\n<h3 class=\"has-text-align-center wp-block-heading\"><strong> \ud83d\udd34 Webcam <strong><strong><strong>La Baule<\/strong><\/strong><\/strong><\/strong><\/h3>\n\n\n\n<figure class=\"wp-block-embed is-type-video is-provider-youtube wp-block-embed-youtube wp-embed-aspect-16-9 wp-has-aspect-ratio\"><div class=\"wp-block-embed__wrapper\">\n<iframe loading=\"lazy\" title=\"Webcam Pornichet - La Baule - La maison R\u00e9gent &amp; Grain de Folie\" width=\"1200\" height=\"675\" src=\"https:\/\/www.youtube.com\/embed\/qHXA6mUtj2I?feature=oembed\" frameborder=\"0\" allow=\"accelerometer; autoplay; clipboard-write; encrypted-media; gyroscope; picture-in-picture\" allowfullscreen><\/iframe>\n<\/div><\/figure>\n<\/div>\n<\/div>\n<\/div>\n<\/div>\n\n\n\n<h2 class=\"wp-block-heading\" id=\"fort-mahon-today\"><strong>Radar meteorol\u00f3gico <strong><strong><strong><strong><strong><strong><strong><strong><strong><strong><strong><strong><strong>La Baule<\/strong><\/strong><\/strong><\/strong><\/strong><\/strong><\/strong><\/strong><\/strong><\/strong><\/strong><\/strong><\/strong><\/strong> &#8211; <strong>O tempo em <strong><strong><strong><strong><strong><strong><strong><strong><strong><strong><strong><strong><strong>La Baule<\/strong><\/strong><\/strong><\/strong><\/strong><\/strong><\/strong><\/strong><\/strong><\/strong><\/strong><\/strong><\/strong><\/strong><\/h2>\n\n\n\n<p>Weather Radar Live coleta dados sobre <a href=\"https:\/\/weather-radar-live.com\/pt-br\/tempestades\/\"><strong>tempestades<\/strong><\/a>, <strong><a href=\"https:\/\/weather-radar-live.com\/pt-br\/trovao\/\">thunderstorms<\/a><\/strong>, <strong><a href=\"https:\/\/weather-radar-live.com\/pt-br\/tornado\/\">tornados<\/a><\/strong>, <strong><a href=\"https:\/\/weather-radar-live.com\/pt-br\/previsao-de-neve\/\">neve<\/a><\/strong>, <strong><a href=\"https:\/\/weather-radar-live.com\/pt-br\/radar-de-chuva\/\">chuva<\/a><\/strong>e <strong><a href=\"https:\/\/weather-radar-live.com\/pt-br\/nuvens\/\">cobertura de nuvens<\/a><\/strong>. O senhor pode receber informa\u00e7\u00f5es ao vivo sobre as condi\u00e7\u00f5es meteorol\u00f3gicas em La Baule. Nosso radar ao vivo \u00e9 f\u00e1cil de navegar.<\/p><div id=\"weath-1095770022\" class=\"weath-inhalt_2 weath-entity-placement\" style=\"margin-top: 15px;margin-right: 25px;margin-bottom: 35px;margin-left: 25px;\"><script async src=\"\/\/pagead2.googlesyndication.com\/pagead\/js\/adsbygoogle.js?client=ca-pub-8960936133935804\" crossorigin=\"anonymous\"><\/script><ins class=\"adsbygoogle\" style=\"display:block;\" data-ad-client=\"ca-pub-8960936133935804\" \ndata-ad-slot=\"1963584050\" \ndata-ad-format=\"auto\"><\/ins>\n<script> \n(adsbygoogle = window.adsbygoogle || []).push({}); \n<\/script>\n<\/div>\n\n\n\n<p>Se o senhor planejou uma viagem a La Baule ou est\u00e1 curioso para saber a previs\u00e3o do tempo, pode obter aqui informa\u00e7\u00f5es precisas. O mapa que mostra La Baule est\u00e1 abaixo. Basta clicar no + ou &#8211; no canto superior direito para navegar no local exato. Al\u00e9m disso, todos os detalhes relacionados com o tempo atual e a previs\u00e3o do tempo ser\u00e3o mostrados ao senhor.<\/p>\n\n\n\n<div class=\"wp-block-columns is-layout-flex wp-container-core-columns-is-layout-9d6595d7 wp-block-columns-is-layout-flex\">\n<div class=\"wp-block-column is-layout-flow wp-block-column-is-layout-flow\" style=\"flex-basis:75%\">\n<iframe loading=\"lazy\" width=\"1300\" height=\"502\" src=\"https:\/\/embed.windy.com\/embed2.html?lat=47.388&amp;lon=-2.156&amp;detailLat=47.272&amp;detailLon=-4.065&amp;width=1300&amp;height=502&amp;zoom=8&amp;level=surface&amp;overlay=wind&amp;product=ecmwf&amp;menu=&amp;message=&amp;marker=&amp;calendar=now&amp;pressure=&amp;type=map&amp;location=coordinates&amp;detail=&amp;metricWind=default&amp;metricTemp=default&amp;radarRange=-1\" frameborder=\"0\"><\/iframe>\n<\/div>\n\n\n\n<div class=\"wp-block-column is-layout-flow wp-block-column-is-layout-flow\" style=\"flex-basis:25%\">\n<a class=\"weatherwidget-io\" href=\"https:\/\/forecast7.com\/pt\/47d29n2d39\/la-baule-escoublac\/\" data-label_1=\"LA BAULE\" data-theme=\"original\">LA BAULE<\/a>\n<script>\n!function(d,s,id){var js,fjs=d.getElementsByTagName(s)[0];if(!d.getElementById(id)){js=d.createElement(s);js.id=id;js.src='https:\/\/weatherwidget.io\/js\/widget.min.js';fjs.parentNode.insertBefore(js,fjs);}}(document,'script','weatherwidget-io-js');\n<\/script>\n<\/div>\n<\/div>\n\n\n\n<h2 class=\"wp-block-heading\" id=\"fort-mahon-weather\"><strong>O clima em <strong><strong><strong><strong><strong><strong><strong><strong><strong><strong><strong><strong><strong>La Baule<\/strong><\/strong><\/strong><\/strong><\/strong><\/strong><\/strong><\/strong><\/strong><\/strong><\/strong><\/strong><\/strong><\/strong><\/h2>\n\n\n\n<p>La Baule est\u00e1 situada ao longo da costa atl\u00e2ntica, a oeste de Saint-Nazaire, na foz do rio Loire. Tem um clima temperado e quente. La Baule-Escoublac tem ver\u00f5es agrad\u00e1veis; tem invernos longos, frios e ventosos.<\/p>\n\n\n\n<p> Durante a maior parte do ano, h\u00e1 uma cobertura parcial de nuvens. Chuvas significativas ocorrem em La Baule-Escoublac, mesmo no m\u00eas mais seco. Essa \u00e1rea recebe cerca de 757 mil\u00edmetros de chuva por ano.<\/p>\n\n\n\n<p><strong>Temperatura <\/strong><\/p>\n\n\n\n<p>Ao longo do ano, a temperatura geralmente varia de 39\u00b0F a 74\u00b0F e raramente fica abaixo de 29\u00b0F ou acima de 84\u00b0F.<\/p>\n\n\n\n<p><strong>Umidade <\/strong><\/p>\n\n\n\n<p>Janeiro tem a maior umidade relativa (83,94%). Enquanto junho \u00e9 o m\u00eas com a menor umidade relativa, ou seja, 72,41%.<\/p>\n\n\n\n<p><strong>Chuva <\/strong><\/p>\n\n\n\n<p>A chuva forte ocorre em novembro e dura 13,20 dias. Agosto tem o menor n\u00famero de dias de chuva (8,03).<\/p>\n\n\n\n<p><strong>Nuvens <\/strong><\/p>\n\n\n\n<p>H\u00e1 uma varia\u00e7\u00e3o sazonal significativa na porcentagem m\u00e9dia do c\u00e9u coberto por nuvens em La Baule-Escoublac.<\/p>\n\n\n\n<p>Em m\u00e9dia, 65% do tempo em La Baule-Escoublac, o c\u00e9u est\u00e1 limpo em julho.<\/p>\n\n\n\n<p>La Baule-Escoublac tem o clima mais nublado em janeiro, quando o c\u00e9u est\u00e1 mais nublado 63% do tempo.<\/p>\n\n\n\n<p><strong>Vento <\/strong><\/p>\n\n\n\n<p>A topografia local e outros fatores influenciam fortemente a experi\u00eancia do vento nesse local.<\/p>\n\n\n\n<p>Em dezembro (o m\u00eas mais ventoso), a velocidade m\u00e9dia do vento por hora \u00e9 de 14,2 milhas por hora. Enquanto que \u00e9 registrada 10,1 milhas por hora no m\u00eas mais calmo, ou seja, agosto.<\/p>\n\n\n\n<h2 class=\"wp-block-heading\"><strong>Resort La Baule Seaside <\/strong><\/h2>\n\n\n\n<p>No sul da Bretanha, La Baule Resort \u00e9 um retiro popular \u00e0 beira-mar para a elite francesa. Criada em 1879, essa est\u00e2ncia centen\u00e1ria \u00e9 a mais conhecida est\u00e2ncia do Atl\u00e2ntico. Esse resort tem vilas encantadoras, um cassino, bem como excelentes acomoda\u00e7\u00f5es.<\/p>\n\n\n\n<p>Al\u00e9m disso, uma mistura \u00fanica da cultura bret\u00e3 e da cultura costeira com uma praia arenosa de 9 km, um porto de iates e p\u00e2ntanos salgados pr\u00f3ximos fazem dele um local atraente para turistas.<\/p>\n\n\n\n<p>Todos os anos, La Baule experimenta um aumento dram\u00e1tico de sua popula\u00e7\u00e3o durante os meses de julho e agosto por causa dos parisienses que ficam por semanas e dos visitantes de Nantes que v\u00eam para passeios de um dia. A partir da esta\u00e7\u00e3o de Paris Montparnasse, s\u00e3o necess\u00e1rias cerca de tr\u00eas horas para chegar a La Baule.<\/p>\n","protected":false},"excerpt":{"rendered":"<p>Webcam La Baule La Baule, tamb\u00e9m conhecida como La Baule-Escoublac, \u00e9 uma comuna do departamento de Loire-Atlantique que fica no hemisf\u00e9rio norte. A duna que estabiliza os pinheiros mar\u00edtimos de 1.000 acres (400 hectares) protege a praia contra os ventos que sopram do norte. Ela est\u00e1 situada numa ba\u00eda em forma de crescente numa praia &#8230; <a title=\"Webcam La Baule\" class=\"read-more\" href=\"https:\/\/weather-radar-live.com\/pt-br\/webcam\/franca\/webcam-la-baule\/\" aria-label=\"Read more about Webcam La Baule\">Ler mais<\/a><\/p>\n","protected":false},"author":1,"featured_media":3938,"parent":4179,"menu_order":0,"comment_status":"closed","ping_status":"closed","template":"","meta":{"footnotes":""},"class_list":["post-4944","page","type-page","status-publish","has-post-thumbnail"],"yoast_head":"<!-- This site is optimized with the Yoast SEO plugin v27.5 - https:\/\/yoast.com\/product\/yoast-seo-wordpress\/ -->\n<title>Webcam La Baule \u2192 Veja isso ao vivo!<\/title>\n<meta name=\"description\" content=\"Webcam La Baule | Livecam de La Baule! \u2705 Atualizado para voc\u00ea em tempo real! \u2705 Previs\u00e3o do tempo atual!\" \/>\n<meta name=\"robots\" content=\"index, follow, max-snippet:-1, max-image-preview:large, max-video-preview:-1\" \/>\n<link rel=\"canonical\" href=\"https:\/\/weather-radar-live.com\/pt-br\/webcam\/franca\/webcam-la-baule\/\" \/>\n<meta property=\"og:locale\" content=\"pt_BR\" \/>\n<meta property=\"og:type\" content=\"article\" \/>\n<meta property=\"og:title\" content=\"Webcam La Baule \u2192 Veja isso ao vivo!\" \/>\n<meta property=\"og:description\" content=\"Webcam La Baule | Livecam de La Baule! \u2705 Atualizado para voc\u00ea em tempo real! \u2705 Previs\u00e3o do tempo atual!\" \/>\n<meta property=\"og:url\" content=\"https:\/\/weather-radar-live.com\/pt-br\/webcam\/franca\/webcam-la-baule\/\" \/>\n<meta property=\"og:site_name\" content=\"weather-radar-live.com\" \/>\n<meta property=\"article:modified_time\" content=\"2022-07-19T08:55:14+00:00\" \/>\n<meta property=\"og:image\" content=\"https:\/\/weather-radar-live.com\/wp-content\/uploads\/2022\/04\/Webcam-La-Baule-e1650548711664.jpg\" \/>\n\t<meta property=\"og:image:width\" content=\"1918\" \/>\n\t<meta property=\"og:image:height\" content=\"1014\" \/>\n\t<meta property=\"og:image:type\" content=\"image\/jpeg\" \/>\n<meta name=\"twitter:card\" content=\"summary_large_image\" \/>\n<meta name=\"twitter:label1\" content=\"Est. tempo de leitura\" \/>\n\t<meta name=\"twitter:data1\" content=\"3 minutos\" \/>\n<script type=\"application\/ld+json\" class=\"yoast-schema-graph\">{\"@context\":\"https:\\\/\\\/schema.org\",\"@graph\":[{\"@type\":\"WebPage\",\"@id\":\"https:\\\/\\\/weather-radar-live.com\\\/pt-br\\\/webcam\\\/franca\\\/webcam-la-baule\\\/\",\"url\":\"https:\\\/\\\/weather-radar-live.com\\\/pt-br\\\/webcam\\\/franca\\\/webcam-la-baule\\\/\",\"name\":\"Webcam La Baule \u2192 Veja isso ao vivo!\",\"isPartOf\":{\"@id\":\"https:\\\/\\\/weather-radar-live.com\\\/#website\"},\"primaryImageOfPage\":{\"@id\":\"https:\\\/\\\/weather-radar-live.com\\\/pt-br\\\/webcam\\\/franca\\\/webcam-la-baule\\\/#primaryimage\"},\"image\":{\"@id\":\"https:\\\/\\\/weather-radar-live.com\\\/pt-br\\\/webcam\\\/franca\\\/webcam-la-baule\\\/#primaryimage\"},\"thumbnailUrl\":\"https:\\\/\\\/weather-radar-live.com\\\/wp-content\\\/uploads\\\/2022\\\/04\\\/Webcam-La-Baule-e1650548711664.jpg\",\"datePublished\":\"2022-04-21T13:34:26+00:00\",\"dateModified\":\"2022-07-19T08:55:14+00:00\",\"description\":\"Webcam La Baule | Livecam de La Baule! \u2705 Atualizado para voc\u00ea em tempo real! \u2705 Previs\u00e3o do tempo atual!\",\"breadcrumb\":{\"@id\":\"https:\\\/\\\/weather-radar-live.com\\\/pt-br\\\/webcam\\\/franca\\\/webcam-la-baule\\\/#breadcrumb\"},\"inLanguage\":\"pt-BR\",\"potentialAction\":[{\"@type\":\"ReadAction\",\"target\":[\"https:\\\/\\\/weather-radar-live.com\\\/pt-br\\\/webcam\\\/franca\\\/webcam-la-baule\\\/\"]}]},{\"@type\":\"ImageObject\",\"inLanguage\":\"pt-BR\",\"@id\":\"https:\\\/\\\/weather-radar-live.com\\\/pt-br\\\/webcam\\\/franca\\\/webcam-la-baule\\\/#primaryimage\",\"url\":\"https:\\\/\\\/weather-radar-live.com\\\/wp-content\\\/uploads\\\/2022\\\/04\\\/Webcam-La-Baule-e1650548711664.jpg\",\"contentUrl\":\"https:\\\/\\\/weather-radar-live.com\\\/wp-content\\\/uploads\\\/2022\\\/04\\\/Webcam-La-Baule-e1650548711664.jpg\",\"width\":1918,\"height\":1014,\"caption\":\"Webcam La Baule\"},{\"@type\":\"BreadcrumbList\",\"@id\":\"https:\\\/\\\/weather-radar-live.com\\\/pt-br\\\/webcam\\\/franca\\\/webcam-la-baule\\\/#breadcrumb\",\"itemListElement\":[{\"@type\":\"ListItem\",\"position\":1,\"name\":\"Weather Radar Live\",\"item\":\"https:\\\/\\\/weather-radar-live.com\\\/pt-br\\\/\"},{\"@type\":\"ListItem\",\"position\":2,\"name\":\"Webcam\",\"item\":\"https:\\\/\\\/weather-radar-live.com\\\/pt-br\\\/webcam\\\/\"},{\"@type\":\"ListItem\",\"position\":3,\"name\":\"Fran\u00e7a\",\"item\":\"https:\\\/\\\/weather-radar-live.com\\\/pt-br\\\/webcam\\\/franca\\\/\"},{\"@type\":\"ListItem\",\"position\":4,\"name\":\"Webcam La Baule\"}]},{\"@type\":\"WebSite\",\"@id\":\"https:\\\/\\\/weather-radar-live.com\\\/#website\",\"url\":\"https:\\\/\\\/weather-radar-live.com\\\/\",\"name\":\"weather-radar-live.com\",\"description\":\"Your weather and sky radar.\",\"publisher\":{\"@id\":\"https:\\\/\\\/weather-radar-live.com\\\/#organization\"},\"potentialAction\":[{\"@type\":\"SearchAction\",\"target\":{\"@type\":\"EntryPoint\",\"urlTemplate\":\"https:\\\/\\\/weather-radar-live.com\\\/?s={search_term_string}\"},\"query-input\":{\"@type\":\"PropertyValueSpecification\",\"valueRequired\":true,\"valueName\":\"search_term_string\"}}],\"inLanguage\":\"pt-BR\"},{\"@type\":\"Organization\",\"@id\":\"https:\\\/\\\/weather-radar-live.com\\\/#organization\",\"name\":\"weather-radar-live.com\",\"url\":\"https:\\\/\\\/weather-radar-live.com\\\/\",\"logo\":{\"@type\":\"ImageObject\",\"inLanguage\":\"pt-BR\",\"@id\":\"https:\\\/\\\/weather-radar-live.com\\\/#\\\/schema\\\/logo\\\/image\\\/\",\"url\":\"https:\\\/\\\/weather-radar-live.com\\\/wp-content\\\/uploads\\\/2022\\\/03\\\/cropped-WRL2503.png\",\"contentUrl\":\"https:\\\/\\\/weather-radar-live.com\\\/wp-content\\\/uploads\\\/2022\\\/03\\\/cropped-WRL2503.png\",\"width\":1920,\"height\":555,\"caption\":\"weather-radar-live.com\"},\"image\":{\"@id\":\"https:\\\/\\\/weather-radar-live.com\\\/#\\\/schema\\\/logo\\\/image\\\/\"}}]}<\/script>\n<!-- \/ Yoast SEO plugin. -->","yoast_head_json":{"title":"Webcam La Baule \u2192 Veja isso ao vivo!","description":"Webcam La Baule | Livecam de La Baule! \u2705 Atualizado para voc\u00ea em tempo real! \u2705 Previs\u00e3o do tempo atual!","robots":{"index":"index","follow":"follow","max-snippet":"max-snippet:-1","max-image-preview":"max-image-preview:large","max-video-preview":"max-video-preview:-1"},"canonical":"https:\/\/weather-radar-live.com\/pt-br\/webcam\/franca\/webcam-la-baule\/","og_locale":"pt_BR","og_type":"article","og_title":"Webcam La Baule \u2192 Veja isso ao vivo!","og_description":"Webcam La Baule | Livecam de La Baule! \u2705 Atualizado para voc\u00ea em tempo real! \u2705 Previs\u00e3o do tempo atual!","og_url":"https:\/\/weather-radar-live.com\/pt-br\/webcam\/franca\/webcam-la-baule\/","og_site_name":"weather-radar-live.com","article_modified_time":"2022-07-19T08:55:14+00:00","og_image":[{"width":1918,"height":1014,"url":"https:\/\/weather-radar-live.com\/wp-content\/uploads\/2022\/04\/Webcam-La-Baule-e1650548711664.jpg","type":"image\/jpeg"}],"twitter_card":"summary_large_image","twitter_misc":{"Est. tempo de leitura":"3 minutos"},"schema":{"@context":"https:\/\/schema.org","@graph":[{"@type":"WebPage","@id":"https:\/\/weather-radar-live.com\/pt-br\/webcam\/franca\/webcam-la-baule\/","url":"https:\/\/weather-radar-live.com\/pt-br\/webcam\/franca\/webcam-la-baule\/","name":"Webcam La Baule \u2192 Veja isso ao vivo!","isPartOf":{"@id":"https:\/\/weather-radar-live.com\/#website"},"primaryImageOfPage":{"@id":"https:\/\/weather-radar-live.com\/pt-br\/webcam\/franca\/webcam-la-baule\/#primaryimage"},"image":{"@id":"https:\/\/weather-radar-live.com\/pt-br\/webcam\/franca\/webcam-la-baule\/#primaryimage"},"thumbnailUrl":"https:\/\/weather-radar-live.com\/wp-content\/uploads\/2022\/04\/Webcam-La-Baule-e1650548711664.jpg","datePublished":"2022-04-21T13:34:26+00:00","dateModified":"2022-07-19T08:55:14+00:00","description":"Webcam La Baule | Livecam de La Baule! \u2705 Atualizado para voc\u00ea em tempo real! \u2705 Previs\u00e3o do tempo atual!","breadcrumb":{"@id":"https:\/\/weather-radar-live.com\/pt-br\/webcam\/franca\/webcam-la-baule\/#breadcrumb"},"inLanguage":"pt-BR","potentialAction":[{"@type":"ReadAction","target":["https:\/\/weather-radar-live.com\/pt-br\/webcam\/franca\/webcam-la-baule\/"]}]},{"@type":"ImageObject","inLanguage":"pt-BR","@id":"https:\/\/weather-radar-live.com\/pt-br\/webcam\/franca\/webcam-la-baule\/#primaryimage","url":"https:\/\/weather-radar-live.com\/wp-content\/uploads\/2022\/04\/Webcam-La-Baule-e1650548711664.jpg","contentUrl":"https:\/\/weather-radar-live.com\/wp-content\/uploads\/2022\/04\/Webcam-La-Baule-e1650548711664.jpg","width":1918,"height":1014,"caption":"Webcam La Baule"},{"@type":"BreadcrumbList","@id":"https:\/\/weather-radar-live.com\/pt-br\/webcam\/franca\/webcam-la-baule\/#breadcrumb","itemListElement":[{"@type":"ListItem","position":1,"name":"Weather Radar Live","item":"https:\/\/weather-radar-live.com\/pt-br\/"},{"@type":"ListItem","position":2,"name":"Webcam","item":"https:\/\/weather-radar-live.com\/pt-br\/webcam\/"},{"@type":"ListItem","position":3,"name":"Fran\u00e7a","item":"https:\/\/weather-radar-live.com\/pt-br\/webcam\/franca\/"},{"@type":"ListItem","position":4,"name":"Webcam La Baule"}]},{"@type":"WebSite","@id":"https:\/\/weather-radar-live.com\/#website","url":"https:\/\/weather-radar-live.com\/","name":"weather-radar-live.com","description":"Your weather and sky radar.","publisher":{"@id":"https:\/\/weather-radar-live.com\/#organization"},"potentialAction":[{"@type":"SearchAction","target":{"@type":"EntryPoint","urlTemplate":"https:\/\/weather-radar-live.com\/?s={search_term_string}"},"query-input":{"@type":"PropertyValueSpecification","valueRequired":true,"valueName":"search_term_string"}}],"inLanguage":"pt-BR"},{"@type":"Organization","@id":"https:\/\/weather-radar-live.com\/#organization","name":"weather-radar-live.com","url":"https:\/\/weather-radar-live.com\/","logo":{"@type":"ImageObject","inLanguage":"pt-BR","@id":"https:\/\/weather-radar-live.com\/#\/schema\/logo\/image\/","url":"https:\/\/weather-radar-live.com\/wp-content\/uploads\/2022\/03\/cropped-WRL2503.png","contentUrl":"https:\/\/weather-radar-live.com\/wp-content\/uploads\/2022\/03\/cropped-WRL2503.png","width":1920,"height":555,"caption":"weather-radar-live.com"},"image":{"@id":"https:\/\/weather-radar-live.com\/#\/schema\/logo\/image\/"}}]}},"_links":{"self":[{"href":"https:\/\/weather-radar-live.com\/pt-br\/wp-json\/wp\/v2\/pages\/4944","targetHints":{"allow":["GET"]}}],"collection":[{"href":"https:\/\/weather-radar-live.com\/pt-br\/wp-json\/wp\/v2\/pages"}],"about":[{"href":"https:\/\/weather-radar-live.com\/pt-br\/wp-json\/wp\/v2\/types\/page"}],"author":[{"embeddable":true,"href":"https:\/\/weather-radar-live.com\/pt-br\/wp-json\/wp\/v2\/users\/1"}],"replies":[{"embeddable":true,"href":"https:\/\/weather-radar-live.com\/pt-br\/wp-json\/wp\/v2\/comments?post=4944"}],"version-history":[{"count":2,"href":"https:\/\/weather-radar-live.com\/pt-br\/wp-json\/wp\/v2\/pages\/4944\/revisions"}],"predecessor-version":[{"id":5038,"href":"https:\/\/weather-radar-live.com\/pt-br\/wp-json\/wp\/v2\/pages\/4944\/revisions\/5038"}],"up":[{"embeddable":true,"href":"https:\/\/weather-radar-live.com\/pt-br\/wp-json\/wp\/v2\/pages\/4179"}],"wp:featuredmedia":[{"embeddable":true,"href":"https:\/\/weather-radar-live.com\/pt-br\/wp-json\/wp\/v2\/media\/3938"}],"wp:attachment":[{"href":"https:\/\/weather-radar-live.com\/pt-br\/wp-json\/wp\/v2\/media?parent=4944"}],"curies":[{"name":"wp","href":"https:\/\/api.w.org\/{rel}","templated":true}]}}