{"id":4701,"date":"2022-07-18T17:21:00","date_gmt":"2022-07-18T15:21:00","guid":{"rendered":"https:\/\/weather-radar-live.com\/?page_id=4701"},"modified":"2022-07-19T07:39:47","modified_gmt":"2022-07-19T05:39:47","slug":"webcam-peniscola","status":"publish","type":"page","link":"https:\/\/weather-radar-live.com\/pt-br\/webcam\/espanha\/webcam-peniscola\/","title":{"rendered":"Webcam Pe\u00f1iscola"},"content":{"rendered":"<div id=\"weath-3727898632\" class=\"weath-vor-dem-inhalt weath-entity-placement\" style=\"margin-top: 15px;margin-right: 25px;margin-bottom: 40px;margin-left: 25px;\"><script async src=\"\/\/pagead2.googlesyndication.com\/pagead\/js\/adsbygoogle.js?client=ca-pub-8960936133935804\" crossorigin=\"anonymous\"><\/script><ins class=\"adsbygoogle\" style=\"display:block;\" data-ad-client=\"ca-pub-8960936133935804\" \ndata-ad-slot=\"6172817020\" \ndata-ad-format=\"auto\"><\/ins>\n<script> \n(adsbygoogle = window.adsbygoogle || []).push({}); \n<\/script>\n<\/div>\n<div class=\"wp-block-cover alignfull is-light\"><span aria-hidden=\"true\" class=\"wp-block-cover__gradient-background has-background-dim\"><\/span><img decoding=\"async\" class=\"wp-block-cover__image-background wp-image-342\" alt=\"Webcam Pe\u00f1iscola\" src=\"https:\/\/weather-radar-live.com\/wp-content\/uploads\/2021\/06\/sam-schooler-E9aetBe2w40-unsplash-e1622554814366.jpg\" data-object-fit=\"cover\"\/><div class=\"wp-block-cover__inner-container is-layout-flow wp-block-cover-is-layout-flow\">\n<h2 class=\"has-text-align-center heading wp-block-heading\" id=\"webcam-fort-mahon\" style=\"font-size:40px\"><strong><mark style=\"background-color:rgba(0, 0, 0, 0)\" class=\"has-inline-color has-base-3-color\">WEBCAM <\/mark><\/strong><br><strong><mark style=\"background-color:rgba(0, 0, 0, 0)\" class=\"has-inline-color has-base-3-color\">PE\u00d1ISCOLA<\/mark><\/strong><\/h2>\n<\/div><\/div>\n\n\n<div class=\"yoast-breadcrumbs\"><span><span><a href=\"https:\/\/weather-radar-live.com\/pt-br\/\">Weather Radar Live<\/a><\/span> \u00bb <span><a href=\"https:\/\/weather-radar-live.com\/pt-br\/webcam\/\">Webcam<\/a><\/span> \u00bb <span><a href=\"https:\/\/weather-radar-live.com\/pt-br\/webcam\/espanha\/\">Espanha<\/a><\/span> \u00bb <span class=\"breadcrumb_last\" aria-current=\"page\"><strong>Webcam Pe\u00f1iscola<\/strong><\/span><\/span><\/div>\n\n\n<h2 class=\"has-text-align-center wp-block-heading\" id=\"webcam-fort-mahon\"><strong>Webcam Pe\u00f1iscola<\/strong><\/h2>\n\n\n\n<p>A cidade costeira espanhola de Pe\u00f1iscola, com seus 8.000 habitantes, est\u00e1 situada na prov\u00edncia de Castell\u00f3n, ao norte de Val\u00eancia. A velha cidade do vilarejo est\u00e1 situada sobre uma rocha de 64 metros de altura no mar, no alto da qual h\u00e1 um velho castelo. Foi constru\u00eddo entre 1294 e 1307 pela Ordem dos Cavaleiros Templ\u00e1rios. Deixe-se impressionar pelo encanto \u00fanico da hist\u00f3rica cidade velha com nossa webcam Pe\u00f1iscola e fa\u00e7a uma excitante viagem de descoberta pelas ruas estreitas da cidade.<\/p>\n\n\n\n<p>Abaixo do castelo, altas casas brancas se aninham ao redor da rocha, formando o centro hist\u00f3rico de Pe\u00f1iscola e cercada por uma espessa muralha da cidade. Contraste isso com as avenidas e ruas rec\u00e9m-constru\u00eddas do distrito tur\u00edstico.<\/p><div id=\"weath-3112252101\" class=\"weath-inhalt_2 weath-entity-placement\" style=\"margin-top: 15px;margin-right: 25px;margin-bottom: 35px;margin-left: 25px;\"><script async src=\"\/\/pagead2.googlesyndication.com\/pagead\/js\/adsbygoogle.js?client=ca-pub-8960936133935804\" crossorigin=\"anonymous\"><\/script><ins class=\"adsbygoogle\" style=\"display:block;\" data-ad-client=\"ca-pub-8960936133935804\" \ndata-ad-slot=\"1963584050\" \ndata-ad-format=\"auto\"><\/ins>\n<script> \n(adsbygoogle = window.adsbygoogle || []).push({}); \n<\/script>\n<\/div>\n\n\n\n<div class=\"wp-block-columns is-layout-flex wp-container-core-columns-is-layout-9d6595d7 wp-block-columns-is-layout-flex\">\n<div class=\"wp-block-column webcam-column is-layout-flow wp-block-column-is-layout-flow\">\n<h3 class=\"has-text-align-center live-emoji wp-block-heading\">\ud83d\udd34 <strong>Webcam<\/strong> Praia <strong>Pe\u00f1iscola<\/strong> <\/h3>\n\n\n\n<a name=\"windy-webcam-timelapse-player\" data-id=\"1206064909\" data-play=\"day\" href=\"https:\/\/windy.com\/webcams\/1206064909\" target=\"_blank\" rel=\"noopener\">Peniscola<\/a><script async=\"\" type=\"text\/javascript\" src=\"https:\/\/webcams.windy.com\/webcams\/public\/embed\/script\/player.js\"><\/script>\n<\/div>\n<\/div>\n\n\n\n<h3 class=\"has-text-align-center live-emoji wp-block-heading\"> \ud83d\udd34 <strong>Webcam<\/strong> Castelo <strong> <strong>Pe\u00f1iscola<\/strong><\/strong> <\/h3>\n\n\n\n<a name=\"windy-webcam-timelapse-player\" data-id=\"1629234914\" data-play=\"day\" href=\"https:\/\/windy.com\/webcams\/1629234914\" target=\"_blank\" rel=\"noopener\">Peniscola: Castelo Peniscola<\/a><script async=\"\" type=\"text\/javascript\" src=\"https:\/\/webcams.windy.com\/webcams\/public\/embed\/script\/player.js\"><\/script>\n\n\n\n<h2 class=\"wp-block-heading\" id=\"fort-mahon-today\"><strong>Radar meteorol\u00f3gico Pe\u00f1iscola &#8211; O tempo em Pe\u00f1iscola<\/strong><\/h2>\n\n\n\n<p>Acompanhe o tempo em tempo real nessa cidade costeira com nossa webcam Pe\u00f1iscola. Outras informa\u00e7\u00f5es importantes sobre o tempo em Pe\u00f1iscola podem ser encontradas em nosso radar meteorol\u00f3gico. Isso n\u00e3o s\u00f3 cont\u00e9m a previs\u00e3o do tempo atual para a cidade, como tamb\u00e9m informa o senhor sobre as \u00e1reas de precipita\u00e7\u00e3o. De acordo com a intensidade, as \u00e1reas de precipita\u00e7\u00e3o s\u00e3o marcadas com cores diferentes. As \u00e1reas azuis e verdes representam \u00e1reas de precipita\u00e7\u00e3o com baixas quantidades de precipita\u00e7\u00e3o. As \u00e1reas roxas e vermelhas, por outro lado, indicam uma forte precipita\u00e7\u00e3o com potencial para condi\u00e7\u00f5es clim\u00e1ticas severas. Al\u00e9m disso, tamb\u00e9m lhe s\u00e3o mostradas trovoadas tempestades com pequenos s\u00edmbolos de rel\u00e2mpagos no radar meteorol\u00f3gico. Portanto, o senhor sempre sabe das condi\u00e7\u00f5es clim\u00e1ticas atuais em Pe\u00f1iscola com nossa webcam e nosso radar meteorol\u00f3gico.<\/p>\n\n\n\n<div class=\"wp-block-columns is-layout-flex wp-container-core-columns-is-layout-9d6595d7 wp-block-columns-is-layout-flex\">\n<div class=\"wp-block-column is-layout-flow wp-block-column-is-layout-flow\" style=\"flex-basis:75%\">\n<iframe loading=\"lazy\" width=\"1300\" height=\"502\" src=\"https:\/\/embed.windy.com\/embed2.html?lat=40.365&amp;lon=0.378&amp;detailLat=40.365&amp;detailLon=0.378&amp;width=1300&amp;height=502&amp;zoom=11&amp;level=surface&amp;overlay=rain&amp;product=ecmwf&amp;menu=&amp;message=&amp;marker=&amp;calendar=now&amp;pressure=&amp;type=map&amp;location=coordinates&amp;detail=&amp;metricWind=default&amp;metricTemp=default&amp;radarRange=-1\" frameborder=\"0\"><\/iframe>\n<\/div>\n\n\n\n<div class=\"wp-block-column is-layout-flow wp-block-column-is-layout-flow\" style=\"flex-basis:25%\">\n<a class=\"weatherwidget-io\" href=\"https:\/\/forecast7.com\/pt\/40d370d39\/peniscola\/\" data-label_1=\"PENISCOLA\" data-theme=\"original\">PENISCOLA<\/a>\n<script>\n!function(d,s,id){var js,fjs=d.getElementsByTagName(s)[0];if(!d.getElementById(id)){js=d.createElement(s);js.id=id;js.src='https:\/\/weatherwidget.io\/js\/widget.min.js';fjs.parentNode.insertBefore(js,fjs);}}(document,'script','weatherwidget-io-js');\n<\/script>\n<\/div>\n<\/div>\n\n\n\n<h2 class=\"wp-block-heading\" id=\"fort-mahon-weather\"><strong>O clima em Pe\u00f1iscola<\/strong><\/h2>\n\n\n\n<p>O clima da cidade espanhola de Pe\u00f1iscola \u00e9 determinado pelo clima mediterr\u00e2neo. A temperatura m\u00e9dia anual aqui \u00e9 de 20\u00b0C, com ver\u00f5es quentes e secos e invernos suaves. As temperaturas mais altas atingem em m\u00e9dia 28\u00b0C em julho e caem para uma m\u00e9dia de 13\u00b0C em janeiro, no inverno. Em geral, a Pe\u00f1iscola est\u00e1 muito ensolarada e seca, com cerca de 300 dias de sol, resultando em uma precipita\u00e7\u00e3o m\u00e9dia anual de 219 mm.<\/p>\n\n\n\n<h2 class=\"wp-block-heading\"><strong>Atra\u00e7\u00f5es em Pe\u00f1iscola<\/strong><\/h2>\n\n\n\n<p>Fa\u00e7a uma excitante excurs\u00e3o de descoberta pela hist\u00f3rica cidade velha de Pe\u00f1iscola. Aqui, al\u00e9m da igreja paroquial de Santa Maria e da capela da Virgen de la Ermitana, numerosos restaurantes e lojas de lembran\u00e7as o esperam nas ruas estreitas. As longas praias de areia ao redor da cidade proporcionam um mergulho refrescante no Mar Mediterr\u00e2neo. Ao sul de Pe\u00f1iscola, no Parque Natural da Serra de Irta, pode ser encontrada uma mudan\u00e7a de cen\u00e1rio em rela\u00e7\u00e3o \u00e0 cidade costeira densamente constru\u00edda. Este \u00e9 um dos poucos trechos da costa da regi\u00e3o que ainda est\u00e1 intacto. Recomendamos tamb\u00e9m o interior montanhoso de El Maestrat, que o espera com uma bela natureza e pequenas aldeias em ambiente rural.<\/p>\n","protected":false},"excerpt":{"rendered":"<p>Webcam Pe\u00f1iscola A cidade costeira espanhola de Pe\u00f1iscola, com seus 8.000 habitantes, est\u00e1 situada na prov\u00edncia de Castell\u00f3n, ao norte de Val\u00eancia. A velha cidade do vilarejo est\u00e1 situada sobre uma rocha de 64 metros de altura no mar, no alto da qual h\u00e1 um velho castelo. Foi constru\u00eddo entre 1294 e 1307 pela Ordem &#8230; <a title=\"Webcam Pe\u00f1iscola\" class=\"read-more\" href=\"https:\/\/weather-radar-live.com\/pt-br\/webcam\/espanha\/webcam-peniscola\/\" aria-label=\"Read more about Webcam Pe\u00f1iscola\">Ler mais<\/a><\/p>\n","protected":false},"author":1,"featured_media":4999,"parent":4350,"menu_order":0,"comment_status":"closed","ping_status":"closed","template":"","meta":{"footnotes":""},"class_list":["post-4701","page","type-page","status-publish","has-post-thumbnail"],"yoast_head":"<!-- This site is optimized with the Yoast SEO plugin v27.5 - https:\/\/yoast.com\/product\/yoast-seo-wordpress\/ -->\n<title>Webcam Pe\u00f1iscola \u2192 Assista ao vivo!<\/title>\n<meta name=\"description\" content=\"Webcam Pe\u00f1iscola | Livecam of Pe\u00f1iscola! \u2705 Atualizado para voc\u00ea em tempo real! \u2705 Previs\u00e3o do tempo atual!\" \/>\n<meta name=\"robots\" content=\"index, follow, max-snippet:-1, max-image-preview:large, max-video-preview:-1\" \/>\n<link rel=\"canonical\" href=\"https:\/\/weather-radar-live.com\/pt-br\/webcam\/espanha\/webcam-peniscola\/\" \/>\n<meta property=\"og:locale\" content=\"pt_BR\" \/>\n<meta property=\"og:type\" content=\"article\" \/>\n<meta property=\"og:title\" content=\"Webcam Pe\u00f1iscola \u2192 Assista ao vivo!\" \/>\n<meta property=\"og:description\" content=\"Webcam Pe\u00f1iscola | Livecam of Pe\u00f1iscola! \u2705 Atualizado para voc\u00ea em tempo real! \u2705 Previs\u00e3o do tempo atual!\" \/>\n<meta property=\"og:url\" content=\"https:\/\/weather-radar-live.com\/pt-br\/webcam\/espanha\/webcam-peniscola\/\" \/>\n<meta property=\"og:site_name\" content=\"weather-radar-live.com\" \/>\n<meta property=\"article:modified_time\" content=\"2022-07-19T05:39:47+00:00\" \/>\n<meta property=\"og:image\" content=\"https:\/\/weather-radar-live.com\/wp-content\/uploads\/2021\/06\/sam-schooler-E9aetBe2w40-unsplash-e1622554814366.jpg\" \/>\n<meta name=\"twitter:card\" content=\"summary_large_image\" \/>\n<meta name=\"twitter:label1\" content=\"Est. tempo de leitura\" \/>\n\t<meta name=\"twitter:data1\" content=\"3 minutos\" \/>\n<script type=\"application\/ld+json\" class=\"yoast-schema-graph\">{\"@context\":\"https:\\\/\\\/schema.org\",\"@graph\":[{\"@type\":\"WebPage\",\"@id\":\"https:\\\/\\\/weather-radar-live.com\\\/pt-br\\\/webcam\\\/espanha\\\/webcam-peniscola\\\/\",\"url\":\"https:\\\/\\\/weather-radar-live.com\\\/pt-br\\\/webcam\\\/espanha\\\/webcam-peniscola\\\/\",\"name\":\"Webcam Pe\u00f1iscola \u2192 Assista ao vivo!\",\"isPartOf\":{\"@id\":\"https:\\\/\\\/weather-radar-live.com\\\/#website\"},\"primaryImageOfPage\":{\"@id\":\"https:\\\/\\\/weather-radar-live.com\\\/pt-br\\\/webcam\\\/espanha\\\/webcam-peniscola\\\/#primaryimage\"},\"image\":{\"@id\":\"https:\\\/\\\/weather-radar-live.com\\\/pt-br\\\/webcam\\\/espanha\\\/webcam-peniscola\\\/#primaryimage\"},\"thumbnailUrl\":\"https:\\\/\\\/weather-radar-live.com\\\/wp-content\\\/uploads\\\/2022\\\/07\\\/Webcam-Peniscola-e1658218266492.png\",\"datePublished\":\"2022-07-18T15:21:00+00:00\",\"dateModified\":\"2022-07-19T05:39:47+00:00\",\"description\":\"Webcam Pe\u00f1iscola | Livecam of Pe\u00f1iscola! \u2705 Atualizado para voc\u00ea em tempo real! \u2705 Previs\u00e3o do tempo atual!\",\"breadcrumb\":{\"@id\":\"https:\\\/\\\/weather-radar-live.com\\\/pt-br\\\/webcam\\\/espanha\\\/webcam-peniscola\\\/#breadcrumb\"},\"inLanguage\":\"pt-BR\",\"potentialAction\":[{\"@type\":\"ReadAction\",\"target\":[\"https:\\\/\\\/weather-radar-live.com\\\/pt-br\\\/webcam\\\/espanha\\\/webcam-peniscola\\\/\"]}]},{\"@type\":\"ImageObject\",\"inLanguage\":\"pt-BR\",\"@id\":\"https:\\\/\\\/weather-radar-live.com\\\/pt-br\\\/webcam\\\/espanha\\\/webcam-peniscola\\\/#primaryimage\",\"url\":\"https:\\\/\\\/weather-radar-live.com\\\/wp-content\\\/uploads\\\/2022\\\/07\\\/Webcam-Peniscola-e1658218266492.png\",\"contentUrl\":\"https:\\\/\\\/weather-radar-live.com\\\/wp-content\\\/uploads\\\/2022\\\/07\\\/Webcam-Peniscola-e1658218266492.png\",\"width\":838,\"height\":527,\"caption\":\"Webcam Peniscola\"},{\"@type\":\"BreadcrumbList\",\"@id\":\"https:\\\/\\\/weather-radar-live.com\\\/pt-br\\\/webcam\\\/espanha\\\/webcam-peniscola\\\/#breadcrumb\",\"itemListElement\":[{\"@type\":\"ListItem\",\"position\":1,\"name\":\"Weather Radar Live\",\"item\":\"https:\\\/\\\/weather-radar-live.com\\\/pt-br\\\/\"},{\"@type\":\"ListItem\",\"position\":2,\"name\":\"Webcam\",\"item\":\"https:\\\/\\\/weather-radar-live.com\\\/pt-br\\\/webcam\\\/\"},{\"@type\":\"ListItem\",\"position\":3,\"name\":\"Espanha\",\"item\":\"https:\\\/\\\/weather-radar-live.com\\\/pt-br\\\/webcam\\\/espanha\\\/\"},{\"@type\":\"ListItem\",\"position\":4,\"name\":\"Webcam Pe\u00f1iscola\"}]},{\"@type\":\"WebSite\",\"@id\":\"https:\\\/\\\/weather-radar-live.com\\\/#website\",\"url\":\"https:\\\/\\\/weather-radar-live.com\\\/\",\"name\":\"weather-radar-live.com\",\"description\":\"Your weather and sky radar.\",\"publisher\":{\"@id\":\"https:\\\/\\\/weather-radar-live.com\\\/#organization\"},\"potentialAction\":[{\"@type\":\"SearchAction\",\"target\":{\"@type\":\"EntryPoint\",\"urlTemplate\":\"https:\\\/\\\/weather-radar-live.com\\\/?s={search_term_string}\"},\"query-input\":{\"@type\":\"PropertyValueSpecification\",\"valueRequired\":true,\"valueName\":\"search_term_string\"}}],\"inLanguage\":\"pt-BR\"},{\"@type\":\"Organization\",\"@id\":\"https:\\\/\\\/weather-radar-live.com\\\/#organization\",\"name\":\"weather-radar-live.com\",\"url\":\"https:\\\/\\\/weather-radar-live.com\\\/\",\"logo\":{\"@type\":\"ImageObject\",\"inLanguage\":\"pt-BR\",\"@id\":\"https:\\\/\\\/weather-radar-live.com\\\/#\\\/schema\\\/logo\\\/image\\\/\",\"url\":\"https:\\\/\\\/weather-radar-live.com\\\/wp-content\\\/uploads\\\/2022\\\/03\\\/cropped-WRL2503.png\",\"contentUrl\":\"https:\\\/\\\/weather-radar-live.com\\\/wp-content\\\/uploads\\\/2022\\\/03\\\/cropped-WRL2503.png\",\"width\":1920,\"height\":555,\"caption\":\"weather-radar-live.com\"},\"image\":{\"@id\":\"https:\\\/\\\/weather-radar-live.com\\\/#\\\/schema\\\/logo\\\/image\\\/\"}}]}<\/script>\n<!-- \/ Yoast SEO plugin. -->","yoast_head_json":{"title":"Webcam Pe\u00f1iscola \u2192 Assista ao vivo!","description":"Webcam Pe\u00f1iscola | Livecam of Pe\u00f1iscola! \u2705 Atualizado para voc\u00ea em tempo real! \u2705 Previs\u00e3o do tempo atual!","robots":{"index":"index","follow":"follow","max-snippet":"max-snippet:-1","max-image-preview":"max-image-preview:large","max-video-preview":"max-video-preview:-1"},"canonical":"https:\/\/weather-radar-live.com\/pt-br\/webcam\/espanha\/webcam-peniscola\/","og_locale":"pt_BR","og_type":"article","og_title":"Webcam Pe\u00f1iscola \u2192 Assista ao vivo!","og_description":"Webcam Pe\u00f1iscola | Livecam of Pe\u00f1iscola! \u2705 Atualizado para voc\u00ea em tempo real! \u2705 Previs\u00e3o do tempo atual!","og_url":"https:\/\/weather-radar-live.com\/pt-br\/webcam\/espanha\/webcam-peniscola\/","og_site_name":"weather-radar-live.com","article_modified_time":"2022-07-19T05:39:47+00:00","og_image":[{"url":"https:\/\/weather-radar-live.com\/wp-content\/uploads\/2021\/06\/sam-schooler-E9aetBe2w40-unsplash-e1622554814366.jpg","type":"","width":"","height":""}],"twitter_card":"summary_large_image","twitter_misc":{"Est. tempo de leitura":"3 minutos"},"schema":{"@context":"https:\/\/schema.org","@graph":[{"@type":"WebPage","@id":"https:\/\/weather-radar-live.com\/pt-br\/webcam\/espanha\/webcam-peniscola\/","url":"https:\/\/weather-radar-live.com\/pt-br\/webcam\/espanha\/webcam-peniscola\/","name":"Webcam Pe\u00f1iscola \u2192 Assista ao vivo!","isPartOf":{"@id":"https:\/\/weather-radar-live.com\/#website"},"primaryImageOfPage":{"@id":"https:\/\/weather-radar-live.com\/pt-br\/webcam\/espanha\/webcam-peniscola\/#primaryimage"},"image":{"@id":"https:\/\/weather-radar-live.com\/pt-br\/webcam\/espanha\/webcam-peniscola\/#primaryimage"},"thumbnailUrl":"https:\/\/weather-radar-live.com\/wp-content\/uploads\/2022\/07\/Webcam-Peniscola-e1658218266492.png","datePublished":"2022-07-18T15:21:00+00:00","dateModified":"2022-07-19T05:39:47+00:00","description":"Webcam Pe\u00f1iscola | Livecam of Pe\u00f1iscola! \u2705 Atualizado para voc\u00ea em tempo real! \u2705 Previs\u00e3o do tempo atual!","breadcrumb":{"@id":"https:\/\/weather-radar-live.com\/pt-br\/webcam\/espanha\/webcam-peniscola\/#breadcrumb"},"inLanguage":"pt-BR","potentialAction":[{"@type":"ReadAction","target":["https:\/\/weather-radar-live.com\/pt-br\/webcam\/espanha\/webcam-peniscola\/"]}]},{"@type":"ImageObject","inLanguage":"pt-BR","@id":"https:\/\/weather-radar-live.com\/pt-br\/webcam\/espanha\/webcam-peniscola\/#primaryimage","url":"https:\/\/weather-radar-live.com\/wp-content\/uploads\/2022\/07\/Webcam-Peniscola-e1658218266492.png","contentUrl":"https:\/\/weather-radar-live.com\/wp-content\/uploads\/2022\/07\/Webcam-Peniscola-e1658218266492.png","width":838,"height":527,"caption":"Webcam Peniscola"},{"@type":"BreadcrumbList","@id":"https:\/\/weather-radar-live.com\/pt-br\/webcam\/espanha\/webcam-peniscola\/#breadcrumb","itemListElement":[{"@type":"ListItem","position":1,"name":"Weather Radar Live","item":"https:\/\/weather-radar-live.com\/pt-br\/"},{"@type":"ListItem","position":2,"name":"Webcam","item":"https:\/\/weather-radar-live.com\/pt-br\/webcam\/"},{"@type":"ListItem","position":3,"name":"Espanha","item":"https:\/\/weather-radar-live.com\/pt-br\/webcam\/espanha\/"},{"@type":"ListItem","position":4,"name":"Webcam Pe\u00f1iscola"}]},{"@type":"WebSite","@id":"https:\/\/weather-radar-live.com\/#website","url":"https:\/\/weather-radar-live.com\/","name":"weather-radar-live.com","description":"Your weather and sky radar.","publisher":{"@id":"https:\/\/weather-radar-live.com\/#organization"},"potentialAction":[{"@type":"SearchAction","target":{"@type":"EntryPoint","urlTemplate":"https:\/\/weather-radar-live.com\/?s={search_term_string}"},"query-input":{"@type":"PropertyValueSpecification","valueRequired":true,"valueName":"search_term_string"}}],"inLanguage":"pt-BR"},{"@type":"Organization","@id":"https:\/\/weather-radar-live.com\/#organization","name":"weather-radar-live.com","url":"https:\/\/weather-radar-live.com\/","logo":{"@type":"ImageObject","inLanguage":"pt-BR","@id":"https:\/\/weather-radar-live.com\/#\/schema\/logo\/image\/","url":"https:\/\/weather-radar-live.com\/wp-content\/uploads\/2022\/03\/cropped-WRL2503.png","contentUrl":"https:\/\/weather-radar-live.com\/wp-content\/uploads\/2022\/03\/cropped-WRL2503.png","width":1920,"height":555,"caption":"weather-radar-live.com"},"image":{"@id":"https:\/\/weather-radar-live.com\/#\/schema\/logo\/image\/"}}]}},"_links":{"self":[{"href":"https:\/\/weather-radar-live.com\/pt-br\/wp-json\/wp\/v2\/pages\/4701","targetHints":{"allow":["GET"]}}],"collection":[{"href":"https:\/\/weather-radar-live.com\/pt-br\/wp-json\/wp\/v2\/pages"}],"about":[{"href":"https:\/\/weather-radar-live.com\/pt-br\/wp-json\/wp\/v2\/types\/page"}],"author":[{"embeddable":true,"href":"https:\/\/weather-radar-live.com\/pt-br\/wp-json\/wp\/v2\/users\/1"}],"replies":[{"embeddable":true,"href":"https:\/\/weather-radar-live.com\/pt-br\/wp-json\/wp\/v2\/comments?post=4701"}],"version-history":[{"count":3,"href":"https:\/\/weather-radar-live.com\/pt-br\/wp-json\/wp\/v2\/pages\/4701\/revisions"}],"predecessor-version":[{"id":4877,"href":"https:\/\/weather-radar-live.com\/pt-br\/wp-json\/wp\/v2\/pages\/4701\/revisions\/4877"}],"up":[{"embeddable":true,"href":"https:\/\/weather-radar-live.com\/pt-br\/wp-json\/wp\/v2\/pages\/4350"}],"wp:featuredmedia":[{"embeddable":true,"href":"https:\/\/weather-radar-live.com\/pt-br\/wp-json\/wp\/v2\/media\/4999"}],"wp:attachment":[{"href":"https:\/\/weather-radar-live.com\/pt-br\/wp-json\/wp\/v2\/media?parent=4701"}],"curies":[{"name":"wp","href":"https:\/\/api.w.org\/{rel}","templated":true}]}}