{"id":4311,"date":"2022-07-06T13:42:59","date_gmt":"2022-07-06T11:42:59","guid":{"rendered":"https:\/\/weather-radar-live.com\/webcam\/italy\/"},"modified":"2022-08-03T14:16:06","modified_gmt":"2022-08-03T12:16:06","slug":"italia","status":"publish","type":"page","link":"https:\/\/weather-radar-live.com\/pt-br\/webcam\/italia\/","title":{"rendered":"It\u00e1lia"},"content":{"rendered":"<div id=\"weath-4090551141\" class=\"weath-vor-dem-inhalt weath-entity-placement\" style=\"margin-top: 15px;margin-right: 25px;margin-bottom: 40px;margin-left: 25px;\"><script async src=\"\/\/pagead2.googlesyndication.com\/pagead\/js\/adsbygoogle.js?client=ca-pub-8960936133935804\" crossorigin=\"anonymous\"><\/script><ins class=\"adsbygoogle\" style=\"display:block;\" data-ad-client=\"ca-pub-8960936133935804\" \ndata-ad-slot=\"6172817020\" \ndata-ad-format=\"auto\"><\/ins>\n<script> \n(adsbygoogle = window.adsbygoogle || []).push({}); \n<\/script>\n<\/div>\n<div class=\"wp-block-cover alignfull\"><span aria-hidden=\"true\" class=\"has-background-dim-60 wp-block-cover__gradient-background has-background-dim\"><\/span><img decoding=\"async\" class=\"wp-block-cover__image-background wp-image-4210\" alt=\"It\u00e1lia\" src=\"https:\/\/weather-radar-live.com\/wp-content\/uploads\/2022\/07\/Webcam-Italien-scaled.jpg\" style=\"object-position:47% 38%\" data-object-fit=\"cover\" data-object-position=\"47% 38%\"\/><div class=\"wp-block-cover__inner-container is-layout-flow wp-block-cover-is-layout-flow\">\n<h2 class=\"has-text-align-center heading has-base-3-color has-text-color wp-block-heading\" id=\"france\" style=\"font-size:40px;text-transform:uppercase\"><mark style=\"background-color:rgba(0, 0, 0, 0);color:#ffffff\" class=\"has-inline-color\"><strong>It\u00e1lia<\/strong><\/mark><\/h2>\n<\/div><\/div>\n\n\n<div class=\"yoast-breadcrumbs\"><span><span><a href=\"https:\/\/weather-radar-live.com\/pt-br\/\">Weather Radar Live<\/a><\/span> \u00bb <span><a href=\"https:\/\/weather-radar-live.com\/pt-br\/webcam\/\">Webcam<\/a><\/span> \u00bb <span class=\"breadcrumb_last\" aria-current=\"page\"><strong>It\u00e1lia<\/strong><\/span><\/span><\/div>\n\n\n<h2 class=\"has-text-align-center wp-block-heading\" id=\"webcam-1\"><strong>It\u00e1lia<\/strong><\/h2>\n\n\n\n<p>Grandes paisagens, clima fant\u00e1stico e del\u00edcias culin\u00e1rias &#8211; quando o senhor pensa no pa\u00eds do sul, pensar\u00e1 exatamente nisso e provavelmente muito mais. A It\u00e1lia oferece uma variedade \u00fanica de paisagens que \u00e9 inigual\u00e1vel na Europa. Lindas paisagens de montanhas Dolomitas no norte, belas praias no sul e na Sic\u00edlia, assim como a impressionante cidade lagunar de Veneza: Com nossa webcam It\u00e1lia, o senhor pode dar uma olhada em todo o pa\u00eds!<\/p>\n\n\n\n<p>As webcams lhe d\u00e3o uma vis\u00e3o de v\u00e1rias cidades e lugares tur\u00edsticos. Dessa maneira, o senhor pode acompanhar de perto o que est\u00e1 acontecendo no pa\u00eds, a qualquer momento. Al\u00e9m das c\u00e2maras ao vivo, oferecemos-lhe tamb\u00e9m um radar meteorol\u00f3gico correspondente, que lhe permite ter uma vis\u00e3o geral da situa\u00e7\u00e3o atual do tempo no pa\u00eds. O senhor est\u00e1 pronto para mergulhar no pa\u00eds da It\u00e1lia?<\/p><div id=\"weath-1224550502\" class=\"weath-inhalt_2 weath-entity-placement\" style=\"margin-top: 15px;margin-right: 25px;margin-bottom: 35px;margin-left: 25px;\"><script async src=\"\/\/pagead2.googlesyndication.com\/pagead\/js\/adsbygoogle.js?client=ca-pub-8960936133935804\" crossorigin=\"anonymous\"><\/script><ins class=\"adsbygoogle\" style=\"display:block;\" data-ad-client=\"ca-pub-8960936133935804\" \ndata-ad-slot=\"1963584050\" \ndata-ad-format=\"auto\"><\/ins>\n<script> \n(adsbygoogle = window.adsbygoogle || []).push({}); \n<\/script>\n<\/div>\n\n\n\n<div class=\"wp-block-columns are-vertically-aligned-center is-layout-flex wp-container-core-columns-is-layout-9d6595d7 wp-block-columns-is-layout-flex\">\n<div class=\"wp-block-column is-vertically-aligned-center is-layout-flow wp-block-column-is-layout-flow\">\n<div class=\"wp-block-cover\" style=\"min-height:140px;aspect-ratio:unset;\"><span aria-hidden=\"true\" class=\"has-background-dim-70 wp-block-cover__gradient-background has-background-dim\"><\/span><img loading=\"lazy\" decoding=\"async\" width=\"411\" height=\"200\" class=\"wp-block-cover__image-background wp-image-6064\" alt=\"Webcam Camigliatello\" src=\"https:\/\/weather-radar-live.com\/wp-content\/uploads\/2022\/08\/Webcam-Camigliatello-e1659465297401.jpg\" style=\"object-position:52% 26%\" data-object-fit=\"cover\" data-object-position=\"52% 26%\"\/><div class=\"wp-block-cover__inner-container is-layout-flow wp-block-cover-is-layout-flow\">\n<p class=\"has-text-align-center has-medium-font-size\" style=\"text-transform:uppercase\"><strong><a href=\"https:\/\/weather-radar-live.com\/pt-br\/webcam\/italia\/webcam-camigliatello\/\"><mark style=\"background-color:rgba(0, 0, 0, 0)\" class=\"has-inline-color has-base-3-color\"><strong>Camigliatello<\/strong><\/mark><\/a><\/strong><\/p>\n<\/div><\/div>\n<\/div>\n\n\n\n<div class=\"wp-block-column is-vertically-aligned-center is-layout-flow wp-block-column-is-layout-flow\">\n<div class=\"wp-block-cover\" style=\"min-height:140px;aspect-ratio:unset;\"><span aria-hidden=\"true\" class=\"has-background-dim-70 wp-block-cover__gradient-background has-background-dim\"><\/span><img loading=\"lazy\" decoding=\"async\" width=\"1756\" height=\"954\" class=\"wp-block-cover__image-background wp-image-6078\" alt=\"Webcam - Livigno\" src=\"https:\/\/weather-radar-live.com\/wp-content\/uploads\/2022\/08\/Webcam-Luwin.jpg\" style=\"object-position:51% 53%\" data-object-fit=\"cover\" data-object-position=\"51% 53%\" srcset=\"https:\/\/weather-radar-live.com\/wp-content\/uploads\/2022\/08\/Webcam-Luwin.jpg 1756w, https:\/\/weather-radar-live.com\/wp-content\/uploads\/2022\/08\/Webcam-Luwin-300x163.jpg 300w, https:\/\/weather-radar-live.com\/wp-content\/uploads\/2022\/08\/Webcam-Luwin-1024x556.jpg 1024w, https:\/\/weather-radar-live.com\/wp-content\/uploads\/2022\/08\/Webcam-Luwin-768x417.jpg 768w, https:\/\/weather-radar-live.com\/wp-content\/uploads\/2022\/08\/Webcam-Luwin-1536x834.jpg 1536w\" sizes=\"auto, (max-width: 1756px) 100vw, 1756px\" \/><div class=\"wp-block-cover__inner-container is-layout-flow wp-block-cover-is-layout-flow\">\n<p class=\"has-text-align-center has-medium-font-size\"><strong><a href=\"https:\/\/weather-radar-live.com\/pt-br\/webcam\/italia\/webcam-livigno\/\"><mark style=\"background-color:rgba(0, 0, 0, 0)\" class=\"has-inline-color has-base-3-color\">LIVIGNO<\/mark><\/a><\/strong><\/p>\n<\/div><\/div>\n<\/div>\n\n\n\n<div class=\"wp-block-column is-vertically-aligned-center is-layout-flow wp-block-column-is-layout-flow\"><\/div>\n<\/div>\n","protected":false},"excerpt":{"rendered":"<p>It\u00e1lia Grandes paisagens, clima fant\u00e1stico e del\u00edcias culin\u00e1rias &#8211; quando o senhor pensa no pa\u00eds do sul, pensar\u00e1 exatamente nisso e provavelmente muito mais. A It\u00e1lia oferece uma variedade \u00fanica de paisagens que \u00e9 inigual\u00e1vel na Europa. Lindas paisagens de montanhas Dolomitas no norte, belas praias no sul e na Sic\u00edlia, assim como a impressionante &#8230; <a title=\"It\u00e1lia\" class=\"read-more\" href=\"https:\/\/weather-radar-live.com\/pt-br\/webcam\/italia\/\" aria-label=\"Read more about It\u00e1lia\">Ler mais<\/a><\/p>\n","protected":false},"author":1,"featured_media":0,"parent":4255,"menu_order":0,"comment_status":"closed","ping_status":"closed","template":"","meta":{"footnotes":""},"class_list":["post-4311","page","type-page","status-publish"],"yoast_head":"<!-- This site is optimized with the Yoast SEO plugin v27.3 - https:\/\/yoast.com\/product\/yoast-seo-wordpress\/ -->\n<title>Webcams ao vivo na It\u00e1lia!<\/title>\n<meta name=\"description\" content=\"Veja as webcams atuais na It\u00e1lia agora \u2714\ufe0f Webcams em diferentes locais \u2714\ufe0f Em tempo real com previs\u00e3o do tempo!\" \/>\n<meta name=\"robots\" content=\"index, follow, max-snippet:-1, max-image-preview:large, max-video-preview:-1\" \/>\n<link rel=\"canonical\" href=\"https:\/\/weather-radar-live.com\/pt-br\/webcam\/italia\/\" \/>\n<meta property=\"og:locale\" content=\"pt_BR\" \/>\n<meta property=\"og:type\" content=\"article\" \/>\n<meta property=\"og:title\" content=\"Webcams ao vivo na It\u00e1lia!\" \/>\n<meta property=\"og:description\" content=\"Veja as webcams atuais na It\u00e1lia agora \u2714\ufe0f Webcams em diferentes locais \u2714\ufe0f Em tempo real com previs\u00e3o do tempo!\" \/>\n<meta property=\"og:url\" content=\"https:\/\/weather-radar-live.com\/pt-br\/webcam\/italia\/\" \/>\n<meta property=\"og:site_name\" content=\"weather-radar-live.com\" \/>\n<meta property=\"article:modified_time\" content=\"2022-08-03T12:16:06+00:00\" \/>\n<meta property=\"og:image\" content=\"https:\/\/weather-radar-live.com\/wp-content\/uploads\/2022\/07\/Webcam-Italien-scaled.jpg\" \/>\n<meta name=\"twitter:card\" content=\"summary_large_image\" \/>\n<meta name=\"twitter:label1\" content=\"Est. tempo de leitura\" \/>\n\t<meta name=\"twitter:data1\" content=\"2 minutos\" \/>\n<script type=\"application\/ld+json\" class=\"yoast-schema-graph\">{\"@context\":\"https:\\\/\\\/schema.org\",\"@graph\":[{\"@type\":\"WebPage\",\"@id\":\"https:\\\/\\\/weather-radar-live.com\\\/pt-br\\\/webcam\\\/italia\\\/\",\"url\":\"https:\\\/\\\/weather-radar-live.com\\\/pt-br\\\/webcam\\\/italia\\\/\",\"name\":\"Webcams ao vivo na It\u00e1lia!\",\"isPartOf\":{\"@id\":\"https:\\\/\\\/weather-radar-live.com\\\/#website\"},\"primaryImageOfPage\":{\"@id\":\"https:\\\/\\\/weather-radar-live.com\\\/pt-br\\\/webcam\\\/italia\\\/#primaryimage\"},\"image\":{\"@id\":\"https:\\\/\\\/weather-radar-live.com\\\/pt-br\\\/webcam\\\/italia\\\/#primaryimage\"},\"thumbnailUrl\":\"https:\\\/\\\/weather-radar-live.com\\\/wp-content\\\/uploads\\\/2022\\\/07\\\/Webcam-Italien-scaled.jpg\",\"datePublished\":\"2022-07-06T11:42:59+00:00\",\"dateModified\":\"2022-08-03T12:16:06+00:00\",\"description\":\"Veja as webcams atuais na It\u00e1lia agora \u2714\ufe0f Webcams em diferentes locais \u2714\ufe0f Em tempo real com previs\u00e3o do tempo!\",\"breadcrumb\":{\"@id\":\"https:\\\/\\\/weather-radar-live.com\\\/pt-br\\\/webcam\\\/italia\\\/#breadcrumb\"},\"inLanguage\":\"pt-BR\",\"potentialAction\":[{\"@type\":\"ReadAction\",\"target\":[\"https:\\\/\\\/weather-radar-live.com\\\/pt-br\\\/webcam\\\/italia\\\/\"]}]},{\"@type\":\"ImageObject\",\"inLanguage\":\"pt-BR\",\"@id\":\"https:\\\/\\\/weather-radar-live.com\\\/pt-br\\\/webcam\\\/italia\\\/#primaryimage\",\"url\":\"https:\\\/\\\/weather-radar-live.com\\\/wp-content\\\/uploads\\\/2022\\\/07\\\/Webcam-Italien-scaled.jpg\",\"contentUrl\":\"https:\\\/\\\/weather-radar-live.com\\\/wp-content\\\/uploads\\\/2022\\\/07\\\/Webcam-Italien-scaled.jpg\"},{\"@type\":\"BreadcrumbList\",\"@id\":\"https:\\\/\\\/weather-radar-live.com\\\/pt-br\\\/webcam\\\/italia\\\/#breadcrumb\",\"itemListElement\":[{\"@type\":\"ListItem\",\"position\":1,\"name\":\"Weather Radar Live\",\"item\":\"https:\\\/\\\/weather-radar-live.com\\\/pt-br\\\/\"},{\"@type\":\"ListItem\",\"position\":2,\"name\":\"Webcam\",\"item\":\"https:\\\/\\\/weather-radar-live.com\\\/pt-br\\\/webcam\\\/\"},{\"@type\":\"ListItem\",\"position\":3,\"name\":\"It\u00e1lia\"}]},{\"@type\":\"WebSite\",\"@id\":\"https:\\\/\\\/weather-radar-live.com\\\/#website\",\"url\":\"https:\\\/\\\/weather-radar-live.com\\\/\",\"name\":\"weather-radar-live.com\",\"description\":\"Your weather and sky radar.\",\"publisher\":{\"@id\":\"https:\\\/\\\/weather-radar-live.com\\\/#organization\"},\"potentialAction\":[{\"@type\":\"SearchAction\",\"target\":{\"@type\":\"EntryPoint\",\"urlTemplate\":\"https:\\\/\\\/weather-radar-live.com\\\/?s={search_term_string}\"},\"query-input\":{\"@type\":\"PropertyValueSpecification\",\"valueRequired\":true,\"valueName\":\"search_term_string\"}}],\"inLanguage\":\"pt-BR\"},{\"@type\":\"Organization\",\"@id\":\"https:\\\/\\\/weather-radar-live.com\\\/#organization\",\"name\":\"weather-radar-live.com\",\"url\":\"https:\\\/\\\/weather-radar-live.com\\\/\",\"logo\":{\"@type\":\"ImageObject\",\"inLanguage\":\"pt-BR\",\"@id\":\"https:\\\/\\\/weather-radar-live.com\\\/#\\\/schema\\\/logo\\\/image\\\/\",\"url\":\"https:\\\/\\\/weather-radar-live.com\\\/wp-content\\\/uploads\\\/2022\\\/03\\\/cropped-WRL2503.png\",\"contentUrl\":\"https:\\\/\\\/weather-radar-live.com\\\/wp-content\\\/uploads\\\/2022\\\/03\\\/cropped-WRL2503.png\",\"width\":1920,\"height\":555,\"caption\":\"weather-radar-live.com\"},\"image\":{\"@id\":\"https:\\\/\\\/weather-radar-live.com\\\/#\\\/schema\\\/logo\\\/image\\\/\"}}]}<\/script>\n<!-- \/ Yoast SEO plugin. -->","yoast_head_json":{"title":"Webcams ao vivo na It\u00e1lia!","description":"Veja as webcams atuais na It\u00e1lia agora \u2714\ufe0f Webcams em diferentes locais \u2714\ufe0f Em tempo real com previs\u00e3o do tempo!","robots":{"index":"index","follow":"follow","max-snippet":"max-snippet:-1","max-image-preview":"max-image-preview:large","max-video-preview":"max-video-preview:-1"},"canonical":"https:\/\/weather-radar-live.com\/pt-br\/webcam\/italia\/","og_locale":"pt_BR","og_type":"article","og_title":"Webcams ao vivo na It\u00e1lia!","og_description":"Veja as webcams atuais na It\u00e1lia agora \u2714\ufe0f Webcams em diferentes locais \u2714\ufe0f Em tempo real com previs\u00e3o do tempo!","og_url":"https:\/\/weather-radar-live.com\/pt-br\/webcam\/italia\/","og_site_name":"weather-radar-live.com","article_modified_time":"2022-08-03T12:16:06+00:00","og_image":[{"url":"https:\/\/weather-radar-live.com\/wp-content\/uploads\/2022\/07\/Webcam-Italien-scaled.jpg","type":"","width":"","height":""}],"twitter_card":"summary_large_image","twitter_misc":{"Est. tempo de leitura":"2 minutos"},"schema":{"@context":"https:\/\/schema.org","@graph":[{"@type":"WebPage","@id":"https:\/\/weather-radar-live.com\/pt-br\/webcam\/italia\/","url":"https:\/\/weather-radar-live.com\/pt-br\/webcam\/italia\/","name":"Webcams ao vivo na It\u00e1lia!","isPartOf":{"@id":"https:\/\/weather-radar-live.com\/#website"},"primaryImageOfPage":{"@id":"https:\/\/weather-radar-live.com\/pt-br\/webcam\/italia\/#primaryimage"},"image":{"@id":"https:\/\/weather-radar-live.com\/pt-br\/webcam\/italia\/#primaryimage"},"thumbnailUrl":"https:\/\/weather-radar-live.com\/wp-content\/uploads\/2022\/07\/Webcam-Italien-scaled.jpg","datePublished":"2022-07-06T11:42:59+00:00","dateModified":"2022-08-03T12:16:06+00:00","description":"Veja as webcams atuais na It\u00e1lia agora \u2714\ufe0f Webcams em diferentes locais \u2714\ufe0f Em tempo real com previs\u00e3o do tempo!","breadcrumb":{"@id":"https:\/\/weather-radar-live.com\/pt-br\/webcam\/italia\/#breadcrumb"},"inLanguage":"pt-BR","potentialAction":[{"@type":"ReadAction","target":["https:\/\/weather-radar-live.com\/pt-br\/webcam\/italia\/"]}]},{"@type":"ImageObject","inLanguage":"pt-BR","@id":"https:\/\/weather-radar-live.com\/pt-br\/webcam\/italia\/#primaryimage","url":"https:\/\/weather-radar-live.com\/wp-content\/uploads\/2022\/07\/Webcam-Italien-scaled.jpg","contentUrl":"https:\/\/weather-radar-live.com\/wp-content\/uploads\/2022\/07\/Webcam-Italien-scaled.jpg"},{"@type":"BreadcrumbList","@id":"https:\/\/weather-radar-live.com\/pt-br\/webcam\/italia\/#breadcrumb","itemListElement":[{"@type":"ListItem","position":1,"name":"Weather Radar Live","item":"https:\/\/weather-radar-live.com\/pt-br\/"},{"@type":"ListItem","position":2,"name":"Webcam","item":"https:\/\/weather-radar-live.com\/pt-br\/webcam\/"},{"@type":"ListItem","position":3,"name":"It\u00e1lia"}]},{"@type":"WebSite","@id":"https:\/\/weather-radar-live.com\/#website","url":"https:\/\/weather-radar-live.com\/","name":"weather-radar-live.com","description":"Your weather and sky radar.","publisher":{"@id":"https:\/\/weather-radar-live.com\/#organization"},"potentialAction":[{"@type":"SearchAction","target":{"@type":"EntryPoint","urlTemplate":"https:\/\/weather-radar-live.com\/?s={search_term_string}"},"query-input":{"@type":"PropertyValueSpecification","valueRequired":true,"valueName":"search_term_string"}}],"inLanguage":"pt-BR"},{"@type":"Organization","@id":"https:\/\/weather-radar-live.com\/#organization","name":"weather-radar-live.com","url":"https:\/\/weather-radar-live.com\/","logo":{"@type":"ImageObject","inLanguage":"pt-BR","@id":"https:\/\/weather-radar-live.com\/#\/schema\/logo\/image\/","url":"https:\/\/weather-radar-live.com\/wp-content\/uploads\/2022\/03\/cropped-WRL2503.png","contentUrl":"https:\/\/weather-radar-live.com\/wp-content\/uploads\/2022\/03\/cropped-WRL2503.png","width":1920,"height":555,"caption":"weather-radar-live.com"},"image":{"@id":"https:\/\/weather-radar-live.com\/#\/schema\/logo\/image\/"}}]}},"_links":{"self":[{"href":"https:\/\/weather-radar-live.com\/pt-br\/wp-json\/wp\/v2\/pages\/4311","targetHints":{"allow":["GET"]}}],"collection":[{"href":"https:\/\/weather-radar-live.com\/pt-br\/wp-json\/wp\/v2\/pages"}],"about":[{"href":"https:\/\/weather-radar-live.com\/pt-br\/wp-json\/wp\/v2\/types\/page"}],"author":[{"embeddable":true,"href":"https:\/\/weather-radar-live.com\/pt-br\/wp-json\/wp\/v2\/users\/1"}],"replies":[{"embeddable":true,"href":"https:\/\/weather-radar-live.com\/pt-br\/wp-json\/wp\/v2\/comments?post=4311"}],"version-history":[{"count":4,"href":"https:\/\/weather-radar-live.com\/pt-br\/wp-json\/wp\/v2\/pages\/4311\/revisions"}],"predecessor-version":[{"id":6248,"href":"https:\/\/weather-radar-live.com\/pt-br\/wp-json\/wp\/v2\/pages\/4311\/revisions\/6248"}],"up":[{"embeddable":true,"href":"https:\/\/weather-radar-live.com\/pt-br\/wp-json\/wp\/v2\/pages\/4255"}],"wp:attachment":[{"href":"https:\/\/weather-radar-live.com\/pt-br\/wp-json\/wp\/v2\/media?parent=4311"}],"curies":[{"name":"wp","href":"https:\/\/api.w.org\/{rel}","templated":true}]}}