{"id":4255,"date":"2022-02-25T13:48:08","date_gmt":"2022-02-25T12:48:08","guid":{"rendered":"https:\/\/weather-radar-live.com\/webcam\/"},"modified":"2022-07-06T14:03:02","modified_gmt":"2022-07-06T12:03:02","slug":"webcam","status":"publish","type":"page","link":"https:\/\/weather-radar-live.com\/pt-br\/webcam\/","title":{"rendered":"Webcam"},"content":{"rendered":"<div id=\"weath-4111670939\" class=\"weath-vor-dem-inhalt weath-entity-placement\" style=\"margin-top: 15px;margin-right: 25px;margin-bottom: 40px;margin-left: 25px;\"><script async src=\"\/\/pagead2.googlesyndication.com\/pagead\/js\/adsbygoogle.js?client=ca-pub-8960936133935804\" crossorigin=\"anonymous\"><\/script><ins class=\"adsbygoogle\" style=\"display:block;\" data-ad-client=\"ca-pub-8960936133935804\" \ndata-ad-slot=\"6172817020\" \ndata-ad-format=\"auto\"><\/ins>\n<script> \n(adsbygoogle = window.adsbygoogle || []).push({}); \n<\/script>\n<\/div>\n<div class=\"wp-block-cover alignfull\"><span aria-hidden=\"true\" class=\"has-background-dim-60 wp-block-cover__gradient-background has-background-dim\"><\/span><img loading=\"lazy\" decoding=\"async\" width=\"1920\" height=\"507\" class=\"wp-block-cover__image-background wp-image-3218\" alt=\"Webcam\" src=\"https:\/\/weather-radar-live.com\/wp-content\/uploads\/2022\/02\/Webcam.jpg\" style=\"object-position:61% 9%\" data-object-fit=\"cover\" data-object-position=\"61% 9%\" srcset=\"https:\/\/weather-radar-live.com\/wp-content\/uploads\/2022\/02\/Webcam.jpg 1920w, https:\/\/weather-radar-live.com\/wp-content\/uploads\/2022\/02\/Webcam-300x79.jpg 300w, https:\/\/weather-radar-live.com\/wp-content\/uploads\/2022\/02\/Webcam-1024x270.jpg 1024w, https:\/\/weather-radar-live.com\/wp-content\/uploads\/2022\/02\/Webcam-768x203.jpg 768w, https:\/\/weather-radar-live.com\/wp-content\/uploads\/2022\/02\/Webcam-1536x406.jpg 1536w\" sizes=\"auto, (max-width: 1920px) 100vw, 1920px\" \/><div class=\"wp-block-cover__inner-container is-layout-flow wp-block-cover-is-layout-flow\">\n<h2 class=\"has-text-align-center heading has-base-3-color has-text-color wp-block-heading\" id=\"webcam\" style=\"font-size:40px\"><mark style=\"background-color:rgba(0, 0, 0, 0);color:#ffffff\" class=\"has-inline-color\"><strong>WEBCAM<\/strong><\/mark><\/h2>\n<\/div><\/div>\n\n\n<div class=\"yoast-breadcrumbs\"><span><span><a href=\"https:\/\/weather-radar-live.com\/pt-br\/\">Weather Radar Live<\/a><\/span> \u00bb <span class=\"breadcrumb_last\" aria-current=\"page\"><strong>Webcam<\/strong><\/span><\/span><\/div>\n\n\n<h2 class=\"has-text-align-center wp-block-heading\" id=\"webcam-1\"><strong>Webcam<\/strong><\/h2>\n\n\n\n<p>Quer saber como est\u00e1 o tempo l\u00e1? Ent\u00e3o o senhor deveria definitivamente dar uma olhada em nossas webcams ao vivo! Elas lhe dar\u00e3o uma boa vis\u00e3o geral do que est\u00e1 acontecendo localmente e se o radar meteorol\u00f3gico, o radar de chuva, o radar de tempestade e as previs\u00f5es de radar de nuvens se tornaram realidade.<\/p>\n\n\n\n<p>Nossas webcams cobrem \u00e1reas e pa\u00edses de todo o mundo. No primeiro passo, selecione o pa\u00eds e o senhor ter\u00e1 uma vis\u00e3o geral de todas as webcams desse pa\u00eds. No segundo passo, o senhor pode selecionar o local ou a partida e ser\u00e1 levado diretamente \u00e0 p\u00e1gina de s\u00edntese compacta, onde lhe forneceremos uma webcam atual.<\/p><div id=\"weath-2165620091\" class=\"weath-inhalt_2 weath-entity-placement\" style=\"margin-top: 15px;margin-right: 25px;margin-bottom: 35px;margin-left: 25px;\"><script async src=\"\/\/pagead2.googlesyndication.com\/pagead\/js\/adsbygoogle.js?client=ca-pub-8960936133935804\" crossorigin=\"anonymous\"><\/script><ins class=\"adsbygoogle\" style=\"display:block;\" data-ad-client=\"ca-pub-8960936133935804\" \ndata-ad-slot=\"1963584050\" \ndata-ad-format=\"auto\"><\/ins>\n<script> \n(adsbygoogle = window.adsbygoogle || []).push({}); \n<\/script>\n<\/div>\n\n\n\n<p><\/p>\n\n\n\n<p><strong>Agora, selecione o pa\u00eds certo<\/strong>:<\/p>\n\n\n\n<div class=\"wp-block-columns is-layout-flex wp-container-core-columns-is-layout-9d6595d7 wp-block-columns-is-layout-flex\">\n<div class=\"wp-block-column is-layout-flow wp-block-column-is-layout-flow\">\n<div class=\"wp-block-cover\" style=\"min-height:140px;aspect-ratio:unset;\"><span aria-hidden=\"true\" class=\"has-background-dim-70 wp-block-cover__gradient-background has-background-dim\"><\/span><img loading=\"lazy\" decoding=\"async\" width=\"1920\" height=\"1280\" class=\"wp-block-cover__image-background wp-image-3199\" alt=\"\" src=\"https:\/\/weather-radar-live.com\/wp-content\/uploads\/2022\/02\/France.jpg\" data-object-fit=\"cover\" srcset=\"https:\/\/weather-radar-live.com\/wp-content\/uploads\/2022\/02\/France.jpg 1920w, https:\/\/weather-radar-live.com\/wp-content\/uploads\/2022\/02\/France-300x200.jpg 300w, https:\/\/weather-radar-live.com\/wp-content\/uploads\/2022\/02\/France-1024x683.jpg 1024w, https:\/\/weather-radar-live.com\/wp-content\/uploads\/2022\/02\/France-768x512.jpg 768w, https:\/\/weather-radar-live.com\/wp-content\/uploads\/2022\/02\/France-1536x1024.jpg 1536w\" sizes=\"auto, (max-width: 1920px) 100vw, 1920px\" \/><div class=\"wp-block-cover__inner-container is-layout-flow wp-block-cover-is-layout-flow\">\n<p class=\"has-text-align-center has-base-3-color has-text-color has-medium-font-size\"><a href=\"https:\/\/weather-radar-live.com\/pt-br\/franca\/\"><mark style=\"background-color:rgba(0, 0, 0, 0)\" class=\"has-inline-color has-base-3-color\"><strong>FRAN\u00c7A<\/strong><\/mark><\/a><\/p>\n<\/div><\/div>\n\n\n\n<p><\/p>\n<\/div>\n\n\n\n<div class=\"wp-block-column is-layout-flow wp-block-column-is-layout-flow\">\n<div class=\"wp-block-cover\" style=\"min-height:140px;aspect-ratio:unset;\"><span aria-hidden=\"true\" class=\"has-background-dim-70 wp-block-cover__gradient-background has-background-dim\"><\/span><img loading=\"lazy\" decoding=\"async\" width=\"1920\" height=\"1080\" class=\"wp-block-cover__image-background wp-image-4210\" alt=\"\" src=\"https:\/\/weather-radar-live.com\/wp-content\/uploads\/2022\/07\/Webcam-Italien-scaled-e1657108126841.jpg\" data-object-fit=\"cover\"\/><div class=\"wp-block-cover__inner-container is-layout-flow wp-block-cover-is-layout-flow\">\n<p class=\"has-text-align-center has-base-3-color has-text-color has-medium-font-size\"><strong><mark style=\"background-color:rgba(0, 0, 0, 0)\" class=\"has-inline-color has-base-3-color\"><a href=\"https:\/\/weather-radar-live.com\/pt-br\/?page_id=4228\"><mark style=\"background-color:rgba(0, 0, 0, 0)\" class=\"has-inline-color has-base-3-color\"><strong>IT\u00c1LIA<\/strong><\/mark><\/a><\/mark><\/strong><\/p>\n<\/div><\/div>\n<\/div>\n\n\n\n<div class=\"wp-block-column is-layout-flow wp-block-column-is-layout-flow\">\n<div class=\"wp-block-cover\" style=\"min-height:140px;aspect-ratio:unset;\"><span aria-hidden=\"true\" class=\"has-background-dim-70 wp-block-cover__gradient-background has-background-dim\"><\/span><img loading=\"lazy\" decoding=\"async\" width=\"1920\" height=\"1280\" class=\"wp-block-cover__image-background wp-image-3199\" alt=\"\" src=\"https:\/\/weather-radar-live.com\/wp-content\/uploads\/2022\/02\/France.jpg\" data-object-fit=\"cover\" srcset=\"https:\/\/weather-radar-live.com\/wp-content\/uploads\/2022\/02\/France.jpg 1920w, https:\/\/weather-radar-live.com\/wp-content\/uploads\/2022\/02\/France-300x200.jpg 300w, https:\/\/weather-radar-live.com\/wp-content\/uploads\/2022\/02\/France-1024x683.jpg 1024w, https:\/\/weather-radar-live.com\/wp-content\/uploads\/2022\/02\/France-768x512.jpg 768w, https:\/\/weather-radar-live.com\/wp-content\/uploads\/2022\/02\/France-1536x1024.jpg 1536w\" sizes=\"auto, (max-width: 1920px) 100vw, 1920px\" \/><div class=\"wp-block-cover__inner-container is-layout-flow wp-block-cover-is-layout-flow\">\n<p class=\"has-text-align-center has-base-3-color has-text-color has-medium-font-size\"><strong><mark style=\"background-color:rgba(0, 0, 0, 0)\" class=\"has-inline-color has-base-3-color\"><strong><mark style=\"background-color:rgba(0, 0, 0, 0)\" class=\"has-inline-color has-base-3-color\"><a href=\"https:\/\/weather-radar-live.com\/pt-br\/?page_id=4240\"><mark style=\"background-color:rgba(0, 0, 0, 0)\" class=\"has-inline-color has-base-3-color\"><strong>ESPANHA<\/strong><\/mark><\/a><\/mark><\/strong><\/mark><\/strong><\/p>\n<\/div><\/div>\n<\/div>\n<\/div>\n","protected":false},"excerpt":{"rendered":"<p>Webcam Quer saber como est\u00e1 o tempo l\u00e1? Ent\u00e3o o senhor deveria definitivamente dar uma olhada em nossas webcams ao vivo! Elas lhe dar\u00e3o uma boa vis\u00e3o geral do que est\u00e1 acontecendo localmente e se o radar meteorol\u00f3gico, o radar de chuva, o radar de tempestade e as previs\u00f5es de radar de nuvens se tornaram &#8230; <a title=\"Webcam\" class=\"read-more\" href=\"https:\/\/weather-radar-live.com\/pt-br\/webcam\/\" aria-label=\"Read more about Webcam\">Ler mais<\/a><\/p>\n","protected":false},"author":1,"featured_media":0,"parent":0,"menu_order":0,"comment_status":"closed","ping_status":"closed","template":"","meta":{"footnotes":""},"class_list":["post-4255","page","type-page","status-publish"],"yoast_head":"<!-- This site is optimized with the Yoast SEO plugin v27.5 - https:\/\/yoast.com\/product\/yoast-seo-wordpress\/ -->\n<title>Webcams ao vivo!<\/title>\n<meta name=\"description\" content=\"Veja agora as webcams atuais \u2714\ufe0f Webcams de todo o mundo em diferentes pa\u00edses \u2714\ufe0f Em tempo real!\" \/>\n<meta name=\"robots\" content=\"index, follow, max-snippet:-1, max-image-preview:large, max-video-preview:-1\" \/>\n<link rel=\"canonical\" href=\"https:\/\/weather-radar-live.com\/pt-br\/webcam\/\" \/>\n<meta property=\"og:locale\" content=\"pt_BR\" \/>\n<meta property=\"og:type\" content=\"article\" \/>\n<meta property=\"og:title\" content=\"Webcams ao vivo!\" \/>\n<meta property=\"og:description\" content=\"Veja agora as webcams atuais \u2714\ufe0f Webcams de todo o mundo em diferentes pa\u00edses \u2714\ufe0f Em tempo real!\" \/>\n<meta property=\"og:url\" content=\"https:\/\/weather-radar-live.com\/pt-br\/webcam\/\" \/>\n<meta property=\"og:site_name\" content=\"weather-radar-live.com\" \/>\n<meta property=\"article:modified_time\" content=\"2022-07-06T12:03:02+00:00\" \/>\n<meta property=\"og:image\" content=\"https:\/\/weather-radar-live.com\/wp-content\/uploads\/2022\/02\/Webcam.jpg\" \/>\n<meta name=\"twitter:card\" content=\"summary_large_image\" \/>\n<meta name=\"twitter:label1\" content=\"Est. tempo de leitura\" \/>\n\t<meta name=\"twitter:data1\" content=\"2 minutos\" \/>\n<script type=\"application\/ld+json\" class=\"yoast-schema-graph\">{\"@context\":\"https:\\\/\\\/schema.org\",\"@graph\":[{\"@type\":\"WebPage\",\"@id\":\"https:\\\/\\\/weather-radar-live.com\\\/pt-br\\\/webcam\\\/\",\"url\":\"https:\\\/\\\/weather-radar-live.com\\\/pt-br\\\/webcam\\\/\",\"name\":\"Webcams ao vivo!\",\"isPartOf\":{\"@id\":\"https:\\\/\\\/weather-radar-live.com\\\/#website\"},\"primaryImageOfPage\":{\"@id\":\"https:\\\/\\\/weather-radar-live.com\\\/pt-br\\\/webcam\\\/#primaryimage\"},\"image\":{\"@id\":\"https:\\\/\\\/weather-radar-live.com\\\/pt-br\\\/webcam\\\/#primaryimage\"},\"thumbnailUrl\":\"https:\\\/\\\/weather-radar-live.com\\\/wp-content\\\/uploads\\\/2022\\\/02\\\/Webcam.jpg\",\"datePublished\":\"2022-02-25T12:48:08+00:00\",\"dateModified\":\"2022-07-06T12:03:02+00:00\",\"description\":\"Veja agora as webcams atuais \u2714\ufe0f Webcams de todo o mundo em diferentes pa\u00edses \u2714\ufe0f Em tempo real!\",\"breadcrumb\":{\"@id\":\"https:\\\/\\\/weather-radar-live.com\\\/pt-br\\\/webcam\\\/#breadcrumb\"},\"inLanguage\":\"pt-BR\",\"potentialAction\":[{\"@type\":\"ReadAction\",\"target\":[\"https:\\\/\\\/weather-radar-live.com\\\/pt-br\\\/webcam\\\/\"]}]},{\"@type\":\"ImageObject\",\"inLanguage\":\"pt-BR\",\"@id\":\"https:\\\/\\\/weather-radar-live.com\\\/pt-br\\\/webcam\\\/#primaryimage\",\"url\":\"https:\\\/\\\/weather-radar-live.com\\\/wp-content\\\/uploads\\\/2022\\\/02\\\/Webcam.jpg\",\"contentUrl\":\"https:\\\/\\\/weather-radar-live.com\\\/wp-content\\\/uploads\\\/2022\\\/02\\\/Webcam.jpg\"},{\"@type\":\"BreadcrumbList\",\"@id\":\"https:\\\/\\\/weather-radar-live.com\\\/pt-br\\\/webcam\\\/#breadcrumb\",\"itemListElement\":[{\"@type\":\"ListItem\",\"position\":1,\"name\":\"Weather Radar Live\",\"item\":\"https:\\\/\\\/weather-radar-live.com\\\/pt-br\\\/\"},{\"@type\":\"ListItem\",\"position\":2,\"name\":\"Webcam\"}]},{\"@type\":\"WebSite\",\"@id\":\"https:\\\/\\\/weather-radar-live.com\\\/#website\",\"url\":\"https:\\\/\\\/weather-radar-live.com\\\/\",\"name\":\"weather-radar-live.com\",\"description\":\"Your weather and sky radar.\",\"publisher\":{\"@id\":\"https:\\\/\\\/weather-radar-live.com\\\/#organization\"},\"potentialAction\":[{\"@type\":\"SearchAction\",\"target\":{\"@type\":\"EntryPoint\",\"urlTemplate\":\"https:\\\/\\\/weather-radar-live.com\\\/?s={search_term_string}\"},\"query-input\":{\"@type\":\"PropertyValueSpecification\",\"valueRequired\":true,\"valueName\":\"search_term_string\"}}],\"inLanguage\":\"pt-BR\"},{\"@type\":\"Organization\",\"@id\":\"https:\\\/\\\/weather-radar-live.com\\\/#organization\",\"name\":\"weather-radar-live.com\",\"url\":\"https:\\\/\\\/weather-radar-live.com\\\/\",\"logo\":{\"@type\":\"ImageObject\",\"inLanguage\":\"pt-BR\",\"@id\":\"https:\\\/\\\/weather-radar-live.com\\\/#\\\/schema\\\/logo\\\/image\\\/\",\"url\":\"https:\\\/\\\/weather-radar-live.com\\\/wp-content\\\/uploads\\\/2022\\\/03\\\/cropped-WRL2503.png\",\"contentUrl\":\"https:\\\/\\\/weather-radar-live.com\\\/wp-content\\\/uploads\\\/2022\\\/03\\\/cropped-WRL2503.png\",\"width\":1920,\"height\":555,\"caption\":\"weather-radar-live.com\"},\"image\":{\"@id\":\"https:\\\/\\\/weather-radar-live.com\\\/#\\\/schema\\\/logo\\\/image\\\/\"}}]}<\/script>\n<!-- \/ Yoast SEO plugin. -->","yoast_head_json":{"title":"Webcams ao vivo!","description":"Veja agora as webcams atuais \u2714\ufe0f Webcams de todo o mundo em diferentes pa\u00edses \u2714\ufe0f Em tempo real!","robots":{"index":"index","follow":"follow","max-snippet":"max-snippet:-1","max-image-preview":"max-image-preview:large","max-video-preview":"max-video-preview:-1"},"canonical":"https:\/\/weather-radar-live.com\/pt-br\/webcam\/","og_locale":"pt_BR","og_type":"article","og_title":"Webcams ao vivo!","og_description":"Veja agora as webcams atuais \u2714\ufe0f Webcams de todo o mundo em diferentes pa\u00edses \u2714\ufe0f Em tempo real!","og_url":"https:\/\/weather-radar-live.com\/pt-br\/webcam\/","og_site_name":"weather-radar-live.com","article_modified_time":"2022-07-06T12:03:02+00:00","og_image":[{"url":"https:\/\/weather-radar-live.com\/wp-content\/uploads\/2022\/02\/Webcam.jpg","type":"","width":"","height":""}],"twitter_card":"summary_large_image","twitter_misc":{"Est. tempo de leitura":"2 minutos"},"schema":{"@context":"https:\/\/schema.org","@graph":[{"@type":"WebPage","@id":"https:\/\/weather-radar-live.com\/pt-br\/webcam\/","url":"https:\/\/weather-radar-live.com\/pt-br\/webcam\/","name":"Webcams ao vivo!","isPartOf":{"@id":"https:\/\/weather-radar-live.com\/#website"},"primaryImageOfPage":{"@id":"https:\/\/weather-radar-live.com\/pt-br\/webcam\/#primaryimage"},"image":{"@id":"https:\/\/weather-radar-live.com\/pt-br\/webcam\/#primaryimage"},"thumbnailUrl":"https:\/\/weather-radar-live.com\/wp-content\/uploads\/2022\/02\/Webcam.jpg","datePublished":"2022-02-25T12:48:08+00:00","dateModified":"2022-07-06T12:03:02+00:00","description":"Veja agora as webcams atuais \u2714\ufe0f Webcams de todo o mundo em diferentes pa\u00edses \u2714\ufe0f Em tempo real!","breadcrumb":{"@id":"https:\/\/weather-radar-live.com\/pt-br\/webcam\/#breadcrumb"},"inLanguage":"pt-BR","potentialAction":[{"@type":"ReadAction","target":["https:\/\/weather-radar-live.com\/pt-br\/webcam\/"]}]},{"@type":"ImageObject","inLanguage":"pt-BR","@id":"https:\/\/weather-radar-live.com\/pt-br\/webcam\/#primaryimage","url":"https:\/\/weather-radar-live.com\/wp-content\/uploads\/2022\/02\/Webcam.jpg","contentUrl":"https:\/\/weather-radar-live.com\/wp-content\/uploads\/2022\/02\/Webcam.jpg"},{"@type":"BreadcrumbList","@id":"https:\/\/weather-radar-live.com\/pt-br\/webcam\/#breadcrumb","itemListElement":[{"@type":"ListItem","position":1,"name":"Weather Radar Live","item":"https:\/\/weather-radar-live.com\/pt-br\/"},{"@type":"ListItem","position":2,"name":"Webcam"}]},{"@type":"WebSite","@id":"https:\/\/weather-radar-live.com\/#website","url":"https:\/\/weather-radar-live.com\/","name":"weather-radar-live.com","description":"Your weather and sky radar.","publisher":{"@id":"https:\/\/weather-radar-live.com\/#organization"},"potentialAction":[{"@type":"SearchAction","target":{"@type":"EntryPoint","urlTemplate":"https:\/\/weather-radar-live.com\/?s={search_term_string}"},"query-input":{"@type":"PropertyValueSpecification","valueRequired":true,"valueName":"search_term_string"}}],"inLanguage":"pt-BR"},{"@type":"Organization","@id":"https:\/\/weather-radar-live.com\/#organization","name":"weather-radar-live.com","url":"https:\/\/weather-radar-live.com\/","logo":{"@type":"ImageObject","inLanguage":"pt-BR","@id":"https:\/\/weather-radar-live.com\/#\/schema\/logo\/image\/","url":"https:\/\/weather-radar-live.com\/wp-content\/uploads\/2022\/03\/cropped-WRL2503.png","contentUrl":"https:\/\/weather-radar-live.com\/wp-content\/uploads\/2022\/03\/cropped-WRL2503.png","width":1920,"height":555,"caption":"weather-radar-live.com"},"image":{"@id":"https:\/\/weather-radar-live.com\/#\/schema\/logo\/image\/"}}]}},"_links":{"self":[{"href":"https:\/\/weather-radar-live.com\/pt-br\/wp-json\/wp\/v2\/pages\/4255","targetHints":{"allow":["GET"]}}],"collection":[{"href":"https:\/\/weather-radar-live.com\/pt-br\/wp-json\/wp\/v2\/pages"}],"about":[{"href":"https:\/\/weather-radar-live.com\/pt-br\/wp-json\/wp\/v2\/types\/page"}],"author":[{"embeddable":true,"href":"https:\/\/weather-radar-live.com\/pt-br\/wp-json\/wp\/v2\/users\/1"}],"replies":[{"embeddable":true,"href":"https:\/\/weather-radar-live.com\/pt-br\/wp-json\/wp\/v2\/comments?post=4255"}],"version-history":[{"count":2,"href":"https:\/\/weather-radar-live.com\/pt-br\/wp-json\/wp\/v2\/pages\/4255\/revisions"}],"predecessor-version":[{"id":4278,"href":"https:\/\/weather-radar-live.com\/pt-br\/wp-json\/wp\/v2\/pages\/4255\/revisions\/4278"}],"wp:attachment":[{"href":"https:\/\/weather-radar-live.com\/pt-br\/wp-json\/wp\/v2\/media?parent=4255"}],"curies":[{"name":"wp","href":"https:\/\/api.w.org\/{rel}","templated":true}]}}