{"id":1511,"date":"2021-11-08T08:40:45","date_gmt":"2021-11-08T07:40:45","guid":{"rendered":"https:\/\/weather-radar-live.com\/?page_id=1511"},"modified":"2021-11-22T16:26:24","modified_gmt":"2021-11-22T15:26:24","slug":"terremoto","status":"publish","type":"page","link":"https:\/\/weather-radar-live.com\/pt-br\/terremoto\/","title":{"rendered":"Terremoto"},"content":{"rendered":"<div id=\"weath-4028611287\" class=\"weath-vor-dem-inhalt weath-entity-placement\" style=\"margin-top: 15px;margin-right: 25px;margin-bottom: 40px;margin-left: 25px;\"><script async src=\"\/\/pagead2.googlesyndication.com\/pagead\/js\/adsbygoogle.js?client=ca-pub-8960936133935804\" crossorigin=\"anonymous\"><\/script><ins class=\"adsbygoogle\" style=\"display:block;\" data-ad-client=\"ca-pub-8960936133935804\" \ndata-ad-slot=\"6172817020\" \ndata-ad-format=\"auto\"><\/ins>\n<script> \n(adsbygoogle = window.adsbygoogle || []).push({}); \n<\/script>\n<\/div>\n<div class=\"wp-block-cover alignfull has-background-dim-30 has-background-dim\"><img loading=\"lazy\" decoding=\"async\" width=\"1707\" height=\"998\" class=\"wp-block-cover__image-background wp-image-1434\" alt=\"\" src=\"https:\/\/weather-radar-live.com\/wp-content\/uploads\/2021\/11\/Earthquake-scaled-e1636195296356.jpg\" style=\"object-position:61% 9%\" data-object-fit=\"cover\" data-object-position=\"61% 9%\" srcset=\"https:\/\/weather-radar-live.com\/wp-content\/uploads\/2021\/11\/Earthquake-scaled-e1636195296356.jpg 1707w, https:\/\/weather-radar-live.com\/wp-content\/uploads\/2021\/11\/Earthquake-scaled-e1636195296356-300x175.jpg 300w, https:\/\/weather-radar-live.com\/wp-content\/uploads\/2021\/11\/Earthquake-scaled-e1636195296356-1024x599.jpg 1024w, https:\/\/weather-radar-live.com\/wp-content\/uploads\/2021\/11\/Earthquake-scaled-e1636195296356-768x449.jpg 768w, https:\/\/weather-radar-live.com\/wp-content\/uploads\/2021\/11\/Earthquake-scaled-e1636195296356-1536x898.jpg 1536w\" sizes=\"auto, (max-width: 1707px) 100vw, 1707px\" \/><div class=\"wp-block-cover__inner-container is-layout-flow wp-block-cover-is-layout-flow\">\n<h2 class=\"has-text-align-center heading wp-block-heading\" style=\"font-size:55px\"><span style=\"color:#f59800\" class=\"has-inline-color\"><strong>TERREMOTO<\/strong><\/span><\/h2>\n<\/div><\/div>\n\n\n<h2 style=\"text-align: center;\"><span style=\"color: #f59800;\"><b>Mapa de terremotos ao vivo &#8211; Onde est\u00e3o os terremotos perto de mim?<\/b><\/span><\/h2>\n<p>Em nosso planeta h\u00e1 muitas \u00e1reas s\u00edsmicas onde a terra treme regularmente. Esses terremotos s\u00e3o muito perigosos. Por um lado, podem danificar ou mesmo destruir completamente casas e edif\u00edcios. Outro grande perigo vem das ondas de mar\u00e9, que podem ocorrer durante um terremoto submarino. Essas ondas de mar\u00e9 destru\u00edram grandes \u00e1reas na Indon\u00e9sia em 2004 e no Jap\u00e3o em 2011, e at\u00e9 causaram uma super-GAU em Fukushima, Jap\u00e3o, porque o reator nuclear de uma usina nuclear n\u00e3o p\u00f4de mais ser resfriado o suficiente e explodiu como resultado.<\/p>\n<p>Por essa raz\u00e3o, \u00e9 essencial estar sempre bem preparado para um terremoto. Muitas vezes um terremoto se anuncia com anteced\u00eancia. Em nosso mapa s\u00edsmico o senhor pode ver em tempo real onde no mundo ocorreu ou ocorreu um terremoto na \u00faltima vez. Mostramos-lhe tamb\u00e9m que op\u00e7\u00f5es o senhor tem com o mapa s\u00edsmico. O senhor est\u00e1 pronto para descobrir os terremotos deste mundo?<\/p><div id=\"weath-2793302350\" class=\"weath-inhalt_2 weath-entity-placement\" style=\"margin-top: 15px;margin-right: 25px;margin-bottom: 35px;margin-left: 25px;\"><script async src=\"\/\/pagead2.googlesyndication.com\/pagead\/js\/adsbygoogle.js?client=ca-pub-8960936133935804\" crossorigin=\"anonymous\"><\/script><ins class=\"adsbygoogle\" style=\"display:block;\" data-ad-client=\"ca-pub-8960936133935804\" \ndata-ad-slot=\"1963584050\" \ndata-ad-format=\"auto\"><\/ins>\n<script> \n(adsbygoogle = window.adsbygoogle || []).push({}); \n<\/script>\n<\/div>\n\n\n<iframe loading=\"lazy\" width=\"1300\" height=\"600\" src=\"https:\/\/www.cisn.org\/map\/\"><\/iframe>\n\n\n\n<p class=\"has-text-align-center\"><sup>O mapa dos terremotos ao vivo lhe mostrar\u00e1 os terremotos que ocorreram na \u00faltima hora, nas \u00faltimas 24 horas e nos \u00faltimos 7 dias. O tamanho dos c\u00edrculos aumenta com a for\u00e7a do terremoto.<\/sup><\/p>\n\n\n\n<div style=\"height:40px\" aria-hidden=\"true\" class=\"wp-block-spacer\"><\/div>\n\n\n<h2 style=\"text-align: center;\"><span style=\"color: #f59800;\"><b>H\u00e1 algum terremoto nas proximidades neste momento? Onde ocorreu um terremoto nas \u00faltimas horas e nos \u00faltimos dias? Como ler o mapa vivo do terremoto?<\/b><\/span><\/h2>\n<p>No mapa, o epicentro do terremoto \u00e9 indicado com a ajuda de um c\u00edrculo. O epicentro \u00e9 o lugar onde o terremoto foi mais forte. Esse local est\u00e1 diretamente acima do foco do terremoto. Quanto maior o c\u00edrculo aparece no mapa, mais forte foi o terremoto. Isso permite que o senhor veja de relance qu\u00e3o forte foi o terremoto sem ter que clicar ou tocar no terremoto.<\/p>\n<p><strong>A cor do c\u00edrculo d\u00e1 ao senhor informa\u00e7\u00f5es sobre a idade do terremoto:<\/strong><\/p>\n<ul>\n<li><span style=\"color: #de0000;\"><strong>Vermelha:<\/strong><\/span> Esse terremoto ocorreu em tempo real ou n\u00e3o tem mais de uma hora de exist\u00eancia.<\/li>\n<li><span style=\"color: #5962ad;\"><strong>Azul:<\/strong> <\/span>Os terremotos marcados com um ponto azul t\u00eam mais de uma hora e at\u00e9 24 horas de idade.<\/li>\n<li><span style=\"color: #f7f277;\"><strong>Amarelo:<\/strong><\/span> Esses terremotos t\u00eam mais de 24 horas, mas n\u00e3o mais de 7 dias de idade.<\/li>\n<\/ul>\n<p>Clicando ou batendo no c\u00edrculo (o terremoto), o senhor receber\u00e1 mais informa\u00e7\u00f5es sobre a <strong>magnitude do<\/strong> terremoto, a <strong>hora exata<\/strong>, a <strong>profundidade do epicentro<\/strong> e a <strong>localiza\u00e7\u00e3o da cidade principal mais pr\u00f3xima<\/strong>.<\/p>\n<p><\/p>\n<h2 style=\"text-align: center;\"><span style=\"color: #f59800;\"><b>Eis o que o senhor deve saber sobre os terremotos:<\/b><\/span><\/h2>\n<h3><span style=\"color: #f59800;\"><strong>O que s\u00e3o terremotos?<\/strong><\/span><\/h3>\n<p>Um terremoto \u00e9 o tremor de terra que ocorre quando a crosta terrestre se desloca. Esses tremores ocorrem quando as placas da terra se deslocam, liberando de repente energia. No total, a crosta terrestre consiste em sete grandes placas, que tamb\u00e9m s\u00e3o chamadas de placas continentais. Al\u00e9m das placas continentais, h\u00e1 mais de 50 placas menores. O grande n\u00famero de placas significa que os terremotos ocorrem regularmente. No entanto, a maioria dos terremotos n\u00e3o \u00e9 notada por n\u00f3s, humanos, por serem t\u00e3o fracos.<\/p>\n<h3><span style=\"color: #f59800;\"><strong>H\u00e1 algum terremoto perto de mim neste momento?<\/strong><\/span><\/h3>\n<p>Os terremotos ocorrem com particular freq\u00fc\u00eancia nos limites das placas. Como j\u00e1 mencionei, a maioria dos terremotos s\u00f3 pode ser medida com dispositivos especiais, os sism\u00f3grafos. Somente a partir de uma for\u00e7a de 3 na escala de magnitude ou Richter \u00e9 que um terremoto se torna percept\u00edvel. Para que isso aconte\u00e7a, por\u00e9m, \u00e9 preciso que o senhor tamb\u00e9m esteja diretamente acima do epicentro do terremoto. Se o senhor quiser saber se h\u00e1 um terremoto em sua regi\u00e3o, deve manter os olhos abertos para um c\u00edrculo vermelho no mapa vivo do terremoto. Se isso aparecer no mapa, o senhor tem certeza de que um terremoto acaba de ocorrer perto de si ou que ocorreu nos \u00faltimos 60 minutos.<\/p>\n<h3><span style=\"color: #f59800;\"><strong>Por que ocorrem terremotos?<\/strong><\/span><\/h3>\n<p>Um terremoto quase sempre ocorre bem no limite de duas placas continentais. Essas placas est\u00e3o em constante movimento e se esfregam uma contra a outra. Nessas placas, os limites das placas tamb\u00e9m surgem freq\u00fcentemente <a href=\"https:\/\/weather-radar-live.com\/pt-br\/vulcao-em-erupcao\/\"><strong>Vulc\u00f5es<\/strong><\/a>. No entanto, o movimento das placas n\u00e3o ocorre de maneira uniforme e cria uma tens\u00e3o muito grande. Em algum momento, essa tens\u00e3o entre as placas se torna t\u00e3o grande que n\u00e3o pode mais ser mantida e \u00e9 liberada em um piscar de olhos. Como resultado, as placas da Terra se deslocam imediatamente, liberando uma quantidade muito grande de energia que se manifesta na forma de um terremoto.<\/p>\n<h3><span style=\"color: #f59800;\"><strong>At\u00e9 que ponto \u00e9 sentido um terremoto?<\/strong><\/span><\/h3>\n<p>Quando um terremoto atinge uma magnitude superior a 7 na escala de Richter, o tremor ainda pode ser sentido a v\u00e1rios milhares de quil\u00f4metros de dist\u00e2ncia. No caso de um terremoto de magnitude igual ou superior a 9, grandes partes do pa\u00eds s\u00e3o at\u00e9 severamente destru\u00eddas num raio de 1.000 quil\u00f4metros. Entretanto, um terremoto t\u00e3o forte s\u00f3 ocorre, em m\u00e9dia, a cada 30-40 anos.<\/p>\n<p><\/p>\n\n\n<div class=\"wp-block-cover alignfull has-background-dim-40 has-background-dim\"><img loading=\"lazy\" decoding=\"async\" width=\"1707\" height=\"998\" class=\"wp-block-cover__image-background wp-image-1434\" alt=\"\" src=\"https:\/\/weather-radar-live.com\/wp-content\/uploads\/2021\/11\/Earthquake-scaled-e1636195296356.jpg\" data-object-fit=\"cover\" srcset=\"https:\/\/weather-radar-live.com\/wp-content\/uploads\/2021\/11\/Earthquake-scaled-e1636195296356.jpg 1707w, https:\/\/weather-radar-live.com\/wp-content\/uploads\/2021\/11\/Earthquake-scaled-e1636195296356-300x175.jpg 300w, https:\/\/weather-radar-live.com\/wp-content\/uploads\/2021\/11\/Earthquake-scaled-e1636195296356-1024x599.jpg 1024w, https:\/\/weather-radar-live.com\/wp-content\/uploads\/2021\/11\/Earthquake-scaled-e1636195296356-768x449.jpg 768w, https:\/\/weather-radar-live.com\/wp-content\/uploads\/2021\/11\/Earthquake-scaled-e1636195296356-1536x898.jpg 1536w\" sizes=\"auto, (max-width: 1707px) 100vw, 1707px\" \/><div class=\"wp-block-cover__inner-container is-layout-flow wp-block-cover-is-layout-flow\">\n<p><\/p>\n\n\n\n<p class=\"has-text-align-center\" id=\"Teppichklopfen\" style=\"font-size:35px\"><strong><strong>V\u00cdDEOS do terremoto e de<\/strong>uma onda de tsunami!<\/strong><\/p>\n\n\n\n<div class=\"wp-block-columns is-layout-flex wp-container-core-columns-is-layout-9d6595d7 wp-block-columns-is-layout-flex\">\n<div class=\"wp-block-column is-layout-flow wp-block-column-is-layout-flow\" style=\"flex-basis:25%\"><\/div>\n\n\n\n<div class=\"wp-block-column is-layout-flow wp-block-column-is-layout-flow\" style=\"flex-basis:50%\"><\/div>\n\n\n\n<div class=\"wp-block-column is-layout-flow wp-block-column-is-layout-flow\" style=\"flex-basis:25%\"><\/div>\n<\/div>\n\n\n\n<div class=\"wp-block-columns is-layout-flex wp-container-core-columns-is-layout-9d6595d7 wp-block-columns-is-layout-flex\">\n<div class=\"wp-block-column is-layout-flow wp-block-column-is-layout-flow\">\n<figure class=\"wp-block-embed is-type-video is-provider-youtube wp-block-embed-youtube wp-embed-aspect-16-9 wp-has-aspect-ratio\"><div class=\"wp-block-embed__wrapper\">\n<iframe loading=\"lazy\" title=\"Buildings Swaying 9.1 Earthquake -  Scary Footage [Historical Speeches TV]\" width=\"1200\" height=\"675\" src=\"https:\/\/www.youtube.com\/embed\/2t2xxKMN-Ic?feature=oembed\" frameborder=\"0\" allow=\"accelerometer; autoplay; clipboard-write; encrypted-media; gyroscope; picture-in-picture\" allowfullscreen><\/iframe>\n<\/div><\/figure>\n<\/div>\n\n\n\n<div class=\"wp-block-column is-layout-flow wp-block-column-is-layout-flow\">\n<figure class=\"wp-block-embed is-type-video is-provider-youtube wp-block-embed-youtube wp-embed-aspect-16-9 wp-has-aspect-ratio\"><div class=\"wp-block-embed__wrapper\">\n<iframe loading=\"lazy\" title=\"Japan, Tsunami. Coast Guard ship rides over the tsunami waves. \u65e5\u672c - \u6d25\u6ce2\" width=\"1200\" height=\"675\" src=\"https:\/\/www.youtube.com\/embed\/-VcWF8dIDj4?feature=oembed\" frameborder=\"0\" allow=\"accelerometer; autoplay; clipboard-write; encrypted-media; gyroscope; picture-in-picture\" allowfullscreen><\/iframe>\n<\/div><\/figure>\n<\/div>\n<\/div>\n<\/div><\/div>\n\n\n<h3><span style=\"color: #f59800;\"><strong>Que unidade \u00e9 usada para medir a magnitude de um terremoto? (Magnitude e escala Richter)<\/strong><\/span><\/h3>\n<p>Em conex\u00e3o com a magnitude de um terremoto, uma escala em particular vem \u00e0 tona: a escala Richter. Nomeado depois de seu inventor e sism\u00f3logo Charles Francis Richter, ele \u00e9 usado para medir a magnitude de um terremoto. Essa escala de magnitude, freq\u00fcentemente chamada de escala Richter, cobre uma faixa de magnitude de at\u00e9 10, mas o terremoto mais forte s\u00f3 pode ter uma magnitude de 9,5 porque a crosta terrestre n\u00e3o pode armazenar e ent\u00e3o liberar mais energia.<\/p>\n<h3><span style=\"color: #f59800;\"><strong>Que dist\u00e2ncia as ondas do tsunami podem percorrer depois de um terremoto?<\/strong><\/span><\/h3>\n<p>Um perigo muito grande vem n\u00e3o s\u00f3 do pr\u00f3prio terremoto, mas tamb\u00e9m das ondas de tsunami resultantes. Elas s\u00e3o geradas durante um terremoto submarino quando o fundo do mar se eleva abruptamente, deslocando as massas de \u00e1gua. Esse impulso d\u00e1 origem a uma onda de tsunami que atravessa o oceano quase sem ser notada, atingindo velocidades de mais de 800 quil\u00f4metros por hora. Somente perto da costa se desenvolvem ondas vis\u00edveis, j\u00e1 que a \u00e1gua \u00e9 represada pela profundidade do mar que se afunda. As ondas podem percorrer dist\u00e2ncias de v\u00e1rios milhares de quil\u00f4metros em poucas horas. No passado, por exemplo, ondas menores de tsunami geradas por um maremoto no Jap\u00e3o chegaram \u00e0 costa oeste dos Estados Unidos depois de algumas horas e causaram pequenos danos.<\/p>\n<h3><strong><span style=\"color: #f59800;\">Quantos terremotos ocorrem a cada ano?<\/span><\/strong><\/h3>\n<p>H\u00e1 at\u00e9 140.000 terremotos dentro de um ano. Esse n\u00famero inclui os terremotos que s\u00e3o sentidos pelos seres humanos. O n\u00famero de terremotos que n\u00e3o s\u00e3o sentidos \u00e9 provavelmente muito maior, mas n\u00e3o \u00e9 conhecido.<\/p>\n<h3><strong><span style=\"color: #f59800;\">Como s\u00e3o constru\u00eddos os edif\u00edcios resistentes aos terremotos?<\/span><\/strong><\/h3>\n<p>H\u00e1 v\u00e1rias abordagens para a constru\u00e7\u00e3o de edif\u00edcios resistentes a terremotos. Uma maneira \u00e9 construir a casa sobre uma grande laje de ch\u00e3o com um grande almofada de ar embaixo. Quando um terremoto \u00e9 registrado, o colch\u00e3o de ar influi, empurrando a casa at\u00e9 3 cent\u00edmetros no ar e assim absorvendo os tremores de terra. Al\u00e9m disso, amortecedores de vibra\u00e7\u00e3o na funda\u00e7\u00e3o e, no caso de arranha-c\u00e9us, grandes p\u00eandulos tamb\u00e9m s\u00e3o usados para absorver (absorver) os movimentos do solo.<\/p>\n<h3><span style=\"color: #f59800;\"><strong>O que devo fazer no caso de um terremoto?<\/strong><\/span><\/h3>\n<p>Se o senhor estiver dentro de uma casa durante um terremoto, deve procurar imediatamente um abrigo contra a queda de objetos e esconder-se debaixo de uma mesa robusta, por exemplo. O senhor tamb\u00e9m deve manter dist\u00e2ncia suficiente das janelas, pois elas podem estilha\u00e7ar e causar ferimentos. Em nenhuma circunst\u00e2ncia devem ser usados elevadores ou escadas durante o terremoto. Ao inv\u00e9s disso, procure abrigo, como descrito acima, e n\u00e3o deixe o edif\u00edcio em p\u00e2nico.<\/p>\n<p>Se o senhor estiver fora de um edif\u00edcio, definitivamente n\u00e3o deve procurar abrigo em um edif\u00edcio, mas manter dist\u00e2ncia suficiente deles. Al\u00e9m disso, devem-se evitar postes de energia, pontes, \u00e1rvores e linhas costeiras.<\/p>\n<p>Muitas vezes, depois de um terremoto, outros tremores de terra podem se seguir. Por essa raz\u00e3o, as medidas de prote\u00e7\u00e3o descritas acima devem ser seguidas por um longo per\u00edodo de tempo (v\u00e1rios minutos).<\/p>\n<h3><span style=\"color: #f59800;\"><strong>Como o senhor mede um terremoto?<\/strong><\/span><\/h3>\n<p>A for\u00e7a de um terremoto \u00e9 medida com a ajuda de um sism\u00f3grafo. Isso indica a for\u00e7a usando a escala de Magnitude\/Richter.<\/p>","protected":false},"excerpt":{"rendered":"<p>Mapa de terremotos ao vivo &#8211; Onde est\u00e3o os terremotos perto de mim? Em nosso planeta h\u00e1 muitas \u00e1reas s\u00edsmicas onde a terra treme regularmente. Esses terremotos s\u00e3o muito perigosos. Por um lado, podem danificar ou mesmo destruir completamente casas e edif\u00edcios. Outro grande perigo vem das ondas de mar\u00e9, que podem ocorrer durante um &#8230; <a title=\"Terremoto\" class=\"read-more\" href=\"https:\/\/weather-radar-live.com\/pt-br\/terremoto\/\" aria-label=\"Read more about Terremoto\">Ler mais<\/a><\/p>\n","protected":false},"author":1,"featured_media":0,"parent":0,"menu_order":0,"comment_status":"closed","ping_status":"closed","template":"","meta":{"footnotes":""},"class_list":["post-1511","page","type-page","status-publish"],"yoast_head":"<!-- This site is optimized with the Yoast SEO plugin v27.5 - https:\/\/yoast.com\/product\/yoast-seo-wordpress\/ -->\n<title>Terremoto \ud83d\udca5 Onde est\u00e3o os terremotos?<\/title>\n<meta name=\"description\" content=\"H\u00e1 um terremoto perto de mim? \u2714\ufe0f Veja o mapa ao vivo dos terremotos e descubra onde houve terremotos recentes!\" \/>\n<meta name=\"robots\" content=\"index, follow, max-snippet:-1, max-image-preview:large, max-video-preview:-1\" \/>\n<link rel=\"canonical\" href=\"https:\/\/weather-radar-live.com\/pt-br\/terremoto\/\" \/>\n<meta property=\"og:locale\" content=\"pt_BR\" \/>\n<meta property=\"og:type\" content=\"article\" \/>\n<meta property=\"og:title\" content=\"Terremoto \ud83d\udca5 Onde est\u00e3o os terremotos?\" \/>\n<meta property=\"og:description\" content=\"H\u00e1 um terremoto perto de mim? \u2714\ufe0f Veja o mapa ao vivo dos terremotos e descubra onde houve terremotos recentes!\" \/>\n<meta property=\"og:url\" content=\"https:\/\/weather-radar-live.com\/pt-br\/terremoto\/\" \/>\n<meta property=\"og:site_name\" content=\"weather-radar-live.com\" \/>\n<meta property=\"article:modified_time\" content=\"2021-11-22T15:26:24+00:00\" \/>\n<meta property=\"og:image\" content=\"https:\/\/weather-radar-live.com\/wp-content\/uploads\/2021\/11\/Earthquake-scaled-e1636195296356.jpg\" \/>\n<meta name=\"twitter:card\" content=\"summary_large_image\" \/>\n<meta name=\"twitter:label1\" content=\"Est. tempo de leitura\" \/>\n\t<meta name=\"twitter:data1\" content=\"7 minutos\" \/>\n<script type=\"application\/ld+json\" class=\"yoast-schema-graph\">{\"@context\":\"https:\\\/\\\/schema.org\",\"@graph\":[{\"@type\":\"WebPage\",\"@id\":\"https:\\\/\\\/weather-radar-live.com\\\/pt-br\\\/terremoto\\\/\",\"url\":\"https:\\\/\\\/weather-radar-live.com\\\/pt-br\\\/terremoto\\\/\",\"name\":\"Terremoto \ud83d\udca5 Onde est\u00e3o os terremotos?\",\"isPartOf\":{\"@id\":\"https:\\\/\\\/weather-radar-live.com\\\/#website\"},\"primaryImageOfPage\":{\"@id\":\"https:\\\/\\\/weather-radar-live.com\\\/pt-br\\\/terremoto\\\/#primaryimage\"},\"image\":{\"@id\":\"https:\\\/\\\/weather-radar-live.com\\\/pt-br\\\/terremoto\\\/#primaryimage\"},\"thumbnailUrl\":\"https:\\\/\\\/weather-radar-live.com\\\/wp-content\\\/uploads\\\/2021\\\/11\\\/Earthquake-scaled-e1636195296356.jpg\",\"datePublished\":\"2021-11-08T07:40:45+00:00\",\"dateModified\":\"2021-11-22T15:26:24+00:00\",\"description\":\"H\u00e1 um terremoto perto de mim? \u2714\ufe0f Veja o mapa ao vivo dos terremotos e descubra onde houve terremotos recentes!\",\"breadcrumb\":{\"@id\":\"https:\\\/\\\/weather-radar-live.com\\\/pt-br\\\/terremoto\\\/#breadcrumb\"},\"inLanguage\":\"pt-BR\",\"potentialAction\":[{\"@type\":\"ReadAction\",\"target\":[\"https:\\\/\\\/weather-radar-live.com\\\/pt-br\\\/terremoto\\\/\"]}]},{\"@type\":\"ImageObject\",\"inLanguage\":\"pt-BR\",\"@id\":\"https:\\\/\\\/weather-radar-live.com\\\/pt-br\\\/terremoto\\\/#primaryimage\",\"url\":\"https:\\\/\\\/weather-radar-live.com\\\/wp-content\\\/uploads\\\/2021\\\/11\\\/Earthquake-scaled-e1636195296356.jpg\",\"contentUrl\":\"https:\\\/\\\/weather-radar-live.com\\\/wp-content\\\/uploads\\\/2021\\\/11\\\/Earthquake-scaled-e1636195296356.jpg\"},{\"@type\":\"BreadcrumbList\",\"@id\":\"https:\\\/\\\/weather-radar-live.com\\\/pt-br\\\/terremoto\\\/#breadcrumb\",\"itemListElement\":[{\"@type\":\"ListItem\",\"position\":1,\"name\":\"Weather Radar Live\",\"item\":\"https:\\\/\\\/weather-radar-live.com\\\/pt-br\\\/\"},{\"@type\":\"ListItem\",\"position\":2,\"name\":\"Terremoto\"}]},{\"@type\":\"WebSite\",\"@id\":\"https:\\\/\\\/weather-radar-live.com\\\/#website\",\"url\":\"https:\\\/\\\/weather-radar-live.com\\\/\",\"name\":\"weather-radar-live.com\",\"description\":\"Your weather and sky radar.\",\"publisher\":{\"@id\":\"https:\\\/\\\/weather-radar-live.com\\\/#organization\"},\"potentialAction\":[{\"@type\":\"SearchAction\",\"target\":{\"@type\":\"EntryPoint\",\"urlTemplate\":\"https:\\\/\\\/weather-radar-live.com\\\/?s={search_term_string}\"},\"query-input\":{\"@type\":\"PropertyValueSpecification\",\"valueRequired\":true,\"valueName\":\"search_term_string\"}}],\"inLanguage\":\"pt-BR\"},{\"@type\":\"Organization\",\"@id\":\"https:\\\/\\\/weather-radar-live.com\\\/#organization\",\"name\":\"weather-radar-live.com\",\"url\":\"https:\\\/\\\/weather-radar-live.com\\\/\",\"logo\":{\"@type\":\"ImageObject\",\"inLanguage\":\"pt-BR\",\"@id\":\"https:\\\/\\\/weather-radar-live.com\\\/#\\\/schema\\\/logo\\\/image\\\/\",\"url\":\"https:\\\/\\\/weather-radar-live.com\\\/wp-content\\\/uploads\\\/2022\\\/03\\\/cropped-WRL2503.png\",\"contentUrl\":\"https:\\\/\\\/weather-radar-live.com\\\/wp-content\\\/uploads\\\/2022\\\/03\\\/cropped-WRL2503.png\",\"width\":1920,\"height\":555,\"caption\":\"weather-radar-live.com\"},\"image\":{\"@id\":\"https:\\\/\\\/weather-radar-live.com\\\/#\\\/schema\\\/logo\\\/image\\\/\"}}]}<\/script>\n<!-- \/ Yoast SEO plugin. -->","yoast_head_json":{"title":"Terremoto \ud83d\udca5 Onde est\u00e3o os terremotos?","description":"H\u00e1 um terremoto perto de mim? \u2714\ufe0f Veja o mapa ao vivo dos terremotos e descubra onde houve terremotos recentes!","robots":{"index":"index","follow":"follow","max-snippet":"max-snippet:-1","max-image-preview":"max-image-preview:large","max-video-preview":"max-video-preview:-1"},"canonical":"https:\/\/weather-radar-live.com\/pt-br\/terremoto\/","og_locale":"pt_BR","og_type":"article","og_title":"Terremoto \ud83d\udca5 Onde est\u00e3o os terremotos?","og_description":"H\u00e1 um terremoto perto de mim? \u2714\ufe0f Veja o mapa ao vivo dos terremotos e descubra onde houve terremotos recentes!","og_url":"https:\/\/weather-radar-live.com\/pt-br\/terremoto\/","og_site_name":"weather-radar-live.com","article_modified_time":"2021-11-22T15:26:24+00:00","og_image":[{"url":"https:\/\/weather-radar-live.com\/wp-content\/uploads\/2021\/11\/Earthquake-scaled-e1636195296356.jpg","type":"","width":"","height":""}],"twitter_card":"summary_large_image","twitter_misc":{"Est. tempo de leitura":"7 minutos"},"schema":{"@context":"https:\/\/schema.org","@graph":[{"@type":"WebPage","@id":"https:\/\/weather-radar-live.com\/pt-br\/terremoto\/","url":"https:\/\/weather-radar-live.com\/pt-br\/terremoto\/","name":"Terremoto \ud83d\udca5 Onde est\u00e3o os terremotos?","isPartOf":{"@id":"https:\/\/weather-radar-live.com\/#website"},"primaryImageOfPage":{"@id":"https:\/\/weather-radar-live.com\/pt-br\/terremoto\/#primaryimage"},"image":{"@id":"https:\/\/weather-radar-live.com\/pt-br\/terremoto\/#primaryimage"},"thumbnailUrl":"https:\/\/weather-radar-live.com\/wp-content\/uploads\/2021\/11\/Earthquake-scaled-e1636195296356.jpg","datePublished":"2021-11-08T07:40:45+00:00","dateModified":"2021-11-22T15:26:24+00:00","description":"H\u00e1 um terremoto perto de mim? \u2714\ufe0f Veja o mapa ao vivo dos terremotos e descubra onde houve terremotos recentes!","breadcrumb":{"@id":"https:\/\/weather-radar-live.com\/pt-br\/terremoto\/#breadcrumb"},"inLanguage":"pt-BR","potentialAction":[{"@type":"ReadAction","target":["https:\/\/weather-radar-live.com\/pt-br\/terremoto\/"]}]},{"@type":"ImageObject","inLanguage":"pt-BR","@id":"https:\/\/weather-radar-live.com\/pt-br\/terremoto\/#primaryimage","url":"https:\/\/weather-radar-live.com\/wp-content\/uploads\/2021\/11\/Earthquake-scaled-e1636195296356.jpg","contentUrl":"https:\/\/weather-radar-live.com\/wp-content\/uploads\/2021\/11\/Earthquake-scaled-e1636195296356.jpg"},{"@type":"BreadcrumbList","@id":"https:\/\/weather-radar-live.com\/pt-br\/terremoto\/#breadcrumb","itemListElement":[{"@type":"ListItem","position":1,"name":"Weather Radar Live","item":"https:\/\/weather-radar-live.com\/pt-br\/"},{"@type":"ListItem","position":2,"name":"Terremoto"}]},{"@type":"WebSite","@id":"https:\/\/weather-radar-live.com\/#website","url":"https:\/\/weather-radar-live.com\/","name":"weather-radar-live.com","description":"Your weather and sky radar.","publisher":{"@id":"https:\/\/weather-radar-live.com\/#organization"},"potentialAction":[{"@type":"SearchAction","target":{"@type":"EntryPoint","urlTemplate":"https:\/\/weather-radar-live.com\/?s={search_term_string}"},"query-input":{"@type":"PropertyValueSpecification","valueRequired":true,"valueName":"search_term_string"}}],"inLanguage":"pt-BR"},{"@type":"Organization","@id":"https:\/\/weather-radar-live.com\/#organization","name":"weather-radar-live.com","url":"https:\/\/weather-radar-live.com\/","logo":{"@type":"ImageObject","inLanguage":"pt-BR","@id":"https:\/\/weather-radar-live.com\/#\/schema\/logo\/image\/","url":"https:\/\/weather-radar-live.com\/wp-content\/uploads\/2022\/03\/cropped-WRL2503.png","contentUrl":"https:\/\/weather-radar-live.com\/wp-content\/uploads\/2022\/03\/cropped-WRL2503.png","width":1920,"height":555,"caption":"weather-radar-live.com"},"image":{"@id":"https:\/\/weather-radar-live.com\/#\/schema\/logo\/image\/"}}]}},"_links":{"self":[{"href":"https:\/\/weather-radar-live.com\/pt-br\/wp-json\/wp\/v2\/pages\/1511","targetHints":{"allow":["GET"]}}],"collection":[{"href":"https:\/\/weather-radar-live.com\/pt-br\/wp-json\/wp\/v2\/pages"}],"about":[{"href":"https:\/\/weather-radar-live.com\/pt-br\/wp-json\/wp\/v2\/types\/page"}],"author":[{"embeddable":true,"href":"https:\/\/weather-radar-live.com\/pt-br\/wp-json\/wp\/v2\/users\/1"}],"replies":[{"embeddable":true,"href":"https:\/\/weather-radar-live.com\/pt-br\/wp-json\/wp\/v2\/comments?post=1511"}],"version-history":[{"count":5,"href":"https:\/\/weather-radar-live.com\/pt-br\/wp-json\/wp\/v2\/pages\/1511\/revisions"}],"predecessor-version":[{"id":2069,"href":"https:\/\/weather-radar-live.com\/pt-br\/wp-json\/wp\/v2\/pages\/1511\/revisions\/2069"}],"wp:attachment":[{"href":"https:\/\/weather-radar-live.com\/pt-br\/wp-json\/wp\/v2\/media?parent=1511"}],"curies":[{"name":"wp","href":"https:\/\/api.w.org\/{rel}","templated":true}]}}