{"id":7922,"date":"2024-11-30T18:00:23","date_gmt":"2024-11-30T17:00:23","guid":{"rendered":"https:\/\/weather-radar-live.com\/lichtverschmutzung\/"},"modified":"2024-11-30T19:05:51","modified_gmt":"2024-11-30T18:05:51","slug":"lichtvervuiling","status":"publish","type":"page","link":"https:\/\/weather-radar-live.com\/nl\/lichtvervuiling\/","title":{"rendered":"Lichtvervuiling"},"content":{"rendered":"<div id=\"weath-4279152599\" class=\"weath-vor-dem-inhalt weath-entity-placement\" style=\"margin-top: 15px;margin-right: 25px;margin-bottom: 40px;margin-left: 25px;\"><script async src=\"\/\/pagead2.googlesyndication.com\/pagead\/js\/adsbygoogle.js?client=ca-pub-8960936133935804\" crossorigin=\"anonymous\"><\/script><ins class=\"adsbygoogle\" style=\"display:block;\" data-ad-client=\"ca-pub-8960936133935804\" \ndata-ad-slot=\"6172817020\" \ndata-ad-format=\"auto\"><\/ins>\n<script> \n(adsbygoogle = window.adsbygoogle || []).push({}); \n<\/script>\n<\/div>\n<div class=\"wp-block-cover alignfull is-light\"><span aria-hidden=\"true\" class=\"wp-block-cover__background has-contrast-background-color has-background-dim-40 has-background-dim\"><\/span><video class=\"wp-block-cover__video-background intrinsic-ignore\" autoplay muted loop playsinline src=\"https:\/\/weather-radar-live.com\/wp-content\/uploads\/2024\/11\/Light-Pollution-City.mp4\" data-object-fit=\"cover\"><\/video><div class=\"wp-block-cover__inner-container is-layout-flow wp-block-cover-is-layout-flow\">\n<h2 class=\"wp-block-heading has-text-align-center heading\" style=\"font-size:60px\"><strong><mark style=\"background-color:rgba(0, 0, 0, 0);color:#ffde00\" class=\"has-inline-color\">LICHT<\/mark><\/strong><br><strong><mark style=\"background-color:rgba(0, 0, 0, 0)\" class=\"has-inline-color has-white-color\">VERONTREINIGING<\/mark><\/strong><\/h2>\n<\/div><\/div>\n\n\n<div class=\"yoast-breadcrumbs\"><span><span><a href=\"https:\/\/weather-radar-live.com\/nl\/\">Weather Radar Live<\/a><\/span> \u00bb <span class=\"breadcrumb_last\" aria-current=\"page\"><strong>Lichtvervuiling<\/strong><\/span><\/span><\/div>\n\n\n<h2 class=\"wp-block-heading has-text-align-center\"><strong><mark style=\"background-color:rgba(0, 0, 0, 0);color:#ffde00\" class=\"has-inline-color\">Lichtvervuiling &#8211; huidige lichtvervuiling in mijn gebied?<\/mark><\/strong> <\/h2>\n\n\n\n<p>Lichtvervuiling, lichtsmog, lichtvervuiling of lichtvervuiling &#8211; al deze termen beschrijven een probleem dat de afgelopen jaren steeds relevanter is geworden en steeds meer gehoor heeft gevonden: We hebben het over het kunstmatig verhelderen van de nachtelijke hemel. Op het eerste gezicht klinkt dit misschien niet bijzonder dramatisch. <\/p>\n\n\n\n<p>Maar bij nadere inspectie wordt al snel duidelijk dat lichtvervuiling ook snel een probleem kan worden dat meer dan alleen ons zicht op de sterrenhemel kan verstoren. Wilt u weten of u momenteel last hebt van lichtvervuiling? Bekijk dan nu de lichtvervuilingskaart!<\/p><div id=\"weath-3671730130\" class=\"weath-inhalt_2 weath-entity-placement\" style=\"margin-top: 15px;margin-right: 25px;margin-bottom: 35px;margin-left: 25px;\"><script async src=\"\/\/pagead2.googlesyndication.com\/pagead\/js\/adsbygoogle.js?client=ca-pub-8960936133935804\" crossorigin=\"anonymous\"><\/script><ins class=\"adsbygoogle\" style=\"display:block;\" data-ad-client=\"ca-pub-8960936133935804\" \ndata-ad-slot=\"1963584050\" \ndata-ad-format=\"auto\"><\/ins>\n<script> \n(adsbygoogle = window.adsbygoogle || []).push({}); \n<\/script>\n<\/div>\n\n\n\n<iframe loading=\"lazy\" id=\"Lichtverschmutzung\" width=\"1300\" height=\"480\" src=\"https:\/\/www.lightpollutionmap.info\/#zoom=1&#038;lat=12&#038;lon=-86&#038;layers=B0FFFFFFFTFFFFFFFFFFF\" frameborder=\"0\"><\/iframe>\n\n\n\n<p class=\"has-text-align-center\"><sub>De lichtvervuilingskaart toont u de gebieden met veel lichtvervuiling in verschillende kleuren. Wij leggen uit welke kleur wat betekent.<\/sub><\/p>\n\n\n\n<h2 class=\"wp-block-heading\"><strong>Hoe u de lichtvervuilingskaart moet interpreteren:<\/strong><\/h2>\n\n\n\n<p>Op de lichtvervuilingskaart kunt u veel verschillende kleuren ontdekken. Deze kleuren geven u een precies inzicht in waar u lichtvervuiling kunt verwachten. <strong>De kleurenschaal kan als volgt ge\u00efnterpreteerd worden:<\/strong><\/p>\n\n\n\n<ul class=\"wp-block-list\">\n<li>De kleuren donkergrijs, lichtgrijs, donkerblauw en lichtblauw geven een zeer lage lichtvervuiling aan. U zult deze gebieden vooral boven <a href=\"https:\/\/weather-radar-live.com\/nl\/zeespiegel\/\">zee<\/a> of op volle zee aantreffen.<\/li>\n\n\n\n<li>De kleuren groen, geel en oranje duiden op lichte tot matige lichtvervuiling.<\/li>\n\n\n\n<li>Rood, violet en wit geven gebieden met sterke tot zeer sterke lichtvervuiling aan. De kans dat u in dit gebied sterren kunt zien is zeer klein.<\/li>\n<\/ul>\n\n\n\n<h2 class=\"wp-block-heading\"><a href=\"https:\/\/emojipedia.org\/light-bulb\/\"><br><\/a>\ud83d\udca1 <strong>Wat u moet weten over lichtvervuiling!<\/strong><\/h2>\n\n\n\n<div class=\"wp-block-columns is-layout-flex wp-container-core-columns-is-layout-9d6595d7 wp-block-columns-is-layout-flex\">\n<div class=\"wp-block-column is-layout-flow wp-block-column-is-layout-flow\">\n<figure class=\"wp-block-image size-full\"><img loading=\"lazy\" decoding=\"async\" width=\"640\" height=\"760\" src=\"https:\/\/weather-radar-live.com\/wp-content\/uploads\/2024\/11\/Lichtverschmutzung-ist-auch-auserhalb-der-Stadt-sichtbar.jpg\" alt=\"Lichtvervuiling buiten steden.\" class=\"wp-image-7979\" srcset=\"https:\/\/weather-radar-live.com\/wp-content\/uploads\/2024\/11\/Lichtverschmutzung-ist-auch-auserhalb-der-Stadt-sichtbar.jpg 640w, https:\/\/weather-radar-live.com\/wp-content\/uploads\/2024\/11\/Lichtverschmutzung-ist-auch-auserhalb-der-Stadt-sichtbar-253x300.jpg 253w\" sizes=\"auto, (max-width: 640px) 100vw, 640px\" \/><figcaption class=\"wp-element-caption\">Zelfs kleinere steden en dorpen kunnen lichtvervuiling in de omgeving veroorzaken. (Foto: <a href=\"https:\/\/www.pexels.com\/de-de\/foto\/schwarze-betonstrasse-wahrend-der-nacht-412026\/\" rel=\"nofollow\">pexels.com<\/a> | <a href=\"https:\/\/www.pexels.com\/de-de\/@tomas-anunziata-129267\/\" rel=\"nofollow\">Tomas Anunziata<\/a>)<\/figcaption><\/figure>\n<\/div>\n\n\n\n<div class=\"wp-block-column is-layout-flow wp-block-column-is-layout-flow\">\n<h2 class=\"wp-block-heading\"><strong>Inhoudsopgave<\/strong><\/h2>\n\n\n\n<p class=\"has-medium-font-size\"><strong><a href=\"#Definitie-en-oorsprong-van-lichtvervuiling\">Definitie en oorsprong van lichtvervuiling<\/a><\/strong><\/p>\n\n\n\n<ul class=\"wp-block-list\">\n<li><a href=\"#Wat-is-lichtvervuiling?---Lichtvervuiling-eenvoudig-uitgelegd!\">Wat is lichtvervuiling? &#8211; Lichtvervuiling eenvoudig uitgelegd!<\/a><\/li>\n\n\n\n<li><a href=\"#Hoe-ontstaat-lichtvervuiling?\">Hoe ontstaat lichtvervuiling?<\/a><\/li>\n<\/ul>\n\n\n\n<p class=\"has-medium-font-size\"><strong><a href=\"#Effecten-van-lichtvervuiling\">Gevolgen van lichtvervuiling<\/a><\/strong><\/p>\n\n\n\n<ul class=\"wp-block-list\">\n<li><a href=\"#Waarom-is-lichtvervuiling-slecht?\">Waarom is lichtvervuiling slecht?<\/a><\/li>\n\n\n\n<li><a href=\"#Wie-ondervindt-er-vooral-schade-van-lichtvervuiling?\">Wie ondervindt er vooral schade van lichtvervuiling?<\/a><\/li>\n<\/ul>\n\n\n\n<p class=\"has-medium-font-size\"><strong><a href=\"#Vermijden-van-lichtvervuiling\">Lichtvervuiling vermijden<\/a><\/strong><\/p>\n\n\n\n<ul class=\"wp-block-list\">\n<li><a href=\"#Voorbeelden-van-lichtvervuiling\">Voorbeelden van lichtvervuiling<\/a><\/li>\n\n\n\n<li><a href=\"#Zijn-er-wetten-tegen-lichtvervuiling?\">Zijn er wetten tegen lichtvervuiling?<\/a><\/li>\n\n\n\n<li><a href=\"#Hoe-kan-ik-lichtvervuiling-voorkomen?\">Hoe kan ik lichtvervuiling vermijden?<\/a><\/li>\n<\/ul>\n\n\n\n<p class=\"has-medium-font-size\"><strong><a href=\"#Lichtvervuiling-tastbaar-maken\">Lichtvervuiling tastbaar maken<\/a><\/strong><\/p>\n\n\n\n<ul class=\"wp-block-list\">\n<li><a href=\"#Hoe-meet-u-lichtvervuiling?\">Hoe meet je lichtvervuiling?<\/a><\/li>\n\n\n\n<li><a href=\"#Waar-is-de-lichtvervuiling-het-laagst?\">Waar is de lichtvervuiling het laagst?<\/a><\/li>\n<\/ul>\n<\/div>\n<\/div>\n\n\n\n<p>Nu we u hebben laten kennismaken met de lichtvervuilingskaart, willen we het onderwerp lichtvervuiling nader bekijken en de belangrijkste vragen beantwoorden. Misschien herkent u ook \u00e9\u00e9n of twee vragen die u zichzelf al hebt gesteld over lichtvervuiling.<\/p>\n\n\n\n<h2 class=\"wp-block-heading\" id=\"Definitie-en-oorsprong-van-lichtvervuiling\"><strong>\ud83d\udccd Definitie en oorsprong van lichtvervuiling<\/strong><\/h2>\n\n\n\n<h3 class=\"wp-block-heading\" id=\"Wat-is-lichtvervuiling?---Lichtvervuiling-eenvoudig-uitgelegd!\"><strong>Wat is lichtvervuiling? &#8211; Lichtvervuiling eenvoudig uitgelegd!<\/strong><\/h3>\n\n\n\n<p>Voordat we het onderwerp lichtvervuiling en de gevolgen ervan nader bekijken, moeten we eerst begrijpen wat lichtvervuiling precies is. Wat is lichtvervuiling eenvoudig uitgelegd? Lichtvervuiling, lichtvervuiling of lichtsmog beschrijft de kunstmatige verheldering van de nachtelijke hemel door het gebruik van door de mens gemaakte lichtbronnen zoals schijnwerpers, lantaarns of andere verlichtingsbronnen.<\/p>\n\n\n\n<h3 class=\"wp-block-heading\" id=\"Hoe-ontstaat-lichtvervuiling?\"><strong>Hoe ontstaat lichtvervuiling?<\/strong><\/h3>\n\n\n\n<p>Lichtvervuiling wordt veroorzaakt door een kunstmatige lichtbron en de atmosfeer. Wanneer het licht wordt uitgestraald en de lichtstraling de atmosfeer bereikt, wordt deze straling daar verstrooid. Het resultaat is een grootschalige verlichting van de nachtelijke hemel boven de lichtbron(nen). Grote gebieden met lichtvervuiling ontstaan vooral wanneer er veel individuele, sterke lichtbronnen op de hemel gericht zijn.<\/p>\n\n\n\n<h2 class=\"wp-block-heading\" id=\"Effecten-van-lichtvervuiling\"><strong>\ud83d\udccdEffecten van lichtvervuiling<\/strong><\/h2>\n\n\n\n<h3 class=\"wp-block-heading\" id=\"Waarom-is-lichtvervuiling-slecht?\"><strong>Waarom is lichtvervuiling slecht?<\/strong><\/h3>\n\n\n\n<p>Op het eerste gezicht klinkt vervuiling door kunstlicht niet bijzonder tragisch. Pas bij nadere inspectie wordt duidelijk waarom lichtvervuiling een echt probleem kan worden. De kunstmatige lichtstraling aan de hemel maakt het veel moeilijker of bijna onmogelijk om de sterren te zien. Voor sommigen onder ons die slechts af en toe naar de nachtelijke hemel kijken, zal dit zeker geen al te groot probleem zijn. Maar er is \u00e9\u00e9n beroepsgroep in het bijzonder wiens werk wordt be\u00efnvloed door lichtvervuiling. Maar daarover dadelijk meer.<\/p>\n\n\n\n<p>Kunstmatige lichtbronnen kunnen &#8217;s nachts een negatieve invloed hebben op mensen. Overmatige blootstelling aan licht verhindert bijvoorbeeld de aanmaak van het slaaphormoon melatonine en maakt het moeilijker voor ons om te slapen. Maar kunstmatig licht heeft ook steeds meer invloed op de dierenwereld: dit heeft vooral gevolgen voor nachtvogels en insecten, wier vermogen om hun weg te vinden door het licht wordt verstoord.<\/p>\n\n\n\n<h3 class=\"wp-block-heading\" id=\"Wie-ondervindt-er-vooral-schade-van-lichtvervuiling?\"><strong>Wie ondervindt er vooral schade van lichtvervuiling?<\/strong><\/h3>\n\n\n\n<p>We hebben het hier over astronomen, die met hun waarnemingen en resultaten een belangrijke bijdrage leveren aan het onderzoek naar het heelal en de (astro)fysica. Onder invloed van lichtvervuiling is het voor hen onmogelijk om de ruimte met telescopen te bestuderen of bruikbare beelden van de ruimte te maken voor verder onderzoek. Vooral lichtgevende satellieten kunnen beelden van de ruimte met lange belichting verstoren of zelfs volledig onbruikbaar maken. Daarom worden observatoria of grote spiegeltelescopen steeds vaker op afgelegen plaatsen geplaatst om de lichtinval tot een minimum te beperken.<\/p>\n\n\n\n<h2 class=\"wp-block-heading\" id=\"Vermijden-van-lichtvervuiling\"><strong>\ud83d\udccd Vermijden van lichtvervuiling<\/strong><\/h2>\n\n\n\n<h3 class=\"wp-block-heading\" id=\"Voorbeelden-van-lichtvervuiling\"><strong>Voorbeelden van lichtvervuiling<\/strong><\/h3>\n\n\n\n<p>De meeste bronnen van lichtvervuiling bevinden zich op de grond. Straatverlichting, verlichting van gebouwen, schijnwerpers en industri\u00eble verlichting zijn de belangrijkste bronnen van lichtvervuiling.<\/p>\n\n\n\n<p>Buiten het aardoppervlak zijn <a href=\"https:\/\/weather-radar-live.com\/nl\/satellietenkaart\/\">satellieten<\/a>, <a href=\"https:\/\/weather-radar-live.com\/nl\/flightradar\/\">vliegtuigen<\/a> en andere vliegtuigen zoals helikopters de belangrijkste bronnen van lichtvervuiling.<\/p>\n\n\n\n<h3 class=\"wp-block-heading\" id=\"Zijn-er-wetten-tegen-lichtvervuiling?\"><strong>Zijn er wetten tegen lichtvervuiling?<\/strong><\/h3>\n\n\n\n<p>Met zijn impact op mens en natuur kan lichtvervuiling zeker tot milieuvervuiling worden gerekend. Lange tijd waren er echter geen wetten die de uitstoot van licht regelden. Er zijn nu echter wetten in verschillende landen die de uitstoot van licht nauwkeuriger regelen.<\/p>\n\n\n\n<h3 class=\"wp-block-heading\" id=\"Hoe-kan-ik-lichtvervuiling-voorkomen?\"><strong>Hoe kan ik lichtvervuiling voorkomen?<\/strong><\/h3>\n\n\n\n<p>We kunnen allemaal zelf actie ondernemen om lichtvervuiling te verminderen. Bij het gebruik van lichtbronnen binnen en buiten moeten we ons altijd afvragen of het licht echt nodig is. We moeten er ook voor zorgen dat de lichtbron zo geplaatst en afgesteld is dat hij alleen het bruikbare gebied verlicht. Ten slotte moet de hoogte van het lichtpunt altijd zo laag mogelijk worden ingesteld.<\/p>\n\n\n\n<h2 class=\"wp-block-heading\" id=\"Lichtvervuiling-tastbaar-maken\"><strong>\ud83d\udccd Lichtvervuiling tastbaar maken<\/strong><\/h2>\n\n\n\n<h3 class=\"wp-block-heading\" id=\"Hoe-meet-u-lichtvervuiling?\"><strong>Hoe meet u lichtvervuiling?<\/strong><\/h3>\n\n\n\n<p>De sterkte van lichtvervuiling wordt gemeten met de eenheid &#8220;SQM&#8221;. Vertaald betekent deze afkorting Sky Quality Meter. De eenheid geeft de mate van lichtvervuiling per boogseconde aan de nachtelijke hemel aan. Een boogseconde is een hoekmeeteenheid die overeenkomt met 1\/3600 van een graad. De Bortle-schaal is ook zeer geschikt voor het beoordelen van lichtemissies.<\/p>\n\n\n\n<p>Hoe hoger de Sky Quality Meter, hoe groter de blootstelling aan licht. Het tegenovergestelde geldt voor de Bortle-schaal. De volgende tabel geeft een goed overzicht van hoe de SQM en de Bortle ge\u00efnterpreteerd kunnen worden.<\/p>\n\n\n\n<figure class=\"wp-block-table\"><table><tbody><tr><td><strong>SQM<\/strong><\/td><td><strong>Bortle<\/strong><\/td><td><strong>Beschrijving<\/strong><\/td><\/tr><tr><td>18.0<\/td><td>8<\/td><td>Stadshemel, nauwelijks sterren zichtbaar<\/td><\/tr><tr><td>18.3<\/td><td>7<\/td><td>Voorstedelijke hemel met neiging naar stadshemel, slechts weinig sterren zichtbaar<\/td><\/tr><tr><td>18.8<\/td><td>6<\/td><td>Heldere voorstedelijke hemel met heldere hemel, de Melkweg is niet zichtbaar<\/td><\/tr><tr><td>19.8<\/td><td>5<\/td><td>Voorstedelijke hemel met nauwelijks zichtbare Melkweg<\/td><\/tr><tr><td>20.9<\/td><td>4<\/td><td>Nachthemel met neiging tot voorstedelijke hemel, wolken in de zenitgloed<\/td><\/tr><tr><td>21.4<\/td><td>3<\/td><td>Landelijke nachthemel, heldere wolken aan de horizon door het licht<\/td><\/tr><tr><td>21.6<\/td><td>2<\/td><td>Zeer donkere nachtelijke hemel zonder waarneembare lichtemissies<\/td><\/tr><tr><td>21.85<\/td><td>1<\/td><td>Volledig donkere nachtelijke hemel zonder invloed van lichtbronnen<\/td><\/tr><\/tbody><\/table><\/figure>\n\n\n\n<h3 class=\"wp-block-heading\" id=\"Waar-is-de-lichtvervuiling-het-laagst?\"><strong>Waar is de lichtvervuiling het laagst?<\/strong><\/h3>\n\n\n\n<p>Om deze vraag precies te beantwoorden, bekijkt u de lichtvervuilingskaart. Zoek naar grijze, blauwe of groene gebieden. Binnen deze gebieden kunt u een minimum aan lichtsmog verwachten.<\/p>\n","protected":false},"excerpt":{"rendered":"<p>Lichtvervuiling &#8211; huidige lichtvervuiling in mijn gebied? Lichtvervuiling, lichtsmog, lichtvervuiling of lichtvervuiling &#8211; al deze termen beschrijven een probleem dat de afgelopen jaren steeds relevanter is geworden en steeds meer gehoor heeft gevonden: We hebben het over het kunstmatig verhelderen van de nachtelijke hemel. Op het eerste gezicht klinkt dit misschien niet bijzonder dramatisch. Maar &#8230; <a title=\"Lichtvervuiling\" class=\"read-more\" href=\"https:\/\/weather-radar-live.com\/nl\/lichtvervuiling\/\" aria-label=\"Lees meer over Lichtvervuiling\">Lees verder<\/a><\/p>\n","protected":false},"author":1,"featured_media":0,"parent":0,"menu_order":0,"comment_status":"closed","ping_status":"closed","template":"","meta":{"footnotes":""},"class_list":["post-7922","page","type-page","status-publish"],"yoast_head":"<!-- This site is optimized with the Yoast SEO plugin v27.3 - https:\/\/yoast.com\/product\/yoast-seo-wordpress\/ -->\n<title>Lichtvervuiling en actuele lichtvervuilingskaart<\/title>\n<meta name=\"description\" content=\"Wat is lichtvervuiling? Waar kun je momenteel lichtvervuiling verwachten? Alles wat je moet weten over lichtvervuiling!\" \/>\n<meta name=\"robots\" content=\"index, follow, max-snippet:-1, max-image-preview:large, max-video-preview:-1\" \/>\n<link rel=\"canonical\" href=\"https:\/\/weather-radar-live.com\/nl\/lichtvervuiling\/\" \/>\n<meta property=\"og:locale\" content=\"nl_NL\" \/>\n<meta property=\"og:type\" content=\"article\" \/>\n<meta property=\"og:title\" content=\"Lichtvervuiling en actuele lichtvervuilingskaart\" \/>\n<meta property=\"og:description\" content=\"Wat is lichtvervuiling? Waar kun je momenteel lichtvervuiling verwachten? Alles wat je moet weten over lichtvervuiling!\" \/>\n<meta property=\"og:url\" content=\"https:\/\/weather-radar-live.com\/nl\/lichtvervuiling\/\" \/>\n<meta property=\"og:site_name\" content=\"weather-radar-live.com\" \/>\n<meta property=\"article:modified_time\" content=\"2024-11-30T18:05:51+00:00\" \/>\n<meta property=\"og:image\" content=\"https:\/\/weather-radar-live.com\/wp-content\/uploads\/2024\/11\/Lichtverschmutzung-ist-auch-auserhalb-der-Stadt-sichtbar.jpg\" \/>\n\t<meta property=\"og:image:width\" content=\"640\" \/>\n\t<meta property=\"og:image:height\" content=\"760\" \/>\n\t<meta property=\"og:image:type\" content=\"image\/jpeg\" \/>\n<meta name=\"twitter:card\" content=\"summary_large_image\" \/>\n<meta name=\"twitter:label1\" content=\"Geschatte leestijd\" \/>\n\t<meta name=\"twitter:data1\" content=\"5 minuten\" \/>\n<script type=\"application\/ld+json\" class=\"yoast-schema-graph\">{\"@context\":\"https:\\\/\\\/schema.org\",\"@graph\":[{\"@type\":\"WebPage\",\"@id\":\"https:\\\/\\\/weather-radar-live.com\\\/nl\\\/lichtvervuiling\\\/\",\"url\":\"https:\\\/\\\/weather-radar-live.com\\\/nl\\\/lichtvervuiling\\\/\",\"name\":\"Lichtvervuiling en actuele lichtvervuilingskaart\",\"isPartOf\":{\"@id\":\"https:\\\/\\\/weather-radar-live.com\\\/#website\"},\"primaryImageOfPage\":{\"@id\":\"https:\\\/\\\/weather-radar-live.com\\\/nl\\\/lichtvervuiling\\\/#primaryimage\"},\"image\":{\"@id\":\"https:\\\/\\\/weather-radar-live.com\\\/nl\\\/lichtvervuiling\\\/#primaryimage\"},\"thumbnailUrl\":\"https:\\\/\\\/weather-radar-live.com\\\/wp-content\\\/uploads\\\/2024\\\/11\\\/Lichtverschmutzung-ist-auch-auserhalb-der-Stadt-sichtbar.jpg\",\"datePublished\":\"2024-11-30T17:00:23+00:00\",\"dateModified\":\"2024-11-30T18:05:51+00:00\",\"description\":\"Wat is lichtvervuiling? Waar kun je momenteel lichtvervuiling verwachten? Alles wat je moet weten over lichtvervuiling!\",\"breadcrumb\":{\"@id\":\"https:\\\/\\\/weather-radar-live.com\\\/nl\\\/lichtvervuiling\\\/#breadcrumb\"},\"inLanguage\":\"nl-NL\",\"potentialAction\":[{\"@type\":\"ReadAction\",\"target\":[\"https:\\\/\\\/weather-radar-live.com\\\/nl\\\/lichtvervuiling\\\/\"]}]},{\"@type\":\"ImageObject\",\"inLanguage\":\"nl-NL\",\"@id\":\"https:\\\/\\\/weather-radar-live.com\\\/nl\\\/lichtvervuiling\\\/#primaryimage\",\"url\":\"https:\\\/\\\/weather-radar-live.com\\\/wp-content\\\/uploads\\\/2024\\\/11\\\/Lichtverschmutzung-ist-auch-auserhalb-der-Stadt-sichtbar.jpg\",\"contentUrl\":\"https:\\\/\\\/weather-radar-live.com\\\/wp-content\\\/uploads\\\/2024\\\/11\\\/Lichtverschmutzung-ist-auch-auserhalb-der-Stadt-sichtbar.jpg\"},{\"@type\":\"BreadcrumbList\",\"@id\":\"https:\\\/\\\/weather-radar-live.com\\\/nl\\\/lichtvervuiling\\\/#breadcrumb\",\"itemListElement\":[{\"@type\":\"ListItem\",\"position\":1,\"name\":\"Weather Radar Live\",\"item\":\"https:\\\/\\\/weather-radar-live.com\\\/nl\\\/\"},{\"@type\":\"ListItem\",\"position\":2,\"name\":\"Lichtvervuiling\"}]},{\"@type\":\"WebSite\",\"@id\":\"https:\\\/\\\/weather-radar-live.com\\\/#website\",\"url\":\"https:\\\/\\\/weather-radar-live.com\\\/\",\"name\":\"weather-radar-live.com\",\"description\":\"Your weather and sky radar.\",\"publisher\":{\"@id\":\"https:\\\/\\\/weather-radar-live.com\\\/#organization\"},\"potentialAction\":[{\"@type\":\"SearchAction\",\"target\":{\"@type\":\"EntryPoint\",\"urlTemplate\":\"https:\\\/\\\/weather-radar-live.com\\\/?s={search_term_string}\"},\"query-input\":{\"@type\":\"PropertyValueSpecification\",\"valueRequired\":true,\"valueName\":\"search_term_string\"}}],\"inLanguage\":\"nl-NL\"},{\"@type\":\"Organization\",\"@id\":\"https:\\\/\\\/weather-radar-live.com\\\/#organization\",\"name\":\"weather-radar-live.com\",\"url\":\"https:\\\/\\\/weather-radar-live.com\\\/\",\"logo\":{\"@type\":\"ImageObject\",\"inLanguage\":\"nl-NL\",\"@id\":\"https:\\\/\\\/weather-radar-live.com\\\/#\\\/schema\\\/logo\\\/image\\\/\",\"url\":\"https:\\\/\\\/weather-radar-live.com\\\/wp-content\\\/uploads\\\/2022\\\/03\\\/cropped-WRL2503.png\",\"contentUrl\":\"https:\\\/\\\/weather-radar-live.com\\\/wp-content\\\/uploads\\\/2022\\\/03\\\/cropped-WRL2503.png\",\"width\":1920,\"height\":555,\"caption\":\"weather-radar-live.com\"},\"image\":{\"@id\":\"https:\\\/\\\/weather-radar-live.com\\\/#\\\/schema\\\/logo\\\/image\\\/\"}}]}<\/script>\n<!-- \/ Yoast SEO plugin. -->","yoast_head_json":{"title":"Lichtvervuiling en actuele lichtvervuilingskaart","description":"Wat is lichtvervuiling? Waar kun je momenteel lichtvervuiling verwachten? Alles wat je moet weten over lichtvervuiling!","robots":{"index":"index","follow":"follow","max-snippet":"max-snippet:-1","max-image-preview":"max-image-preview:large","max-video-preview":"max-video-preview:-1"},"canonical":"https:\/\/weather-radar-live.com\/nl\/lichtvervuiling\/","og_locale":"nl_NL","og_type":"article","og_title":"Lichtvervuiling en actuele lichtvervuilingskaart","og_description":"Wat is lichtvervuiling? Waar kun je momenteel lichtvervuiling verwachten? Alles wat je moet weten over lichtvervuiling!","og_url":"https:\/\/weather-radar-live.com\/nl\/lichtvervuiling\/","og_site_name":"weather-radar-live.com","article_modified_time":"2024-11-30T18:05:51+00:00","og_image":[{"width":640,"height":760,"url":"https:\/\/weather-radar-live.com\/wp-content\/uploads\/2024\/11\/Lichtverschmutzung-ist-auch-auserhalb-der-Stadt-sichtbar.jpg","type":"image\/jpeg"}],"twitter_card":"summary_large_image","twitter_misc":{"Geschatte leestijd":"5 minuten"},"schema":{"@context":"https:\/\/schema.org","@graph":[{"@type":"WebPage","@id":"https:\/\/weather-radar-live.com\/nl\/lichtvervuiling\/","url":"https:\/\/weather-radar-live.com\/nl\/lichtvervuiling\/","name":"Lichtvervuiling en actuele lichtvervuilingskaart","isPartOf":{"@id":"https:\/\/weather-radar-live.com\/#website"},"primaryImageOfPage":{"@id":"https:\/\/weather-radar-live.com\/nl\/lichtvervuiling\/#primaryimage"},"image":{"@id":"https:\/\/weather-radar-live.com\/nl\/lichtvervuiling\/#primaryimage"},"thumbnailUrl":"https:\/\/weather-radar-live.com\/wp-content\/uploads\/2024\/11\/Lichtverschmutzung-ist-auch-auserhalb-der-Stadt-sichtbar.jpg","datePublished":"2024-11-30T17:00:23+00:00","dateModified":"2024-11-30T18:05:51+00:00","description":"Wat is lichtvervuiling? Waar kun je momenteel lichtvervuiling verwachten? Alles wat je moet weten over lichtvervuiling!","breadcrumb":{"@id":"https:\/\/weather-radar-live.com\/nl\/lichtvervuiling\/#breadcrumb"},"inLanguage":"nl-NL","potentialAction":[{"@type":"ReadAction","target":["https:\/\/weather-radar-live.com\/nl\/lichtvervuiling\/"]}]},{"@type":"ImageObject","inLanguage":"nl-NL","@id":"https:\/\/weather-radar-live.com\/nl\/lichtvervuiling\/#primaryimage","url":"https:\/\/weather-radar-live.com\/wp-content\/uploads\/2024\/11\/Lichtverschmutzung-ist-auch-auserhalb-der-Stadt-sichtbar.jpg","contentUrl":"https:\/\/weather-radar-live.com\/wp-content\/uploads\/2024\/11\/Lichtverschmutzung-ist-auch-auserhalb-der-Stadt-sichtbar.jpg"},{"@type":"BreadcrumbList","@id":"https:\/\/weather-radar-live.com\/nl\/lichtvervuiling\/#breadcrumb","itemListElement":[{"@type":"ListItem","position":1,"name":"Weather Radar Live","item":"https:\/\/weather-radar-live.com\/nl\/"},{"@type":"ListItem","position":2,"name":"Lichtvervuiling"}]},{"@type":"WebSite","@id":"https:\/\/weather-radar-live.com\/#website","url":"https:\/\/weather-radar-live.com\/","name":"weather-radar-live.com","description":"Your weather and sky radar.","publisher":{"@id":"https:\/\/weather-radar-live.com\/#organization"},"potentialAction":[{"@type":"SearchAction","target":{"@type":"EntryPoint","urlTemplate":"https:\/\/weather-radar-live.com\/?s={search_term_string}"},"query-input":{"@type":"PropertyValueSpecification","valueRequired":true,"valueName":"search_term_string"}}],"inLanguage":"nl-NL"},{"@type":"Organization","@id":"https:\/\/weather-radar-live.com\/#organization","name":"weather-radar-live.com","url":"https:\/\/weather-radar-live.com\/","logo":{"@type":"ImageObject","inLanguage":"nl-NL","@id":"https:\/\/weather-radar-live.com\/#\/schema\/logo\/image\/","url":"https:\/\/weather-radar-live.com\/wp-content\/uploads\/2022\/03\/cropped-WRL2503.png","contentUrl":"https:\/\/weather-radar-live.com\/wp-content\/uploads\/2022\/03\/cropped-WRL2503.png","width":1920,"height":555,"caption":"weather-radar-live.com"},"image":{"@id":"https:\/\/weather-radar-live.com\/#\/schema\/logo\/image\/"}}]}},"_links":{"self":[{"href":"https:\/\/weather-radar-live.com\/nl\/wp-json\/wp\/v2\/pages\/7922","targetHints":{"allow":["GET"]}}],"collection":[{"href":"https:\/\/weather-radar-live.com\/nl\/wp-json\/wp\/v2\/pages"}],"about":[{"href":"https:\/\/weather-radar-live.com\/nl\/wp-json\/wp\/v2\/types\/page"}],"author":[{"embeddable":true,"href":"https:\/\/weather-radar-live.com\/nl\/wp-json\/wp\/v2\/users\/1"}],"replies":[{"embeddable":true,"href":"https:\/\/weather-radar-live.com\/nl\/wp-json\/wp\/v2\/comments?post=7922"}],"version-history":[{"count":6,"href":"https:\/\/weather-radar-live.com\/nl\/wp-json\/wp\/v2\/pages\/7922\/revisions"}],"predecessor-version":[{"id":7989,"href":"https:\/\/weather-radar-live.com\/nl\/wp-json\/wp\/v2\/pages\/7922\/revisions\/7989"}],"wp:attachment":[{"href":"https:\/\/weather-radar-live.com\/nl\/wp-json\/wp\/v2\/media?parent=7922"}],"curies":[{"name":"wp","href":"https:\/\/api.w.org\/{rel}","templated":true}]}}