{"id":5154,"date":"2022-07-19T16:44:20","date_gmt":"2022-07-19T14:44:20","guid":{"rendered":"https:\/\/weather-radar-live.com\/?page_id=5154"},"modified":"2022-07-19T16:46:03","modified_gmt":"2022-07-19T14:46:03","slug":"webcam-le-lavandou","status":"publish","type":"page","link":"https:\/\/weather-radar-live.com\/nl\/webcam\/frankrijk\/webcam-le-lavandou\/","title":{"rendered":"Webcam Le Lavandou"},"content":{"rendered":"<div id=\"weath-4220574243\" class=\"weath-vor-dem-inhalt weath-entity-placement\" style=\"margin-top: 15px;margin-right: 25px;margin-bottom: 40px;margin-left: 25px;\"><script async src=\"\/\/pagead2.googlesyndication.com\/pagead\/js\/adsbygoogle.js?client=ca-pub-8960936133935804\" crossorigin=\"anonymous\"><\/script><ins class=\"adsbygoogle\" style=\"display:block;\" data-ad-client=\"ca-pub-8960936133935804\" \ndata-ad-slot=\"6172817020\" \ndata-ad-format=\"auto\"><\/ins>\n<script> \n(adsbygoogle = window.adsbygoogle || []).push({}); \n<\/script>\n<\/div>\n<div class=\"wp-block-cover alignfull is-light\"><span aria-hidden=\"true\" class=\"wp-block-cover__gradient-background has-background-dim\"><\/span><img decoding=\"async\" class=\"wp-block-cover__image-background wp-image-342\" alt=\"Webcam Le Lavandou\" src=\"https:\/\/weather-radar-live.com\/wp-content\/uploads\/2021\/06\/sam-schooler-E9aetBe2w40-unsplash-e1622554814366.jpg\" data-object-fit=\"cover\"\/><div class=\"wp-block-cover__inner-container is-layout-flow wp-block-cover-is-layout-flow\">\n<h2 class=\"has-text-align-center heading wp-block-heading\" id=\"webcam-fort-mahon\" style=\"font-size:40px\"><strong><mark style=\"background-color:rgba(0, 0, 0, 0)\" class=\"has-inline-color has-base-3-color\">WEBCAM <\/mark><br><mark style=\"background-color:rgba(0, 0, 0, 0)\" class=\"has-inline-color has-base-3-color\">LE LAVANDOU<\/mark><\/strong><\/h2>\n<\/div><\/div>\n\n\n<div class=\"yoast-breadcrumbs\"><span><span><a href=\"https:\/\/weather-radar-live.com\/nl\/\">Weather Radar Live<\/a><\/span> \u00bb <span><a href=\"https:\/\/weather-radar-live.com\/nl\/webcam\/\">Webcam<\/a><\/span> \u00bb <span><a href=\"https:\/\/weather-radar-live.com\/nl\/webcam\/frankrijk\/\">Frankrijk<\/a><\/span> \u00bb <span class=\"breadcrumb_last\" aria-current=\"page\"><strong>Webcam Le Lavandou<\/strong><\/span><\/span><\/div>\n\n\n<h2 class=\"has-text-align-center wp-block-heading\" id=\"webcam-fort-mahon\"><strong>Webcam <strong>Le Lavandou<\/strong><\/strong><\/h2>\n\n\n\n<p>Le Lavandou, een gemeente in het departement Var, is een mooi stadje in het zuidoosten van Frankrijk. Een paar kilometer ten oosten van Bormes-Les-Mimosas ligt dit stadje in de regio Provence-Alpes-C\u00f4te d&#8217;Azur. La Lavandou ontleent zijn naam aan de lavendelplant die op het Proven\u00e7aalse platteland groeit. Het is een prachtige plaats vol planten en bloemen, gelegen op een heuvel boven de hoofdplaats. U kunt ook een bezoek brengen aan het Presqu&#8217;ile de Giens en de zeer charmante \u00celes d&#8217;Hy\u00e8res ten westen van Hy\u00e8res, een van onze favoriete stadjes langs de zuidkust van de Provence <\/p>\n\n\n\n<p>Als u op zoek bent naar activiteiten bij warm weer in Le Lavandou, dan kunt u van eind juni tot eind augustus van veel activiteiten genieten. Nieuwsgierig naar het weer en het klimaat van Le Lavandou? Hier vindt u informatie over het weer en het klimaat van Le Lavandou. Kijkt u maar eens hieronder:<\/p><div id=\"weath-634056795\" class=\"weath-inhalt_2 weath-entity-placement\" style=\"margin-top: 15px;margin-right: 25px;margin-bottom: 35px;margin-left: 25px;\"><script async src=\"\/\/pagead2.googlesyndication.com\/pagead\/js\/adsbygoogle.js?client=ca-pub-8960936133935804\" crossorigin=\"anonymous\"><\/script><ins class=\"adsbygoogle\" style=\"display:block;\" data-ad-client=\"ca-pub-8960936133935804\" \ndata-ad-slot=\"1963584050\" \ndata-ad-format=\"auto\"><\/ins>\n<script> \n(adsbygoogle = window.adsbygoogle || []).push({}); \n<\/script>\n<\/div>\n\n\n\n<h3 class=\"has-text-align-center wp-block-heading\">\ud83d\udd34 <strong>Webcam <strong><strong>Le Lavandou<\/strong><\/strong><\/strong> La Fosette<\/h3>\n\n\n\n<figure class=\"wp-block-embed is-type-video is-provider-youtube wp-block-embed-youtube wp-embed-aspect-16-9 wp-has-aspect-ratio\"><div class=\"wp-block-embed__wrapper\">\n<iframe loading=\"lazy\" title=\"Webcam Le Lavandou - La Fossette\" width=\"1200\" height=\"675\" src=\"https:\/\/www.youtube.com\/embed\/pB9oozpY3Cw?feature=oembed\" frameborder=\"0\" allow=\"accelerometer; autoplay; clipboard-write; encrypted-media; gyroscope; picture-in-picture\" allowfullscreen><\/iframe>\n<\/div><\/figure>\n\n\n\n<div style=\"height:25px\" aria-hidden=\"true\" class=\"wp-block-spacer\"><\/div>\n\n\n\n<h2 class=\"wp-block-heading\" id=\"fort-mahon-today\"><strong><strong>Weerradar <strong><strong>Le Lavandou<\/strong><\/strong> &#8211; Het weer <strong><strong>Le Lavandou<\/strong><\/strong><\/strong><\/strong><\/h2>\n\n\n\n<p> Weather Radar Live heeft webcams om u gedetailleerde informatie te geven over <a href=\"https:\/\/weather-radar-live.com\/nl\/wolkenradar\/\">bewolking<\/a>, neerslag, <a href=\"https:\/\/weather-radar-live.com\/nl\/tornado-radar\/\">tornado&#8217;s<\/a>, en <a href=\"https:\/\/weather-radar-live.com\/nl\/bliksem\/\">onweer<\/a>. Het verzamelt signalen en detecteert neerslag en andere factoren en geeft die dan weer op kaarten en grafieken. Dus, als u in real time <a href=\"https:\/\/weather-radar-live.com\/nl\/\">weerberichten<\/a> wilt krijgen of wilt weten of de weersomstandigheden geschikt zijn om een reis te plannen of niet, dan kunt u terecht bij webcam Le Lavandou.<\/p>\n\n\n\n<div class=\"wp-block-columns is-layout-flex wp-container-core-columns-is-layout-9d6595d7 wp-block-columns-is-layout-flex\">\n<div class=\"wp-block-column is-layout-flow wp-block-column-is-layout-flow\" style=\"flex-basis:75%\">\n<iframe loading=\"lazy\" width=\"1300\" height=\"502\" src=\"https:\/\/embed.windy.com\/embed2.html?lat=43.122&amp;lon=6.460&amp;detailLat=43.124&amp;detailLon=6.370&amp;width=1300&amp;height=502&amp;zoom=11&amp;level=surface&amp;overlay=wind&amp;product=ecmwf&amp;menu=&amp;message=&amp;marker=&amp;calendar=now&amp;pressure=&amp;type=map&amp;location=coordinates&amp;detail=&amp;metricWind=default&amp;metricTemp=default&amp;radarRange=-1\" frameborder=\"0\"><\/iframe>\n<\/div>\n\n\n\n<div class=\"wp-block-column is-layout-flow wp-block-column-is-layout-flow\" style=\"flex-basis:25%\">\n<a class=\"weatherwidget-io\" href=\"https:\/\/forecast7.com\/nl\/43d146d37\/le-lavandou\/\" data-label_1=\"LE LAVANDOU\" data-theme=\"original\" >LE LAVANDOU<\/a>\n<script>\n!function(d,s,id){var js,fjs=d.getElementsByTagName(s)[0];if(!d.getElementById(id)){js=d.createElement(s);js.id=id;js.src='https:\/\/weatherwidget.io\/js\/widget.min.js';fjs.parentNode.insertBefore(js,fjs);}}(document,'script','weatherwidget-io-js');\n<\/script>\n<\/div>\n<\/div>\n\n\n\n<h2 class=\"wp-block-heading\"><strong>Het klimaat van Le Lavandou <\/strong><\/h2>\n\n\n\n<p>Le Lavandou ligt op het noordelijk halfrond. Le Lavandou geniet van een warm en gematigd klimaat. In Le Lavandou zijn de winters veel regenachtiger dan de zomers.<\/p>\n\n\n\n<p><strong>Temperatuur <\/strong><\/p>\n\n\n\n<p>In juli is de gemiddelde temperatuur 24,39 \u00b0C of 75,8 \u00b0F. De wintertemperaturen zijn gemiddeld 7,0 \u00b0C (44,5 \u00b0F) in januari. De gemiddelde temperatuur van Le Lavandou is dus 15,0 \u00b0C of 59,0 \u00b0F <\/p>\n\n\n\n<p><strong>Neerslag <\/strong><\/p>\n\n\n\n<p>De jaarlijkse neerslag is ongeveer 28,3 inches of 718 mm <\/p>\n\n\n\n<p><strong>Vochtigheid <\/strong><\/p>\n\n\n\n<p>November heeft de hoogste relatieve vochtigheid 74,29%, terwijl die in juli het laagst is, nl. 52,09%.<\/p>\n\n\n\n<p><strong>Zonneschijn <\/strong><\/p>\n\n\n\n<p>Met een gemiddeld aantal uren zonneschijn per dag van 13,03 is juli de maand met de meeste zonneschijn in Le Lavandou. Het totaal aantal uren zonneschijn in juli bedraagt 404,03 <\/p>\n\n\n\n<p>Januari heeft de minste uren zonneschijn, namelijk 192,7 uren <\/p>\n\n\n\n<p><strong>UV-index<\/strong><\/p>\n\n\n\n<p>De UV-index van Le Lavandou is 5.<\/p>\n\n\n\n<h2 class=\"wp-block-heading\"><strong>Le Lavandou Beach Resort <\/strong><\/h2>\n\n\n\n<p>Dit brede zandstrand is een bekende badplaats die drie drukke jachthavens heeft. In de zomermaanden verandert het stadje in een levendige plaats met blitse lichtjes voor wie van het nachtleven wil genieten. Er zijn ook boottochten mogelijk, die u naar Fort de Bregan\u00e7on in Bormes (zomerresidentie van de president van de republiek) of naar Saint Tropez langs de kustlijn van de Var brengen. U kunt er genieten van een uitgestrekt strand met zand, een kleine inham die nog intact is in dit wilde strand. Er is een zeer uitgebreide haven in Le Lavandou ten oosten van het strand. Hier krijgt u het genoegen om mee te varen in traditionele vissersboten en andere kleine bootjes. In de hele oude stad en langs de zeedijk zijn talrijke restaurants en caf\u00e9s.<\/p>\n","protected":false},"excerpt":{"rendered":"<p>Webcam Le Lavandou Le Lavandou, een gemeente in het departement Var, is een mooi stadje in het zuidoosten van Frankrijk. Een paar kilometer ten oosten van Bormes-Les-Mimosas ligt dit stadje in de regio Provence-Alpes-C\u00f4te d&#8217;Azur. La Lavandou ontleent zijn naam aan de lavendelplant die op het Proven\u00e7aalse platteland groeit. Het is een prachtige plaats vol &#8230; <a title=\"Webcam Le Lavandou\" class=\"read-more\" href=\"https:\/\/weather-radar-live.com\/nl\/webcam\/frankrijk\/webcam-le-lavandou\/\" aria-label=\"Lees meer over Webcam Le Lavandou\">Lees verder<\/a><\/p>\n","protected":false},"author":1,"featured_media":3898,"parent":4176,"menu_order":0,"comment_status":"closed","ping_status":"closed","template":"","meta":{"footnotes":""},"class_list":["post-5154","page","type-page","status-publish","has-post-thumbnail"],"yoast_head":"<!-- This site is optimized with the Yoast SEO plugin v27.5 - https:\/\/yoast.com\/product\/yoast-seo-wordpress\/ -->\n<title>Webcam Le Lavandou \u2192 Bekijk het live!<\/title>\n<meta name=\"description\" content=\"Webcam Le Lavandou | Livecam van Le Lavandou! \u2705 Voor u in real time bijgewerkt! \u2705 Actuele weersvoorspelling!\" \/>\n<meta name=\"robots\" content=\"index, follow, max-snippet:-1, max-image-preview:large, max-video-preview:-1\" \/>\n<link rel=\"canonical\" href=\"https:\/\/weather-radar-live.com\/nl\/webcam\/frankrijk\/webcam-le-lavandou\/\" \/>\n<meta property=\"og:locale\" content=\"nl_NL\" \/>\n<meta property=\"og:type\" content=\"article\" \/>\n<meta property=\"og:title\" content=\"Webcam Le Lavandou \u2192 Bekijk het live!\" \/>\n<meta property=\"og:description\" content=\"Webcam Le Lavandou | Livecam van Le Lavandou! \u2705 Voor u in real time bijgewerkt! \u2705 Actuele weersvoorspelling!\" \/>\n<meta property=\"og:url\" content=\"https:\/\/weather-radar-live.com\/nl\/webcam\/frankrijk\/webcam-le-lavandou\/\" \/>\n<meta property=\"og:site_name\" content=\"weather-radar-live.com\" \/>\n<meta property=\"article:modified_time\" content=\"2022-07-19T14:46:03+00:00\" \/>\n<meta property=\"og:image\" content=\"https:\/\/weather-radar-live.com\/wp-content\/uploads\/2022\/04\/Webcam-Le-Lavandou--e1650541821630.jpg\" \/>\n\t<meta property=\"og:image:width\" content=\"1920\" \/>\n\t<meta property=\"og:image:height\" content=\"870\" \/>\n\t<meta property=\"og:image:type\" content=\"image\/jpeg\" \/>\n<meta name=\"twitter:card\" content=\"summary_large_image\" \/>\n<meta name=\"twitter:label1\" content=\"Geschatte leestijd\" \/>\n\t<meta name=\"twitter:data1\" content=\"3 minuten\" \/>\n<script type=\"application\/ld+json\" class=\"yoast-schema-graph\">{\"@context\":\"https:\\\/\\\/schema.org\",\"@graph\":[{\"@type\":\"WebPage\",\"@id\":\"https:\\\/\\\/weather-radar-live.com\\\/nl\\\/webcam\\\/frankrijk\\\/webcam-le-lavandou\\\/\",\"url\":\"https:\\\/\\\/weather-radar-live.com\\\/nl\\\/webcam\\\/frankrijk\\\/webcam-le-lavandou\\\/\",\"name\":\"Webcam Le Lavandou \u2192 Bekijk het live!\",\"isPartOf\":{\"@id\":\"https:\\\/\\\/weather-radar-live.com\\\/#website\"},\"primaryImageOfPage\":{\"@id\":\"https:\\\/\\\/weather-radar-live.com\\\/nl\\\/webcam\\\/frankrijk\\\/webcam-le-lavandou\\\/#primaryimage\"},\"image\":{\"@id\":\"https:\\\/\\\/weather-radar-live.com\\\/nl\\\/webcam\\\/frankrijk\\\/webcam-le-lavandou\\\/#primaryimage\"},\"thumbnailUrl\":\"https:\\\/\\\/weather-radar-live.com\\\/wp-content\\\/uploads\\\/2022\\\/04\\\/Webcam-Le-Lavandou--e1650541821630.jpg\",\"datePublished\":\"2022-07-19T14:44:20+00:00\",\"dateModified\":\"2022-07-19T14:46:03+00:00\",\"description\":\"Webcam Le Lavandou | Livecam van Le Lavandou! \u2705 Voor u in real time bijgewerkt! \u2705 Actuele weersvoorspelling!\",\"breadcrumb\":{\"@id\":\"https:\\\/\\\/weather-radar-live.com\\\/nl\\\/webcam\\\/frankrijk\\\/webcam-le-lavandou\\\/#breadcrumb\"},\"inLanguage\":\"nl-NL\",\"potentialAction\":[{\"@type\":\"ReadAction\",\"target\":[\"https:\\\/\\\/weather-radar-live.com\\\/nl\\\/webcam\\\/frankrijk\\\/webcam-le-lavandou\\\/\"]}]},{\"@type\":\"ImageObject\",\"inLanguage\":\"nl-NL\",\"@id\":\"https:\\\/\\\/weather-radar-live.com\\\/nl\\\/webcam\\\/frankrijk\\\/webcam-le-lavandou\\\/#primaryimage\",\"url\":\"https:\\\/\\\/weather-radar-live.com\\\/wp-content\\\/uploads\\\/2022\\\/04\\\/Webcam-Le-Lavandou--e1650541821630.jpg\",\"contentUrl\":\"https:\\\/\\\/weather-radar-live.com\\\/wp-content\\\/uploads\\\/2022\\\/04\\\/Webcam-Le-Lavandou--e1650541821630.jpg\",\"width\":1920,\"height\":870,\"caption\":\"Webcam Le Lavandou\"},{\"@type\":\"BreadcrumbList\",\"@id\":\"https:\\\/\\\/weather-radar-live.com\\\/nl\\\/webcam\\\/frankrijk\\\/webcam-le-lavandou\\\/#breadcrumb\",\"itemListElement\":[{\"@type\":\"ListItem\",\"position\":1,\"name\":\"Weather Radar Live\",\"item\":\"https:\\\/\\\/weather-radar-live.com\\\/nl\\\/\"},{\"@type\":\"ListItem\",\"position\":2,\"name\":\"Webcam\",\"item\":\"https:\\\/\\\/weather-radar-live.com\\\/nl\\\/webcam\\\/\"},{\"@type\":\"ListItem\",\"position\":3,\"name\":\"Frankrijk\",\"item\":\"https:\\\/\\\/weather-radar-live.com\\\/nl\\\/webcam\\\/frankrijk\\\/\"},{\"@type\":\"ListItem\",\"position\":4,\"name\":\"Webcam Le Lavandou\"}]},{\"@type\":\"WebSite\",\"@id\":\"https:\\\/\\\/weather-radar-live.com\\\/#website\",\"url\":\"https:\\\/\\\/weather-radar-live.com\\\/\",\"name\":\"weather-radar-live.com\",\"description\":\"Your weather and sky radar.\",\"publisher\":{\"@id\":\"https:\\\/\\\/weather-radar-live.com\\\/#organization\"},\"potentialAction\":[{\"@type\":\"SearchAction\",\"target\":{\"@type\":\"EntryPoint\",\"urlTemplate\":\"https:\\\/\\\/weather-radar-live.com\\\/?s={search_term_string}\"},\"query-input\":{\"@type\":\"PropertyValueSpecification\",\"valueRequired\":true,\"valueName\":\"search_term_string\"}}],\"inLanguage\":\"nl-NL\"},{\"@type\":\"Organization\",\"@id\":\"https:\\\/\\\/weather-radar-live.com\\\/#organization\",\"name\":\"weather-radar-live.com\",\"url\":\"https:\\\/\\\/weather-radar-live.com\\\/\",\"logo\":{\"@type\":\"ImageObject\",\"inLanguage\":\"nl-NL\",\"@id\":\"https:\\\/\\\/weather-radar-live.com\\\/#\\\/schema\\\/logo\\\/image\\\/\",\"url\":\"https:\\\/\\\/weather-radar-live.com\\\/wp-content\\\/uploads\\\/2022\\\/03\\\/cropped-WRL2503.png\",\"contentUrl\":\"https:\\\/\\\/weather-radar-live.com\\\/wp-content\\\/uploads\\\/2022\\\/03\\\/cropped-WRL2503.png\",\"width\":1920,\"height\":555,\"caption\":\"weather-radar-live.com\"},\"image\":{\"@id\":\"https:\\\/\\\/weather-radar-live.com\\\/#\\\/schema\\\/logo\\\/image\\\/\"}}]}<\/script>\n<!-- \/ Yoast SEO plugin. -->","yoast_head_json":{"title":"Webcam Le Lavandou \u2192 Bekijk het live!","description":"Webcam Le Lavandou | Livecam van Le Lavandou! \u2705 Voor u in real time bijgewerkt! \u2705 Actuele weersvoorspelling!","robots":{"index":"index","follow":"follow","max-snippet":"max-snippet:-1","max-image-preview":"max-image-preview:large","max-video-preview":"max-video-preview:-1"},"canonical":"https:\/\/weather-radar-live.com\/nl\/webcam\/frankrijk\/webcam-le-lavandou\/","og_locale":"nl_NL","og_type":"article","og_title":"Webcam Le Lavandou \u2192 Bekijk het live!","og_description":"Webcam Le Lavandou | Livecam van Le Lavandou! \u2705 Voor u in real time bijgewerkt! \u2705 Actuele weersvoorspelling!","og_url":"https:\/\/weather-radar-live.com\/nl\/webcam\/frankrijk\/webcam-le-lavandou\/","og_site_name":"weather-radar-live.com","article_modified_time":"2022-07-19T14:46:03+00:00","og_image":[{"width":1920,"height":870,"url":"https:\/\/weather-radar-live.com\/wp-content\/uploads\/2022\/04\/Webcam-Le-Lavandou--e1650541821630.jpg","type":"image\/jpeg"}],"twitter_card":"summary_large_image","twitter_misc":{"Geschatte leestijd":"3 minuten"},"schema":{"@context":"https:\/\/schema.org","@graph":[{"@type":"WebPage","@id":"https:\/\/weather-radar-live.com\/nl\/webcam\/frankrijk\/webcam-le-lavandou\/","url":"https:\/\/weather-radar-live.com\/nl\/webcam\/frankrijk\/webcam-le-lavandou\/","name":"Webcam Le Lavandou \u2192 Bekijk het live!","isPartOf":{"@id":"https:\/\/weather-radar-live.com\/#website"},"primaryImageOfPage":{"@id":"https:\/\/weather-radar-live.com\/nl\/webcam\/frankrijk\/webcam-le-lavandou\/#primaryimage"},"image":{"@id":"https:\/\/weather-radar-live.com\/nl\/webcam\/frankrijk\/webcam-le-lavandou\/#primaryimage"},"thumbnailUrl":"https:\/\/weather-radar-live.com\/wp-content\/uploads\/2022\/04\/Webcam-Le-Lavandou--e1650541821630.jpg","datePublished":"2022-07-19T14:44:20+00:00","dateModified":"2022-07-19T14:46:03+00:00","description":"Webcam Le Lavandou | Livecam van Le Lavandou! \u2705 Voor u in real time bijgewerkt! \u2705 Actuele weersvoorspelling!","breadcrumb":{"@id":"https:\/\/weather-radar-live.com\/nl\/webcam\/frankrijk\/webcam-le-lavandou\/#breadcrumb"},"inLanguage":"nl-NL","potentialAction":[{"@type":"ReadAction","target":["https:\/\/weather-radar-live.com\/nl\/webcam\/frankrijk\/webcam-le-lavandou\/"]}]},{"@type":"ImageObject","inLanguage":"nl-NL","@id":"https:\/\/weather-radar-live.com\/nl\/webcam\/frankrijk\/webcam-le-lavandou\/#primaryimage","url":"https:\/\/weather-radar-live.com\/wp-content\/uploads\/2022\/04\/Webcam-Le-Lavandou--e1650541821630.jpg","contentUrl":"https:\/\/weather-radar-live.com\/wp-content\/uploads\/2022\/04\/Webcam-Le-Lavandou--e1650541821630.jpg","width":1920,"height":870,"caption":"Webcam Le Lavandou"},{"@type":"BreadcrumbList","@id":"https:\/\/weather-radar-live.com\/nl\/webcam\/frankrijk\/webcam-le-lavandou\/#breadcrumb","itemListElement":[{"@type":"ListItem","position":1,"name":"Weather Radar Live","item":"https:\/\/weather-radar-live.com\/nl\/"},{"@type":"ListItem","position":2,"name":"Webcam","item":"https:\/\/weather-radar-live.com\/nl\/webcam\/"},{"@type":"ListItem","position":3,"name":"Frankrijk","item":"https:\/\/weather-radar-live.com\/nl\/webcam\/frankrijk\/"},{"@type":"ListItem","position":4,"name":"Webcam Le Lavandou"}]},{"@type":"WebSite","@id":"https:\/\/weather-radar-live.com\/#website","url":"https:\/\/weather-radar-live.com\/","name":"weather-radar-live.com","description":"Your weather and sky radar.","publisher":{"@id":"https:\/\/weather-radar-live.com\/#organization"},"potentialAction":[{"@type":"SearchAction","target":{"@type":"EntryPoint","urlTemplate":"https:\/\/weather-radar-live.com\/?s={search_term_string}"},"query-input":{"@type":"PropertyValueSpecification","valueRequired":true,"valueName":"search_term_string"}}],"inLanguage":"nl-NL"},{"@type":"Organization","@id":"https:\/\/weather-radar-live.com\/#organization","name":"weather-radar-live.com","url":"https:\/\/weather-radar-live.com\/","logo":{"@type":"ImageObject","inLanguage":"nl-NL","@id":"https:\/\/weather-radar-live.com\/#\/schema\/logo\/image\/","url":"https:\/\/weather-radar-live.com\/wp-content\/uploads\/2022\/03\/cropped-WRL2503.png","contentUrl":"https:\/\/weather-radar-live.com\/wp-content\/uploads\/2022\/03\/cropped-WRL2503.png","width":1920,"height":555,"caption":"weather-radar-live.com"},"image":{"@id":"https:\/\/weather-radar-live.com\/#\/schema\/logo\/image\/"}}]}},"_links":{"self":[{"href":"https:\/\/weather-radar-live.com\/nl\/wp-json\/wp\/v2\/pages\/5154","targetHints":{"allow":["GET"]}}],"collection":[{"href":"https:\/\/weather-radar-live.com\/nl\/wp-json\/wp\/v2\/pages"}],"about":[{"href":"https:\/\/weather-radar-live.com\/nl\/wp-json\/wp\/v2\/types\/page"}],"author":[{"embeddable":true,"href":"https:\/\/weather-radar-live.com\/nl\/wp-json\/wp\/v2\/users\/1"}],"replies":[{"embeddable":true,"href":"https:\/\/weather-radar-live.com\/nl\/wp-json\/wp\/v2\/comments?post=5154"}],"version-history":[{"count":2,"href":"https:\/\/weather-radar-live.com\/nl\/wp-json\/wp\/v2\/pages\/5154\/revisions"}],"predecessor-version":[{"id":5176,"href":"https:\/\/weather-radar-live.com\/nl\/wp-json\/wp\/v2\/pages\/5154\/revisions\/5176"}],"up":[{"embeddable":true,"href":"https:\/\/weather-radar-live.com\/nl\/wp-json\/wp\/v2\/pages\/4176"}],"wp:featuredmedia":[{"embeddable":true,"href":"https:\/\/weather-radar-live.com\/nl\/wp-json\/wp\/v2\/media\/3898"}],"wp:attachment":[{"href":"https:\/\/weather-radar-live.com\/nl\/wp-json\/wp\/v2\/media?parent=5154"}],"curies":[{"name":"wp","href":"https:\/\/api.w.org\/{rel}","templated":true}]}}