{"id":4697,"date":"2022-07-18T16:54:56","date_gmt":"2022-07-18T14:54:56","guid":{"rendered":"https:\/\/weather-radar-live.com\/?page_id=4697"},"modified":"2022-07-19T07:39:16","modified_gmt":"2022-07-19T05:39:16","slug":"webcam-peniscola","status":"publish","type":"page","link":"https:\/\/weather-radar-live.com\/nl\/webcam\/spanje\/webcam-peniscola\/","title":{"rendered":"Webcam Pe\u00f1iscola"},"content":{"rendered":"<div id=\"weath-3165321276\" class=\"weath-vor-dem-inhalt weath-entity-placement\" style=\"margin-top: 15px;margin-right: 25px;margin-bottom: 40px;margin-left: 25px;\"><script async src=\"\/\/pagead2.googlesyndication.com\/pagead\/js\/adsbygoogle.js?client=ca-pub-8960936133935804\" crossorigin=\"anonymous\"><\/script><ins class=\"adsbygoogle\" style=\"display:block;\" data-ad-client=\"ca-pub-8960936133935804\" \ndata-ad-slot=\"6172817020\" \ndata-ad-format=\"auto\"><\/ins>\n<script> \n(adsbygoogle = window.adsbygoogle || []).push({}); \n<\/script>\n<\/div>\n<div class=\"wp-block-cover alignfull is-light\"><span aria-hidden=\"true\" class=\"wp-block-cover__gradient-background has-background-dim\"><\/span><img decoding=\"async\" class=\"wp-block-cover__image-background wp-image-342\" alt=\"Webcam Pe\u00f1iscola\" src=\"https:\/\/weather-radar-live.com\/wp-content\/uploads\/2021\/06\/sam-schooler-E9aetBe2w40-unsplash-e1622554814366.jpg\" data-object-fit=\"cover\"\/><div class=\"wp-block-cover__inner-container is-layout-flow wp-block-cover-is-layout-flow\">\n<h2 class=\"has-text-align-center heading wp-block-heading\" id=\"webcam-fort-mahon\" style=\"font-size:40px\"><strong><mark style=\"background-color:rgba(0, 0, 0, 0)\" class=\"has-inline-color has-base-3-color\">WEBCAM <\/mark><\/strong><br><strong><mark style=\"background-color:rgba(0, 0, 0, 0)\" class=\"has-inline-color has-base-3-color\">PE\u00d1ISCOLA<\/mark><\/strong><\/h2>\n<\/div><\/div>\n\n\n<div class=\"yoast-breadcrumbs\"><span><span><a href=\"https:\/\/weather-radar-live.com\/nl\/\">Weather Radar Live<\/a><\/span> \u00bb <span><a href=\"https:\/\/weather-radar-live.com\/nl\/webcam\/\">Webcam<\/a><\/span> \u00bb <span><a href=\"https:\/\/weather-radar-live.com\/nl\/webcam\/spanje\/\">Spanje<\/a><\/span> \u00bb <span class=\"breadcrumb_last\" aria-current=\"page\"><strong>Webcam Pe\u00f1iscola<\/strong><\/span><\/span><\/div>\n\n\n<h2 class=\"has-text-align-center wp-block-heading\" id=\"webcam-fort-mahon\"><strong>Webcam Pe\u00f1iscola<\/strong><\/h2>\n\n\n\n<p>De Spaanse kustplaats Pe\u00f1iscola met zijn 8.000 inwoners ligt in de provincie Castell\u00f3n in het noorden van Valencia. De oude stad van het dorp ligt schilderachtig op een 64 meter hoge rots in zee, op de top waarvan een oud kasteel staat. Het werd tussen 1294 en 1307 gebouwd door de Orde van de Tempeliers. Laat u imponeren door de unieke charme van de historische oude stad met onze webcam Pe\u00f1iscola en ga op een spannende ontdekkingstocht door de smalle straatjes van de stad.<\/p>\n\n\n\n<p>Onder het kasteel nestelen hoge witte huizen zich rond de rots, die het historische centrum van Pe\u00f1iscola vormt en omsloten wordt door een dikke stadsmuur. Dit in tegenstelling tot de lanen en de nieuw aangelegde straten van de toeristenwijk.<\/p><div id=\"weath-3978217942\" class=\"weath-inhalt_2 weath-entity-placement\" style=\"margin-top: 15px;margin-right: 25px;margin-bottom: 35px;margin-left: 25px;\"><script async src=\"\/\/pagead2.googlesyndication.com\/pagead\/js\/adsbygoogle.js?client=ca-pub-8960936133935804\" crossorigin=\"anonymous\"><\/script><ins class=\"adsbygoogle\" style=\"display:block;\" data-ad-client=\"ca-pub-8960936133935804\" \ndata-ad-slot=\"1963584050\" \ndata-ad-format=\"auto\"><\/ins>\n<script> \n(adsbygoogle = window.adsbygoogle || []).push({}); \n<\/script>\n<\/div>\n\n\n\n<div class=\"wp-block-columns is-layout-flex wp-container-core-columns-is-layout-9d6595d7 wp-block-columns-is-layout-flex\">\n<div class=\"wp-block-column webcam-column is-layout-flow wp-block-column-is-layout-flow\">\n<h3 class=\"has-text-align-center live-emoji wp-block-heading\"> <strong>webcam Pe\u00f1iscola<\/strong> Beach <\/h3>\n\n\n\n<a name=\"windy-webcam-timelapse-player\" data-id=\"1206064909\" data-play=\"day\" href=\"https:\/\/windy.com\/webcams\/1206064909\" target=\"_blank\" rel=\"noopener\">Peniscola<\/a><script async=\"\" type=\"text\/javascript\" src=\"https:\/\/webcams.windy.com\/webcams\/public\/embed\/script\/player.js\"><\/script>\n<\/div>\n<\/div>\n\n\n\n<h3 class=\"has-text-align-center live-emoji wp-block-heading\"> <strong>webcam <strong>Pe\u00f1iscola<\/strong><\/strong> kasteel<\/h3>\n\n\n\n<a name=\"windy-webcam-timelapse-player\" data-id=\"1629234914\" data-play=\"day\" href=\"https:\/\/windy.com\/webcams\/1629234914\" target=\"_blank\" rel=\"noopener\">Peniscola: Kasteel van Peniscola<\/a><script async=\"\" type=\"text\/javascript\" src=\"https:\/\/webcams.windy.com\/webcams\/public\/embed\/script\/player.js\"><\/script>\n\n\n\n<h2 class=\"wp-block-heading\" id=\"fort-mahon-today\"><strong>Weerradar Pe\u00f1iscola &#8211; Het weer in Pe\u00f1iscola<\/strong><\/h2>\n\n\n\n<p>Volg het weer in real time in deze kustplaats met onze webcam Pe\u00f1iscola. Verdere belangrijke informatie over het weer in Pe\u00f1iscola vindt u op onze weerradar. Dit bevat niet alleen de actuele weersvoorspelling voor de stad, maar informeert u ook over de neerslaggebieden. Afhankelijk van de intensiteit worden de neerslaggebieden in verschillende kleuren aangegeven. Blauwe en groene gebieden staan voor neerslaggebieden met geringe hoeveelheden neerslag. Paarse en rode gebieden daarentegen duiden op zware neerslag met kans op noodweer. Bovendien worden onweersbuien u ook getoond met kleine bliksemsymbolen op de weerradar. Zo bent u altijd op de hoogte van de actuele weersomstandigheden in Pe\u00f1iscola met onze webcam en weerradar.<\/p>\n\n\n\n<div class=\"wp-block-columns is-layout-flex wp-container-core-columns-is-layout-9d6595d7 wp-block-columns-is-layout-flex\">\n<div class=\"wp-block-column is-layout-flow wp-block-column-is-layout-flow\" style=\"flex-basis:75%\">\n<iframe loading=\"lazy\" width=\"1300\" height=\"502\" src=\"https:\/\/embed.windy.com\/embed2.html?lat=40.365&amp;lon=0.378&amp;detailLat=40.365&amp;detailLon=0.378&amp;width=1300&amp;height=502&amp;zoom=11&amp;level=surface&amp;overlay=rain&amp;product=ecmwf&amp;menu=&amp;message=&amp;marker=&amp;calendar=now&amp;pressure=&amp;type=map&amp;location=coordinates&amp;detail=&amp;metricWind=default&amp;metricTemp=default&amp;radarRange=-1\" frameborder=\"0\"><\/iframe>\n<\/div>\n\n\n\n<div class=\"wp-block-column is-layout-flow wp-block-column-is-layout-flow\" style=\"flex-basis:25%\">\n<a class=\"weatherwidget-io\" href=\"https:\/\/forecast7.com\/nl\/40d370d39\/peniscola\/\" data-label_1=\"PENISCOLA\" data-theme=\"original\">PENISCOLA<\/a>\n<script>\n!function(d,s,id){var js,fjs=d.getElementsByTagName(s)[0];if(!d.getElementById(id)){js=d.createElement(s);js.id=id;js.src='https:\/\/weatherwidget.io\/js\/widget.min.js';fjs.parentNode.insertBefore(js,fjs);}}(document,'script','weatherwidget-io-js');\n<\/script>\n<\/div>\n<\/div>\n\n\n\n<h2 class=\"wp-block-heading\" id=\"fort-mahon-weather\"><strong>Het klimaat in Pe\u00f1iscola<\/strong><\/h2>\n\n\n\n<p>Het klimaat in de Spaanse stad Pe\u00f1iscola wordt bepaald door het mediterrane klimaat. De gemiddelde jaartemperatuur is hier een milde 20 \u00b0C, met hete, droge zomers en zachte winters. De hoogste temperaturen zijn gemiddeld 28 \u00b0C in juli en dalen tot gemiddeld 13 \u00b0C in januari in de winter. Over het algemeen is Pe\u00f1iscola zeer zonnig en droog, met ongeveer 300 dagen zonneschijn, wat resulteert in een gemiddelde jaarlijkse neerslag van 219 mm.<\/p>\n\n\n\n<h2 class=\"wp-block-heading\"><strong>Bezienswaardigheden in Pe\u00f1iscola<\/strong><\/h2>\n\n\n\n<p>Ga op een spannende ontdekkingstocht door de historische oude stad Pe\u00f1iscola. Hier wachten, behalve de parochiekerk Santa Maria en de kapel Virgen de la Ermitana, talrijke restaurants en souvenirwinkeltjes op u in de smalle straatjes. De lange zandstranden rond de stad zorgen voor een verfrissende duik in de Middellandse Zee. Een verandering van landschap ten opzichte van de dichtbebouwde kustplaats vindt u ten zuiden van Pe\u00f1iscola in het natuurpark Sierra de Irta. Dit is een van de weinige stukken kust in de streek die nog ongerept zijn. Wij raden u ook het bergachtige achterland van El Maestrat aan, dat op u wacht met een prachtige natuur en kleine dorpjes in een landelijke sfeer.<\/p>\n","protected":false},"excerpt":{"rendered":"<p>Webcam Pe\u00f1iscola De Spaanse kustplaats Pe\u00f1iscola met zijn 8.000 inwoners ligt in de provincie Castell\u00f3n in het noorden van Valencia. De oude stad van het dorp ligt schilderachtig op een 64 meter hoge rots in zee, op de top waarvan een oud kasteel staat. Het werd tussen 1294 en 1307 gebouwd door de Orde van &#8230; <a title=\"Webcam Pe\u00f1iscola\" class=\"read-more\" href=\"https:\/\/weather-radar-live.com\/nl\/webcam\/spanje\/webcam-peniscola\/\" aria-label=\"Lees meer over Webcam Pe\u00f1iscola\">Lees verder<\/a><\/p>\n","protected":false},"author":1,"featured_media":4995,"parent":4346,"menu_order":0,"comment_status":"closed","ping_status":"closed","template":"","meta":{"footnotes":""},"class_list":["post-4697","page","type-page","status-publish","has-post-thumbnail"],"yoast_head":"<!-- This site is optimized with the Yoast SEO plugin v27.5 - https:\/\/yoast.com\/product\/yoast-seo-wordpress\/ -->\n<title>Webcam Pe\u00f1iscola \u2192 Bekijk het live!<\/title>\n<meta name=\"description\" content=\"Webcam Pe\u00f1iscola | Livecam van Pe\u00f1iscola! \u2705 Voor u in real time bijgewerkt! \u2705 Actuele weersverwachting!\" \/>\n<meta name=\"robots\" content=\"index, follow, max-snippet:-1, max-image-preview:large, max-video-preview:-1\" \/>\n<link rel=\"canonical\" href=\"https:\/\/weather-radar-live.com\/nl\/webcam\/spanje\/webcam-peniscola\/\" \/>\n<meta property=\"og:locale\" content=\"nl_NL\" \/>\n<meta property=\"og:type\" content=\"article\" \/>\n<meta property=\"og:title\" content=\"Webcam Pe\u00f1iscola \u2192 Bekijk het live!\" \/>\n<meta property=\"og:description\" content=\"Webcam Pe\u00f1iscola | Livecam van Pe\u00f1iscola! \u2705 Voor u in real time bijgewerkt! \u2705 Actuele weersverwachting!\" \/>\n<meta property=\"og:url\" content=\"https:\/\/weather-radar-live.com\/nl\/webcam\/spanje\/webcam-peniscola\/\" \/>\n<meta property=\"og:site_name\" content=\"weather-radar-live.com\" \/>\n<meta property=\"article:modified_time\" content=\"2022-07-19T05:39:16+00:00\" \/>\n<meta property=\"og:image\" content=\"https:\/\/weather-radar-live.com\/wp-content\/uploads\/2021\/06\/sam-schooler-E9aetBe2w40-unsplash-e1622554814366.jpg\" \/>\n<meta name=\"twitter:card\" content=\"summary_large_image\" \/>\n<meta name=\"twitter:label1\" content=\"Geschatte leestijd\" \/>\n\t<meta name=\"twitter:data1\" content=\"3 minuten\" \/>\n<script type=\"application\/ld+json\" class=\"yoast-schema-graph\">{\"@context\":\"https:\\\/\\\/schema.org\",\"@graph\":[{\"@type\":\"WebPage\",\"@id\":\"https:\\\/\\\/weather-radar-live.com\\\/nl\\\/webcam\\\/spanje\\\/webcam-peniscola\\\/\",\"url\":\"https:\\\/\\\/weather-radar-live.com\\\/nl\\\/webcam\\\/spanje\\\/webcam-peniscola\\\/\",\"name\":\"Webcam Pe\u00f1iscola \u2192 Bekijk het live!\",\"isPartOf\":{\"@id\":\"https:\\\/\\\/weather-radar-live.com\\\/#website\"},\"primaryImageOfPage\":{\"@id\":\"https:\\\/\\\/weather-radar-live.com\\\/nl\\\/webcam\\\/spanje\\\/webcam-peniscola\\\/#primaryimage\"},\"image\":{\"@id\":\"https:\\\/\\\/weather-radar-live.com\\\/nl\\\/webcam\\\/spanje\\\/webcam-peniscola\\\/#primaryimage\"},\"thumbnailUrl\":\"https:\\\/\\\/weather-radar-live.com\\\/wp-content\\\/uploads\\\/2022\\\/07\\\/Webcam-Peniscola-e1658218266492.png\",\"datePublished\":\"2022-07-18T14:54:56+00:00\",\"dateModified\":\"2022-07-19T05:39:16+00:00\",\"description\":\"Webcam Pe\u00f1iscola | Livecam van Pe\u00f1iscola! \u2705 Voor u in real time bijgewerkt! \u2705 Actuele weersverwachting!\",\"breadcrumb\":{\"@id\":\"https:\\\/\\\/weather-radar-live.com\\\/nl\\\/webcam\\\/spanje\\\/webcam-peniscola\\\/#breadcrumb\"},\"inLanguage\":\"nl-NL\",\"potentialAction\":[{\"@type\":\"ReadAction\",\"target\":[\"https:\\\/\\\/weather-radar-live.com\\\/nl\\\/webcam\\\/spanje\\\/webcam-peniscola\\\/\"]}]},{\"@type\":\"ImageObject\",\"inLanguage\":\"nl-NL\",\"@id\":\"https:\\\/\\\/weather-radar-live.com\\\/nl\\\/webcam\\\/spanje\\\/webcam-peniscola\\\/#primaryimage\",\"url\":\"https:\\\/\\\/weather-radar-live.com\\\/wp-content\\\/uploads\\\/2022\\\/07\\\/Webcam-Peniscola-e1658218266492.png\",\"contentUrl\":\"https:\\\/\\\/weather-radar-live.com\\\/wp-content\\\/uploads\\\/2022\\\/07\\\/Webcam-Peniscola-e1658218266492.png\",\"width\":838,\"height\":527,\"caption\":\"Webcam Peniscola\"},{\"@type\":\"BreadcrumbList\",\"@id\":\"https:\\\/\\\/weather-radar-live.com\\\/nl\\\/webcam\\\/spanje\\\/webcam-peniscola\\\/#breadcrumb\",\"itemListElement\":[{\"@type\":\"ListItem\",\"position\":1,\"name\":\"Weather Radar Live\",\"item\":\"https:\\\/\\\/weather-radar-live.com\\\/nl\\\/\"},{\"@type\":\"ListItem\",\"position\":2,\"name\":\"Webcam\",\"item\":\"https:\\\/\\\/weather-radar-live.com\\\/nl\\\/webcam\\\/\"},{\"@type\":\"ListItem\",\"position\":3,\"name\":\"Spanje\",\"item\":\"https:\\\/\\\/weather-radar-live.com\\\/nl\\\/webcam\\\/spanje\\\/\"},{\"@type\":\"ListItem\",\"position\":4,\"name\":\"Webcam Pe\u00f1iscola\"}]},{\"@type\":\"WebSite\",\"@id\":\"https:\\\/\\\/weather-radar-live.com\\\/#website\",\"url\":\"https:\\\/\\\/weather-radar-live.com\\\/\",\"name\":\"weather-radar-live.com\",\"description\":\"Your weather and sky radar.\",\"publisher\":{\"@id\":\"https:\\\/\\\/weather-radar-live.com\\\/#organization\"},\"potentialAction\":[{\"@type\":\"SearchAction\",\"target\":{\"@type\":\"EntryPoint\",\"urlTemplate\":\"https:\\\/\\\/weather-radar-live.com\\\/?s={search_term_string}\"},\"query-input\":{\"@type\":\"PropertyValueSpecification\",\"valueRequired\":true,\"valueName\":\"search_term_string\"}}],\"inLanguage\":\"nl-NL\"},{\"@type\":\"Organization\",\"@id\":\"https:\\\/\\\/weather-radar-live.com\\\/#organization\",\"name\":\"weather-radar-live.com\",\"url\":\"https:\\\/\\\/weather-radar-live.com\\\/\",\"logo\":{\"@type\":\"ImageObject\",\"inLanguage\":\"nl-NL\",\"@id\":\"https:\\\/\\\/weather-radar-live.com\\\/#\\\/schema\\\/logo\\\/image\\\/\",\"url\":\"https:\\\/\\\/weather-radar-live.com\\\/wp-content\\\/uploads\\\/2022\\\/03\\\/cropped-WRL2503.png\",\"contentUrl\":\"https:\\\/\\\/weather-radar-live.com\\\/wp-content\\\/uploads\\\/2022\\\/03\\\/cropped-WRL2503.png\",\"width\":1920,\"height\":555,\"caption\":\"weather-radar-live.com\"},\"image\":{\"@id\":\"https:\\\/\\\/weather-radar-live.com\\\/#\\\/schema\\\/logo\\\/image\\\/\"}}]}<\/script>\n<!-- \/ Yoast SEO plugin. -->","yoast_head_json":{"title":"Webcam Pe\u00f1iscola \u2192 Bekijk het live!","description":"Webcam Pe\u00f1iscola | Livecam van Pe\u00f1iscola! \u2705 Voor u in real time bijgewerkt! \u2705 Actuele weersverwachting!","robots":{"index":"index","follow":"follow","max-snippet":"max-snippet:-1","max-image-preview":"max-image-preview:large","max-video-preview":"max-video-preview:-1"},"canonical":"https:\/\/weather-radar-live.com\/nl\/webcam\/spanje\/webcam-peniscola\/","og_locale":"nl_NL","og_type":"article","og_title":"Webcam Pe\u00f1iscola \u2192 Bekijk het live!","og_description":"Webcam Pe\u00f1iscola | Livecam van Pe\u00f1iscola! \u2705 Voor u in real time bijgewerkt! \u2705 Actuele weersverwachting!","og_url":"https:\/\/weather-radar-live.com\/nl\/webcam\/spanje\/webcam-peniscola\/","og_site_name":"weather-radar-live.com","article_modified_time":"2022-07-19T05:39:16+00:00","og_image":[{"url":"https:\/\/weather-radar-live.com\/wp-content\/uploads\/2021\/06\/sam-schooler-E9aetBe2w40-unsplash-e1622554814366.jpg","type":"","width":"","height":""}],"twitter_card":"summary_large_image","twitter_misc":{"Geschatte leestijd":"3 minuten"},"schema":{"@context":"https:\/\/schema.org","@graph":[{"@type":"WebPage","@id":"https:\/\/weather-radar-live.com\/nl\/webcam\/spanje\/webcam-peniscola\/","url":"https:\/\/weather-radar-live.com\/nl\/webcam\/spanje\/webcam-peniscola\/","name":"Webcam Pe\u00f1iscola \u2192 Bekijk het live!","isPartOf":{"@id":"https:\/\/weather-radar-live.com\/#website"},"primaryImageOfPage":{"@id":"https:\/\/weather-radar-live.com\/nl\/webcam\/spanje\/webcam-peniscola\/#primaryimage"},"image":{"@id":"https:\/\/weather-radar-live.com\/nl\/webcam\/spanje\/webcam-peniscola\/#primaryimage"},"thumbnailUrl":"https:\/\/weather-radar-live.com\/wp-content\/uploads\/2022\/07\/Webcam-Peniscola-e1658218266492.png","datePublished":"2022-07-18T14:54:56+00:00","dateModified":"2022-07-19T05:39:16+00:00","description":"Webcam Pe\u00f1iscola | Livecam van Pe\u00f1iscola! \u2705 Voor u in real time bijgewerkt! \u2705 Actuele weersverwachting!","breadcrumb":{"@id":"https:\/\/weather-radar-live.com\/nl\/webcam\/spanje\/webcam-peniscola\/#breadcrumb"},"inLanguage":"nl-NL","potentialAction":[{"@type":"ReadAction","target":["https:\/\/weather-radar-live.com\/nl\/webcam\/spanje\/webcam-peniscola\/"]}]},{"@type":"ImageObject","inLanguage":"nl-NL","@id":"https:\/\/weather-radar-live.com\/nl\/webcam\/spanje\/webcam-peniscola\/#primaryimage","url":"https:\/\/weather-radar-live.com\/wp-content\/uploads\/2022\/07\/Webcam-Peniscola-e1658218266492.png","contentUrl":"https:\/\/weather-radar-live.com\/wp-content\/uploads\/2022\/07\/Webcam-Peniscola-e1658218266492.png","width":838,"height":527,"caption":"Webcam Peniscola"},{"@type":"BreadcrumbList","@id":"https:\/\/weather-radar-live.com\/nl\/webcam\/spanje\/webcam-peniscola\/#breadcrumb","itemListElement":[{"@type":"ListItem","position":1,"name":"Weather Radar Live","item":"https:\/\/weather-radar-live.com\/nl\/"},{"@type":"ListItem","position":2,"name":"Webcam","item":"https:\/\/weather-radar-live.com\/nl\/webcam\/"},{"@type":"ListItem","position":3,"name":"Spanje","item":"https:\/\/weather-radar-live.com\/nl\/webcam\/spanje\/"},{"@type":"ListItem","position":4,"name":"Webcam Pe\u00f1iscola"}]},{"@type":"WebSite","@id":"https:\/\/weather-radar-live.com\/#website","url":"https:\/\/weather-radar-live.com\/","name":"weather-radar-live.com","description":"Your weather and sky radar.","publisher":{"@id":"https:\/\/weather-radar-live.com\/#organization"},"potentialAction":[{"@type":"SearchAction","target":{"@type":"EntryPoint","urlTemplate":"https:\/\/weather-radar-live.com\/?s={search_term_string}"},"query-input":{"@type":"PropertyValueSpecification","valueRequired":true,"valueName":"search_term_string"}}],"inLanguage":"nl-NL"},{"@type":"Organization","@id":"https:\/\/weather-radar-live.com\/#organization","name":"weather-radar-live.com","url":"https:\/\/weather-radar-live.com\/","logo":{"@type":"ImageObject","inLanguage":"nl-NL","@id":"https:\/\/weather-radar-live.com\/#\/schema\/logo\/image\/","url":"https:\/\/weather-radar-live.com\/wp-content\/uploads\/2022\/03\/cropped-WRL2503.png","contentUrl":"https:\/\/weather-radar-live.com\/wp-content\/uploads\/2022\/03\/cropped-WRL2503.png","width":1920,"height":555,"caption":"weather-radar-live.com"},"image":{"@id":"https:\/\/weather-radar-live.com\/#\/schema\/logo\/image\/"}}]}},"_links":{"self":[{"href":"https:\/\/weather-radar-live.com\/nl\/wp-json\/wp\/v2\/pages\/4697","targetHints":{"allow":["GET"]}}],"collection":[{"href":"https:\/\/weather-radar-live.com\/nl\/wp-json\/wp\/v2\/pages"}],"about":[{"href":"https:\/\/weather-radar-live.com\/nl\/wp-json\/wp\/v2\/types\/page"}],"author":[{"embeddable":true,"href":"https:\/\/weather-radar-live.com\/nl\/wp-json\/wp\/v2\/users\/1"}],"replies":[{"embeddable":true,"href":"https:\/\/weather-radar-live.com\/nl\/wp-json\/wp\/v2\/comments?post=4697"}],"version-history":[{"count":3,"href":"https:\/\/weather-radar-live.com\/nl\/wp-json\/wp\/v2\/pages\/4697\/revisions"}],"predecessor-version":[{"id":4872,"href":"https:\/\/weather-radar-live.com\/nl\/wp-json\/wp\/v2\/pages\/4697\/revisions\/4872"}],"up":[{"embeddable":true,"href":"https:\/\/weather-radar-live.com\/nl\/wp-json\/wp\/v2\/pages\/4346"}],"wp:featuredmedia":[{"embeddable":true,"href":"https:\/\/weather-radar-live.com\/nl\/wp-json\/wp\/v2\/media\/4995"}],"wp:attachment":[{"href":"https:\/\/weather-radar-live.com\/nl\/wp-json\/wp\/v2\/media?parent=4697"}],"curies":[{"name":"wp","href":"https:\/\/api.w.org\/{rel}","templated":true}]}}