{"id":7853,"date":"2024-11-30T16:45:49","date_gmt":"2024-11-30T15:45:49","guid":{"rendered":"https:\/\/weather-radar-live.com\/lunar-calender\/"},"modified":"2024-11-30T17:36:01","modified_gmt":"2024-11-30T16:36:01","slug":"calendario-lunare","status":"publish","type":"page","link":"https:\/\/weather-radar-live.com\/it\/calendario-lunare\/","title":{"rendered":"Calendario lunare"},"content":{"rendered":"<div id=\"weath-3044571096\" class=\"weath-vor-dem-inhalt weath-entity-placement\" style=\"margin-top: 15px;margin-right: 25px;margin-bottom: 40px;margin-left: 25px;\"><script async src=\"\/\/pagead2.googlesyndication.com\/pagead\/js\/adsbygoogle.js?client=ca-pub-8960936133935804\" crossorigin=\"anonymous\"><\/script><ins class=\"adsbygoogle\" style=\"display:block;\" data-ad-client=\"ca-pub-8960936133935804\" \ndata-ad-slot=\"6172817020\" \ndata-ad-format=\"auto\"><\/ins>\n<script> \n(adsbygoogle = window.adsbygoogle || []).push({}); \n<\/script>\n<\/div>\n<div class=\"wp-block-cover alignfull is-light\"><span aria-hidden=\"true\" class=\"wp-block-cover__background has-contrast-background-color has-background-dim-30 has-background-dim\"><\/span><video class=\"wp-block-cover__video-background intrinsic-ignore\" autoplay muted loop playsinline src=\"https:\/\/weather-radar-live.com\/wp-content\/uploads\/2024\/11\/Moon-Calender-Video.mp4\" data-object-fit=\"cover\"><\/video><div class=\"wp-block-cover__inner-container is-layout-flow wp-block-cover-is-layout-flow\">\n<h2 class=\"wp-block-heading has-text-align-center heading has-contrast-3-color has-text-color has-link-color wp-elements-fffc0485179bdd19d61f3fe919cea6a6\" style=\"font-size:50px\"><strong><span class=\"has-inline-color has-white-color\">CALENDARIO<\/span><\/strong><br><mark style=\"background-color:rgba(0, 0, 0, 0)\" class=\"has-inline-color has-contrast-3-color\"><strong>LUNARE<\/strong><\/mark><\/h2>\n<\/div><\/div>\n\n\n\n<h1 class=\"wp-block-heading has-text-align-center has-contrast-2-color has-text-color has-link-color wp-elements-01cfbf65e968bcf62f77e735738fca50\"><strong>Calendario lunare<\/strong><\/h1>\n\n\n\n<p>Il calendario lunare \u00e8 uno strumento affascinante, utilizzato da secoli dalle persone per organizzare la propria vita in armonia con le fasi lunari. Che si tratti di agricoltura, orticoltura o vita personale, il calendario lunare offre preziose intuizioni e indicazioni. In questo articolo, scoprir\u00e0 tutto quello che c&#8217;\u00e8 da sapere sul calendario lunare, le sue possibili applicazioni e come pu\u00f2 utilizzarlo nella sua vita quotidiana.<\/p>\n\n\n\n<h2 class=\"wp-block-heading\"><strong>Che cos&#8217;\u00e8 il calendario lunare?<\/strong><\/h2>\n\n\n\n<div class=\"wp-block-columns is-layout-flex wp-container-core-columns-is-layout-9d6595d7 wp-block-columns-is-layout-flex\">\n<div class=\"wp-block-column is-layout-flow wp-block-column-is-layout-flow\">\n<p>Un calendario lunare si basa sulle fasi lunari e si differenzia dai calendari solari convenzionali che utilizziamo nella vita quotidiana. Mentre il calendario solare divide l&#8217;anno in 365 giorni, il calendario lunare si basa sui cicli della luna, che durano circa 29,5 giorni. Questi cicli non solo influenzano le maree, ma anche molti processi biologici e psicologici sulla Terra.<\/p>\n\n\n\n<p>Il calendario lunare divide l&#8217;anno in 12-13 mesi lunari, ognuno dei quali inizia con la luna nuova e termina con la luna nuova successiva. Ognuno di questi mesi \u00e8 composto da quattro fasi principali: <\/p>\n\n\n\n<ul class=\"wp-block-list\">\n<li>\ud83c\udf11 <a href=\"#Luna-nuova\">luna nuova<\/a>,<\/li>\n\n\n\n<li>\ud83c\udf12 <a href=\"#Luna-crescente\">luna crescente<\/a>,<\/li>\n\n\n\n<li><a href=\"#Luna-piena\">\ud83c\udf15 luna piena<\/a> e<\/li>\n\n\n\n<li>\ud83c\udf18 <a href=\"#Luna-calante\">luna calante<\/a>.<\/li>\n<\/ul>\n\n\n\n<p>Ogni fase ha le proprie caratteristiche e influenze che possono essere utilizzate in diversi ambiti della vita.<\/p>\n\n\n\n<p>Storicamente, il calendario lunare \u00e8 stato utilizzato da molte culture in tutto il mondo per pianificare eventi importanti come i raccolti, le feste religiose e altre attivit\u00e0 sociali. Ancora oggi, il calendario lunare viene utilizzato in vari settori, dall&#8217;agricoltura allo stile di vita personale.<\/p>\n\n\n\n<!--- Inizia il codice sorgente --->\n\t\t\n\t<!--- Condizioni d uso: I link e i testi contenuti nel codice sorgente\n\tnon pu\u00f2 essere rimosso, altrimenti il diritto d uso scade. \n\tIn caso di deviazioni desiderate si prega di contattare per posta. \n\tIndirizzo di posta sulla homepage.\n\t\t\n\tUn servizio gratuito da https:\/\/www.Der-Mond.de\/ --->\n\n\t\n\t\t<img decoding=\"async\" border=0 src=\"https:\/\/www.der-mond.de\/feature\/luna_kalender.php?version=5&#038;txue=Calendario+lunare&#038;trans=1&#038;zefu=1&#038;txph=1&#038;txmoph=1&#038;txmophti=1&#038;txmost=0&#038;txmostau=0&#038;txze=1&#038;zezo=1&#038;zeso=1&#038;schgr=12&#038;schriftart=Roboto&#038;schriftschnitt=0&#038;faan=1&#038;scro=0&#038;ragr=255&#038;rabl=255&#038;raro=255&#038;scgr=0&#038;scbl=0&#038;hiro=255&#038;higr=255&#038;hibl=255&#038;soep=1&#038;txsost=1&#038;txsostau=0&#038;geolagr=12&#038;geolami=0&#038;geolase=0&#038;geola=o&#038;geobrgr=42&#038;geobrmi=0&#038;geobrse=0&#038;geobr=n&#038;lang=it&#038;kalender_zeitraum=0&#038;jahr=2024&#038;monat=11\" alt=\"La luna - misteriosa compagna della nostra terra\" style=\"max-width: 100%\">\n \t\n\n\t<br>\n\n\tUn servizio di <a href=\"https:\/\/www.der-mond.de\/\" target=\"_blank\">www.Der-Mond.de<\/a>\n\n<!--- Fine del codice sorgente --->\n<\/div>\n<\/div>\n\n\n\n<h2 class=\"wp-block-heading\"><strong>Le fasi lunari e il loro significato<\/strong><\/h2>\n\n\n\n<h3 class=\"wp-block-heading\" id=\"Luna-nuova\">\ud83c\udf11 <strong>Luna nuova<\/strong><\/h3>\n\n\n\n<p id=\"Luna-nuova\">La luna nuova segna l&#8217;inizio di un nuovo ciclo lunare. Durante questa fase, la luna non \u00e8 visibile dalla terra perch\u00e9 si trova tra la terra e il sole. La luna nuova \u00e8 simbolo di nuovi inizi ed \u00e8 il momento ideale per iniziare nuovi progetti o interrompere vecchie abitudini. Molte persone utilizzano questa fase per fissare i loro obiettivi e fare piani per le prossime settimane.<\/p><div id=\"weath-2363819362\" class=\"weath-inhalt_2 weath-entity-placement\" style=\"margin-top: 15px;margin-right: 25px;margin-bottom: 35px;margin-left: 25px;\"><script async src=\"\/\/pagead2.googlesyndication.com\/pagead\/js\/adsbygoogle.js?client=ca-pub-8960936133935804\" crossorigin=\"anonymous\"><\/script><ins class=\"adsbygoogle\" style=\"display:block;\" data-ad-client=\"ca-pub-8960936133935804\" \ndata-ad-slot=\"1963584050\" \ndata-ad-format=\"auto\"><\/ins>\n<script> \n(adsbygoogle = window.adsbygoogle || []).push({}); \n<\/script>\n<\/div>\n\n\n\n<h3 class=\"wp-block-heading\" id=\"Luna-crescente\">\ud83c\udf12 <strong>Luna crescente<\/strong><\/h3>\n\n\n\n<p>Durante la fase di luna crescente, la luna passa da una stretta mezzaluna a una luna piena. Questa fase \u00e8 sinonimo di crescita e sviluppo. \u00c8 un momento in cui i progetti e i piani iniziati con la luna nuova possono essere rafforzati e sviluppati ulteriormente. In agricoltura, questa \u00e8 la fase in cui le piante vengono seminate e curate per promuovere una crescita sana.<\/p>\n\n\n\n<h3 class=\"wp-block-heading\" id=\"Luna-piena\"><strong>\ud83c\udf15 Luna piena<\/strong><\/h3>\n\n\n\n<p>La luna piena \u00e8 la fase in cui la luna \u00e8 completamente illuminata dal sole e appare in pieno splendore nel cielo notturno. Questa fase \u00e8 nota per la sua forte energia ed \u00e8 spesso associata a punti di forza e realizzazioni. Molte persone riferiscono di emozioni intense e di una maggiore creativit\u00e0 durante la luna piena. \u00c8 un buon momento per completare i progetti e raccogliere i frutti del suo duro lavoro.<\/p>\n\n\n\n<h3 class=\"wp-block-heading\" id=\"Luna-calante\">\ud83c\udf18 <strong>Luna calante<\/strong><\/h3>\n\n\n\n<p>Dopo la luna piena, la luna inizia a calare fino a diventare nuovamente luna nuova. Questa fase \u00e8 sinonimo di lasciarsi andare e di rilassarsi. \u00c8 il momento di liberarsi dei bagagli inutili e di concentrarsi sull&#8217;essenziale. In agricoltura, questa \u00e8 la fase in cui si raccolgono e si conservano i raccolti. Nella sfera personale, questo momento \u00e8 adatto alla riflessione e alla pulizia interiore.<\/p>\n\n\n\n<h2 class=\"wp-block-heading\"><strong>Riconoscere e ricordare le fasi lunari &#8211; una piccola mnemonica:<\/strong><\/h2>\n\n\n\n<p>Il &#8216;ciclo delle fasi lunari&#8217; inizia con la &#8216;luna nuova&#8217; e passa una volta ogni 29,53 giorni. Nell&#8217;emisfero settentrionale, pu\u00f2 facilmente memorizzare il ciclo:<\/p>\n\n\n\n<p><strong>\ud83c\udf1b Parentesi di chiusura = luna crescente<\/strong> &#8211; la luna diventa pi\u00f9 piena e pi\u00f9 rotonda. Poi l&#8217;intera faccenda si capovolge: <\/p>\n\n\n\n<p>\ud83c\udf1c <strong>s<\/strong> <strong>taffa<\/strong> <strong>aperta = luna calante<\/strong> &#8211; la luna si restringe fino a scomparire di nuovo.<\/p>\n\n\n\n<p>In questo modo, sa sempre se la luna \u00e8 crescente o calante.<\/p>\n\n\n\n<h2 class=\"wp-block-heading\"><strong>Utilizzare il calendario lunare nella vita quotidiana<\/strong><\/h2>\n\n\n\n<div class=\"wp-block-columns is-layout-flex wp-container-core-columns-is-layout-9d6595d7 wp-block-columns-is-layout-flex\">\n<div class=\"wp-block-column is-layout-flow wp-block-column-is-layout-flow\">\n<figure class=\"wp-block-image size-large shadow-box\"><img loading=\"lazy\" decoding=\"async\" width=\"1024\" height=\"771\" src=\"https:\/\/weather-radar-live.com\/wp-content\/uploads\/2024\/11\/The-moon-in-agriculture-1024x771.png\" alt=\"La luna in agricoltura.\" class=\"wp-image-7804\" srcset=\"https:\/\/weather-radar-live.com\/wp-content\/uploads\/2024\/11\/The-moon-in-agriculture-1024x771.png 1024w, https:\/\/weather-radar-live.com\/wp-content\/uploads\/2024\/11\/The-moon-in-agriculture-300x226.png 300w, https:\/\/weather-radar-live.com\/wp-content\/uploads\/2024\/11\/The-moon-in-agriculture-768x578.png 768w, https:\/\/weather-radar-live.com\/wp-content\/uploads\/2024\/11\/The-moon-in-agriculture.png 1232w\" sizes=\"auto, (max-width: 1024px) 100vw, 1024px\" \/><\/figure>\n\n\n\n<p class=\"has-small-font-size\">Il nostro satellite terrestre ha spesso un effetto molto potente su di noi, soprattutto durante la luna piena. Anche se si trova a oltre 384.000 chilometri di distanza!<\/p>\n<\/div>\n\n\n\n<div class=\"wp-block-column is-layout-flow wp-block-column-is-layout-flow\">\n<h3 class=\"wp-block-heading\"><strong>Giardinaggio e agricoltura<\/strong><\/h3>\n\n\n\n<p>Il calendario lunare \u00e8 stato a lungo utilizzato in agricoltura e orticoltura per determinare il momento ottimale per la semina, la piantagione e il raccolto delle colture. Le diverse fasi lunari influenzano la crescita delle piante e l&#8217;umidit\u00e0 del suolo, che possono influire sulla resa dei raccolti. Per esempio, si raccomanda di seminare le colture che crescono in superficie durante la luna crescente, mentre gli ortaggi a radice \u00e8 meglio piantarli durante la luna calante.<\/p>\n\n\n\n<h3 class=\"wp-block-heading\"><strong>Salute e benessere<\/strong><\/h3>\n\n\n\n<p>Molte persone utilizzano il calendario lunare per migliorare la propria salute e il proprio benessere. Le fasi lunari possono avere un&#8217;influenza sul corpo umano e sulla psiche. Ad esempio, si consiglia di iniziare cure e diete disintossicanti durante la luna calante, in quanto il corpo \u00e8 in grado di lasciarsi andare meglio durante questa fase. Anche le operazioni e le procedure mediche sono spesso pianificate in base al calendario lunare, per favorire la guarigione.<\/p>\n<\/div>\n<\/div>\n\n\n\n<h3 class=\"wp-block-heading\"><strong>Sviluppo personale e spiritualit\u00e0<\/strong><\/h3>\n\n\n\n<p>Il calendario lunare pu\u00f2 essere utilizzato anche come strumento di sviluppo personale e di pratiche spirituali. Molte persone utilizzano le diverse fasi lunari per eseguire meditazioni, rituali e altri esercizi spirituali. La luna nuova \u00e8 particolarmente adatta per stabilire intenzioni e manifestare obiettivi, mentre la luna piena \u00e8 un momento potente per la gratitudine e la riflessione.<\/p>\n\n\n\n<h2 class=\"wp-block-heading\"><strong>Come usare il calendario lunare<\/strong><\/h2>\n\n\n\n<p>Per utilizzare il calendario lunare in modo efficace, \u00e8 importante conoscere e capire le diverse fasi della luna. Esistono molte risorse, tra cui libri, siti web e applicazioni, che forniscono informazioni dettagliate sulle fasi lunari attuali e sul loro significato. Un buon punto di partenza \u00e8 procurarsi un calendario lunare che mostri le fasi della luna per l&#8217;intero anno.<\/p>\n\n\n\n<p>Inizi a integrare le fasi lunari nella sua vita quotidiana, adattando le sue attivit\u00e0 e i suoi piani di conseguenza. Osservi come le diverse fasi influenzano il suo umore, la sua energia e la sua produttivit\u00e0 e adatti la sua routine di conseguenza. Con il tempo, svilupper\u00e0 una migliore comprensione di come il calendario lunare possa aiutarla a condurre una vita pi\u00f9 armoniosa e soddisfacente.<\/p>\n\n\n\n<p>Il calendario lunare \u00e8 uno strumento prezioso che pu\u00f2 aiutarci a vivere in armonia con i ritmi naturali della Terra. Utilizzando la saggezza delle fasi lunari, possiamo migliorare la nostra qualit\u00e0 di vita e acquisire una comprensione pi\u00f9 profonda delle connessioni tra natura e umanit\u00e0.<\/p>\n\n\n\n<p>Il calendario lunare offre un&#8217;opportunit\u00e0 unica di vivere la vita in armonia con i ritmi naturali della luna. Che si tratti di agricoltura, benessere personale o pratica spirituale, l&#8217;utilizzo del calendario lunare pu\u00f2 portare molti benefici. Comprendendo e utilizzando le diverse fasi lunari, possiamo rendere la nostra vita pi\u00f9 consapevole e appagante. Utilizzi il potere della luna per raggiungere i suoi obiettivi e condurre una vita armoniosa.<\/p>\n","protected":false},"excerpt":{"rendered":"<p>Calendario lunare Il calendario lunare \u00e8 uno strumento affascinante, utilizzato da secoli dalle persone per organizzare la propria vita in armonia con le fasi lunari. Che si tratti di agricoltura, orticoltura o vita personale, il calendario lunare offre preziose intuizioni e indicazioni. In questo articolo, scoprir\u00e0 tutto quello che c&#8217;\u00e8 da sapere sul calendario lunare, &#8230; <a title=\"Calendario lunare\" class=\"read-more\" href=\"https:\/\/weather-radar-live.com\/it\/calendario-lunare\/\" aria-label=\"Per saperne di pi\u00f9 su Calendario lunare\">Leggi tutto<\/a><\/p>\n","protected":false},"author":1,"featured_media":0,"parent":0,"menu_order":0,"comment_status":"closed","ping_status":"closed","template":"","meta":{"footnotes":""},"class_list":["post-7853","page","type-page","status-publish"],"yoast_head":"<!-- This site is optimized with the Yoast SEO plugin v27.5 - https:\/\/yoast.com\/product\/yoast-seo-wordpress\/ -->\n<title>Calendario lunare di oggi + fasi lunari! \ud83c\udf1b<\/title>\n<meta name=\"description\" content=\"In quale fase lunare ci troviamo secondo il calendario lunare? Quali sono le fasi e quando c&#039;\u00e8 la luna piena? \ud83c\udf15\" \/>\n<meta name=\"robots\" content=\"index, follow, max-snippet:-1, max-image-preview:large, max-video-preview:-1\" \/>\n<link rel=\"canonical\" href=\"https:\/\/weather-radar-live.com\/it\/calendario-lunare\/\" \/>\n<meta property=\"og:locale\" content=\"it_IT\" \/>\n<meta property=\"og:type\" content=\"article\" \/>\n<meta property=\"og:title\" content=\"Calendario lunare di oggi + fasi lunari! \ud83c\udf1b\" \/>\n<meta property=\"og:description\" content=\"In quale fase lunare ci troviamo secondo il calendario lunare? Quali sono le fasi e quando c&#039;\u00e8 la luna piena? \ud83c\udf15\" \/>\n<meta property=\"og:url\" content=\"https:\/\/weather-radar-live.com\/it\/calendario-lunare\/\" \/>\n<meta property=\"og:site_name\" content=\"weather-radar-live.com\" \/>\n<meta property=\"article:modified_time\" content=\"2024-11-30T16:36:01+00:00\" \/>\n<meta property=\"og:image\" content=\"https:\/\/www.der-mond.de\/feature\/luna_kalender.php?version=5&txue=Calendario+lunare&trans=1&zefu=1&txph=1&txmoph=1&txmophti=1&txmost=0&txmostau=0&txze=1&zezo=1&zeso=1&schgr=12&schriftart=Roboto&schriftschnitt=0&faan=1&scro=0&ragr=255&rabl=255&raro=255&scgr=0&scbl=0&hiro=255&higr=255&hibl=255&soep=1&txsost=1&txsostau=0&geolagr=12&geolami=0&geolase=0&geola=o&geobrgr=42&geobrmi=0&geobrse=0&geobr=n&lang=it&kalender_zeitraum=0&jahr=2024&monat=11\" \/>\n<meta name=\"twitter:card\" content=\"summary_large_image\" \/>\n<meta name=\"twitter:label1\" content=\"Tempo di lettura stimato\" \/>\n\t<meta name=\"twitter:data1\" content=\"6 minuti\" \/>\n<script type=\"application\/ld+json\" class=\"yoast-schema-graph\">{\"@context\":\"https:\\\/\\\/schema.org\",\"@graph\":[{\"@type\":\"WebPage\",\"@id\":\"https:\\\/\\\/weather-radar-live.com\\\/it\\\/calendario-lunare\\\/\",\"url\":\"https:\\\/\\\/weather-radar-live.com\\\/it\\\/calendario-lunare\\\/\",\"name\":\"Calendario lunare di oggi + fasi lunari! \ud83c\udf1b\",\"isPartOf\":{\"@id\":\"https:\\\/\\\/weather-radar-live.com\\\/#website\"},\"primaryImageOfPage\":{\"@id\":\"https:\\\/\\\/weather-radar-live.com\\\/it\\\/calendario-lunare\\\/#primaryimage\"},\"image\":{\"@id\":\"https:\\\/\\\/weather-radar-live.com\\\/it\\\/calendario-lunare\\\/#primaryimage\"},\"thumbnailUrl\":\"https:\\\/\\\/www.der-mond.de\\\/feature\\\/luna_kalender.php?version=5&txue=Calendario+lunare&trans=1&zefu=1&txph=1&txmoph=1&txmophti=1&txmost=0&txmostau=0&txze=1&zezo=1&zeso=1&schgr=12&schriftart=Roboto&schriftschnitt=0&faan=1&scro=0&ragr=255&rabl=255&raro=255&scgr=0&scbl=0&hiro=255&higr=255&hibl=255&soep=1&txsost=1&txsostau=0&geolagr=12&geolami=0&geolase=0&geola=o&geobrgr=42&geobrmi=0&geobrse=0&geobr=n&lang=it&kalender_zeitraum=0&jahr=2024&monat=11\",\"datePublished\":\"2024-11-30T15:45:49+00:00\",\"dateModified\":\"2024-11-30T16:36:01+00:00\",\"description\":\"In quale fase lunare ci troviamo secondo il calendario lunare? Quali sono le fasi e quando c'\u00e8 la luna piena? \ud83c\udf15\",\"breadcrumb\":{\"@id\":\"https:\\\/\\\/weather-radar-live.com\\\/it\\\/calendario-lunare\\\/#breadcrumb\"},\"inLanguage\":\"it-IT\",\"potentialAction\":[{\"@type\":\"ReadAction\",\"target\":[\"https:\\\/\\\/weather-radar-live.com\\\/it\\\/calendario-lunare\\\/\"]}]},{\"@type\":\"ImageObject\",\"inLanguage\":\"it-IT\",\"@id\":\"https:\\\/\\\/weather-radar-live.com\\\/it\\\/calendario-lunare\\\/#primaryimage\",\"url\":\"https:\\\/\\\/www.der-mond.de\\\/feature\\\/luna_kalender.php?version=5&txue=Calendario+lunare&trans=1&zefu=1&txph=1&txmoph=1&txmophti=1&txmost=0&txmostau=0&txze=1&zezo=1&zeso=1&schgr=12&schriftart=Roboto&schriftschnitt=0&faan=1&scro=0&ragr=255&rabl=255&raro=255&scgr=0&scbl=0&hiro=255&higr=255&hibl=255&soep=1&txsost=1&txsostau=0&geolagr=12&geolami=0&geolase=0&geola=o&geobrgr=42&geobrmi=0&geobrse=0&geobr=n&lang=it&kalender_zeitraum=0&jahr=2024&monat=11\",\"contentUrl\":\"https:\\\/\\\/www.der-mond.de\\\/feature\\\/luna_kalender.php?version=5&txue=Calendario+lunare&trans=1&zefu=1&txph=1&txmoph=1&txmophti=1&txmost=0&txmostau=0&txze=1&zezo=1&zeso=1&schgr=12&schriftart=Roboto&schriftschnitt=0&faan=1&scro=0&ragr=255&rabl=255&raro=255&scgr=0&scbl=0&hiro=255&higr=255&hibl=255&soep=1&txsost=1&txsostau=0&geolagr=12&geolami=0&geolase=0&geola=o&geobrgr=42&geobrmi=0&geobrse=0&geobr=n&lang=it&kalender_zeitraum=0&jahr=2024&monat=11\"},{\"@type\":\"BreadcrumbList\",\"@id\":\"https:\\\/\\\/weather-radar-live.com\\\/it\\\/calendario-lunare\\\/#breadcrumb\",\"itemListElement\":[{\"@type\":\"ListItem\",\"position\":1,\"name\":\"Weather Radar Live\",\"item\":\"https:\\\/\\\/weather-radar-live.com\\\/it\\\/\"},{\"@type\":\"ListItem\",\"position\":2,\"name\":\"Calendario lunare\"}]},{\"@type\":\"WebSite\",\"@id\":\"https:\\\/\\\/weather-radar-live.com\\\/#website\",\"url\":\"https:\\\/\\\/weather-radar-live.com\\\/\",\"name\":\"weather-radar-live.com\",\"description\":\"Your weather and sky radar.\",\"publisher\":{\"@id\":\"https:\\\/\\\/weather-radar-live.com\\\/#organization\"},\"potentialAction\":[{\"@type\":\"SearchAction\",\"target\":{\"@type\":\"EntryPoint\",\"urlTemplate\":\"https:\\\/\\\/weather-radar-live.com\\\/?s={search_term_string}\"},\"query-input\":{\"@type\":\"PropertyValueSpecification\",\"valueRequired\":true,\"valueName\":\"search_term_string\"}}],\"inLanguage\":\"it-IT\"},{\"@type\":\"Organization\",\"@id\":\"https:\\\/\\\/weather-radar-live.com\\\/#organization\",\"name\":\"weather-radar-live.com\",\"url\":\"https:\\\/\\\/weather-radar-live.com\\\/\",\"logo\":{\"@type\":\"ImageObject\",\"inLanguage\":\"it-IT\",\"@id\":\"https:\\\/\\\/weather-radar-live.com\\\/#\\\/schema\\\/logo\\\/image\\\/\",\"url\":\"https:\\\/\\\/weather-radar-live.com\\\/wp-content\\\/uploads\\\/2022\\\/03\\\/cropped-WRL2503.png\",\"contentUrl\":\"https:\\\/\\\/weather-radar-live.com\\\/wp-content\\\/uploads\\\/2022\\\/03\\\/cropped-WRL2503.png\",\"width\":1920,\"height\":555,\"caption\":\"weather-radar-live.com\"},\"image\":{\"@id\":\"https:\\\/\\\/weather-radar-live.com\\\/#\\\/schema\\\/logo\\\/image\\\/\"}}]}<\/script>\n<!-- \/ Yoast SEO plugin. -->","yoast_head_json":{"title":"Calendario lunare di oggi + fasi lunari! \ud83c\udf1b","description":"In quale fase lunare ci troviamo secondo il calendario lunare? Quali sono le fasi e quando c'\u00e8 la luna piena? \ud83c\udf15","robots":{"index":"index","follow":"follow","max-snippet":"max-snippet:-1","max-image-preview":"max-image-preview:large","max-video-preview":"max-video-preview:-1"},"canonical":"https:\/\/weather-radar-live.com\/it\/calendario-lunare\/","og_locale":"it_IT","og_type":"article","og_title":"Calendario lunare di oggi + fasi lunari! \ud83c\udf1b","og_description":"In quale fase lunare ci troviamo secondo il calendario lunare? Quali sono le fasi e quando c'\u00e8 la luna piena? \ud83c\udf15","og_url":"https:\/\/weather-radar-live.com\/it\/calendario-lunare\/","og_site_name":"weather-radar-live.com","article_modified_time":"2024-11-30T16:36:01+00:00","og_image":[{"url":"https:\/\/www.der-mond.de\/feature\/luna_kalender.php?version=5&txue=Calendario+lunare&trans=1&zefu=1&txph=1&txmoph=1&txmophti=1&txmost=0&txmostau=0&txze=1&zezo=1&zeso=1&schgr=12&schriftart=Roboto&schriftschnitt=0&faan=1&scro=0&ragr=255&rabl=255&raro=255&scgr=0&scbl=0&hiro=255&higr=255&hibl=255&soep=1&txsost=1&txsostau=0&geolagr=12&geolami=0&geolase=0&geola=o&geobrgr=42&geobrmi=0&geobrse=0&geobr=n&lang=it&kalender_zeitraum=0&jahr=2024&monat=11","type":"","width":"","height":""}],"twitter_card":"summary_large_image","twitter_misc":{"Tempo di lettura stimato":"6 minuti"},"schema":{"@context":"https:\/\/schema.org","@graph":[{"@type":"WebPage","@id":"https:\/\/weather-radar-live.com\/it\/calendario-lunare\/","url":"https:\/\/weather-radar-live.com\/it\/calendario-lunare\/","name":"Calendario lunare di oggi + fasi lunari! \ud83c\udf1b","isPartOf":{"@id":"https:\/\/weather-radar-live.com\/#website"},"primaryImageOfPage":{"@id":"https:\/\/weather-radar-live.com\/it\/calendario-lunare\/#primaryimage"},"image":{"@id":"https:\/\/weather-radar-live.com\/it\/calendario-lunare\/#primaryimage"},"thumbnailUrl":"https:\/\/www.der-mond.de\/feature\/luna_kalender.php?version=5&txue=Calendario+lunare&trans=1&zefu=1&txph=1&txmoph=1&txmophti=1&txmost=0&txmostau=0&txze=1&zezo=1&zeso=1&schgr=12&schriftart=Roboto&schriftschnitt=0&faan=1&scro=0&ragr=255&rabl=255&raro=255&scgr=0&scbl=0&hiro=255&higr=255&hibl=255&soep=1&txsost=1&txsostau=0&geolagr=12&geolami=0&geolase=0&geola=o&geobrgr=42&geobrmi=0&geobrse=0&geobr=n&lang=it&kalender_zeitraum=0&jahr=2024&monat=11","datePublished":"2024-11-30T15:45:49+00:00","dateModified":"2024-11-30T16:36:01+00:00","description":"In quale fase lunare ci troviamo secondo il calendario lunare? Quali sono le fasi e quando c'\u00e8 la luna piena? \ud83c\udf15","breadcrumb":{"@id":"https:\/\/weather-radar-live.com\/it\/calendario-lunare\/#breadcrumb"},"inLanguage":"it-IT","potentialAction":[{"@type":"ReadAction","target":["https:\/\/weather-radar-live.com\/it\/calendario-lunare\/"]}]},{"@type":"ImageObject","inLanguage":"it-IT","@id":"https:\/\/weather-radar-live.com\/it\/calendario-lunare\/#primaryimage","url":"https:\/\/www.der-mond.de\/feature\/luna_kalender.php?version=5&txue=Calendario+lunare&trans=1&zefu=1&txph=1&txmoph=1&txmophti=1&txmost=0&txmostau=0&txze=1&zezo=1&zeso=1&schgr=12&schriftart=Roboto&schriftschnitt=0&faan=1&scro=0&ragr=255&rabl=255&raro=255&scgr=0&scbl=0&hiro=255&higr=255&hibl=255&soep=1&txsost=1&txsostau=0&geolagr=12&geolami=0&geolase=0&geola=o&geobrgr=42&geobrmi=0&geobrse=0&geobr=n&lang=it&kalender_zeitraum=0&jahr=2024&monat=11","contentUrl":"https:\/\/www.der-mond.de\/feature\/luna_kalender.php?version=5&txue=Calendario+lunare&trans=1&zefu=1&txph=1&txmoph=1&txmophti=1&txmost=0&txmostau=0&txze=1&zezo=1&zeso=1&schgr=12&schriftart=Roboto&schriftschnitt=0&faan=1&scro=0&ragr=255&rabl=255&raro=255&scgr=0&scbl=0&hiro=255&higr=255&hibl=255&soep=1&txsost=1&txsostau=0&geolagr=12&geolami=0&geolase=0&geola=o&geobrgr=42&geobrmi=0&geobrse=0&geobr=n&lang=it&kalender_zeitraum=0&jahr=2024&monat=11"},{"@type":"BreadcrumbList","@id":"https:\/\/weather-radar-live.com\/it\/calendario-lunare\/#breadcrumb","itemListElement":[{"@type":"ListItem","position":1,"name":"Weather Radar Live","item":"https:\/\/weather-radar-live.com\/it\/"},{"@type":"ListItem","position":2,"name":"Calendario lunare"}]},{"@type":"WebSite","@id":"https:\/\/weather-radar-live.com\/#website","url":"https:\/\/weather-radar-live.com\/","name":"weather-radar-live.com","description":"Your weather and sky radar.","publisher":{"@id":"https:\/\/weather-radar-live.com\/#organization"},"potentialAction":[{"@type":"SearchAction","target":{"@type":"EntryPoint","urlTemplate":"https:\/\/weather-radar-live.com\/?s={search_term_string}"},"query-input":{"@type":"PropertyValueSpecification","valueRequired":true,"valueName":"search_term_string"}}],"inLanguage":"it-IT"},{"@type":"Organization","@id":"https:\/\/weather-radar-live.com\/#organization","name":"weather-radar-live.com","url":"https:\/\/weather-radar-live.com\/","logo":{"@type":"ImageObject","inLanguage":"it-IT","@id":"https:\/\/weather-radar-live.com\/#\/schema\/logo\/image\/","url":"https:\/\/weather-radar-live.com\/wp-content\/uploads\/2022\/03\/cropped-WRL2503.png","contentUrl":"https:\/\/weather-radar-live.com\/wp-content\/uploads\/2022\/03\/cropped-WRL2503.png","width":1920,"height":555,"caption":"weather-radar-live.com"},"image":{"@id":"https:\/\/weather-radar-live.com\/#\/schema\/logo\/image\/"}}]}},"_links":{"self":[{"href":"https:\/\/weather-radar-live.com\/it\/wp-json\/wp\/v2\/pages\/7853","targetHints":{"allow":["GET"]}}],"collection":[{"href":"https:\/\/weather-radar-live.com\/it\/wp-json\/wp\/v2\/pages"}],"about":[{"href":"https:\/\/weather-radar-live.com\/it\/wp-json\/wp\/v2\/types\/page"}],"author":[{"embeddable":true,"href":"https:\/\/weather-radar-live.com\/it\/wp-json\/wp\/v2\/users\/1"}],"replies":[{"embeddable":true,"href":"https:\/\/weather-radar-live.com\/it\/wp-json\/wp\/v2\/comments?post=7853"}],"version-history":[{"count":5,"href":"https:\/\/weather-radar-live.com\/it\/wp-json\/wp\/v2\/pages\/7853\/revisions"}],"predecessor-version":[{"id":7888,"href":"https:\/\/weather-radar-live.com\/it\/wp-json\/wp\/v2\/pages\/7853\/revisions\/7888"}],"wp:attachment":[{"href":"https:\/\/weather-radar-live.com\/it\/wp-json\/wp\/v2\/media?parent=7853"}],"curies":[{"name":"wp","href":"https:\/\/api.w.org\/{rel}","templated":true}]}}