{"id":7414,"date":"2022-08-26T23:14:04","date_gmt":"2022-08-26T21:14:04","guid":{"rendered":"https:\/\/weather-radar-live.com\/?page_id=7414"},"modified":"2022-08-26T23:15:04","modified_gmt":"2022-08-26T21:15:04","slug":"webcam-madonna-di-campiglio","status":"publish","type":"page","link":"https:\/\/weather-radar-live.com\/it\/webcam\/italia\/webcam-madonna-di-campiglio\/","title":{"rendered":"Webcam Madonna di Campiglio"},"content":{"rendered":"<div id=\"weath-860955025\" class=\"weath-vor-dem-inhalt weath-entity-placement\" style=\"margin-top: 15px;margin-right: 25px;margin-bottom: 40px;margin-left: 25px;\"><script async src=\"\/\/pagead2.googlesyndication.com\/pagead\/js\/adsbygoogle.js?client=ca-pub-8960936133935804\" crossorigin=\"anonymous\"><\/script><ins class=\"adsbygoogle\" style=\"display:block;\" data-ad-client=\"ca-pub-8960936133935804\" \ndata-ad-slot=\"6172817020\" \ndata-ad-format=\"auto\"><\/ins>\n<script> \n(adsbygoogle = window.adsbygoogle || []).push({}); \n<\/script>\n<\/div>\n<div class=\"wp-block-cover alignfull is-light\"><span aria-hidden=\"true\" class=\"wp-block-cover__gradient-background has-background-dim\"><\/span><img decoding=\"async\" class=\"wp-block-cover__image-background wp-image-342\" alt=\"Webcam Madonna di Campiglio\" src=\"https:\/\/weather-radar-live.com\/wp-content\/uploads\/2021\/06\/sam-schooler-E9aetBe2w40-unsplash-e1622554814366.jpg\" data-object-fit=\"cover\"\/><div class=\"wp-block-cover__inner-container is-layout-flow wp-block-cover-is-layout-flow\">\n<h2 class=\"has-text-align-center heading wp-block-heading\" id=\"webcam-fort-mahon\" style=\"font-size:40px;text-transform:uppercase\"><strong><mark style=\"background-color:rgba(0, 0, 0, 0)\" class=\"has-inline-color has-base-3-color\">WEBCAM <\/mark><\/strong><br><strong><mark style=\"background-color:rgba(0, 0, 0, 0)\" class=\"has-inline-color has-base-3-color\">MADONNA DI CAMPIGLIO<\/mark><\/strong><\/h2>\n<\/div><\/div>\n\n\n<div class=\"yoast-breadcrumbs\"><span><span><a href=\"https:\/\/weather-radar-live.com\/it\/\">Weather Radar Live<\/a><\/span> \u00bb <span><a href=\"https:\/\/weather-radar-live.com\/it\/webcam\/\">Webcam<\/a><\/span> \u00bb <span><a href=\"https:\/\/weather-radar-live.com\/it\/webcam\/italia\/\">Italia<\/a><\/span> \u00bb <span class=\"breadcrumb_last\" aria-current=\"page\"><strong>Webcam Madonna di Campiglio<\/strong><\/span><\/span><\/div>\n\n\n<h2 class=\"has-text-align-center wp-block-heading\" id=\"webcam-fort-mahon\"><strong>Webcam Madonna di Campiglio<\/strong><\/h2>\n\n\n\n<p>La citt\u00e0 di Madonna di Campiglio si trova a 60 km a nord in linea d&#8217;aria dal Lago di Garda e a 30 km a nord-ovest da Trento. Tra il Gruppo del Brenta e il Gruppo dell&#8217;Adamello-Presanella, ricoperto di ghiacciai, la citt\u00e0 italiana \u00e8 situata in una pittoresca conca protetta dal vento del nord a 1.550 metri. Si immerga nel paesaggio montano mozzafiato della citt\u00e0 con la nostra webcam Madonna di Campiglio e si convinca del panorama da sogno.<\/p>\n\n\n\n<p>Grazie alla sua posizione unica al centro delle Dolomiti di Brenta, dichiarate Patrimonio dell&#8217;Umanit\u00e0 dall&#8217;UNESCO, Madonna di Campiglio viene spesso definita la Perla delle Dolomiti. Faccia un viaggio nelle Dolomiti di Brenta UNESCO e si lasci incantare dalla flora e dalla fauna uniche nel mezzo di uno splendido paesaggio montano.<\/p><div id=\"weath-538890420\" class=\"weath-inhalt_2 weath-entity-placement\" style=\"margin-top: 15px;margin-right: 25px;margin-bottom: 35px;margin-left: 25px;\"><script async src=\"\/\/pagead2.googlesyndication.com\/pagead\/js\/adsbygoogle.js?client=ca-pub-8960936133935804\" crossorigin=\"anonymous\"><\/script><ins class=\"adsbygoogle\" style=\"display:block;\" data-ad-client=\"ca-pub-8960936133935804\" \ndata-ad-slot=\"1963584050\" \ndata-ad-format=\"auto\"><\/ins>\n<script> \n(adsbygoogle = window.adsbygoogle || []).push({}); \n<\/script>\n<\/div>\n\n\n\n<div class=\"wp-block-columns is-layout-flex wp-container-core-columns-is-layout-9d6595d7 wp-block-columns-is-layout-flex\">\n<div class=\"wp-block-column webcam-column is-layout-flow wp-block-column-is-layout-flow\">\n<h3 class=\"has-text-align-center wp-block-heading\"> \ud83d\udd34 <strong>Webcam<\/strong> <strong><strong><strong>Madonna di Campiglio<\/strong><\/strong><\/strong> &#8211; Passo Grost\u00e8<\/h3>\n\n\n\n<a name=\"windy-webcam-timelapse-player\" data-id=\"1450743056\" data-play=\"day\" href=\"https:\/\/windy.com\/webcams\/1450743056\" target=\"_blank\" rel=\"noopener\">Madonna di Campiglio: Seggiovia Grost\u00e8 &#8211; stazione a valle, Dolomiti di Brenta<\/a><script async=\"\" type=\"text\/javascript\" src=\"https:\/\/webcams.windy.com\/webcams\/public\/embed\/script\/player.js\"><\/script>\n<\/div>\n\n\n\n<div class=\"wp-block-column webcam-column is-layout-flow wp-block-column-is-layout-flow\">\n<h3 class=\"has-text-align-center wp-block-heading\"> \ud83d\udd34 <strong>Webcam Madonna di Campiglio<\/strong> &#8211; stazione a valle<\/h3>\n\n\n\n<a name=\"windy-webcam-timelapse-player\" data-id=\"1452643909\" data-play=\"day\" href=\"https:\/\/windy.com\/webcams\/1452643909\" target=\"_blank\" rel=\"noopener\">Madonna di Campiglio: Seggiovia Grost\u00e8 &#8211; stazione a valle<\/a><script async=\"\" type=\"text\/javascript\" src=\"https:\/\/webcams.windy.com\/webcams\/public\/embed\/script\/player.js\"><\/script>\n<\/div>\n<\/div>\n\n\n\n<div class=\"wp-block-columns is-layout-flex wp-container-core-columns-is-layout-9d6595d7 wp-block-columns-is-layout-flex\">\n<div class=\"wp-block-column webcam-column is-layout-flow wp-block-column-is-layout-flow\">\n<h3 class=\"has-text-align-center wp-block-heading\"> \ud83d\udd34 <strong>Webcam<\/strong> <strong><strong><strong>Madonna di Campiglio<\/strong><\/strong><\/strong> &#8211; Rifugio Graffer<\/h3>\n\n\n\n<a name=\"windy-webcam-timelapse-player\" data-id=\"1447891873\" data-play=\"day\" href=\"https:\/\/windy.com\/webcams\/1447891873\" target=\"_blank\" rel=\"noopener\">Madonna di Campiglio: Seggiovia Grost\u00e8 &#8211; stazione a valle, Rifugio Graffer<\/a><script async=\"\" type=\"text\/javascript\" src=\"https:\/\/webcams.windy.com\/webcams\/public\/embed\/script\/player.js\"><\/script>\n<\/div>\n\n\n\n<div class=\"wp-block-column webcam-column is-layout-flow wp-block-column-is-layout-flow\">\n<h3 class=\"has-text-align-center wp-block-heading\"> \ud83d\udd34 <strong>Webcam Madonna di Campiglio<\/strong> &#8211; Groste<\/h3>\n\n\n\n<a name=\"windy-webcam-timelapse-player\" data-id=\"1592498103\" data-play=\"day\" href=\"https:\/\/windy.com\/webcams\/1592498103\" target=\"_blank\" rel=\"noopener\">Tre Ville: Madonna di Campiglio &#8211; Groste<\/a><script async=\"\" type=\"text\/javascript\" src=\"https:\/\/webcams.windy.com\/webcams\/public\/embed\/script\/player.js\"><\/script>\n<\/div>\n<\/div>\n\n\n\n<div class=\"wp-block-columns is-layout-flex wp-container-core-columns-is-layout-9d6595d7 wp-block-columns-is-layout-flex\">\n<div class=\"wp-block-column is-layout-flow wp-block-column-is-layout-flow\" style=\"flex-basis:25%\"><\/div>\n\n\n\n<div class=\"wp-block-column webcam-column is-layout-flow wp-block-column-is-layout-flow\">\n<h3 class=\"has-text-align-center wp-block-heading\"> \ud83d\udd34 <strong>Webcam <strong><strong><strong>Madonna di Campiglio<\/strong><\/strong><\/strong><\/strong> &#8211; Snowpark<\/h3>\n\n\n\n<a name=\"windy-webcam-timelapse-player\" data-id=\"1320675976\" data-play=\"day\" href=\"https:\/\/windy.com\/webcams\/1320675976\" target=\"_blank\" rel=\"noopener\">Pinzolo: Snowpark Madonna di Campiglio<\/a><script async=\"\" type=\"text\/javascript\" src=\"https:\/\/webcams.windy.com\/webcams\/public\/embed\/script\/player.js\"><\/script>\n<\/div>\n\n\n\n<div class=\"wp-block-column is-layout-flow wp-block-column-is-layout-flow\" style=\"flex-basis:25%\"><\/div>\n<\/div>\n\n\n\n<h2 class=\"wp-block-heading\" id=\"fort-mahon-today\"><strong>Radar meteo Madonna di Campiglio &#8211; Il meteo a Madonna di Campiglio<\/strong><\/h2>\n\n\n\n<p>Con le nostre webcam Madonna di Campiglio sar\u00e0 informato in tempo reale sulle condizioni meteo attuali in loco. Le immagini in diretta delle nostre webcam sono integrate dal nostro radar meteorologico, che le fornisce ulteriori informazioni sulle previsioni del tempo attuali e sulle aree di precipitazione. Tutte le aree di precipitazione sono contrassegnate da colori diversi a seconda della loro intensit\u00e0. Le aree blu e verdi indicano precipitazioni scarse, mentre le aree viola e rosse indicano precipitazioni abbondanti con un possibile potenziale di tempesta. Inoltre, il radar meteo mostra tutti i temporali con piccoli simboli di fulmini. Quindi, con il nostro radar meteo e le nostre webcam, potr\u00e0 sempre conoscere al meglio le condizioni meteo attuali di Madonna di Campiglio.<\/p>\n\n\n\n<div class=\"wp-block-columns is-layout-flex wp-container-core-columns-is-layout-9d6595d7 wp-block-columns-is-layout-flex\">\n<div class=\"wp-block-column is-layout-flow wp-block-column-is-layout-flow\" style=\"flex-basis:75%\">\n<iframe loading=\"lazy\" width=\"1300\" height=\"502\" src=\"https:\/\/embed.windy.com\/embed2.html?lat=46.219&amp;lon=10.785&amp;detailLat=46.219&amp;detailLon=10.785&amp;width=1300&amp;height=502&amp;zoom=11&amp;level=surface&amp;overlay=rain&amp;product=ecmwf&amp;menu=&amp;message=&amp;marker=&amp;calendar=now&amp;pressure=&amp;type=map&amp;location=coordinates&amp;detail=&amp;metricWind=default&amp;metricTemp=default&amp;radarRange=-1\" frameborder=\"0\"><\/iframe>\n<\/div>\n\n\n\n<div class=\"wp-block-column is-layout-flow wp-block-column-is-layout-flow\" style=\"flex-basis:25%\">\n<a class=\"weatherwidget-io\" href=\"https:\/\/forecast7.com\/it\/46d2310d83\/madonna-di-campiglio\/\" data-label_1=\"MADONNA DI CAMPIGLIO\" data-theme=\"original\" >MADONNA DI CAMPIGLIO<\/a>\n<script>\n!function(d,s,id){var js,fjs=d.getElementsByTagName(s)[0];if(!d.getElementById(id)){js=d.createElement(s);js.id=id;js.src='https:\/\/weatherwidget.io\/js\/widget.min.js';fjs.parentNode.insertBefore(js,fjs);}}(document,'script','weatherwidget-io-js');\n<\/script>\n<\/div>\n<\/div>\n\n\n\n<h2 class=\"wp-block-heading\" id=\"fort-mahon-weather\"><strong>Il clima a Madonna di Campiglio<\/strong><\/h2>\n\n\n\n<p>Madonna di Campiglio \u00e8 caratterizzata da un clima continentale, con una temperatura media annua di 9 gradi. Durante i mesi estivi il clima diventa piacevolmente caldo, con una temperatura massima media di 20 \u00b0C a luglio. I mesi invernali, invece, sono freddi, con temperature che scendono a una media di -1 \u00b0C a gennaio. Le precipitazioni sono di circa 731 mm all&#8217;anno, con i mesi da giugno a settembre che presentano le precipitazioni pi\u00f9 basse. Inoltre, poich\u00e9 in questo periodo \u00e8 molto mite e piacevole, \u00e8 il periodo migliore per viaggiare.<\/p>\n\n\n\n<h2 class=\"wp-block-heading\"><strong>Attrazioni a Madonna di Campiglio<\/strong><\/h2>\n\n\n\n<p>Grazie alle sue numerose strutture per gli sport invernali, Madonna di Campiglio \u00e8 una localit\u00e0 popolare per tutti gli appassionati di sport invernali. Il pi\u00f9 grande comprensorio sciistico del Trentino la attende in mezzo alle magnifiche Dolomiti di Brenta. Avr\u00e0 una vista indimenticabile con la funivia panoramica Pinzolo-Camiglio-Express, che collega le aree sciistiche di Madonna di Campiglio con le vicine piste di Pinzolo e Folgarida-Marilleva. Potr\u00e0 contare su 100 piste ben preparate con una lunghezza di oltre 150 km, oltre a cinque snowpark che le promettono un&#8217;indimenticabile vacanza invernale sulla neve. Ma anche in estate Madonna di Campiglio ha tutto ci\u00f2 che offre il cuore dello sportivo. Si goda il fantastico panorama montano sui numerosi sentieri escursionistici e percorsi per mountain bike, oppure sfidi l&#8217;emozione del parapendio e del rafting.<\/p>\n","protected":false},"excerpt":{"rendered":"<p>Webcam Madonna di Campiglio La citt\u00e0 di Madonna di Campiglio si trova a 60 km a nord in linea d&#8217;aria dal Lago di Garda e a 30 km a nord-ovest da Trento. Tra il Gruppo del Brenta e il Gruppo dell&#8217;Adamello-Presanella, ricoperto di ghiacciai, la citt\u00e0 italiana \u00e8 situata in una pittoresca conca protetta dal &#8230; <a title=\"Webcam Madonna di Campiglio\" class=\"read-more\" href=\"https:\/\/weather-radar-live.com\/it\/webcam\/italia\/webcam-madonna-di-campiglio\/\" aria-label=\"Per saperne di pi\u00f9 su Webcam Madonna di Campiglio\">Leggi tutto<\/a><\/p>\n","protected":false},"author":1,"featured_media":7403,"parent":4310,"menu_order":0,"comment_status":"closed","ping_status":"closed","template":"","meta":{"footnotes":""},"class_list":["post-7414","page","type-page","status-publish","has-post-thumbnail"],"yoast_head":"<!-- This site is optimized with the Yoast SEO plugin v27.5 - https:\/\/yoast.com\/product\/yoast-seo-wordpress\/ -->\n<title>Webcam Madonna di Campiglio \u2192 Guardate in diretta!<\/title>\n<meta name=\"description\" content=\"Webcam Madonna di Campiglio | Livecam di Madonna di Campiglio! \u2705 Aggiornata per voi in tempo reale! \u2705 Previsioni meteo attuali!\" \/>\n<meta name=\"robots\" content=\"index, follow, max-snippet:-1, max-image-preview:large, max-video-preview:-1\" \/>\n<link rel=\"canonical\" href=\"https:\/\/weather-radar-live.com\/it\/webcam\/italia\/webcam-madonna-di-campiglio\/\" \/>\n<meta property=\"og:locale\" content=\"it_IT\" \/>\n<meta property=\"og:type\" content=\"article\" \/>\n<meta property=\"og:title\" content=\"Webcam Madonna di Campiglio \u2192 Guardate in diretta!\" \/>\n<meta property=\"og:description\" content=\"Webcam Madonna di Campiglio | Livecam di Madonna di Campiglio! \u2705 Aggiornata per voi in tempo reale! \u2705 Previsioni meteo attuali!\" \/>\n<meta property=\"og:url\" content=\"https:\/\/weather-radar-live.com\/it\/webcam\/italia\/webcam-madonna-di-campiglio\/\" \/>\n<meta property=\"og:site_name\" content=\"weather-radar-live.com\" \/>\n<meta property=\"article:modified_time\" content=\"2022-08-26T21:15:04+00:00\" \/>\n<meta property=\"og:image\" content=\"https:\/\/weather-radar-live.com\/wp-content\/uploads\/2022\/08\/Webcam-Madonna-di-Campiglio-e1661500782182.jpg\" \/>\n\t<meta property=\"og:image:width\" content=\"1908\" \/>\n\t<meta property=\"og:image:height\" content=\"722\" \/>\n\t<meta property=\"og:image:type\" content=\"image\/jpeg\" \/>\n<meta name=\"twitter:card\" content=\"summary_large_image\" \/>\n<meta name=\"twitter:label1\" content=\"Tempo di lettura stimato\" \/>\n\t<meta name=\"twitter:data1\" content=\"3 minuti\" \/>\n<script type=\"application\/ld+json\" class=\"yoast-schema-graph\">{\"@context\":\"https:\\\/\\\/schema.org\",\"@graph\":[{\"@type\":\"WebPage\",\"@id\":\"https:\\\/\\\/weather-radar-live.com\\\/it\\\/webcam\\\/italia\\\/webcam-madonna-di-campiglio\\\/\",\"url\":\"https:\\\/\\\/weather-radar-live.com\\\/it\\\/webcam\\\/italia\\\/webcam-madonna-di-campiglio\\\/\",\"name\":\"Webcam Madonna di Campiglio \u2192 Guardate in diretta!\",\"isPartOf\":{\"@id\":\"https:\\\/\\\/weather-radar-live.com\\\/#website\"},\"primaryImageOfPage\":{\"@id\":\"https:\\\/\\\/weather-radar-live.com\\\/it\\\/webcam\\\/italia\\\/webcam-madonna-di-campiglio\\\/#primaryimage\"},\"image\":{\"@id\":\"https:\\\/\\\/weather-radar-live.com\\\/it\\\/webcam\\\/italia\\\/webcam-madonna-di-campiglio\\\/#primaryimage\"},\"thumbnailUrl\":\"https:\\\/\\\/weather-radar-live.com\\\/wp-content\\\/uploads\\\/2022\\\/08\\\/Webcam-Madonna-di-Campiglio-e1661500782182.jpg\",\"datePublished\":\"2022-08-26T21:14:04+00:00\",\"dateModified\":\"2022-08-26T21:15:04+00:00\",\"description\":\"Webcam Madonna di Campiglio | Livecam di Madonna di Campiglio! \u2705 Aggiornata per voi in tempo reale! \u2705 Previsioni meteo attuali!\",\"breadcrumb\":{\"@id\":\"https:\\\/\\\/weather-radar-live.com\\\/it\\\/webcam\\\/italia\\\/webcam-madonna-di-campiglio\\\/#breadcrumb\"},\"inLanguage\":\"it-IT\",\"potentialAction\":[{\"@type\":\"ReadAction\",\"target\":[\"https:\\\/\\\/weather-radar-live.com\\\/it\\\/webcam\\\/italia\\\/webcam-madonna-di-campiglio\\\/\"]}]},{\"@type\":\"ImageObject\",\"inLanguage\":\"it-IT\",\"@id\":\"https:\\\/\\\/weather-radar-live.com\\\/it\\\/webcam\\\/italia\\\/webcam-madonna-di-campiglio\\\/#primaryimage\",\"url\":\"https:\\\/\\\/weather-radar-live.com\\\/wp-content\\\/uploads\\\/2022\\\/08\\\/Webcam-Madonna-di-Campiglio-e1661500782182.jpg\",\"contentUrl\":\"https:\\\/\\\/weather-radar-live.com\\\/wp-content\\\/uploads\\\/2022\\\/08\\\/Webcam-Madonna-di-Campiglio-e1661500782182.jpg\",\"width\":1908,\"height\":722,\"caption\":\"Webcam Madonna di Campiglio\"},{\"@type\":\"BreadcrumbList\",\"@id\":\"https:\\\/\\\/weather-radar-live.com\\\/it\\\/webcam\\\/italia\\\/webcam-madonna-di-campiglio\\\/#breadcrumb\",\"itemListElement\":[{\"@type\":\"ListItem\",\"position\":1,\"name\":\"Weather Radar Live\",\"item\":\"https:\\\/\\\/weather-radar-live.com\\\/it\\\/\"},{\"@type\":\"ListItem\",\"position\":2,\"name\":\"Webcam\",\"item\":\"https:\\\/\\\/weather-radar-live.com\\\/it\\\/webcam\\\/\"},{\"@type\":\"ListItem\",\"position\":3,\"name\":\"Italia\",\"item\":\"https:\\\/\\\/weather-radar-live.com\\\/it\\\/webcam\\\/italia\\\/\"},{\"@type\":\"ListItem\",\"position\":4,\"name\":\"Webcam Madonna di Campiglio\"}]},{\"@type\":\"WebSite\",\"@id\":\"https:\\\/\\\/weather-radar-live.com\\\/#website\",\"url\":\"https:\\\/\\\/weather-radar-live.com\\\/\",\"name\":\"weather-radar-live.com\",\"description\":\"Your weather and sky radar.\",\"publisher\":{\"@id\":\"https:\\\/\\\/weather-radar-live.com\\\/#organization\"},\"potentialAction\":[{\"@type\":\"SearchAction\",\"target\":{\"@type\":\"EntryPoint\",\"urlTemplate\":\"https:\\\/\\\/weather-radar-live.com\\\/?s={search_term_string}\"},\"query-input\":{\"@type\":\"PropertyValueSpecification\",\"valueRequired\":true,\"valueName\":\"search_term_string\"}}],\"inLanguage\":\"it-IT\"},{\"@type\":\"Organization\",\"@id\":\"https:\\\/\\\/weather-radar-live.com\\\/#organization\",\"name\":\"weather-radar-live.com\",\"url\":\"https:\\\/\\\/weather-radar-live.com\\\/\",\"logo\":{\"@type\":\"ImageObject\",\"inLanguage\":\"it-IT\",\"@id\":\"https:\\\/\\\/weather-radar-live.com\\\/#\\\/schema\\\/logo\\\/image\\\/\",\"url\":\"https:\\\/\\\/weather-radar-live.com\\\/wp-content\\\/uploads\\\/2022\\\/03\\\/cropped-WRL2503.png\",\"contentUrl\":\"https:\\\/\\\/weather-radar-live.com\\\/wp-content\\\/uploads\\\/2022\\\/03\\\/cropped-WRL2503.png\",\"width\":1920,\"height\":555,\"caption\":\"weather-radar-live.com\"},\"image\":{\"@id\":\"https:\\\/\\\/weather-radar-live.com\\\/#\\\/schema\\\/logo\\\/image\\\/\"}}]}<\/script>\n<!-- \/ Yoast SEO plugin. -->","yoast_head_json":{"title":"Webcam Madonna di Campiglio \u2192 Guardate in diretta!","description":"Webcam Madonna di Campiglio | Livecam di Madonna di Campiglio! \u2705 Aggiornata per voi in tempo reale! \u2705 Previsioni meteo attuali!","robots":{"index":"index","follow":"follow","max-snippet":"max-snippet:-1","max-image-preview":"max-image-preview:large","max-video-preview":"max-video-preview:-1"},"canonical":"https:\/\/weather-radar-live.com\/it\/webcam\/italia\/webcam-madonna-di-campiglio\/","og_locale":"it_IT","og_type":"article","og_title":"Webcam Madonna di Campiglio \u2192 Guardate in diretta!","og_description":"Webcam Madonna di Campiglio | Livecam di Madonna di Campiglio! \u2705 Aggiornata per voi in tempo reale! \u2705 Previsioni meteo attuali!","og_url":"https:\/\/weather-radar-live.com\/it\/webcam\/italia\/webcam-madonna-di-campiglio\/","og_site_name":"weather-radar-live.com","article_modified_time":"2022-08-26T21:15:04+00:00","og_image":[{"width":1908,"height":722,"url":"https:\/\/weather-radar-live.com\/wp-content\/uploads\/2022\/08\/Webcam-Madonna-di-Campiglio-e1661500782182.jpg","type":"image\/jpeg"}],"twitter_card":"summary_large_image","twitter_misc":{"Tempo di lettura stimato":"3 minuti"},"schema":{"@context":"https:\/\/schema.org","@graph":[{"@type":"WebPage","@id":"https:\/\/weather-radar-live.com\/it\/webcam\/italia\/webcam-madonna-di-campiglio\/","url":"https:\/\/weather-radar-live.com\/it\/webcam\/italia\/webcam-madonna-di-campiglio\/","name":"Webcam Madonna di Campiglio \u2192 Guardate in diretta!","isPartOf":{"@id":"https:\/\/weather-radar-live.com\/#website"},"primaryImageOfPage":{"@id":"https:\/\/weather-radar-live.com\/it\/webcam\/italia\/webcam-madonna-di-campiglio\/#primaryimage"},"image":{"@id":"https:\/\/weather-radar-live.com\/it\/webcam\/italia\/webcam-madonna-di-campiglio\/#primaryimage"},"thumbnailUrl":"https:\/\/weather-radar-live.com\/wp-content\/uploads\/2022\/08\/Webcam-Madonna-di-Campiglio-e1661500782182.jpg","datePublished":"2022-08-26T21:14:04+00:00","dateModified":"2022-08-26T21:15:04+00:00","description":"Webcam Madonna di Campiglio | Livecam di Madonna di Campiglio! \u2705 Aggiornata per voi in tempo reale! \u2705 Previsioni meteo attuali!","breadcrumb":{"@id":"https:\/\/weather-radar-live.com\/it\/webcam\/italia\/webcam-madonna-di-campiglio\/#breadcrumb"},"inLanguage":"it-IT","potentialAction":[{"@type":"ReadAction","target":["https:\/\/weather-radar-live.com\/it\/webcam\/italia\/webcam-madonna-di-campiglio\/"]}]},{"@type":"ImageObject","inLanguage":"it-IT","@id":"https:\/\/weather-radar-live.com\/it\/webcam\/italia\/webcam-madonna-di-campiglio\/#primaryimage","url":"https:\/\/weather-radar-live.com\/wp-content\/uploads\/2022\/08\/Webcam-Madonna-di-Campiglio-e1661500782182.jpg","contentUrl":"https:\/\/weather-radar-live.com\/wp-content\/uploads\/2022\/08\/Webcam-Madonna-di-Campiglio-e1661500782182.jpg","width":1908,"height":722,"caption":"Webcam Madonna di Campiglio"},{"@type":"BreadcrumbList","@id":"https:\/\/weather-radar-live.com\/it\/webcam\/italia\/webcam-madonna-di-campiglio\/#breadcrumb","itemListElement":[{"@type":"ListItem","position":1,"name":"Weather Radar Live","item":"https:\/\/weather-radar-live.com\/it\/"},{"@type":"ListItem","position":2,"name":"Webcam","item":"https:\/\/weather-radar-live.com\/it\/webcam\/"},{"@type":"ListItem","position":3,"name":"Italia","item":"https:\/\/weather-radar-live.com\/it\/webcam\/italia\/"},{"@type":"ListItem","position":4,"name":"Webcam Madonna di Campiglio"}]},{"@type":"WebSite","@id":"https:\/\/weather-radar-live.com\/#website","url":"https:\/\/weather-radar-live.com\/","name":"weather-radar-live.com","description":"Your weather and sky radar.","publisher":{"@id":"https:\/\/weather-radar-live.com\/#organization"},"potentialAction":[{"@type":"SearchAction","target":{"@type":"EntryPoint","urlTemplate":"https:\/\/weather-radar-live.com\/?s={search_term_string}"},"query-input":{"@type":"PropertyValueSpecification","valueRequired":true,"valueName":"search_term_string"}}],"inLanguage":"it-IT"},{"@type":"Organization","@id":"https:\/\/weather-radar-live.com\/#organization","name":"weather-radar-live.com","url":"https:\/\/weather-radar-live.com\/","logo":{"@type":"ImageObject","inLanguage":"it-IT","@id":"https:\/\/weather-radar-live.com\/#\/schema\/logo\/image\/","url":"https:\/\/weather-radar-live.com\/wp-content\/uploads\/2022\/03\/cropped-WRL2503.png","contentUrl":"https:\/\/weather-radar-live.com\/wp-content\/uploads\/2022\/03\/cropped-WRL2503.png","width":1920,"height":555,"caption":"weather-radar-live.com"},"image":{"@id":"https:\/\/weather-radar-live.com\/#\/schema\/logo\/image\/"}}]}},"_links":{"self":[{"href":"https:\/\/weather-radar-live.com\/it\/wp-json\/wp\/v2\/pages\/7414","targetHints":{"allow":["GET"]}}],"collection":[{"href":"https:\/\/weather-radar-live.com\/it\/wp-json\/wp\/v2\/pages"}],"about":[{"href":"https:\/\/weather-radar-live.com\/it\/wp-json\/wp\/v2\/types\/page"}],"author":[{"embeddable":true,"href":"https:\/\/weather-radar-live.com\/it\/wp-json\/wp\/v2\/users\/1"}],"replies":[{"embeddable":true,"href":"https:\/\/weather-radar-live.com\/it\/wp-json\/wp\/v2\/comments?post=7414"}],"version-history":[{"count":2,"href":"https:\/\/weather-radar-live.com\/it\/wp-json\/wp\/v2\/pages\/7414\/revisions"}],"predecessor-version":[{"id":7432,"href":"https:\/\/weather-radar-live.com\/it\/wp-json\/wp\/v2\/pages\/7414\/revisions\/7432"}],"up":[{"embeddable":true,"href":"https:\/\/weather-radar-live.com\/it\/wp-json\/wp\/v2\/pages\/4310"}],"wp:featuredmedia":[{"embeddable":true,"href":"https:\/\/weather-radar-live.com\/it\/wp-json\/wp\/v2\/media\/7403"}],"wp:attachment":[{"href":"https:\/\/weather-radar-live.com\/it\/wp-json\/wp\/v2\/media?parent=7414"}],"curies":[{"name":"wp","href":"https:\/\/api.w.org\/{rel}","templated":true}]}}