{"id":698,"date":"2021-06-06T17:40:31","date_gmt":"2021-06-06T15:40:31","guid":{"rendered":"https:\/\/weather-radar-live.com\/?page_id=698"},"modified":"2022-07-06T13:13:02","modified_gmt":"2022-07-06T11:13:02","slug":"tempesta","status":"publish","type":"page","link":"https:\/\/weather-radar-live.com\/it\/tempesta\/","title":{"rendered":"Radar di tempesta"},"content":{"rendered":"<div id=\"weath-2215990741\" class=\"weath-vor-dem-inhalt weath-entity-placement\" style=\"margin-top: 15px;margin-right: 25px;margin-bottom: 40px;margin-left: 25px;\"><script async src=\"\/\/pagead2.googlesyndication.com\/pagead\/js\/adsbygoogle.js?client=ca-pub-8960936133935804\" crossorigin=\"anonymous\"><\/script><ins class=\"adsbygoogle\" style=\"display:block;\" data-ad-client=\"ca-pub-8960936133935804\" \ndata-ad-slot=\"6172817020\" \ndata-ad-format=\"auto\"><\/ins>\n<script> \n(adsbygoogle = window.adsbygoogle || []).push({}); \n<\/script>\n<\/div>\n<div class=\"wp-block-cover alignfull is-light\"><span aria-hidden=\"true\" class=\"wp-block-cover__gradient-background has-background-dim\"><\/span><img loading=\"lazy\" decoding=\"async\" width=\"1920\" height=\"460\" class=\"wp-block-cover__image-background wp-image-323\" alt=\"\" src=\"https:\/\/weather-radar-live.com\/wp-content\/uploads\/2021\/06\/raychel-sanner-MnnXMvs4cQo-unsplash-scaled-e1622556126284.jpg\" data-object-fit=\"cover\" srcset=\"https:\/\/weather-radar-live.com\/wp-content\/uploads\/2021\/06\/raychel-sanner-MnnXMvs4cQo-unsplash-scaled-e1622556126284.jpg 1920w, https:\/\/weather-radar-live.com\/wp-content\/uploads\/2021\/06\/raychel-sanner-MnnXMvs4cQo-unsplash-scaled-e1622556126284-300x72.jpg 300w, https:\/\/weather-radar-live.com\/wp-content\/uploads\/2021\/06\/raychel-sanner-MnnXMvs4cQo-unsplash-scaled-e1622556126284-1024x245.jpg 1024w, https:\/\/weather-radar-live.com\/wp-content\/uploads\/2021\/06\/raychel-sanner-MnnXMvs4cQo-unsplash-scaled-e1622556126284-768x184.jpg 768w, https:\/\/weather-radar-live.com\/wp-content\/uploads\/2021\/06\/raychel-sanner-MnnXMvs4cQo-unsplash-scaled-e1622556126284-1536x368.jpg 1536w\" sizes=\"auto, (max-width: 1920px) 100vw, 1920px\" \/><div class=\"wp-block-cover__inner-container is-layout-flow wp-block-cover-is-layout-flow\">\n<h2 class=\"has-text-align-center heading has-base-3-color has-text-color wp-block-heading\" style=\"font-size:40px\"><strong><span class=\"has-inline-color has-white-color\">RADAR<\/span> DI <span style=\"color:#f59800\" class=\"has-inline-color\">TEMPESTA<\/span><\/strong><\/h2>\n<\/div><\/div>\n\n\n<h2 style=\"text-align: center;\"><span style=\"color: #f59800;\"><b>Radar di tempesta &#8211; la sua previsione attuale e <span style=\"color: #f59800;\">affida<\/span>bile per il maltempo<\/b><\/span><\/h2>\n<p><span style=\"font-weight: 400;\">Con il nostro radar per le tempeste, pu\u00f2 vedere rapidamente se deve aspettarsi tempo severo nella sua regione. Non importa se in Italia, USA, Canada o altri paesi europei: Con la nostra previsione di tempesta e la mappa delle tempeste ottiene informazioni sul <strong><span style=\"color: #f59800;\"><a style=\"color: #f59800;\" href=\"https:\/\/weather-radar-live.com\/it\/\" target=\"_blank\" rel=\"noopener noreferrer\">intensit\u00e0 della tempesta<\/a><\/span><\/strong> (misurato da <span style=\"color: #1950fe;\"><strong><a style=\"color: #1950fe;\" href=\"https:\/\/weather-radar-live.com\/it\/radar-pioggia\/\" target=\"_blank\" rel=\"noopener noreferrer\">intensit\u00e0 della pioggia<\/a><\/strong><\/span>), le dimensioni, il numero di eventi che si verificano <span style=\"color: #ffde00;\"><strong><a style=\"color: #ffde00;\" href=\"https:\/\/weather-radar-live.com\/it\/temporali\/\" target=\"_blank\" rel=\"noopener noreferrer\">fulmini<\/a>&nbsp;<\/strong><\/span>e la direzione del fronte del temporale.<\/span><\/p>\n<p><span style=\"font-weight: 400;\">In questo modo pu\u00f2 riconoscere per tempo se sar\u00e0 colpito da un temporale imminente e proteggersi in tempo. Situazioni meteorologiche estreme si verificano sempre pi\u00f9 frequentemente anche nella regione americana. Questi <span style=\"color: #f59800;\"><strong><a style=\"color: #f59800;\" href=\"https:\/\/weather-radar-live.com\/it\/tornado-en-direct\/\" target=\"_blank\" rel=\"noopener noreferrer\">condizioni meteorologiche estreme<\/a><\/strong><\/span> possono essere molto pericolose per lei e per gli altri. Per questo motivo segue ora le attuali previsioni di tempesta:<\/span><\/p><div id=\"weath-3167560053\" class=\"weath-inhalt_2 weath-entity-placement\" style=\"margin-top: 15px;margin-right: 25px;margin-bottom: 35px;margin-left: 25px;\"><script async src=\"\/\/pagead2.googlesyndication.com\/pagead\/js\/adsbygoogle.js?client=ca-pub-8960936133935804\" crossorigin=\"anonymous\"><\/script><ins class=\"adsbygoogle\" style=\"display:block;\" data-ad-client=\"ca-pub-8960936133935804\" \ndata-ad-slot=\"1963584050\" \ndata-ad-format=\"auto\"><\/ins>\n<script> \n(adsbygoogle = window.adsbygoogle || []).push({}); \n<\/script>\n<\/div>\n\n\n<iframe loading=\"lazy\" width=\"1300\" height=\"600\" src=\"https:\/\/embed.windy.com\/embed2.html?lat=42.310&amp;lon=13.491&amp;detailLat=49.516&amp;detailLon=11.000&amp;width=1300&amp;height=600&amp;zoom=6&amp;level=surface&amp;overlay=capAlerts&amp;product=ecmwf&amp;menu=&amp;message=&amp;marker=&amp;calendar=now&amp;pressure=&amp;type=map&amp;location=coordinates&amp;detail=&amp;metricWind=default&amp;metricTemp=default&amp;radarRange=-1\" frameborder=\"0\"><\/iframe>\n\n\n\n<p class=\"has-text-align-center\"><sup>Gli avvisi di tempesta vengono visualizzati in base alla gravit\u00e0 con un colore giallo, arancione o rosso.<\/sup><\/p>\n\n\n<h2 style=\"text-align: center;\"><span style=\"color: #f59800;\"><b>Dove c&#8217;\u00e8 il rischio di maltempo? &#8211; Come leggere il radar di tempesta:<\/b><\/span><\/h2>\n<p style=\"text-align: left;\"><span style=\"font-weight: 400;\"><img loading=\"lazy\" decoding=\"async\" class=\"alignright wp-image-78\" src=\"https:\/\/weather-radar-live.com\/wp-content\/uploads\/2021\/02\/Storm-radar-explanation-300x213.png\" alt=\"Tempesta-radar-spiegazione\" width=\"175\" height=\"124\" srcset=\"https:\/\/weather-radar-live.com\/wp-content\/uploads\/2021\/02\/Storm-radar-explanation-300x213.png 300w, https:\/\/weather-radar-live.com\/wp-content\/uploads\/2021\/02\/Storm-radar-explanation.png 600w\" sizes=\"auto, (max-width: 175px) 100vw, 175px\" \/>L&#8217;intensit\u00e0 della <a href=\"https:\/\/www.provincia.bz.it\/sicurezza-protezione-civile\/protezione-civile\/tempeste.asp\" target=\"_blank\" rel=\"noopener\"><strong>tempesta<\/strong><\/a> viene mostrata sulla mappa con colori diversi in base agli attuali avvisi di maltempo. Sulla nostra mappa dei temporali, le attuali aree di maltempo sono codificate a colori. Lo spettro di colori va dal giallo (avviso di maltempo debole o avviso di maltempo avanzato) al rosso scuro (maltempo molto forte). Pertanto, occorre prestare attenzione nelle aree rosso scuro. Se non vede alcuna colorazione sulla mappa, normalmente non deve aspettarsi tempo severo.<\/span><\/p>\n<p style=\"text-align: left;\"><span style=\"font-weight: 400;\"><span style=\"font-size: inherit; background-color: initial;\"><img loading=\"lazy\" decoding=\"async\" class=\"alignleft wp-image-139\" src=\"https:\/\/da-oben.de\/wp-content\/uploads\/2019\/08\/cursor-e1567148434800.png\" alt=\"radar-tempesta-cursore\" width=\"80\" height=\"80\"><\/span><\/span><\/p>\n<p style=\"text-align: left;\"><span style=\"font-weight: 400;\"><span style=\"font-size: inherit; background-color: initial;\">Clicchi sul simbolo del cursore sulla mappa per tracciare il corso temporale della tempesta nel radar delle tempeste. In questo modo pu\u00f2 vedere esattamente come la tempesta si \u00e8 <\/span><span style=\"font-size: inherit; background-color: initial;\">spostata nelle ultime ore e se si trova nella direzione del percorso della tempesta.<\/span><\/span><\/p>\n<p><\/p>\n<h2 style=\"text-align: center;\"><span style=\"color: #f59800;\"><b>Tempesta stanotte? &#8211; D&#8217;ora in poi dorma tranquillo!<\/b><\/span><\/h2>\n<p><span style=\"font-weight: 400;\">Sicuramente ha gi\u00e0 vissuto una situazione simile: Va a dormire la sera e la mattina dopo stenta a credere ai suoi occhi. Una tempesta si \u00e8 scatenata durante la notte e ha lasciato la sua scia di devastazione nel suo giardino o sul suo balcone. A causa del suo sonno profondo, per\u00f2, non ha notato nulla di tutto ci\u00f2. Grazie al nostro sito web, tali spiacevoli sorprese non sono pi\u00f9 un problema.<\/span><\/p>\n<div id=\"weath-744224315\" style=\"margin-top: 15px;margin-right: auto;margin-bottom: 35px;margin-left: auto;text-align: center;\"><script async src=\"\/\/pagead2.googlesyndication.com\/pagead\/js\/adsbygoogle.js?client=ca-pub-8960936133935804\" crossorigin=\"anonymous\"><\/script><ins class=\"adsbygoogle\" style=\"display:block;\" data-ad-client=\"ca-pub-8960936133935804\" \ndata-ad-slot=\"1963584050\" \ndata-ad-format=\"auto\"><\/ins>\n<script> \n(adsbygoogle = window.adsbygoogle || []).push({}); \n<\/script>\n<\/div>\n<h2 style=\"text-align: center;\"><span style=\"color: #f59800;\"><b>Dove sono minacciati i temporali? &#8211; Come leggere il radar di tempesta e interpretare le previsioni dei temporali:<\/b><\/span><\/h2>\n<p><span style=\"font-weight: 400;\">Il radar delle tempeste la informa di imminente maltempo nella sua zona fino a 48 ore in anticipo. Questi avvertimenti (marcati in giallo) segnalano un aumento del rischio di maltempo, tuttavia l&#8217;intensit\u00e0 e la diffusione dei temporali non sono ancora esattamente prevedibili. Solo quando un&#8217;area diventa arancione, rossa o viola (viola) c&#8217;\u00e8 un rischio acuto di maltempo. In questo caso \u00e8 necessario agire: trovi immediatamente un riparo sicuro e porti al sicuro le sue cose che sono all&#8217;esterno. In questo modo, d&#8217;ora in poi, non sar\u00e0 pi\u00f9 sorpreso da un temporale di notte.<\/span><\/p>\n<p><span style=\"font-weight: 400;\">A proposito: Se vuole una visione dettagliata delle diverse regioni, basta cliccare sulle mappe del centro di meteorologia severa. Verr\u00e0 quindi immediatamente reindirizzato alla homepage del centro meteorologico severo. Per le previsioni sulla <span style=\"color: #000000;\">copertura nuvolosa e le precipitazioni<\/span>, usi semplicemente i nostri <span style=\"color: #919191;\"><strong>mappa della copertura nuvolosa<\/strong><\/span> e <span style=\"color: #1950fe;\"><strong><a style=\"color: #1950fe;\" href=\"https:\/\/weather-radar-live.com\/it\/radar-pioggia\/\">radar della pioggia<\/a><\/strong><\/span>.<\/span><\/p>\n<div id=\"weath-1545790062\" style=\"margin-top: 15px;margin-right: auto;margin-bottom: 40px;margin-left: auto;text-align: center;\"><script async src=\"\/\/pagead2.googlesyndication.com\/pagead\/js\/adsbygoogle.js?client=ca-pub-8960936133935804\" crossorigin=\"anonymous\"><\/script><ins class=\"adsbygoogle\" style=\"display:block;\" data-ad-client=\"ca-pub-8960936133935804\" \ndata-ad-slot=\"6172817020\" \ndata-ad-format=\"auto\"><\/ins>\n<script> \n(adsbygoogle = window.adsbygoogle || []).push({}); \n<\/script>\n<\/div>\n<h2 style=\"text-align: center;\"><span style=\"color: #f59800;\"><b>Radar delle tempeste &#8211; Non solo il cattivo tempo pu\u00f2 essere pericoloso!<\/b><\/span><\/h2>\n\n\n<p>Oltre ad una tempesta, un vento forte o un basso temporale senza precipitazioni annunciate possono diventare rapidamente un pericolo per lei e per chi la circonda. Per essere preparato ad una tempesta imminente fin da ora, le offriamo una panoramica delle attuali forze e direzioni del vento con il nostro radar per tempeste.<\/p>\n\n\n\n<iframe loading=\"lazy\" width=\"1300\" height=\"600\" src=\"https:\/\/embed.windy.com\/embed2.html?lat=42.310&amp;lon=13.491&amp;detailLat=49.516&amp;detailLon=11.000&amp;width=1300&amp;height=600&amp;zoom=6&amp;level=surface&amp;overlay=wind&amp;product=ecmwf&amp;menu=&amp;message=true&amp;marker=&amp;calendar=now&amp;pressure=&amp;type=map&amp;location=coordinates&amp;detail=&amp;metricWind=default&amp;metricTemp=default&amp;radarRange=-1\" frameborder=\"0\"><\/iframe>\n\n\n<h2>&nbsp;<\/h2>\n<h2 style=\"text-align: center;\"><span style=\"color: #f59800;\"><b>Dove ci sar\u00e0 vento? &#8211; Ecco come si legge il radar per tempeste:<\/b><\/span><\/h2>\n<p><span style=\"font-weight: 400;\">La mappa delle tempeste mostra la forza del <strong><a href=\"https:\/\/www.meteo.it\/wikimeteo\/glossario\/166\/vento\" target=\"_blank\" rel=\"noopener\">vento<\/a><\/strong> in km\/h e la direzione del vento utilizzando linee di sformo bianche dinamiche. La lunghezza e la velocit\u00e0 di queste linee di sformo indicano la forza del vento. Pu\u00f2 anche leggere la forza del vento usando la colorazione della mappa: Mentre le aree colorate in blu-verde coprono velocit\u00e0 fino a 35 km\/h, le aree colorate in rosso-viola indicano <a href=\"https:\/\/weather-radar-live.com\/it\/tornado-en-direct\/\"><strong><span style=\"color: #f59800;\">alte velocit\u00e0 del vento<\/span><\/strong><\/a> 40 km\/h e oltre. In questo modo il nostro radar per tempeste le d\u00e0 una panoramica delle velocit\u00e0 attuali del vento in diverse regioni in qualsiasi momento.<\/span><\/p>","protected":false},"excerpt":{"rendered":"<p>Radar di tempesta &#8211; la sua previsione attuale e affidabile per il maltempo Con il nostro radar per le tempeste, pu\u00f2 vedere rapidamente se deve aspettarsi tempo severo nella sua regione. Non importa se in Italia, USA, Canada o altri paesi europei: Con la nostra previsione di tempesta e la mappa delle tempeste ottiene informazioni &#8230; <a title=\"Radar di tempesta\" class=\"read-more\" href=\"https:\/\/weather-radar-live.com\/it\/tempesta\/\" aria-label=\"Per saperne di pi\u00f9 su Radar di tempesta\">Leggi tutto<\/a><\/p>\n","protected":false},"author":1,"featured_media":2755,"parent":0,"menu_order":0,"comment_status":"closed","ping_status":"closed","template":"","meta":{"footnotes":""},"class_list":["post-698","page","type-page","status-publish","has-post-thumbnail"],"yoast_head":"<!-- This site is optimized with the Yoast SEO plugin v27.5 - https:\/\/yoast.com\/product\/yoast-seo-wordpress\/ -->\n<title>Radar di tempesta LIVE: \u26a1 Dove sono le tempeste?<\/title>\n<meta name=\"description\" content=\"Radar di tempesta e previsioni di tempesta LIVE: scopri se sei colpito da una tempesta \u2714\ufe0f mappa delle tempeste in corso! \u26a1\" \/>\n<meta name=\"robots\" content=\"index, follow, max-snippet:-1, max-image-preview:large, max-video-preview:-1\" \/>\n<link rel=\"canonical\" href=\"https:\/\/weather-radar-live.com\/it\/tempesta\/\" \/>\n<meta property=\"og:locale\" content=\"it_IT\" \/>\n<meta property=\"og:type\" content=\"article\" \/>\n<meta property=\"og:title\" content=\"Radar di tempesta LIVE: \u26a1 Dove sono le tempeste?\" \/>\n<meta property=\"og:description\" content=\"Radar di tempesta e previsioni di tempesta LIVE: scopri se sei colpito da una tempesta \u2714\ufe0f mappa delle tempeste in corso! \u26a1\" \/>\n<meta property=\"og:url\" content=\"https:\/\/weather-radar-live.com\/it\/tempesta\/\" \/>\n<meta property=\"og:site_name\" content=\"weather-radar-live.com\" \/>\n<meta property=\"article:modified_time\" content=\"2022-07-06T11:13:02+00:00\" \/>\n<meta property=\"og:image\" content=\"https:\/\/weather-radar-live.com\/wp-content\/uploads\/2021\/02\/Storm-radar.jpg\" \/>\n\t<meta property=\"og:image:width\" content=\"1897\" \/>\n\t<meta property=\"og:image:height\" content=\"458\" \/>\n\t<meta property=\"og:image:type\" content=\"image\/jpeg\" \/>\n<meta name=\"twitter:card\" content=\"summary_large_image\" \/>\n<meta name=\"twitter:label1\" content=\"Tempo di lettura stimato\" \/>\n\t<meta name=\"twitter:data1\" content=\"4 minuti\" \/>\n<script type=\"application\/ld+json\" class=\"yoast-schema-graph\">{\"@context\":\"https:\\\/\\\/schema.org\",\"@graph\":[{\"@type\":\"WebPage\",\"@id\":\"https:\\\/\\\/weather-radar-live.com\\\/it\\\/tempesta\\\/\",\"url\":\"https:\\\/\\\/weather-radar-live.com\\\/it\\\/tempesta\\\/\",\"name\":\"Radar di tempesta LIVE: \u26a1 Dove sono le tempeste?\",\"isPartOf\":{\"@id\":\"https:\\\/\\\/weather-radar-live.com\\\/#website\"},\"primaryImageOfPage\":{\"@id\":\"https:\\\/\\\/weather-radar-live.com\\\/it\\\/tempesta\\\/#primaryimage\"},\"image\":{\"@id\":\"https:\\\/\\\/weather-radar-live.com\\\/it\\\/tempesta\\\/#primaryimage\"},\"thumbnailUrl\":\"https:\\\/\\\/weather-radar-live.com\\\/wp-content\\\/uploads\\\/2021\\\/02\\\/Storm-radar.jpg\",\"datePublished\":\"2021-06-06T15:40:31+00:00\",\"dateModified\":\"2022-07-06T11:13:02+00:00\",\"description\":\"Radar di tempesta e previsioni di tempesta LIVE: scopri se sei colpito da una tempesta \u2714\ufe0f mappa delle tempeste in corso! \u26a1\",\"breadcrumb\":{\"@id\":\"https:\\\/\\\/weather-radar-live.com\\\/it\\\/tempesta\\\/#breadcrumb\"},\"inLanguage\":\"it-IT\",\"potentialAction\":[{\"@type\":\"ReadAction\",\"target\":[\"https:\\\/\\\/weather-radar-live.com\\\/it\\\/tempesta\\\/\"]}]},{\"@type\":\"ImageObject\",\"inLanguage\":\"it-IT\",\"@id\":\"https:\\\/\\\/weather-radar-live.com\\\/it\\\/tempesta\\\/#primaryimage\",\"url\":\"https:\\\/\\\/weather-radar-live.com\\\/wp-content\\\/uploads\\\/2021\\\/02\\\/Storm-radar.jpg\",\"contentUrl\":\"https:\\\/\\\/weather-radar-live.com\\\/wp-content\\\/uploads\\\/2021\\\/02\\\/Storm-radar.jpg\",\"width\":1897,\"height\":458},{\"@type\":\"BreadcrumbList\",\"@id\":\"https:\\\/\\\/weather-radar-live.com\\\/it\\\/tempesta\\\/#breadcrumb\",\"itemListElement\":[{\"@type\":\"ListItem\",\"position\":1,\"name\":\"Weather Radar Live\",\"item\":\"https:\\\/\\\/weather-radar-live.com\\\/it\\\/\"},{\"@type\":\"ListItem\",\"position\":2,\"name\":\"Radar di tempesta\"}]},{\"@type\":\"WebSite\",\"@id\":\"https:\\\/\\\/weather-radar-live.com\\\/#website\",\"url\":\"https:\\\/\\\/weather-radar-live.com\\\/\",\"name\":\"weather-radar-live.com\",\"description\":\"Your weather and sky radar.\",\"publisher\":{\"@id\":\"https:\\\/\\\/weather-radar-live.com\\\/#organization\"},\"potentialAction\":[{\"@type\":\"SearchAction\",\"target\":{\"@type\":\"EntryPoint\",\"urlTemplate\":\"https:\\\/\\\/weather-radar-live.com\\\/?s={search_term_string}\"},\"query-input\":{\"@type\":\"PropertyValueSpecification\",\"valueRequired\":true,\"valueName\":\"search_term_string\"}}],\"inLanguage\":\"it-IT\"},{\"@type\":\"Organization\",\"@id\":\"https:\\\/\\\/weather-radar-live.com\\\/#organization\",\"name\":\"weather-radar-live.com\",\"url\":\"https:\\\/\\\/weather-radar-live.com\\\/\",\"logo\":{\"@type\":\"ImageObject\",\"inLanguage\":\"it-IT\",\"@id\":\"https:\\\/\\\/weather-radar-live.com\\\/#\\\/schema\\\/logo\\\/image\\\/\",\"url\":\"https:\\\/\\\/weather-radar-live.com\\\/wp-content\\\/uploads\\\/2022\\\/03\\\/cropped-WRL2503.png\",\"contentUrl\":\"https:\\\/\\\/weather-radar-live.com\\\/wp-content\\\/uploads\\\/2022\\\/03\\\/cropped-WRL2503.png\",\"width\":1920,\"height\":555,\"caption\":\"weather-radar-live.com\"},\"image\":{\"@id\":\"https:\\\/\\\/weather-radar-live.com\\\/#\\\/schema\\\/logo\\\/image\\\/\"}}]}<\/script>\n<!-- \/ Yoast SEO plugin. -->","yoast_head_json":{"title":"Radar di tempesta LIVE: \u26a1 Dove sono le tempeste?","description":"Radar di tempesta e previsioni di tempesta LIVE: scopri se sei colpito da una tempesta \u2714\ufe0f mappa delle tempeste in corso! \u26a1","robots":{"index":"index","follow":"follow","max-snippet":"max-snippet:-1","max-image-preview":"max-image-preview:large","max-video-preview":"max-video-preview:-1"},"canonical":"https:\/\/weather-radar-live.com\/it\/tempesta\/","og_locale":"it_IT","og_type":"article","og_title":"Radar di tempesta LIVE: \u26a1 Dove sono le tempeste?","og_description":"Radar di tempesta e previsioni di tempesta LIVE: scopri se sei colpito da una tempesta \u2714\ufe0f mappa delle tempeste in corso! \u26a1","og_url":"https:\/\/weather-radar-live.com\/it\/tempesta\/","og_site_name":"weather-radar-live.com","article_modified_time":"2022-07-06T11:13:02+00:00","og_image":[{"width":1897,"height":458,"url":"https:\/\/weather-radar-live.com\/wp-content\/uploads\/2021\/02\/Storm-radar.jpg","type":"image\/jpeg"}],"twitter_card":"summary_large_image","twitter_misc":{"Tempo di lettura stimato":"4 minuti"},"schema":{"@context":"https:\/\/schema.org","@graph":[{"@type":"WebPage","@id":"https:\/\/weather-radar-live.com\/it\/tempesta\/","url":"https:\/\/weather-radar-live.com\/it\/tempesta\/","name":"Radar di tempesta LIVE: \u26a1 Dove sono le tempeste?","isPartOf":{"@id":"https:\/\/weather-radar-live.com\/#website"},"primaryImageOfPage":{"@id":"https:\/\/weather-radar-live.com\/it\/tempesta\/#primaryimage"},"image":{"@id":"https:\/\/weather-radar-live.com\/it\/tempesta\/#primaryimage"},"thumbnailUrl":"https:\/\/weather-radar-live.com\/wp-content\/uploads\/2021\/02\/Storm-radar.jpg","datePublished":"2021-06-06T15:40:31+00:00","dateModified":"2022-07-06T11:13:02+00:00","description":"Radar di tempesta e previsioni di tempesta LIVE: scopri se sei colpito da una tempesta \u2714\ufe0f mappa delle tempeste in corso! \u26a1","breadcrumb":{"@id":"https:\/\/weather-radar-live.com\/it\/tempesta\/#breadcrumb"},"inLanguage":"it-IT","potentialAction":[{"@type":"ReadAction","target":["https:\/\/weather-radar-live.com\/it\/tempesta\/"]}]},{"@type":"ImageObject","inLanguage":"it-IT","@id":"https:\/\/weather-radar-live.com\/it\/tempesta\/#primaryimage","url":"https:\/\/weather-radar-live.com\/wp-content\/uploads\/2021\/02\/Storm-radar.jpg","contentUrl":"https:\/\/weather-radar-live.com\/wp-content\/uploads\/2021\/02\/Storm-radar.jpg","width":1897,"height":458},{"@type":"BreadcrumbList","@id":"https:\/\/weather-radar-live.com\/it\/tempesta\/#breadcrumb","itemListElement":[{"@type":"ListItem","position":1,"name":"Weather Radar Live","item":"https:\/\/weather-radar-live.com\/it\/"},{"@type":"ListItem","position":2,"name":"Radar di tempesta"}]},{"@type":"WebSite","@id":"https:\/\/weather-radar-live.com\/#website","url":"https:\/\/weather-radar-live.com\/","name":"weather-radar-live.com","description":"Your weather and sky radar.","publisher":{"@id":"https:\/\/weather-radar-live.com\/#organization"},"potentialAction":[{"@type":"SearchAction","target":{"@type":"EntryPoint","urlTemplate":"https:\/\/weather-radar-live.com\/?s={search_term_string}"},"query-input":{"@type":"PropertyValueSpecification","valueRequired":true,"valueName":"search_term_string"}}],"inLanguage":"it-IT"},{"@type":"Organization","@id":"https:\/\/weather-radar-live.com\/#organization","name":"weather-radar-live.com","url":"https:\/\/weather-radar-live.com\/","logo":{"@type":"ImageObject","inLanguage":"it-IT","@id":"https:\/\/weather-radar-live.com\/#\/schema\/logo\/image\/","url":"https:\/\/weather-radar-live.com\/wp-content\/uploads\/2022\/03\/cropped-WRL2503.png","contentUrl":"https:\/\/weather-radar-live.com\/wp-content\/uploads\/2022\/03\/cropped-WRL2503.png","width":1920,"height":555,"caption":"weather-radar-live.com"},"image":{"@id":"https:\/\/weather-radar-live.com\/#\/schema\/logo\/image\/"}}]}},"_links":{"self":[{"href":"https:\/\/weather-radar-live.com\/it\/wp-json\/wp\/v2\/pages\/698","targetHints":{"allow":["GET"]}}],"collection":[{"href":"https:\/\/weather-radar-live.com\/it\/wp-json\/wp\/v2\/pages"}],"about":[{"href":"https:\/\/weather-radar-live.com\/it\/wp-json\/wp\/v2\/types\/page"}],"author":[{"embeddable":true,"href":"https:\/\/weather-radar-live.com\/it\/wp-json\/wp\/v2\/users\/1"}],"replies":[{"embeddable":true,"href":"https:\/\/weather-radar-live.com\/it\/wp-json\/wp\/v2\/comments?post=698"}],"version-history":[{"count":10,"href":"https:\/\/weather-radar-live.com\/it\/wp-json\/wp\/v2\/pages\/698\/revisions"}],"predecessor-version":[{"id":4150,"href":"https:\/\/weather-radar-live.com\/it\/wp-json\/wp\/v2\/pages\/698\/revisions\/4150"}],"wp:featuredmedia":[{"embeddable":true,"href":"https:\/\/weather-radar-live.com\/it\/wp-json\/wp\/v2\/media\/2755"}],"wp:attachment":[{"href":"https:\/\/weather-radar-live.com\/it\/wp-json\/wp\/v2\/media?parent=698"}],"curies":[{"name":"wp","href":"https:\/\/api.w.org\/{rel}","templated":true}]}}